{"id":2495,"date":"2023-12-27T19:09:40","date_gmt":"2023-12-27T19:09:40","guid":{"rendered":"https:\/\/aviator-crash.org\/spill-som-aviator-for-penger\/"},"modified":"2024-02-02T17:55:05","modified_gmt":"2024-02-02T17:55:05","slug":"spill-som-aviator-for-penger","status":"publish","type":"page","link":"https:\/\/aviator-crash.org\/no\/spill-som-aviator-for-penger\/","title":{"rendered":"Spill som Aviator for penger"},"content":{"rendered":"\n<p>Aviator er et unikt spill, et av de f\u00f8rste videospillene for penger i krasjsjangeren, hvis utseende for\u00e5rsaket en sensasjon i online gambling.\nDet er dynamisk, spennende, med korte runder, som er nok til \u00e5 gi et kraftig adrenalinkick og levende f\u00f8lelser.\nMen en sofistikert spiller er alltid fascinert av variasjon, s\u00e5 i dag har ettersp\u00f8rselen etter analoger av spillet Aviator \u00f8kt raskt.\nFor \u00e5 forst\u00e5 dette har de ledende utviklerne lagt vekt p\u00e5 \u00e5 presentere lignende produkter med bruk av nyskapende gameplay.   <\/p>\n\n<h2 class=\"wp-block-heading\">Lucky Jet er en analog til Aviator-spillet.<\/h2>\n\n<p>Lucky Jet er et stadig mer popul\u00e6rt Aviator-lignende pengespill, presentert av 1win online casino og h\u00f8rer til de fargerike.\nDet er laget som et lignende spill som Aviator, men i stedet for et fly er det Lucky Joe og ryggsekken hans du m\u00e5 holde \u00f8ye med.\nInnsatsen plasseres ogs\u00e5 f\u00f8r runden starter, og deretter aktiveres en multiplikator, og du m\u00e5 klare \u00e5 samle inn gevinstene dine f\u00f8r Joe flyr av g\u00e5rde.  <\/p>\n\n<p>Oddsen i Lucky Jet er forskjellig.\nDu kan ta innsatsen multiplisert med 3, eller du kan vente p\u00e5 en \u00f8kning p\u00e5 50, 100 og til og med 200 ganger.\nSom statistikken viser, er det vanlig med h\u00f8ye odds.\nMen det er opp til spilleren selv \u00e5 avgj\u00f8re hvor mye t\u00e5lmodighet han har, og om han klarer \u00e5 forutsi rundens varighet.   <\/p>\n\n<h2 class=\"wp-block-heading\">Jet X er et annet spill av Aviator-typen<\/h2>\n\n<p>Det neste spillet som i likhet med Aviator aktivt vinner popularitet er Jet X, presentert av Smartsoft Gaming.\nDet er et flerspillerspill, som i hovedsak ligner p\u00e5 Aviator, fordi.\nder du ogs\u00e5 m\u00e5 f\u00f8lge flyet som vinner h\u00f8yde.\nForskjellen er at startpunktet spores, dvs..\njo h\u00f8yere det er, jo mer vil spilleren vinne ved \u00e5 \u00f8ke oddsen.\nMen hvis spilleren ikke klarer \u00e5 ta ut pengene f\u00f8r flyet flyr bort, vil han tape og miste alt.     <\/p>\n\n<p>Spillet er spennende, gleder balansen mellom adrenalin og spenning, samt spesielle &laquo;chips&raquo;.\nFor eksempel: <\/p>\n\n<ul>\n<li>Det er en bonusfunksjon som inneb\u00e6rer trekning av en jackpot.<\/li>\n\n\n\n<li>Det er satt en minimumsutbetaling med odds 1,1.<\/li>\n\n\n\n<li>Multiplikatoren fungerer opp til pluss uendelig.<\/li>\n<\/ul>\n\n<h2 class=\"wp-block-heading\">Rocket X.<\/h2>\n\n<p>Rocket X er ogs\u00e5 en variant av det Aviator-lignende spillet som presenteres av Slotegrator.\nDet tiltrekker seg et raskt grafisk grensesnitt, unik funksjonalitet, muligheten til \u00e5 gi spilleren mange lyse f\u00f8lelser.\nHandlingen i spillet er bygget p\u00e5 starten av raketten, som pr\u00f8ver \u00e5 holde p\u00e5 en ung mann.\nI l\u00f8pet av hver runde fungerer multiplikatorspill, slik at du kan f\u00e5 bel\u00f8pet multiplisert med 100 og enda mer.   <\/p>\n\n<p>Det finnes innstillinger i dette spillet:<\/p>\n\n<ul>\n<li>Autostraddle.<\/li>\n\n\n\n<li>Autopinions.<\/li>\n<\/ul>\n\n<p>B\u00e5de moderate og aggressive strategier kan brukes.\nSamtidig er det ingen enkelt garantert vinnende strategi, alt er basert p\u00e5 det tilfeldige systemet, dvs.\nLykken vil avgj\u00f8re alt.  <\/p>\n\n<h2 class=\"wp-block-heading\">Space XY.<\/h2>\n\n<p>Space XY er ogs\u00e5 et flott alternativ for de som er interessert i et lignende pengespill som Aviator.\nI den m\u00e5 spillerne ikke starte et fly, men en rakett.\nGrensesnittet er behersket, lakonisk.\nSpill gj\u00f8res p\u00e5 neste runde, der spilleren m\u00e5 se p\u00e5 rakettens flytur.\nImidlertid kan den plutselig forsvinne fra radaren, g\u00e5 ut av kurs og eksplodere, og n\u00e5r dette skjer &#8211; innsatsen er tapt.\nSpillerens oppgave er \u00e5 &laquo;hoppe&raquo; av raketten i tide, dvs..\nsom i andre lignende spill, ta pengene f\u00f8r den eksploderer.      <\/p>\n\n<h2 class=\"wp-block-heading\">Kontanter eller krasj.<\/h2>\n\n<p>Cash or Crash, selv om det er en analog til Aviator, skiller seg ut ved at det er et helt gameshow og er et live-spill, som er supplert med virkeligheten.\nHandlingen utvikler seg inne i det virtuelle luftskipet, der det er en stige med 20 trinn.\nVed \u00e5 bevege seg p\u00e5 stigen kan man heve luftskipet og flytte det lenger og lenger bort fra jorden.\nN\u00e5r du klatrer opp stigen, lyser gr\u00f8nne baller opp, hver og en f\u00f8rer til seier og \u00f8ker gevinsten, men s\u00e5 snart den r\u00f8de lyser opp &#8211; spilleren krasjer og mister alt.   <\/p>\n\n<p>Funksjoner:<\/p>\n\n<ul>\n<li>Det er mulig \u00e5 \u00f8ke innsatsen opptil 50 000 ganger.<\/li>\n\n\n\n<li>Det finnes ogs\u00e5 en gullkule som gir ekstra liv.<\/li>\n<\/ul>\n\n<h2 class=\"wp-block-heading\">\u00c5 trekke konklusjoner<\/h2>\n\n<p>Aviator og lignende spill er en flott mulighet til \u00e5 slappe av, hvile, bli kvitt dagens akkumulerte negativitet.\nSamtidig forf\u00f8lger hver spiller sin egen mening: <\/p>\n\n<ul>\n<li>Ha det g\u00f8y og tilfredsstill spenningen.<\/li>\n\n\n\n<li>Tjen penger.<\/li>\n<\/ul>\n\n<p>Hvilket Aviator-spill for penger du skal velge og med hvilket form\u00e5l du skal spille &#8211; det er opp til deg, det viktigste er \u00e5 kunne kontrollere deg selv og holde deg til den valgte strategien.\nEt stort utvalg av spilleautomater er en flott mulighet til \u00e5 diversifisere fritiden til selv den mest sofistikerte spilleren. <\/p>\n","protected":false},"excerpt":{"rendered":"<p>Aviator er et unikt spill, et av de f\u00f8rste videospillene for penger i krasjsjangeren, hvis utseende for\u00e5rsaket en sensasjon i online gambling. Det er dynamisk, spennende, med korte runder, som er nok til \u00e5 gi et kraftig adrenalinkick og levende f\u00f8lelser. Men en sofistikert spiller er alltid fascinert av variasjon, s\u00e5 i dag har ettersp\u00f8rselen [&hellip;]<\/p>\n","protected":false},"author":2,"featured_media":0,"parent":0,"menu_order":0,"comment_status":"closed","ping_status":"closed","template":"","meta":{"footnotes":""},"yoast_head":"<!-- This site is optimized with the Yoast SEO plugin v21.7 - https:\/\/yoast.com\/wordpress\/plugins\/seo\/ -->\n<title>Lignende pengespill som Aviator (lignende spill og Aviator-analoger)<\/title>\n<meta name=\"description\" content=\"Gjennomgang av krasjspill som den ber\u00f8mte &quot;Aviator&quot; for penger. Ta en titt p\u00e5 de beste variantene og velg den som vil gi deg nye f\u00f8lelser og spenning, og hvis formuen er gunstig, s\u00e5 en solid gevinst!\" \/>\n<meta name=\"robots\" content=\"index, follow, max-snippet:-1, max-image-preview:large, max-video-preview:-1\" \/>\n<link rel=\"canonical\" href=\"https:\/\/aviator-crash.org\/no\/spill-som-aviator-for-penger\/\" \/>\n<meta property=\"og:locale\" content=\"nb_NO\" \/>\n<meta property=\"og:type\" content=\"article\" \/>\n<meta property=\"og:title\" content=\"Lignende pengespill som Aviator (lignende spill og Aviator-analoger)\" \/>\n<meta property=\"og:description\" content=\"Gjennomgang av krasjspill som den ber\u00f8mte &quot;Aviator&quot; for penger. Ta en titt p\u00e5 de beste variantene og velg den som vil gi deg nye f\u00f8lelser og spenning, og hvis formuen er gunstig, s\u00e5 en solid gevinst!\" \/>\n<meta property=\"og:url\" content=\"https:\/\/aviator-crash.org\/no\/spill-som-aviator-for-penger\/\" \/>\n<meta property=\"article:modified_time\" content=\"2024-02-02T17:55:05+00:00\" \/>\n<meta name=\"twitter:card\" content=\"summary_large_image\" \/>\n<meta name=\"twitter:label1\" content=\"Est. reading time\" \/>\n\t<meta name=\"twitter:data1\" content=\"4 minutter\" \/>\n<script type=\"application\/ld+json\" class=\"yoast-schema-graph\">{\"@context\":\"https:\/\/schema.org\",\"@graph\":[{\"@type\":\"WebPage\",\"@id\":\"https:\/\/aviator-crash.org\/no\/spill-som-aviator-for-penger\/\",\"url\":\"https:\/\/aviator-crash.org\/no\/spill-som-aviator-for-penger\/\",\"name\":\"Lignende pengespill som Aviator (lignende spill og Aviator-analoger)\",\"isPartOf\":{\"@id\":\"https:\/\/aviator-crash.org\/no\/#website\"},\"datePublished\":\"2023-12-27T19:09:40+00:00\",\"dateModified\":\"2024-02-02T17:55:05+00:00\",\"description\":\"Gjennomgang av krasjspill som den ber\u00f8mte \\\"Aviator\\\" for penger. Ta en titt p\u00e5 de beste variantene og velg den som vil gi deg nye f\u00f8lelser og spenning, og hvis formuen er gunstig, s\u00e5 en solid gevinst!\",\"breadcrumb\":{\"@id\":\"https:\/\/aviator-crash.org\/no\/spill-som-aviator-for-penger\/#breadcrumb\"},\"inLanguage\":\"nb-NO\",\"potentialAction\":[{\"@type\":\"ReadAction\",\"target\":[\"https:\/\/aviator-crash.org\/no\/spill-som-aviator-for-penger\/\"]}]},{\"@type\":\"BreadcrumbList\",\"@id\":\"https:\/\/aviator-crash.org\/no\/spill-som-aviator-for-penger\/#breadcrumb\",\"itemListElement\":[{\"@type\":\"ListItem\",\"position\":1,\"name\":\"Home\",\"item\":\"https:\/\/aviator-crash.org\/no\/aviator-spill-online-for-ekte-penger\/\"},{\"@type\":\"ListItem\",\"position\":2,\"name\":\"Spill som Aviator for penger\"}]},{\"@type\":\"WebSite\",\"@id\":\"https:\/\/aviator-crash.org\/no\/#website\",\"url\":\"https:\/\/aviator-crash.org\/no\/\",\"name\":\"\",\"description\":\"\",\"potentialAction\":[{\"@type\":\"SearchAction\",\"target\":{\"@type\":\"EntryPoint\",\"urlTemplate\":\"https:\/\/aviator-crash.org\/no\/?s={search_term_string}\"},\"query-input\":\"required name=search_term_string\"}],\"inLanguage\":\"nb-NO\"}]}<\/script>\n<!-- \/ Yoast SEO plugin. -->","yoast_head_json":{"title":"Lignende pengespill som Aviator (lignende spill og Aviator-analoger)","description":"Gjennomgang av krasjspill som den ber\u00f8mte \"Aviator\" for penger. Ta en titt p\u00e5 de beste variantene og velg den som vil gi deg nye f\u00f8lelser og spenning, og hvis formuen er gunstig, s\u00e5 en solid gevinst!","robots":{"index":"index","follow":"follow","max-snippet":"max-snippet:-1","max-image-preview":"max-image-preview:large","max-video-preview":"max-video-preview:-1"},"canonical":"https:\/\/aviator-crash.org\/no\/spill-som-aviator-for-penger\/","og_locale":"nb_NO","og_type":"article","og_title":"Lignende pengespill som Aviator (lignende spill og Aviator-analoger)","og_description":"Gjennomgang av krasjspill som den ber\u00f8mte \"Aviator\" for penger. Ta en titt p\u00e5 de beste variantene og velg den som vil gi deg nye f\u00f8lelser og spenning, og hvis formuen er gunstig, s\u00e5 en solid gevinst!","og_url":"https:\/\/aviator-crash.org\/no\/spill-som-aviator-for-penger\/","article_modified_time":"2024-02-02T17:55:05+00:00","twitter_card":"summary_large_image","twitter_misc":{"Est. reading time":"4 minutter"},"schema":{"@context":"https:\/\/schema.org","@graph":[{"@type":"WebPage","@id":"https:\/\/aviator-crash.org\/no\/spill-som-aviator-for-penger\/","url":"https:\/\/aviator-crash.org\/no\/spill-som-aviator-for-penger\/","name":"Lignende pengespill som Aviator (lignende spill og Aviator-analoger)","isPartOf":{"@id":"https:\/\/aviator-crash.org\/no\/#website"},"datePublished":"2023-12-27T19:09:40+00:00","dateModified":"2024-02-02T17:55:05+00:00","description":"Gjennomgang av krasjspill som den ber\u00f8mte \"Aviator\" for penger. Ta en titt p\u00e5 de beste variantene og velg den som vil gi deg nye f\u00f8lelser og spenning, og hvis formuen er gunstig, s\u00e5 en solid gevinst!","breadcrumb":{"@id":"https:\/\/aviator-crash.org\/no\/spill-som-aviator-for-penger\/#breadcrumb"},"inLanguage":"nb-NO","potentialAction":[{"@type":"ReadAction","target":["https:\/\/aviator-crash.org\/no\/spill-som-aviator-for-penger\/"]}]},{"@type":"BreadcrumbList","@id":"https:\/\/aviator-crash.org\/no\/spill-som-aviator-for-penger\/#breadcrumb","itemListElement":[{"@type":"ListItem","position":1,"name":"Home","item":"https:\/\/aviator-crash.org\/no\/aviator-spill-online-for-ekte-penger\/"},{"@type":"ListItem","position":2,"name":"Spill som Aviator for penger"}]},{"@type":"WebSite","@id":"https:\/\/aviator-crash.org\/no\/#website","url":"https:\/\/aviator-crash.org\/no\/","name":"","description":"","potentialAction":[{"@type":"SearchAction","target":{"@type":"EntryPoint","urlTemplate":"https:\/\/aviator-crash.org\/no\/?s={search_term_string}"},"query-input":"required name=search_term_string"}],"inLanguage":"nb-NO"}]}},"_links":{"self":[{"href":"https:\/\/aviator-crash.org\/no\/wp-json\/wp\/v2\/pages\/2495"}],"collection":[{"href":"https:\/\/aviator-crash.org\/no\/wp-json\/wp\/v2\/pages"}],"about":[{"href":"https:\/\/aviator-crash.org\/no\/wp-json\/wp\/v2\/types\/page"}],"author":[{"embeddable":true,"href":"https:\/\/aviator-crash.org\/no\/wp-json\/wp\/v2\/users\/2"}],"replies":[{"embeddable":true,"href":"https:\/\/aviator-crash.org\/no\/wp-json\/wp\/v2\/comments?post=2495"}],"version-history":[{"count":1,"href":"https:\/\/aviator-crash.org\/no\/wp-json\/wp\/v2\/pages\/2495\/revisions"}],"predecessor-version":[{"id":2496,"href":"https:\/\/aviator-crash.org\/no\/wp-json\/wp\/v2\/pages\/2495\/revisions\/2496"}],"wp:attachment":[{"href":"https:\/\/aviator-crash.org\/no\/wp-json\/wp\/v2\/media?parent=2495"}],"curies":[{"name":"wp","href":"https:\/\/api.w.org\/{rel}","templated":true}]}}