{"id":2535,"date":"2023-12-27T19:48:01","date_gmt":"2023-12-27T19:48:01","guid":{"rendered":"https:\/\/aviator-crash.org\/space-xy-spilleautomat\/"},"modified":"2024-02-02T17:58:54","modified_gmt":"2024-02-02T17:58:54","slug":"space-xy-spilleautomat","status":"publish","type":"page","link":"https:\/\/aviator-crash.org\/no\/space-xy-spilleautomat\/","title":{"rendered":"Space XY spilleautomat"},"content":{"rendered":"\n<figure class=\"wp-block-gallery has-nested-images columns-default is-cropped wp-block-gallery-1 is-layout-flex wp-block-gallery-is-layout-flex\">\n<figure class=\"wp-block-image size-large\"><span itemprop=\"image\" itemscope itemtype=\"https:\/\/schema.org\/ImageObject\"><img itemprop=\"url image\" loading=\"lazy\" decoding=\"async\" width=\"1024\" height=\"445\" data-id=\"469\" src=\"https:\/\/aviator-crash.org\/wp-content\/uploads\/2024\/01\/bgaming-game-release-1024x445.jpg\" alt=\"\" class=\"wp-image-469\" srcset=\"https:\/\/aviator-crash.org\/wp-content\/uploads\/2024\/01\/bgaming-game-release-1024x445.jpg 1024w, https:\/\/aviator-crash.org\/wp-content\/uploads\/2024\/01\/bgaming-game-release-300x131.jpg 300w, https:\/\/aviator-crash.org\/wp-content\/uploads\/2024\/01\/bgaming-game-release-768x334.jpg 768w, https:\/\/aviator-crash.org\/wp-content\/uploads\/2024\/01\/bgaming-game-release.jpg 1200w\" sizes=\"(max-width: 1024px) 100vw, 1024px\" \/><meta itemprop=\"width\" content=\"1024\"><meta itemprop=\"height\" content=\"445\"><\/span><\/figure>\n<\/figure>\n\n<p>Velkommen til Space XY-verdenen, der hver stjerne er et nytt eventyr og hver galakse er et felt for utforskning.\nI dette spennende romspillet f\u00e5r spillerne ikke bare muligheten til \u00e5 utforske universets enorme vidder, men ogs\u00e5 til \u00e5 bli virkelige erobrere av verdensrommet. <\/p>\n\n<p>Space XY er et spill som tiltrekker seg oppmerksomhet fra f\u00f8rste sekund.\nDu kan laste ned appen p\u00e5 Android p\u00e5 den offisielle spillsiden til One Win.\nHer venter de beste eventyrene og uforglemmelig tidsfordriv p\u00e5 deg.\nLogg inn p\u00e5 din personlige konto, spill og vinn p\u00e5 Space XY.   <\/p>\n\n<h2 class=\"wp-block-heading\">Fordelene med Space XY online spill<\/h2>\n\n<p>Space XY er et spill som byr p\u00e5 spennende romkamper der du kan teste pilotferdighetene dine.\nTilpass romskipet ditt, bekjemp utenomjordiske trusler og delta i episke romkamper som vil avgj\u00f8re din skjebne i det enorme verdensrommet. <\/p>\n\n<p>Blant de viktigste fordelene med dette spillet er f\u00f8lgende:<\/p>\n\n<ul>\n<li>Dyptpl\u00f8yende handling.\nSpace XY er ikke bare begrenset til romeventyr.\nEt rikholdig plott, intrikate g\u00e5ter og viktige avgj\u00f8relser skaper en unik opplevelse som avhenger av valgene dine.  <\/li>\n\n\n\n<li>Hver eneste beslutning p\u00e5virker spillets gang.\nDerfor trenger du en strategi i Space XY for \u00e5 vinne og tjene s\u00e5 mange poeng som mulig. <\/li>\n\n\n\n<li>Mulighet for tilpasning.\nEt av de viktigste elementene i Space XY er muligheten til \u00e5 tilpasse romskipet ditt etter egne preferanser.\nVelg unike modifikasjoner, forbedre teknologien og skap et skip som gjenspeiler din stil og strategi.  <\/li>\n\n\n\n<li>Galaktiske reiser.\nSpace XY \u00e5pner opp en rekke galakser, alle fylt med fantastiske verdener, mystiske gjenstander og farlige eventyr.\nUtforsk ukjente planeter, m\u00f8t ulike raser og ta del i spennende romhistorier.\nAlt du trenger for \u00e5 begynne \u00e5 dykke inn i historien, er \u00e5 finne ut hvordan du installerer Space XY.   <\/li>\n\n\n\n<li>Ukentlige hendelser og oppdrag.\nOnline-spillet oppdateres kontinuerlig med nye arrangementer, oppdrag og utfordringer, slik at du alltid har nye m\u00e5l \u00e5 n\u00e5.\nDelta i ukentlige arrangementer, kjemp om premier og beundre de unike mulighetene du f\u00e5r hver uke.  <\/li>\n<\/ul>\n\n<h2 class=\"wp-block-heading\">Hvordan spille Space XY<\/h2>\n\n<p>Det f\u00f8rste du m\u00e5 gj\u00f8re for \u00e5 bli med p\u00e5 romfartseventyret i Space XY, er \u00e5 installere spillet.\nDeretter m\u00e5 du opprette en konto for \u00e5 sikre at fremdriften din og nettfunksjonene dine opprettholdes.\nN\u00e5r du er registrert, kan du tilpasse romskipet ditt ved \u00e5 velge unike design og oppgraderinger.\nFordyp deg i Space XYs verden ved \u00e5 utforske galakser, samhandle med ulike verdener og fullf\u00f8re oppdrag ved \u00e5 laste ned Space XY.   <\/p>\n\n<p>Romkamper er en viktig del av spillet.\nUtfordre utenomjordiske trusler og andre spillere i sanntid ved hjelp av dine strategiske ferdigheter.\nDelta i arrangementer og oppdrag for \u00e5 f\u00e5 bel\u00f8nninger og oppgraderinger.\nSosialisering med andre spillere er ogs\u00e5 viktig &#8211; inng\u00e5 allianser, del erfaringer og strategier.   <\/p>\n\n<p>Alt i alt krever Space XY at du utforsker, kjemper og samhandler med en kosmisk verden som venter p\u00e5 \u00e5 bli oppdaget.<\/p>\n\n<h2 class=\"wp-block-heading\">Hvordan vinne i Space XY<\/h2>\n\n<p>I Space XYs verden ligger n\u00f8kkelen til vellykket spilling i dyp utforskning av universet og fleksibel tilpasning til en rekke utfordringer.\nUtvikle romskipet ditt, og tilpass det til dine unike behov og den aktuelle situasjonen.\nOg med Space XY-bonusene kan du \u00f8ke sjansene dine for \u00e5 vinne.  <\/p>\n\n<p>Ha en strategisk tiln\u00e6rming til romkampene, og ta hensyn til kampdynamikk og eksterne faktorer.\nF\u00f8lg med p\u00e5 hvordan de andre spillerne oppf\u00f8rer seg, og tilpass taktikken din etter hva de gj\u00f8r.\nSpace XY-strategi er et viktig aspekt for et vellykket spill.  <\/p>\n\n<p>Delta aktivt i hendelser og oppdrag som gir deg muligheten til \u00e5 f\u00e5 verdifulle ressurser og forbedringer til skipet ditt.\nHusk imidlertid at handlingene og beslutningene dine kan p\u00e5virke spillet og samspillet med andre spillere. <\/p>\n\n<h2 class=\"wp-block-heading\">Space XY-spilleregler<\/h2>\n\n<p>I Space XY-verdenen er det noen grunnleggende regler som hjelper deg med \u00e5 navigere og lykkes i romfartseventyrene dine.\nDisse m\u00e5 du l\u00e6re deg f\u00f8r du begynner \u00e5 spille Space XY: <\/p>\n\n<ol>\n<li>Utforsk ulike galakser, planeter og asteroider.<\/li>\n\n\n\n<li>Oppgrader skipet ditt, utvikle taktikker og delta i romdueller for \u00e5 beskytte interessene dine.<\/li>\n\n\n\n<li>Utvinn ressurser, bearbeid dem og bruk dem til \u00e5 forbedre skipet ditt, bygge baser, forske og drive handel.<\/li>\n\n\n\n<li>Delta aktivt i arrangementer og oppdrag for \u00e5 f\u00e5 unike bel\u00f8nninger og utvide evnene dine i spillet.<\/li>\n\n\n\n<li>Utforsk ny teknologi for \u00e5 forbedre skipet og basens forsvar.<\/li>\n\n\n\n<li>Dann allianser med andre spillere for \u00e5 kjempe for felles m\u00e5l og utvikle strategier i spillet Space XY for \u00e5 vinne.<\/li>\n\n\n\n<li>Delta i konkurranser og f\u00f8lg med p\u00e5 rangeringer for \u00e5 m\u00e5le fremgangen din og sammenligne prestasjonene dine med andre spillere.<\/li>\n<\/ol>\n\n<p>Hvis du f\u00f8lger disse reglene, kan du nyte romopplevelsen i Space XY til fulle og lykkes i verdensrommet.<\/p>\n\n<h2 class=\"wp-block-heading\">Kampanjekoder<\/h2>\n\n<p>Den beste m\u00e5ten \u00e5 f\u00e5 oppdaterte koder p\u00e5 er \u00e5 f\u00f8lge spillets offisielle kommunikasjonskanaler.\nDette kan v\u00e6re den offisielle nettsiden, sosiale medier, forum eller nyhetsbrev p\u00e5 e-post.\nKampanjekoder i et spill som Space XY brukes til \u00e5 gi spillerne ulike bonuser og fordeler.  <\/p>\n\n<p>Kampanjekoder kan gi gratis ressurser som kreditter, energi eller annen valuta i spillet.\nNoen alternativer gir tilgang til unike forbedringer eller oppgraderinger av romskip, baser og andre spillelementer.\nSpace XY-anmeldelser gir mange tips om hvordan du utnytter slike bonuser p\u00e5 best mulig m\u00e5te.  <\/p>\n\n<p>Kampanjekoder kan distribueres som en del av spesielle arrangementer, konkurranser eller kampanjer for \u00e5 oppmuntre spillere til \u00e5 delta i ulike aktiviteter.<\/p>\n\n<h2 class=\"wp-block-heading\">Attester og anbefalinger<\/h2>\n\n<p>Her er noen brukeranmeldelser som bekrefter appens store popularitet:<\/p>\n","protected":false},"excerpt":{"rendered":"<p>Velkommen til Space XY-verdenen, der hver stjerne er et nytt eventyr og hver galakse er et felt for utforskning. I dette spennende romspillet f\u00e5r spillerne ikke bare muligheten til \u00e5 utforske universets enorme vidder, men ogs\u00e5 til \u00e5 bli virkelige erobrere av verdensrommet. Space XY er et spill som tiltrekker seg oppmerksomhet fra f\u00f8rste sekund. [&hellip;]<\/p>\n","protected":false},"author":2,"featured_media":0,"parent":0,"menu_order":0,"comment_status":"open","ping_status":"closed","template":"","meta":{"footnotes":""},"yoast_head":"<!-- This site is optimized with the Yoast SEO plugin v21.7 - https:\/\/yoast.com\/wordpress\/plugins\/seo\/ -->\n<title>Space XY kasinospill, nedlasting<\/title>\n<meta name=\"description\" content=\"Et interessant spill for deg som elsker spenning og h\u00f8y risiko. Last ned og nyt spillet Space XY i kasinoet. Kast deg ut i en verden av risiko og uforglemmelige eventyr. Les n\u00f8ye gjennom spillets regler og funksjoner for \u00e5 vinne.\" \/>\n<meta name=\"robots\" content=\"index, follow, max-snippet:-1, max-image-preview:large, max-video-preview:-1\" \/>\n<link rel=\"canonical\" href=\"https:\/\/aviator-crash.org\/no\/space-xy-spilleautomat\/\" \/>\n<meta property=\"og:locale\" content=\"nb_NO\" \/>\n<meta property=\"og:type\" content=\"article\" \/>\n<meta property=\"og:title\" content=\"Space XY kasinospill, nedlasting\" \/>\n<meta property=\"og:description\" content=\"Et interessant spill for deg som elsker spenning og h\u00f8y risiko. Last ned og nyt spillet Space XY i kasinoet. Kast deg ut i en verden av risiko og uforglemmelige eventyr. Les n\u00f8ye gjennom spillets regler og funksjoner for \u00e5 vinne.\" \/>\n<meta property=\"og:url\" content=\"https:\/\/aviator-crash.org\/no\/space-xy-spilleautomat\/\" \/>\n<meta property=\"article:modified_time\" content=\"2024-02-02T17:58:54+00:00\" \/>\n<meta property=\"og:image\" content=\"https:\/\/aviator-crash.org\/wp-content\/uploads\/2024\/01\/bgaming-game-release-1024x445.jpg\" \/>\n<meta name=\"twitter:card\" content=\"summary_large_image\" \/>\n<meta name=\"twitter:label1\" content=\"Est. reading time\" \/>\n\t<meta name=\"twitter:data1\" content=\"4 minutter\" \/>\n<script type=\"application\/ld+json\" class=\"yoast-schema-graph\">{\"@context\":\"https:\/\/schema.org\",\"@graph\":[{\"@type\":\"WebPage\",\"@id\":\"https:\/\/aviator-crash.org\/no\/space-xy-spilleautomat\/\",\"url\":\"https:\/\/aviator-crash.org\/no\/space-xy-spilleautomat\/\",\"name\":\"Space XY kasinospill, nedlasting\",\"isPartOf\":{\"@id\":\"https:\/\/aviator-crash.org\/no\/#website\"},\"datePublished\":\"2023-12-27T19:48:01+00:00\",\"dateModified\":\"2024-02-02T17:58:54+00:00\",\"description\":\"Et interessant spill for deg som elsker spenning og h\u00f8y risiko. Last ned og nyt spillet Space XY i kasinoet. Kast deg ut i en verden av risiko og uforglemmelige eventyr. Les n\u00f8ye gjennom spillets regler og funksjoner for \u00e5 vinne.\",\"breadcrumb\":{\"@id\":\"https:\/\/aviator-crash.org\/no\/space-xy-spilleautomat\/#breadcrumb\"},\"inLanguage\":\"nb-NO\",\"potentialAction\":[{\"@type\":\"ReadAction\",\"target\":[\"https:\/\/aviator-crash.org\/no\/space-xy-spilleautomat\/\"]}]},{\"@type\":\"BreadcrumbList\",\"@id\":\"https:\/\/aviator-crash.org\/no\/space-xy-spilleautomat\/#breadcrumb\",\"itemListElement\":[{\"@type\":\"ListItem\",\"position\":1,\"name\":\"Home\",\"item\":\"https:\/\/aviator-crash.org\/no\/aviator-spill-online-for-ekte-penger\/\"},{\"@type\":\"ListItem\",\"position\":2,\"name\":\"Space XY spilleautomat\"}]},{\"@type\":\"WebSite\",\"@id\":\"https:\/\/aviator-crash.org\/no\/#website\",\"url\":\"https:\/\/aviator-crash.org\/no\/\",\"name\":\"\",\"description\":\"\",\"potentialAction\":[{\"@type\":\"SearchAction\",\"target\":{\"@type\":\"EntryPoint\",\"urlTemplate\":\"https:\/\/aviator-crash.org\/no\/?s={search_term_string}\"},\"query-input\":\"required name=search_term_string\"}],\"inLanguage\":\"nb-NO\"}]}<\/script>\n<!-- \/ Yoast SEO plugin. -->","yoast_head_json":{"title":"Space XY kasinospill, nedlasting","description":"Et interessant spill for deg som elsker spenning og h\u00f8y risiko. Last ned og nyt spillet Space XY i kasinoet. Kast deg ut i en verden av risiko og uforglemmelige eventyr. Les n\u00f8ye gjennom spillets regler og funksjoner for \u00e5 vinne.","robots":{"index":"index","follow":"follow","max-snippet":"max-snippet:-1","max-image-preview":"max-image-preview:large","max-video-preview":"max-video-preview:-1"},"canonical":"https:\/\/aviator-crash.org\/no\/space-xy-spilleautomat\/","og_locale":"nb_NO","og_type":"article","og_title":"Space XY kasinospill, nedlasting","og_description":"Et interessant spill for deg som elsker spenning og h\u00f8y risiko. Last ned og nyt spillet Space XY i kasinoet. Kast deg ut i en verden av risiko og uforglemmelige eventyr. Les n\u00f8ye gjennom spillets regler og funksjoner for \u00e5 vinne.","og_url":"https:\/\/aviator-crash.org\/no\/space-xy-spilleautomat\/","article_modified_time":"2024-02-02T17:58:54+00:00","og_image":[{"url":"https:\/\/aviator-crash.org\/wp-content\/uploads\/2024\/01\/bgaming-game-release-1024x445.jpg"}],"twitter_card":"summary_large_image","twitter_misc":{"Est. reading time":"4 minutter"},"schema":{"@context":"https:\/\/schema.org","@graph":[{"@type":"WebPage","@id":"https:\/\/aviator-crash.org\/no\/space-xy-spilleautomat\/","url":"https:\/\/aviator-crash.org\/no\/space-xy-spilleautomat\/","name":"Space XY kasinospill, nedlasting","isPartOf":{"@id":"https:\/\/aviator-crash.org\/no\/#website"},"datePublished":"2023-12-27T19:48:01+00:00","dateModified":"2024-02-02T17:58:54+00:00","description":"Et interessant spill for deg som elsker spenning og h\u00f8y risiko. Last ned og nyt spillet Space XY i kasinoet. Kast deg ut i en verden av risiko og uforglemmelige eventyr. Les n\u00f8ye gjennom spillets regler og funksjoner for \u00e5 vinne.","breadcrumb":{"@id":"https:\/\/aviator-crash.org\/no\/space-xy-spilleautomat\/#breadcrumb"},"inLanguage":"nb-NO","potentialAction":[{"@type":"ReadAction","target":["https:\/\/aviator-crash.org\/no\/space-xy-spilleautomat\/"]}]},{"@type":"BreadcrumbList","@id":"https:\/\/aviator-crash.org\/no\/space-xy-spilleautomat\/#breadcrumb","itemListElement":[{"@type":"ListItem","position":1,"name":"Home","item":"https:\/\/aviator-crash.org\/no\/aviator-spill-online-for-ekte-penger\/"},{"@type":"ListItem","position":2,"name":"Space XY spilleautomat"}]},{"@type":"WebSite","@id":"https:\/\/aviator-crash.org\/no\/#website","url":"https:\/\/aviator-crash.org\/no\/","name":"","description":"","potentialAction":[{"@type":"SearchAction","target":{"@type":"EntryPoint","urlTemplate":"https:\/\/aviator-crash.org\/no\/?s={search_term_string}"},"query-input":"required name=search_term_string"}],"inLanguage":"nb-NO"}]}},"_links":{"self":[{"href":"https:\/\/aviator-crash.org\/no\/wp-json\/wp\/v2\/pages\/2535"}],"collection":[{"href":"https:\/\/aviator-crash.org\/no\/wp-json\/wp\/v2\/pages"}],"about":[{"href":"https:\/\/aviator-crash.org\/no\/wp-json\/wp\/v2\/types\/page"}],"author":[{"embeddable":true,"href":"https:\/\/aviator-crash.org\/no\/wp-json\/wp\/v2\/users\/2"}],"replies":[{"embeddable":true,"href":"https:\/\/aviator-crash.org\/no\/wp-json\/wp\/v2\/comments?post=2535"}],"version-history":[{"count":1,"href":"https:\/\/aviator-crash.org\/no\/wp-json\/wp\/v2\/pages\/2535\/revisions"}],"predecessor-version":[{"id":2537,"href":"https:\/\/aviator-crash.org\/no\/wp-json\/wp\/v2\/pages\/2535\/revisions\/2537"}],"wp:attachment":[{"href":"https:\/\/aviator-crash.org\/no\/wp-json\/wp\/v2\/media?parent=2535"}],"curies":[{"name":"wp","href":"https:\/\/api.w.org\/{rel}","templated":true}]}}