{"id":2583,"date":"2023-12-27T19:40:59","date_gmt":"2023-12-27T19:40:59","guid":{"rendered":"https:\/\/aviator-crash.org\/spill-rocket-x\/"},"modified":"2024-02-02T18:29:19","modified_gmt":"2024-02-02T18:29:19","slug":"spill-rocket-x","status":"publish","type":"page","link":"https:\/\/aviator-crash.org\/no\/spill-rocket-x\/","title":{"rendered":"Spill Rocket X"},"content":{"rendered":"\n<figure class=\"wp-block-gallery has-nested-images columns-default is-cropped wp-block-gallery-1 is-layout-flex wp-block-gallery-is-layout-flex\">\n<figure class=\"wp-block-image size-large\"><span itemprop=\"image\" itemscope itemtype=\"https:\/\/schema.org\/ImageObject\"><img itemprop=\"url image\" loading=\"lazy\" decoding=\"async\" width=\"1024\" height=\"761\" data-id=\"472\" src=\"https:\/\/aviator-crash.org\/wp-content\/uploads\/2024\/01\/rocket-x-1024x761.webp\" alt=\"\" class=\"wp-image-472\" srcset=\"https:\/\/aviator-crash.org\/wp-content\/uploads\/2024\/01\/rocket-x-1024x761.webp 1024w, https:\/\/aviator-crash.org\/wp-content\/uploads\/2024\/01\/rocket-x-300x223.webp 300w, https:\/\/aviator-crash.org\/wp-content\/uploads\/2024\/01\/rocket-x-768x571.webp 768w, https:\/\/aviator-crash.org\/wp-content\/uploads\/2024\/01\/rocket-x.webp 1200w\" sizes=\"(max-width: 1024px) 100vw, 1024px\" \/><meta itemprop=\"width\" content=\"1024\"><meta itemprop=\"height\" content=\"761\"><\/span><\/figure>\n<\/figure>\n\n<p>I flerspillerspillet Rocket X kan du kaste deg ut i et spennende eventyr og tjene ekte penger.\nDu kan laste det ned gratis p\u00e5 hvilken som helst av enhetene dine og nyte et flott spill b\u00e5de alene og sammen med venner og andre spillere.\nAlt du trenger \u00e5 gj\u00f8re er \u00e5 g\u00e5 til den offisielle spillportalen til One Win og laste ned Rocket X-spillet gratis p\u00e5 Android.\nFor \u00e5 begynne \u00e5 spille trenger du bare \u00e5 g\u00e5 til din personlige konto ved \u00e5 registrere deg eller logge inn.\nDet tar bare noen f\u00e5 minutter, men du kan umiddelbart begynne \u00e5 spille og nyte prosessen.    <\/p>\n\n<h2 class=\"wp-block-heading\"><strong>Fordeler med Rocket X online spill<\/strong><\/h2>\n\n<p>Det er stor ettersp\u00f8rsel etter pengespill i den moderne verden.\nDe gir deg muligheten til \u00e5 ha det g\u00f8y og tjene nesten hvor mye penger som helst uten \u00e5 forlate huset.\nRocket X regnes i sin tur som et av de mest popul\u00e6re i sitt slag.\nDette spillet har mange fordeler, inkludert f\u00f8lgende:   <\/p>\n\n<ul>\n<li>Eksepsjonelt positive Rocket X-anmeldelser, noe som indikerer at dette programmet er ekstremt popul\u00e6rt blant spillere fra hele verden.<\/li>\n\n\n\n<li>Flerspillermodus.\nMuligheten til \u00e5 spille i sanntid sammen med venner eller andre brukere fra hele verden p\u00e5 nettet. <\/li>\n\n\n\n<li>Dynamisk racing.\nSpillet fokuserer p\u00e5 rask og dynamisk racing med en rekke ulike baner og hindringer. <\/li>\n\n\n\n<li>Unike steder.\nMangfoldige og fargerike spillsteder som byr p\u00e5 ulike forutsetninger for racing. <\/li>\n\n\n\n<li>Stunts og oppgraderinger.\nMuligheten til \u00e5 utf\u00f8re stunts og forbedre flymaskinen din med ulike forbedringer.\nAlt du trenger \u00e5 gj\u00f8re er \u00e5 laste ned Rocket X til enheten din og registrere deg.  <\/li>\n\n\n\n<li>Progresjonssystem.\nEt omfattende progresjonssystem med nye niv\u00e5er, kj\u00f8ret\u00f8yer og annet innhold som l\u00e5ses opp etter hvert som du kommer deg gjennom spillet. <\/li>\n\n\n\n<li>Tilgjengelighet av et stort antall bonuser.\nMulighet for \u00e5 f\u00e5 bonuser, prestasjoner og andre bel\u00f8nninger for \u00e5 ha fullf\u00f8rt niv\u00e5er eller utf\u00f8rt spesielle oppgaver. <\/li>\n\n\n\n<li>Utmerket grafikk og fantastisk lydspor.\nKvalitetsgrafikk og lydspor som skaper en imponerende visuell og lydmessig atmosf\u00e6re. <\/li>\n<\/ul>\n\n<p>Mange fordeler gj\u00f8r dette spillet ganske popul\u00e6rt blant fans av gamblingapplikasjoner.\nRocket X-spillanmeldelser er stort sett positive, noe som igjen bekrefter det ovennevnte faktum.\nHvis du vil ha det g\u00f8y, er dette programmet det beste alternativet.  <\/p>\n\n<h2 class=\"wp-block-heading\">Hvordan spille Rocket X<\/h2>\n\n<p>En annen fordel med dette spillet er at det har enkle og klare regler, som raskt kan forst\u00e5s av absolutt alle.\nDet f\u00f8rste du m\u00e5 gj\u00f8re er \u00e5 registrere deg eller logge inn p\u00e5 ditt personlige skap.\nDette alternativet er ekstremt praktisk, ettersom all fremgang lagres automatisk.  <\/p>\n\n<p>Det andre trinnet du m\u00e5 ta, er \u00e5 finansiere spillkontoen din.\nDeretter g\u00e5r du til siden og starter simulatoren.\nSpillet starter etter at du har gjort en innsats.\nBel\u00f8pet er individuelt og avhenger utelukkende av dine preferanser og strategi.   <\/p>\n\n<p>Rocket Xs offisielle nettside gir deg mange muligheter til \u00e5 spille spillet.\nDet finnes b\u00e5de individuelle moduser og flerspillermoduser, slik at du kan spille online med venner eller andre spillere p\u00e5 nettet.\nAlle grunnleggende regler er angitt p\u00e5 nettstedet.\nI tillegg kan du g\u00e5 gjennom oppl\u00e6ringen f\u00f8r du begynner for \u00e5 f\u00e5 en bedre forst\u00e5else av spillet og begynne \u00e5 tjene penger helt fra begynnelsen.   <\/p>\n\n<p>N\u00e5r du har plassert innsatsen din, er det bare \u00e5 vente p\u00e5 resultatet.\nProsessen er ganske spennende, ettersom verdiene endrer seg ganske raskt, og det er nesten umulig \u00e5 forutsi hva det blir til slutt. <\/p>\n\n<h2 class=\"wp-block-heading\">Slik vinner du p\u00e5 Rocket X<\/h2>\n\n<p>Som det allerede har blitt klart, er det ekstremt viktig \u00e5 velge riktig tidspunkt i spillet, slik at innsatsen ikke blir brent og oddsen blir s\u00e5 gunstig som mulig.\nTil dette form\u00e5let er en tilpasset <em>Rocket X-strategi<\/em> perfekt.\nFor \u00e5 utvikle den, er det nok \u00e5 studere de foreg\u00e5ende spillene, analysere resultatene og velge metoden for spillet, som vil v\u00e6re den mest l\u00f8nnsomme.  <\/p>\n\n<p>Strategien i Rocket X er en vinn-vinn-situasjon, ettersom den er basert p\u00e5 tidligere erfaring og hjelper deg med \u00e5 forst\u00e5 hvordan systemet fungerer og hvordan du kan oppn\u00e5 h\u00f8yest mulig gevinst.\nDette spillet viser at flaks alene ikke er nok til \u00e5 vinne.\nRocket X-oddsberegningssystem vil ogs\u00e5 v\u00e6re n\u00f8dvendig.  <\/p>\n\n<h2 class=\"wp-block-heading\">Spilleregler for Rocket X<\/h2>\n\n<p>I sentrum av historien st\u00e5r en ber\u00f8mt mann &#8211; Ilon Musk, eller rettere sagt hans tegneserie-kopi, som brukeren styrer gjennom hele spillet.\nDette spillet er perfekt for de som liker spenning og risiko.\nReglene for spillet her er nesten identiske med de som har andre lignende applikasjoner.\nF\u00f8r du starter Rocket X-krasjspillet, m\u00e5 du plassere innsatsene dine, og s\u00e5 er det bare \u00e5 se dem vokse.\nDu kan n\u00e5r som helst trekke innsatsen din, men det er viktig \u00e5 v\u00e6re forsiktig: hvis du gj\u00f8r det for tidlig eller for sent, vil du tape.\nDet er viktig \u00e5 velge riktig tidspunkt.     <\/p>\n\n<p>Hvis du tror at spillet er ganske enkelt og monotont, tar du feil.\nH\u00f8y risiko, innsatser, dynamikk &#8211; alt dette finner du her.\nDu kan lese mer om reglene p\u00e5 den offisielle siden.  <\/p>\n\n<h2 class=\"wp-block-heading\">Kampanjekoder<\/h2>\n\n<p>Spillkampanjekoder kan tilbys av spillplattformer, kasinoer eller utviklere for \u00e5 tiltrekke seg nye spillere, bel\u00f8nne lojalitet eller kj\u00f8re spesielle kampanjer.\nHvis du vil ha det g\u00f8y og \u00f8ke vinnersjansene dine p\u00e5 Rocket X-spillet 1win, kan du enkelt dra nytte av de tilgjengelige kampanjekodene.\nDu kan finne dem i flere kilder:  <\/p>\n\n<ul>\n<li>Den offisielle nettportalen til One Win.<\/li>\n\n\n\n<li>Mailinglister (det er derfor det anbefales \u00e5 registrere seg for mailinglister fra nettstedet s\u00e5 snart du registrerer deg).<\/li>\n\n\n\n<li>Sosiale medier og egne fora.<\/li>\n\n\n\n<li>Affiliate-programmer.<\/li>\n<\/ul>\n\n<p>Husk at det er viktig \u00e5 v\u00e6re oppmerksom og bruke kampanjekoder i henhold til spillets regler og vilk\u00e5r for \u00e5 unng\u00e5 misforst\u00e5elser og ubehagelige situasjoner.<\/p>\n\n<h2 class=\"wp-block-heading\">Attester og anbefalinger<\/h2>\n\n<p>Med tanke p\u00e5 brukeranmeldelser kan vi konkludere med at dette spillet anses \u00e5 v\u00e6re et av de mest popul\u00e6re i sitt slag med mange fordeler og funksjoner.\nHer er noen anmeldelser av 1win Rocket X: <\/p>\n","protected":false},"excerpt":{"rendered":"<p>I flerspillerspillet Rocket X kan du kaste deg ut i et spennende eventyr og tjene ekte penger. Du kan laste det ned gratis p\u00e5 hvilken som helst av enhetene dine og nyte et flott spill b\u00e5de alene og sammen med venner og andre spillere. Alt du trenger \u00e5 gj\u00f8re er \u00e5 g\u00e5 til den offisielle [&hellip;]<\/p>\n","protected":false},"author":2,"featured_media":0,"parent":0,"menu_order":0,"comment_status":"open","ping_status":"closed","template":"","meta":{"footnotes":""},"yoast_head":"<!-- This site is optimized with the Yoast SEO plugin v21.7 - https:\/\/yoast.com\/wordpress\/plugins\/seo\/ -->\n<title>Rocket X kasinospill, nedlasting<\/title>\n<meta name=\"description\" content=\"Det beste Rocket X-spillet med sjansen til \u00e5 vinne ekte penger. Se beskrivelsen, studer spillets egenskaper og funksjoner, velg den beste strategien og dra p\u00e5 uforglemmelige reiser. G\u00e5 for de store gevinstene!\" \/>\n<meta name=\"robots\" content=\"index, follow, max-snippet:-1, max-image-preview:large, max-video-preview:-1\" \/>\n<link rel=\"canonical\" href=\"https:\/\/aviator-crash.org\/no\/spill-rocket-x\/\" \/>\n<meta property=\"og:locale\" content=\"nb_NO\" \/>\n<meta property=\"og:type\" content=\"article\" \/>\n<meta property=\"og:title\" content=\"Rocket X kasinospill, nedlasting\" \/>\n<meta property=\"og:description\" content=\"Det beste Rocket X-spillet med sjansen til \u00e5 vinne ekte penger. Se beskrivelsen, studer spillets egenskaper og funksjoner, velg den beste strategien og dra p\u00e5 uforglemmelige reiser. G\u00e5 for de store gevinstene!\" \/>\n<meta property=\"og:url\" content=\"https:\/\/aviator-crash.org\/no\/spill-rocket-x\/\" \/>\n<meta property=\"article:modified_time\" content=\"2024-02-02T18:29:19+00:00\" \/>\n<meta property=\"og:image\" content=\"https:\/\/aviator-crash.org\/wp-content\/uploads\/2024\/01\/rocket-x-1024x761.webp\" \/>\n<meta name=\"twitter:card\" content=\"summary_large_image\" \/>\n<meta name=\"twitter:label1\" content=\"Est. reading time\" \/>\n\t<meta name=\"twitter:data1\" content=\"5 minutter\" \/>\n<script type=\"application\/ld+json\" class=\"yoast-schema-graph\">{\"@context\":\"https:\/\/schema.org\",\"@graph\":[{\"@type\":\"WebPage\",\"@id\":\"https:\/\/aviator-crash.org\/no\/spill-rocket-x\/\",\"url\":\"https:\/\/aviator-crash.org\/no\/spill-rocket-x\/\",\"name\":\"Rocket X kasinospill, nedlasting\",\"isPartOf\":{\"@id\":\"https:\/\/aviator-crash.org\/no\/#website\"},\"datePublished\":\"2023-12-27T19:40:59+00:00\",\"dateModified\":\"2024-02-02T18:29:19+00:00\",\"description\":\"Det beste Rocket X-spillet med sjansen til \u00e5 vinne ekte penger. Se beskrivelsen, studer spillets egenskaper og funksjoner, velg den beste strategien og dra p\u00e5 uforglemmelige reiser. G\u00e5 for de store gevinstene!\",\"breadcrumb\":{\"@id\":\"https:\/\/aviator-crash.org\/no\/spill-rocket-x\/#breadcrumb\"},\"inLanguage\":\"nb-NO\",\"potentialAction\":[{\"@type\":\"ReadAction\",\"target\":[\"https:\/\/aviator-crash.org\/no\/spill-rocket-x\/\"]}]},{\"@type\":\"BreadcrumbList\",\"@id\":\"https:\/\/aviator-crash.org\/no\/spill-rocket-x\/#breadcrumb\",\"itemListElement\":[{\"@type\":\"ListItem\",\"position\":1,\"name\":\"Home\",\"item\":\"https:\/\/aviator-crash.org\/no\/aviator-spill-online-for-ekte-penger\/\"},{\"@type\":\"ListItem\",\"position\":2,\"name\":\"Spill Rocket X\"}]},{\"@type\":\"WebSite\",\"@id\":\"https:\/\/aviator-crash.org\/no\/#website\",\"url\":\"https:\/\/aviator-crash.org\/no\/\",\"name\":\"\",\"description\":\"\",\"potentialAction\":[{\"@type\":\"SearchAction\",\"target\":{\"@type\":\"EntryPoint\",\"urlTemplate\":\"https:\/\/aviator-crash.org\/no\/?s={search_term_string}\"},\"query-input\":\"required name=search_term_string\"}],\"inLanguage\":\"nb-NO\"}]}<\/script>\n<!-- \/ Yoast SEO plugin. -->","yoast_head_json":{"title":"Rocket X kasinospill, nedlasting","description":"Det beste Rocket X-spillet med sjansen til \u00e5 vinne ekte penger. Se beskrivelsen, studer spillets egenskaper og funksjoner, velg den beste strategien og dra p\u00e5 uforglemmelige reiser. G\u00e5 for de store gevinstene!","robots":{"index":"index","follow":"follow","max-snippet":"max-snippet:-1","max-image-preview":"max-image-preview:large","max-video-preview":"max-video-preview:-1"},"canonical":"https:\/\/aviator-crash.org\/no\/spill-rocket-x\/","og_locale":"nb_NO","og_type":"article","og_title":"Rocket X kasinospill, nedlasting","og_description":"Det beste Rocket X-spillet med sjansen til \u00e5 vinne ekte penger. Se beskrivelsen, studer spillets egenskaper og funksjoner, velg den beste strategien og dra p\u00e5 uforglemmelige reiser. G\u00e5 for de store gevinstene!","og_url":"https:\/\/aviator-crash.org\/no\/spill-rocket-x\/","article_modified_time":"2024-02-02T18:29:19+00:00","og_image":[{"url":"https:\/\/aviator-crash.org\/wp-content\/uploads\/2024\/01\/rocket-x-1024x761.webp"}],"twitter_card":"summary_large_image","twitter_misc":{"Est. reading time":"5 minutter"},"schema":{"@context":"https:\/\/schema.org","@graph":[{"@type":"WebPage","@id":"https:\/\/aviator-crash.org\/no\/spill-rocket-x\/","url":"https:\/\/aviator-crash.org\/no\/spill-rocket-x\/","name":"Rocket X kasinospill, nedlasting","isPartOf":{"@id":"https:\/\/aviator-crash.org\/no\/#website"},"datePublished":"2023-12-27T19:40:59+00:00","dateModified":"2024-02-02T18:29:19+00:00","description":"Det beste Rocket X-spillet med sjansen til \u00e5 vinne ekte penger. Se beskrivelsen, studer spillets egenskaper og funksjoner, velg den beste strategien og dra p\u00e5 uforglemmelige reiser. G\u00e5 for de store gevinstene!","breadcrumb":{"@id":"https:\/\/aviator-crash.org\/no\/spill-rocket-x\/#breadcrumb"},"inLanguage":"nb-NO","potentialAction":[{"@type":"ReadAction","target":["https:\/\/aviator-crash.org\/no\/spill-rocket-x\/"]}]},{"@type":"BreadcrumbList","@id":"https:\/\/aviator-crash.org\/no\/spill-rocket-x\/#breadcrumb","itemListElement":[{"@type":"ListItem","position":1,"name":"Home","item":"https:\/\/aviator-crash.org\/no\/aviator-spill-online-for-ekte-penger\/"},{"@type":"ListItem","position":2,"name":"Spill Rocket X"}]},{"@type":"WebSite","@id":"https:\/\/aviator-crash.org\/no\/#website","url":"https:\/\/aviator-crash.org\/no\/","name":"","description":"","potentialAction":[{"@type":"SearchAction","target":{"@type":"EntryPoint","urlTemplate":"https:\/\/aviator-crash.org\/no\/?s={search_term_string}"},"query-input":"required name=search_term_string"}],"inLanguage":"nb-NO"}]}},"_links":{"self":[{"href":"https:\/\/aviator-crash.org\/no\/wp-json\/wp\/v2\/pages\/2583"}],"collection":[{"href":"https:\/\/aviator-crash.org\/no\/wp-json\/wp\/v2\/pages"}],"about":[{"href":"https:\/\/aviator-crash.org\/no\/wp-json\/wp\/v2\/types\/page"}],"author":[{"embeddable":true,"href":"https:\/\/aviator-crash.org\/no\/wp-json\/wp\/v2\/users\/2"}],"replies":[{"embeddable":true,"href":"https:\/\/aviator-crash.org\/no\/wp-json\/wp\/v2\/comments?post=2583"}],"version-history":[{"count":1,"href":"https:\/\/aviator-crash.org\/no\/wp-json\/wp\/v2\/pages\/2583\/revisions"}],"predecessor-version":[{"id":2585,"href":"https:\/\/aviator-crash.org\/no\/wp-json\/wp\/v2\/pages\/2583\/revisions\/2585"}],"wp:attachment":[{"href":"https:\/\/aviator-crash.org\/no\/wp-json\/wp\/v2\/media?parent=2583"}],"curies":[{"name":"wp","href":"https:\/\/api.w.org\/{rel}","templated":true}]}}