{"id":3051,"date":"2023-12-27T19:58:01","date_gmt":"2023-12-27T19:58:01","guid":{"rendered":"https:\/\/aviator-crash.org\/spill-cash-or-crash\/"},"modified":"2024-02-02T19:35:36","modified_gmt":"2024-02-02T19:35:36","slug":"spill-cash-or-crash","status":"publish","type":"page","link":"https:\/\/aviator-crash.org\/no\/spill-cash-or-crash\/","title":{"rendered":"Spill Cash or Crash"},"content":{"rendered":"\n<figure class=\"wp-block-gallery has-nested-images columns-default is-cropped wp-block-gallery-1 is-layout-flex wp-block-gallery-is-layout-flex\">\n<figure class=\"wp-block-image size-large\"><span itemprop=\"image\" itemscope itemtype=\"https:\/\/schema.org\/ImageObject\"><img itemprop=\"url image\" loading=\"lazy\" decoding=\"async\" width=\"1024\" height=\"498\" data-id=\"466\" src=\"https:\/\/aviator-crash.org\/wp-content\/uploads\/2024\/01\/cash-or-crash-live-1200x584-1-1024x498.jpeg\" alt=\"\" class=\"wp-image-466\" srcset=\"https:\/\/aviator-crash.org\/wp-content\/uploads\/2024\/01\/cash-or-crash-live-1200x584-1-1024x498.jpeg 1024w, https:\/\/aviator-crash.org\/wp-content\/uploads\/2024\/01\/cash-or-crash-live-1200x584-1-300x146.jpeg 300w, https:\/\/aviator-crash.org\/wp-content\/uploads\/2024\/01\/cash-or-crash-live-1200x584-1-768x374.jpeg 768w, https:\/\/aviator-crash.org\/wp-content\/uploads\/2024\/01\/cash-or-crash-live-1200x584-1.jpeg 1200w\" sizes=\"(max-width: 1024px) 100vw, 1024px\" \/><meta itemprop=\"width\" content=\"1024\"><meta itemprop=\"height\" content=\"498\"><\/span><\/figure>\n<\/figure>\n\n<p>Cash or Crash er et spill som er sv\u00e6rt popul\u00e6rt blant fans av gamblingapplikasjoner, h\u00f8ye innsatser og risiko.\nDet er et flott alternativ for \u00e5 ha det g\u00f8y og pr\u00f8ve lykken.\nCash or Crash er en Android-applikasjon der spillerne kan satse p\u00e5 ulike hendelser, der utfallet bestemmes tilfeldig.\nFor \u00e5 begynne \u00e5 spille er alt du trenger \u00e5 gj\u00f8re \u00e5 laste ned appen p\u00e5 den offisielle spillsiden til One Win, registrere deg eller logge inn p\u00e5 din personlige konto og plassere innsatsen din.\nAlle kan laste ned Cash or Crash gratis.\nStart spillet og nyt en flott tid.     <\/p>\n\n<h2 class=\"wp-block-heading\">Fordelen med Cash or Crash online spill<\/h2>\n\n<p>Gambling regnes som et av de mest popul\u00e6re spillene i dag.\nHoved\u00e5rsaken er at her kan du ikke bare ha en interessant tid, men ogs\u00e5 tjene ekte penger.\nGenerelt er det visuelle i applikasjonen Cash or Crash en skikkelig godbit.\nUtmerket grafikk, tydelig grensesnitt, intuitivt enkel kontroll &#8211; alt dette finner du her.   <\/p>\n\n<p>Blant de viktigste fordelene med det popul\u00e6re pengespillet Cash or Crash er f\u00f8lgende:<\/p>\n\n<ul>\n<li>Interessant spillopplevelse.\nDet tilbyr spennende og vanedannende spill med mulighet for \u00e5 vinne eller tape raskt. <\/li>\n\n\n\n<li>Flerspillermodus.\nMuligheten til \u00e5 spille med venner eller andre spillere kan tilf\u00f8re et sosialt og morsomt aspekt. <\/li>\n\n\n\n<li>Grafikk og lyd.\nGrafikk og lyd av h\u00f8y kvalitet skaper atmosf\u00e6ren i spillet og gj\u00f8r det mer attraktivt for spillerne. <\/li>\n\n\n\n<li>Regelmessige oppdateringer er tilgjengelige.\nTakket v\u00e6re dette vil du kunne nyte favorittspillet ditt med forbedret ytelse.\nUtviklerne pr\u00f8ver \u00e5 forbedre spillet med jevne mellomrom for \u00e5 m\u00f8te dagens trender og tendenser innen online gambling.  <\/li>\n\n\n\n<li>Muligheten til \u00e5 spille direkte fra telefonen, uansett hvor du er.\nDette er en flott mulighet til \u00e5 ha det g\u00f8y, nyte spillet og til og med pr\u00f8ve \u00e5 tjene ekte penger. <\/li>\n\n\n\n<li>Mange forskjellige spillmoduser.\nRiktig valgt Cash- eller Crash-strategi \u00f8ker sjansene for \u00e5 vinne i alle modusene. <\/li>\n<\/ul>\n\n<p>Alt i alt er Cash or Crash et godt eksempel p\u00e5 en spennende applikasjon der du kan vinne ekte penger.\nDu kan kose deg og spille med vennene dine eller andre spillere online i flerspillermodus. <\/p>\n\n<h2 class=\"wp-block-heading\">Hvordan spille Cash or Crash<\/h2>\n\n<p>&laquo;Cash or Crash&raquo; er et virtuelt pengespill som ofte tilbys av nettcasinoer.\nReglene kan variere noe fra en versjon av spillet til en annen, men grunnkonseptet er som regel det samme.\nHer er en generell guide til hvordan du spiller Cash or Crash:  <\/p>\n\n<ul>\n<li>Registrering.\nDet kan hende du m\u00e5 registrere deg p\u00e5 et nettcasino som tilbyr Cash or Crash-spillet.\nF\u00f8lg instruksjonene for \u00e5 opprette en konto.  <\/li>\n\n\n\n<li>P\u00e5fylling.\nF\u00f8r du begynner \u00e5 spille, m\u00e5 du fylle p\u00e5 spillkontoen din med ekte penger.\nI de fleste tilfeller kan dette gj\u00f8res ved hjelp av ulike betalingsmetoder.  <\/li>\n\n\n\n<li>Velge st\u00f8rrelsen p\u00e5 innsatsen.<\/li>\n\n\n\n<li>Start runden.<\/li>\n\n\n\n<li>Beslutning om \u00e5 avslutte runden.\nI l\u00f8pet av runden har du mulighet til \u00e5 avslutte runden n\u00e5r som helst for \u00e5 hente pengene du har vunnet.\nHvis du ikke fullf\u00f8rer runden innen et visst tidspunkt, risikerer du imidlertid \u00e5 &laquo;krasje&raquo; og tape innsatsen din.  <\/li>\n\n\n\n<li>Krasj eller avslutning av runden.\nP\u00e5 et eller annet tidspunkt i runden inntreffer et &laquo;krasj&raquo;.\nHvis du har fullf\u00f8rt runden f\u00f8r dette tidspunktet, vil du motta gevinsten din i henhold til gjeldende multiplikator.\nI motsatt fall taper du innsatsen din.   <\/li>\n<\/ul>\n\n<p>Prinsippet i spillet er ganske enkelt og tydelig, s\u00e5 du vil raskt kunne forst\u00e5 hva du trenger \u00e5 gj\u00f8re her.\nHvis du har noen problemer, kan du se instruksjonene. <\/p>\n\n<h2 class=\"wp-block-heading\">Slik vinner du p\u00e5 Cash or Crash<\/h2>\n\n<p>\u00c5 vinne i pengespill som spilleautomater, poker, rulett og blackjack avhenger ofte av tilfeldigheter, og de fleste pengespill er basert p\u00e5 tilfeldigheter.\nDet finnes imidlertid noen strategier og tips som kan hjelpe deg med \u00e5 forvalte pengesekken og \u00f8ke vinnersjansene dine i det popul\u00e6re kasinospillet Crash Cash: <\/p>\n\n<ul>\n<li>Bankroll management.\nFastsett grensen for tap du har r\u00e5d til, og ikke overskrid den.\nDel bankrollen din inn i spill\u00f8kter og sats bare det du har r\u00e5d til \u00e5 tape.  <\/li>\n\n\n\n<li>L\u00e6r deg grunnleggende strategier.\nSom nevnt ovenfor spiller riktig strategi en n\u00f8kkelrolle i gambling.\nDet inneb\u00e6rer \u00e5 studere tidligere gevinster, lete etter m\u00f8nstre og fremheve viktige vinnerkombinasjoner.\nCash- eller Crash-strategien er som oftest individuell, selv om du kan ta imot r\u00e5d fra mer erfarne spillere.   <\/li>\n\n\n\n<li>Dra nytte av bonuser.\nDra nytte av bonuser og kampanjer fra kasinoet.\nDet er imidlertid viktig \u00e5 lese vilk\u00e5rene og betingelsene knyttet til bonusene n\u00f8ye.  <\/li>\n\n\n\n<li>Les spillereglene n\u00f8ye og gj\u00f8r deg kjent med instruksjonene.<\/li>\n<\/ul>\n\n<p>Ved \u00e5 f\u00f8lge tipsene ovenfor kan du \u00f8ke vinnersjansene dine betraktelig.<\/p>\n\n<h2 class=\"wp-block-heading\">Spilleregler for Cash or Crash<\/h2>\n\n<p>Spillets regler er enkle og oversiktlige.\nF\u00f8rst og fremst velger spilleren bel\u00f8pet som skal satses og trykker p\u00e5 knappen for \u00e5 starte runden.\nRunden starter med en innledende multiplikator (f.eks. 1x).\nDenne multiplikatoren begynner \u00e5 \u00f8ke etter hvert.\nI l\u00f8pet av runden har spilleren en viss tid til \u00e5 bestemme seg for om han\/hun vil avslutte runden og ta ut gevinsten.\nDette kan gj\u00f8res f\u00f8r multiplikatoren n\u00e5r en viss verdi, noe som f\u00f8rer til et &laquo;krasj&raquo;.     <\/p>\n\n<p>&laquo;Crash&raquo; oppst\u00e5r n\u00e5r multiplikatoren n\u00e5r en viss verdi.\nHvis spilleren har fullf\u00f8rt runden f\u00f8r dette \u00f8yeblikket, f\u00e5r han gevinsten.\nEllers blir innsatsen brent.\nHvis spilleren fullf\u00f8rte runden f\u00f8r &laquo;krasjet&raquo; og fikk gevinsten, avhenger gevinstbel\u00f8pet av den gjeldende multiplikatoren.\nHvis spilleren ikke fullf\u00f8rte runden f\u00f8r &laquo;krasjet&raquo;, blir innsatsen kansellert og gevinsten uteblir.    <\/p>\n\n<h2 class=\"wp-block-heading\">Kampanjekoder<\/h2>\n\n<p>Cash- eller Crash-kampanjekoder er spesielle koder som spillere kan bruke for \u00e5 motta ulike bonuser, privilegier og kampanjer.\nDisse kodene leveres av kasinoet eller spillutviklerne og kan brukes av spillere for \u00e5 forbedre spillopplevelsen eller f\u00e5 tilleggsfunksjoner.\nN\u00e5r det gjelder Cash or Crash, kan kampanjekoder gi:  <\/p>\n\n<ol>\n<li>Bonusinnskudd: ekstra midler n\u00e5r du fyller p\u00e5 kontoen din i spillet.<\/li>\n\n\n\n<li>Free spins: gratisrunder i spillet med multiplikatorer.<\/li>\n\n\n\n<li>\u00d8kte multiplikatorer: bonusmultiplikatorer i l\u00f8pet av spillet.<\/li>\n\n\n\n<li>Spesielle arrangementer: deltakelse i spesielle kampanjer og turneringer.<\/li>\n<\/ol>\n\n<p>Cash or Crash-statistikken viser at brukerne har mye st\u00f8rre vinnersjanser ved bruk av ekstra bonuser.\nFor \u00e5 bruke en kampanjekode i spillet &laquo;Cash or Crash&raquo; m\u00e5 du vanligvis logge inn p\u00e5 kontoen din i kasinoet, g\u00e5 til seksjonen &laquo;Kampanjekoder&raquo; eller &laquo;Bonuser&raquo; og angi riktig kode.\nDeretter blir bonusene som f\u00f8lger av denne handlingen automatisk kreditert kontoen din.  <\/p>\n\n<p>Det er viktig \u00e5 huske p\u00e5 at kampanjekoder kan ha en begrenset gyldighetsperiode eller visse bruksvilk\u00e5r.\nF\u00f8r du skriver inn en kampanjekode, er det viktig \u00e5 lese vilk\u00e5rene n\u00f8ye for \u00e5 unng\u00e5 misforst\u00e5elser og utnytte bonusene som tilbys fullt ut. <\/p>\n\n<h2 class=\"wp-block-heading\">Attester og anbefalinger<\/h2>\n\n<p>Her er noen anmeldelser fra brukere som har opplevd fordelene med dette popul\u00e6re pengespillet:<\/p>\n","protected":false},"excerpt":{"rendered":"<p>Cash or Crash er et spill som er sv\u00e6rt popul\u00e6rt blant fans av gamblingapplikasjoner, h\u00f8ye innsatser og risiko. Det er et flott alternativ for \u00e5 ha det g\u00f8y og pr\u00f8ve lykken. Cash or Crash er en Android-applikasjon der spillerne kan satse p\u00e5 ulike hendelser, der utfallet bestemmes tilfeldig. For \u00e5 begynne \u00e5 spille er alt [&hellip;]<\/p>\n","protected":false},"author":2,"featured_media":0,"parent":0,"menu_order":0,"comment_status":"open","ping_status":"closed","template":"","meta":{"footnotes":""},"yoast_head":"<!-- This site is optimized with the Yoast SEO plugin v21.7 - https:\/\/yoast.com\/wordpress\/plugins\/seo\/ -->\n<title>Cash or Crash kasinospill, nedlasting<\/title>\n<meta name=\"description\" content=\"En oversikt over Cash or Crash, et popul\u00e6rt spill over hele verden. L\u00e6r om de viktigste funksjonene, fordelene, spillereglene og hemmelighetene bak de store gevinstene. Last ned spillet og kos deg sammen med vennene dine.\" \/>\n<meta name=\"robots\" content=\"index, follow, max-snippet:-1, max-image-preview:large, max-video-preview:-1\" \/>\n<link rel=\"canonical\" href=\"https:\/\/aviator-crash.org\/no\/spill-cash-or-crash\/\" \/>\n<meta property=\"og:locale\" content=\"nb_NO\" \/>\n<meta property=\"og:type\" content=\"article\" \/>\n<meta property=\"og:title\" content=\"Cash or Crash kasinospill, nedlasting\" \/>\n<meta property=\"og:description\" content=\"En oversikt over Cash or Crash, et popul\u00e6rt spill over hele verden. L\u00e6r om de viktigste funksjonene, fordelene, spillereglene og hemmelighetene bak de store gevinstene. Last ned spillet og kos deg sammen med vennene dine.\" \/>\n<meta property=\"og:url\" content=\"https:\/\/aviator-crash.org\/no\/spill-cash-or-crash\/\" \/>\n<meta property=\"article:modified_time\" content=\"2024-02-02T19:35:36+00:00\" \/>\n<meta property=\"og:image\" content=\"https:\/\/aviator-crash.org\/wp-content\/uploads\/2024\/01\/cash-or-crash-live-1200x584-1-1024x498.jpeg\" \/>\n<meta name=\"twitter:card\" content=\"summary_large_image\" \/>\n<meta name=\"twitter:label1\" content=\"Est. reading time\" \/>\n\t<meta name=\"twitter:data1\" content=\"5 minutter\" \/>\n<script type=\"application\/ld+json\" class=\"yoast-schema-graph\">{\"@context\":\"https:\/\/schema.org\",\"@graph\":[{\"@type\":\"WebPage\",\"@id\":\"https:\/\/aviator-crash.org\/no\/spill-cash-or-crash\/\",\"url\":\"https:\/\/aviator-crash.org\/no\/spill-cash-or-crash\/\",\"name\":\"Cash or Crash kasinospill, nedlasting\",\"isPartOf\":{\"@id\":\"https:\/\/aviator-crash.org\/no\/#website\"},\"datePublished\":\"2023-12-27T19:58:01+00:00\",\"dateModified\":\"2024-02-02T19:35:36+00:00\",\"description\":\"En oversikt over Cash or Crash, et popul\u00e6rt spill over hele verden. L\u00e6r om de viktigste funksjonene, fordelene, spillereglene og hemmelighetene bak de store gevinstene. Last ned spillet og kos deg sammen med vennene dine.\",\"breadcrumb\":{\"@id\":\"https:\/\/aviator-crash.org\/no\/spill-cash-or-crash\/#breadcrumb\"},\"inLanguage\":\"nb-NO\",\"potentialAction\":[{\"@type\":\"ReadAction\",\"target\":[\"https:\/\/aviator-crash.org\/no\/spill-cash-or-crash\/\"]}]},{\"@type\":\"BreadcrumbList\",\"@id\":\"https:\/\/aviator-crash.org\/no\/spill-cash-or-crash\/#breadcrumb\",\"itemListElement\":[{\"@type\":\"ListItem\",\"position\":1,\"name\":\"Home\",\"item\":\"https:\/\/aviator-crash.org\/no\/aviator-spill-online-for-ekte-penger\/\"},{\"@type\":\"ListItem\",\"position\":2,\"name\":\"Spill Cash or Crash\"}]},{\"@type\":\"WebSite\",\"@id\":\"https:\/\/aviator-crash.org\/no\/#website\",\"url\":\"https:\/\/aviator-crash.org\/no\/\",\"name\":\"\",\"description\":\"\",\"potentialAction\":[{\"@type\":\"SearchAction\",\"target\":{\"@type\":\"EntryPoint\",\"urlTemplate\":\"https:\/\/aviator-crash.org\/no\/?s={search_term_string}\"},\"query-input\":\"required name=search_term_string\"}],\"inLanguage\":\"nb-NO\"}]}<\/script>\n<!-- \/ Yoast SEO plugin. -->","yoast_head_json":{"title":"Cash or Crash kasinospill, nedlasting","description":"En oversikt over Cash or Crash, et popul\u00e6rt spill over hele verden. L\u00e6r om de viktigste funksjonene, fordelene, spillereglene og hemmelighetene bak de store gevinstene. Last ned spillet og kos deg sammen med vennene dine.","robots":{"index":"index","follow":"follow","max-snippet":"max-snippet:-1","max-image-preview":"max-image-preview:large","max-video-preview":"max-video-preview:-1"},"canonical":"https:\/\/aviator-crash.org\/no\/spill-cash-or-crash\/","og_locale":"nb_NO","og_type":"article","og_title":"Cash or Crash kasinospill, nedlasting","og_description":"En oversikt over Cash or Crash, et popul\u00e6rt spill over hele verden. L\u00e6r om de viktigste funksjonene, fordelene, spillereglene og hemmelighetene bak de store gevinstene. Last ned spillet og kos deg sammen med vennene dine.","og_url":"https:\/\/aviator-crash.org\/no\/spill-cash-or-crash\/","article_modified_time":"2024-02-02T19:35:36+00:00","og_image":[{"url":"https:\/\/aviator-crash.org\/wp-content\/uploads\/2024\/01\/cash-or-crash-live-1200x584-1-1024x498.jpeg"}],"twitter_card":"summary_large_image","twitter_misc":{"Est. reading time":"5 minutter"},"schema":{"@context":"https:\/\/schema.org","@graph":[{"@type":"WebPage","@id":"https:\/\/aviator-crash.org\/no\/spill-cash-or-crash\/","url":"https:\/\/aviator-crash.org\/no\/spill-cash-or-crash\/","name":"Cash or Crash kasinospill, nedlasting","isPartOf":{"@id":"https:\/\/aviator-crash.org\/no\/#website"},"datePublished":"2023-12-27T19:58:01+00:00","dateModified":"2024-02-02T19:35:36+00:00","description":"En oversikt over Cash or Crash, et popul\u00e6rt spill over hele verden. L\u00e6r om de viktigste funksjonene, fordelene, spillereglene og hemmelighetene bak de store gevinstene. Last ned spillet og kos deg sammen med vennene dine.","breadcrumb":{"@id":"https:\/\/aviator-crash.org\/no\/spill-cash-or-crash\/#breadcrumb"},"inLanguage":"nb-NO","potentialAction":[{"@type":"ReadAction","target":["https:\/\/aviator-crash.org\/no\/spill-cash-or-crash\/"]}]},{"@type":"BreadcrumbList","@id":"https:\/\/aviator-crash.org\/no\/spill-cash-or-crash\/#breadcrumb","itemListElement":[{"@type":"ListItem","position":1,"name":"Home","item":"https:\/\/aviator-crash.org\/no\/aviator-spill-online-for-ekte-penger\/"},{"@type":"ListItem","position":2,"name":"Spill Cash or Crash"}]},{"@type":"WebSite","@id":"https:\/\/aviator-crash.org\/no\/#website","url":"https:\/\/aviator-crash.org\/no\/","name":"","description":"","potentialAction":[{"@type":"SearchAction","target":{"@type":"EntryPoint","urlTemplate":"https:\/\/aviator-crash.org\/no\/?s={search_term_string}"},"query-input":"required name=search_term_string"}],"inLanguage":"nb-NO"}]}},"_links":{"self":[{"href":"https:\/\/aviator-crash.org\/no\/wp-json\/wp\/v2\/pages\/3051"}],"collection":[{"href":"https:\/\/aviator-crash.org\/no\/wp-json\/wp\/v2\/pages"}],"about":[{"href":"https:\/\/aviator-crash.org\/no\/wp-json\/wp\/v2\/types\/page"}],"author":[{"embeddable":true,"href":"https:\/\/aviator-crash.org\/no\/wp-json\/wp\/v2\/users\/2"}],"replies":[{"embeddable":true,"href":"https:\/\/aviator-crash.org\/no\/wp-json\/wp\/v2\/comments?post=3051"}],"version-history":[{"count":1,"href":"https:\/\/aviator-crash.org\/no\/wp-json\/wp\/v2\/pages\/3051\/revisions"}],"predecessor-version":[{"id":3053,"href":"https:\/\/aviator-crash.org\/no\/wp-json\/wp\/v2\/pages\/3051\/revisions\/3053"}],"wp:attachment":[{"href":"https:\/\/aviator-crash.org\/no\/wp-json\/wp\/v2\/media?parent=3051"}],"curies":[{"name":"wp","href":"https:\/\/api.w.org\/{rel}","templated":true}]}}