{"id":3147,"date":"2023-12-27T19:12:26","date_gmt":"2023-12-27T19:12:26","guid":{"rendered":"https:\/\/aviator-crash.org\/raske-pengespill-pa-nettet-med-uttak\/"},"modified":"2024-02-02T19:42:25","modified_gmt":"2024-02-02T19:42:25","slug":"raske-pengespill-pa-nettet-med-uttak","status":"publish","type":"page","link":"https:\/\/aviator-crash.org\/no\/raske-pengespill-pa-nettet-med-uttak\/","title":{"rendered":"Raske pengespill p\u00e5 nettet med uttak"},"content":{"rendered":"\n<figure class=\"wp-block-gallery has-nested-images columns-default is-cropped wp-block-gallery-1 is-layout-flex wp-block-gallery-is-layout-flex\">\n<figure class=\"wp-block-image size-large\"><span itemprop=\"image\" itemscope itemtype=\"https:\/\/schema.org\/ImageObject\"><img itemprop=\"url image\" loading=\"lazy\" decoding=\"async\" width=\"683\" height=\"600\" data-id=\"460\" src=\"https:\/\/aviator-crash.org\/wp-content\/uploads\/2024\/01\/aviator-minigame-logo-4.png\" alt=\"\" class=\"wp-image-460\" srcset=\"https:\/\/aviator-crash.org\/wp-content\/uploads\/2024\/01\/aviator-minigame-logo-4.png 683w, https:\/\/aviator-crash.org\/wp-content\/uploads\/2024\/01\/aviator-minigame-logo-4-300x264.png 300w\" sizes=\"(max-width: 683px) 100vw, 683px\" \/><meta itemprop=\"width\" content=\"683\"><meta itemprop=\"height\" content=\"600\"><\/span><\/figure>\n<\/figure>\n\n<p>Konseptet med Crash-spill dukket opp tidlig p\u00e5 2000-tallet.\nDe siste \u00e5rene har de imidlertid blitt stadig mer popul\u00e6re.\nSpill for \u00e5 tjene raske penger finnes p\u00e5 nesten alle nettcasinoer.\nHver runde er spennende og fylt med adrenalin.\nDe raske spillene kjennetegnes av enkel spilling: multiplikatoren \u00f8ker, f\u00f8lgelig vokser gevinsten, og du m\u00e5 klare \u00e5 ta pengene f\u00f8r katastrofen inntreffer.    <\/p>\n\n<h2 class=\"wp-block-heading\">Krasjspill for penger med uttak<\/h2>\n\n<p>Rask inntjening i gambling er veldig attraktivt for spillere.\nBrukeren b\u00f8r f\u00f8lge n\u00f8ye med p\u00e5 spillet og trykke p\u00e5 knappen i det \u00f8yeblikket intuisjonen hans ber ham.\nSpillet med raskt uttak av penger er ekte, det er bekreftet av spillere fra hele verden.  <\/p>\n\n<p>Prinsippet er veldig enkelt: Spilleren gj\u00f8r en innsats, og deretter vokser multiplikatoren.\nIngen vet n\u00e5r runden vil ta slutt.\nDet er mulig \u00e5 tjene raske penger p\u00e5 gambling hvis du, takket v\u00e6re intuisjon, trykker p\u00e5 knappen f\u00f8r katastrofen.\n\u00c5 vinne er produktet av innsatsen p\u00e5 koeffisienten der spillet stoppet.\nHvis brukeren ikke hadde tid &#8211; vant kasinoet.\nJo lenger runden, jo st\u00f8rre er risikoen.\nMen samtidig er det flere sjanser til \u00e5 vinne.      <\/p>\n\n<p>Crash game for money er basert p\u00e5 GSC, som er umulig \u00e5 sl\u00e5.\nUlike hackingprogrammer eller falske ordninger vil heller ikke hjelpe.\n\u00c6rligheten til krasjspill kan bevises, enhver bruker kan sjekke det.  <\/p>\n\n<h2 class=\"wp-block-heading\">Spille Aviator (flygende fly) for penger<\/h2>\n\n<p>Spill med uttak av minipenger er ekstremt popul\u00e6re.\nOg en av de mest kjente er Aviator.\nDesignet er veldig enkelt.\nP\u00e5 en m\u00f8rk bakgrunn er \u00e5 f\u00e5 h\u00f8yde fly.\nJo h\u00f8yere det er &#8211; jo st\u00f8rre koeffisient.\nHvis \u00f8nskelig, er det mulig \u00e5 deaktivere animasjon.\nI dette tilfellet vil brukeren se foran ham bare den voksende koeffisienten.\nTellemultiplikatoren starter fra en, \u00f8kningen er ujevn.\nBare noen f\u00e5 sekunder er nok til at den vokser fem eller hundre ganger.\nVarigheten av runden kan v\u00e6re forskjellig, og et helt sekund, og en liten br\u00f8kdel.\nHvis \u00f8nskelig, gambleren kj\u00f8rer autospill, det er nok for ham \u00e5 sette innsatsen og koeffisienten for \u00e5 avslutte runden.\nDu kan gj\u00f8re deg kjent med tidligere spill og resultater fra andre brukere takket v\u00e6re Live Statistics.           <\/p>\n\n<h2 class=\"wp-block-heading\">Crash-spill &#8211; Lucky Jet<\/h2>\n\n<figure class=\"wp-block-gallery has-nested-images columns-default is-cropped wp-block-gallery-2 is-layout-flex wp-block-gallery-is-layout-flex\">\n<figure class=\"wp-block-image size-large\"><span itemprop=\"image\" itemscope itemtype=\"https:\/\/schema.org\/ImageObject\"><img itemprop=\"url image\" loading=\"lazy\" decoding=\"async\" width=\"1024\" height=\"509\" data-id=\"448\" src=\"https:\/\/aviator-crash.org\/wp-content\/uploads\/2024\/01\/lucky-jet_1-1024x509.jpg\" alt=\"\" class=\"wp-image-448\" srcset=\"https:\/\/aviator-crash.org\/wp-content\/uploads\/2024\/01\/lucky-jet_1-1024x509.jpg 1024w, https:\/\/aviator-crash.org\/wp-content\/uploads\/2024\/01\/lucky-jet_1-300x149.jpg 300w, https:\/\/aviator-crash.org\/wp-content\/uploads\/2024\/01\/lucky-jet_1-768x382.jpg 768w, https:\/\/aviator-crash.org\/wp-content\/uploads\/2024\/01\/lucky-jet_1.jpg 1093w\" sizes=\"(max-width: 1024px) 100vw, 1024px\" \/><meta itemprop=\"width\" content=\"1024\"><meta itemprop=\"height\" content=\"509\"><\/span><\/figure>\n<\/figure>\n\n<p>Crash-spill for penger med bonus har en annen handling.\nP\u00e5 nettet kan du pr\u00f8ve lykken i Lucky Jet, der hovedpersonen Joe pr\u00f8ver \u00e5 fly av g\u00e5rde med en ransel full av penger.\nCrash-spill for penger har enkle regler.\nDu m\u00e5 velge en innsats og ha tid til \u00e5 utbetale den.\nHvis du ikke gj\u00f8r det i tide, vil pengene brenne.\nOddsen avhenger av hvor lenge Joe holder seg i luften.     <\/p>\n\n<p>St\u00f8rrelsen p\u00e5 den maksimale multiplikatoren er 100, i noen pengeselskaper er den doblet.\n\u00c5 vinne avhenger bare av spillerens intuisjon, ettersom han bestemmer n\u00e5r han skal trykke p\u00e5 knappen. <\/p>\n\n<h2 class=\"wp-block-heading\">Crash-spill &#8211; Jet X<\/h2>\n\n<figure class=\"wp-block-gallery has-nested-images columns-default is-cropped wp-block-gallery-3 is-layout-flex wp-block-gallery-is-layout-flex\">\n<figure class=\"wp-block-image size-large\"><span itemprop=\"image\" itemscope itemtype=\"https:\/\/schema.org\/ImageObject\"><img itemprop=\"url image\" loading=\"lazy\" decoding=\"async\" width=\"1024\" height=\"621\" data-id=\"451\" src=\"https:\/\/aviator-crash.org\/wp-content\/uploads\/2024\/01\/jetx-game-9-1024x621-1.png\" alt=\"\" class=\"wp-image-451\" srcset=\"https:\/\/aviator-crash.org\/wp-content\/uploads\/2024\/01\/jetx-game-9-1024x621-1.png 1024w, https:\/\/aviator-crash.org\/wp-content\/uploads\/2024\/01\/jetx-game-9-1024x621-1-300x182.png 300w, https:\/\/aviator-crash.org\/wp-content\/uploads\/2024\/01\/jetx-game-9-1024x621-1-768x466.png 768w\" sizes=\"(max-width: 1024px) 100vw, 1024px\" \/><meta itemprop=\"width\" content=\"1024\"><meta itemprop=\"height\" content=\"621\"><\/span><\/figure>\n<\/figure>\n\n<p>Spill med raske penger bruker ofte et kj\u00f8ret\u00f8y som hovedperson.\nI Jet X skal du f\u00f8lge bevegelsene til et jetfly.\nMen p\u00e5 et tidspunkt vil han krasje og forsvinne fra radaren.\nOg det er f\u00f8r det at brukeren m\u00e5 trykke forsiktig p\u00e5 knappen for uttak.\nEllers vinner kasinoet.    <\/p>\n\n<p>Spillet er blant de beste, det presenteres i mange kasinoer.\nBrukeren ser en radarskjerm foran seg, som viser flyet og koeffisienten.\nDen \u00f8ker n\u00e5r flyet tar av.\nIkke for ingenting er Jet X inkludert i kategorien &laquo;Spill med rask uttak&raquo;, runden varer ikke mer enn et par minutter.   <\/p>\n\n<p>I sidefeltene kan brukeren se resultatene fra tidligere runder.\nVidere vises den virkelige statistikken for alle brukere.\nSpilleren kan gj\u00f8re to innsatser per runde, om n\u00f8dvendig aktiveres automatisk uttak.\nKrasjet skjer n\u00e5r som helst, selv om jagerflyet nettopp har begynt \u00e5 f\u00e5 h\u00f8yde.\nInformasjonssider rapporterer en maksimal koeffisient p\u00e5 x25000, men den har enn\u00e5 ikke blitt n\u00e5dd av noen gambler.    <\/p>\n\n<h2 class=\"wp-block-heading\">Spillkrasj &#8211; Rocket X<\/h2>\n\n<figure class=\"wp-block-gallery has-nested-images columns-default is-cropped wp-block-gallery-4 is-layout-flex wp-block-gallery-is-layout-flex\">\n<figure class=\"wp-block-image size-large\"><span itemprop=\"image\" itemscope itemtype=\"https:\/\/schema.org\/ImageObject\"><img itemprop=\"url image\" loading=\"lazy\" decoding=\"async\" width=\"1024\" height=\"448\" data-id=\"453\" src=\"https:\/\/aviator-crash.org\/wp-content\/uploads\/2024\/01\/screenshot-2022-11-29-at-12.55.42-1024x448.jpg\" alt=\"\" class=\"wp-image-453\" srcset=\"https:\/\/aviator-crash.org\/wp-content\/uploads\/2024\/01\/screenshot-2022-11-29-at-12.55.42-1024x448.jpg 1024w, https:\/\/aviator-crash.org\/wp-content\/uploads\/2024\/01\/screenshot-2022-11-29-at-12.55.42-300x131.jpg 300w, https:\/\/aviator-crash.org\/wp-content\/uploads\/2024\/01\/screenshot-2022-11-29-at-12.55.42-768x336.jpg 768w, https:\/\/aviator-crash.org\/wp-content\/uploads\/2024\/01\/screenshot-2022-11-29-at-12.55.42-1536x673.jpg 1536w, https:\/\/aviator-crash.org\/wp-content\/uploads\/2024\/01\/screenshot-2022-11-29-at-12.55.42-2048x897.jpg 2048w\" sizes=\"(max-width: 1024px) 100vw, 1024px\" \/><meta itemprop=\"width\" content=\"1024\"><meta itemprop=\"height\" content=\"448\"><\/span><\/figure>\n<\/figure>\n\n<p>Brukeren ser raketten ta av.\nHan kan plassere en innsats fra 0,1 til 140.\nJo lenger flyvningen varer &#8211; jo h\u00f8yere koeffisient.\nSpilleren kan tilpasse spillet slik at det passer ham selv, bruke automatisk innsats og uttak.\nKrasjspillet krever minimale innstillinger.\nEtter det kan brukeren glede seg over en spektakul\u00e6r prosess: etter lanseringen av raketten er det en lys plume, det er ogs\u00e5 en \u00f8kning i koeffisienten.\nI frav\u00e6r av automatisk tilbaketrekking velges \u00f8yeblikket for slutten av runden av spilleren.\nHvis han ikke hadde tid til \u00e5 gj\u00f8re dette f\u00f8r eksplosjonen, forblir han i tap.\nDet er mulig \u00e5 bli en vinner hvis du bruker forskjellige strategier og taktikker.        <\/p>\n\n<h2 class=\"wp-block-heading\">Crash-spill &#8211; Space XY<\/h2>\n\n<figure class=\"wp-block-gallery has-nested-images columns-default is-cropped wp-block-gallery-5 is-layout-flex wp-block-gallery-is-layout-flex\">\n<figure class=\"wp-block-image size-large\"><span itemprop=\"image\" itemscope itemtype=\"https:\/\/schema.org\/ImageObject\"><img itemprop=\"url image\" loading=\"lazy\" decoding=\"async\" width=\"1024\" height=\"577\" data-id=\"455\" src=\"https:\/\/aviator-crash.org\/wp-content\/uploads\/2024\/01\/spacexy-gameplay-screen-1024x577-1.webp\" alt=\"\" class=\"wp-image-455\" srcset=\"https:\/\/aviator-crash.org\/wp-content\/uploads\/2024\/01\/spacexy-gameplay-screen-1024x577-1.webp 1024w, https:\/\/aviator-crash.org\/wp-content\/uploads\/2024\/01\/spacexy-gameplay-screen-1024x577-1-300x169.webp 300w, https:\/\/aviator-crash.org\/wp-content\/uploads\/2024\/01\/spacexy-gameplay-screen-1024x577-1-768x433.webp 768w\" sizes=\"(max-width: 1024px) 100vw, 1024px\" \/><meta itemprop=\"width\" content=\"1024\"><meta itemprop=\"height\" content=\"577\"><\/span><\/figure>\n<\/figure>\n\n<p>Crash-spill for penger har unike egenskaper.\nRomtemaet gj\u00f8r det mer interessant og attraktivt for spillerne.\nRomskip, galakser, fremmede skapninger, alt dette kombinert med lyse animasjoner og grafikk lar deg fordype deg helt i spillverdenen.\nSpace XY &#8211; det beste spillet med raskt uttak, det har vinnerkombinasjoner og bonusfunksjoner.\nDu finner det p\u00e5 forskjellige nettcasinoer, s\u00e5 Crash-spillet er tilgjengelig for et bredt publikum.\nDu kan spille for ekte penger eller virtuelle sjetonger, du trenger bare \u00e5 kj\u00f8re demomodus.     <\/p>\n\n<h2 class=\"wp-block-heading\">Raskt spill &#8211; Kontanter eller krasj<\/h2>\n\n<figure class=\"wp-block-gallery has-nested-images columns-default is-cropped wp-block-gallery-6 is-layout-flex wp-block-gallery-is-layout-flex\">\n<figure class=\"wp-block-image size-large\"><span itemprop=\"image\" itemscope itemtype=\"https:\/\/schema.org\/ImageObject\"><img itemprop=\"url image\" loading=\"lazy\" decoding=\"async\" width=\"1024\" height=\"576\" data-id=\"457\" src=\"https:\/\/aviator-crash.org\/wp-content\/uploads\/2024\/01\/cash-or-crash-evolution-live-games-hollywoodbets-1024x576-1.jpg\" alt=\"\" class=\"wp-image-457\" srcset=\"https:\/\/aviator-crash.org\/wp-content\/uploads\/2024\/01\/cash-or-crash-evolution-live-games-hollywoodbets-1024x576-1.jpg 1024w, https:\/\/aviator-crash.org\/wp-content\/uploads\/2024\/01\/cash-or-crash-evolution-live-games-hollywoodbets-1024x576-1-300x169.jpg 300w, https:\/\/aviator-crash.org\/wp-content\/uploads\/2024\/01\/cash-or-crash-evolution-live-games-hollywoodbets-1024x576-1-768x432.jpg 768w\" sizes=\"(max-width: 1024px) 100vw, 1024px\" \/><meta itemprop=\"width\" content=\"1024\"><meta itemprop=\"height\" content=\"576\"><\/span><\/figure>\n<\/figure>\n\n<p>Spilleren befinner seg i et luftskip som beveger seg over en stor metropol.\nBrukeren ser et apparat der baller blandes.\n\u00c5tte r\u00f8de, 19 gr\u00f8nne og \u00e9n gyllen ball brukes.\nSpilleren m\u00e5 bevege seg opp trappene.\nFor \u00e5 gj\u00f8re dette m\u00e5 spilleren samle opp baller med gr\u00f8nn farge.\nHvis en r\u00f8d ball faller ut, er runden over.\nGullkulen kan brukes til forsvar og gir et ekstra liv.      <\/p>\n\n<p>N\u00e5r skjoldet er \u00f8delagt eller den gr\u00f8nne ballen faller ut, kan spilleren fortsette spillet med full gevinst eller avslutte runden.\nHan har ogs\u00e5 muligheten til \u00e5 ta ut halvparten av pengene, og med det resterende bel\u00f8pet kan han fortsette spillet.\nSpilleren m\u00e5 g\u00e5 gjennom tjue niv\u00e5er.\nP\u00e5 den f\u00f8rste av dem er multiplikatoren 1,2x, og p\u00e5 toppen av stigen er den 18000x.\nDet er nok for spilleren \u00e5 satse $ 5 for \u00e5 f\u00e5 90000 som et resultat.    <\/p>\n\n<p>Last ned spillet med en rask uttak av penger er tilgjengelig p\u00e5 online kasinoer.\nDet er n\u00f8dvendig \u00e5 velge en p\u00e5litelig tjeneste med lisens, det garanterer overholdelse av regulatorens regler.\nDette betyr at kasinoet har penger til \u00e5 betale selv store summer til vinnerne, det gjennomg\u00e5r kontinuerlig interne revisjoner og programvarekontroller.\nDet er viktig \u00e5 studere anmeldelser og institusjonens nettsted.\nHvis brukeren faller p\u00e5 et uredelig nettsted, vil han ikke f\u00e5 underholdning med bonus og gevinster, men vil miste personlige data eller infisere enheten med virus.    <\/p>\n","protected":false},"excerpt":{"rendered":"<p>Konseptet med Crash-spill dukket opp tidlig p\u00e5 2000-tallet. De siste \u00e5rene har de imidlertid blitt stadig mer popul\u00e6re. Spill for \u00e5 tjene raske penger finnes p\u00e5 nesten alle nettcasinoer. Hver runde er spennende og fylt med adrenalin. De raske spillene kjennetegnes av enkel spilling: multiplikatoren \u00f8ker, f\u00f8lgelig vokser gevinsten, og du m\u00e5 klare \u00e5 ta [&hellip;]<\/p>\n","protected":false},"author":2,"featured_media":0,"parent":0,"menu_order":0,"comment_status":"closed","ping_status":"closed","template":"","meta":{"footnotes":""},"yoast_head":"<!-- This site is optimized with the Yoast SEO plugin v21.7 - https:\/\/yoast.com\/wordpress\/plugins\/seo\/ -->\n<title>Crash Games for money (raskt online Crash Game med uttak av penger)<\/title>\n<meta name=\"description\" content=\"Crash-spill er popul\u00e6re fordi de gir mulighet til \u00e5 tjene raske penger. Pengespill med krasj kjennetegnes av enkle regler. Samtidig er de veldig spennende og gamblingpreget.\" \/>\n<meta name=\"robots\" content=\"index, follow, max-snippet:-1, max-image-preview:large, max-video-preview:-1\" \/>\n<link rel=\"canonical\" href=\"https:\/\/aviator-crash.org\/no\/raske-pengespill-pa-nettet-med-uttak\/\" \/>\n<meta property=\"og:locale\" content=\"nb_NO\" \/>\n<meta property=\"og:type\" content=\"article\" \/>\n<meta property=\"og:title\" content=\"Crash Games for money (raskt online Crash Game med uttak av penger)\" \/>\n<meta property=\"og:description\" content=\"Crash-spill er popul\u00e6re fordi de gir mulighet til \u00e5 tjene raske penger. Pengespill med krasj kjennetegnes av enkle regler. Samtidig er de veldig spennende og gamblingpreget.\" \/>\n<meta property=\"og:url\" content=\"https:\/\/aviator-crash.org\/no\/raske-pengespill-pa-nettet-med-uttak\/\" \/>\n<meta property=\"article:modified_time\" content=\"2024-02-02T19:42:25+00:00\" \/>\n<meta property=\"og:image\" content=\"https:\/\/aviator-crash.org\/wp-content\/uploads\/2024\/01\/aviator-minigame-logo-4.png\" \/>\n<meta name=\"twitter:card\" content=\"summary_large_image\" \/>\n<meta name=\"twitter:label1\" content=\"Est. reading time\" \/>\n\t<meta name=\"twitter:data1\" content=\"5 minutter\" \/>\n<script type=\"application\/ld+json\" class=\"yoast-schema-graph\">{\"@context\":\"https:\/\/schema.org\",\"@graph\":[{\"@type\":\"WebPage\",\"@id\":\"https:\/\/aviator-crash.org\/no\/raske-pengespill-pa-nettet-med-uttak\/\",\"url\":\"https:\/\/aviator-crash.org\/no\/raske-pengespill-pa-nettet-med-uttak\/\",\"name\":\"Crash Games for money (raskt online Crash Game med uttak av penger)\",\"isPartOf\":{\"@id\":\"https:\/\/aviator-crash.org\/no\/#website\"},\"datePublished\":\"2023-12-27T19:12:26+00:00\",\"dateModified\":\"2024-02-02T19:42:25+00:00\",\"description\":\"Crash-spill er popul\u00e6re fordi de gir mulighet til \u00e5 tjene raske penger. Pengespill med krasj kjennetegnes av enkle regler. Samtidig er de veldig spennende og gamblingpreget.\",\"breadcrumb\":{\"@id\":\"https:\/\/aviator-crash.org\/no\/raske-pengespill-pa-nettet-med-uttak\/#breadcrumb\"},\"inLanguage\":\"nb-NO\",\"potentialAction\":[{\"@type\":\"ReadAction\",\"target\":[\"https:\/\/aviator-crash.org\/no\/raske-pengespill-pa-nettet-med-uttak\/\"]}]},{\"@type\":\"BreadcrumbList\",\"@id\":\"https:\/\/aviator-crash.org\/no\/raske-pengespill-pa-nettet-med-uttak\/#breadcrumb\",\"itemListElement\":[{\"@type\":\"ListItem\",\"position\":1,\"name\":\"Home\",\"item\":\"https:\/\/aviator-crash.org\/no\/aviator-spill-online-for-ekte-penger\/\"},{\"@type\":\"ListItem\",\"position\":2,\"name\":\"Raske pengespill p\u00e5 nettet med uttak\"}]},{\"@type\":\"WebSite\",\"@id\":\"https:\/\/aviator-crash.org\/no\/#website\",\"url\":\"https:\/\/aviator-crash.org\/no\/\",\"name\":\"\",\"description\":\"\",\"potentialAction\":[{\"@type\":\"SearchAction\",\"target\":{\"@type\":\"EntryPoint\",\"urlTemplate\":\"https:\/\/aviator-crash.org\/no\/?s={search_term_string}\"},\"query-input\":\"required name=search_term_string\"}],\"inLanguage\":\"nb-NO\"}]}<\/script>\n<!-- \/ Yoast SEO plugin. -->","yoast_head_json":{"title":"Crash Games for money (raskt online Crash Game med uttak av penger)","description":"Crash-spill er popul\u00e6re fordi de gir mulighet til \u00e5 tjene raske penger. Pengespill med krasj kjennetegnes av enkle regler. Samtidig er de veldig spennende og gamblingpreget.","robots":{"index":"index","follow":"follow","max-snippet":"max-snippet:-1","max-image-preview":"max-image-preview:large","max-video-preview":"max-video-preview:-1"},"canonical":"https:\/\/aviator-crash.org\/no\/raske-pengespill-pa-nettet-med-uttak\/","og_locale":"nb_NO","og_type":"article","og_title":"Crash Games for money (raskt online Crash Game med uttak av penger)","og_description":"Crash-spill er popul\u00e6re fordi de gir mulighet til \u00e5 tjene raske penger. Pengespill med krasj kjennetegnes av enkle regler. Samtidig er de veldig spennende og gamblingpreget.","og_url":"https:\/\/aviator-crash.org\/no\/raske-pengespill-pa-nettet-med-uttak\/","article_modified_time":"2024-02-02T19:42:25+00:00","og_image":[{"url":"https:\/\/aviator-crash.org\/wp-content\/uploads\/2024\/01\/aviator-minigame-logo-4.png"}],"twitter_card":"summary_large_image","twitter_misc":{"Est. reading time":"5 minutter"},"schema":{"@context":"https:\/\/schema.org","@graph":[{"@type":"WebPage","@id":"https:\/\/aviator-crash.org\/no\/raske-pengespill-pa-nettet-med-uttak\/","url":"https:\/\/aviator-crash.org\/no\/raske-pengespill-pa-nettet-med-uttak\/","name":"Crash Games for money (raskt online Crash Game med uttak av penger)","isPartOf":{"@id":"https:\/\/aviator-crash.org\/no\/#website"},"datePublished":"2023-12-27T19:12:26+00:00","dateModified":"2024-02-02T19:42:25+00:00","description":"Crash-spill er popul\u00e6re fordi de gir mulighet til \u00e5 tjene raske penger. Pengespill med krasj kjennetegnes av enkle regler. Samtidig er de veldig spennende og gamblingpreget.","breadcrumb":{"@id":"https:\/\/aviator-crash.org\/no\/raske-pengespill-pa-nettet-med-uttak\/#breadcrumb"},"inLanguage":"nb-NO","potentialAction":[{"@type":"ReadAction","target":["https:\/\/aviator-crash.org\/no\/raske-pengespill-pa-nettet-med-uttak\/"]}]},{"@type":"BreadcrumbList","@id":"https:\/\/aviator-crash.org\/no\/raske-pengespill-pa-nettet-med-uttak\/#breadcrumb","itemListElement":[{"@type":"ListItem","position":1,"name":"Home","item":"https:\/\/aviator-crash.org\/no\/aviator-spill-online-for-ekte-penger\/"},{"@type":"ListItem","position":2,"name":"Raske pengespill p\u00e5 nettet med uttak"}]},{"@type":"WebSite","@id":"https:\/\/aviator-crash.org\/no\/#website","url":"https:\/\/aviator-crash.org\/no\/","name":"","description":"","potentialAction":[{"@type":"SearchAction","target":{"@type":"EntryPoint","urlTemplate":"https:\/\/aviator-crash.org\/no\/?s={search_term_string}"},"query-input":"required name=search_term_string"}],"inLanguage":"nb-NO"}]}},"_links":{"self":[{"href":"https:\/\/aviator-crash.org\/no\/wp-json\/wp\/v2\/pages\/3147"}],"collection":[{"href":"https:\/\/aviator-crash.org\/no\/wp-json\/wp\/v2\/pages"}],"about":[{"href":"https:\/\/aviator-crash.org\/no\/wp-json\/wp\/v2\/types\/page"}],"author":[{"embeddable":true,"href":"https:\/\/aviator-crash.org\/no\/wp-json\/wp\/v2\/users\/2"}],"replies":[{"embeddable":true,"href":"https:\/\/aviator-crash.org\/no\/wp-json\/wp\/v2\/comments?post=3147"}],"version-history":[{"count":1,"href":"https:\/\/aviator-crash.org\/no\/wp-json\/wp\/v2\/pages\/3147\/revisions"}],"predecessor-version":[{"id":3155,"href":"https:\/\/aviator-crash.org\/no\/wp-json\/wp\/v2\/pages\/3147\/revisions\/3155"}],"wp:attachment":[{"href":"https:\/\/aviator-crash.org\/no\/wp-json\/wp\/v2\/media?parent=3147"}],"curies":[{"name":"wp","href":"https:\/\/api.w.org\/{rel}","templated":true}]}}