{"id":3683,"date":"2023-12-27T19:26:44","date_gmt":"2023-12-27T19:26:44","guid":{"rendered":"https:\/\/aviator-crash.org\/lucky-jet-1win-nedlasting\/"},"modified":"2024-02-02T20:21:09","modified_gmt":"2024-02-02T20:21:09","slug":"lucky-jet-1win-nedlasting","status":"publish","type":"page","link":"https:\/\/aviator-crash.org\/no\/lucky-jet-1win-nedlasting\/","title":{"rendered":"Lucky Jet 1win nedlasting"},"content":{"rendered":"\n<figure class=\"wp-block-gallery has-nested-images columns-default is-cropped wp-block-gallery-1 is-layout-flex wp-block-gallery-is-layout-flex\">\n<figure class=\"wp-block-image size-large\"><span itemprop=\"image\" itemscope itemtype=\"https:\/\/schema.org\/ImageObject\"><img itemprop=\"url image\" loading=\"lazy\" decoding=\"async\" width=\"880\" height=\"500\" data-id=\"478\" src=\"https:\/\/aviator-crash.org\/wp-content\/uploads\/2024\/01\/lucky_jet_game-casino_yl6vvw.webp\" alt=\"\" class=\"wp-image-478\" srcset=\"https:\/\/aviator-crash.org\/wp-content\/uploads\/2024\/01\/lucky_jet_game-casino_yl6vvw.webp 880w, https:\/\/aviator-crash.org\/wp-content\/uploads\/2024\/01\/lucky_jet_game-casino_yl6vvw-300x170.webp 300w, https:\/\/aviator-crash.org\/wp-content\/uploads\/2024\/01\/lucky_jet_game-casino_yl6vvw-768x436.webp 768w\" sizes=\"(max-width: 880px) 100vw, 880px\" \/><meta itemprop=\"width\" content=\"880\"><meta itemprop=\"height\" content=\"500\"><\/span><\/figure>\n<\/figure>\n\n<p>Virtuos flyvning, gambling og det grensel\u00f8se verdensrommet m\u00f8tes i det spennende eventyret Lucky Jet 1win.\nDette spennende 1win-spillet tar spillerne med inn i en unik verden av spenning og eventyr, der hver eneste man\u00f8ver kan vise seg \u00e5 v\u00e6re n\u00f8kkelen til seier. <\/p>\n\n<p>Lucky Jet 1win er ikke bare et Android-spill, det er en mulighet til \u00e5 stupe inn i den spennende verdenen av gamblingkamper, der hvert \u00f8yeblikk kan snu tidevannet.\nLast ned den offisielle applikasjonen Lucky Jet-spillet du kan p\u00e5 nettstedet Onewin.\nP\u00e5 din personlige konto kan du samle bel\u00f8nningene dine, kjempe og konkurrere med vennene dine.\nLucky Jet 1win-appen kan lastes ned gratis.   <\/p>\n\n<h2 class=\"wp-block-heading\">Fordelen med online-spillet Lucky Jet<\/h2>\n\n<p>Denne applikasjonen er et spennende nettspill med mange fordeler:<\/p>\n\n<ul>\n<li>Interessant gameplay.\nSpillerne kan delta i h\u00f8yteknologiske kamper i verdensrommet og ta av i sine flygende maskiner. <\/li>\n\n\n\n<li>Mange spennende oppdrag.<\/li>\n\n\n\n<li>Flerspillermodus.\nEn av de viktigste fordelene er muligheten til \u00e5 spille online med andre spillere.\nLucky Jet 1win har f\u00e5tt sv\u00e6rt gode anmeldelser for denne modusen, ettersom spillerne kan kjempe, konkurrere og samarbeide med venner eller andre spillere, noe som gir et sosialt aspekt og en dynamisk spillopplevelse.  <\/li>\n\n\n\n<li>Tilpasning av flymaskiner.\nSpillerne kan tilpasse og forbedre flymaskinene sine.\nDette skaper en personlig tiln\u00e6rming til spillet, slik at hver spiller kan utvikle sin egen stil og strategi.  <\/li>\n\n\n\n<li>Visuelt tiltalende design.\n1win Lucky Jet-spillet har imponerende grafikk og design, noe som gj\u00f8r spillverdenen fargerik og visuelt tiltalende. <\/li>\n\n\n\n<li>Regelmessige oppdateringer.<\/li>\n<\/ul>\n\n<p>Med disse fordelene i tankene leverer Lucky Jet en oppslukende spillopplevelse som kombinerer elementer av dynamisk action, sosial interaksjon og strategisk tenkning.<\/p>\n\n<h2 class=\"wp-block-heading\">Hvordan spille Lucky Jet<\/h2>\n\n<p>Spillerne begynner med \u00e5 opprette en konto, om n\u00f8dvendig, og velge fly.\nOppl\u00e6ringsprogrammer kan tilbys for \u00e5 gj\u00f8re spillerne kjent med kontrollene og det grunnleggende i spillet.\nSpillet, med eller uten 1win Lucky Jet-kuponger for gratisspill, kan inneholde ulike oppdrag, oppgaver eller m\u00e5l som spillerne m\u00e5 fullf\u00f8re for \u00e5 komme videre og tjene ressurser.  <\/p>\n\n<p>Under kontroll av et h\u00f8yteknologisk fly kjemper du mot farlige rivaler, utvikler ferdighetene dine og samler unike bel\u00f8nninger.\nSpennende oppdrag, fantastiske romlandskap og uforutsigbare m\u00f8ter venter deg p\u00e5 veien mot seier. <\/p>\n\n<p>Kampene i Lucky Jet g\u00e5r vanligvis ut p\u00e5 \u00e5 bruke en rekke ulike man\u00f8vrer, v\u00e5pen og taktiske l\u00f8sninger for \u00e5 overvinne motstanderne.\nSpillerne kan m\u00f8te datamotstandere eller delta i flerspillerkamper med andre spillere. <\/p>\n\n<p>Hvis du vil ha det g\u00f8y, b\u00f8r du definitivt laste ned Lucky Jet 1win til enheten din.\nDeretter f\u00e5r du muligheten til \u00e5 nyte en dynamisk og spennende opplevelse i romkamper, og bruke dine ferdigheter, strategier og evner til \u00e5 vinne. <\/p>\n\n<h2 class=\"wp-block-heading\">Hvordan vinne p\u00e5 Lucky Jet<\/h2>\n\n<p>\u00c5 vinne kan avhenge av flere faktorer, og det er viktig \u00e5 legge en strategi for Lucky Jet 1win og forbedre ferdighetene dine for \u00e5 lykkes i spillet.\nHer er noen tips som kan hjelpe deg med \u00e5 lykkes i Lucky Jet: <\/p>\n\n<ul>\n<li>Gj\u00f8r deg kjent med kontrollene.\nL\u00e6r deg hvordan du styrer det flyvende kj\u00f8ret\u00f8yet.\n\u00c5 forst\u00e5 alle tilgjengelige man\u00f8vrer og kommandoer vil hjelpe deg med \u00e5 styre effektivt i kamp.  <\/li>\n\n\n\n<li>Ta et kurs i One Win Lucky Jet.\nDette vil hjelpe deg med \u00e5 l\u00e6re deg det grunnleggende i spillet og hvordan du bruker ulike taktikker. <\/li>\n\n\n\n<li>Velg riktig fly.\nNoen kan v\u00e6re bedre til \u00e5 angripe, mens andre kan v\u00e6re bedre til \u00e5 unnvike. <\/li>\n\n\n\n<li>Utvikle flyet ditt.\nOppgrader flyenheten din ved hjelp av ressursene du tjener i spillet.\nDette \u00f8ker sjansene dine i kampene og gj\u00f8r deg mer konkurransedyktig.  <\/li>\n\n\n\n<li>Utvikle en Lucky Jet 1Win-strategi for hver kamp.<\/li>\n<\/ul>\n\n<p>Bruk omgivelsene til din fordel, unnvik angrep og let etter svakheter hos motstanderne.\nDet er best \u00e5 velge en strategi med sm\u00e5 odds for en mer effektiv seier. <\/p>\n\n<p>Husk at hvert spill kan ha sin egen unike dynamikk, s\u00e5 eksperimenter, tilpass deg og nyt prosessen med \u00e5 forbedre spillferdighetene dine hos Lucky Jet.<\/p>\n\n<h2 class=\"wp-block-heading\">Spilleregler for Lucky Jet<\/h2>\n\n<p>En annen fordel med dette spillet er at reglene er enkle og tilgjengelige.\nDet er flere runder her, hvor hovedm\u00e5let er \u00e5 plassere innsatsene dine i tide.\nLucky Jet 1win anmeldelser er et bevis p\u00e5 at her er ikke alt s\u00e5 enkelt som det ser ut til.\nDet er viktig \u00e5 satse bel\u00f8pet i tide, ellers kan det brenne.\nVil du ta en risiko eller vente p\u00e5 et mer passende \u00f8yeblikk?\nAlt avhenger av deg.     <\/p>\n\n<h2 class=\"wp-block-heading\">Kuponger<\/h2>\n\n<p>Lucky Jet-kuponger er spesielle koder som spillerne kan skrive inn i spillet for \u00e5 f\u00e5 bonuser, ressurser eller andre fordeler.\nDu kan gj\u00f8re deg kjent med dem p\u00e5 1Win-nettstedet.\nDe vil dukke opp regelmessig og glede spillerne med nye muligheter og gunstigere tilbud.  <\/p>\n\n<h2 class=\"wp-block-heading\">Attester og anbefalinger<\/h2>\n\n<p>Her er noen brukeranmeldelser:<\/p>\n\n<p><\/p>\n","protected":false},"excerpt":{"rendered":"<p>Virtuos flyvning, gambling og det grensel\u00f8se verdensrommet m\u00f8tes i det spennende eventyret Lucky Jet 1win. Dette spennende 1win-spillet tar spillerne med inn i en unik verden av spenning og eventyr, der hver eneste man\u00f8ver kan vise seg \u00e5 v\u00e6re n\u00f8kkelen til seier. Lucky Jet 1win er ikke bare et Android-spill, det er en mulighet til [&hellip;]<\/p>\n","protected":false},"author":2,"featured_media":0,"parent":0,"menu_order":0,"comment_status":"open","ping_status":"closed","template":"","meta":{"footnotes":""},"yoast_head":"<!-- This site is optimized with the Yoast SEO plugin v21.7 - https:\/\/yoast.com\/wordpress\/plugins\/seo\/ -->\n<title>Lucky Jet spill p\u00e5 1win casino, nedlasting<\/title>\n<meta name=\"description\" content=\"En gjennomgang av det internasjonalt popul\u00e6re Lucky Jet-spillet hos 1win Casino, som gir deg en reell mulighet til \u00e5 tjene gode penger. Gj\u00f8r deg kjent med spillets viktigste funksjoner, fordeler og regler. Sett i gang og g\u00e5 for gevinstene dine!\" \/>\n<meta name=\"robots\" content=\"index, follow, max-snippet:-1, max-image-preview:large, max-video-preview:-1\" \/>\n<link rel=\"canonical\" href=\"https:\/\/aviator-crash.org\/no\/lucky-jet-1win-nedlasting\/\" \/>\n<meta property=\"og:locale\" content=\"nb_NO\" \/>\n<meta property=\"og:type\" content=\"article\" \/>\n<meta property=\"og:title\" content=\"Lucky Jet spill p\u00e5 1win casino, nedlasting\" \/>\n<meta property=\"og:description\" content=\"En gjennomgang av det internasjonalt popul\u00e6re Lucky Jet-spillet hos 1win Casino, som gir deg en reell mulighet til \u00e5 tjene gode penger. Gj\u00f8r deg kjent med spillets viktigste funksjoner, fordeler og regler. Sett i gang og g\u00e5 for gevinstene dine!\" \/>\n<meta property=\"og:url\" content=\"https:\/\/aviator-crash.org\/no\/lucky-jet-1win-nedlasting\/\" \/>\n<meta property=\"article:modified_time\" content=\"2024-02-02T20:21:09+00:00\" \/>\n<meta property=\"og:image\" content=\"https:\/\/aviator-crash.org\/wp-content\/uploads\/2024\/01\/lucky_jet_game-casino_yl6vvw.webp\" \/>\n<meta name=\"twitter:card\" content=\"summary_large_image\" \/>\n<meta name=\"twitter:label1\" content=\"Est. reading time\" \/>\n\t<meta name=\"twitter:data1\" content=\"4 minutter\" \/>\n<script type=\"application\/ld+json\" class=\"yoast-schema-graph\">{\"@context\":\"https:\/\/schema.org\",\"@graph\":[{\"@type\":\"WebPage\",\"@id\":\"https:\/\/aviator-crash.org\/no\/lucky-jet-1win-nedlasting\/\",\"url\":\"https:\/\/aviator-crash.org\/no\/lucky-jet-1win-nedlasting\/\",\"name\":\"Lucky Jet spill p\u00e5 1win casino, nedlasting\",\"isPartOf\":{\"@id\":\"https:\/\/aviator-crash.org\/no\/#website\"},\"datePublished\":\"2023-12-27T19:26:44+00:00\",\"dateModified\":\"2024-02-02T20:21:09+00:00\",\"description\":\"En gjennomgang av det internasjonalt popul\u00e6re Lucky Jet-spillet hos 1win Casino, som gir deg en reell mulighet til \u00e5 tjene gode penger. Gj\u00f8r deg kjent med spillets viktigste funksjoner, fordeler og regler. Sett i gang og g\u00e5 for gevinstene dine!\",\"breadcrumb\":{\"@id\":\"https:\/\/aviator-crash.org\/no\/lucky-jet-1win-nedlasting\/#breadcrumb\"},\"inLanguage\":\"nb-NO\",\"potentialAction\":[{\"@type\":\"ReadAction\",\"target\":[\"https:\/\/aviator-crash.org\/no\/lucky-jet-1win-nedlasting\/\"]}]},{\"@type\":\"BreadcrumbList\",\"@id\":\"https:\/\/aviator-crash.org\/no\/lucky-jet-1win-nedlasting\/#breadcrumb\",\"itemListElement\":[{\"@type\":\"ListItem\",\"position\":1,\"name\":\"Home\",\"item\":\"https:\/\/aviator-crash.org\/no\/aviator-spill-online-for-ekte-penger\/\"},{\"@type\":\"ListItem\",\"position\":2,\"name\":\"Lucky Jet 1win nedlasting\"}]},{\"@type\":\"WebSite\",\"@id\":\"https:\/\/aviator-crash.org\/no\/#website\",\"url\":\"https:\/\/aviator-crash.org\/no\/\",\"name\":\"\",\"description\":\"\",\"potentialAction\":[{\"@type\":\"SearchAction\",\"target\":{\"@type\":\"EntryPoint\",\"urlTemplate\":\"https:\/\/aviator-crash.org\/no\/?s={search_term_string}\"},\"query-input\":\"required name=search_term_string\"}],\"inLanguage\":\"nb-NO\"}]}<\/script>\n<!-- \/ Yoast SEO plugin. -->","yoast_head_json":{"title":"Lucky Jet spill p\u00e5 1win casino, nedlasting","description":"En gjennomgang av det internasjonalt popul\u00e6re Lucky Jet-spillet hos 1win Casino, som gir deg en reell mulighet til \u00e5 tjene gode penger. Gj\u00f8r deg kjent med spillets viktigste funksjoner, fordeler og regler. Sett i gang og g\u00e5 for gevinstene dine!","robots":{"index":"index","follow":"follow","max-snippet":"max-snippet:-1","max-image-preview":"max-image-preview:large","max-video-preview":"max-video-preview:-1"},"canonical":"https:\/\/aviator-crash.org\/no\/lucky-jet-1win-nedlasting\/","og_locale":"nb_NO","og_type":"article","og_title":"Lucky Jet spill p\u00e5 1win casino, nedlasting","og_description":"En gjennomgang av det internasjonalt popul\u00e6re Lucky Jet-spillet hos 1win Casino, som gir deg en reell mulighet til \u00e5 tjene gode penger. Gj\u00f8r deg kjent med spillets viktigste funksjoner, fordeler og regler. Sett i gang og g\u00e5 for gevinstene dine!","og_url":"https:\/\/aviator-crash.org\/no\/lucky-jet-1win-nedlasting\/","article_modified_time":"2024-02-02T20:21:09+00:00","og_image":[{"url":"https:\/\/aviator-crash.org\/wp-content\/uploads\/2024\/01\/lucky_jet_game-casino_yl6vvw.webp"}],"twitter_card":"summary_large_image","twitter_misc":{"Est. reading time":"4 minutter"},"schema":{"@context":"https:\/\/schema.org","@graph":[{"@type":"WebPage","@id":"https:\/\/aviator-crash.org\/no\/lucky-jet-1win-nedlasting\/","url":"https:\/\/aviator-crash.org\/no\/lucky-jet-1win-nedlasting\/","name":"Lucky Jet spill p\u00e5 1win casino, nedlasting","isPartOf":{"@id":"https:\/\/aviator-crash.org\/no\/#website"},"datePublished":"2023-12-27T19:26:44+00:00","dateModified":"2024-02-02T20:21:09+00:00","description":"En gjennomgang av det internasjonalt popul\u00e6re Lucky Jet-spillet hos 1win Casino, som gir deg en reell mulighet til \u00e5 tjene gode penger. Gj\u00f8r deg kjent med spillets viktigste funksjoner, fordeler og regler. Sett i gang og g\u00e5 for gevinstene dine!","breadcrumb":{"@id":"https:\/\/aviator-crash.org\/no\/lucky-jet-1win-nedlasting\/#breadcrumb"},"inLanguage":"nb-NO","potentialAction":[{"@type":"ReadAction","target":["https:\/\/aviator-crash.org\/no\/lucky-jet-1win-nedlasting\/"]}]},{"@type":"BreadcrumbList","@id":"https:\/\/aviator-crash.org\/no\/lucky-jet-1win-nedlasting\/#breadcrumb","itemListElement":[{"@type":"ListItem","position":1,"name":"Home","item":"https:\/\/aviator-crash.org\/no\/aviator-spill-online-for-ekte-penger\/"},{"@type":"ListItem","position":2,"name":"Lucky Jet 1win nedlasting"}]},{"@type":"WebSite","@id":"https:\/\/aviator-crash.org\/no\/#website","url":"https:\/\/aviator-crash.org\/no\/","name":"","description":"","potentialAction":[{"@type":"SearchAction","target":{"@type":"EntryPoint","urlTemplate":"https:\/\/aviator-crash.org\/no\/?s={search_term_string}"},"query-input":"required name=search_term_string"}],"inLanguage":"nb-NO"}]}},"_links":{"self":[{"href":"https:\/\/aviator-crash.org\/no\/wp-json\/wp\/v2\/pages\/3683"}],"collection":[{"href":"https:\/\/aviator-crash.org\/no\/wp-json\/wp\/v2\/pages"}],"about":[{"href":"https:\/\/aviator-crash.org\/no\/wp-json\/wp\/v2\/types\/page"}],"author":[{"embeddable":true,"href":"https:\/\/aviator-crash.org\/no\/wp-json\/wp\/v2\/users\/2"}],"replies":[{"embeddable":true,"href":"https:\/\/aviator-crash.org\/no\/wp-json\/wp\/v2\/comments?post=3683"}],"version-history":[{"count":1,"href":"https:\/\/aviator-crash.org\/no\/wp-json\/wp\/v2\/pages\/3683\/revisions"}],"predecessor-version":[{"id":3685,"href":"https:\/\/aviator-crash.org\/no\/wp-json\/wp\/v2\/pages\/3683\/revisions\/3685"}],"wp:attachment":[{"href":"https:\/\/aviator-crash.org\/no\/wp-json\/wp\/v2\/media?parent=3683"}],"curies":[{"name":"wp","href":"https:\/\/api.w.org\/{rel}","templated":true}]}}