{"id":3731,"date":"2023-12-27T19:33:16","date_gmt":"2023-12-27T19:33:16","guid":{"rendered":"https:\/\/aviator-crash.org\/jet-x\/"},"modified":"2024-02-02T20:25:12","modified_gmt":"2024-02-02T20:25:12","slug":"jet-x","status":"publish","type":"page","link":"https:\/\/aviator-crash.org\/no\/jet-x\/","title":{"rendered":"Jet X"},"content":{"rendered":"\n<figure class=\"wp-block-gallery has-nested-images columns-default is-cropped wp-block-gallery-1 is-layout-flex wp-block-gallery-is-layout-flex\">\n<figure class=\"wp-block-image size-large\"><span itemprop=\"image\" itemscope itemtype=\"https:\/\/schema.org\/ImageObject\"><img itemprop=\"url image\" loading=\"lazy\" decoding=\"async\" width=\"1024\" height=\"576\" data-id=\"475\" src=\"https:\/\/aviator-crash.org\/wp-content\/uploads\/2024\/01\/how-to-play-jet-x-game-on-my-cell-phone-1200x675-1-1024x576-1.webp\" alt=\"\" class=\"wp-image-475\" srcset=\"https:\/\/aviator-crash.org\/wp-content\/uploads\/2024\/01\/how-to-play-jet-x-game-on-my-cell-phone-1200x675-1-1024x576-1.webp 1024w, https:\/\/aviator-crash.org\/wp-content\/uploads\/2024\/01\/how-to-play-jet-x-game-on-my-cell-phone-1200x675-1-1024x576-1-300x169.webp 300w, https:\/\/aviator-crash.org\/wp-content\/uploads\/2024\/01\/how-to-play-jet-x-game-on-my-cell-phone-1200x675-1-1024x576-1-768x432.webp 768w\" sizes=\"(max-width: 1024px) 100vw, 1024px\" \/><meta itemprop=\"width\" content=\"1024\"><meta itemprop=\"height\" content=\"576\"><\/span><\/figure>\n<\/figure>\n\n<p>Velkommen til fremtidens adrenalinracing i Jet X-spillets verden, som du kan laste ned gratis!\nDette er et nervepirrende arkadespill for Android der fart, h\u00f8yde og utrolige stunts g\u00e5r opp i en h\u00f8yere enhet.\nStig inn i cockpiten p\u00e5 en avansert flymaskin og forbered deg p\u00e5 en jakt som vil overg\u00e5 alle forventninger.\nIkke glem Jet X-strategien!   <\/p>\n\n<p>Du kan enkelt laste ned applikasjonen p\u00e5 nettstedet til X Win &#8211; et tippeselskap, som regnes som et av de mest popul\u00e6re.\nOpprett en personlig konto, start spillet og begynn \u00e5 l\u00f8pe snart. <\/p>\n\n<h2 class=\"wp-block-heading\">Fordelene med Jet X online spill<\/h2>\n\n<p>Jet X online-spillet har flere fordeler som gj\u00f8r det attraktivt for fans av arkadel\u00f8p og fremtidig adrenalin:<\/p>\n\n<ul>\n<li>Fart og dynamikk.\nSpillet byr p\u00e5 h\u00f8yhastighetsracing der hvert sekund teller.\nMed dynamisk gameplay og bevegelsesfrihet i et tredimensjonalt rom f\u00e5r X Jet-spillerne virkelig kjenne p\u00e5 adrenalinet i h\u00f8yhastighetsracing.  <\/li>\n\n\n\n<li>Unike flymaskiner.\nSpillerne kan velge mellom ulike og innovative flymaskiner med unike egenskaper. <\/li>\n\n\n\n<li>Tilgjengelighet av flerspillermodus.\nMuligheten til \u00e5 konkurrere med andre spillere p\u00e5 nettet gir et element av konkurranse og sosial interaksjon.\nDu kan laste ned Jet X og spille sammen med vennene dine.  <\/li>\n\n\n\n<li>Forbedring av enheter.\nSpillerne kan tilpasse og forbedre flymaskinene sine og skreddersy dem slik at de passer til deres egen kj\u00f8restil.\nDette skaper en personlig opplevelse for hver enkelt spiller og gj\u00f8r det mulig for dem \u00e5 forbedre maskinene sine etter hvert som de utvikler seg.  <\/li>\n\n\n\n<li>Regelmessige oppdateringer.\nUtviklerne oppdaterer Jet X kontinuerlig og legger til nye baner, enheter, moduser og funksjoner. <\/li>\n<\/ul>\n\n<p>Disse fordelene gj\u00f8r Jet X-spillet attraktivt for alle som setter pris p\u00e5 dynamisk racing, nyskapende flydesign og konkurranse\u00e5nden i online-spill.<\/p>\n\n<h2 class=\"wp-block-heading\">Hvordan spille Jet X<\/h2>\n\n<p>Jet X-spillet gir en spennende opplevelse av h\u00f8yhastighetsracing i fremtiden.\nHer er generelle retningslinjer for hvordan du begynner \u00e5 spille Jet X: <\/p>\n\n<ol>\n<li>F\u00f8rst installerer du spillet p\u00e5 enheten din i henhold til instruksjonene for din plattform (PC, konsoll, mobilenhet).\nStart spillet og vent til nedlastingen er fullf\u00f8rt. <\/li>\n\n\n\n<li>N\u00e5r du starter spillet, blir du bedt om \u00e5 velge din f\u00f8rste flymaskin.\nUlike kj\u00f8ret\u00f8y kan ha forskjellige egenskaper og evner, s\u00e5 du kan eksperimentere og spille Jet X. <\/li>\n\n\n\n<li>Gj\u00f8r deg kjent med kontrollene p\u00e5 flymaskinen din.\nDette inneb\u00e6rer vanligvis \u00e5 bruke tastene, styrespakene eller ber\u00f8ringsskjermen, avhengig av plattformen. <\/li>\n\n\n\n<li>Jet X tilbyr ulike spillmoduser som kampanje og flerspillerkamper.<\/li>\n\n\n\n<li>Velg en bane og start l\u00f8pet.\nV\u00e6r oppmerksom p\u00e5 m\u00e5lene for hvert l\u00f8p, ettersom de kan variere avhengig av spillmodus.\nJet X-programmet kan variere avhengig av niv\u00e5.  <\/li>\n\n\n\n<li>Bruk flymaskinens egenskaper til \u00e5 kjempe mot motstanderne og utf\u00f8re stunts.\nI noen spillmoduser kan dette gi ekstra bonuser eller akselerasjon. <\/li>\n\n\n\n<li>N\u00e5r du har fullf\u00f8rt l\u00f8p og kamper, kan du tjene ressurser eller valuta i spillet for \u00e5 forbedre og tilpasse flymaskinen din.<\/li>\n\n\n\n<li>Hold utkikk etter oppdateringer av spillet, ettersom utviklerne kan legge til nye baner, kj\u00f8ret\u00f8y og moduser.<\/li>\n<\/ol>\n\n<p>Spesifikke vilk\u00e5r og regler kan variere fra versjon til versjon.\nLes Jet X-anmeldelser og anbefalinger, slik at du raskt kan komme inn i essensen av spillet og begynne \u00e5 spille. <\/p>\n\n<h2 class=\"wp-block-heading\">Hvordan vinne p\u00e5 Jet X?<\/h2>\n\n<p>For \u00e5 lykkes med Jet X er det viktig \u00e5 utvikle ferdigheter og strategier for \u00e5 vinne l\u00f8p og kamper.\nHer er noen tips som kan hjelpe deg med \u00e5 lykkes i spillet.\nF\u00f8rst og fremst m\u00e5 du mestre kontrollene p\u00e5 flymaskinen din.\nHvis du forst\u00e5r alle bevegelser og man\u00f8vrer, kan du styre mer effektivt i ulike situasjoner.\nUtforsk banene og bruk omgivelsene til din fordel.    <\/p>\n\n<p>Et annet velpr\u00f8vd tips er \u00e5 bruke Jet X-kampanjekoder. De gir deg gunstige betingelser og muligheten til \u00e5 tjene ekstra poeng.\nDu finner kampanjekoder p\u00e5 spesialiserte spillsider eller i en spesifikk seksjon p\u00e5 X Win. <\/p>\n\n<p>Jet X-strategi er et annet viktig punkt \u00e5 ta hensyn til.\nBruk v\u00e5pen og forsvarsverk aktivt i kampene.\nEffektiv samhandling med fienden kan \u00f8ke sjansene for seier betraktelig.  <\/p>\n\n<p>Ikke glem \u00e5 utf\u00f8re stunts under l\u00f8p og kamper.\nDe kan gi ekstra bonuser og akselerasjoner.\nIkke glem bonuser og klokt plasserte innsatser.\nI Jet X&#8217; oddsberegningssystem kan du beregne alle risikoer og gj\u00f8re en kompetent innsats.\nBruk ogs\u00e5 mulighetene til \u00e5 forbedre flymaskinen din aktivt.\nStuder banene n\u00f8ye og planlegg banen p\u00e5 forh\u00e5nd.\nOptimalt valg av bane og fartskontroll vil hjelpe deg med \u00e5 ta igjen konkurrentene dine.      <\/p>\n\n<p>F\u00f8lg med p\u00e5 hva motstanderne dine gj\u00f8r, og tilpass deg skiftende baneforhold.\nFleksibilitet og tilpasningsevne kan v\u00e6re n\u00f8kkelen til suksess i fartsfylt racing.\nHvis Jet X-spillet eller -demoen tilbyr lagspill, b\u00f8r du kommunisere aktivt med laget ditt.  <\/p>\n\n<p>Jet X-spillet gir deg rom for kreativitet og taktiske avgj\u00f8relser.\nTilpass deg forholdene, utforsk Jet X-oddssystemet og nyt raske og spennende l\u00f8p i fremtiden! <\/p>\n\n<h2 class=\"wp-block-heading\">Jet X spilleregler<\/h2>\n\n<p>Hovedm\u00e5let avhenger av spillmodus.\nDet kan v\u00e6re \u00e5 fullf\u00f8re banen p\u00e5 kortest mulig tid, vinne kamper mot motstanderne, utf\u00f8re stunts eller oppn\u00e5 bestemte resultater i flerspillermodus.\nSpillet inneholder vanligvis en rekke ulike baner og niv\u00e5er som alle byr p\u00e5 unike utfordringer.\nDu kan gj\u00f8re deg kjent med alle banene p\u00e5 Jet X-nettstedet. Spillerne kan pumpe opp flymaskinene sine for \u00e5 takle baner p\u00e5 h\u00f8yere niv\u00e5er p\u00e5 en bedre m\u00e5te.   <\/p>\n\n<p>Spillerne styrer flyvende kj\u00f8ret\u00f8y ved hjelp av tastatur, joystick, gamepad eller ber\u00f8ringsskjerm, avhengig av plattform.\nDu kan blant annet endre retning, justere hastigheten og utf\u00f8re stunts.\nVed \u00e5 utf\u00f8re stunts kan du f\u00e5 bonuser som akselerasjon eller ekstra poeng.  <\/p>\n\n<p>I noen spillmoduser kan spillerne bekjempe motstandere ved hjelp av v\u00e5pen p\u00e5 kj\u00f8ret\u00f8yene sine.\nV\u00e5pnene kan omfatte missiler, lasere og andre angreps- og forsvarsmidler.\nTa en titt p\u00e5 Jet Xs strategi og anmeldelser f\u00f8r du starter spillet.  <\/p>\n\n<h2 class=\"wp-block-heading\">Kampanjekoder<\/h2>\n\n<p>Kampanjekoder leveres vanligvis av utviklerne av spillet eller plattformen det distribueres p\u00e5.\nDe er spesielle bonuser eller sjetonger som spillerne kan bruke for \u00e5 \u00f8ke vinnersjansene sine.\nDu kan finne kampanjekoder p\u00e5 flere nettsteder:  <\/p>\n\n<ul>\n<li>Offisiell nettside.<\/li>\n\n\n\n<li>Sosiale medier.<\/li>\n\n\n\n<li>Fora og fellesskap.<\/li>\n\n\n\n<li>Nyhetsbrev.<\/li>\n\n\n\n<li>Partnere og sponsorer.<\/li>\n<\/ul>\n\n<h2 class=\"wp-block-heading\">Attester og anbefalinger<\/h2>\n\n<p>Her er noen brukeranmeldelser av det popul\u00e6re spillet:<\/p>\n","protected":false},"excerpt":{"rendered":"<p>Velkommen til fremtidens adrenalinracing i Jet X-spillets verden, som du kan laste ned gratis! Dette er et nervepirrende arkadespill for Android der fart, h\u00f8yde og utrolige stunts g\u00e5r opp i en h\u00f8yere enhet. Stig inn i cockpiten p\u00e5 en avansert flymaskin og forbered deg p\u00e5 en jakt som vil overg\u00e5 alle forventninger. Ikke glem Jet [&hellip;]<\/p>\n","protected":false},"author":2,"featured_media":0,"parent":0,"menu_order":0,"comment_status":"open","ping_status":"closed","template":"","meta":{"footnotes":""},"yoast_head":"<!-- This site is optimized with the Yoast SEO plugin v21.7 - https:\/\/yoast.com\/wordpress\/plugins\/seo\/ -->\n<title>Jet X kasinospill, nedlasting<\/title>\n<meta name=\"description\" content=\"Fordyp deg i en spennende verden av h\u00f8yhastighetsracing med Jet X, en unik og spennende arkadeopplevelse for fremtiden. Les reglene n\u00f8ye, og sett deg snart bak rattet. Interessante eventyr og mye moro venter p\u00e5 deg.\" \/>\n<meta name=\"robots\" content=\"index, follow, max-snippet:-1, max-image-preview:large, max-video-preview:-1\" \/>\n<link rel=\"canonical\" href=\"https:\/\/aviator-crash.org\/no\/jet-x\/\" \/>\n<meta property=\"og:locale\" content=\"nb_NO\" \/>\n<meta property=\"og:type\" content=\"article\" \/>\n<meta property=\"og:title\" content=\"Jet X kasinospill, nedlasting\" \/>\n<meta property=\"og:description\" content=\"Fordyp deg i en spennende verden av h\u00f8yhastighetsracing med Jet X, en unik og spennende arkadeopplevelse for fremtiden. Les reglene n\u00f8ye, og sett deg snart bak rattet. Interessante eventyr og mye moro venter p\u00e5 deg.\" \/>\n<meta property=\"og:url\" content=\"https:\/\/aviator-crash.org\/no\/jet-x\/\" \/>\n<meta property=\"article:modified_time\" content=\"2024-02-02T20:25:12+00:00\" \/>\n<meta property=\"og:image\" content=\"https:\/\/aviator-crash.org\/wp-content\/uploads\/2024\/01\/how-to-play-jet-x-game-on-my-cell-phone-1200x675-1-1024x576-1.webp\" \/>\n<meta name=\"twitter:card\" content=\"summary_large_image\" \/>\n<meta name=\"twitter:label1\" content=\"Est. reading time\" \/>\n\t<meta name=\"twitter:data1\" content=\"5 minutter\" \/>\n<script type=\"application\/ld+json\" class=\"yoast-schema-graph\">{\"@context\":\"https:\/\/schema.org\",\"@graph\":[{\"@type\":\"WebPage\",\"@id\":\"https:\/\/aviator-crash.org\/no\/jet-x\/\",\"url\":\"https:\/\/aviator-crash.org\/no\/jet-x\/\",\"name\":\"Jet X kasinospill, nedlasting\",\"isPartOf\":{\"@id\":\"https:\/\/aviator-crash.org\/no\/#website\"},\"datePublished\":\"2023-12-27T19:33:16+00:00\",\"dateModified\":\"2024-02-02T20:25:12+00:00\",\"description\":\"Fordyp deg i en spennende verden av h\u00f8yhastighetsracing med Jet X, en unik og spennende arkadeopplevelse for fremtiden. Les reglene n\u00f8ye, og sett deg snart bak rattet. Interessante eventyr og mye moro venter p\u00e5 deg.\",\"breadcrumb\":{\"@id\":\"https:\/\/aviator-crash.org\/no\/jet-x\/#breadcrumb\"},\"inLanguage\":\"nb-NO\",\"potentialAction\":[{\"@type\":\"ReadAction\",\"target\":[\"https:\/\/aviator-crash.org\/no\/jet-x\/\"]}]},{\"@type\":\"BreadcrumbList\",\"@id\":\"https:\/\/aviator-crash.org\/no\/jet-x\/#breadcrumb\",\"itemListElement\":[{\"@type\":\"ListItem\",\"position\":1,\"name\":\"Home\",\"item\":\"https:\/\/aviator-crash.org\/no\/aviator-spill-online-for-ekte-penger\/\"},{\"@type\":\"ListItem\",\"position\":2,\"name\":\"Jet X\"}]},{\"@type\":\"WebSite\",\"@id\":\"https:\/\/aviator-crash.org\/no\/#website\",\"url\":\"https:\/\/aviator-crash.org\/no\/\",\"name\":\"\",\"description\":\"\",\"potentialAction\":[{\"@type\":\"SearchAction\",\"target\":{\"@type\":\"EntryPoint\",\"urlTemplate\":\"https:\/\/aviator-crash.org\/no\/?s={search_term_string}\"},\"query-input\":\"required name=search_term_string\"}],\"inLanguage\":\"nb-NO\"}]}<\/script>\n<!-- \/ Yoast SEO plugin. -->","yoast_head_json":{"title":"Jet X kasinospill, nedlasting","description":"Fordyp deg i en spennende verden av h\u00f8yhastighetsracing med Jet X, en unik og spennende arkadeopplevelse for fremtiden. Les reglene n\u00f8ye, og sett deg snart bak rattet. Interessante eventyr og mye moro venter p\u00e5 deg.","robots":{"index":"index","follow":"follow","max-snippet":"max-snippet:-1","max-image-preview":"max-image-preview:large","max-video-preview":"max-video-preview:-1"},"canonical":"https:\/\/aviator-crash.org\/no\/jet-x\/","og_locale":"nb_NO","og_type":"article","og_title":"Jet X kasinospill, nedlasting","og_description":"Fordyp deg i en spennende verden av h\u00f8yhastighetsracing med Jet X, en unik og spennende arkadeopplevelse for fremtiden. Les reglene n\u00f8ye, og sett deg snart bak rattet. Interessante eventyr og mye moro venter p\u00e5 deg.","og_url":"https:\/\/aviator-crash.org\/no\/jet-x\/","article_modified_time":"2024-02-02T20:25:12+00:00","og_image":[{"url":"https:\/\/aviator-crash.org\/wp-content\/uploads\/2024\/01\/how-to-play-jet-x-game-on-my-cell-phone-1200x675-1-1024x576-1.webp"}],"twitter_card":"summary_large_image","twitter_misc":{"Est. reading time":"5 minutter"},"schema":{"@context":"https:\/\/schema.org","@graph":[{"@type":"WebPage","@id":"https:\/\/aviator-crash.org\/no\/jet-x\/","url":"https:\/\/aviator-crash.org\/no\/jet-x\/","name":"Jet X kasinospill, nedlasting","isPartOf":{"@id":"https:\/\/aviator-crash.org\/no\/#website"},"datePublished":"2023-12-27T19:33:16+00:00","dateModified":"2024-02-02T20:25:12+00:00","description":"Fordyp deg i en spennende verden av h\u00f8yhastighetsracing med Jet X, en unik og spennende arkadeopplevelse for fremtiden. Les reglene n\u00f8ye, og sett deg snart bak rattet. Interessante eventyr og mye moro venter p\u00e5 deg.","breadcrumb":{"@id":"https:\/\/aviator-crash.org\/no\/jet-x\/#breadcrumb"},"inLanguage":"nb-NO","potentialAction":[{"@type":"ReadAction","target":["https:\/\/aviator-crash.org\/no\/jet-x\/"]}]},{"@type":"BreadcrumbList","@id":"https:\/\/aviator-crash.org\/no\/jet-x\/#breadcrumb","itemListElement":[{"@type":"ListItem","position":1,"name":"Home","item":"https:\/\/aviator-crash.org\/no\/aviator-spill-online-for-ekte-penger\/"},{"@type":"ListItem","position":2,"name":"Jet X"}]},{"@type":"WebSite","@id":"https:\/\/aviator-crash.org\/no\/#website","url":"https:\/\/aviator-crash.org\/no\/","name":"","description":"","potentialAction":[{"@type":"SearchAction","target":{"@type":"EntryPoint","urlTemplate":"https:\/\/aviator-crash.org\/no\/?s={search_term_string}"},"query-input":"required name=search_term_string"}],"inLanguage":"nb-NO"}]}},"_links":{"self":[{"href":"https:\/\/aviator-crash.org\/no\/wp-json\/wp\/v2\/pages\/3731"}],"collection":[{"href":"https:\/\/aviator-crash.org\/no\/wp-json\/wp\/v2\/pages"}],"about":[{"href":"https:\/\/aviator-crash.org\/no\/wp-json\/wp\/v2\/types\/page"}],"author":[{"embeddable":true,"href":"https:\/\/aviator-crash.org\/no\/wp-json\/wp\/v2\/users\/2"}],"replies":[{"embeddable":true,"href":"https:\/\/aviator-crash.org\/no\/wp-json\/wp\/v2\/comments?post=3731"}],"version-history":[{"count":1,"href":"https:\/\/aviator-crash.org\/no\/wp-json\/wp\/v2\/pages\/3731\/revisions"}],"predecessor-version":[{"id":3733,"href":"https:\/\/aviator-crash.org\/no\/wp-json\/wp\/v2\/pages\/3731\/revisions\/3733"}],"wp:attachment":[{"href":"https:\/\/aviator-crash.org\/no\/wp-json\/wp\/v2\/media?parent=3731"}],"curies":[{"name":"wp","href":"https:\/\/api.w.org\/{rel}","templated":true}]}}