{"id":2465,"date":"2023-12-22T18:32:01","date_gmt":"2023-12-22T18:32:01","guid":{"rendered":"https:\/\/aviator-crash.org\/recenzje-gry-aviator\/"},"modified":"2024-02-02T17:51:17","modified_gmt":"2024-02-02T17:51:17","slug":"recenzje-gry-aviator","status":"publish","type":"page","link":"https:\/\/aviator-crash.org\/pl\/recenzje-gry-aviator\/","title":{"rendered":"Recenzje gry Aviator"},"content":{"rendered":"\n<p>Aviator to zdecydowanie jedna z najpopularniejszych gier online.\nDlatego te\u017c coraz cz\u0119\u015bciej w wyszukiwarce pojawiaj\u0105 si\u0119 zapytania o opinie na temat gry Aviator na pieni\u0105dze os\u00f3b, kt\u00f3rym uda\u0142o si\u0119 ju\u017c j\u0105 wypr\u00f3bowa\u0107 i przekona\u0107 si\u0119, jak realne s\u0105 w niej szanse na wygran\u0105. <\/p>\n\n<h2 class=\"wp-block-heading\">Nasze przemy\u015blenia na temat gry Aviator<\/h2>\n\n<p>Aviator Crash Game to bez w\u0105tpienia najlepsze osi\u0105gni\u0119cie Spribe.\nJest wyj\u0105tkowa, interesuj\u0105ca, ekscytuj\u0105ca, zdolna wywo\u0142a\u0107 przyp\u0142yw przyjemnych uczu\u0107 u mi\u0142o\u015bnik\u00f3w emocji.\nDu\u017cym plusem jest kr\u00f3tkoterminowy charakter rund &#8211; wystarczy kilka sekund napi\u0119cia, a gracz mo\u017ce zosta\u0107 zwyci\u0119zc\u0105, zwi\u0119kszaj\u0105c sw\u00f3j zak\u0142ad (10, 20, a mo\u017ce 50 razy).\nNajwa\u017cniejsze to zd\u0105\u017cy\u0107 wyp\u0142aci\u0107 pieni\u0105dze zanim samolot si\u0119 rozbije, ale trzeba to zrobi\u0107 przy maksymalnych kursach.   <\/p>\n\n<p>Ta gra gwarantuje wybuch emocji nawet najbardziej wyrafinowanym fanom hazardu.\nZdaj\u0105c sobie z tego spraw\u0119, automat ten jest oferowany przez wiele kasyn online: 1win, Pin Up, 1Xbet.\nSlot ma najwy\u017cszej klasy grafik\u0119, przejrzysto\u015b\u0107 i efekty d\u017awi\u0119kowe.\nMy r\u00f3wnie\u017c uwa\u017camy t\u0119 gr\u0119 za fascynuj\u0105c\u0105 i naszym zdaniem zdecydowanie zas\u0142uguje na gr\u0119.   <\/p>\n\n<h2 class=\"wp-block-heading\">Opinie u\u017cytkownik\u00f3w o grze Aviator<\/h2>\n\n<p>W Internecie mo\u017cna znale\u017a\u0107 r\u00f3\u017cne recenzje gry Aviator Crash Game od prawdziwych graczy.\nNiekt\u00f3rzy &#8211; podziwiaj\u0105 j\u0105, inni &#8211; besztaj\u0105 za nieprzewidywalno\u015b\u0107, ryzyko i niezdolno\u015b\u0107 do stworzenia w 100% zwyci\u0119skiej strategii.\nJednak cz\u0119sto w\u0142a\u015bnie w tym tkwi pi\u0119kno hazardu.  <\/p>\n\n<p>Sugerujemy wyci\u0105gni\u0119cie w\u0142asnych wniosk\u00f3w.\nWypr\u00f3buj t\u0119 gr\u0119 i podziel si\u0119 swoj\u0105 opini\u0105, pozostawiaj\u0105c j\u0105 w poni\u017cszej recenzji. <\/p>\n","protected":false},"excerpt":{"rendered":"<p>Aviator to zdecydowanie jedna z najpopularniejszych gier online. Dlatego te\u017c coraz cz\u0119\u015bciej w wyszukiwarce pojawiaj\u0105 si\u0119 zapytania o opinie na temat gry Aviator na pieni\u0105dze os\u00f3b, kt\u00f3rym uda\u0142o si\u0119 ju\u017c j\u0105 wypr\u00f3bowa\u0107 i przekona\u0107 si\u0119, jak realne s\u0105 w niej szanse na wygran\u0105. Nasze przemy\u015blenia na temat gry Aviator Aviator Crash Game to bez w\u0105tpienia [&hellip;]<\/p>\n","protected":false},"author":2,"featured_media":0,"parent":0,"menu_order":0,"comment_status":"closed","ping_status":"closed","template":"","meta":{"footnotes":""},"yoast_head":"<!-- This site is optimized with the Yoast SEO plugin v21.7 - https:\/\/yoast.com\/wordpress\/plugins\/seo\/ -->\n<title>Opinie graczy o grze Aviator<\/title>\n<meta name=\"description\" content=\"Recenzje prawdziwych graczy na temat gry Aviator pozwol\u0105 ci pozna\u0107 wszystkie zalety i wady urz\u0105dzenia. Podstawowe zasady dzia\u0142ania maszyny i niuanse zarz\u0105dzania.\" \/>\n<meta name=\"robots\" content=\"index, follow, max-snippet:-1, max-image-preview:large, max-video-preview:-1\" \/>\n<link rel=\"canonical\" href=\"https:\/\/aviator-crash.org\/pl\/recenzje-gry-aviator\/\" \/>\n<meta property=\"og:locale\" content=\"pl_PL\" \/>\n<meta property=\"og:type\" content=\"article\" \/>\n<meta property=\"og:title\" content=\"Opinie graczy o grze Aviator\" \/>\n<meta property=\"og:description\" content=\"Recenzje prawdziwych graczy na temat gry Aviator pozwol\u0105 ci pozna\u0107 wszystkie zalety i wady urz\u0105dzenia. Podstawowe zasady dzia\u0142ania maszyny i niuanse zarz\u0105dzania.\" \/>\n<meta property=\"og:url\" content=\"https:\/\/aviator-crash.org\/pl\/recenzje-gry-aviator\/\" \/>\n<meta property=\"article:modified_time\" content=\"2024-02-02T17:51:17+00:00\" \/>\n<meta name=\"twitter:card\" content=\"summary_large_image\" \/>\n<meta name=\"twitter:label1\" content=\"Est. reading time\" \/>\n\t<meta name=\"twitter:data1\" content=\"1 minuta\" \/>\n<script type=\"application\/ld+json\" class=\"yoast-schema-graph\">{\"@context\":\"https:\/\/schema.org\",\"@graph\":[{\"@type\":\"WebPage\",\"@id\":\"https:\/\/aviator-crash.org\/pl\/recenzje-gry-aviator\/\",\"url\":\"https:\/\/aviator-crash.org\/pl\/recenzje-gry-aviator\/\",\"name\":\"Opinie graczy o grze Aviator\",\"isPartOf\":{\"@id\":\"https:\/\/aviator-crash.org\/pl\/#website\"},\"datePublished\":\"2023-12-22T18:32:01+00:00\",\"dateModified\":\"2024-02-02T17:51:17+00:00\",\"description\":\"Recenzje prawdziwych graczy na temat gry Aviator pozwol\u0105 ci pozna\u0107 wszystkie zalety i wady urz\u0105dzenia. Podstawowe zasady dzia\u0142ania maszyny i niuanse zarz\u0105dzania.\",\"breadcrumb\":{\"@id\":\"https:\/\/aviator-crash.org\/pl\/recenzje-gry-aviator\/#breadcrumb\"},\"inLanguage\":\"pl-PL\",\"potentialAction\":[{\"@type\":\"ReadAction\",\"target\":[\"https:\/\/aviator-crash.org\/pl\/recenzje-gry-aviator\/\"]}]},{\"@type\":\"BreadcrumbList\",\"@id\":\"https:\/\/aviator-crash.org\/pl\/recenzje-gry-aviator\/#breadcrumb\",\"itemListElement\":[{\"@type\":\"ListItem\",\"position\":1,\"name\":\"Home\",\"item\":\"https:\/\/aviator-crash.org\/pl\/aviator-gra-online-za-prawdziwe-pieniadze\/\"},{\"@type\":\"ListItem\",\"position\":2,\"name\":\"Recenzje gry Aviator\"}]},{\"@type\":\"WebSite\",\"@id\":\"https:\/\/aviator-crash.org\/pl\/#website\",\"url\":\"https:\/\/aviator-crash.org\/pl\/\",\"name\":\"\",\"description\":\"\",\"potentialAction\":[{\"@type\":\"SearchAction\",\"target\":{\"@type\":\"EntryPoint\",\"urlTemplate\":\"https:\/\/aviator-crash.org\/pl\/?s={search_term_string}\"},\"query-input\":\"required name=search_term_string\"}],\"inLanguage\":\"pl-PL\"}]}<\/script>\n<!-- \/ Yoast SEO plugin. -->","yoast_head_json":{"title":"Opinie graczy o grze Aviator","description":"Recenzje prawdziwych graczy na temat gry Aviator pozwol\u0105 ci pozna\u0107 wszystkie zalety i wady urz\u0105dzenia. Podstawowe zasady dzia\u0142ania maszyny i niuanse zarz\u0105dzania.","robots":{"index":"index","follow":"follow","max-snippet":"max-snippet:-1","max-image-preview":"max-image-preview:large","max-video-preview":"max-video-preview:-1"},"canonical":"https:\/\/aviator-crash.org\/pl\/recenzje-gry-aviator\/","og_locale":"pl_PL","og_type":"article","og_title":"Opinie graczy o grze Aviator","og_description":"Recenzje prawdziwych graczy na temat gry Aviator pozwol\u0105 ci pozna\u0107 wszystkie zalety i wady urz\u0105dzenia. Podstawowe zasady dzia\u0142ania maszyny i niuanse zarz\u0105dzania.","og_url":"https:\/\/aviator-crash.org\/pl\/recenzje-gry-aviator\/","article_modified_time":"2024-02-02T17:51:17+00:00","twitter_card":"summary_large_image","twitter_misc":{"Est. reading time":"1 minuta"},"schema":{"@context":"https:\/\/schema.org","@graph":[{"@type":"WebPage","@id":"https:\/\/aviator-crash.org\/pl\/recenzje-gry-aviator\/","url":"https:\/\/aviator-crash.org\/pl\/recenzje-gry-aviator\/","name":"Opinie graczy o grze Aviator","isPartOf":{"@id":"https:\/\/aviator-crash.org\/pl\/#website"},"datePublished":"2023-12-22T18:32:01+00:00","dateModified":"2024-02-02T17:51:17+00:00","description":"Recenzje prawdziwych graczy na temat gry Aviator pozwol\u0105 ci pozna\u0107 wszystkie zalety i wady urz\u0105dzenia. Podstawowe zasady dzia\u0142ania maszyny i niuanse zarz\u0105dzania.","breadcrumb":{"@id":"https:\/\/aviator-crash.org\/pl\/recenzje-gry-aviator\/#breadcrumb"},"inLanguage":"pl-PL","potentialAction":[{"@type":"ReadAction","target":["https:\/\/aviator-crash.org\/pl\/recenzje-gry-aviator\/"]}]},{"@type":"BreadcrumbList","@id":"https:\/\/aviator-crash.org\/pl\/recenzje-gry-aviator\/#breadcrumb","itemListElement":[{"@type":"ListItem","position":1,"name":"Home","item":"https:\/\/aviator-crash.org\/pl\/aviator-gra-online-za-prawdziwe-pieniadze\/"},{"@type":"ListItem","position":2,"name":"Recenzje gry Aviator"}]},{"@type":"WebSite","@id":"https:\/\/aviator-crash.org\/pl\/#website","url":"https:\/\/aviator-crash.org\/pl\/","name":"","description":"","potentialAction":[{"@type":"SearchAction","target":{"@type":"EntryPoint","urlTemplate":"https:\/\/aviator-crash.org\/pl\/?s={search_term_string}"},"query-input":"required name=search_term_string"}],"inLanguage":"pl-PL"}]}},"_links":{"self":[{"href":"https:\/\/aviator-crash.org\/pl\/wp-json\/wp\/v2\/pages\/2465"}],"collection":[{"href":"https:\/\/aviator-crash.org\/pl\/wp-json\/wp\/v2\/pages"}],"about":[{"href":"https:\/\/aviator-crash.org\/pl\/wp-json\/wp\/v2\/types\/page"}],"author":[{"embeddable":true,"href":"https:\/\/aviator-crash.org\/pl\/wp-json\/wp\/v2\/users\/2"}],"replies":[{"embeddable":true,"href":"https:\/\/aviator-crash.org\/pl\/wp-json\/wp\/v2\/comments?post=2465"}],"version-history":[{"count":1,"href":"https:\/\/aviator-crash.org\/pl\/wp-json\/wp\/v2\/pages\/2465\/revisions"}],"predecessor-version":[{"id":2466,"href":"https:\/\/aviator-crash.org\/pl\/wp-json\/wp\/v2\/pages\/2465\/revisions\/2466"}],"wp:attachment":[{"href":"https:\/\/aviator-crash.org\/pl\/wp-json\/wp\/v2\/media?parent=2465"}],"curies":[{"name":"wp","href":"https:\/\/api.w.org\/{rel}","templated":true}]}}