{"id":2497,"date":"2023-12-27T19:09:40","date_gmt":"2023-12-27T19:09:40","guid":{"rendered":"https:\/\/aviator-crash.org\/gry-takie-jak-aviator-za-pieniadze\/"},"modified":"2024-02-02T17:55:22","modified_gmt":"2024-02-02T17:55:22","slug":"gry-takie-jak-aviator-za-pieniadze","status":"publish","type":"page","link":"https:\/\/aviator-crash.org\/pl\/gry-takie-jak-aviator-za-pieniadze\/","title":{"rendered":"Gry takie jak Aviator za pieni\u0105dze"},"content":{"rendered":"\n<p>Aviator to wyj\u0105tkowa gra, jedna z pierwszych gier wideo na pieni\u0105dze w gatunku crash, kt\u00f3rej pojawienie si\u0119 wywo\u0142a\u0142o sensacj\u0119 w grach hazardowych online.\nJest dynamiczna, ekscytuj\u0105ca, z kr\u00f3tkimi rundami, kt\u00f3re w zupe\u0142no\u015bci wystarcz\u0105, aby poczu\u0107 pot\u0119\u017cny przyp\u0142yw adrenaliny i uzyska\u0107 \u017cywe emocje.\nAle wyrafinowany gracz zawsze jest zafascynowany r\u00f3\u017cnorodno\u015bci\u0105, wi\u0119c dzi\u015b popyt na analogi gry Aviator gwa\u0142townie wzr\u00f3s\u0142.\nRozumiej\u0105c to, wiod\u0105cy deweloperzy po\u0142o\u017cyli nacisk na prezentacj\u0119 podobnych produkt\u00f3w z wykorzystaniem innowacyjnej rozgrywki.   <\/p>\n\n<h2 class=\"wp-block-heading\">Lucky Jet jest odpowiednikiem gry Aviator<\/h2>\n\n<p>Lucky Jet to szybko zdobywaj\u0105ca popularno\u015b\u0107 gra got\u00f3wkowa podobna do Aviatora, prezentowana przez kasyno online 1win i nale\u017c\u0105ca do tych kolorowych.\nJest to gra podobna do Aviator, ale zamiast samolotu jest Lucky Joe i jego plecak.\nZak\u0142ady s\u0105 r\u00f3wnie\u017c stawiane przed rozpocz\u0119ciem rundy, a nast\u0119pnie aktywowany jest mno\u017cnik i musisz by\u0107 w stanie odebra\u0107 wygrane, zanim Joe odleci.  <\/p>\n\n<p>Kursy w Lucky Jet s\u0105 r\u00f3\u017cne.\nMo\u017cesz przyj\u0105\u0107 zak\u0142ad pomno\u017cony przez 3 lub poczeka\u0107 na wzrost o 50, 100, a nawet 200 razy.\nJak pokazuj\u0105 statystyki, wysokie kursy s\u0105 powszechne.\nAle tylko od gracza zale\u017cy, ile ma cierpliwo\u015bci i czy potrafi poprawnie przewidzie\u0107 czas trwania rundy.   <\/p>\n\n<h2 class=\"wp-block-heading\">Jet X to kolejna gra typu Aviator<\/h2>\n\n<p>Kolejn\u0105 gr\u0105 podobn\u0105 do Aviatora, kt\u00f3ra aktywnie zyskuje na popularno\u015bci, jest Jet X, zaprezentowana przez Smartsoft Gaming.\nJest to gra wieloosobowa, podobna w istocie do Aviatora, poniewa\u017c.\nw kt\u00f3rej r\u00f3wnie\u017c musisz pod\u0105\u017ca\u0107 za samolotem nabieraj\u0105cym wysoko\u015bci.\nR\u00f3\u017cnica polega na tym, \u017ce punkt startu jest \u015bledzony, tj.\nim jest on wy\u017cszy, tym wi\u0119cej gracz wygra, zwi\u0119kszaj\u0105c szanse.\nJe\u015bli jednak gracz nie zd\u0105\u017cy wyp\u0142aci\u0107 pieni\u0119dzy zanim samolot odleci, przegra i straci wszystko.     <\/p>\n\n<p>Gra jest ekscytuj\u0105ca, cieszy si\u0119 r\u00f3wnowag\u0105 adrenaliny i emocji, a tak\u017ce specjalnymi &#8222;\u017cetonami&#8221;.\nNa przyk\u0142ad: <\/p>\n\n<ul>\n<li>Istnieje funkcja bonusowa, kt\u00f3ra obejmuje losowanie jackpota.<\/li>\n\n\n\n<li>Ustalono minimaln\u0105 wyp\u0142at\u0119 z kursem 1,1.<\/li>\n\n\n\n<li>Mno\u017cnik dzia\u0142a do plus niesko\u0144czono\u015bci.<\/li>\n<\/ul>\n\n<h2 class=\"wp-block-heading\">Rocket X.<\/h2>\n\n<p>Rocket X jest r\u00f3wnie\u017c wariantem gry podobnej do Aviator prezentowanej przez Slotegrator.\nPrzyci\u0105ga szybki interfejs graficzny, unikaln\u0105 funkcjonalno\u015b\u0107, mo\u017cliwo\u015b\u0107 dostarczenia graczowi wielu jasnych emocji.\nW nim fabu\u0142a opiera si\u0119 na starcie rakiety, kt\u00f3ra pr\u00f3buje zatrzyma\u0107 m\u0142odego m\u0119\u017cczyzn\u0119.\nW trakcie ka\u017cdej rundy dzia\u0142aj\u0105 zak\u0142ady mno\u017cnikowe, dzi\u0119ki czemu mo\u017cna uzyska\u0107 kwot\u0119 pomno\u017con\u0105 przez 100, a nawet wi\u0119cej.   <\/p>\n\n<p>W grze dost\u0119pne s\u0105 ustawienia:<\/p>\n\n<ul>\n<li>Autostraddle.<\/li>\n\n\n\n<li>Autopinie.<\/li>\n<\/ul>\n\n<p>Mo\u017cna stosowa\u0107 zar\u00f3wno umiarkowane, jak i agresywne strategie.\nJednocze\u015bnie nie ma jednej gwarantowanej strategii wygrywaj\u0105cej, wszystko opiera si\u0119 na systemie losowym, tj.\nFortuna zadecyduje o wszystkim.  <\/p>\n\n<h2 class=\"wp-block-heading\">Space XY.<\/h2>\n\n<p>Space XY to r\u00f3wnie\u017c \u015bwietna opcja dla tych, kt\u00f3rzy s\u0105 zainteresowani gr\u0105 na pieni\u0105dze podobn\u0105 do Aviator.\nW niej gracze b\u0119d\u0105 musieli wystrzeli\u0107 nie samolot, ale rakiet\u0119.\nInterfejs jest pow\u015bci\u0105gliwy, lakoniczny.\nZak\u0142ady s\u0105 dokonywane na nast\u0119pn\u0105 rund\u0119, w kt\u00f3rej gracz b\u0119dzie musia\u0142 obserwowa\u0107 lot swojej rakiety.\nMo\u017ce ona jednak nagle znikn\u0105\u0107 z radaru, zboczy\u0107 z kursu i eksplodowa\u0107, a gdy tak si\u0119 stanie &#8211; zak\u0142ady przepadaj\u0105.\nZadaniem gracza jest &#8222;zeskoczenie&#8221; z rakiety na czas, tj.\npodobnie jak w innych podobnych grach, zabra\u0107 pieni\u0105dze, zanim eksploduje.      <\/p>\n\n<h2 class=\"wp-block-heading\">Cash or Crash.<\/h2>\n\n<p>Cash or Crash, cho\u0107 jest analogiem Aviatora, r\u00f3\u017cni si\u0119 tym, \u017ce jest to ca\u0142y teleturniej i jest gr\u0105 na \u017cywo, kt\u00f3ra jest uzupe\u0142niona rzeczywisto\u015bci\u0105.\nFabu\u0142a rozwija si\u0119 wewn\u0105trz wirtualnego sterowca, w kt\u00f3rym znajduje si\u0119 drabina sk\u0142adaj\u0105ca si\u0119 z 20 stopni.\nPoruszanie si\u0119 po niej pomaga podnosi\u0107 sterowiec i oddala\u0107 go coraz bardziej od Ziemi.\nPodczas wspinania si\u0119 po drabinie zapalaj\u0105 si\u0119 zielone kulki, ka\u017cda z nich prowadzi do zwyci\u0119stwa i zwi\u0119ksza wygran\u0105, ale gdy tylko zapali si\u0119 czerwona &#8211; gracz rozbija si\u0119 i traci wszystko.   <\/p>\n\n<p>Cechy:<\/p>\n\n<ul>\n<li>Mo\u017cliwe jest zwi\u0119kszenie zak\u0142ad\u00f3w do 50 000 razy.<\/li>\n\n\n\n<li>Istnieje r\u00f3wnie\u017c z\u0142ota kula, kt\u00f3ra zapewnia dodatkowe \u017cycie.<\/li>\n<\/ul>\n\n<h2 class=\"wp-block-heading\">Wyci\u0105ganie wniosk\u00f3w<\/h2>\n\n<p>Aviator i podobne gry to \u015bwietna okazja do relaksu, odpoczynku, pozbycia si\u0119 nagromadzonej negatywno\u015bci dnia.\nJednocze\u015bnie ka\u017cdy gracz d\u0105\u017cy do w\u0142asnego znaczenia: <\/p>\n\n<ul>\n<li>Baw si\u0119 dobrze i zaspokajaj emocje.<\/li>\n\n\n\n<li>Zarabiaj pieni\u0105dze.<\/li>\n<\/ul>\n\n<p>Kt\u00f3r\u0105 gr\u0119 typu Aviator na pieni\u0105dze wybra\u0107 i w jakim celu gra\u0107 &#8211; to zale\u017cy od ciebie, najwa\u017cniejsze jest, aby by\u0107 w stanie kontrolowa\u0107 siebie i trzyma\u0107 si\u0119 wybranej strategii.\nDu\u017cy wyb\u00f3r slot\u00f3w to \u015bwietna okazja do urozmaicenia wolnego czasu nawet najbardziej wyrafinowanego gracza. <\/p>\n","protected":false},"excerpt":{"rendered":"<p>Aviator to wyj\u0105tkowa gra, jedna z pierwszych gier wideo na pieni\u0105dze w gatunku crash, kt\u00f3rej pojawienie si\u0119 wywo\u0142a\u0142o sensacj\u0119 w grach hazardowych online. Jest dynamiczna, ekscytuj\u0105ca, z kr\u00f3tkimi rundami, kt\u00f3re w zupe\u0142no\u015bci wystarcz\u0105, aby poczu\u0107 pot\u0119\u017cny przyp\u0142yw adrenaliny i uzyska\u0107 \u017cywe emocje. Ale wyrafinowany gracz zawsze jest zafascynowany r\u00f3\u017cnorodno\u015bci\u0105, wi\u0119c dzi\u015b popyt na analogi gry [&hellip;]<\/p>\n","protected":false},"author":2,"featured_media":0,"parent":0,"menu_order":0,"comment_status":"closed","ping_status":"closed","template":"","meta":{"footnotes":""},"yoast_head":"<!-- This site is optimized with the Yoast SEO plugin v21.7 - https:\/\/yoast.com\/wordpress\/plugins\/seo\/ -->\n<title>Podobne gry na pieni\u0105dze do Aviator (podobne gry i analogi Aviator)<\/title>\n<meta name=\"description\" content=\"Przegl\u0105d gier typu crash na pieni\u0105dze, takich jak s\u0142ynny &quot;Aviator&quot;. Sprawd\u017a najlepsze warianty i wybierz ten, kt\u00f3ry na\u0142aduje Ci\u0119 nowymi emocjami i ekscytacj\u0105, a je\u015bli Fortuna b\u0119dzie sprzyja\u0107, to solidn\u0105 wygran\u0105!\" \/>\n<meta name=\"robots\" content=\"index, follow, max-snippet:-1, max-image-preview:large, max-video-preview:-1\" \/>\n<link rel=\"canonical\" href=\"https:\/\/aviator-crash.org\/pl\/gry-takie-jak-aviator-za-pieniadze\/\" \/>\n<meta property=\"og:locale\" content=\"pl_PL\" \/>\n<meta property=\"og:type\" content=\"article\" \/>\n<meta property=\"og:title\" content=\"Podobne gry na pieni\u0105dze do Aviator (podobne gry i analogi Aviator)\" \/>\n<meta property=\"og:description\" content=\"Przegl\u0105d gier typu crash na pieni\u0105dze, takich jak s\u0142ynny &quot;Aviator&quot;. Sprawd\u017a najlepsze warianty i wybierz ten, kt\u00f3ry na\u0142aduje Ci\u0119 nowymi emocjami i ekscytacj\u0105, a je\u015bli Fortuna b\u0119dzie sprzyja\u0107, to solidn\u0105 wygran\u0105!\" \/>\n<meta property=\"og:url\" content=\"https:\/\/aviator-crash.org\/pl\/gry-takie-jak-aviator-za-pieniadze\/\" \/>\n<meta property=\"article:modified_time\" content=\"2024-02-02T17:55:22+00:00\" \/>\n<meta name=\"twitter:card\" content=\"summary_large_image\" \/>\n<meta name=\"twitter:label1\" content=\"Est. reading time\" \/>\n\t<meta name=\"twitter:data1\" content=\"4 minuty\" \/>\n<script type=\"application\/ld+json\" class=\"yoast-schema-graph\">{\"@context\":\"https:\/\/schema.org\",\"@graph\":[{\"@type\":\"WebPage\",\"@id\":\"https:\/\/aviator-crash.org\/pl\/gry-takie-jak-aviator-za-pieniadze\/\",\"url\":\"https:\/\/aviator-crash.org\/pl\/gry-takie-jak-aviator-za-pieniadze\/\",\"name\":\"Podobne gry na pieni\u0105dze do Aviator (podobne gry i analogi Aviator)\",\"isPartOf\":{\"@id\":\"https:\/\/aviator-crash.org\/pl\/#website\"},\"datePublished\":\"2023-12-27T19:09:40+00:00\",\"dateModified\":\"2024-02-02T17:55:22+00:00\",\"description\":\"Przegl\u0105d gier typu crash na pieni\u0105dze, takich jak s\u0142ynny \\\"Aviator\\\". Sprawd\u017a najlepsze warianty i wybierz ten, kt\u00f3ry na\u0142aduje Ci\u0119 nowymi emocjami i ekscytacj\u0105, a je\u015bli Fortuna b\u0119dzie sprzyja\u0107, to solidn\u0105 wygran\u0105!\",\"breadcrumb\":{\"@id\":\"https:\/\/aviator-crash.org\/pl\/gry-takie-jak-aviator-za-pieniadze\/#breadcrumb\"},\"inLanguage\":\"pl-PL\",\"potentialAction\":[{\"@type\":\"ReadAction\",\"target\":[\"https:\/\/aviator-crash.org\/pl\/gry-takie-jak-aviator-za-pieniadze\/\"]}]},{\"@type\":\"BreadcrumbList\",\"@id\":\"https:\/\/aviator-crash.org\/pl\/gry-takie-jak-aviator-za-pieniadze\/#breadcrumb\",\"itemListElement\":[{\"@type\":\"ListItem\",\"position\":1,\"name\":\"Home\",\"item\":\"https:\/\/aviator-crash.org\/pl\/aviator-gra-online-za-prawdziwe-pieniadze\/\"},{\"@type\":\"ListItem\",\"position\":2,\"name\":\"Gry takie jak Aviator za pieni\u0105dze\"}]},{\"@type\":\"WebSite\",\"@id\":\"https:\/\/aviator-crash.org\/pl\/#website\",\"url\":\"https:\/\/aviator-crash.org\/pl\/\",\"name\":\"\",\"description\":\"\",\"potentialAction\":[{\"@type\":\"SearchAction\",\"target\":{\"@type\":\"EntryPoint\",\"urlTemplate\":\"https:\/\/aviator-crash.org\/pl\/?s={search_term_string}\"},\"query-input\":\"required name=search_term_string\"}],\"inLanguage\":\"pl-PL\"}]}<\/script>\n<!-- \/ Yoast SEO plugin. -->","yoast_head_json":{"title":"Podobne gry na pieni\u0105dze do Aviator (podobne gry i analogi Aviator)","description":"Przegl\u0105d gier typu crash na pieni\u0105dze, takich jak s\u0142ynny \"Aviator\". Sprawd\u017a najlepsze warianty i wybierz ten, kt\u00f3ry na\u0142aduje Ci\u0119 nowymi emocjami i ekscytacj\u0105, a je\u015bli Fortuna b\u0119dzie sprzyja\u0107, to solidn\u0105 wygran\u0105!","robots":{"index":"index","follow":"follow","max-snippet":"max-snippet:-1","max-image-preview":"max-image-preview:large","max-video-preview":"max-video-preview:-1"},"canonical":"https:\/\/aviator-crash.org\/pl\/gry-takie-jak-aviator-za-pieniadze\/","og_locale":"pl_PL","og_type":"article","og_title":"Podobne gry na pieni\u0105dze do Aviator (podobne gry i analogi Aviator)","og_description":"Przegl\u0105d gier typu crash na pieni\u0105dze, takich jak s\u0142ynny \"Aviator\". Sprawd\u017a najlepsze warianty i wybierz ten, kt\u00f3ry na\u0142aduje Ci\u0119 nowymi emocjami i ekscytacj\u0105, a je\u015bli Fortuna b\u0119dzie sprzyja\u0107, to solidn\u0105 wygran\u0105!","og_url":"https:\/\/aviator-crash.org\/pl\/gry-takie-jak-aviator-za-pieniadze\/","article_modified_time":"2024-02-02T17:55:22+00:00","twitter_card":"summary_large_image","twitter_misc":{"Est. reading time":"4 minuty"},"schema":{"@context":"https:\/\/schema.org","@graph":[{"@type":"WebPage","@id":"https:\/\/aviator-crash.org\/pl\/gry-takie-jak-aviator-za-pieniadze\/","url":"https:\/\/aviator-crash.org\/pl\/gry-takie-jak-aviator-za-pieniadze\/","name":"Podobne gry na pieni\u0105dze do Aviator (podobne gry i analogi Aviator)","isPartOf":{"@id":"https:\/\/aviator-crash.org\/pl\/#website"},"datePublished":"2023-12-27T19:09:40+00:00","dateModified":"2024-02-02T17:55:22+00:00","description":"Przegl\u0105d gier typu crash na pieni\u0105dze, takich jak s\u0142ynny \"Aviator\". Sprawd\u017a najlepsze warianty i wybierz ten, kt\u00f3ry na\u0142aduje Ci\u0119 nowymi emocjami i ekscytacj\u0105, a je\u015bli Fortuna b\u0119dzie sprzyja\u0107, to solidn\u0105 wygran\u0105!","breadcrumb":{"@id":"https:\/\/aviator-crash.org\/pl\/gry-takie-jak-aviator-za-pieniadze\/#breadcrumb"},"inLanguage":"pl-PL","potentialAction":[{"@type":"ReadAction","target":["https:\/\/aviator-crash.org\/pl\/gry-takie-jak-aviator-za-pieniadze\/"]}]},{"@type":"BreadcrumbList","@id":"https:\/\/aviator-crash.org\/pl\/gry-takie-jak-aviator-za-pieniadze\/#breadcrumb","itemListElement":[{"@type":"ListItem","position":1,"name":"Home","item":"https:\/\/aviator-crash.org\/pl\/aviator-gra-online-za-prawdziwe-pieniadze\/"},{"@type":"ListItem","position":2,"name":"Gry takie jak Aviator za pieni\u0105dze"}]},{"@type":"WebSite","@id":"https:\/\/aviator-crash.org\/pl\/#website","url":"https:\/\/aviator-crash.org\/pl\/","name":"","description":"","potentialAction":[{"@type":"SearchAction","target":{"@type":"EntryPoint","urlTemplate":"https:\/\/aviator-crash.org\/pl\/?s={search_term_string}"},"query-input":"required name=search_term_string"}],"inLanguage":"pl-PL"}]}},"_links":{"self":[{"href":"https:\/\/aviator-crash.org\/pl\/wp-json\/wp\/v2\/pages\/2497"}],"collection":[{"href":"https:\/\/aviator-crash.org\/pl\/wp-json\/wp\/v2\/pages"}],"about":[{"href":"https:\/\/aviator-crash.org\/pl\/wp-json\/wp\/v2\/types\/page"}],"author":[{"embeddable":true,"href":"https:\/\/aviator-crash.org\/pl\/wp-json\/wp\/v2\/users\/2"}],"replies":[{"embeddable":true,"href":"https:\/\/aviator-crash.org\/pl\/wp-json\/wp\/v2\/comments?post=2497"}],"version-history":[{"count":1,"href":"https:\/\/aviator-crash.org\/pl\/wp-json\/wp\/v2\/pages\/2497\/revisions"}],"predecessor-version":[{"id":2498,"href":"https:\/\/aviator-crash.org\/pl\/wp-json\/wp\/v2\/pages\/2497\/revisions\/2498"}],"wp:attachment":[{"href":"https:\/\/aviator-crash.org\/pl\/wp-json\/wp\/v2\/media?parent=2497"}],"curies":[{"name":"wp","href":"https:\/\/api.w.org\/{rel}","templated":true}]}}