{"id":2538,"date":"2023-12-27T19:48:01","date_gmt":"2023-12-27T19:48:01","guid":{"rendered":"https:\/\/aviator-crash.org\/automat-do-gry-space-xy\/"},"modified":"2024-02-02T17:59:10","modified_gmt":"2024-02-02T17:59:10","slug":"automat-do-gry-space-xy","status":"publish","type":"page","link":"https:\/\/aviator-crash.org\/pl\/automat-do-gry-space-xy\/","title":{"rendered":"Automat do gry Space XY"},"content":{"rendered":"\n<figure class=\"wp-block-gallery has-nested-images columns-default is-cropped wp-block-gallery-1 is-layout-flex wp-block-gallery-is-layout-flex\">\n<figure class=\"wp-block-image size-large\"><span itemprop=\"image\" itemscope itemtype=\"https:\/\/schema.org\/ImageObject\"><img itemprop=\"url image\" loading=\"lazy\" decoding=\"async\" width=\"1024\" height=\"445\" data-id=\"469\" src=\"https:\/\/aviator-crash.org\/wp-content\/uploads\/2024\/01\/bgaming-game-release-1024x445.jpg\" alt=\"\" class=\"wp-image-469\" srcset=\"https:\/\/aviator-crash.org\/wp-content\/uploads\/2024\/01\/bgaming-game-release-1024x445.jpg 1024w, https:\/\/aviator-crash.org\/wp-content\/uploads\/2024\/01\/bgaming-game-release-300x131.jpg 300w, https:\/\/aviator-crash.org\/wp-content\/uploads\/2024\/01\/bgaming-game-release-768x334.jpg 768w, https:\/\/aviator-crash.org\/wp-content\/uploads\/2024\/01\/bgaming-game-release.jpg 1200w\" sizes=\"(max-width: 1024px) 100vw, 1024px\" \/><meta itemprop=\"width\" content=\"1024\"><meta itemprop=\"height\" content=\"445\"><\/span><\/figure>\n<\/figure>\n\n<p>Witamy w \u015bwiecie Space XY, gdzie ka\u017cda gwiazda to nowa przygoda, a ka\u017cda galaktyka to pole do eksploracji.\nTa ekscytuj\u0105ca gra kosmiczna oferuje graczom nie tylko mo\u017cliwo\u015b\u0107 odkrywania ogromnych przestrzeni wszech\u015bwiata, ale tak\u017ce zostania prawdziwymi zdobywcami kosmosu. <\/p>\n\n<p>Space XY to gra, kt\u00f3ra przyci\u0105ga uwag\u0119 od pierwszych sekund.\nAplikacj\u0119 na Androida mo\u017cna pobra\u0107 z oficjalnej strony One Win.\nTutaj czekaj\u0105 na ciebie najlepsze przygody i niezapomniana rozrywka.\nZaloguj si\u0119 na swoje osobiste konto, obstawiaj zak\u0142ady i wygrywaj w Space XY.   <\/p>\n\n<h2 class=\"wp-block-heading\">Zalety gry online Space XY<\/h2>\n\n<p>Space XY to gra, kt\u00f3ra oferuje ekscytuj\u0105ce bitwy kosmiczne, w kt\u00f3rych mo\u017cesz sprawdzi\u0107 swoje umiej\u0119tno\u015bci pilota\u017cu.\nDostosuj sw\u00f3j statek kosmiczny, walcz z zagro\u017ceniami ze strony obcych i we\u017a udzia\u0142 w epickich bitwach kosmicznych, kt\u00f3re zadecyduj\u0105 o twoim przeznaczeniu w tej ogromnej przestrzeni. <\/p>\n\n<p>W\u015br\u00f3d kluczowych zalet tej gry s\u0105 nast\u0119puj\u0105ce:<\/p>\n\n<ul>\n<li>G\u0142\u0119boka fabu\u0142a.\nSpace XY to nie tylko kosmiczne przygody.\nBogata fabu\u0142a, skomplikowane zagadki i wa\u017cne decyzje tworz\u0105 wyj\u0105tkowe do\u015bwiadczenie, kt\u00f3re zale\u017cy od twoich wybor\u00f3w.  <\/li>\n\n\n\n<li>Ka\u017cda decyzja wp\u0142ywa na przebieg gry.\nDlatego w Space XY b\u0119dziesz potrzebowa\u0142 strategii, aby wygra\u0107 i zdoby\u0107 jak najwi\u0119cej punkt\u00f3w. <\/li>\n\n\n\n<li>Opcja personalizacji.\nJednym z kluczowych element\u00f3w Space XY jest mo\u017cliwo\u015b\u0107 dostosowania statku kosmicznego do w\u0142asnych preferencji.\nWybierz unikalne modyfikacje, ulepsz technologi\u0119 i stw\u00f3rz statek, kt\u00f3ry odzwierciedla tw\u00f3j styl i strategi\u0119.  <\/li>\n\n\n\n<li>Galaktyczne podr\u00f3\u017ce.\nSpace XY otwiera wiele galaktyk, z kt\u00f3rych ka\u017cda wype\u0142niona jest niesamowitymi \u015bwiatami, tajemniczymi artefaktami i niebezpiecznymi przygodami.\nOdkrywaj niezbadane planety, spotykaj r\u00f3\u017cne rasy i bierz udzia\u0142 w intryguj\u0105cych kosmicznych historiach.\nWszystko, czego potrzebujesz, aby zacz\u0105\u0107 zag\u0142\u0119bia\u0107 si\u0119 w histori\u0119, to dowiedzie\u0107 si\u0119, jak zainstalowa\u0107 gr\u0119 Space XY.   <\/li>\n\n\n\n<li>Cotygodniowe wydarzenia i misje.\nGra online jest stale aktualizowana o nowe wydarzenia, misje i wyzwania, dzi\u0119ki czemu zawsze znajdziesz nowe cele do osi\u0105gni\u0119cia.\nBierz udzia\u0142 w cotygodniowych wydarzeniach, walcz o nagrody i podziwiaj wyj\u0105tkowe mo\u017cliwo\u015bci, kt\u00f3re pojawiaj\u0105 si\u0119 co tydzie\u0144.  <\/li>\n<\/ul>\n\n<h2 class=\"wp-block-heading\">Jak gra\u0107 w Space XY<\/h2>\n\n<p>Aby do\u0142\u0105czy\u0107 do kosmicznej przygody w Space XY, pierwszym krokiem jest zainstalowanie gry.\nNast\u0119pnie nale\u017cy utworzy\u0107 konto, kt\u00f3re zapewni utrzymanie post\u0119p\u00f3w i mo\u017cliwo\u015bci online.\nPo rejestracji spersonalizuj sw\u00f3j statek kosmiczny, wybieraj\u0105c unikalne projekty i ulepszenia.\nZanurz si\u0119 w \u015bwiecie Space XY, eksploruj\u0105c galaktyki, wchodz\u0105c w interakcje z r\u00f3\u017cnymi \u015bwiatami i wykonuj\u0105c misje, pobieraj\u0105c Space XY.   <\/p>\n\n<p>Bitwy kosmiczne s\u0105 kluczowym aspektem gry.\nRzu\u0107 wyzwanie obcym zagro\u017ceniom i innym graczom w czasie rzeczywistym, wykorzystuj\u0105c swoje umiej\u0119tno\u015bci strategiczne.\nBierz udzia\u0142 w wydarzeniach i misjach, aby zdobywa\u0107 nagrody i ulepszenia.\nWa\u017cne s\u0105 r\u00f3wnie\u017c kontakty towarzyskie z innymi graczami &#8211; zawieraj sojusze, dziel si\u0119 do\u015bwiadczeniami i strategiami.   <\/p>\n\n<p>Og\u00f3lnie rzecz bior\u0105c, zanurzenie si\u0119 w Space XY wymaga eksploracji, walki i interakcji z kosmicznym \u015bwiatem, kt\u00f3ry czeka na odkrycie.<\/p>\n\n<h2 class=\"wp-block-heading\">Jak wygra\u0107 w Space XY<\/h2>\n\n<p>W \u015bwiecie Space XY kluczem do udanej rozgrywki jest dog\u0142\u0119bna eksploracja wszech\u015bwiata i elastyczne dostosowywanie si\u0119 do r\u00f3\u017cnorodnych wyzwa\u0144.\nRozwijaj sw\u00f3j statek kosmiczny, dostosowuj\u0105c go do swoich unikalnych potrzeb i wymaga\u0144 bie\u017c\u0105cej sytuacji.\nA bonusy Space XY pozwol\u0105 ci zwi\u0119kszy\u0107 swoje szanse na wygran\u0105.  <\/p>\n\n<p>Podejd\u017a strategicznie do bitew kosmicznych, zwracaj\u0105c uwag\u0119 na dynamik\u0119 bitwy i czynniki zewn\u0119trzne.\nObserwuj zachowanie innych graczy i dostosuj swoj\u0105 taktyk\u0119 do ich dzia\u0142a\u0144.\nStrategia Space XY jest kluczowym aspektem potrzebnym do udanej gry.  <\/p>\n\n<p>Aktywnie uczestnicz w wydarzeniach i misjach, kt\u00f3re zapewniaj\u0105 mo\u017cliwo\u015b\u0107 zdobycia cennych zasob\u00f3w i ulepsze\u0144 dla twojego statku.\nPami\u0119taj jednak, \u017ce twoje dzia\u0142ania i decyzje mog\u0105 mie\u0107 wp\u0142yw na gr\u0119 i interakcje z innymi graczami. <\/p>\n\n<h2 class=\"wp-block-heading\">Zasady gry Space XY<\/h2>\n\n<p>W \u015bwiecie Space XY istnieje kilka podstawowych zasad, kt\u00f3re pomog\u0105 ci z powodzeniem nawigowa\u0107 i odnosi\u0107 sukcesy w kosmicznych przygodach.\nNale\u017cy si\u0119 ich nauczy\u0107 przed rozpocz\u0119ciem gry w Space XY: <\/p>\n\n<ol>\n<li>Odkrywaj r\u00f3\u017cne galaktyki, planety i asteroidy.<\/li>\n\n\n\n<li>Ulepszaj sw\u00f3j statek, rozwijaj taktyk\u0119 i anga\u017cuj si\u0119 w kosmiczne pojedynki, aby chroni\u0107 swoje interesy.<\/li>\n\n\n\n<li>Wydobywaj surowce, przetwarzaj je i wykorzystuj do ulepszania swojego statku, budowania baz, bada\u0144 i handlu.<\/li>\n\n\n\n<li>Aktywnie uczestnicz w wydarzeniach i misjach, aby zdobywa\u0107 wyj\u0105tkowe nagrody i rozwija\u0107 swoje umiej\u0119tno\u015bci w grze.<\/li>\n\n\n\n<li>Odkrywaj nowe technologie, aby ulepszy\u0107 sw\u00f3j statek i obron\u0119 bazy.<\/li>\n\n\n\n<li>Zawieraj sojusze z innymi graczami, aby po\u0142\u0105czy\u0107 si\u0142y w walce o wsp\u00f3lne cele i opracowa\u0107 strategie w grze Space XY, jak wygra\u0107.<\/li>\n\n\n\n<li>Bierz udzia\u0142 w zawodach i \u015bled\u017a rankingi, aby mierzy\u0107 swoje post\u0119py i por\u00f3wnywa\u0107 osi\u0105gni\u0119cia z innymi graczami.<\/li>\n<\/ol>\n\n<p>Przestrzeganie tych zasad pomo\u017ce ci w pe\u0142ni cieszy\u0107 si\u0119 przestrzeni\u0105 kosmiczn\u0105 w Space XY i odnie\u015b\u0107 sukces w ogromnym kosmosie.<\/p>\n\n<h2 class=\"wp-block-heading\">Kody promocyjne<\/h2>\n\n<p>Najlepszym sposobem na uzyskanie aktualnych kod\u00f3w jest \u015bledzenie oficjalnych kana\u0142\u00f3w komunikacji gry.\nMo\u017ce to by\u0107 oficjalna strona internetowa, media spo\u0142eczno\u015bciowe, fora lub biuletyny e-mail.\nKody promocyjne w grze takiej jak Space XY s\u0105 wykorzystywane do zapewnienia graczom r\u00f3\u017cnych bonus\u00f3w i korzy\u015bci.  <\/p>\n\n<p>Kody promocyjne mog\u0105 zapewnia\u0107 darmowe zasoby, takie jak kredyty, energia lub inne waluty w grze.\nNiekt\u00f3re opcje zapewniaj\u0105 dost\u0119p do unikalnych ulepsze\u0144 lub modernizacji statk\u00f3w kosmicznych, baz i innych element\u00f3w gry.\nRecenzje Space XY zawieraj\u0105 wiele wskaz\u00f3wek, jak prawid\u0142owo wykorzysta\u0107 takie bonusy.  <\/p>\n\n<p>Kody promocyjne mog\u0105 by\u0107 dystrybuowane w ramach specjalnych wydarze\u0144, konkurs\u00f3w lub promocji, zach\u0119caj\u0105c graczy do udzia\u0142u w r\u00f3\u017cnych dzia\u0142aniach.<\/p>\n\n<h2 class=\"wp-block-heading\">Referencje<\/h2>\n\n<p>Oto kilka opinii u\u017cytkownik\u00f3w, kt\u00f3re potwierdzaj\u0105 powszechn\u0105 popularno\u015b\u0107 tej aplikacji:<\/p>\n","protected":false},"excerpt":{"rendered":"<p>Witamy w \u015bwiecie Space XY, gdzie ka\u017cda gwiazda to nowa przygoda, a ka\u017cda galaktyka to pole do eksploracji. Ta ekscytuj\u0105ca gra kosmiczna oferuje graczom nie tylko mo\u017cliwo\u015b\u0107 odkrywania ogromnych przestrzeni wszech\u015bwiata, ale tak\u017ce zostania prawdziwymi zdobywcami kosmosu. Space XY to gra, kt\u00f3ra przyci\u0105ga uwag\u0119 od pierwszych sekund. Aplikacj\u0119 na Androida mo\u017cna pobra\u0107 z oficjalnej strony [&hellip;]<\/p>\n","protected":false},"author":2,"featured_media":0,"parent":0,"menu_order":0,"comment_status":"open","ping_status":"closed","template":"","meta":{"footnotes":""},"yoast_head":"<!-- This site is optimized with the Yoast SEO plugin v21.7 - https:\/\/yoast.com\/wordpress\/plugins\/seo\/ -->\n<title>Space XY gra kasynowa, pobierz<\/title>\n<meta name=\"description\" content=\"Interesuj\u0105ca gra dla tych, kt\u00f3rzy kochaj\u0105 emocje i wysokie ryzyko. Pobierz i ciesz si\u0119 rozgrywk\u0105 w grze Space XY w kasynie. Zanurz si\u0119 w \u015bwiecie ryzyka i niezapomnianych przyg\u00f3d. Uwa\u017cnie przestudiuj zasady i funkcje gry, aby wygra\u0107.\" \/>\n<meta name=\"robots\" content=\"index, follow, max-snippet:-1, max-image-preview:large, max-video-preview:-1\" \/>\n<link rel=\"canonical\" href=\"https:\/\/aviator-crash.org\/pl\/automat-do-gry-space-xy\/\" \/>\n<meta property=\"og:locale\" content=\"pl_PL\" \/>\n<meta property=\"og:type\" content=\"article\" \/>\n<meta property=\"og:title\" content=\"Space XY gra kasynowa, pobierz\" \/>\n<meta property=\"og:description\" content=\"Interesuj\u0105ca gra dla tych, kt\u00f3rzy kochaj\u0105 emocje i wysokie ryzyko. Pobierz i ciesz si\u0119 rozgrywk\u0105 w grze Space XY w kasynie. Zanurz si\u0119 w \u015bwiecie ryzyka i niezapomnianych przyg\u00f3d. Uwa\u017cnie przestudiuj zasady i funkcje gry, aby wygra\u0107.\" \/>\n<meta property=\"og:url\" content=\"https:\/\/aviator-crash.org\/pl\/automat-do-gry-space-xy\/\" \/>\n<meta property=\"article:modified_time\" content=\"2024-02-02T17:59:10+00:00\" \/>\n<meta property=\"og:image\" content=\"https:\/\/aviator-crash.org\/wp-content\/uploads\/2024\/01\/bgaming-game-release-1024x445.jpg\" \/>\n<meta name=\"twitter:card\" content=\"summary_large_image\" \/>\n<meta name=\"twitter:label1\" content=\"Est. reading time\" \/>\n\t<meta name=\"twitter:data1\" content=\"5 minut\" \/>\n<script type=\"application\/ld+json\" class=\"yoast-schema-graph\">{\"@context\":\"https:\/\/schema.org\",\"@graph\":[{\"@type\":\"WebPage\",\"@id\":\"https:\/\/aviator-crash.org\/pl\/automat-do-gry-space-xy\/\",\"url\":\"https:\/\/aviator-crash.org\/pl\/automat-do-gry-space-xy\/\",\"name\":\"Space XY gra kasynowa, pobierz\",\"isPartOf\":{\"@id\":\"https:\/\/aviator-crash.org\/pl\/#website\"},\"datePublished\":\"2023-12-27T19:48:01+00:00\",\"dateModified\":\"2024-02-02T17:59:10+00:00\",\"description\":\"Interesuj\u0105ca gra dla tych, kt\u00f3rzy kochaj\u0105 emocje i wysokie ryzyko. Pobierz i ciesz si\u0119 rozgrywk\u0105 w grze Space XY w kasynie. Zanurz si\u0119 w \u015bwiecie ryzyka i niezapomnianych przyg\u00f3d. Uwa\u017cnie przestudiuj zasady i funkcje gry, aby wygra\u0107.\",\"breadcrumb\":{\"@id\":\"https:\/\/aviator-crash.org\/pl\/automat-do-gry-space-xy\/#breadcrumb\"},\"inLanguage\":\"pl-PL\",\"potentialAction\":[{\"@type\":\"ReadAction\",\"target\":[\"https:\/\/aviator-crash.org\/pl\/automat-do-gry-space-xy\/\"]}]},{\"@type\":\"BreadcrumbList\",\"@id\":\"https:\/\/aviator-crash.org\/pl\/automat-do-gry-space-xy\/#breadcrumb\",\"itemListElement\":[{\"@type\":\"ListItem\",\"position\":1,\"name\":\"Home\",\"item\":\"https:\/\/aviator-crash.org\/pl\/aviator-gra-online-za-prawdziwe-pieniadze\/\"},{\"@type\":\"ListItem\",\"position\":2,\"name\":\"Automat do gry Space XY\"}]},{\"@type\":\"WebSite\",\"@id\":\"https:\/\/aviator-crash.org\/pl\/#website\",\"url\":\"https:\/\/aviator-crash.org\/pl\/\",\"name\":\"\",\"description\":\"\",\"potentialAction\":[{\"@type\":\"SearchAction\",\"target\":{\"@type\":\"EntryPoint\",\"urlTemplate\":\"https:\/\/aviator-crash.org\/pl\/?s={search_term_string}\"},\"query-input\":\"required name=search_term_string\"}],\"inLanguage\":\"pl-PL\"}]}<\/script>\n<!-- \/ Yoast SEO plugin. -->","yoast_head_json":{"title":"Space XY gra kasynowa, pobierz","description":"Interesuj\u0105ca gra dla tych, kt\u00f3rzy kochaj\u0105 emocje i wysokie ryzyko. Pobierz i ciesz si\u0119 rozgrywk\u0105 w grze Space XY w kasynie. Zanurz si\u0119 w \u015bwiecie ryzyka i niezapomnianych przyg\u00f3d. Uwa\u017cnie przestudiuj zasady i funkcje gry, aby wygra\u0107.","robots":{"index":"index","follow":"follow","max-snippet":"max-snippet:-1","max-image-preview":"max-image-preview:large","max-video-preview":"max-video-preview:-1"},"canonical":"https:\/\/aviator-crash.org\/pl\/automat-do-gry-space-xy\/","og_locale":"pl_PL","og_type":"article","og_title":"Space XY gra kasynowa, pobierz","og_description":"Interesuj\u0105ca gra dla tych, kt\u00f3rzy kochaj\u0105 emocje i wysokie ryzyko. Pobierz i ciesz si\u0119 rozgrywk\u0105 w grze Space XY w kasynie. Zanurz si\u0119 w \u015bwiecie ryzyka i niezapomnianych przyg\u00f3d. Uwa\u017cnie przestudiuj zasady i funkcje gry, aby wygra\u0107.","og_url":"https:\/\/aviator-crash.org\/pl\/automat-do-gry-space-xy\/","article_modified_time":"2024-02-02T17:59:10+00:00","og_image":[{"url":"https:\/\/aviator-crash.org\/wp-content\/uploads\/2024\/01\/bgaming-game-release-1024x445.jpg"}],"twitter_card":"summary_large_image","twitter_misc":{"Est. reading time":"5 minut"},"schema":{"@context":"https:\/\/schema.org","@graph":[{"@type":"WebPage","@id":"https:\/\/aviator-crash.org\/pl\/automat-do-gry-space-xy\/","url":"https:\/\/aviator-crash.org\/pl\/automat-do-gry-space-xy\/","name":"Space XY gra kasynowa, pobierz","isPartOf":{"@id":"https:\/\/aviator-crash.org\/pl\/#website"},"datePublished":"2023-12-27T19:48:01+00:00","dateModified":"2024-02-02T17:59:10+00:00","description":"Interesuj\u0105ca gra dla tych, kt\u00f3rzy kochaj\u0105 emocje i wysokie ryzyko. Pobierz i ciesz si\u0119 rozgrywk\u0105 w grze Space XY w kasynie. Zanurz si\u0119 w \u015bwiecie ryzyka i niezapomnianych przyg\u00f3d. Uwa\u017cnie przestudiuj zasady i funkcje gry, aby wygra\u0107.","breadcrumb":{"@id":"https:\/\/aviator-crash.org\/pl\/automat-do-gry-space-xy\/#breadcrumb"},"inLanguage":"pl-PL","potentialAction":[{"@type":"ReadAction","target":["https:\/\/aviator-crash.org\/pl\/automat-do-gry-space-xy\/"]}]},{"@type":"BreadcrumbList","@id":"https:\/\/aviator-crash.org\/pl\/automat-do-gry-space-xy\/#breadcrumb","itemListElement":[{"@type":"ListItem","position":1,"name":"Home","item":"https:\/\/aviator-crash.org\/pl\/aviator-gra-online-za-prawdziwe-pieniadze\/"},{"@type":"ListItem","position":2,"name":"Automat do gry Space XY"}]},{"@type":"WebSite","@id":"https:\/\/aviator-crash.org\/pl\/#website","url":"https:\/\/aviator-crash.org\/pl\/","name":"","description":"","potentialAction":[{"@type":"SearchAction","target":{"@type":"EntryPoint","urlTemplate":"https:\/\/aviator-crash.org\/pl\/?s={search_term_string}"},"query-input":"required name=search_term_string"}],"inLanguage":"pl-PL"}]}},"_links":{"self":[{"href":"https:\/\/aviator-crash.org\/pl\/wp-json\/wp\/v2\/pages\/2538"}],"collection":[{"href":"https:\/\/aviator-crash.org\/pl\/wp-json\/wp\/v2\/pages"}],"about":[{"href":"https:\/\/aviator-crash.org\/pl\/wp-json\/wp\/v2\/types\/page"}],"author":[{"embeddable":true,"href":"https:\/\/aviator-crash.org\/pl\/wp-json\/wp\/v2\/users\/2"}],"replies":[{"embeddable":true,"href":"https:\/\/aviator-crash.org\/pl\/wp-json\/wp\/v2\/comments?post=2538"}],"version-history":[{"count":1,"href":"https:\/\/aviator-crash.org\/pl\/wp-json\/wp\/v2\/pages\/2538\/revisions"}],"predecessor-version":[{"id":2540,"href":"https:\/\/aviator-crash.org\/pl\/wp-json\/wp\/v2\/pages\/2538\/revisions\/2540"}],"wp:attachment":[{"href":"https:\/\/aviator-crash.org\/pl\/wp-json\/wp\/v2\/media?parent=2538"}],"curies":[{"name":"wp","href":"https:\/\/api.w.org\/{rel}","templated":true}]}}