{"id":2586,"date":"2023-12-27T19:40:59","date_gmt":"2023-12-27T19:40:59","guid":{"rendered":"https:\/\/aviator-crash.org\/zagraj-w-rocket-x\/"},"modified":"2024-02-02T18:29:33","modified_gmt":"2024-02-02T18:29:33","slug":"zagraj-w-rocket-x","status":"publish","type":"page","link":"https:\/\/aviator-crash.org\/pl\/zagraj-w-rocket-x\/","title":{"rendered":"Zagraj w Rocket X"},"content":{"rendered":"\n<figure class=\"wp-block-gallery has-nested-images columns-default is-cropped wp-block-gallery-1 is-layout-flex wp-block-gallery-is-layout-flex\">\n<figure class=\"wp-block-image size-large\"><span itemprop=\"image\" itemscope itemtype=\"https:\/\/schema.org\/ImageObject\"><img itemprop=\"url image\" loading=\"lazy\" decoding=\"async\" width=\"1024\" height=\"761\" data-id=\"472\" src=\"https:\/\/aviator-crash.org\/wp-content\/uploads\/2024\/01\/rocket-x-1024x761.webp\" alt=\"\" class=\"wp-image-472\" srcset=\"https:\/\/aviator-crash.org\/wp-content\/uploads\/2024\/01\/rocket-x-1024x761.webp 1024w, https:\/\/aviator-crash.org\/wp-content\/uploads\/2024\/01\/rocket-x-300x223.webp 300w, https:\/\/aviator-crash.org\/wp-content\/uploads\/2024\/01\/rocket-x-768x571.webp 768w, https:\/\/aviator-crash.org\/wp-content\/uploads\/2024\/01\/rocket-x.webp 1200w\" sizes=\"(max-width: 1024px) 100vw, 1024px\" \/><meta itemprop=\"width\" content=\"1024\"><meta itemprop=\"height\" content=\"761\"><\/span><\/figure>\n<\/figure>\n\n<p>Gra wieloosobowa Rocket X oferuje mo\u017cliwo\u015b\u0107 zanurzenia si\u0119 w ekscytuj\u0105cej przygodzie i zarabiania prawdziwych pieni\u0119dzy.\nMo\u017cesz pobra\u0107 j\u0105 za darmo na dowolne urz\u0105dzenie i cieszy\u0107 si\u0119 wspania\u0142\u0105 gr\u0105 zar\u00f3wno w pojedynk\u0119, jak i razem ze znajomymi i innymi graczami.\nAby to zrobi\u0107, wystarczy przej\u015b\u0107 do oficjalnego portalu bukmacherskiego One Win i pobra\u0107 gr\u0119 Rocket X za darmo na Androida.\nAby rozpocz\u0105\u0107 gr\u0119, wystarczy przej\u015b\u0107 do swojego osobistego konta, rejestruj\u0105c si\u0119 lub loguj\u0105c.\nZajmie to tylko kilka minut, ale mo\u017cesz od razu zacz\u0105\u0107 gra\u0107 i cieszy\u0107 si\u0119 procesem.    <\/p>\n\n<h2 class=\"wp-block-heading\"><strong>Zalety gry online Rocket X<\/strong><\/h2>\n\n<p>Gry hazardowe ciesz\u0105 si\u0119 ogromnym zainteresowaniem we wsp\u00f3\u0142czesnym \u015bwiecie.\nPozwalaj\u0105 one \u015bwietnie si\u0119 bawi\u0107, a tak\u017ce zarobi\u0107 niemal dowoln\u0105 kwot\u0119 pieni\u0119dzy bez wychodzenia z domu.\nZ kolei Rocket X uwa\u017cany jest za jedn\u0105 z najpopularniejszych gier tego typu.\nTa gra ma wiele zalet, w tym nast\u0119puj\u0105ce:   <\/p>\n\n<ul>\n<li>Wyj\u0105tkowo pozytywne recenzje Rocket X wskazuj\u0105, \u017ce aplikacja ta jest niezwykle popularna w\u015br\u00f3d graczy z ca\u0142ego \u015bwiata.<\/li>\n\n\n\n<li>Tryb wieloosobowy.\nMo\u017cliwo\u015b\u0107 gry w czasie rzeczywistym, ciesz\u0105c si\u0119 procesem ze znajomymi lub innymi u\u017cytkownikami z ca\u0142ego \u015bwiata online. <\/li>\n\n\n\n<li>Dynamiczne wy\u015bcigi.\nRozgrywka koncentruje si\u0119 na szybkich i dynamicznych wy\u015bcigach z r\u00f3\u017cnorodnymi torami i przeszkodami. <\/li>\n\n\n\n<li>Unikalne lokacje.\nZr\u00f3\u017cnicowane i kolorowe lokacje, kt\u00f3re oferuj\u0105 r\u00f3\u017cne warunki wy\u015bcigowe. <\/li>\n\n\n\n<li>Akrobacje i ulepszenia.\nMo\u017cliwo\u015b\u0107 wykonywania akrobacji i ulepszania swojej maszyny lataj\u0105cej za pomoc\u0105 r\u00f3\u017cnych ulepsze\u0144.\nWszystko, co musisz zrobi\u0107, to pobra\u0107 Rocket X na swoje urz\u0105dzenie i zarejestrowa\u0107 si\u0119.  <\/li>\n\n\n\n<li>System progresji.\nRozbudowany system progresji z nowymi poziomami, pojazdami i inn\u0105 zawarto\u015bci\u0105 odblokowywan\u0105 w miar\u0119 post\u0119p\u00f3w w grze. <\/li>\n\n\n\n<li>Dost\u0119pno\u015b\u0107 du\u017cej liczby bonus\u00f3w.\nMo\u017cliwo\u015b\u0107 uzyskania bonus\u00f3w, osi\u0105gni\u0119\u0107 i innych nagr\u00f3d za pomy\u015blne uko\u0144czenie poziom\u00f3w lub wykonanie zada\u0144 specjalnych. <\/li>\n\n\n\n<li>Doskona\u0142a grafika i osza\u0142amiaj\u0105ca \u015bcie\u017cka d\u017awi\u0119kowa.\nWysokiej jako\u015bci grafika i \u015bcie\u017cka d\u017awi\u0119kowa tworz\u0105 imponuj\u0105c\u0105 atmosfer\u0119 wizualn\u0105 i d\u017awi\u0119kow\u0105. <\/li>\n<\/ul>\n\n<p>Liczne zalety sprawiaj\u0105, \u017ce gra ta jest do\u015b\u0107 popularna w\u015br\u00f3d fan\u00f3w aplikacji hazardowych.\nRecenzje gry Rocket X s\u0105 w wi\u0119kszo\u015bci pozytywne, co po raz kolejny potwierdza powy\u017cszy fakt.\nJe\u015bli chcesz si\u0119 dobrze bawi\u0107, to ta aplikacja jest najlepsz\u0105 opcj\u0105.  <\/p>\n\n<h2 class=\"wp-block-heading\">Jak gra\u0107 w Rocket X<\/h2>\n\n<p>Kolejn\u0105 zalet\u0105 tej gry jest to, \u017ce ma proste i jasne zasady, kt\u00f3re mog\u0105 by\u0107 szybko zrozumiane przez absolutnie ka\u017cdego.\nPierwsz\u0105 rzecz\u0105, kt\u00f3r\u0105 musisz zrobi\u0107, to zarejestrowa\u0107 si\u0119 lub zalogowa\u0107 do swojej osobistej szafki.\nTa opcja jest niezwykle wygodna, poniewa\u017c wszystkie post\u0119py zostan\u0105 zapisane automatycznie.  <\/p>\n\n<p>Drugim krokiem, kt\u00f3ry nale\u017cy wykona\u0107, jest zasilenie konta gracza.\nNast\u0119pnie przejd\u017a do strony i uruchom symulator.\nGra rozpocznie si\u0119 po postawieniu zak\u0142adu.\nJego wysoko\u015b\u0107 jest indywidualna i zale\u017cy wy\u0142\u0105cznie od Twoich preferencji i strategii.   <\/p>\n\n<p>Oficjalna strona Rocket X oferuje wiele mo\u017cliwo\u015bci gry.\nDost\u0119pne s\u0105 zar\u00f3wno tryby indywidualne, jak i wieloosobowe, kt\u00f3re pozwalaj\u0105 cieszy\u0107 si\u0119 rozgrywk\u0105 online ze znajomymi lub innymi graczami w sieci.\nWszystkie podstawowe zasady s\u0105 podane na stronie internetowej.\nPonadto przed rozpocz\u0119ciem gry mo\u017cna przej\u015b\u0107 szkolenie, aby lepiej zrozumie\u0107 gr\u0119 i zacz\u0105\u0107 zarabia\u0107 od samego pocz\u0105tku.   <\/p>\n\n<p>Po postawieniu zak\u0142adu wystarczy poczeka\u0107 na wynik.\nProces ten jest do\u015b\u0107 ekscytuj\u0105cy, poniewa\u017c warto\u015bci zmieniaj\u0105 si\u0119 do\u015b\u0107 szybko i prawie niemo\u017cliwe jest przewidzenie, jaki b\u0119dzie wynik ko\u0144cowy. <\/p>\n\n<h2 class=\"wp-block-heading\">Jak wygra\u0107 w Rocket X<\/h2>\n\n<p>Jak ju\u017c sta\u0142o si\u0119 jasne, niezwykle wa\u017cne jest, aby wybra\u0107 odpowiedni moment w grze, aby zak\u0142ady nie zosta\u0142y spalone, a kursy by\u0142y jak najbardziej korzystne.\nDo tego celu idealnie nadaje si\u0119 niestandardowa <em>strategia Rocket X<\/em>.\nAby j\u0105 opracowa\u0107, wystarczy przestudiowa\u0107 poprzednie mecze, przeanalizowa\u0107 wyniki i wybra\u0107 metodologi\u0119 gry, kt\u00f3ra b\u0119dzie najbardziej op\u0142acalna.  <\/p>\n\n<p>Strategia w Rocket X jest korzystna dla obu stron, poniewa\u017c opiera si\u0119 na wcze\u015bniejszych do\u015bwiadczeniach i pomaga zrozumie\u0107, jak dzia\u0142a system i jak w rezultacie uzyska\u0107 najwy\u017csze wsp\u00f3\u0142czynniki wygranych.\nTa gra udowadnia, \u017ce samo szcz\u0119\u015bcie nie wystarczy, aby wygra\u0107.\nPotrzebny b\u0119dzie r\u00f3wnie\u017c system obliczania kurs\u00f3w Rocket X.  <\/p>\n\n<h2 class=\"wp-block-heading\">Zasady gry Rocket X<\/h2>\n\n<p>W centrum historii znajduje si\u0119 s\u0142ynny cz\u0142owiek &#8211; Ilon Musk, a raczej jego kresk\u00f3wkowa kopia, kt\u00f3r\u0105 u\u017cytkownicy b\u0119d\u0105 kontrolowa\u0107 przez ca\u0142\u0105 gr\u0119.\nTa gra jest idealna dla tych, kt\u00f3rzy lubi\u0105 emocje i ryzyko.\nZasady gry s\u0105 tu niemal identyczne jak w innych podobnych aplikacjach.\nPrzed rozpocz\u0119ciem gry Rocket X crash nale\u017cy postawi\u0107 zak\u0142ady, a nast\u0119pnie obserwowa\u0107 ich wzrost.\nW ka\u017cdej chwili mo\u017cesz wycofa\u0107 sw\u00f3j zak\u0142ad, ale wa\u017cne jest, aby by\u0107 ostro\u017cnym: je\u015bli zrobisz to zbyt wcze\u015bnie lub zbyt p\u00f3\u017ano, przegrasz.\nKluczowe jest wybranie odpowiedniego momentu.     <\/p>\n\n<p>Je\u015bli my\u015blisz, \u017ce gra jest do\u015b\u0107 prosta i monotonna, to jeste\u015b w b\u0142\u0119dzie.\nWysokie ryzyko, stawki, dynamika &#8211; to wszystko mo\u017cna znale\u017a\u0107 tutaj.\nWi\u0119cej o zasadach mo\u017cna przeczyta\u0107 na oficjalnej stronie.  <\/p>\n\n<h2 class=\"wp-block-heading\">Kody promocyjne<\/h2>\n\n<p>Kody promocyjne do gier hazardowych mog\u0105 by\u0107 dostarczane przez platformy hazardowe, kasyna lub deweloper\u00f3w w celu przyci\u0105gni\u0119cia nowych graczy, nagradzania lojalno\u015bci lub prowadzenia specjalnych promocji.\nJe\u015bli chcesz si\u0119 dobrze bawi\u0107 i zwi\u0119kszy\u0107 swoje szanse na wygran\u0105 w grze Rocket X 1win, mo\u017cesz \u0142atwo skorzysta\u0107 z dost\u0119pnych kod\u00f3w promocyjnych.\nMo\u017cna je znale\u017a\u0107 w kilku \u017ar\u00f3d\u0142ach:  <\/p>\n\n<ul>\n<li>Oficjalny portal internetowy One Win.<\/li>\n\n\n\n<li>Listy mailingowe (dlatego zaleca si\u0119 zapisanie si\u0119 na listy mailingowe z witryny natychmiast po rejestracji).<\/li>\n\n\n\n<li>Media spo\u0142eczno\u015bciowe i dedykowane fora.<\/li>\n\n\n\n<li>Programy partnerskie.<\/li>\n<\/ul>\n\n<p>Pami\u0119taj, \u017ce wa\u017cne jest, aby by\u0107 uwa\u017cnym i u\u017cywa\u0107 kod\u00f3w promocyjnych zgodnie z zasadami i warunkami gry, aby unikn\u0105\u0107 nieporozumie\u0144 i nieprzyjemnych sytuacji.<\/p>\n\n<h2 class=\"wp-block-heading\">Referencje<\/h2>\n\n<p>Bior\u0105c pod uwag\u0119 opinie u\u017cytkownik\u00f3w, mo\u017cemy stwierdzi\u0107, \u017ce ta gra jest uwa\u017cana za jedn\u0105 z najpopularniejszych w swoim rodzaju z licznymi zaletami i funkcjami.\nOto kilka recenzji 1win Rocket X: <\/p>\n","protected":false},"excerpt":{"rendered":"<p>Gra wieloosobowa Rocket X oferuje mo\u017cliwo\u015b\u0107 zanurzenia si\u0119 w ekscytuj\u0105cej przygodzie i zarabiania prawdziwych pieni\u0119dzy. Mo\u017cesz pobra\u0107 j\u0105 za darmo na dowolne urz\u0105dzenie i cieszy\u0107 si\u0119 wspania\u0142\u0105 gr\u0105 zar\u00f3wno w pojedynk\u0119, jak i razem ze znajomymi i innymi graczami. Aby to zrobi\u0107, wystarczy przej\u015b\u0107 do oficjalnego portalu bukmacherskiego One Win i pobra\u0107 gr\u0119 Rocket X [&hellip;]<\/p>\n","protected":false},"author":2,"featured_media":0,"parent":0,"menu_order":0,"comment_status":"open","ping_status":"closed","template":"","meta":{"footnotes":""},"yoast_head":"<!-- This site is optimized with the Yoast SEO plugin v21.7 - https:\/\/yoast.com\/wordpress\/plugins\/seo\/ -->\n<title>Rocket X gra kasynowa, pobierz<\/title>\n<meta name=\"description\" content=\"Najlepsza gra Rocket X z szans\u0105 na wygranie prawdziwych pieni\u0119dzy. Zapoznaj si\u0119 z opisem, przestudiuj charakterystyk\u0119 i cechy gry, wybierz najlepsz\u0105 strategi\u0119 i udaj si\u0119 w niezapomnian\u0105 podr\u00f3\u017c. Ruszaj po wielkie wygrane!\" \/>\n<meta name=\"robots\" content=\"index, follow, max-snippet:-1, max-image-preview:large, max-video-preview:-1\" \/>\n<link rel=\"canonical\" href=\"https:\/\/aviator-crash.org\/pl\/zagraj-w-rocket-x\/\" \/>\n<meta property=\"og:locale\" content=\"pl_PL\" \/>\n<meta property=\"og:type\" content=\"article\" \/>\n<meta property=\"og:title\" content=\"Rocket X gra kasynowa, pobierz\" \/>\n<meta property=\"og:description\" content=\"Najlepsza gra Rocket X z szans\u0105 na wygranie prawdziwych pieni\u0119dzy. Zapoznaj si\u0119 z opisem, przestudiuj charakterystyk\u0119 i cechy gry, wybierz najlepsz\u0105 strategi\u0119 i udaj si\u0119 w niezapomnian\u0105 podr\u00f3\u017c. Ruszaj po wielkie wygrane!\" \/>\n<meta property=\"og:url\" content=\"https:\/\/aviator-crash.org\/pl\/zagraj-w-rocket-x\/\" \/>\n<meta property=\"article:modified_time\" content=\"2024-02-02T18:29:33+00:00\" \/>\n<meta property=\"og:image\" content=\"https:\/\/aviator-crash.org\/wp-content\/uploads\/2024\/01\/rocket-x-1024x761.webp\" \/>\n<meta name=\"twitter:card\" content=\"summary_large_image\" \/>\n<meta name=\"twitter:label1\" content=\"Est. reading time\" \/>\n\t<meta name=\"twitter:data1\" content=\"5 minut\" \/>\n<script type=\"application\/ld+json\" class=\"yoast-schema-graph\">{\"@context\":\"https:\/\/schema.org\",\"@graph\":[{\"@type\":\"WebPage\",\"@id\":\"https:\/\/aviator-crash.org\/pl\/zagraj-w-rocket-x\/\",\"url\":\"https:\/\/aviator-crash.org\/pl\/zagraj-w-rocket-x\/\",\"name\":\"Rocket X gra kasynowa, pobierz\",\"isPartOf\":{\"@id\":\"https:\/\/aviator-crash.org\/pl\/#website\"},\"datePublished\":\"2023-12-27T19:40:59+00:00\",\"dateModified\":\"2024-02-02T18:29:33+00:00\",\"description\":\"Najlepsza gra Rocket X z szans\u0105 na wygranie prawdziwych pieni\u0119dzy. Zapoznaj si\u0119 z opisem, przestudiuj charakterystyk\u0119 i cechy gry, wybierz najlepsz\u0105 strategi\u0119 i udaj si\u0119 w niezapomnian\u0105 podr\u00f3\u017c. Ruszaj po wielkie wygrane!\",\"breadcrumb\":{\"@id\":\"https:\/\/aviator-crash.org\/pl\/zagraj-w-rocket-x\/#breadcrumb\"},\"inLanguage\":\"pl-PL\",\"potentialAction\":[{\"@type\":\"ReadAction\",\"target\":[\"https:\/\/aviator-crash.org\/pl\/zagraj-w-rocket-x\/\"]}]},{\"@type\":\"BreadcrumbList\",\"@id\":\"https:\/\/aviator-crash.org\/pl\/zagraj-w-rocket-x\/#breadcrumb\",\"itemListElement\":[{\"@type\":\"ListItem\",\"position\":1,\"name\":\"Home\",\"item\":\"https:\/\/aviator-crash.org\/pl\/aviator-gra-online-za-prawdziwe-pieniadze\/\"},{\"@type\":\"ListItem\",\"position\":2,\"name\":\"Zagraj w Rocket X\"}]},{\"@type\":\"WebSite\",\"@id\":\"https:\/\/aviator-crash.org\/pl\/#website\",\"url\":\"https:\/\/aviator-crash.org\/pl\/\",\"name\":\"\",\"description\":\"\",\"potentialAction\":[{\"@type\":\"SearchAction\",\"target\":{\"@type\":\"EntryPoint\",\"urlTemplate\":\"https:\/\/aviator-crash.org\/pl\/?s={search_term_string}\"},\"query-input\":\"required name=search_term_string\"}],\"inLanguage\":\"pl-PL\"}]}<\/script>\n<!-- \/ Yoast SEO plugin. -->","yoast_head_json":{"title":"Rocket X gra kasynowa, pobierz","description":"Najlepsza gra Rocket X z szans\u0105 na wygranie prawdziwych pieni\u0119dzy. Zapoznaj si\u0119 z opisem, przestudiuj charakterystyk\u0119 i cechy gry, wybierz najlepsz\u0105 strategi\u0119 i udaj si\u0119 w niezapomnian\u0105 podr\u00f3\u017c. Ruszaj po wielkie wygrane!","robots":{"index":"index","follow":"follow","max-snippet":"max-snippet:-1","max-image-preview":"max-image-preview:large","max-video-preview":"max-video-preview:-1"},"canonical":"https:\/\/aviator-crash.org\/pl\/zagraj-w-rocket-x\/","og_locale":"pl_PL","og_type":"article","og_title":"Rocket X gra kasynowa, pobierz","og_description":"Najlepsza gra Rocket X z szans\u0105 na wygranie prawdziwych pieni\u0119dzy. Zapoznaj si\u0119 z opisem, przestudiuj charakterystyk\u0119 i cechy gry, wybierz najlepsz\u0105 strategi\u0119 i udaj si\u0119 w niezapomnian\u0105 podr\u00f3\u017c. Ruszaj po wielkie wygrane!","og_url":"https:\/\/aviator-crash.org\/pl\/zagraj-w-rocket-x\/","article_modified_time":"2024-02-02T18:29:33+00:00","og_image":[{"url":"https:\/\/aviator-crash.org\/wp-content\/uploads\/2024\/01\/rocket-x-1024x761.webp"}],"twitter_card":"summary_large_image","twitter_misc":{"Est. reading time":"5 minut"},"schema":{"@context":"https:\/\/schema.org","@graph":[{"@type":"WebPage","@id":"https:\/\/aviator-crash.org\/pl\/zagraj-w-rocket-x\/","url":"https:\/\/aviator-crash.org\/pl\/zagraj-w-rocket-x\/","name":"Rocket X gra kasynowa, pobierz","isPartOf":{"@id":"https:\/\/aviator-crash.org\/pl\/#website"},"datePublished":"2023-12-27T19:40:59+00:00","dateModified":"2024-02-02T18:29:33+00:00","description":"Najlepsza gra Rocket X z szans\u0105 na wygranie prawdziwych pieni\u0119dzy. Zapoznaj si\u0119 z opisem, przestudiuj charakterystyk\u0119 i cechy gry, wybierz najlepsz\u0105 strategi\u0119 i udaj si\u0119 w niezapomnian\u0105 podr\u00f3\u017c. Ruszaj po wielkie wygrane!","breadcrumb":{"@id":"https:\/\/aviator-crash.org\/pl\/zagraj-w-rocket-x\/#breadcrumb"},"inLanguage":"pl-PL","potentialAction":[{"@type":"ReadAction","target":["https:\/\/aviator-crash.org\/pl\/zagraj-w-rocket-x\/"]}]},{"@type":"BreadcrumbList","@id":"https:\/\/aviator-crash.org\/pl\/zagraj-w-rocket-x\/#breadcrumb","itemListElement":[{"@type":"ListItem","position":1,"name":"Home","item":"https:\/\/aviator-crash.org\/pl\/aviator-gra-online-za-prawdziwe-pieniadze\/"},{"@type":"ListItem","position":2,"name":"Zagraj w Rocket X"}]},{"@type":"WebSite","@id":"https:\/\/aviator-crash.org\/pl\/#website","url":"https:\/\/aviator-crash.org\/pl\/","name":"","description":"","potentialAction":[{"@type":"SearchAction","target":{"@type":"EntryPoint","urlTemplate":"https:\/\/aviator-crash.org\/pl\/?s={search_term_string}"},"query-input":"required name=search_term_string"}],"inLanguage":"pl-PL"}]}},"_links":{"self":[{"href":"https:\/\/aviator-crash.org\/pl\/wp-json\/wp\/v2\/pages\/2586"}],"collection":[{"href":"https:\/\/aviator-crash.org\/pl\/wp-json\/wp\/v2\/pages"}],"about":[{"href":"https:\/\/aviator-crash.org\/pl\/wp-json\/wp\/v2\/types\/page"}],"author":[{"embeddable":true,"href":"https:\/\/aviator-crash.org\/pl\/wp-json\/wp\/v2\/users\/2"}],"replies":[{"embeddable":true,"href":"https:\/\/aviator-crash.org\/pl\/wp-json\/wp\/v2\/comments?post=2586"}],"version-history":[{"count":1,"href":"https:\/\/aviator-crash.org\/pl\/wp-json\/wp\/v2\/pages\/2586\/revisions"}],"predecessor-version":[{"id":2588,"href":"https:\/\/aviator-crash.org\/pl\/wp-json\/wp\/v2\/pages\/2586\/revisions\/2588"}],"wp:attachment":[{"href":"https:\/\/aviator-crash.org\/pl\/wp-json\/wp\/v2\/media?parent=2586"}],"curies":[{"name":"wp","href":"https:\/\/api.w.org\/{rel}","templated":true}]}}