{"id":3054,"date":"2023-12-27T19:58:01","date_gmt":"2023-12-27T19:58:01","guid":{"rendered":"https:\/\/aviator-crash.org\/play-cash-or-crash\/"},"modified":"2024-02-02T19:37:13","modified_gmt":"2024-02-02T19:37:13","slug":"play-cash-or-crash","status":"publish","type":"page","link":"https:\/\/aviator-crash.org\/pl\/play-cash-or-crash\/","title":{"rendered":"Play Cash or Crash"},"content":{"rendered":"\n<figure class=\"wp-block-gallery has-nested-images columns-default is-cropped wp-block-gallery-1 is-layout-flex wp-block-gallery-is-layout-flex\">\n<figure class=\"wp-block-image size-large\"><span itemprop=\"image\" itemscope itemtype=\"https:\/\/schema.org\/ImageObject\"><img itemprop=\"url image\" loading=\"lazy\" decoding=\"async\" width=\"1024\" height=\"498\" data-id=\"466\" src=\"https:\/\/aviator-crash.org\/wp-content\/uploads\/2024\/01\/cash-or-crash-live-1200x584-1-1024x498.jpeg\" alt=\"\" class=\"wp-image-466\" srcset=\"https:\/\/aviator-crash.org\/wp-content\/uploads\/2024\/01\/cash-or-crash-live-1200x584-1-1024x498.jpeg 1024w, https:\/\/aviator-crash.org\/wp-content\/uploads\/2024\/01\/cash-or-crash-live-1200x584-1-300x146.jpeg 300w, https:\/\/aviator-crash.org\/wp-content\/uploads\/2024\/01\/cash-or-crash-live-1200x584-1-768x374.jpeg 768w, https:\/\/aviator-crash.org\/wp-content\/uploads\/2024\/01\/cash-or-crash-live-1200x584-1.jpeg 1200w\" sizes=\"(max-width: 1024px) 100vw, 1024px\" \/><meta itemprop=\"width\" content=\"1024\"><meta itemprop=\"height\" content=\"498\"><\/span><\/figure>\n<\/figure>\n\n<p>Cash or Crash to gra, kt\u00f3ra cieszy si\u0119 du\u017cym zainteresowaniem w\u015br\u00f3d fan\u00f3w aplikacji hazardowych, wysokich stawek i ryzyka.\nJest to \u015bwietna opcja, aby dobrze si\u0119 bawi\u0107 i spr\u00f3bowa\u0107 szcz\u0119\u015bcia.\nCash or Crash to aplikacja na Androida, w kt\u00f3rej gracze mog\u0105 obstawia\u0107 r\u00f3\u017cne wydarzenia, kt\u00f3rych wynik jest ustalany losowo.\nAby rozpocz\u0105\u0107 gr\u0119, wystarczy pobra\u0107 aplikacj\u0119 na oficjalnej stronie zak\u0142ad\u00f3w One Win, zarejestrowa\u0107 si\u0119 lub zalogowa\u0107 na swoje osobiste konto i postawi\u0107 zak\u0142ad.\nPobierz Cash or Crash za darmo mo\u017ce absolutnie ka\u017cdy.\nUruchom gr\u0119 i baw si\u0119 dobrze.     <\/p>\n\n<h2 class=\"wp-block-heading\">Zalety gry online Cash or Crash<\/h2>\n\n<p>Hazard jest obecnie uwa\u017cany za jedn\u0105 z najpopularniejszych gier.\nG\u0142\u00f3wnym powodem jest to, \u017ce tutaj mo\u017cna nie tylko ciekawie sp\u0119dzi\u0107 czas, ale tak\u017ce zarobi\u0107 prawdziwe pieni\u0105dze.\nOg\u00f3lnie rzecz bior\u0105c, wygl\u0105d aplikacji Cash or Crash to prawdziwa gratka.\nDoskona\u0142a grafika, przejrzysty interfejs, intuicyjnie proste sterowanie &#8211; wszystko to mo\u017cna znale\u017a\u0107 tutaj.   <\/p>\n\n<p>W\u015br\u00f3d kluczowych zalet popularnej gry hazardowej Cash or Crash s\u0105 nast\u0119puj\u0105ce:<\/p>\n\n<ul>\n<li>Interesuj\u0105ca rozgrywka.\nOferuje ekscytuj\u0105c\u0105 i wci\u0105gaj\u0105c\u0105 rozgrywk\u0119 z mo\u017cliwo\u015bci\u0105 szybkiej wygranej lub przegranej. <\/li>\n\n\n\n<li>Tryb wieloosobowy.\nMo\u017cliwo\u015b\u0107 gry z przyjaci\u00f3\u0142mi lub innymi graczami mo\u017ce doda\u0107 aspekt spo\u0142eczny i zabaw\u0119. <\/li>\n\n\n\n<li>Grafika i d\u017awi\u0119k.\nWysokiej jako\u015bci grafika i d\u017awi\u0119k tworz\u0105 atmosfer\u0119 gry, czyni\u0105c j\u0105 bardziej atrakcyjn\u0105 dla graczy. <\/li>\n\n\n\n<li>Dost\u0119pno\u015b\u0107 regularnych aktualizacji.\nDzi\u0119ki temu b\u0119dziesz m\u00f3g\u0142 cieszy\u0107 si\u0119 swoj\u0105 ulubion\u0105 gr\u0105 z lepsz\u0105 wydajno\u015bci\u0105.\nDeweloperzy staraj\u0105 si\u0119 regularnie ulepsza\u0107 gr\u0119, aby sprosta\u0107 aktualnym trendom i tendencjom w \u015bwiecie hazardu online.  <\/li>\n\n\n\n<li>Mo\u017cliwo\u015b\u0107 gry bezpo\u015brednio z telefonu, bez wzgl\u0119du na to, gdzie jeste\u015b.\nTo \u015bwietna okazja, aby dobrze si\u0119 bawi\u0107, cieszy\u0107 si\u0119 rozgrywk\u0105, a nawet spr\u00f3bowa\u0107 zarobi\u0107 prawdziwe pieni\u0105dze. <\/li>\n\n\n\n<li>Wiele r\u00f3\u017cnych tryb\u00f3w gry.\nOdpowiednio dobrana strategia Cash lub Crash zwi\u0119kszy szanse na wygran\u0105 w ka\u017cdym z tryb\u00f3w. <\/li>\n<\/ul>\n\n<p>Og\u00f3lnie rzecz bior\u0105c, gra Cash or Crash to \u015bwietny przyk\u0142ad ekscytuj\u0105cej aplikacji, w kt\u00f3rej mo\u017cna wygra\u0107 prawdziwe pieni\u0105dze.\nMo\u017cesz \u015bwietnie si\u0119 bawi\u0107, a tak\u017ce gra\u0107 ze znajomymi lub innymi graczami online, korzystaj\u0105c z trybu wieloosobowego. <\/p>\n\n<h2 class=\"wp-block-heading\">Jak gra\u0107 w Cash or Crash<\/h2>\n\n<p>&#8222;Cash or Crash&#8221; to wirtualna gra hazardowa cz\u0119sto oferowana przez kasyna online.\nChocia\u017c zasady mog\u0105 si\u0119 nieznacznie r\u00f3\u017cni\u0107 w zale\u017cno\u015bci od wersji gry, podstawowa koncepcja zwykle pozostaje taka sama.\nOto og\u00f3lny przewodnik po tym, jak gra\u0107 w Cash or Crash:  <\/p>\n\n<ul>\n<li>Rejestracja.\nKonieczna mo\u017ce by\u0107 rejestracja w kasynie online, kt\u00f3re oferuje gr\u0119 Cash or Crash.\nPost\u0119puj zgodnie z instrukcjami, aby utworzy\u0107 konto.  <\/li>\n\n\n\n<li>Do\u0142adowanie.\nPrzed rozpocz\u0119ciem gry nale\u017cy do\u0142adowa\u0107 konto prawdziwymi pieni\u0119dzmi.\nW wi\u0119kszo\u015bci przypadk\u00f3w mo\u017cna to zrobi\u0107 za pomoc\u0105 r\u00f3\u017cnych metod p\u0142atno\u015bci.  <\/li>\n\n\n\n<li>Wyb\u00f3r kwoty zak\u0142adu.<\/li>\n\n\n\n<li>Rozpocz\u0119cie rundy.<\/li>\n\n\n\n<li>Decyzja o zako\u0144czeniu rundy.\nPodczas rundy masz mo\u017cliwo\u015b\u0107 jej zako\u0144czenia w dowolnym momencie, aby odebra\u0107 wygrane pieni\u0105dze.\nJe\u015bli jednak nie uko\u0144czysz rundy do okre\u015blonego momentu, istnieje ryzyko &#8222;awarii&#8221; i utraty zak\u0142adu.  <\/li>\n\n\n\n<li>Awaria lub koniec rundy.\nW pewnym momencie rundy nast\u0119puje &#8222;awaria&#8221;.\nJe\u015bli uko\u0144czy\u0142e\u015b rund\u0119 przed tym momentem, otrzymasz wygrane zgodnie z aktualnym mno\u017cnikiem.\nW przeciwnym razie przegrasz sw\u00f3j zak\u0142ad.   <\/li>\n<\/ul>\n\n<p>Zasada gry jest do\u015b\u0107 prosta i przejrzysta, wi\u0119c szybko b\u0119dziesz w stanie zrozumie\u0107, co musisz tutaj zrobi\u0107.\nW razie jakichkolwiek problem\u00f3w mo\u017cna skorzysta\u0107 z instrukcji. <\/p>\n\n<h2 class=\"wp-block-heading\">Jak wygra\u0107 w Cash or Crash<\/h2>\n\n<p>Wygrana w grach hazardowych, takich jak automaty, poker, ruletka i blackjack, cz\u0119sto zale\u017cy od przypadku, a wi\u0119kszo\u015b\u0107 gier hazardowych opiera si\u0119 na przypadku.\nIstniej\u0105 jednak pewne strategie i wskaz\u00f3wki, kt\u00f3re mog\u0105 pom\u00f3c w zarz\u0105dzaniu kapita\u0142em i zwi\u0119kszeniu szans na wygran\u0105 w popularnej grze hazardowej Crash Cash: <\/p>\n\n<ul>\n<li>Zarz\u0105dzanie kapita\u0142em.\nOkre\u015bl limit strat, na kt\u00f3re mo\u017cesz sobie pozwoli\u0107 i nie przekraczaj go.\nPodziel sw\u00f3j bankroll na sesje gry i obstawiaj tylko tyle, ile mo\u017cesz straci\u0107.  <\/li>\n\n\n\n<li>Naucz si\u0119 podstawowych strategii.\nJak wspomniano powy\u017cej, w\u0142a\u015bciwa strategia odgrywa kluczow\u0105 rol\u0119 w grach hazardowych.\nObejmuje ona studiowanie poprzednich wygranych, szukanie wzorc\u00f3w i podkre\u015blanie kluczowych zwyci\u0119skich kombinacji.\nStrategia Cash lub Crash jest najcz\u0119\u015bciej indywidualna, cho\u0107 mo\u017cna skorzysta\u0107 z porad bardziej do\u015bwiadczonych graczy.   <\/li>\n\n\n\n<li>Skorzystaj z bonus\u00f3w.\nKorzystaj z bonus\u00f3w i promocji oferowanych przez kasyno.\nWa\u017cne jest jednak, aby uwa\u017cnie przeczyta\u0107 warunki zwi\u0105zane z bonusami.  <\/li>\n\n\n\n<li>Przeczytaj uwa\u017cnie zasady gry i zapoznaj si\u0119 z instrukcjami.<\/li>\n<\/ul>\n\n<p>Stosuj\u0105c si\u0119 do powy\u017cszych wskaz\u00f3wek, mo\u017cesz znacznie zwi\u0119kszy\u0107 swoje szanse na wygran\u0105.<\/p>\n\n<h2 class=\"wp-block-heading\">Zasady gry Cash or Crash<\/h2>\n\n<p>Zasady gry s\u0105 proste i przejrzyste.\nPo pierwsze, gracz wybiera kwot\u0119 zak\u0142adu i naciska przycisk, aby rozpocz\u0105\u0107 rund\u0119.\nRunda rozpoczyna si\u0119 z pocz\u0105tkowym mno\u017cnikiem (np. 1x).\nZ czasem mno\u017cnik ten zaczyna rosn\u0105\u0107.\nPodczas rundy gracz ma okre\u015blony czas na podj\u0119cie decyzji o zako\u0144czeniu rundy i zgarni\u0119ciu wygranych.\nMo\u017cna to zrobi\u0107, zanim mno\u017cnik osi\u0105gnie okre\u015blon\u0105 warto\u015b\u0107, co spowoduje &#8222;awari\u0119&#8221;.     <\/p>\n\n<p>&#8222;Crash&#8221; wyst\u0119puje, gdy mno\u017cnik osi\u0105gnie okre\u015blon\u0105 warto\u015b\u0107.\nJe\u015bli gracz uko\u0144czy\u0142 rund\u0119 przed tym momentem, otrzymuje wygran\u0105.\nW przeciwnym razie zak\u0142ad zostaje spalony.\nJe\u015bli gracz uko\u0144czy\u0142 rund\u0119 przed &#8222;awari\u0105&#8221; i otrzyma\u0142 wygran\u0105, kwota wygranej zale\u017cy od aktualnego mno\u017cnika.\nJe\u015bli gracz nie uko\u0144czy\u0142 rundy przed awari\u0105, zak\u0142ad zostaje anulowany i nie ma wygranej.    <\/p>\n\n<h2 class=\"wp-block-heading\">Kody promocyjne<\/h2>\n\n<p>Kody promocyjne Cash lub Crash to specjalne kody, kt\u00f3re gracze mog\u0105 wprowadzi\u0107, aby otrzyma\u0107 r\u00f3\u017cne bonusy, przywileje i promocje.\nKody te s\u0105 dostarczane przez kasyno lub tw\u00f3rc\u00f3w gier i mog\u0105 by\u0107 wykorzystywane przez graczy w celu poprawy ich wra\u017ce\u0144 z gry lub uzyskania dodatkowych funkcji.\nW przypadku Cash or Crash kody promocyjne mog\u0105 zapewni\u0107:  <\/p>\n\n<ol>\n<li>Wp\u0142aty bonusowe: dodatkowe \u015brodki po do\u0142adowaniu konta w grze.<\/li>\n\n\n\n<li>Darmowe obroty: darmowe rundy w grze z mno\u017cnikami.<\/li>\n\n\n\n<li>Zwi\u0119kszone mno\u017cniki: dodatkowe mno\u017cniki podczas gry.<\/li>\n\n\n\n<li>Wydarzenia specjalne: udzia\u0142 w specjalnych promocjach i turniejach.<\/li>\n<\/ol>\n\n<p>Statystyki Cash or Crash wskazuj\u0105, \u017ce dzi\u0119ki dodatkowym bonusom u\u017cytkownicy maj\u0105 znacznie wi\u0119ksze szanse na wygran\u0105.\nAby u\u017cy\u0107 kodu promocyjnego w grze &#8222;Cash or Crash&#8221;, zazwyczaj nale\u017cy zalogowa\u0107 si\u0119 na swoje konto w kasynie, przej\u015b\u0107 do sekcji &#8222;Kody promocyjne&#8221; lub &#8222;Bonusy&#8221; i wprowadzi\u0107 odpowiedni kod.\nNast\u0119pnie bonusy zapewnione przez t\u0119 akcj\u0119 zostan\u0105 automatycznie dodane do konta gracza.  <\/p>\n\n<p>Wa\u017cne jest, aby nie zapomina\u0107, \u017ce kody promocyjne mog\u0105 mie\u0107 ograniczony okres wa\u017cno\u015bci lub okre\u015blone warunki u\u017cytkowania.\nPrzed wprowadzeniem kodu promocyjnego wa\u017cne jest, aby uwa\u017cnie przeczyta\u0107 warunki, aby unikn\u0105\u0107 nieporozumie\u0144 i w pe\u0142ni wykorzysta\u0107 oferowane bonusy. <\/p>\n\n<h2 class=\"wp-block-heading\">Referencje<\/h2>\n\n<p>Oto kilka opinii u\u017cytkownik\u00f3w, kt\u00f3rzy do\u015bwiadczyli korzy\u015bci p\u0142yn\u0105cych z tej popularnej gry hazardowej:<\/p>\n","protected":false},"excerpt":{"rendered":"<p>Cash or Crash to gra, kt\u00f3ra cieszy si\u0119 du\u017cym zainteresowaniem w\u015br\u00f3d fan\u00f3w aplikacji hazardowych, wysokich stawek i ryzyka. Jest to \u015bwietna opcja, aby dobrze si\u0119 bawi\u0107 i spr\u00f3bowa\u0107 szcz\u0119\u015bcia. Cash or Crash to aplikacja na Androida, w kt\u00f3rej gracze mog\u0105 obstawia\u0107 r\u00f3\u017cne wydarzenia, kt\u00f3rych wynik jest ustalany losowo. Aby rozpocz\u0105\u0107 gr\u0119, wystarczy pobra\u0107 aplikacj\u0119 na [&hellip;]<\/p>\n","protected":false},"author":2,"featured_media":0,"parent":0,"menu_order":0,"comment_status":"open","ping_status":"closed","template":"","meta":{"footnotes":""},"yoast_head":"<!-- This site is optimized with the Yoast SEO plugin v21.7 - https:\/\/yoast.com\/wordpress\/plugins\/seo\/ -->\n<title>Cash or Crash gra kasynowa, pobierz<\/title>\n<meta name=\"description\" content=\"Przegl\u0105d popularnej na ca\u0142ym \u015bwiecie gry Cash or Crash. Dowiedz si\u0119 o kluczowych funkcjach, zaletach, zasadach gry i sekretach wielkich wygranych. Pobierz gr\u0119 i baw si\u0119 dobrze ze znajomymi.\" \/>\n<meta name=\"robots\" content=\"index, follow, max-snippet:-1, max-image-preview:large, max-video-preview:-1\" \/>\n<link rel=\"canonical\" href=\"https:\/\/aviator-crash.org\/pl\/play-cash-or-crash\/\" \/>\n<meta property=\"og:locale\" content=\"pl_PL\" \/>\n<meta property=\"og:type\" content=\"article\" \/>\n<meta property=\"og:title\" content=\"Cash or Crash gra kasynowa, pobierz\" \/>\n<meta property=\"og:description\" content=\"Przegl\u0105d popularnej na ca\u0142ym \u015bwiecie gry Cash or Crash. Dowiedz si\u0119 o kluczowych funkcjach, zaletach, zasadach gry i sekretach wielkich wygranych. Pobierz gr\u0119 i baw si\u0119 dobrze ze znajomymi.\" \/>\n<meta property=\"og:url\" content=\"https:\/\/aviator-crash.org\/pl\/play-cash-or-crash\/\" \/>\n<meta property=\"article:modified_time\" content=\"2024-02-02T19:37:13+00:00\" \/>\n<meta property=\"og:image\" content=\"https:\/\/aviator-crash.org\/wp-content\/uploads\/2024\/01\/cash-or-crash-live-1200x584-1-1024x498.jpeg\" \/>\n<meta name=\"twitter:card\" content=\"summary_large_image\" \/>\n<meta name=\"twitter:label1\" content=\"Est. reading time\" \/>\n\t<meta name=\"twitter:data1\" content=\"6 minut\" \/>\n<script type=\"application\/ld+json\" class=\"yoast-schema-graph\">{\"@context\":\"https:\/\/schema.org\",\"@graph\":[{\"@type\":\"WebPage\",\"@id\":\"https:\/\/aviator-crash.org\/pl\/play-cash-or-crash\/\",\"url\":\"https:\/\/aviator-crash.org\/pl\/play-cash-or-crash\/\",\"name\":\"Cash or Crash gra kasynowa, pobierz\",\"isPartOf\":{\"@id\":\"https:\/\/aviator-crash.org\/pl\/#website\"},\"datePublished\":\"2023-12-27T19:58:01+00:00\",\"dateModified\":\"2024-02-02T19:37:13+00:00\",\"description\":\"Przegl\u0105d popularnej na ca\u0142ym \u015bwiecie gry Cash or Crash. Dowiedz si\u0119 o kluczowych funkcjach, zaletach, zasadach gry i sekretach wielkich wygranych. Pobierz gr\u0119 i baw si\u0119 dobrze ze znajomymi.\",\"breadcrumb\":{\"@id\":\"https:\/\/aviator-crash.org\/pl\/play-cash-or-crash\/#breadcrumb\"},\"inLanguage\":\"pl-PL\",\"potentialAction\":[{\"@type\":\"ReadAction\",\"target\":[\"https:\/\/aviator-crash.org\/pl\/play-cash-or-crash\/\"]}]},{\"@type\":\"BreadcrumbList\",\"@id\":\"https:\/\/aviator-crash.org\/pl\/play-cash-or-crash\/#breadcrumb\",\"itemListElement\":[{\"@type\":\"ListItem\",\"position\":1,\"name\":\"Home\",\"item\":\"https:\/\/aviator-crash.org\/pl\/aviator-gra-online-za-prawdziwe-pieniadze\/\"},{\"@type\":\"ListItem\",\"position\":2,\"name\":\"Play Cash or Crash\"}]},{\"@type\":\"WebSite\",\"@id\":\"https:\/\/aviator-crash.org\/pl\/#website\",\"url\":\"https:\/\/aviator-crash.org\/pl\/\",\"name\":\"\",\"description\":\"\",\"potentialAction\":[{\"@type\":\"SearchAction\",\"target\":{\"@type\":\"EntryPoint\",\"urlTemplate\":\"https:\/\/aviator-crash.org\/pl\/?s={search_term_string}\"},\"query-input\":\"required name=search_term_string\"}],\"inLanguage\":\"pl-PL\"}]}<\/script>\n<!-- \/ Yoast SEO plugin. -->","yoast_head_json":{"title":"Cash or Crash gra kasynowa, pobierz","description":"Przegl\u0105d popularnej na ca\u0142ym \u015bwiecie gry Cash or Crash. Dowiedz si\u0119 o kluczowych funkcjach, zaletach, zasadach gry i sekretach wielkich wygranych. Pobierz gr\u0119 i baw si\u0119 dobrze ze znajomymi.","robots":{"index":"index","follow":"follow","max-snippet":"max-snippet:-1","max-image-preview":"max-image-preview:large","max-video-preview":"max-video-preview:-1"},"canonical":"https:\/\/aviator-crash.org\/pl\/play-cash-or-crash\/","og_locale":"pl_PL","og_type":"article","og_title":"Cash or Crash gra kasynowa, pobierz","og_description":"Przegl\u0105d popularnej na ca\u0142ym \u015bwiecie gry Cash or Crash. Dowiedz si\u0119 o kluczowych funkcjach, zaletach, zasadach gry i sekretach wielkich wygranych. Pobierz gr\u0119 i baw si\u0119 dobrze ze znajomymi.","og_url":"https:\/\/aviator-crash.org\/pl\/play-cash-or-crash\/","article_modified_time":"2024-02-02T19:37:13+00:00","og_image":[{"url":"https:\/\/aviator-crash.org\/wp-content\/uploads\/2024\/01\/cash-or-crash-live-1200x584-1-1024x498.jpeg"}],"twitter_card":"summary_large_image","twitter_misc":{"Est. reading time":"6 minut"},"schema":{"@context":"https:\/\/schema.org","@graph":[{"@type":"WebPage","@id":"https:\/\/aviator-crash.org\/pl\/play-cash-or-crash\/","url":"https:\/\/aviator-crash.org\/pl\/play-cash-or-crash\/","name":"Cash or Crash gra kasynowa, pobierz","isPartOf":{"@id":"https:\/\/aviator-crash.org\/pl\/#website"},"datePublished":"2023-12-27T19:58:01+00:00","dateModified":"2024-02-02T19:37:13+00:00","description":"Przegl\u0105d popularnej na ca\u0142ym \u015bwiecie gry Cash or Crash. Dowiedz si\u0119 o kluczowych funkcjach, zaletach, zasadach gry i sekretach wielkich wygranych. Pobierz gr\u0119 i baw si\u0119 dobrze ze znajomymi.","breadcrumb":{"@id":"https:\/\/aviator-crash.org\/pl\/play-cash-or-crash\/#breadcrumb"},"inLanguage":"pl-PL","potentialAction":[{"@type":"ReadAction","target":["https:\/\/aviator-crash.org\/pl\/play-cash-or-crash\/"]}]},{"@type":"BreadcrumbList","@id":"https:\/\/aviator-crash.org\/pl\/play-cash-or-crash\/#breadcrumb","itemListElement":[{"@type":"ListItem","position":1,"name":"Home","item":"https:\/\/aviator-crash.org\/pl\/aviator-gra-online-za-prawdziwe-pieniadze\/"},{"@type":"ListItem","position":2,"name":"Play Cash or Crash"}]},{"@type":"WebSite","@id":"https:\/\/aviator-crash.org\/pl\/#website","url":"https:\/\/aviator-crash.org\/pl\/","name":"","description":"","potentialAction":[{"@type":"SearchAction","target":{"@type":"EntryPoint","urlTemplate":"https:\/\/aviator-crash.org\/pl\/?s={search_term_string}"},"query-input":"required name=search_term_string"}],"inLanguage":"pl-PL"}]}},"_links":{"self":[{"href":"https:\/\/aviator-crash.org\/pl\/wp-json\/wp\/v2\/pages\/3054"}],"collection":[{"href":"https:\/\/aviator-crash.org\/pl\/wp-json\/wp\/v2\/pages"}],"about":[{"href":"https:\/\/aviator-crash.org\/pl\/wp-json\/wp\/v2\/types\/page"}],"author":[{"embeddable":true,"href":"https:\/\/aviator-crash.org\/pl\/wp-json\/wp\/v2\/users\/2"}],"replies":[{"embeddable":true,"href":"https:\/\/aviator-crash.org\/pl\/wp-json\/wp\/v2\/comments?post=3054"}],"version-history":[{"count":1,"href":"https:\/\/aviator-crash.org\/pl\/wp-json\/wp\/v2\/pages\/3054\/revisions"}],"predecessor-version":[{"id":3056,"href":"https:\/\/aviator-crash.org\/pl\/wp-json\/wp\/v2\/pages\/3054\/revisions\/3056"}],"wp:attachment":[{"href":"https:\/\/aviator-crash.org\/pl\/wp-json\/wp\/v2\/media?parent=3054"}],"curies":[{"name":"wp","href":"https:\/\/api.w.org\/{rel}","templated":true}]}}