{"id":3156,"date":"2023-12-27T19:12:26","date_gmt":"2023-12-27T19:12:26","guid":{"rendered":"https:\/\/aviator-crash.org\/szybkie-gry-gotowkowe-online-z-wyplata\/"},"modified":"2024-02-02T19:42:40","modified_gmt":"2024-02-02T19:42:40","slug":"szybkie-gry-gotowkowe-online-z-wyplata","status":"publish","type":"page","link":"https:\/\/aviator-crash.org\/pl\/szybkie-gry-gotowkowe-online-z-wyplata\/","title":{"rendered":"Szybkie gry got\u00f3wkowe online z wyp\u0142at\u0105"},"content":{"rendered":"\n<figure class=\"wp-block-gallery has-nested-images columns-default is-cropped wp-block-gallery-1 is-layout-flex wp-block-gallery-is-layout-flex\">\n<figure class=\"wp-block-image size-large\"><span itemprop=\"image\" itemscope itemtype=\"https:\/\/schema.org\/ImageObject\"><img itemprop=\"url image\" loading=\"lazy\" decoding=\"async\" width=\"683\" height=\"600\" data-id=\"460\" src=\"https:\/\/aviator-crash.org\/wp-content\/uploads\/2024\/01\/aviator-minigame-logo-4.png\" alt=\"\" class=\"wp-image-460\" srcset=\"https:\/\/aviator-crash.org\/wp-content\/uploads\/2024\/01\/aviator-minigame-logo-4.png 683w, https:\/\/aviator-crash.org\/wp-content\/uploads\/2024\/01\/aviator-minigame-logo-4-300x264.png 300w\" sizes=\"(max-width: 683px) 100vw, 683px\" \/><meta itemprop=\"width\" content=\"683\"><meta itemprop=\"height\" content=\"600\"><\/span><\/figure>\n<\/figure>\n\n<p>Koncepcja gier Crash pojawi\u0142a si\u0119 na pocz\u0105tku XXI wieku.\nJednak w ci\u0105gu ostatnich kilku lat sta\u0142y si\u0119 one coraz bardziej popularne.\nGry do szybkiego zarabiania pieni\u0119dzy s\u0105 prezentowane w prawie wszystkich kasynach online.\nKa\u017cda runda jest ekscytuj\u0105ca i pe\u0142na adrenaliny.\nSzybkie gry charakteryzuj\u0105 si\u0119 prost\u0105 rozgrywk\u0105: mno\u017cnik ro\u015bnie, odpowiednio, wygrane rosn\u0105, musisz zd\u0105\u017cy\u0107 zabra\u0107 pieni\u0105dze przed katastrof\u0105.    <\/p>\n\n<h2 class=\"wp-block-heading\">Crash gra na pieni\u0105dze z wyp\u0142at\u0105<\/h2>\n\n<p>Szybkie zarobki w grach hazardowych s\u0105 bardzo atrakcyjne dla graczy.\nU\u017cytkownik powinien uwa\u017cnie \u015bledzi\u0107 rozgrywk\u0119 i nacisn\u0105\u0107 przycisk w momencie, gdy podpowiada mu intuicja.\nGra z szybk\u0105 wyp\u0142at\u0105 pieni\u0119dzy jest prawdziwa, potwierdzaj\u0105 to gracze z ca\u0142ego \u015bwiata.  <\/p>\n\n<p>Zasada jest bardzo prosta: gracz stawia zak\u0142ad, po kt\u00f3rym mno\u017cnik ro\u015bnie.\nNikt nie wie, w kt\u00f3rym momencie runda si\u0119 zako\u0144czy.\nSzybkie zarabianie pieni\u0119dzy w grach hazardowych jest mo\u017cliwe, je\u015bli dzi\u0119ki intuicji naci\u015bniesz przycisk przed katastrof\u0105.\nWygrana jest iloczynem zak\u0142adu i wsp\u00f3\u0142czynnika, przy kt\u00f3rym gra si\u0119 zatrzyma\u0142a.\nJe\u015bli u\u017cytkownik nie mia\u0142 czasu &#8211; wygra\u0142o kasyno.\nIm d\u0142u\u017csza runda, tym wi\u0119ksze ryzyko.\nAle jednocze\u015bnie jest wi\u0119cej szans na wygran\u0105.      <\/p>\n\n<p>Gra Crash na pieni\u0105dze opiera si\u0119 na GSC, kt\u00f3ry jest niemo\u017cliwy do pokonania.\nR\u00f3wnie\u017c r\u00f3\u017cne programy hakerskie lub oszuka\u0144cze schematy nie pomog\u0105.\nUczciwo\u015b\u0107 gier crash mo\u017cna udowodni\u0107, ka\u017cdy u\u017cytkownik mo\u017ce to sprawdzi\u0107.  <\/p>\n\n<h2 class=\"wp-block-heading\">Zagraj w Aviator (lataj\u0105cy samolot) na pieni\u0105dze<\/h2>\n\n<p>Mini gry z wyp\u0142at\u0105 pieni\u0119dzy s\u0105 niezwykle popularne.\nJedn\u0105 z najbardziej znanych jest Aviator.\nProjekt jest bardzo prosty.\nNa ciemnym tle samolot nabiera wysoko\u015bci.\nIm wy\u017cej &#8211; tym wi\u0119kszy wsp\u00f3\u0142czynnik.\nW razie potrzeby mo\u017cna wy\u0142\u0105czy\u0107 animacj\u0119.\nW takim przypadku u\u017cytkownik b\u0119dzie widzia\u0142 przed sob\u0105 tylko rosn\u0105cy wsp\u00f3\u0142czynnik.\nLiczenie mno\u017cnika rozpoczyna si\u0119 od jednego, jego wzrost jest nier\u00f3wnomierny.\nWystarczy kilka sekund, aby wzr\u00f3s\u0142 pi\u0119cio- lub stukrotnie.\nCzas trwania rundy mo\u017ce by\u0107 r\u00f3\u017cny, zar\u00f3wno ca\u0142a sekunda, jak i niewielki u\u0142amek.\nW razie potrzeby gracz uruchamia autoodtwarzanie, wystarczy, \u017ce ustawi zak\u0142ad i wsp\u00f3\u0142czynnik, aby zako\u0144czy\u0107 rund\u0119.\nMo\u017cesz zapozna\u0107 si\u0119 z poprzednimi zak\u0142adami i wynikami innych u\u017cytkownik\u00f3w dzi\u0119ki statystykom na \u017cywo.           <\/p>\n\n<h2 class=\"wp-block-heading\">Crash game &#8211; Lucky Jet<\/h2>\n\n<figure class=\"wp-block-gallery has-nested-images columns-default is-cropped wp-block-gallery-2 is-layout-flex wp-block-gallery-is-layout-flex\">\n<figure class=\"wp-block-image size-large\"><span itemprop=\"image\" itemscope itemtype=\"https:\/\/schema.org\/ImageObject\"><img itemprop=\"url image\" loading=\"lazy\" decoding=\"async\" width=\"1024\" height=\"509\" data-id=\"448\" src=\"https:\/\/aviator-crash.org\/wp-content\/uploads\/2024\/01\/lucky-jet_1-1024x509.jpg\" alt=\"\" class=\"wp-image-448\" srcset=\"https:\/\/aviator-crash.org\/wp-content\/uploads\/2024\/01\/lucky-jet_1-1024x509.jpg 1024w, https:\/\/aviator-crash.org\/wp-content\/uploads\/2024\/01\/lucky-jet_1-300x149.jpg 300w, https:\/\/aviator-crash.org\/wp-content\/uploads\/2024\/01\/lucky-jet_1-768x382.jpg 768w, https:\/\/aviator-crash.org\/wp-content\/uploads\/2024\/01\/lucky-jet_1.jpg 1093w\" sizes=\"(max-width: 1024px) 100vw, 1024px\" \/><meta itemprop=\"width\" content=\"1024\"><meta itemprop=\"height\" content=\"509\"><\/span><\/figure>\n<\/figure>\n\n<p>Gry Crash na pieni\u0105dze z bonusem maj\u0105 inn\u0105 fabu\u0142\u0119.\nOnline mo\u017cesz spr\u00f3bowa\u0107 szcz\u0119\u015bcia w grze Lucky Jet, w kt\u00f3rej g\u0142\u00f3wny bohater, Joe, pr\u00f3buje odlecie\u0107 z torb\u0105 pe\u0142n\u0105 pieni\u0119dzy.\nGra Crash na pieni\u0105dze ma proste zasady.\nMusisz wybra\u0107 zak\u0142ad i mie\u0107 czas, aby go wyp\u0142aci\u0107.\nJe\u015bli nie zrobisz tego na czas, pieni\u0105dze sp\u0142on\u0105.\nKurs zale\u017cy od czasu, w kt\u00f3rym Joe pozostanie w powietrzu.     <\/p>\n\n<p>Wielko\u015b\u0107 maksymalnego mno\u017cnika wynosi 100, w niekt\u00f3rych zak\u0142adach hazardowych jest on podwajany.\nWygrana zale\u017cy wy\u0142\u0105cznie od intuicji gracza, kt\u00f3ry decyduje, kiedy nacisn\u0105\u0107 przycisk. <\/p>\n\n<h2 class=\"wp-block-heading\">Crash game &#8211; Jet X<\/h2>\n\n<figure class=\"wp-block-gallery has-nested-images columns-default is-cropped wp-block-gallery-3 is-layout-flex wp-block-gallery-is-layout-flex\">\n<figure class=\"wp-block-image size-large\"><span itemprop=\"image\" itemscope itemtype=\"https:\/\/schema.org\/ImageObject\"><img itemprop=\"url image\" loading=\"lazy\" decoding=\"async\" width=\"1024\" height=\"621\" data-id=\"451\" src=\"https:\/\/aviator-crash.org\/wp-content\/uploads\/2024\/01\/jetx-game-9-1024x621-1.png\" alt=\"\" class=\"wp-image-451\" srcset=\"https:\/\/aviator-crash.org\/wp-content\/uploads\/2024\/01\/jetx-game-9-1024x621-1.png 1024w, https:\/\/aviator-crash.org\/wp-content\/uploads\/2024\/01\/jetx-game-9-1024x621-1-300x182.png 300w, https:\/\/aviator-crash.org\/wp-content\/uploads\/2024\/01\/jetx-game-9-1024x621-1-768x466.png 768w\" sizes=\"(max-width: 1024px) 100vw, 1024px\" \/><meta itemprop=\"width\" content=\"1024\"><meta itemprop=\"height\" content=\"621\"><\/span><\/figure>\n<\/figure>\n\n<p>Szybkie gry pieni\u0119\u017cne cz\u0119sto wykorzystuj\u0105 pojazd jako g\u0142\u00f3wnego bohatera.\nW Jet X musisz \u015bledzi\u0107 ruch samolotu odrzutowego.\nJednak w pewnym momencie rozbije si\u0119 i zniknie z radaru.\nWcze\u015bniej u\u017cytkownik musi ostro\u017cnie nacisn\u0105\u0107 przycisk wyp\u0142aty.\nW przeciwnym razie kasyno wygrywa.    <\/p>\n\n<p>Gra nale\u017cy do najlepszych, jest prezentowana w wielu kasynach.\nU\u017cytkownik widzi przed sob\u0105 ekran radaru, kt\u00f3ry pokazuje samolot i wsp\u00f3\u0142czynnik.\nZwi\u0119ksza si\u0119 on, gdy samolot startuje.\nNie bez powodu Jet X znajduje si\u0119 w kategorii &#8222;Gry z szybk\u0105 wyp\u0142at\u0105&#8221;, runda trwa nie d\u0142u\u017cej ni\u017c kilka minut.   <\/p>\n\n<p>W bocznych polach u\u017cytkownik mo\u017ce zobaczy\u0107 wyniki uzyskane w poprzednich rundach.\nPonadto wy\u015bwietlane s\u0105 rzeczywiste statystyki wszystkich u\u017cytkownik\u00f3w.\nGracz mo\u017ce postawi\u0107 dwa zak\u0142ady na rund\u0119, w razie potrzeby aktywowana jest automatyczna wyp\u0142ata.\nAwaria nast\u0119puje w dowolnym momencie, nawet je\u015bli my\u015bliwiec w\u0142a\u015bnie zacz\u0105\u0142 nabiera\u0107 wysoko\u015bci.\nStrony informacyjne podaj\u0105 maksymalny wsp\u00f3\u0142czynnik x25000, ale nie zosta\u0142 on jeszcze osi\u0105gni\u0119ty przez \u017cadnego gracza.    <\/p>\n\n<h2 class=\"wp-block-heading\">Awaria gry &#8211; Rocket X<\/h2>\n\n<figure class=\"wp-block-gallery has-nested-images columns-default is-cropped wp-block-gallery-4 is-layout-flex wp-block-gallery-is-layout-flex\">\n<figure class=\"wp-block-image size-large\"><span itemprop=\"image\" itemscope itemtype=\"https:\/\/schema.org\/ImageObject\"><img itemprop=\"url image\" loading=\"lazy\" decoding=\"async\" width=\"1024\" height=\"448\" data-id=\"453\" src=\"https:\/\/aviator-crash.org\/wp-content\/uploads\/2024\/01\/screenshot-2022-11-29-at-12.55.42-1024x448.jpg\" alt=\"\" class=\"wp-image-453\" srcset=\"https:\/\/aviator-crash.org\/wp-content\/uploads\/2024\/01\/screenshot-2022-11-29-at-12.55.42-1024x448.jpg 1024w, https:\/\/aviator-crash.org\/wp-content\/uploads\/2024\/01\/screenshot-2022-11-29-at-12.55.42-300x131.jpg 300w, https:\/\/aviator-crash.org\/wp-content\/uploads\/2024\/01\/screenshot-2022-11-29-at-12.55.42-768x336.jpg 768w, https:\/\/aviator-crash.org\/wp-content\/uploads\/2024\/01\/screenshot-2022-11-29-at-12.55.42-1536x673.jpg 1536w, https:\/\/aviator-crash.org\/wp-content\/uploads\/2024\/01\/screenshot-2022-11-29-at-12.55.42-2048x897.jpg 2048w\" sizes=\"(max-width: 1024px) 100vw, 1024px\" \/><meta itemprop=\"width\" content=\"1024\"><meta itemprop=\"height\" content=\"448\"><\/span><\/figure>\n<\/figure>\n\n<p>U\u017cytkownik obserwuje start rakiety.\nMo\u017ce postawi\u0107 zak\u0142ad od 0,1 do 140.\nIm d\u0142u\u017cej trwa lot, tym wy\u017cszy jest wsp\u00f3\u0142czynnik.\nGracz mo\u017ce dostosowa\u0107 gr\u0119 do w\u0142asnych potrzeb, korzysta\u0107 z automatycznych zak\u0142ad\u00f3w i wyp\u0142at.\nGra awaryjna wymaga minimalnych ustawie\u0144.\nNast\u0119pnie u\u017cytkownik mo\u017ce cieszy\u0107 si\u0119 spektakularnym procesem: po wystrzeleniu rakiety pojawia si\u0119 jasny pi\u00f3ropusz, nast\u0119puje r\u00f3wnie\u017c wzrost wsp\u00f3\u0142czynnika.\nW przypadku braku automatycznego wycofania, moment zako\u0144czenia rundy jest wybierany przez gracza.\nJe\u015bli nie zd\u0105\u017cy\u0142 tego zrobi\u0107 przed eksplozj\u0105, przegrywa.\nMo\u017cna zosta\u0107 zwyci\u0119zc\u0105, stosuj\u0105c r\u00f3\u017cne strategie i taktyki.        <\/p>\n\n<h2 class=\"wp-block-heading\">Crash game &#8211; Space XY<\/h2>\n\n<figure class=\"wp-block-gallery has-nested-images columns-default is-cropped wp-block-gallery-5 is-layout-flex wp-block-gallery-is-layout-flex\">\n<figure class=\"wp-block-image size-large\"><span itemprop=\"image\" itemscope itemtype=\"https:\/\/schema.org\/ImageObject\"><img itemprop=\"url image\" loading=\"lazy\" decoding=\"async\" width=\"1024\" height=\"577\" data-id=\"455\" src=\"https:\/\/aviator-crash.org\/wp-content\/uploads\/2024\/01\/spacexy-gameplay-screen-1024x577-1.webp\" alt=\"\" class=\"wp-image-455\" srcset=\"https:\/\/aviator-crash.org\/wp-content\/uploads\/2024\/01\/spacexy-gameplay-screen-1024x577-1.webp 1024w, https:\/\/aviator-crash.org\/wp-content\/uploads\/2024\/01\/spacexy-gameplay-screen-1024x577-1-300x169.webp 300w, https:\/\/aviator-crash.org\/wp-content\/uploads\/2024\/01\/spacexy-gameplay-screen-1024x577-1-768x433.webp 768w\" sizes=\"(max-width: 1024px) 100vw, 1024px\" \/><meta itemprop=\"width\" content=\"1024\"><meta itemprop=\"height\" content=\"577\"><\/span><\/figure>\n<\/figure>\n\n<p>Gra Crash na pieni\u0105dze ma unikalne cechy.\nMotyw kosmiczny czyni j\u0105 bardziej interesuj\u0105c\u0105 i atrakcyjn\u0105 dla graczy.\nStatki kosmiczne, galaktyki, obce stworzenia, wszystko to w po\u0142\u0105czeniu z jasn\u0105 animacj\u0105 i grafik\u0105 pozwala w pe\u0142ni zanurzy\u0107 si\u0119 w \u015bwiecie hazardu.\nSpace XY &#8211; najbardziej dobra gra z szybk\u0105 wyp\u0142at\u0105, ma zwyci\u0119skie kombinacje i funkcje bonusowe.\nMo\u017cna j\u0105 znale\u017a\u0107 w r\u00f3\u017cnych kasynach online, wi\u0119c gra Crash jest dost\u0119pna dla szerokiego grona odbiorc\u00f3w.\nMo\u017cesz gra\u0107 na prawdziwe pieni\u0105dze lub wirtualne \u017cetony, wystarczy uruchomi\u0107 tryb demo.     <\/p>\n\n<h2 class=\"wp-block-heading\">Szybka gra &#8211; Cash or Crash<\/h2>\n\n<figure class=\"wp-block-gallery has-nested-images columns-default is-cropped wp-block-gallery-6 is-layout-flex wp-block-gallery-is-layout-flex\">\n<figure class=\"wp-block-image size-large\"><span itemprop=\"image\" itemscope itemtype=\"https:\/\/schema.org\/ImageObject\"><img itemprop=\"url image\" loading=\"lazy\" decoding=\"async\" width=\"1024\" height=\"576\" data-id=\"457\" src=\"https:\/\/aviator-crash.org\/wp-content\/uploads\/2024\/01\/cash-or-crash-evolution-live-games-hollywoodbets-1024x576-1.jpg\" alt=\"\" class=\"wp-image-457\" srcset=\"https:\/\/aviator-crash.org\/wp-content\/uploads\/2024\/01\/cash-or-crash-evolution-live-games-hollywoodbets-1024x576-1.jpg 1024w, https:\/\/aviator-crash.org\/wp-content\/uploads\/2024\/01\/cash-or-crash-evolution-live-games-hollywoodbets-1024x576-1-300x169.jpg 300w, https:\/\/aviator-crash.org\/wp-content\/uploads\/2024\/01\/cash-or-crash-evolution-live-games-hollywoodbets-1024x576-1-768x432.jpg 768w\" sizes=\"(max-width: 1024px) 100vw, 1024px\" \/><meta itemprop=\"width\" content=\"1024\"><meta itemprop=\"height\" content=\"576\"><\/span><\/figure>\n<\/figure>\n\n<p>Gracz znajduje si\u0119 w sterowcu, kt\u00f3ry porusza si\u0119 nad ogromn\u0105 metropoli\u0105.\nU\u017cytkownik widzi aparatur\u0119, w kt\u00f3rej mieszane s\u0105 kulki.\nU\u017cywanych jest osiem czerwonych, 19 zielonych i jedna z\u0142ota kula.\nGracz musi porusza\u0107 si\u0119 po schodach.\nAby to zrobi\u0107, musi zbiera\u0107 kulki koloru zielonego.\nJe\u015bli wypadnie czerwona kulka, runda si\u0119 ko\u0144czy.\nZ\u0142ota kulka mo\u017ce by\u0107 u\u017cyta do obrony, daje dodatkowe \u017cycie.      <\/p>\n\n<p>Po rozbiciu tarczy lub wypadni\u0119ciu zielonej kulki gracz mo\u017ce pozosta\u0107 w grze z pe\u0142n\u0105 wygran\u0105 lub zako\u0144czy\u0107 rund\u0119.\nMa r\u00f3wnie\u017c mo\u017cliwo\u015b\u0107 wyp\u0142acenia po\u0142owy pieni\u0119dzy, a z pozosta\u0142\u0105 kwot\u0105 mo\u017ce kontynuowa\u0107 gr\u0119.\nGracz b\u0119dzie musia\u0142 przej\u015b\u0107 przez dwadzie\u015bcia poziom\u00f3w.\nNa pierwszym z nich mno\u017cnik wynosi 1,2x, a na szczycie drabiny 18000x.\nWystarczy, \u017ce gracz postawi 5$, aby otrzyma\u0107 90000$.    <\/p>\n\n<p>Pobierz gr\u0119 z szybk\u0105 wyp\u0142at\u0105 pieni\u0119dzy jest dost\u0119pna w kasynach online.\nKonieczne jest wybranie niezawodnej us\u0142ugi z licencj\u0105, kt\u00f3ra gwarantuje zgodno\u015b\u0107 z zasadami regulatora.\nOznacza to, \u017ce kasyno ma pieni\u0105dze na wyp\u0142at\u0119 nawet du\u017cych kwot zwyci\u0119zcom, stale przechodzi wewn\u0119trzne audyty i kontrole oprogramowania.\nWa\u017cne jest, aby zapozna\u0107 si\u0119 z recenzjami i stron\u0105 internetow\u0105 instytucji.\nJe\u015bli u\u017cytkownik trafi na nieuczciw\u0105 witryn\u0119, nie otrzyma rozrywki z bonusem i wygran\u0105, ale straci dane osobowe lub zainfekuje urz\u0105dzenie wirusami.    <\/p>\n","protected":false},"excerpt":{"rendered":"<p>Koncepcja gier Crash pojawi\u0142a si\u0119 na pocz\u0105tku XXI wieku. Jednak w ci\u0105gu ostatnich kilku lat sta\u0142y si\u0119 one coraz bardziej popularne. Gry do szybkiego zarabiania pieni\u0119dzy s\u0105 prezentowane w prawie wszystkich kasynach online. Ka\u017cda runda jest ekscytuj\u0105ca i pe\u0142na adrenaliny. Szybkie gry charakteryzuj\u0105 si\u0119 prost\u0105 rozgrywk\u0105: mno\u017cnik ro\u015bnie, odpowiednio, wygrane rosn\u0105, musisz zd\u0105\u017cy\u0107 zabra\u0107 pieni\u0105dze [&hellip;]<\/p>\n","protected":false},"author":2,"featured_media":0,"parent":0,"menu_order":0,"comment_status":"closed","ping_status":"closed","template":"","meta":{"footnotes":""},"yoast_head":"<!-- This site is optimized with the Yoast SEO plugin v21.7 - https:\/\/yoast.com\/wordpress\/plugins\/seo\/ -->\n<title>Crash Games na pieni\u0105dze (szybka gra online Crash Game z wyp\u0142at\u0105 pieni\u0119dzy)<\/title>\n<meta name=\"description\" content=\"Gry typu crash s\u0105 popularne, poniewa\u017c daj\u0105 mo\u017cliwo\u015b\u0107 szybkiego zarobku. Gry na pieni\u0105dze, w kt\u00f3rych wyst\u0119puje crash, charakteryzuj\u0105 si\u0119 prostymi zasadami. Jednocze\u015bnie s\u0105 bardzo ekscytuj\u0105ce i hazardowe.\" \/>\n<meta name=\"robots\" content=\"index, follow, max-snippet:-1, max-image-preview:large, max-video-preview:-1\" \/>\n<link rel=\"canonical\" href=\"https:\/\/aviator-crash.org\/pl\/szybkie-gry-gotowkowe-online-z-wyplata\/\" \/>\n<meta property=\"og:locale\" content=\"pl_PL\" \/>\n<meta property=\"og:type\" content=\"article\" \/>\n<meta property=\"og:title\" content=\"Crash Games na pieni\u0105dze (szybka gra online Crash Game z wyp\u0142at\u0105 pieni\u0119dzy)\" \/>\n<meta property=\"og:description\" content=\"Gry typu crash s\u0105 popularne, poniewa\u017c daj\u0105 mo\u017cliwo\u015b\u0107 szybkiego zarobku. Gry na pieni\u0105dze, w kt\u00f3rych wyst\u0119puje crash, charakteryzuj\u0105 si\u0119 prostymi zasadami. Jednocze\u015bnie s\u0105 bardzo ekscytuj\u0105ce i hazardowe.\" \/>\n<meta property=\"og:url\" content=\"https:\/\/aviator-crash.org\/pl\/szybkie-gry-gotowkowe-online-z-wyplata\/\" \/>\n<meta property=\"article:modified_time\" content=\"2024-02-02T19:42:40+00:00\" \/>\n<meta property=\"og:image\" content=\"https:\/\/aviator-crash.org\/wp-content\/uploads\/2024\/01\/aviator-minigame-logo-4.png\" \/>\n<meta name=\"twitter:card\" content=\"summary_large_image\" \/>\n<meta name=\"twitter:label1\" content=\"Est. reading time\" \/>\n\t<meta name=\"twitter:data1\" content=\"6 minut\" \/>\n<script type=\"application\/ld+json\" class=\"yoast-schema-graph\">{\"@context\":\"https:\/\/schema.org\",\"@graph\":[{\"@type\":\"WebPage\",\"@id\":\"https:\/\/aviator-crash.org\/pl\/szybkie-gry-gotowkowe-online-z-wyplata\/\",\"url\":\"https:\/\/aviator-crash.org\/pl\/szybkie-gry-gotowkowe-online-z-wyplata\/\",\"name\":\"Crash Games na pieni\u0105dze (szybka gra online Crash Game z wyp\u0142at\u0105 pieni\u0119dzy)\",\"isPartOf\":{\"@id\":\"https:\/\/aviator-crash.org\/pl\/#website\"},\"datePublished\":\"2023-12-27T19:12:26+00:00\",\"dateModified\":\"2024-02-02T19:42:40+00:00\",\"description\":\"Gry typu crash s\u0105 popularne, poniewa\u017c daj\u0105 mo\u017cliwo\u015b\u0107 szybkiego zarobku. Gry na pieni\u0105dze, w kt\u00f3rych wyst\u0119puje crash, charakteryzuj\u0105 si\u0119 prostymi zasadami. Jednocze\u015bnie s\u0105 bardzo ekscytuj\u0105ce i hazardowe.\",\"breadcrumb\":{\"@id\":\"https:\/\/aviator-crash.org\/pl\/szybkie-gry-gotowkowe-online-z-wyplata\/#breadcrumb\"},\"inLanguage\":\"pl-PL\",\"potentialAction\":[{\"@type\":\"ReadAction\",\"target\":[\"https:\/\/aviator-crash.org\/pl\/szybkie-gry-gotowkowe-online-z-wyplata\/\"]}]},{\"@type\":\"BreadcrumbList\",\"@id\":\"https:\/\/aviator-crash.org\/pl\/szybkie-gry-gotowkowe-online-z-wyplata\/#breadcrumb\",\"itemListElement\":[{\"@type\":\"ListItem\",\"position\":1,\"name\":\"Home\",\"item\":\"https:\/\/aviator-crash.org\/pl\/aviator-gra-online-za-prawdziwe-pieniadze\/\"},{\"@type\":\"ListItem\",\"position\":2,\"name\":\"Szybkie gry got\u00f3wkowe online z wyp\u0142at\u0105\"}]},{\"@type\":\"WebSite\",\"@id\":\"https:\/\/aviator-crash.org\/pl\/#website\",\"url\":\"https:\/\/aviator-crash.org\/pl\/\",\"name\":\"\",\"description\":\"\",\"potentialAction\":[{\"@type\":\"SearchAction\",\"target\":{\"@type\":\"EntryPoint\",\"urlTemplate\":\"https:\/\/aviator-crash.org\/pl\/?s={search_term_string}\"},\"query-input\":\"required name=search_term_string\"}],\"inLanguage\":\"pl-PL\"}]}<\/script>\n<!-- \/ Yoast SEO plugin. -->","yoast_head_json":{"title":"Crash Games na pieni\u0105dze (szybka gra online Crash Game z wyp\u0142at\u0105 pieni\u0119dzy)","description":"Gry typu crash s\u0105 popularne, poniewa\u017c daj\u0105 mo\u017cliwo\u015b\u0107 szybkiego zarobku. Gry na pieni\u0105dze, w kt\u00f3rych wyst\u0119puje crash, charakteryzuj\u0105 si\u0119 prostymi zasadami. Jednocze\u015bnie s\u0105 bardzo ekscytuj\u0105ce i hazardowe.","robots":{"index":"index","follow":"follow","max-snippet":"max-snippet:-1","max-image-preview":"max-image-preview:large","max-video-preview":"max-video-preview:-1"},"canonical":"https:\/\/aviator-crash.org\/pl\/szybkie-gry-gotowkowe-online-z-wyplata\/","og_locale":"pl_PL","og_type":"article","og_title":"Crash Games na pieni\u0105dze (szybka gra online Crash Game z wyp\u0142at\u0105 pieni\u0119dzy)","og_description":"Gry typu crash s\u0105 popularne, poniewa\u017c daj\u0105 mo\u017cliwo\u015b\u0107 szybkiego zarobku. Gry na pieni\u0105dze, w kt\u00f3rych wyst\u0119puje crash, charakteryzuj\u0105 si\u0119 prostymi zasadami. Jednocze\u015bnie s\u0105 bardzo ekscytuj\u0105ce i hazardowe.","og_url":"https:\/\/aviator-crash.org\/pl\/szybkie-gry-gotowkowe-online-z-wyplata\/","article_modified_time":"2024-02-02T19:42:40+00:00","og_image":[{"url":"https:\/\/aviator-crash.org\/wp-content\/uploads\/2024\/01\/aviator-minigame-logo-4.png"}],"twitter_card":"summary_large_image","twitter_misc":{"Est. reading time":"6 minut"},"schema":{"@context":"https:\/\/schema.org","@graph":[{"@type":"WebPage","@id":"https:\/\/aviator-crash.org\/pl\/szybkie-gry-gotowkowe-online-z-wyplata\/","url":"https:\/\/aviator-crash.org\/pl\/szybkie-gry-gotowkowe-online-z-wyplata\/","name":"Crash Games na pieni\u0105dze (szybka gra online Crash Game z wyp\u0142at\u0105 pieni\u0119dzy)","isPartOf":{"@id":"https:\/\/aviator-crash.org\/pl\/#website"},"datePublished":"2023-12-27T19:12:26+00:00","dateModified":"2024-02-02T19:42:40+00:00","description":"Gry typu crash s\u0105 popularne, poniewa\u017c daj\u0105 mo\u017cliwo\u015b\u0107 szybkiego zarobku. Gry na pieni\u0105dze, w kt\u00f3rych wyst\u0119puje crash, charakteryzuj\u0105 si\u0119 prostymi zasadami. Jednocze\u015bnie s\u0105 bardzo ekscytuj\u0105ce i hazardowe.","breadcrumb":{"@id":"https:\/\/aviator-crash.org\/pl\/szybkie-gry-gotowkowe-online-z-wyplata\/#breadcrumb"},"inLanguage":"pl-PL","potentialAction":[{"@type":"ReadAction","target":["https:\/\/aviator-crash.org\/pl\/szybkie-gry-gotowkowe-online-z-wyplata\/"]}]},{"@type":"BreadcrumbList","@id":"https:\/\/aviator-crash.org\/pl\/szybkie-gry-gotowkowe-online-z-wyplata\/#breadcrumb","itemListElement":[{"@type":"ListItem","position":1,"name":"Home","item":"https:\/\/aviator-crash.org\/pl\/aviator-gra-online-za-prawdziwe-pieniadze\/"},{"@type":"ListItem","position":2,"name":"Szybkie gry got\u00f3wkowe online z wyp\u0142at\u0105"}]},{"@type":"WebSite","@id":"https:\/\/aviator-crash.org\/pl\/#website","url":"https:\/\/aviator-crash.org\/pl\/","name":"","description":"","potentialAction":[{"@type":"SearchAction","target":{"@type":"EntryPoint","urlTemplate":"https:\/\/aviator-crash.org\/pl\/?s={search_term_string}"},"query-input":"required name=search_term_string"}],"inLanguage":"pl-PL"}]}},"_links":{"self":[{"href":"https:\/\/aviator-crash.org\/pl\/wp-json\/wp\/v2\/pages\/3156"}],"collection":[{"href":"https:\/\/aviator-crash.org\/pl\/wp-json\/wp\/v2\/pages"}],"about":[{"href":"https:\/\/aviator-crash.org\/pl\/wp-json\/wp\/v2\/types\/page"}],"author":[{"embeddable":true,"href":"https:\/\/aviator-crash.org\/pl\/wp-json\/wp\/v2\/users\/2"}],"replies":[{"embeddable":true,"href":"https:\/\/aviator-crash.org\/pl\/wp-json\/wp\/v2\/comments?post=3156"}],"version-history":[{"count":1,"href":"https:\/\/aviator-crash.org\/pl\/wp-json\/wp\/v2\/pages\/3156\/revisions"}],"predecessor-version":[{"id":3164,"href":"https:\/\/aviator-crash.org\/pl\/wp-json\/wp\/v2\/pages\/3156\/revisions\/3164"}],"wp:attachment":[{"href":"https:\/\/aviator-crash.org\/pl\/wp-json\/wp\/v2\/media?parent=3156"}],"curies":[{"name":"wp","href":"https:\/\/api.w.org\/{rel}","templated":true}]}}