{"id":3686,"date":"2023-12-27T19:26:44","date_gmt":"2023-12-27T19:26:44","guid":{"rendered":"https:\/\/aviator-crash.org\/lucky-jet-1win-download\/"},"modified":"2024-02-02T20:21:25","modified_gmt":"2024-02-02T20:21:25","slug":"lucky-jet-1win-download","status":"publish","type":"page","link":"https:\/\/aviator-crash.org\/pl\/lucky-jet-1win-download\/","title":{"rendered":"Lucky Jet 1win download"},"content":{"rendered":"\n<figure class=\"wp-block-gallery has-nested-images columns-default is-cropped wp-block-gallery-1 is-layout-flex wp-block-gallery-is-layout-flex\">\n<figure class=\"wp-block-image size-large\"><span itemprop=\"image\" itemscope itemtype=\"https:\/\/schema.org\/ImageObject\"><img itemprop=\"url image\" loading=\"lazy\" decoding=\"async\" width=\"880\" height=\"500\" data-id=\"478\" src=\"https:\/\/aviator-crash.org\/wp-content\/uploads\/2024\/01\/lucky_jet_game-casino_yl6vvw.webp\" alt=\"\" class=\"wp-image-478\" srcset=\"https:\/\/aviator-crash.org\/wp-content\/uploads\/2024\/01\/lucky_jet_game-casino_yl6vvw.webp 880w, https:\/\/aviator-crash.org\/wp-content\/uploads\/2024\/01\/lucky_jet_game-casino_yl6vvw-300x170.webp 300w, https:\/\/aviator-crash.org\/wp-content\/uploads\/2024\/01\/lucky_jet_game-casino_yl6vvw-768x436.webp 768w\" sizes=\"(max-width: 880px) 100vw, 880px\" \/><meta itemprop=\"width\" content=\"880\"><meta itemprop=\"height\" content=\"500\"><\/span><\/figure>\n<\/figure>\n\n<p>Wirtuozerskie loty, hazardowe chwile i bezkresna przestrze\u0144 spotykaj\u0105 si\u0119 w ekscytuj\u0105cej przygodzie o nazwie Lucky Jet 1win.\nTa ekscytuj\u0105ca gra 1win przenosi graczy do wyj\u0105tkowego \u015bwiata emocji i przyg\u00f3d, w kt\u00f3rym ka\u017cdy manewr mo\u017ce okaza\u0107 si\u0119 kluczem do zwyci\u0119stwa. <\/p>\n\n<p>Lucky Jet 1win to nie tylko gra na Androida, to okazja, aby zanurzy\u0107 si\u0119 w ekscytuj\u0105cym \u015bwiecie bitew hazardowych, gdzie ka\u017cda chwila mo\u017ce odwr\u00f3ci\u0107 losy.\nPobierz oficjaln\u0105 aplikacj\u0119 gry Lucky Jet mo\u017cna na stronie Onewin.\nNa swoim osobistym koncie mo\u017cesz zbiera\u0107 nagrody, walczy\u0107 i rywalizowa\u0107 ze znajomymi.\nAplikacj\u0119 Lucky Jet 1win mo\u017cna pobra\u0107 za darmo.   <\/p>\n\n<h2 class=\"wp-block-heading\">Zalety gry online Lucky Jet<\/h2>\n\n<p>Ta aplikacja to ekscytuj\u0105ca gra online z wieloma zaletami:<\/p>\n\n<ul>\n<li>Ciekawa rozgrywka.\nGracze mog\u0105 cieszy\u0107 si\u0119 zaawansowanymi technologicznie bitwami w kosmosie, startuj\u0105c w swoich lataj\u0105cych maszynach. <\/li>\n\n\n\n<li>Mn\u00f3stwo ekscytuj\u0105cych misji.<\/li>\n\n\n\n<li>Tryb wieloosobowy.\nJedn\u0105 z kluczowych zalet tego trybu jest mo\u017cliwo\u015b\u0107 gry online z innymi graczami.\nRecenzje Lucky Jet 1win dotycz\u0105ce tego trybu s\u0105 niezwykle pozytywne, poniewa\u017c gracze b\u0119d\u0105 mogli walczy\u0107, rywalizowa\u0107 i wsp\u00f3\u0142pracowa\u0107 z przyjaci\u00f3\u0142mi lub innymi graczami, co dodaje aspekt spo\u0142eczny i dynamiczne wra\u017cenia z gry.  <\/li>\n\n\n\n<li>Personalizacja maszyn lataj\u0105cych.\nGracze maj\u0105 mo\u017cliwo\u015b\u0107 dostosowywania i ulepszania swoich maszyn lataj\u0105cych.\nTworzy to spersonalizowane podej\u015bcie do gry, pozwalaj\u0105c ka\u017cdemu graczowi opracowa\u0107 w\u0142asny styl i strategi\u0119.  <\/li>\n\n\n\n<li>Atrakcyjny wygl\u0105d.\nGra 1win Lucky Jet ma imponuj\u0105c\u0105 grafik\u0119 i projekt, dzi\u0119ki czemu \u015bwiat gry jest kolorowy i atrakcyjny wizualnie. <\/li>\n\n\n\n<li>Regularne aktualizacje.<\/li>\n<\/ul>\n\n<p>Maj\u0105c na uwadze te korzy\u015bci, Lucky Jet zapewnia wci\u0105gaj\u0105ce wra\u017cenia z gry, \u0142\u0105cz\u0105c elementy dynamicznej akcji, interakcji spo\u0142ecznych i strategicznego my\u015blenia.<\/p>\n\n<h2 class=\"wp-block-heading\">Jak gra\u0107 w Lucky Jet<\/h2>\n\n<p>Gracze rozpoczynaj\u0105 od utworzenia konta, je\u015bli jest to wymagane, i wybrania samolotu.\nW celu zaznajomienia graczy ze sterowaniem i podstawami rozgrywki dost\u0119pne s\u0105 samouczki.\nGra z kuponami 1win Lucky Jet na darmowe zak\u0142ady lub bez nich mo\u017ce zawiera\u0107 r\u00f3\u017cne misje, zadania lub cele, kt\u00f3re gracze musz\u0105 wykona\u0107, aby robi\u0107 post\u0119py i zdobywa\u0107 zasoby.  <\/p>\n\n<p>Pod kontrol\u0105 zaawansowanego technologicznie samolotu walczysz z niebezpiecznymi rywalami, rozwijasz swoje umiej\u0119tno\u015bci i zbierasz wyj\u0105tkowe nagrody.\nIntryguj\u0105ce misje, zapieraj\u0105ce dech w piersiach kosmiczne krajobrazy i nieprzewidywalne spotkania czekaj\u0105 na ciebie na drodze do zwyci\u0119stwa. <\/p>\n\n<p>Bitwy w Lucky Jet zazwyczaj polegaj\u0105 na wykorzystaniu r\u00f3\u017cnych manewr\u00f3w, broni i rozwi\u0105za\u0144 taktycznych w celu pokonania przeciwnik\u00f3w.\nGracze mog\u0105 zmierzy\u0107 si\u0119 z komputerowymi przeciwnikami lub wzi\u0105\u0107 udzia\u0142 w bitwach wieloosobowych z innymi graczami. <\/p>\n\n<p>Je\u015bli chcesz si\u0119 dobrze bawi\u0107, zdecydowanie powiniene\u015b pobra\u0107 Lucky Jet 1win na swoje urz\u0105dzenie.\nDzi\u0119ki temu b\u0119dziesz m\u00f3g\u0142 cieszy\u0107 si\u0119 dynamicznym i hazardowym do\u015bwiadczeniem w bitwach kosmicznych, wykorzystuj\u0105c swoje umiej\u0119tno\u015bci, strategie i zdolno\u015bci, aby osi\u0105gn\u0105\u0107 zwyci\u0119stwo. <\/p>\n\n<h2 class=\"wp-block-heading\">Jak wygra\u0107 w Lucky Jet<\/h2>\n\n<p>Wygrana mo\u017ce zale\u017ce\u0107 od kilku czynnik\u00f3w i wa\u017cne jest, aby opracowa\u0107 strategi\u0119 w Lucky Jet 1win i poprawi\u0107 swoje umiej\u0119tno\u015bci, aby odnie\u015b\u0107 sukces w grze.\nOto kilka wskaz\u00f3wek, kt\u00f3re pomog\u0105 ci odnie\u015b\u0107 sukces w Lucky Jet: <\/p>\n\n<ul>\n<li>Zapoznaj si\u0119 z elementami steruj\u0105cymi.\nNaucz si\u0119 sterowania pojazdem lataj\u0105cym.\nZrozumienie wszystkich dost\u0119pnych manewr\u00f3w i polece\u0144 pomo\u017ce ci skutecznie sterowa\u0107 w walce.  <\/li>\n\n\n\n<li>We\u017a udzia\u0142 w szkoleniu w grze One Win Lucky Jet.\nDzi\u0119ki temu poznasz podstawy rozgrywki i nauczysz si\u0119 stosowa\u0107 r\u00f3\u017cne taktyki. <\/li>\n\n\n\n<li>Wybierz odpowiedni samolot.\nNiekt\u00f3re mog\u0105 by\u0107 lepsze w atakowaniu, a inne w unikaniu. <\/li>\n\n\n\n<li>Rozwijaj swoje urz\u0105dzenie.\nUlepszaj swoje urz\u0105dzenie lataj\u0105ce, korzystaj\u0105c z zasob\u00f3w zdobytych w grze.\nZwi\u0119kszy to twoje szanse w bitwach i sprawi, \u017ce b\u0119dziesz bardziej konkurencyjny.  <\/li>\n\n\n\n<li>Opracuj strategi\u0119 Lucky Jet 1Win dla ka\u017cdej walki.<\/li>\n<\/ul>\n\n<p>Wykorzystaj otoczenie na swoj\u0105 korzy\u015b\u0107, unikaj atak\u00f3w, szukaj s\u0142abych punkt\u00f3w u przeciwnik\u00f3w.\nNajlepiej jest faworyzowa\u0107 strategi\u0119 z ma\u0142ymi szansami na bardziej efektywne zwyci\u0119stwo. <\/p>\n\n<p>Pami\u0119taj, \u017ce ka\u017cda gra mo\u017ce mie\u0107 swoj\u0105 unikaln\u0105 dynamik\u0119, wi\u0119c eksperymentuj, dostosowuj si\u0119 i ciesz si\u0119 procesem doskonalenia swoich umiej\u0119tno\u015bci w Lucky Jet.<\/p>\n\n<h2 class=\"wp-block-heading\">Zasady gry Lucky Jet<\/h2>\n\n<p>Kolejn\u0105 zalet\u0105 tej gry jest prostota i przyst\u0119pno\u015b\u0107 zasad.\nMamy tu do czynienia z kilkoma rundami, kt\u00f3rych g\u0142\u00f3wnym celem jest obstawianie zak\u0142ad\u00f3w na czas.\nRecenzje Lucky Jet 1win s\u0105 dowodem na to, \u017ce tutaj nie wszystko jest tak proste, jak si\u0119 wydaje.\nWa\u017cne jest, aby postawi\u0107 kwot\u0119 na czas, w przeciwnym razie mo\u017ce si\u0119 spali\u0107.\nChcesz zaryzykowa\u0107 czy poczeka\u0107 na bardziej odpowiedni moment?\nWszystko zale\u017cy tylko od ciebie.     <\/p>\n\n<h2 class=\"wp-block-heading\">Bony<\/h2>\n\n<p>Kupony Lucky Jet to specjalne kody, kt\u00f3re gracze mog\u0105 wprowadzi\u0107 w grze, aby otrzyma\u0107 bonusy, zasoby lub inne korzy\u015bci.\nMo\u017cna si\u0119 z nimi zapozna\u0107 na stronie internetowej 1Win.\nB\u0119d\u0105 pojawia\u0107 si\u0119 regularnie, ciesz\u0105c graczy nowymi mo\u017cliwo\u015bciami i korzystniejszymi ofertami.  <\/p>\n\n<h2 class=\"wp-block-heading\">Referencje<\/h2>\n\n<p>Oto kilka opinii u\u017cytkownik\u00f3w:<\/p>\n\n<p><\/p>\n","protected":false},"excerpt":{"rendered":"<p>Wirtuozerskie loty, hazardowe chwile i bezkresna przestrze\u0144 spotykaj\u0105 si\u0119 w ekscytuj\u0105cej przygodzie o nazwie Lucky Jet 1win. Ta ekscytuj\u0105ca gra 1win przenosi graczy do wyj\u0105tkowego \u015bwiata emocji i przyg\u00f3d, w kt\u00f3rym ka\u017cdy manewr mo\u017ce okaza\u0107 si\u0119 kluczem do zwyci\u0119stwa. Lucky Jet 1win to nie tylko gra na Androida, to okazja, aby zanurzy\u0107 si\u0119 w ekscytuj\u0105cym [&hellip;]<\/p>\n","protected":false},"author":2,"featured_media":0,"parent":0,"menu_order":0,"comment_status":"open","ping_status":"closed","template":"","meta":{"footnotes":""},"yoast_head":"<!-- This site is optimized with the Yoast SEO plugin v21.7 - https:\/\/yoast.com\/wordpress\/plugins\/seo\/ -->\n<title>Gra Lucky Jet w kasynie 1win do pobrania<\/title>\n<meta name=\"description\" content=\"Recenzja popularnej na ca\u0142ym \u015bwiecie gry Lucky Jet w 1win Casino, kt\u00f3ra daje realn\u0105 szans\u0119 na zarobienie dobrych pieni\u0119dzy. Zapoznaj si\u0119 z kluczowymi funkcjami, korzy\u015bciami i zasadami gry. Uruchom j\u0105 i ruszaj po wygran\u0105!\" \/>\n<meta name=\"robots\" content=\"index, follow, max-snippet:-1, max-image-preview:large, max-video-preview:-1\" \/>\n<link rel=\"canonical\" href=\"https:\/\/aviator-crash.org\/pl\/lucky-jet-1win-download\/\" \/>\n<meta property=\"og:locale\" content=\"pl_PL\" \/>\n<meta property=\"og:type\" content=\"article\" \/>\n<meta property=\"og:title\" content=\"Gra Lucky Jet w kasynie 1win do pobrania\" \/>\n<meta property=\"og:description\" content=\"Recenzja popularnej na ca\u0142ym \u015bwiecie gry Lucky Jet w 1win Casino, kt\u00f3ra daje realn\u0105 szans\u0119 na zarobienie dobrych pieni\u0119dzy. Zapoznaj si\u0119 z kluczowymi funkcjami, korzy\u015bciami i zasadami gry. Uruchom j\u0105 i ruszaj po wygran\u0105!\" \/>\n<meta property=\"og:url\" content=\"https:\/\/aviator-crash.org\/pl\/lucky-jet-1win-download\/\" \/>\n<meta property=\"article:modified_time\" content=\"2024-02-02T20:21:25+00:00\" \/>\n<meta property=\"og:image\" content=\"https:\/\/aviator-crash.org\/wp-content\/uploads\/2024\/01\/lucky_jet_game-casino_yl6vvw.webp\" \/>\n<meta name=\"twitter:card\" content=\"summary_large_image\" \/>\n<meta name=\"twitter:label1\" content=\"Est. reading time\" \/>\n\t<meta name=\"twitter:data1\" content=\"4 minuty\" \/>\n<script type=\"application\/ld+json\" class=\"yoast-schema-graph\">{\"@context\":\"https:\/\/schema.org\",\"@graph\":[{\"@type\":\"WebPage\",\"@id\":\"https:\/\/aviator-crash.org\/pl\/lucky-jet-1win-download\/\",\"url\":\"https:\/\/aviator-crash.org\/pl\/lucky-jet-1win-download\/\",\"name\":\"Gra Lucky Jet w kasynie 1win do pobrania\",\"isPartOf\":{\"@id\":\"https:\/\/aviator-crash.org\/pl\/#website\"},\"datePublished\":\"2023-12-27T19:26:44+00:00\",\"dateModified\":\"2024-02-02T20:21:25+00:00\",\"description\":\"Recenzja popularnej na ca\u0142ym \u015bwiecie gry Lucky Jet w 1win Casino, kt\u00f3ra daje realn\u0105 szans\u0119 na zarobienie dobrych pieni\u0119dzy. Zapoznaj si\u0119 z kluczowymi funkcjami, korzy\u015bciami i zasadami gry. Uruchom j\u0105 i ruszaj po wygran\u0105!\",\"breadcrumb\":{\"@id\":\"https:\/\/aviator-crash.org\/pl\/lucky-jet-1win-download\/#breadcrumb\"},\"inLanguage\":\"pl-PL\",\"potentialAction\":[{\"@type\":\"ReadAction\",\"target\":[\"https:\/\/aviator-crash.org\/pl\/lucky-jet-1win-download\/\"]}]},{\"@type\":\"BreadcrumbList\",\"@id\":\"https:\/\/aviator-crash.org\/pl\/lucky-jet-1win-download\/#breadcrumb\",\"itemListElement\":[{\"@type\":\"ListItem\",\"position\":1,\"name\":\"Home\",\"item\":\"https:\/\/aviator-crash.org\/pl\/aviator-gra-online-za-prawdziwe-pieniadze\/\"},{\"@type\":\"ListItem\",\"position\":2,\"name\":\"Lucky Jet 1win download\"}]},{\"@type\":\"WebSite\",\"@id\":\"https:\/\/aviator-crash.org\/pl\/#website\",\"url\":\"https:\/\/aviator-crash.org\/pl\/\",\"name\":\"\",\"description\":\"\",\"potentialAction\":[{\"@type\":\"SearchAction\",\"target\":{\"@type\":\"EntryPoint\",\"urlTemplate\":\"https:\/\/aviator-crash.org\/pl\/?s={search_term_string}\"},\"query-input\":\"required name=search_term_string\"}],\"inLanguage\":\"pl-PL\"}]}<\/script>\n<!-- \/ Yoast SEO plugin. -->","yoast_head_json":{"title":"Gra Lucky Jet w kasynie 1win do pobrania","description":"Recenzja popularnej na ca\u0142ym \u015bwiecie gry Lucky Jet w 1win Casino, kt\u00f3ra daje realn\u0105 szans\u0119 na zarobienie dobrych pieni\u0119dzy. Zapoznaj si\u0119 z kluczowymi funkcjami, korzy\u015bciami i zasadami gry. Uruchom j\u0105 i ruszaj po wygran\u0105!","robots":{"index":"index","follow":"follow","max-snippet":"max-snippet:-1","max-image-preview":"max-image-preview:large","max-video-preview":"max-video-preview:-1"},"canonical":"https:\/\/aviator-crash.org\/pl\/lucky-jet-1win-download\/","og_locale":"pl_PL","og_type":"article","og_title":"Gra Lucky Jet w kasynie 1win do pobrania","og_description":"Recenzja popularnej na ca\u0142ym \u015bwiecie gry Lucky Jet w 1win Casino, kt\u00f3ra daje realn\u0105 szans\u0119 na zarobienie dobrych pieni\u0119dzy. Zapoznaj si\u0119 z kluczowymi funkcjami, korzy\u015bciami i zasadami gry. Uruchom j\u0105 i ruszaj po wygran\u0105!","og_url":"https:\/\/aviator-crash.org\/pl\/lucky-jet-1win-download\/","article_modified_time":"2024-02-02T20:21:25+00:00","og_image":[{"url":"https:\/\/aviator-crash.org\/wp-content\/uploads\/2024\/01\/lucky_jet_game-casino_yl6vvw.webp"}],"twitter_card":"summary_large_image","twitter_misc":{"Est. reading time":"4 minuty"},"schema":{"@context":"https:\/\/schema.org","@graph":[{"@type":"WebPage","@id":"https:\/\/aviator-crash.org\/pl\/lucky-jet-1win-download\/","url":"https:\/\/aviator-crash.org\/pl\/lucky-jet-1win-download\/","name":"Gra Lucky Jet w kasynie 1win do pobrania","isPartOf":{"@id":"https:\/\/aviator-crash.org\/pl\/#website"},"datePublished":"2023-12-27T19:26:44+00:00","dateModified":"2024-02-02T20:21:25+00:00","description":"Recenzja popularnej na ca\u0142ym \u015bwiecie gry Lucky Jet w 1win Casino, kt\u00f3ra daje realn\u0105 szans\u0119 na zarobienie dobrych pieni\u0119dzy. Zapoznaj si\u0119 z kluczowymi funkcjami, korzy\u015bciami i zasadami gry. Uruchom j\u0105 i ruszaj po wygran\u0105!","breadcrumb":{"@id":"https:\/\/aviator-crash.org\/pl\/lucky-jet-1win-download\/#breadcrumb"},"inLanguage":"pl-PL","potentialAction":[{"@type":"ReadAction","target":["https:\/\/aviator-crash.org\/pl\/lucky-jet-1win-download\/"]}]},{"@type":"BreadcrumbList","@id":"https:\/\/aviator-crash.org\/pl\/lucky-jet-1win-download\/#breadcrumb","itemListElement":[{"@type":"ListItem","position":1,"name":"Home","item":"https:\/\/aviator-crash.org\/pl\/aviator-gra-online-za-prawdziwe-pieniadze\/"},{"@type":"ListItem","position":2,"name":"Lucky Jet 1win download"}]},{"@type":"WebSite","@id":"https:\/\/aviator-crash.org\/pl\/#website","url":"https:\/\/aviator-crash.org\/pl\/","name":"","description":"","potentialAction":[{"@type":"SearchAction","target":{"@type":"EntryPoint","urlTemplate":"https:\/\/aviator-crash.org\/pl\/?s={search_term_string}"},"query-input":"required name=search_term_string"}],"inLanguage":"pl-PL"}]}},"_links":{"self":[{"href":"https:\/\/aviator-crash.org\/pl\/wp-json\/wp\/v2\/pages\/3686"}],"collection":[{"href":"https:\/\/aviator-crash.org\/pl\/wp-json\/wp\/v2\/pages"}],"about":[{"href":"https:\/\/aviator-crash.org\/pl\/wp-json\/wp\/v2\/types\/page"}],"author":[{"embeddable":true,"href":"https:\/\/aviator-crash.org\/pl\/wp-json\/wp\/v2\/users\/2"}],"replies":[{"embeddable":true,"href":"https:\/\/aviator-crash.org\/pl\/wp-json\/wp\/v2\/comments?post=3686"}],"version-history":[{"count":1,"href":"https:\/\/aviator-crash.org\/pl\/wp-json\/wp\/v2\/pages\/3686\/revisions"}],"predecessor-version":[{"id":3688,"href":"https:\/\/aviator-crash.org\/pl\/wp-json\/wp\/v2\/pages\/3686\/revisions\/3688"}],"wp:attachment":[{"href":"https:\/\/aviator-crash.org\/pl\/wp-json\/wp\/v2\/media?parent=3686"}],"curies":[{"name":"wp","href":"https:\/\/api.w.org\/{rel}","templated":true}]}}