{"id":3734,"date":"2023-12-27T19:33:16","date_gmt":"2023-12-27T19:33:16","guid":{"rendered":"https:\/\/aviator-crash.org\/jet-x\/"},"modified":"2024-02-02T20:25:27","modified_gmt":"2024-02-02T20:25:27","slug":"jet-x","status":"publish","type":"page","link":"https:\/\/aviator-crash.org\/pl\/jet-x\/","title":{"rendered":"Jet X"},"content":{"rendered":"\n<figure class=\"wp-block-gallery has-nested-images columns-default is-cropped wp-block-gallery-1 is-layout-flex wp-block-gallery-is-layout-flex\">\n<figure class=\"wp-block-image size-large\"><span itemprop=\"image\" itemscope itemtype=\"https:\/\/schema.org\/ImageObject\"><img itemprop=\"url image\" loading=\"lazy\" decoding=\"async\" width=\"1024\" height=\"576\" data-id=\"475\" src=\"https:\/\/aviator-crash.org\/wp-content\/uploads\/2024\/01\/how-to-play-jet-x-game-on-my-cell-phone-1200x675-1-1024x576-1.webp\" alt=\"\" class=\"wp-image-475\" srcset=\"https:\/\/aviator-crash.org\/wp-content\/uploads\/2024\/01\/how-to-play-jet-x-game-on-my-cell-phone-1200x675-1-1024x576-1.webp 1024w, https:\/\/aviator-crash.org\/wp-content\/uploads\/2024\/01\/how-to-play-jet-x-game-on-my-cell-phone-1200x675-1-1024x576-1-300x169.webp 300w, https:\/\/aviator-crash.org\/wp-content\/uploads\/2024\/01\/how-to-play-jet-x-game-on-my-cell-phone-1200x675-1-1024x576-1-768x432.webp 768w\" sizes=\"(max-width: 1024px) 100vw, 1024px\" \/><meta itemprop=\"width\" content=\"1024\"><meta itemprop=\"height\" content=\"576\"><\/span><\/figure>\n<\/figure>\n\n<p>Witamy w przysz\u0142o\u015bci wy\u015bcig\u00f3w adrenalinowych, w \u015bwiecie gry Jet X, kt\u00f3r\u0105 mo\u017cna pobra\u0107 za darmo!\nTo ekscytuj\u0105ca zr\u0119czno\u015bciowa oficjalna przygoda na Androida, w kt\u00f3rej pr\u0119dko\u015b\u0107, wysoko\u015b\u0107 i niesamowite akrobacje \u0142\u0105cz\u0105 si\u0119 w jeden pot\u0119\u017cny strumie\u0144.\nWejd\u017a do kokpitu zaawansowanej maszyny lataj\u0105cej i przygotuj si\u0119 na po\u015bcig, kt\u00f3ry przekroczy wszelkie twoje oczekiwania.\nNie zapomnij o strategii Jet X!   <\/p>\n\n<p>Aplikacj\u0119 mo\u017cna \u0142atwo pobra\u0107 ze strony internetowej X Win &#8211; firmy bukmacherskiej, kt\u00f3ra jest uwa\u017cana za jedn\u0105 z najpopularniejszych.\nUtw\u00f3rz konto osobiste, uruchom gr\u0119 i wkr\u00f3tce zacznij si\u0119 \u015bciga\u0107. <\/p>\n\n<h2 class=\"wp-block-heading\">Zalety gry online Jet X<\/h2>\n\n<p>Gra online Jet X ma kilka zalet, kt\u00f3re czyni\u0105 j\u0105 atrakcyjn\u0105 dla fan\u00f3w zr\u0119czno\u015bciowych wy\u015bcig\u00f3w i przysz\u0142ej adrenaliny:<\/p>\n\n<ul>\n<li>Pr\u0119dko\u015b\u0107 i dynamika.\nGra oferuje szybkie wy\u015bcigi, w kt\u00f3rych liczy si\u0119 ka\u017cda sekunda.\nDzi\u0119ki dynamicznej rozgrywce i swobodzie poruszania si\u0119 w tr\u00f3jwymiarowej przestrzeni, gracze X Jet naprawd\u0119 czuj\u0105 adrenalin\u0119 szybkich wy\u015bcig\u00f3w.  <\/li>\n\n\n\n<li>Unikalne maszyny lataj\u0105ce.\nGracze mog\u0105 wybiera\u0107 spo\u015br\u00f3d r\u00f3\u017cnorodnych i innowacyjnych maszyn lataj\u0105cych o unikalnych cechach. <\/li>\n\n\n\n<li>Dost\u0119pno\u015b\u0107 trybu multiplayer.\nMo\u017cliwo\u015b\u0107 rywalizacji z innymi graczami online dodaje element rywalizacji i interakcji spo\u0142ecznej.\nMo\u017cesz pobra\u0107 Jet X i cieszy\u0107 si\u0119 gr\u0105 ze znajomymi.  <\/li>\n\n\n\n<li>Ulepszanie urz\u0105dze\u0144.\nGracze mog\u0105 personalizowa\u0107 i ulepsza\u0107 swoje maszyny lataj\u0105ce, dostosowuj\u0105c je do swojego stylu wy\u015bcigowego.\nTworzy to spersonalizowane do\u015bwiadczenie dla ka\u017cdego gracza i pozwala mu ulepsza\u0107 swoje maszyny w miar\u0119 post\u0119p\u00f3w.  <\/li>\n\n\n\n<li>Regularne aktualizacje.\nDeweloperzy stale aktualizuj\u0105 Jet X, dodaj\u0105c nowe tory, jednostki, tryby i funkcje. <\/li>\n<\/ul>\n\n<p>Te zalety sprawiaj\u0105, \u017ce gra Jet X jest atrakcyjna dla tych, kt\u00f3rzy ceni\u0105 sobie dynamiczne wy\u015bcigi, innowacje w projektowaniu samolot\u00f3w i ducha rywalizacji w grach online.<\/p>\n\n<h2 class=\"wp-block-heading\">Jak gra\u0107 w Jet X<\/h2>\n\n<p>Gra Jet X zapewnia ekscytuj\u0105ce wra\u017cenia z szybkich wy\u015bcig\u00f3w w przysz\u0142o\u015bci.\nOto og\u00f3lne wskaz\u00f3wki, jak zacz\u0105\u0107 gra\u0107 w Jet X: <\/p>\n\n<ol>\n<li>Najpierw zainstaluj gr\u0119 na swoim urz\u0105dzeniu zgodnie z instrukcjami dla danej platformy (PC, konsola, urz\u0105dzenie mobilne).\nUruchom gr\u0119 i poczekaj na zako\u0144czenie procesu pobierania. <\/li>\n\n\n\n<li>Po uruchomieniu gry zostaniesz poproszony o wybranie swojej pierwszej maszyny lataj\u0105cej.\nR\u00f3\u017cne pojazdy mog\u0105 mie\u0107 r\u00f3\u017cne cechy i mo\u017cliwo\u015bci, wi\u0119c mo\u017cesz eksperymentowa\u0107 i gra\u0107 w Jet X. <\/li>\n\n\n\n<li>Zapoznaj si\u0119 ze sterowaniem swoj\u0105 maszyn\u0105 lataj\u0105c\u0105.\nZazwyczaj wymaga to u\u017cycia klawiszy, joystick\u00f3w lub ekranu dotykowego, w zale\u017cno\u015bci od platformy. <\/li>\n\n\n\n<li>Jet X oferuje r\u00f3\u017cne tryby gry, takie jak kampania, bitwy wieloosobowe.<\/li>\n\n\n\n<li>Wybierz tor i rozpocznij wy\u015bcig.\nZwr\u00f3\u0107 uwag\u0119 na cele i zadania ka\u017cdego wy\u015bcigu, poniewa\u017c mog\u0105 si\u0119 one r\u00f3\u017cni\u0107 w zale\u017cno\u015bci od trybu gry.\nProgram Jet X mo\u017ce si\u0119 r\u00f3\u017cni\u0107 w zale\u017cno\u015bci od poziomu.  <\/li>\n\n\n\n<li>Wykorzystaj mo\u017cliwo\u015bci swojej lataj\u0105cej maszyny do walki z przeciwnikami i wykonywania akrobacji.\nW niekt\u00f3rych trybach gry mo\u017ce to przynie\u015b\u0107 dodatkowe bonusy lub przyspieszenie. <\/li>\n\n\n\n<li>Po uko\u0144czeniu wy\u015bcig\u00f3w i bitew zdobywaj zasoby w grze lub walut\u0119, aby ulepsza\u0107 i dostosowywa\u0107 swoj\u0105 lataj\u0105c\u0105 maszyn\u0119.<\/li>\n\n\n\n<li>Wypatruj aktualizacji gry, poniewa\u017c tw\u00f3rcy mog\u0105 dodawa\u0107 nowe tory, pojazdy i tryby.<\/li>\n<\/ol>\n\n<p>Konkretne warunki i zasady mog\u0105 si\u0119 r\u00f3\u017cni\u0107 w zale\u017cno\u015bci od wersji.\nZapoznaj si\u0119 z recenzjami i rekomendacjami Jet X, kt\u00f3re pozwol\u0105 ci szybko zrozumie\u0107 istot\u0119 gry i rozpocz\u0105\u0107 rozgrywk\u0119. <\/p>\n\n<h2 class=\"wp-block-heading\">Jak wygra\u0107 w Jet X?<\/h2>\n\n<p>Aby z powodzeniem gra\u0107 w Jet X, wa\u017cne jest rozwijanie umiej\u0119tno\u015bci i stosowanie strategii w celu wygrywania wy\u015bcig\u00f3w i bitew.\nOto kilka wskaz\u00f3wek, kt\u00f3re pomog\u0105 ci odnie\u015b\u0107 sukces w grze.\nPrzede wszystkim opanuj sterowanie swoj\u0105 maszyn\u0105 lataj\u0105c\u0105.\nZrozumienie ka\u017cdego ruchu i manewru pozwoli ci skuteczniej sterowa\u0107 w r\u00f3\u017cnych sytuacjach.\nEksploruj tory i wykorzystuj otoczenie na swoj\u0105 korzy\u015b\u0107.    <\/p>\n\n<p>Kolejn\u0105 sprawdzon\u0105 wskaz\u00f3wk\u0105 jest korzystanie z kod\u00f3w promocyjnych Jet X. Oferuj\u0105 one korzystne warunki i mo\u017cliwo\u015b\u0107 zdobycia dodatkowych punkt\u00f3w.\nKody promocyjne mo\u017cna znale\u017a\u0107 na wyspecjalizowanych stronach z grami lub w okre\u015blonej sekcji na X Win. <\/p>\n\n<p>Strategia Jet X to kolejny wa\u017cny punkt, na kt\u00f3ry nale\u017cy zwr\u00f3ci\u0107 uwag\u0119.\nW przypadku bitew nale\u017cy aktywnie korzysta\u0107 z broni i obrony.\nSkuteczna interakcja z wrogami mo\u017ce znacznie zwi\u0119kszy\u0107 twoje szanse na zwyci\u0119stwo.  <\/p>\n\n<p>Podczas wy\u015bcig\u00f3w i bitew nie zapomnij wykonywa\u0107 akrobacji.\nMog\u0105 one przynie\u015b\u0107 dodatkowe premie i przyspieszenia.\nNie zapomnij o bonusach i m\u0105drze postawionych zak\u0142adach.\nW systemie obliczania kurs\u00f3w Jet X mo\u017cesz obliczy\u0107 wszystkie ryzyka i dokona\u0107 w\u0142a\u015bciwego zak\u0142adu.\nAktywnie korzystaj z mo\u017cliwo\u015bci ulepszania swojej maszyny lataj\u0105cej.\nDok\u0142adnie przestudiuj tory i zaplanuj trajektori\u0119 z wyprzedzeniem.\nOptymalny wyb\u00f3r \u015bcie\u017cki i kontrola pr\u0119dko\u015bci pomog\u0105 ci wyprzedzi\u0107 rywali.      <\/p>\n\n<p>Obserwuj poczynania przeciwnik\u00f3w i dostosowuj si\u0119 do zmieniaj\u0105cych si\u0119 warunk\u00f3w na torze.\nElastyczno\u015b\u0107 i zdolno\u015b\u0107 adaptacji mog\u0105 by\u0107 kluczem do sukcesu w szybkich wy\u015bcigach.\nJe\u015bli gra lub demo Jet X oferuje gr\u0119 zespo\u0142ow\u0105, aktywnie komunikuj si\u0119 ze swoim zespo\u0142em.  <\/p>\n\n<p>Gra Jet X daje ci pole do kreatywno\u015bci i podejmowania taktycznych decyzji.\nDostosuj si\u0119 do warunk\u00f3w, poznaj system kurs\u00f3w Jet X i ciesz si\u0119 szybkimi i ekscytuj\u0105cymi wy\u015bcigami w przysz\u0142o\u015bci! <\/p>\n\n<h2 class=\"wp-block-heading\">Zasady gry Jet X<\/h2>\n\n<p>G\u0142\u00f3wny cel zale\u017cy od trybu gry.\nMo\u017ce to by\u0107 uko\u0144czenie toru w jak najkr\u00f3tszym czasie, wygrywanie bitew z przeciwnikami, wykonywanie akrobacji lub osi\u0105ganie okre\u015blonych wynik\u00f3w w trybie wieloosobowym.\nGra zazwyczaj oferuje r\u00f3\u017cnorodne tory i poziomy, z kt\u00f3rych ka\u017cdy stanowi unikalne wyzwanie.\nZe wszystkimi mo\u017cna zapozna\u0107 si\u0119 na stronie internetowej Jet X. Gracze mog\u0105 podkr\u0119ca\u0107 swoje maszyny lataj\u0105ce, aby skuteczniej pokonywa\u0107 trasy na wy\u017cszych poziomach.   <\/p>\n\n<p>Gracze steruj\u0105 lataj\u0105cymi pojazdami za pomoc\u0105 klawiatury, joysticka, gamepada lub ekranu dotykowego, w zale\u017cno\u015bci od platformy.\nSterowanie obejmuje zmian\u0119 kierunku, dostosowanie pr\u0119dko\u015bci i wykonywanie akrobacji.\nWykonywanie akrobacji mo\u017ce przynie\u015b\u0107 bonusy, takie jak przyspieszenie lub dodatkowe punkty.  <\/p>\n\n<p>W niekt\u00f3rych trybach gry gracze mog\u0105 walczy\u0107 z przeciwnikami za pomoc\u0105 broni na swoich pojazdach.\nBro\u0144 mo\u017ce obejmowa\u0107 pociski, lasery i inne \u015brodki ataku lub obrony.\nSprawd\u017a strategi\u0119 i recenzje Jet X przed rozpocz\u0119ciem gry.  <\/p>\n\n<h2 class=\"wp-block-heading\">Kody promocyjne<\/h2>\n\n<p>Kody promocyjne s\u0105 zazwyczaj dostarczane przez tw\u00f3rc\u00f3w gry lub platform\u0119, na kt\u00f3rej jest ona dystrybuowana.\nS\u0105 to specjalne bonusy lub \u017cetony dla graczy zwi\u0119kszaj\u0105ce ich szanse na wygran\u0105.\nKody promocyjne mo\u017cna znale\u017a\u0107 w kilku \u017ar\u00f3d\u0142ach:  <\/p>\n\n<ul>\n<li>Oficjalna strona internetowa.<\/li>\n\n\n\n<li>Media spo\u0142eczno\u015bciowe.<\/li>\n\n\n\n<li>Fora i spo\u0142eczno\u015bci.<\/li>\n\n\n\n<li>Biuletyny informacyjne.<\/li>\n\n\n\n<li>Partnerzy i sponsorzy.<\/li>\n<\/ul>\n\n<h2 class=\"wp-block-heading\">Referencje<\/h2>\n\n<p>Oto kilka opinii u\u017cytkownik\u00f3w na temat tej popularnej gry:<\/p>\n","protected":false},"excerpt":{"rendered":"<p>Witamy w przysz\u0142o\u015bci wy\u015bcig\u00f3w adrenalinowych, w \u015bwiecie gry Jet X, kt\u00f3r\u0105 mo\u017cna pobra\u0107 za darmo! To ekscytuj\u0105ca zr\u0119czno\u015bciowa oficjalna przygoda na Androida, w kt\u00f3rej pr\u0119dko\u015b\u0107, wysoko\u015b\u0107 i niesamowite akrobacje \u0142\u0105cz\u0105 si\u0119 w jeden pot\u0119\u017cny strumie\u0144. Wejd\u017a do kokpitu zaawansowanej maszyny lataj\u0105cej i przygotuj si\u0119 na po\u015bcig, kt\u00f3ry przekroczy wszelkie twoje oczekiwania. Nie zapomnij o strategii [&hellip;]<\/p>\n","protected":false},"author":2,"featured_media":0,"parent":0,"menu_order":0,"comment_status":"open","ping_status":"closed","template":"","meta":{"footnotes":""},"yoast_head":"<!-- This site is optimized with the Yoast SEO plugin v21.7 - https:\/\/yoast.com\/wordpress\/plugins\/seo\/ -->\n<title>Jet X gra kasynowa, pobierz<\/title>\n<meta name=\"description\" content=\"Zanurz si\u0119 w ekscytuj\u0105cym \u015bwiecie szybkich wy\u015bcig\u00f3w dzi\u0119ki Jet X, wyj\u0105tkowej i ekscytuj\u0105cej grze zr\u0119czno\u015bciowej przysz\u0142o\u015bci. Przeczytaj uwa\u017cnie zasady i szybko zasi\u0105d\u017a za kierownic\u0105. Czekaj\u0105 na ciebie ciekawe przygody i dobra zabawa.\" \/>\n<meta name=\"robots\" content=\"index, follow, max-snippet:-1, max-image-preview:large, max-video-preview:-1\" \/>\n<link rel=\"canonical\" href=\"https:\/\/aviator-crash.org\/pl\/jet-x\/\" \/>\n<meta property=\"og:locale\" content=\"pl_PL\" \/>\n<meta property=\"og:type\" content=\"article\" \/>\n<meta property=\"og:title\" content=\"Jet X gra kasynowa, pobierz\" \/>\n<meta property=\"og:description\" content=\"Zanurz si\u0119 w ekscytuj\u0105cym \u015bwiecie szybkich wy\u015bcig\u00f3w dzi\u0119ki Jet X, wyj\u0105tkowej i ekscytuj\u0105cej grze zr\u0119czno\u015bciowej przysz\u0142o\u015bci. Przeczytaj uwa\u017cnie zasady i szybko zasi\u0105d\u017a za kierownic\u0105. Czekaj\u0105 na ciebie ciekawe przygody i dobra zabawa.\" \/>\n<meta property=\"og:url\" content=\"https:\/\/aviator-crash.org\/pl\/jet-x\/\" \/>\n<meta property=\"article:modified_time\" content=\"2024-02-02T20:25:27+00:00\" \/>\n<meta property=\"og:image\" content=\"https:\/\/aviator-crash.org\/wp-content\/uploads\/2024\/01\/how-to-play-jet-x-game-on-my-cell-phone-1200x675-1-1024x576-1.webp\" \/>\n<meta name=\"twitter:card\" content=\"summary_large_image\" \/>\n<meta name=\"twitter:label1\" content=\"Est. reading time\" \/>\n\t<meta name=\"twitter:data1\" content=\"6 minut\" \/>\n<script type=\"application\/ld+json\" class=\"yoast-schema-graph\">{\"@context\":\"https:\/\/schema.org\",\"@graph\":[{\"@type\":\"WebPage\",\"@id\":\"https:\/\/aviator-crash.org\/pl\/jet-x\/\",\"url\":\"https:\/\/aviator-crash.org\/pl\/jet-x\/\",\"name\":\"Jet X gra kasynowa, pobierz\",\"isPartOf\":{\"@id\":\"https:\/\/aviator-crash.org\/pl\/#website\"},\"datePublished\":\"2023-12-27T19:33:16+00:00\",\"dateModified\":\"2024-02-02T20:25:27+00:00\",\"description\":\"Zanurz si\u0119 w ekscytuj\u0105cym \u015bwiecie szybkich wy\u015bcig\u00f3w dzi\u0119ki Jet X, wyj\u0105tkowej i ekscytuj\u0105cej grze zr\u0119czno\u015bciowej przysz\u0142o\u015bci. Przeczytaj uwa\u017cnie zasady i szybko zasi\u0105d\u017a za kierownic\u0105. Czekaj\u0105 na ciebie ciekawe przygody i dobra zabawa.\",\"breadcrumb\":{\"@id\":\"https:\/\/aviator-crash.org\/pl\/jet-x\/#breadcrumb\"},\"inLanguage\":\"pl-PL\",\"potentialAction\":[{\"@type\":\"ReadAction\",\"target\":[\"https:\/\/aviator-crash.org\/pl\/jet-x\/\"]}]},{\"@type\":\"BreadcrumbList\",\"@id\":\"https:\/\/aviator-crash.org\/pl\/jet-x\/#breadcrumb\",\"itemListElement\":[{\"@type\":\"ListItem\",\"position\":1,\"name\":\"Home\",\"item\":\"https:\/\/aviator-crash.org\/pl\/aviator-gra-online-za-prawdziwe-pieniadze\/\"},{\"@type\":\"ListItem\",\"position\":2,\"name\":\"Jet X\"}]},{\"@type\":\"WebSite\",\"@id\":\"https:\/\/aviator-crash.org\/pl\/#website\",\"url\":\"https:\/\/aviator-crash.org\/pl\/\",\"name\":\"\",\"description\":\"\",\"potentialAction\":[{\"@type\":\"SearchAction\",\"target\":{\"@type\":\"EntryPoint\",\"urlTemplate\":\"https:\/\/aviator-crash.org\/pl\/?s={search_term_string}\"},\"query-input\":\"required name=search_term_string\"}],\"inLanguage\":\"pl-PL\"}]}<\/script>\n<!-- \/ Yoast SEO plugin. -->","yoast_head_json":{"title":"Jet X gra kasynowa, pobierz","description":"Zanurz si\u0119 w ekscytuj\u0105cym \u015bwiecie szybkich wy\u015bcig\u00f3w dzi\u0119ki Jet X, wyj\u0105tkowej i ekscytuj\u0105cej grze zr\u0119czno\u015bciowej przysz\u0142o\u015bci. Przeczytaj uwa\u017cnie zasady i szybko zasi\u0105d\u017a za kierownic\u0105. Czekaj\u0105 na ciebie ciekawe przygody i dobra zabawa.","robots":{"index":"index","follow":"follow","max-snippet":"max-snippet:-1","max-image-preview":"max-image-preview:large","max-video-preview":"max-video-preview:-1"},"canonical":"https:\/\/aviator-crash.org\/pl\/jet-x\/","og_locale":"pl_PL","og_type":"article","og_title":"Jet X gra kasynowa, pobierz","og_description":"Zanurz si\u0119 w ekscytuj\u0105cym \u015bwiecie szybkich wy\u015bcig\u00f3w dzi\u0119ki Jet X, wyj\u0105tkowej i ekscytuj\u0105cej grze zr\u0119czno\u015bciowej przysz\u0142o\u015bci. Przeczytaj uwa\u017cnie zasady i szybko zasi\u0105d\u017a za kierownic\u0105. Czekaj\u0105 na ciebie ciekawe przygody i dobra zabawa.","og_url":"https:\/\/aviator-crash.org\/pl\/jet-x\/","article_modified_time":"2024-02-02T20:25:27+00:00","og_image":[{"url":"https:\/\/aviator-crash.org\/wp-content\/uploads\/2024\/01\/how-to-play-jet-x-game-on-my-cell-phone-1200x675-1-1024x576-1.webp"}],"twitter_card":"summary_large_image","twitter_misc":{"Est. reading time":"6 minut"},"schema":{"@context":"https:\/\/schema.org","@graph":[{"@type":"WebPage","@id":"https:\/\/aviator-crash.org\/pl\/jet-x\/","url":"https:\/\/aviator-crash.org\/pl\/jet-x\/","name":"Jet X gra kasynowa, pobierz","isPartOf":{"@id":"https:\/\/aviator-crash.org\/pl\/#website"},"datePublished":"2023-12-27T19:33:16+00:00","dateModified":"2024-02-02T20:25:27+00:00","description":"Zanurz si\u0119 w ekscytuj\u0105cym \u015bwiecie szybkich wy\u015bcig\u00f3w dzi\u0119ki Jet X, wyj\u0105tkowej i ekscytuj\u0105cej grze zr\u0119czno\u015bciowej przysz\u0142o\u015bci. Przeczytaj uwa\u017cnie zasady i szybko zasi\u0105d\u017a za kierownic\u0105. Czekaj\u0105 na ciebie ciekawe przygody i dobra zabawa.","breadcrumb":{"@id":"https:\/\/aviator-crash.org\/pl\/jet-x\/#breadcrumb"},"inLanguage":"pl-PL","potentialAction":[{"@type":"ReadAction","target":["https:\/\/aviator-crash.org\/pl\/jet-x\/"]}]},{"@type":"BreadcrumbList","@id":"https:\/\/aviator-crash.org\/pl\/jet-x\/#breadcrumb","itemListElement":[{"@type":"ListItem","position":1,"name":"Home","item":"https:\/\/aviator-crash.org\/pl\/aviator-gra-online-za-prawdziwe-pieniadze\/"},{"@type":"ListItem","position":2,"name":"Jet X"}]},{"@type":"WebSite","@id":"https:\/\/aviator-crash.org\/pl\/#website","url":"https:\/\/aviator-crash.org\/pl\/","name":"","description":"","potentialAction":[{"@type":"SearchAction","target":{"@type":"EntryPoint","urlTemplate":"https:\/\/aviator-crash.org\/pl\/?s={search_term_string}"},"query-input":"required name=search_term_string"}],"inLanguage":"pl-PL"}]}},"_links":{"self":[{"href":"https:\/\/aviator-crash.org\/pl\/wp-json\/wp\/v2\/pages\/3734"}],"collection":[{"href":"https:\/\/aviator-crash.org\/pl\/wp-json\/wp\/v2\/pages"}],"about":[{"href":"https:\/\/aviator-crash.org\/pl\/wp-json\/wp\/v2\/types\/page"}],"author":[{"embeddable":true,"href":"https:\/\/aviator-crash.org\/pl\/wp-json\/wp\/v2\/users\/2"}],"replies":[{"embeddable":true,"href":"https:\/\/aviator-crash.org\/pl\/wp-json\/wp\/v2\/comments?post=3734"}],"version-history":[{"count":1,"href":"https:\/\/aviator-crash.org\/pl\/wp-json\/wp\/v2\/pages\/3734\/revisions"}],"predecessor-version":[{"id":3736,"href":"https:\/\/aviator-crash.org\/pl\/wp-json\/wp\/v2\/pages\/3734\/revisions\/3736"}],"wp:attachment":[{"href":"https:\/\/aviator-crash.org\/pl\/wp-json\/wp\/v2\/media?parent=3734"}],"curies":[{"name":"wp","href":"https:\/\/api.w.org\/{rel}","templated":true}]}}