{"id":2467,"date":"2023-12-22T18:32:01","date_gmt":"2023-12-22T18:32:01","guid":{"rendered":"https:\/\/aviator-crash.org\/avaliacoes-do-jogo-aviator\/"},"modified":"2024-02-02T17:51:30","modified_gmt":"2024-02-02T17:51:30","slug":"avaliacoes-do-jogo-aviator","status":"publish","type":"page","link":"https:\/\/aviator-crash.org\/pt-br\/avaliacoes-do-jogo-aviator\/","title":{"rendered":"Avalia\u00e7\u00f5es do jogo Aviator"},"content":{"rendered":"\n<p>O Aviator \u00e9, de longe, um dos jogos on-line mais populares.\n\u00c9 por isso que, cada vez com mais frequ\u00eancia, aparecem nos mecanismos de busca solicita\u00e7\u00f5es de coment\u00e1rios sobre o jogo Aviator por dinheiro daqueles que j\u00e1 conseguiram experiment\u00e1-lo e descobrir qu\u00e3o reais s\u00e3o as chances de ganhar nele. <\/p>\n\n<h2 class=\"wp-block-heading\">Nossas opini\u00f5es sobre o jogo Aviator<\/h2>\n\n<p>O Aviator Crash Game \u00e9, sem d\u00favida, o melhor desenvolvimento da Spribe.\nEle \u00e9 \u00fanico, interessante, empolgante, capaz de provocar uma onda de sentimentos agrad\u00e1veis nos amantes da emo\u00e7\u00e3o.\nUma grande vantagem \u00e9 a natureza de curto prazo das rodadas &#8211; apenas alguns segundos de tens\u00e3o, e o jogador pode se tornar um vencedor, aumentando sua aposta (10, 20 e talvez 50 vezes).\nO principal \u00e9 conseguir sacar o dinheiro antes que o avi\u00e3o caia, mas voc\u00ea precisa fazer isso com o m\u00e1ximo de chances.   <\/p>\n\n<p>Esse jogo garante uma explos\u00e3o de emo\u00e7\u00f5es at\u00e9 mesmo para os f\u00e3s de jogos de azar mais sofisticados.\nPercebendo isso, essa m\u00e1quina \u00e9 oferecida por muitos cassinos on-line: 1win, Pin Up, 1Xbet.\nO ca\u00e7a-n\u00edquel tem gr\u00e1ficos de primeira linha, clareza e efeitos sonoros.\nTamb\u00e9m achamos esse jogo fascinante e, em nossa opini\u00e3o, ele definitivamente merece ser jogado.   <\/p>\n\n<h2 class=\"wp-block-heading\">Coment\u00e1rios do usu\u00e1rio sobre o jogo Aviator<\/h2>\n\n<p>H\u00e1 diversas an\u00e1lises do Aviator Crash Game feitas por jogadores reais na Internet.\nAlguns o admiram, outros o repreendem por causa da imprevisibilidade, dos riscos e da incapacidade de criar uma estrat\u00e9gia 100% vencedora.\nNo entanto, muitas vezes \u00e9 justamente essa a beleza do jogo.  <\/p>\n\n<p>Sugerimos que voc\u00ea tire suas pr\u00f3prias conclus\u00f5es.\nExperimente este jogo e compartilhe seus coment\u00e1rios deixando-os na avalia\u00e7\u00e3o abaixo. <\/p>\n","protected":false},"excerpt":{"rendered":"<p>O Aviator \u00e9, de longe, um dos jogos on-line mais populares. \u00c9 por isso que, cada vez com mais frequ\u00eancia, aparecem nos mecanismos de busca solicita\u00e7\u00f5es de coment\u00e1rios sobre o jogo Aviator por dinheiro daqueles que j\u00e1 conseguiram experiment\u00e1-lo e descobrir qu\u00e3o reais s\u00e3o as chances de ganhar nele. Nossas opini\u00f5es sobre o jogo Aviator [&hellip;]<\/p>\n","protected":false},"author":2,"featured_media":0,"parent":0,"menu_order":0,"comment_status":"closed","ping_status":"closed","template":"","meta":{"footnotes":""},"yoast_head":"<!-- This site is optimized with the Yoast SEO plugin v21.7 - https:\/\/yoast.com\/wordpress\/plugins\/seo\/ -->\n<title>Coment\u00e1rios de jogadores sobre o jogo Aviator<\/title>\n<meta name=\"description\" content=\"As resenhas sobre o jogo Aviator com jogadores reais permitir\u00e3o que voc\u00ea conhe\u00e7a todos os pr\u00f3s e contras do aparelho. As regras b\u00e1sicas da m\u00e1quina e as nuances do gerenciamento.\" \/>\n<meta name=\"robots\" content=\"index, follow, max-snippet:-1, max-image-preview:large, max-video-preview:-1\" \/>\n<link rel=\"canonical\" href=\"https:\/\/aviator-crash.org\/pt-br\/avaliacoes-do-jogo-aviator\/\" \/>\n<meta property=\"og:locale\" content=\"pt_BR\" \/>\n<meta property=\"og:type\" content=\"article\" \/>\n<meta property=\"og:title\" content=\"Coment\u00e1rios de jogadores sobre o jogo Aviator\" \/>\n<meta property=\"og:description\" content=\"As resenhas sobre o jogo Aviator com jogadores reais permitir\u00e3o que voc\u00ea conhe\u00e7a todos os pr\u00f3s e contras do aparelho. As regras b\u00e1sicas da m\u00e1quina e as nuances do gerenciamento.\" \/>\n<meta property=\"og:url\" content=\"https:\/\/aviator-crash.org\/pt-br\/avaliacoes-do-jogo-aviator\/\" \/>\n<meta property=\"article:modified_time\" content=\"2024-02-02T17:51:30+00:00\" \/>\n<meta name=\"twitter:card\" content=\"summary_large_image\" \/>\n<meta name=\"twitter:label1\" content=\"Est. reading time\" \/>\n\t<meta name=\"twitter:data1\" content=\"1 minuto\" \/>\n<script type=\"application\/ld+json\" class=\"yoast-schema-graph\">{\"@context\":\"https:\/\/schema.org\",\"@graph\":[{\"@type\":\"WebPage\",\"@id\":\"https:\/\/aviator-crash.org\/pt-br\/avaliacoes-do-jogo-aviator\/\",\"url\":\"https:\/\/aviator-crash.org\/pt-br\/avaliacoes-do-jogo-aviator\/\",\"name\":\"Coment\u00e1rios de jogadores sobre o jogo Aviator\",\"isPartOf\":{\"@id\":\"https:\/\/aviator-crash.org\/pt-br\/#website\"},\"datePublished\":\"2023-12-22T18:32:01+00:00\",\"dateModified\":\"2024-02-02T17:51:30+00:00\",\"description\":\"As resenhas sobre o jogo Aviator com jogadores reais permitir\u00e3o que voc\u00ea conhe\u00e7a todos os pr\u00f3s e contras do aparelho. As regras b\u00e1sicas da m\u00e1quina e as nuances do gerenciamento.\",\"breadcrumb\":{\"@id\":\"https:\/\/aviator-crash.org\/pt-br\/avaliacoes-do-jogo-aviator\/#breadcrumb\"},\"inLanguage\":\"pt-BR\",\"potentialAction\":[{\"@type\":\"ReadAction\",\"target\":[\"https:\/\/aviator-crash.org\/pt-br\/avaliacoes-do-jogo-aviator\/\"]}]},{\"@type\":\"BreadcrumbList\",\"@id\":\"https:\/\/aviator-crash.org\/pt-br\/avaliacoes-do-jogo-aviator\/#breadcrumb\",\"itemListElement\":[{\"@type\":\"ListItem\",\"position\":1,\"name\":\"Home\",\"item\":\"https:\/\/aviator-crash.org\/pt-br\/aviator-game-online-for-real-money\/\"},{\"@type\":\"ListItem\",\"position\":2,\"name\":\"Avalia\u00e7\u00f5es do jogo Aviator\"}]},{\"@type\":\"WebSite\",\"@id\":\"https:\/\/aviator-crash.org\/pt-br\/#website\",\"url\":\"https:\/\/aviator-crash.org\/pt-br\/\",\"name\":\"\",\"description\":\"\",\"potentialAction\":[{\"@type\":\"SearchAction\",\"target\":{\"@type\":\"EntryPoint\",\"urlTemplate\":\"https:\/\/aviator-crash.org\/pt-br\/?s={search_term_string}\"},\"query-input\":\"required name=search_term_string\"}],\"inLanguage\":\"pt-BR\"}]}<\/script>\n<!-- \/ Yoast SEO plugin. -->","yoast_head_json":{"title":"Coment\u00e1rios de jogadores sobre o jogo Aviator","description":"As resenhas sobre o jogo Aviator com jogadores reais permitir\u00e3o que voc\u00ea conhe\u00e7a todos os pr\u00f3s e contras do aparelho. As regras b\u00e1sicas da m\u00e1quina e as nuances do gerenciamento.","robots":{"index":"index","follow":"follow","max-snippet":"max-snippet:-1","max-image-preview":"max-image-preview:large","max-video-preview":"max-video-preview:-1"},"canonical":"https:\/\/aviator-crash.org\/pt-br\/avaliacoes-do-jogo-aviator\/","og_locale":"pt_BR","og_type":"article","og_title":"Coment\u00e1rios de jogadores sobre o jogo Aviator","og_description":"As resenhas sobre o jogo Aviator com jogadores reais permitir\u00e3o que voc\u00ea conhe\u00e7a todos os pr\u00f3s e contras do aparelho. As regras b\u00e1sicas da m\u00e1quina e as nuances do gerenciamento.","og_url":"https:\/\/aviator-crash.org\/pt-br\/avaliacoes-do-jogo-aviator\/","article_modified_time":"2024-02-02T17:51:30+00:00","twitter_card":"summary_large_image","twitter_misc":{"Est. reading time":"1 minuto"},"schema":{"@context":"https:\/\/schema.org","@graph":[{"@type":"WebPage","@id":"https:\/\/aviator-crash.org\/pt-br\/avaliacoes-do-jogo-aviator\/","url":"https:\/\/aviator-crash.org\/pt-br\/avaliacoes-do-jogo-aviator\/","name":"Coment\u00e1rios de jogadores sobre o jogo Aviator","isPartOf":{"@id":"https:\/\/aviator-crash.org\/pt-br\/#website"},"datePublished":"2023-12-22T18:32:01+00:00","dateModified":"2024-02-02T17:51:30+00:00","description":"As resenhas sobre o jogo Aviator com jogadores reais permitir\u00e3o que voc\u00ea conhe\u00e7a todos os pr\u00f3s e contras do aparelho. As regras b\u00e1sicas da m\u00e1quina e as nuances do gerenciamento.","breadcrumb":{"@id":"https:\/\/aviator-crash.org\/pt-br\/avaliacoes-do-jogo-aviator\/#breadcrumb"},"inLanguage":"pt-BR","potentialAction":[{"@type":"ReadAction","target":["https:\/\/aviator-crash.org\/pt-br\/avaliacoes-do-jogo-aviator\/"]}]},{"@type":"BreadcrumbList","@id":"https:\/\/aviator-crash.org\/pt-br\/avaliacoes-do-jogo-aviator\/#breadcrumb","itemListElement":[{"@type":"ListItem","position":1,"name":"Home","item":"https:\/\/aviator-crash.org\/pt-br\/aviator-game-online-for-real-money\/"},{"@type":"ListItem","position":2,"name":"Avalia\u00e7\u00f5es do jogo Aviator"}]},{"@type":"WebSite","@id":"https:\/\/aviator-crash.org\/pt-br\/#website","url":"https:\/\/aviator-crash.org\/pt-br\/","name":"","description":"","potentialAction":[{"@type":"SearchAction","target":{"@type":"EntryPoint","urlTemplate":"https:\/\/aviator-crash.org\/pt-br\/?s={search_term_string}"},"query-input":"required name=search_term_string"}],"inLanguage":"pt-BR"}]}},"_links":{"self":[{"href":"https:\/\/aviator-crash.org\/pt-br\/wp-json\/wp\/v2\/pages\/2467"}],"collection":[{"href":"https:\/\/aviator-crash.org\/pt-br\/wp-json\/wp\/v2\/pages"}],"about":[{"href":"https:\/\/aviator-crash.org\/pt-br\/wp-json\/wp\/v2\/types\/page"}],"author":[{"embeddable":true,"href":"https:\/\/aviator-crash.org\/pt-br\/wp-json\/wp\/v2\/users\/2"}],"replies":[{"embeddable":true,"href":"https:\/\/aviator-crash.org\/pt-br\/wp-json\/wp\/v2\/comments?post=2467"}],"version-history":[{"count":1,"href":"https:\/\/aviator-crash.org\/pt-br\/wp-json\/wp\/v2\/pages\/2467\/revisions"}],"predecessor-version":[{"id":2468,"href":"https:\/\/aviator-crash.org\/pt-br\/wp-json\/wp\/v2\/pages\/2467\/revisions\/2468"}],"wp:attachment":[{"href":"https:\/\/aviator-crash.org\/pt-br\/wp-json\/wp\/v2\/media?parent=2467"}],"curies":[{"name":"wp","href":"https:\/\/api.w.org\/{rel}","templated":true}]}}