{"id":2499,"date":"2023-12-27T19:09:40","date_gmt":"2023-12-27T19:09:40","guid":{"rendered":"https:\/\/aviator-crash.org\/jogos-como-aviator-por-dinheiro\/"},"modified":"2024-02-02T17:55:32","modified_gmt":"2024-02-02T17:55:32","slug":"jogos-como-aviator-por-dinheiro","status":"publish","type":"page","link":"https:\/\/aviator-crash.org\/pt-br\/jogos-como-aviator-por-dinheiro\/","title":{"rendered":"Jogos como Aviator por dinheiro"},"content":{"rendered":"\n<p>O Aviator \u00e9 um jogo \u00fanico, um dos primeiros videogames a dinheiro no g\u00eanero de acidente, cujo surgimento causou sensa\u00e7\u00e3o nos jogos de azar on-line.\nEle \u00e9 din\u00e2mico, empolgante, com rodadas curtas, o que \u00e9 suficiente para provocar uma forte descarga de adrenalina e obter emo\u00e7\u00f5es v\u00edvidas.\nMas um jogador sofisticado \u00e9 sempre fascinado pela variedade, por isso, atualmente, a demanda por an\u00e1logos do jogo Aviator aumentou rapidamente.\nCompreendendo isso, os principais desenvolvedores enfatizaram a apresenta\u00e7\u00e3o de produtos semelhantes com o uso de uma jogabilidade inovadora.   <\/p>\n\n<h2 class=\"wp-block-heading\">O Lucky Jet \u00e9 um an\u00e1logo do jogo Aviator<\/h2>\n\n<p>O Lucky Jet \u00e9 um jogo a dinheiro semelhante ao Aviator que est\u00e1 ganhando popularidade rapidamente, apresentado pelo cassino on-line 1win e que faz parte dos jogos coloridos.\nEle foi criado como um jogo semelhante ao Aviator, mas, em vez de um avi\u00e3o, \u00e9 preciso ficar de olho em Lucky Joe e sua mochila.\nAs apostas tamb\u00e9m s\u00e3o feitas antes do in\u00edcio da rodada e, em seguida, um multiplicador \u00e9 ativado e voc\u00ea precisa coletar seus ganhos antes que Joe voe para longe.  <\/p>\n\n<p>As chances no Lucky Jet s\u00e3o diferentes.\nVoc\u00ea pode aceitar a aposta multiplicada por 3 ou pode esperar por um aumento de 50, 100 e at\u00e9 200 vezes.\nComo mostram as estat\u00edsticas, as altas probabilidades s\u00e3o comuns.\nMas somente o jogador depende de quanta paci\u00eancia ele tem e se consegue prever corretamente a dura\u00e7\u00e3o da rodada.   <\/p>\n\n<h2 class=\"wp-block-heading\">Jet X \u00e9 outro jogo do tipo Aviador<\/h2>\n\n<p>O pr\u00f3ximo jogo como o Aviator que est\u00e1 ganhando popularidade ativamente \u00e9 o Jet X, apresentado pela Smartsoft Gaming.\n\u00c9 um jogo multijogador, semelhante em ess\u00eancia ao Aviator, porque.\nno qual voc\u00ea tamb\u00e9m precisa seguir a aeronave que est\u00e1 ganhando altitude.\nA diferen\u00e7a \u00e9 que o ponto de decolagem \u00e9 rastreado, ou seja, quanto mais alto ele estiver, mais o jogador ganha.\nQuanto mais alto ele estiver, mais o jogador ganhar\u00e1, aumentando as chances.\nEntretanto, se o jogador n\u00e3o conseguir sacar o dinheiro antes que o avi\u00e3o decole, ele perder\u00e1 e perder\u00e1 tudo.     <\/p>\n\n<p>O jogo \u00e9 emocionante, agrada ao equil\u00edbrio de adrenalina e emo\u00e7\u00e3o, al\u00e9m de &#8220;fichas&#8221; especiais.\nPor exemplo: <\/p>\n\n<ul>\n<li>H\u00e1 um recurso de b\u00f4nus que envolve um sorteio de jackpot.<\/li>\n\n\n\n<li>Foi definido um saque m\u00ednimo com chances de 1,1.<\/li>\n\n\n\n<li>O multiplicador funciona at\u00e9 mais infinito.<\/li>\n<\/ul>\n\n<h2 class=\"wp-block-heading\">Rocket X.<\/h2>\n\n<p>O Rocket X tamb\u00e9m \u00e9 uma variante do jogo do tipo Aviator apresentado pelo Slotegrator.\nEle atrai uma interface gr\u00e1fica r\u00e1pida, funcionalidade exclusiva e a capacidade de dar ao jogador muitas emo\u00e7\u00f5es brilhantes.\nNele, o enredo \u00e9 constru\u00eddo sobre a decolagem do foguete, que est\u00e1 tentando manter um jovem.\nNo decorrer de cada rodada, as apostas multiplicadoras funcionam, de modo que voc\u00ea pode obter o valor multiplicado por 100 e at\u00e9 mais.   <\/p>\n\n<p>H\u00e1 configura\u00e7\u00f5es nesse jogo:<\/p>\n\n<ul>\n<li>Autostraddle.<\/li>\n\n\n\n<li>Autopinions.<\/li>\n<\/ul>\n\n<p>Podem ser usadas estrat\u00e9gias moderadas e agressivas.\nAo mesmo tempo, n\u00e3o h\u00e1 uma \u00fanica estrat\u00e9gia de vit\u00f3ria garantida, tudo \u00e9 baseado no sistema aleat\u00f3rio, ou seja, a sorte determinar\u00e1 tudo.\nA sorte determinar\u00e1 tudo.  <\/p>\n\n<h2 class=\"wp-block-heading\">Espa\u00e7o XY.<\/h2>\n\n<p>O Space XY tamb\u00e9m \u00e9 uma \u00f3tima op\u00e7\u00e3o para quem est\u00e1 interessado em um jogo de dinheiro semelhante ao Aviator.\nNele, os jogadores ter\u00e3o de lan\u00e7ar n\u00e3o um avi\u00e3o, mas um foguete.\nA interface \u00e9 contida, lac\u00f4nica.\nAs apostas s\u00e3o feitas na pr\u00f3xima rodada, na qual o jogador ter\u00e1 de assistir ao voo de seu foguete.\nNo entanto, ele pode desaparecer repentinamente do radar, sair do curso e explodir, e quando isso acontece, as apostas s\u00e3o perdidas.\nA tarefa do jogador \u00e9 &#8220;pular&#8221; do foguete a tempo, ou seja, como em outros jogos semelhantes, pegar o \u00f4nibus espacial.\ncomo em outros jogos semelhantes, pegar o dinheiro antes que ele exploda.      <\/p>\n\n<h2 class=\"wp-block-heading\">Cash or Crash.<\/h2>\n\n<p>Cash or Crash, embora seja um an\u00e1logo de Aviator, difere pelo fato de ser um game show completo e um jogo ao vivo, complementado com a realidade.\nA trama se desenvolve dentro do dirig\u00edvel virtual, onde h\u00e1 uma escada de 20 degraus.\nO movimento nela ajuda a elevar o dirig\u00edvel e a afast\u00e1-lo cada vez mais da Terra.\nAo subir a escada, as bolas verdes se acendem, cada uma delas leva \u00e0 vit\u00f3ria e aumenta os ganhos, mas assim que a vermelha se acende, o jogador cai e perde tudo.   <\/p>\n\n<p>Caracter\u00edsticas:<\/p>\n\n<ul>\n<li>\u00c9 poss\u00edvel aumentar as apostas em at\u00e9 50.000 vezes.<\/li>\n\n\n\n<li>H\u00e1 tamb\u00e9m uma esfera dourada que concede vida extra.<\/li>\n<\/ul>\n\n<h2 class=\"wp-block-heading\">Tirando conclus\u00f5es<\/h2>\n\n<p>Os jogos Aviator e similares s\u00e3o uma \u00f3tima oportunidade para relaxar, descansar e se livrar da negatividade acumulada durante o dia.\nAo mesmo tempo, cada jogador busca seu pr\u00f3prio significado: <\/p>\n\n<ul>\n<li>Divirta-se e satisfa\u00e7a o entusiasmo.<\/li>\n\n\n\n<li>Ganhar dinheiro.<\/li>\n<\/ul>\n\n<p>Qual jogo a dinheiro do tipo Aviador escolher e com que objetivo jogar &#8211; isso depende de voc\u00ea, o principal \u00e9 ser capaz de se controlar e seguir a estrat\u00e9gia escolhida.\nUma grande variedade de ca\u00e7a-n\u00edqueis \u00e9 uma \u00f3tima oportunidade para diversificar o tempo de lazer at\u00e9 mesmo do jogador mais sofisticado. <\/p>\n","protected":false},"excerpt":{"rendered":"<p>O Aviator \u00e9 um jogo \u00fanico, um dos primeiros videogames a dinheiro no g\u00eanero de acidente, cujo surgimento causou sensa\u00e7\u00e3o nos jogos de azar on-line. Ele \u00e9 din\u00e2mico, empolgante, com rodadas curtas, o que \u00e9 suficiente para provocar uma forte descarga de adrenalina e obter emo\u00e7\u00f5es v\u00edvidas. Mas um jogador sofisticado \u00e9 sempre fascinado pela [&hellip;]<\/p>\n","protected":false},"author":2,"featured_media":0,"parent":0,"menu_order":0,"comment_status":"closed","ping_status":"closed","template":"","meta":{"footnotes":""},"yoast_head":"<!-- This site is optimized with the Yoast SEO plugin v21.7 - https:\/\/yoast.com\/wordpress\/plugins\/seo\/ -->\n<title>Jogos de dinheiro semelhantes ao Aviator (jogos semelhantes e an\u00e1logos ao Aviator)<\/title>\n<meta name=\"description\" content=\"An\u00e1lise de jogos de cassino como o famoso &quot;Aviator&quot; por dinheiro. Confira as principais variantes e escolha aquela que lhe trar\u00e1 novas emo\u00e7\u00f5es e entusiasmo e, se a sorte for favor\u00e1vel, uma vit\u00f3ria s\u00f3lida!\" \/>\n<meta name=\"robots\" content=\"index, follow, max-snippet:-1, max-image-preview:large, max-video-preview:-1\" \/>\n<link rel=\"canonical\" href=\"https:\/\/aviator-crash.org\/pt-br\/jogos-como-aviator-por-dinheiro\/\" \/>\n<meta property=\"og:locale\" content=\"pt_BR\" \/>\n<meta property=\"og:type\" content=\"article\" \/>\n<meta property=\"og:title\" content=\"Jogos de dinheiro semelhantes ao Aviator (jogos semelhantes e an\u00e1logos ao Aviator)\" \/>\n<meta property=\"og:description\" content=\"An\u00e1lise de jogos de cassino como o famoso &quot;Aviator&quot; por dinheiro. Confira as principais variantes e escolha aquela que lhe trar\u00e1 novas emo\u00e7\u00f5es e entusiasmo e, se a sorte for favor\u00e1vel, uma vit\u00f3ria s\u00f3lida!\" \/>\n<meta property=\"og:url\" content=\"https:\/\/aviator-crash.org\/pt-br\/jogos-como-aviator-por-dinheiro\/\" \/>\n<meta property=\"article:modified_time\" content=\"2024-02-02T17:55:32+00:00\" \/>\n<meta name=\"twitter:card\" content=\"summary_large_image\" \/>\n<meta name=\"twitter:label1\" content=\"Est. reading time\" \/>\n\t<meta name=\"twitter:data1\" content=\"4 minutos\" \/>\n<script type=\"application\/ld+json\" class=\"yoast-schema-graph\">{\"@context\":\"https:\/\/schema.org\",\"@graph\":[{\"@type\":\"WebPage\",\"@id\":\"https:\/\/aviator-crash.org\/pt-br\/jogos-como-aviator-por-dinheiro\/\",\"url\":\"https:\/\/aviator-crash.org\/pt-br\/jogos-como-aviator-por-dinheiro\/\",\"name\":\"Jogos de dinheiro semelhantes ao Aviator (jogos semelhantes e an\u00e1logos ao Aviator)\",\"isPartOf\":{\"@id\":\"https:\/\/aviator-crash.org\/pt-br\/#website\"},\"datePublished\":\"2023-12-27T19:09:40+00:00\",\"dateModified\":\"2024-02-02T17:55:32+00:00\",\"description\":\"An\u00e1lise de jogos de cassino como o famoso \\\"Aviator\\\" por dinheiro. Confira as principais variantes e escolha aquela que lhe trar\u00e1 novas emo\u00e7\u00f5es e entusiasmo e, se a sorte for favor\u00e1vel, uma vit\u00f3ria s\u00f3lida!\",\"breadcrumb\":{\"@id\":\"https:\/\/aviator-crash.org\/pt-br\/jogos-como-aviator-por-dinheiro\/#breadcrumb\"},\"inLanguage\":\"pt-BR\",\"potentialAction\":[{\"@type\":\"ReadAction\",\"target\":[\"https:\/\/aviator-crash.org\/pt-br\/jogos-como-aviator-por-dinheiro\/\"]}]},{\"@type\":\"BreadcrumbList\",\"@id\":\"https:\/\/aviator-crash.org\/pt-br\/jogos-como-aviator-por-dinheiro\/#breadcrumb\",\"itemListElement\":[{\"@type\":\"ListItem\",\"position\":1,\"name\":\"Home\",\"item\":\"https:\/\/aviator-crash.org\/pt-br\/aviator-game-online-for-real-money\/\"},{\"@type\":\"ListItem\",\"position\":2,\"name\":\"Jogos como Aviator por dinheiro\"}]},{\"@type\":\"WebSite\",\"@id\":\"https:\/\/aviator-crash.org\/pt-br\/#website\",\"url\":\"https:\/\/aviator-crash.org\/pt-br\/\",\"name\":\"\",\"description\":\"\",\"potentialAction\":[{\"@type\":\"SearchAction\",\"target\":{\"@type\":\"EntryPoint\",\"urlTemplate\":\"https:\/\/aviator-crash.org\/pt-br\/?s={search_term_string}\"},\"query-input\":\"required name=search_term_string\"}],\"inLanguage\":\"pt-BR\"}]}<\/script>\n<!-- \/ Yoast SEO plugin. -->","yoast_head_json":{"title":"Jogos de dinheiro semelhantes ao Aviator (jogos semelhantes e an\u00e1logos ao Aviator)","description":"An\u00e1lise de jogos de cassino como o famoso \"Aviator\" por dinheiro. Confira as principais variantes e escolha aquela que lhe trar\u00e1 novas emo\u00e7\u00f5es e entusiasmo e, se a sorte for favor\u00e1vel, uma vit\u00f3ria s\u00f3lida!","robots":{"index":"index","follow":"follow","max-snippet":"max-snippet:-1","max-image-preview":"max-image-preview:large","max-video-preview":"max-video-preview:-1"},"canonical":"https:\/\/aviator-crash.org\/pt-br\/jogos-como-aviator-por-dinheiro\/","og_locale":"pt_BR","og_type":"article","og_title":"Jogos de dinheiro semelhantes ao Aviator (jogos semelhantes e an\u00e1logos ao Aviator)","og_description":"An\u00e1lise de jogos de cassino como o famoso \"Aviator\" por dinheiro. Confira as principais variantes e escolha aquela que lhe trar\u00e1 novas emo\u00e7\u00f5es e entusiasmo e, se a sorte for favor\u00e1vel, uma vit\u00f3ria s\u00f3lida!","og_url":"https:\/\/aviator-crash.org\/pt-br\/jogos-como-aviator-por-dinheiro\/","article_modified_time":"2024-02-02T17:55:32+00:00","twitter_card":"summary_large_image","twitter_misc":{"Est. reading time":"4 minutos"},"schema":{"@context":"https:\/\/schema.org","@graph":[{"@type":"WebPage","@id":"https:\/\/aviator-crash.org\/pt-br\/jogos-como-aviator-por-dinheiro\/","url":"https:\/\/aviator-crash.org\/pt-br\/jogos-como-aviator-por-dinheiro\/","name":"Jogos de dinheiro semelhantes ao Aviator (jogos semelhantes e an\u00e1logos ao Aviator)","isPartOf":{"@id":"https:\/\/aviator-crash.org\/pt-br\/#website"},"datePublished":"2023-12-27T19:09:40+00:00","dateModified":"2024-02-02T17:55:32+00:00","description":"An\u00e1lise de jogos de cassino como o famoso \"Aviator\" por dinheiro. Confira as principais variantes e escolha aquela que lhe trar\u00e1 novas emo\u00e7\u00f5es e entusiasmo e, se a sorte for favor\u00e1vel, uma vit\u00f3ria s\u00f3lida!","breadcrumb":{"@id":"https:\/\/aviator-crash.org\/pt-br\/jogos-como-aviator-por-dinheiro\/#breadcrumb"},"inLanguage":"pt-BR","potentialAction":[{"@type":"ReadAction","target":["https:\/\/aviator-crash.org\/pt-br\/jogos-como-aviator-por-dinheiro\/"]}]},{"@type":"BreadcrumbList","@id":"https:\/\/aviator-crash.org\/pt-br\/jogos-como-aviator-por-dinheiro\/#breadcrumb","itemListElement":[{"@type":"ListItem","position":1,"name":"Home","item":"https:\/\/aviator-crash.org\/pt-br\/aviator-game-online-for-real-money\/"},{"@type":"ListItem","position":2,"name":"Jogos como Aviator por dinheiro"}]},{"@type":"WebSite","@id":"https:\/\/aviator-crash.org\/pt-br\/#website","url":"https:\/\/aviator-crash.org\/pt-br\/","name":"","description":"","potentialAction":[{"@type":"SearchAction","target":{"@type":"EntryPoint","urlTemplate":"https:\/\/aviator-crash.org\/pt-br\/?s={search_term_string}"},"query-input":"required name=search_term_string"}],"inLanguage":"pt-BR"}]}},"_links":{"self":[{"href":"https:\/\/aviator-crash.org\/pt-br\/wp-json\/wp\/v2\/pages\/2499"}],"collection":[{"href":"https:\/\/aviator-crash.org\/pt-br\/wp-json\/wp\/v2\/pages"}],"about":[{"href":"https:\/\/aviator-crash.org\/pt-br\/wp-json\/wp\/v2\/types\/page"}],"author":[{"embeddable":true,"href":"https:\/\/aviator-crash.org\/pt-br\/wp-json\/wp\/v2\/users\/2"}],"replies":[{"embeddable":true,"href":"https:\/\/aviator-crash.org\/pt-br\/wp-json\/wp\/v2\/comments?post=2499"}],"version-history":[{"count":1,"href":"https:\/\/aviator-crash.org\/pt-br\/wp-json\/wp\/v2\/pages\/2499\/revisions"}],"predecessor-version":[{"id":2500,"href":"https:\/\/aviator-crash.org\/pt-br\/wp-json\/wp\/v2\/pages\/2499\/revisions\/2500"}],"wp:attachment":[{"href":"https:\/\/aviator-crash.org\/pt-br\/wp-json\/wp\/v2\/media?parent=2499"}],"curies":[{"name":"wp","href":"https:\/\/api.w.org\/{rel}","templated":true}]}}