{"id":2541,"date":"2023-12-27T19:48:01","date_gmt":"2023-12-27T19:48:01","guid":{"rendered":"https:\/\/aviator-crash.org\/caca-niqueis-space-xy\/"},"modified":"2024-02-02T17:59:24","modified_gmt":"2024-02-02T17:59:24","slug":"caca-niqueis-space-xy","status":"publish","type":"page","link":"https:\/\/aviator-crash.org\/pt-br\/caca-niqueis-space-xy\/","title":{"rendered":"Ca\u00e7a-n\u00edqueis Space XY"},"content":{"rendered":"\n<figure class=\"wp-block-gallery has-nested-images columns-default is-cropped wp-block-gallery-1 is-layout-flex wp-block-gallery-is-layout-flex\">\n<figure class=\"wp-block-image size-large\"><span itemprop=\"image\" itemscope itemtype=\"https:\/\/schema.org\/ImageObject\"><img itemprop=\"url image\" loading=\"lazy\" decoding=\"async\" width=\"1024\" height=\"445\" data-id=\"469\" src=\"https:\/\/aviator-crash.org\/wp-content\/uploads\/2024\/01\/bgaming-game-release-1024x445.jpg\" alt=\"\" class=\"wp-image-469\" srcset=\"https:\/\/aviator-crash.org\/wp-content\/uploads\/2024\/01\/bgaming-game-release-1024x445.jpg 1024w, https:\/\/aviator-crash.org\/wp-content\/uploads\/2024\/01\/bgaming-game-release-300x131.jpg 300w, https:\/\/aviator-crash.org\/wp-content\/uploads\/2024\/01\/bgaming-game-release-768x334.jpg 768w, https:\/\/aviator-crash.org\/wp-content\/uploads\/2024\/01\/bgaming-game-release.jpg 1200w\" sizes=\"(max-width: 1024px) 100vw, 1024px\" \/><meta itemprop=\"width\" content=\"1024\"><meta itemprop=\"height\" content=\"445\"><\/span><\/figure>\n<\/figure>\n\n<p>Bem-vindo ao mundo do Space XY, onde cada estrela \u00e9 uma nova aventura e cada gal\u00e1xia \u00e9 um campo para explora\u00e7\u00e3o.\nEsse emocionante jogo espacial oferece aos jogadores n\u00e3o apenas a oportunidade de explorar as vastas extens\u00f5es do universo, mas tamb\u00e9m de se tornarem verdadeiros conquistadores do espa\u00e7o. <\/p>\n\n<p>Space XY \u00e9 um jogo que atrai a aten\u00e7\u00e3o desde os primeiros segundos.\nVoc\u00ea pode baixar o aplicativo para Android no site oficial de apostas do One Win.\nAqui, as melhores aventuras e um passatempo inesquec\u00edvel est\u00e3o esperando por voc\u00ea.\nFa\u00e7a login em sua conta pessoal, fa\u00e7a apostas e ganhe no Space XY.   <\/p>\n\n<h2 class=\"wp-block-heading\">Vantagens do jogo on-line Space XY<\/h2>\n\n<p>O Space XY \u00e9 um jogo que oferece batalhas espaciais emocionantes em que voc\u00ea pode testar suas habilidades de pilotagem.\nPersonalize sua nave espacial, lute contra amea\u00e7as alien\u00edgenas e participe de batalhas espaciais \u00e9picas que determinar\u00e3o seu destino neste vasto espa\u00e7o. <\/p>\n\n<p>Entre as principais vantagens desse jogo est\u00e3o as seguintes:<\/p>\n\n<ul>\n<li>Enredo profundo.\nO Space XY n\u00e3o se limita apenas a aventuras espaciais.\nUm enredo rico, quebra-cabe\u00e7as complexos e decis\u00f5es importantes criam uma experi\u00eancia \u00fanica que depende de suas escolhas.  <\/li>\n\n\n\n<li>Cada decis\u00e3o afeta o curso do jogo.\n\u00c9 por isso que voc\u00ea precisar\u00e1 de uma estrat\u00e9gia no Space XY para vencer e ganhar o m\u00e1ximo de pontos poss\u00edvel. <\/li>\n\n\n\n<li>Op\u00e7\u00e3o de personaliza\u00e7\u00e3o.\nUm dos principais elementos do Space XY \u00e9 a capacidade de personalizar sua nave espacial de acordo com suas prefer\u00eancias.\nEscolha modifica\u00e7\u00f5es exclusivas, melhore a tecnologia e crie uma nave que reflita seu estilo e estrat\u00e9gia.  <\/li>\n\n\n\n<li>Galactic Journeys.\nO Space XY abre uma infinidade de gal\u00e1xias, cada uma delas repleta de mundos incr\u00edveis, artefatos misteriosos e aventuras perigosas.\nExplore planetas desconhecidos, conhe\u00e7a uma variedade de ra\u00e7as e participe de hist\u00f3rias espaciais intrigantes.\nTudo o que voc\u00ea precisa para come\u00e7ar a mergulhar na hist\u00f3ria \u00e9 descobrir como instalar o jogo no Space XY.   <\/li>\n\n\n\n<li>Eventos e miss\u00f5es semanais.\nO jogo on-line \u00e9 atualizado constantemente com novos eventos, miss\u00f5es e desafios, permitindo que voc\u00ea sempre encontre novos objetivos a serem alcan\u00e7ados.\nParticipe de eventos semanais, lute por pr\u00eamios e maravilhe-se com as oportunidades \u00fanicas que lhe s\u00e3o apresentadas a cada semana.  <\/li>\n<\/ul>\n\n<h2 class=\"wp-block-heading\">Como jogar Space XY<\/h2>\n\n<p>Para participar da aventura espacial no Space XY, a primeira etapa \u00e9 instalar o jogo.\nEm seguida, voc\u00ea precisar\u00e1 criar sua conta, o que garantir\u00e1 que seu progresso e suas capacidades on-line sejam mantidos.\nDepois de registrado, personalize sua nave espacial escolhendo designs e upgrades exclusivos.\nMergulhe no mundo do Space XY explorando gal\u00e1xias, interagindo com diferentes mundos e concluindo miss\u00f5es fazendo o download do Space XY.   <\/p>\n\n<p>As batalhas espaciais s\u00e3o um aspecto fundamental do jogo.\nDesafie amea\u00e7as alien\u00edgenas e outros jogadores em tempo real usando suas habilidades estrat\u00e9gicas.\nParticipe de eventos e miss\u00f5es para ganhar recompensas e aprimoramentos.\nA socializa\u00e7\u00e3o com outros jogadores tamb\u00e9m \u00e9 importante &#8211; forme alian\u00e7as, compartilhe experi\u00eancias e estrat\u00e9gias.   <\/p>\n\n<p>De modo geral, a imers\u00e3o no Space XY requer a explora\u00e7\u00e3o, a luta e a intera\u00e7\u00e3o com um mundo c\u00f3smico que aguarda sua descoberta.<\/p>\n\n<h2 class=\"wp-block-heading\">Como ganhar no Space XY<\/h2>\n\n<p>No mundo do Space XY, a chave para o sucesso do jogo est\u00e1 na explora\u00e7\u00e3o profunda do universo e na adapta\u00e7\u00e3o flex\u00edvel a uma variedade de desafios.\nDesenvolva sua nave espacial, personalize-a para atender \u00e0s suas necessidades exclusivas e \u00e0s demandas da situa\u00e7\u00e3o atual.\nE os b\u00f4nus do Space XY permitir\u00e3o que voc\u00ea aumente suas chances de vencer.  <\/p>\n\n<p>Adote uma abordagem estrat\u00e9gica para as batalhas espaciais, prestando aten\u00e7\u00e3o \u00e0 din\u00e2mica da batalha e aos fatores externos.\nObserve o comportamento dos outros jogadores e adapte suas t\u00e1ticas de acordo com as a\u00e7\u00f5es deles.\nA estrat\u00e9gia do Space XY \u00e9 um aspecto fundamental para um jogo bem-sucedido.  <\/p>\n\n<p>Participe ativamente de eventos e miss\u00f5es que ofere\u00e7am oportunidades de obter recursos valiosos e melhorias para sua nave.\nNo entanto, lembre-se de que suas a\u00e7\u00f5es e decis\u00f5es podem afetar o jogo e suas intera\u00e7\u00f5es com outros jogadores. <\/p>\n\n<h2 class=\"wp-block-heading\">Regras do jogo Space XY<\/h2>\n\n<p>No mundo do Space XY, h\u00e1 algumas regras b\u00e1sicas que o ajudar\u00e3o a navegar com sucesso e a ter \u00eaxito em suas aventuras espaciais.\nElas devem ser aprendidas antes de voc\u00ea come\u00e7ar a jogar Space XY: <\/p>\n\n<ol>\n<li>Explore diferentes gal\u00e1xias, planetas e asteroides.<\/li>\n\n\n\n<li>Atualize sua nave, desenvolva t\u00e1ticas e participe de duelos espaciais para proteger seus interesses.<\/li>\n\n\n\n<li>Minere recursos, processe-os e use-os para melhorar sua nave, construir bases, pesquisar e comercializar.<\/li>\n\n\n\n<li>Participe ativamente de eventos e miss\u00f5es para ganhar recompensas exclusivas e expandir suas habilidades no jogo.<\/li>\n\n\n\n<li>Explore novas tecnologias para melhorar a defesa de sua nave e da base.<\/li>\n\n\n\n<li>Forme alian\u00e7as com outros jogadores para unir for\u00e7as e lutar por objetivos comuns e desenvolver estrat\u00e9gias no jogo Space XY para vencer.<\/li>\n\n\n\n<li>Participe de competi\u00e7\u00f5es e acompanhe as classifica\u00e7\u00f5es para medir seu progresso e comparar suas conquistas com as de outros jogadores.<\/li>\n<\/ol>\n\n<p>Seguir essas regras o ajudar\u00e1 a aproveitar totalmente a experi\u00eancia espacial no Space XY e a ter sucesso na vastid\u00e3o do espa\u00e7o.<\/p>\n\n<h2 class=\"wp-block-heading\">C\u00f3digos promocionais<\/h2>\n\n<p>A melhor maneira de obter c\u00f3digos atualizados \u00e9 seguir os canais de comunica\u00e7\u00e3o oficiais do jogo.\nPode ser o site oficial, a m\u00eddia social, os f\u00f3runs ou os boletins informativos por e-mail.\nOs c\u00f3digos promocionais em um jogo como o Space XY s\u00e3o usados para oferecer aos jogadores v\u00e1rios b\u00f4nus e benef\u00edcios.  <\/p>\n\n<p>Os c\u00f3digos promocionais podem fornecer recursos gratuitos, como cr\u00e9ditos, energia ou outras moedas do jogo.\nAlgumas op\u00e7\u00f5es oferecem acesso a melhorias ou aprimoramentos exclusivos para naves espaciais, bases e outros elementos do jogo.\nAs an\u00e1lises do Space XY oferecem muitas dicas sobre como utilizar adequadamente esses b\u00f4nus.  <\/p>\n\n<p>Os c\u00f3digos promocionais podem ser distribu\u00eddos como parte de eventos especiais, concursos ou promo\u00e7\u00f5es, incentivando os jogadores a participar de v\u00e1rias atividades.<\/p>\n\n<h2 class=\"wp-block-heading\">Depoimentos<\/h2>\n\n<p>Aqui est\u00e3o algumas avalia\u00e7\u00f5es de usu\u00e1rios que confirmam a grande popularidade desse aplicativo:<\/p>\n","protected":false},"excerpt":{"rendered":"<p>Bem-vindo ao mundo do Space XY, onde cada estrela \u00e9 uma nova aventura e cada gal\u00e1xia \u00e9 um campo para explora\u00e7\u00e3o. Esse emocionante jogo espacial oferece aos jogadores n\u00e3o apenas a oportunidade de explorar as vastas extens\u00f5es do universo, mas tamb\u00e9m de se tornarem verdadeiros conquistadores do espa\u00e7o. Space XY \u00e9 um jogo que atrai [&hellip;]<\/p>\n","protected":false},"author":2,"featured_media":0,"parent":0,"menu_order":0,"comment_status":"open","ping_status":"closed","template":"","meta":{"footnotes":""},"yoast_head":"<!-- This site is optimized with the Yoast SEO plugin v21.7 - https:\/\/yoast.com\/wordpress\/plugins\/seo\/ -->\n<title>Space XY jogo de cassino, download<\/title>\n<meta name=\"description\" content=\"Um jogo interessante para aqueles que gostam de emo\u00e7\u00e3o e riscos elevados. Fa\u00e7a o download e divirta-se com a jogabilidade do jogo Space XY no cassino. Mergulhe no mundo do risco e de aventuras inesquec\u00edveis. Estude cuidadosamente as regras e os recursos do jogo para vencer.\" \/>\n<meta name=\"robots\" content=\"index, follow, max-snippet:-1, max-image-preview:large, max-video-preview:-1\" \/>\n<link rel=\"canonical\" href=\"https:\/\/aviator-crash.org\/pt-br\/caca-niqueis-space-xy\/\" \/>\n<meta property=\"og:locale\" content=\"pt_BR\" \/>\n<meta property=\"og:type\" content=\"article\" \/>\n<meta property=\"og:title\" content=\"Space XY jogo de cassino, download\" \/>\n<meta property=\"og:description\" content=\"Um jogo interessante para aqueles que gostam de emo\u00e7\u00e3o e riscos elevados. Fa\u00e7a o download e divirta-se com a jogabilidade do jogo Space XY no cassino. Mergulhe no mundo do risco e de aventuras inesquec\u00edveis. Estude cuidadosamente as regras e os recursos do jogo para vencer.\" \/>\n<meta property=\"og:url\" content=\"https:\/\/aviator-crash.org\/pt-br\/caca-niqueis-space-xy\/\" \/>\n<meta property=\"article:modified_time\" content=\"2024-02-02T17:59:24+00:00\" \/>\n<meta property=\"og:image\" content=\"https:\/\/aviator-crash.org\/wp-content\/uploads\/2024\/01\/bgaming-game-release-1024x445.jpg\" \/>\n<meta name=\"twitter:card\" content=\"summary_large_image\" \/>\n<meta name=\"twitter:label1\" content=\"Est. reading time\" \/>\n\t<meta name=\"twitter:data1\" content=\"5 minutos\" \/>\n<script type=\"application\/ld+json\" class=\"yoast-schema-graph\">{\"@context\":\"https:\/\/schema.org\",\"@graph\":[{\"@type\":\"WebPage\",\"@id\":\"https:\/\/aviator-crash.org\/pt-br\/caca-niqueis-space-xy\/\",\"url\":\"https:\/\/aviator-crash.org\/pt-br\/caca-niqueis-space-xy\/\",\"name\":\"Space XY jogo de cassino, download\",\"isPartOf\":{\"@id\":\"https:\/\/aviator-crash.org\/pt-br\/#website\"},\"datePublished\":\"2023-12-27T19:48:01+00:00\",\"dateModified\":\"2024-02-02T17:59:24+00:00\",\"description\":\"Um jogo interessante para aqueles que gostam de emo\u00e7\u00e3o e riscos elevados. Fa\u00e7a o download e divirta-se com a jogabilidade do jogo Space XY no cassino. Mergulhe no mundo do risco e de aventuras inesquec\u00edveis. Estude cuidadosamente as regras e os recursos do jogo para vencer.\",\"breadcrumb\":{\"@id\":\"https:\/\/aviator-crash.org\/pt-br\/caca-niqueis-space-xy\/#breadcrumb\"},\"inLanguage\":\"pt-BR\",\"potentialAction\":[{\"@type\":\"ReadAction\",\"target\":[\"https:\/\/aviator-crash.org\/pt-br\/caca-niqueis-space-xy\/\"]}]},{\"@type\":\"BreadcrumbList\",\"@id\":\"https:\/\/aviator-crash.org\/pt-br\/caca-niqueis-space-xy\/#breadcrumb\",\"itemListElement\":[{\"@type\":\"ListItem\",\"position\":1,\"name\":\"Home\",\"item\":\"https:\/\/aviator-crash.org\/pt-br\/aviator-game-online-for-real-money\/\"},{\"@type\":\"ListItem\",\"position\":2,\"name\":\"Ca\u00e7a-n\u00edqueis Space XY\"}]},{\"@type\":\"WebSite\",\"@id\":\"https:\/\/aviator-crash.org\/pt-br\/#website\",\"url\":\"https:\/\/aviator-crash.org\/pt-br\/\",\"name\":\"\",\"description\":\"\",\"potentialAction\":[{\"@type\":\"SearchAction\",\"target\":{\"@type\":\"EntryPoint\",\"urlTemplate\":\"https:\/\/aviator-crash.org\/pt-br\/?s={search_term_string}\"},\"query-input\":\"required name=search_term_string\"}],\"inLanguage\":\"pt-BR\"}]}<\/script>\n<!-- \/ Yoast SEO plugin. -->","yoast_head_json":{"title":"Space XY jogo de cassino, download","description":"Um jogo interessante para aqueles que gostam de emo\u00e7\u00e3o e riscos elevados. Fa\u00e7a o download e divirta-se com a jogabilidade do jogo Space XY no cassino. Mergulhe no mundo do risco e de aventuras inesquec\u00edveis. Estude cuidadosamente as regras e os recursos do jogo para vencer.","robots":{"index":"index","follow":"follow","max-snippet":"max-snippet:-1","max-image-preview":"max-image-preview:large","max-video-preview":"max-video-preview:-1"},"canonical":"https:\/\/aviator-crash.org\/pt-br\/caca-niqueis-space-xy\/","og_locale":"pt_BR","og_type":"article","og_title":"Space XY jogo de cassino, download","og_description":"Um jogo interessante para aqueles que gostam de emo\u00e7\u00e3o e riscos elevados. Fa\u00e7a o download e divirta-se com a jogabilidade do jogo Space XY no cassino. Mergulhe no mundo do risco e de aventuras inesquec\u00edveis. Estude cuidadosamente as regras e os recursos do jogo para vencer.","og_url":"https:\/\/aviator-crash.org\/pt-br\/caca-niqueis-space-xy\/","article_modified_time":"2024-02-02T17:59:24+00:00","og_image":[{"url":"https:\/\/aviator-crash.org\/wp-content\/uploads\/2024\/01\/bgaming-game-release-1024x445.jpg"}],"twitter_card":"summary_large_image","twitter_misc":{"Est. reading time":"5 minutos"},"schema":{"@context":"https:\/\/schema.org","@graph":[{"@type":"WebPage","@id":"https:\/\/aviator-crash.org\/pt-br\/caca-niqueis-space-xy\/","url":"https:\/\/aviator-crash.org\/pt-br\/caca-niqueis-space-xy\/","name":"Space XY jogo de cassino, download","isPartOf":{"@id":"https:\/\/aviator-crash.org\/pt-br\/#website"},"datePublished":"2023-12-27T19:48:01+00:00","dateModified":"2024-02-02T17:59:24+00:00","description":"Um jogo interessante para aqueles que gostam de emo\u00e7\u00e3o e riscos elevados. Fa\u00e7a o download e divirta-se com a jogabilidade do jogo Space XY no cassino. Mergulhe no mundo do risco e de aventuras inesquec\u00edveis. Estude cuidadosamente as regras e os recursos do jogo para vencer.","breadcrumb":{"@id":"https:\/\/aviator-crash.org\/pt-br\/caca-niqueis-space-xy\/#breadcrumb"},"inLanguage":"pt-BR","potentialAction":[{"@type":"ReadAction","target":["https:\/\/aviator-crash.org\/pt-br\/caca-niqueis-space-xy\/"]}]},{"@type":"BreadcrumbList","@id":"https:\/\/aviator-crash.org\/pt-br\/caca-niqueis-space-xy\/#breadcrumb","itemListElement":[{"@type":"ListItem","position":1,"name":"Home","item":"https:\/\/aviator-crash.org\/pt-br\/aviator-game-online-for-real-money\/"},{"@type":"ListItem","position":2,"name":"Ca\u00e7a-n\u00edqueis Space XY"}]},{"@type":"WebSite","@id":"https:\/\/aviator-crash.org\/pt-br\/#website","url":"https:\/\/aviator-crash.org\/pt-br\/","name":"","description":"","potentialAction":[{"@type":"SearchAction","target":{"@type":"EntryPoint","urlTemplate":"https:\/\/aviator-crash.org\/pt-br\/?s={search_term_string}"},"query-input":"required name=search_term_string"}],"inLanguage":"pt-BR"}]}},"_links":{"self":[{"href":"https:\/\/aviator-crash.org\/pt-br\/wp-json\/wp\/v2\/pages\/2541"}],"collection":[{"href":"https:\/\/aviator-crash.org\/pt-br\/wp-json\/wp\/v2\/pages"}],"about":[{"href":"https:\/\/aviator-crash.org\/pt-br\/wp-json\/wp\/v2\/types\/page"}],"author":[{"embeddable":true,"href":"https:\/\/aviator-crash.org\/pt-br\/wp-json\/wp\/v2\/users\/2"}],"replies":[{"embeddable":true,"href":"https:\/\/aviator-crash.org\/pt-br\/wp-json\/wp\/v2\/comments?post=2541"}],"version-history":[{"count":1,"href":"https:\/\/aviator-crash.org\/pt-br\/wp-json\/wp\/v2\/pages\/2541\/revisions"}],"predecessor-version":[{"id":2543,"href":"https:\/\/aviator-crash.org\/pt-br\/wp-json\/wp\/v2\/pages\/2541\/revisions\/2543"}],"wp:attachment":[{"href":"https:\/\/aviator-crash.org\/pt-br\/wp-json\/wp\/v2\/media?parent=2541"}],"curies":[{"name":"wp","href":"https:\/\/api.w.org\/{rel}","templated":true}]}}