{"id":2589,"date":"2023-12-27T19:40:59","date_gmt":"2023-12-27T19:40:59","guid":{"rendered":"https:\/\/aviator-crash.org\/jogar-rocket-x\/"},"modified":"2024-02-02T18:29:46","modified_gmt":"2024-02-02T18:29:46","slug":"jogar-rocket-x","status":"publish","type":"page","link":"https:\/\/aviator-crash.org\/pt-br\/jogar-rocket-x\/","title":{"rendered":"Jogar Rocket X"},"content":{"rendered":"\n<figure class=\"wp-block-gallery has-nested-images columns-default is-cropped wp-block-gallery-1 is-layout-flex wp-block-gallery-is-layout-flex\">\n<figure class=\"wp-block-image size-large\"><span itemprop=\"image\" itemscope itemtype=\"https:\/\/schema.org\/ImageObject\"><img itemprop=\"url image\" loading=\"lazy\" decoding=\"async\" width=\"1024\" height=\"761\" data-id=\"472\" src=\"https:\/\/aviator-crash.org\/wp-content\/uploads\/2024\/01\/rocket-x-1024x761.webp\" alt=\"\" class=\"wp-image-472\" srcset=\"https:\/\/aviator-crash.org\/wp-content\/uploads\/2024\/01\/rocket-x-1024x761.webp 1024w, https:\/\/aviator-crash.org\/wp-content\/uploads\/2024\/01\/rocket-x-300x223.webp 300w, https:\/\/aviator-crash.org\/wp-content\/uploads\/2024\/01\/rocket-x-768x571.webp 768w, https:\/\/aviator-crash.org\/wp-content\/uploads\/2024\/01\/rocket-x.webp 1200w\" sizes=\"(max-width: 1024px) 100vw, 1024px\" \/><meta itemprop=\"width\" content=\"1024\"><meta itemprop=\"height\" content=\"761\"><\/span><\/figure>\n<\/figure>\n\n<p>O jogo multijogador Rocket X permite que voc\u00ea mergulhe em uma aventura emocionante e ganhe dinheiro de verdade.\nVoc\u00ea pode baix\u00e1-lo gratuitamente em qualquer um de seus dispositivos e desfrutar de um \u00f3timo jogo, tanto sozinho quanto com seus amigos e outros jogadores.\nPara isso, tudo o que voc\u00ea precisa fazer \u00e9 acessar o portal de apostas oficial do One Win e baixar o jogo Rocket X gratuitamente no Android.\nPara come\u00e7ar a jogar, basta acessar sua conta pessoal, registrando-se ou fazendo login.\nIsso levar\u00e1 apenas alguns minutos, mas voc\u00ea poder\u00e1 come\u00e7ar a jogar imediatamente e aproveitar o processo.    <\/p>\n\n<h2 class=\"wp-block-heading\"><strong>Vantagens do jogo on-line Rocket X<\/strong><\/h2>\n\n<p>Os jogos de azar s\u00e3o muito procurados no mundo moderno.\nEles permitem que voc\u00ea se divirta muito e ganhe quase qualquer quantia de dinheiro sem sair de casa.\nPor sua vez, o Rocket X \u00e9 considerado um dos mais populares do g\u00eanero.\nEsse jogo tem muitas vantagens, incluindo as seguintes:   <\/p>\n\n<ul>\n<li>Avalia\u00e7\u00f5es excepcionalmente positivas do Rocket X, o que indica que esse aplicativo \u00e9 extremamente popular entre os jogadores de todo o mundo.<\/li>\n\n\n\n<li>Modo multijogador.\nA capacidade de jogar em tempo real, aproveitando o processo com seus amigos ou outros usu\u00e1rios de todo o mundo on-line. <\/li>\n\n\n\n<li>Corrida din\u00e2mica.\nJogabilidade focada em corridas r\u00e1pidas e din\u00e2micas com uma variedade de pistas e obst\u00e1culos. <\/li>\n\n\n\n<li>Locais exclusivos.\nLocais de jogo diversificados e coloridos que oferecem diferentes condi\u00e7\u00f5es de corrida. <\/li>\n\n\n\n<li>Acrobacias e aprimoramentos.\nA capacidade de realizar acrobacias e aprimorar sua m\u00e1quina voadora com v\u00e1rias melhorias.\nTudo o que voc\u00ea precisa fazer \u00e9 baixar o Rocket X no seu dispositivo e se registrar.  <\/li>\n\n\n\n<li>Sistema de progress\u00e3o.\nUm elaborado sistema de progress\u00e3o com novos n\u00edveis, ve\u00edculos e outros conte\u00fados desbloqueados \u00e0 medida que voc\u00ea avan\u00e7a no jogo. <\/li>\n\n\n\n<li>Disponibilidade de um grande n\u00famero de b\u00f4nus.\nPossibilidade de obter b\u00f4nus, conquistas e outras recompensas pela conclus\u00e3o bem-sucedida de n\u00edveis ou pelo cumprimento de tarefas especiais. <\/li>\n\n\n\n<li>Gr\u00e1ficos excelentes e trilha sonora impressionante.\nGr\u00e1ficos e trilha sonora de qualidade para criar uma atmosfera visual e sonora impressionante. <\/li>\n<\/ul>\n\n<p>As in\u00fameras vantagens tornam esse jogo bastante popular entre os f\u00e3s de aplicativos de jogos de azar.\nAs avalia\u00e7\u00f5es do jogo Rocket X s\u00e3o, em sua maioria, positivas, o que mais uma vez confirma o fato acima.\nSe voc\u00ea quiser se divertir muito, esse aplicativo \u00e9 a melhor op\u00e7\u00e3o.  <\/p>\n\n<h2 class=\"wp-block-heading\">Como jogar Rocket X<\/h2>\n\n<p>Outra vantagem desse jogo \u00e9 que ele tem regras simples e claras, que podem ser entendidas rapidamente por qualquer pessoa.\nA primeira coisa que voc\u00ea precisa fazer \u00e9 se registrar ou fazer login no seu gabinete pessoal.\nEssa op\u00e7\u00e3o \u00e9 extremamente conveniente, pois todo o progresso ser\u00e1 salvo automaticamente.  <\/p>\n\n<p>A segunda etapa \u00e9 depositar fundos em sua conta de jogo.\nEm seguida, v\u00e1 para a p\u00e1gina e inicie o simulador.\nO jogo come\u00e7ar\u00e1 depois que voc\u00ea fizer uma aposta.\nO valor \u00e9 individual e depende exclusivamente de suas prefer\u00eancias e estrat\u00e9gia.   <\/p>\n\n<p>O site oficial do Rocket X oferece amplas oportunidades para voc\u00ea jogar o jogo.\nH\u00e1 modos individuais e multijogador, que permitem que voc\u00ea aproveite a jogabilidade on-line com amigos ou outros jogadores na Web.\nTodas as regras b\u00e1sicas est\u00e3o indicadas no site.\nAl\u00e9m disso, voc\u00ea pode fazer o treinamento antes de come\u00e7ar para entender melhor o jogo e come\u00e7ar a ganhar desde o in\u00edcio.   <\/p>\n\n<p>Depois de fazer sua aposta, basta aguardar o resultado.\nO processo \u00e9 bastante empolgante, pois os valores mudam muito rapidamente e \u00e9 quase imposs\u00edvel prever qual ser\u00e1 o resultado final. <\/p>\n\n<h2 class=\"wp-block-heading\">Como ganhar no Rocket X<\/h2>\n\n<p>Como j\u00e1 ficou claro, \u00e9 extremamente importante escolher o momento certo do jogo, para que as apostas n\u00e3o sejam queimadas e as chances sejam as mais favor\u00e1veis poss\u00edveis.\nPara isso, uma <em>estrat\u00e9gia<\/em> personalizada <em>do Rocket X<\/em> \u00e9 perfeita.\nPara desenvolv\u00ea-la, basta estudar os jogos anteriores, analisar os resultados e escolher a metodologia do jogo que ser\u00e1 mais lucrativa.  <\/p>\n\n<p>A estrat\u00e9gia no Rocket X \u00e9 vantajosa para todos, pois se baseia na experi\u00eancia anterior e ajuda a entender como o sistema funciona e como obter as maiores taxas de vit\u00f3ria como resultado.\nEsse jogo prova que apenas a sorte n\u00e3o \u00e9 suficiente para vencer.\nO sistema de c\u00e1lculo de probabilidades do Rocket X tamb\u00e9m ser\u00e1 necess\u00e1rio.  <\/p>\n\n<h2 class=\"wp-block-heading\">Regras do jogo Rocket X<\/h2>\n\n<p>No centro da hist\u00f3ria est\u00e1 um homem famoso, Ilon Musk, ou melhor, sua c\u00f3pia em desenho animado, que os usu\u00e1rios controlar\u00e3o durante o jogo.\nEsse jogo \u00e9 perfeito para quem gosta de emo\u00e7\u00e3o e riscos.\nAs regras do jogo aqui s\u00e3o quase id\u00eanticas \u00e0s de outros aplicativos semelhantes.\nAntes de iniciar o jogo Rocket X crash, voc\u00ea precisa fazer suas apostas e, em seguida, observar como elas crescem.\nA qualquer momento, voc\u00ea pode retirar sua aposta, mas \u00e9 importante ter cuidado: se fizer isso muito cedo ou muito tarde, voc\u00ea perder\u00e1.\n\u00c9 fundamental escolher o momento certo.     <\/p>\n\n<p>Se voc\u00ea acha que o jogo \u00e9 muito simples e mon\u00f3tono, est\u00e1 enganado.\nAltos riscos, apostas, dinamismo &#8211; tudo isso voc\u00ea pode encontrar aqui.\nVoc\u00ea pode ler mais sobre as regras na p\u00e1gina oficial.  <\/p>\n\n<h2 class=\"wp-block-heading\">C\u00f3digos promocionais<\/h2>\n\n<p>Os c\u00f3digos promocionais de jogos de azar podem ser fornecidos por plataformas de jogos, cassinos ou desenvolvedores para atrair novos jogadores, recompensar a fidelidade ou realizar promo\u00e7\u00f5es especiais.\nSe voc\u00ea quiser se divertir e aumentar suas chances de ganhar no jogo Rocket X 1win, poder\u00e1 aproveitar facilmente os c\u00f3digos promocionais dispon\u00edveis.\nVoc\u00ea pode encontr\u00e1-los em v\u00e1rias fontes:  <\/p>\n\n<ul>\n<li>O portal oficial do One Win.<\/li>\n\n\n\n<li>Listas de mala direta (\u00e9 por isso que \u00e9 recomend\u00e1vel inscrever-se em listas de mala direta do site imediatamente ap\u00f3s a inscri\u00e7\u00e3o).<\/li>\n\n\n\n<li>M\u00eddias sociais e f\u00f3runs dedicados.<\/li>\n\n\n\n<li>Programas de afiliados.<\/li>\n<\/ul>\n\n<p>Lembre-se de que \u00e9 importante estar atento e usar os c\u00f3digos promocionais seguindo as regras e condi\u00e7\u00f5es do jogo para evitar mal-entendidos e situa\u00e7\u00f5es desagrad\u00e1veis.<\/p>\n\n<h2 class=\"wp-block-heading\">Depoimentos<\/h2>\n\n<p>Considerando as avalia\u00e7\u00f5es dos usu\u00e1rios, podemos concluir que esse jogo \u00e9 considerado um dos mais populares do g\u00eanero, com in\u00fameras vantagens e recursos.\nAqui est\u00e3o algumas an\u00e1lises do 1win Rocket X: <\/p>\n","protected":false},"excerpt":{"rendered":"<p>O jogo multijogador Rocket X permite que voc\u00ea mergulhe em uma aventura emocionante e ganhe dinheiro de verdade. Voc\u00ea pode baix\u00e1-lo gratuitamente em qualquer um de seus dispositivos e desfrutar de um \u00f3timo jogo, tanto sozinho quanto com seus amigos e outros jogadores. Para isso, tudo o que voc\u00ea precisa fazer \u00e9 acessar o portal [&hellip;]<\/p>\n","protected":false},"author":2,"featured_media":0,"parent":0,"menu_order":0,"comment_status":"open","ping_status":"closed","template":"","meta":{"footnotes":""},"yoast_head":"<!-- This site is optimized with the Yoast SEO plugin v21.7 - https:\/\/yoast.com\/wordpress\/plugins\/seo\/ -->\n<title>Rocket X jogo de cassino, download<\/title>\n<meta name=\"description\" content=\"O melhor jogo do Rocket X com chance de ganhar dinheiro de verdade. Veja a descri\u00e7\u00e3o, estude as caracter\u00edsticas e os recursos do jogo, escolha a melhor estrat\u00e9gia e fa\u00e7a viagens inesquec\u00edveis. V\u00e1 em busca dos grandes pr\u00eamios!\" \/>\n<meta name=\"robots\" content=\"index, follow, max-snippet:-1, max-image-preview:large, max-video-preview:-1\" \/>\n<link rel=\"canonical\" href=\"https:\/\/aviator-crash.org\/pt-br\/jogar-rocket-x\/\" \/>\n<meta property=\"og:locale\" content=\"pt_BR\" \/>\n<meta property=\"og:type\" content=\"article\" \/>\n<meta property=\"og:title\" content=\"Rocket X jogo de cassino, download\" \/>\n<meta property=\"og:description\" content=\"O melhor jogo do Rocket X com chance de ganhar dinheiro de verdade. Veja a descri\u00e7\u00e3o, estude as caracter\u00edsticas e os recursos do jogo, escolha a melhor estrat\u00e9gia e fa\u00e7a viagens inesquec\u00edveis. V\u00e1 em busca dos grandes pr\u00eamios!\" \/>\n<meta property=\"og:url\" content=\"https:\/\/aviator-crash.org\/pt-br\/jogar-rocket-x\/\" \/>\n<meta property=\"article:modified_time\" content=\"2024-02-02T18:29:46+00:00\" \/>\n<meta property=\"og:image\" content=\"https:\/\/aviator-crash.org\/wp-content\/uploads\/2024\/01\/rocket-x-1024x761.webp\" \/>\n<meta name=\"twitter:card\" content=\"summary_large_image\" \/>\n<meta name=\"twitter:label1\" content=\"Est. reading time\" \/>\n\t<meta name=\"twitter:data1\" content=\"5 minutos\" \/>\n<script type=\"application\/ld+json\" class=\"yoast-schema-graph\">{\"@context\":\"https:\/\/schema.org\",\"@graph\":[{\"@type\":\"WebPage\",\"@id\":\"https:\/\/aviator-crash.org\/pt-br\/jogar-rocket-x\/\",\"url\":\"https:\/\/aviator-crash.org\/pt-br\/jogar-rocket-x\/\",\"name\":\"Rocket X jogo de cassino, download\",\"isPartOf\":{\"@id\":\"https:\/\/aviator-crash.org\/pt-br\/#website\"},\"datePublished\":\"2023-12-27T19:40:59+00:00\",\"dateModified\":\"2024-02-02T18:29:46+00:00\",\"description\":\"O melhor jogo do Rocket X com chance de ganhar dinheiro de verdade. Veja a descri\u00e7\u00e3o, estude as caracter\u00edsticas e os recursos do jogo, escolha a melhor estrat\u00e9gia e fa\u00e7a viagens inesquec\u00edveis. V\u00e1 em busca dos grandes pr\u00eamios!\",\"breadcrumb\":{\"@id\":\"https:\/\/aviator-crash.org\/pt-br\/jogar-rocket-x\/#breadcrumb\"},\"inLanguage\":\"pt-BR\",\"potentialAction\":[{\"@type\":\"ReadAction\",\"target\":[\"https:\/\/aviator-crash.org\/pt-br\/jogar-rocket-x\/\"]}]},{\"@type\":\"BreadcrumbList\",\"@id\":\"https:\/\/aviator-crash.org\/pt-br\/jogar-rocket-x\/#breadcrumb\",\"itemListElement\":[{\"@type\":\"ListItem\",\"position\":1,\"name\":\"Home\",\"item\":\"https:\/\/aviator-crash.org\/pt-br\/aviator-game-online-for-real-money\/\"},{\"@type\":\"ListItem\",\"position\":2,\"name\":\"Jogar Rocket X\"}]},{\"@type\":\"WebSite\",\"@id\":\"https:\/\/aviator-crash.org\/pt-br\/#website\",\"url\":\"https:\/\/aviator-crash.org\/pt-br\/\",\"name\":\"\",\"description\":\"\",\"potentialAction\":[{\"@type\":\"SearchAction\",\"target\":{\"@type\":\"EntryPoint\",\"urlTemplate\":\"https:\/\/aviator-crash.org\/pt-br\/?s={search_term_string}\"},\"query-input\":\"required name=search_term_string\"}],\"inLanguage\":\"pt-BR\"}]}<\/script>\n<!-- \/ Yoast SEO plugin. -->","yoast_head_json":{"title":"Rocket X jogo de cassino, download","description":"O melhor jogo do Rocket X com chance de ganhar dinheiro de verdade. Veja a descri\u00e7\u00e3o, estude as caracter\u00edsticas e os recursos do jogo, escolha a melhor estrat\u00e9gia e fa\u00e7a viagens inesquec\u00edveis. V\u00e1 em busca dos grandes pr\u00eamios!","robots":{"index":"index","follow":"follow","max-snippet":"max-snippet:-1","max-image-preview":"max-image-preview:large","max-video-preview":"max-video-preview:-1"},"canonical":"https:\/\/aviator-crash.org\/pt-br\/jogar-rocket-x\/","og_locale":"pt_BR","og_type":"article","og_title":"Rocket X jogo de cassino, download","og_description":"O melhor jogo do Rocket X com chance de ganhar dinheiro de verdade. Veja a descri\u00e7\u00e3o, estude as caracter\u00edsticas e os recursos do jogo, escolha a melhor estrat\u00e9gia e fa\u00e7a viagens inesquec\u00edveis. V\u00e1 em busca dos grandes pr\u00eamios!","og_url":"https:\/\/aviator-crash.org\/pt-br\/jogar-rocket-x\/","article_modified_time":"2024-02-02T18:29:46+00:00","og_image":[{"url":"https:\/\/aviator-crash.org\/wp-content\/uploads\/2024\/01\/rocket-x-1024x761.webp"}],"twitter_card":"summary_large_image","twitter_misc":{"Est. reading time":"5 minutos"},"schema":{"@context":"https:\/\/schema.org","@graph":[{"@type":"WebPage","@id":"https:\/\/aviator-crash.org\/pt-br\/jogar-rocket-x\/","url":"https:\/\/aviator-crash.org\/pt-br\/jogar-rocket-x\/","name":"Rocket X jogo de cassino, download","isPartOf":{"@id":"https:\/\/aviator-crash.org\/pt-br\/#website"},"datePublished":"2023-12-27T19:40:59+00:00","dateModified":"2024-02-02T18:29:46+00:00","description":"O melhor jogo do Rocket X com chance de ganhar dinheiro de verdade. Veja a descri\u00e7\u00e3o, estude as caracter\u00edsticas e os recursos do jogo, escolha a melhor estrat\u00e9gia e fa\u00e7a viagens inesquec\u00edveis. V\u00e1 em busca dos grandes pr\u00eamios!","breadcrumb":{"@id":"https:\/\/aviator-crash.org\/pt-br\/jogar-rocket-x\/#breadcrumb"},"inLanguage":"pt-BR","potentialAction":[{"@type":"ReadAction","target":["https:\/\/aviator-crash.org\/pt-br\/jogar-rocket-x\/"]}]},{"@type":"BreadcrumbList","@id":"https:\/\/aviator-crash.org\/pt-br\/jogar-rocket-x\/#breadcrumb","itemListElement":[{"@type":"ListItem","position":1,"name":"Home","item":"https:\/\/aviator-crash.org\/pt-br\/aviator-game-online-for-real-money\/"},{"@type":"ListItem","position":2,"name":"Jogar Rocket X"}]},{"@type":"WebSite","@id":"https:\/\/aviator-crash.org\/pt-br\/#website","url":"https:\/\/aviator-crash.org\/pt-br\/","name":"","description":"","potentialAction":[{"@type":"SearchAction","target":{"@type":"EntryPoint","urlTemplate":"https:\/\/aviator-crash.org\/pt-br\/?s={search_term_string}"},"query-input":"required name=search_term_string"}],"inLanguage":"pt-BR"}]}},"_links":{"self":[{"href":"https:\/\/aviator-crash.org\/pt-br\/wp-json\/wp\/v2\/pages\/2589"}],"collection":[{"href":"https:\/\/aviator-crash.org\/pt-br\/wp-json\/wp\/v2\/pages"}],"about":[{"href":"https:\/\/aviator-crash.org\/pt-br\/wp-json\/wp\/v2\/types\/page"}],"author":[{"embeddable":true,"href":"https:\/\/aviator-crash.org\/pt-br\/wp-json\/wp\/v2\/users\/2"}],"replies":[{"embeddable":true,"href":"https:\/\/aviator-crash.org\/pt-br\/wp-json\/wp\/v2\/comments?post=2589"}],"version-history":[{"count":1,"href":"https:\/\/aviator-crash.org\/pt-br\/wp-json\/wp\/v2\/pages\/2589\/revisions"}],"predecessor-version":[{"id":2591,"href":"https:\/\/aviator-crash.org\/pt-br\/wp-json\/wp\/v2\/pages\/2589\/revisions\/2591"}],"wp:attachment":[{"href":"https:\/\/aviator-crash.org\/pt-br\/wp-json\/wp\/v2\/media?parent=2589"}],"curies":[{"name":"wp","href":"https:\/\/api.w.org\/{rel}","templated":true}]}}