{"id":3057,"date":"2023-12-27T19:58:01","date_gmt":"2023-12-27T19:58:01","guid":{"rendered":"https:\/\/aviator-crash.org\/jogue-cash-or-crash\/"},"modified":"2024-02-02T19:37:36","modified_gmt":"2024-02-02T19:37:36","slug":"jogue-cash-or-crash","status":"publish","type":"page","link":"https:\/\/aviator-crash.org\/pt-br\/jogue-cash-or-crash\/","title":{"rendered":"Jogue Cash or Crash"},"content":{"rendered":"\n<figure class=\"wp-block-gallery has-nested-images columns-default is-cropped wp-block-gallery-1 is-layout-flex wp-block-gallery-is-layout-flex\">\n<figure class=\"wp-block-image size-large\"><span itemprop=\"image\" itemscope itemtype=\"https:\/\/schema.org\/ImageObject\"><img itemprop=\"url image\" loading=\"lazy\" decoding=\"async\" width=\"1024\" height=\"498\" data-id=\"466\" src=\"https:\/\/aviator-crash.org\/wp-content\/uploads\/2024\/01\/cash-or-crash-live-1200x584-1-1024x498.jpeg\" alt=\"\" class=\"wp-image-466\" srcset=\"https:\/\/aviator-crash.org\/wp-content\/uploads\/2024\/01\/cash-or-crash-live-1200x584-1-1024x498.jpeg 1024w, https:\/\/aviator-crash.org\/wp-content\/uploads\/2024\/01\/cash-or-crash-live-1200x584-1-300x146.jpeg 300w, https:\/\/aviator-crash.org\/wp-content\/uploads\/2024\/01\/cash-or-crash-live-1200x584-1-768x374.jpeg 768w, https:\/\/aviator-crash.org\/wp-content\/uploads\/2024\/01\/cash-or-crash-live-1200x584-1.jpeg 1200w\" sizes=\"(max-width: 1024px) 100vw, 1024px\" \/><meta itemprop=\"width\" content=\"1024\"><meta itemprop=\"height\" content=\"498\"><\/span><\/figure>\n<\/figure>\n\n<p>Cash or Crash \u00e9 um jogo muito procurado pelos f\u00e3s de aplicativos de jogos de azar, apostas altas e riscos.\n\u00c9 uma \u00f3tima op\u00e7\u00e3o para se divertir e tentar a sorte.\nO Cash or Crash \u00e9 um aplicativo para Android em que os jogadores podem apostar em v\u00e1rios eventos, cujo resultado \u00e9 determinado aleatoriamente.\nPara come\u00e7ar a jogar, tudo o que voc\u00ea precisa fazer \u00e9 baixar o aplicativo no site oficial de apostas do One Win, registrar-se ou fazer login na sua conta pessoal e fazer a sua aposta.\nBaixe o Cash or Crash de gra\u00e7a para todo mundo.\nInicie o jogo e divirta-se muito.     <\/p>\n\n<h2 class=\"wp-block-heading\">Vantagens do jogo on-line Cash or Crash<\/h2>\n\n<p>Os jogos de azar s\u00e3o considerados um dos jogos mais populares da atualidade.\nO principal motivo \u00e9 que aqui voc\u00ea pode n\u00e3o apenas se divertir, mas tamb\u00e9m ganhar dinheiro de verdade.\nEm geral, o visual do aplicativo Cash or Crash \u00e9 um verdadeiro deleite.\nGr\u00e1ficos excelentes, interface clara, controle intuitivamente simples &#8211; tudo isso pode ser encontrado aqui.   <\/p>\n\n<p>Entre as principais vantagens do popular jogo de apostas Cash or Crash est\u00e3o as seguintes:<\/p>\n\n<ul>\n<li>Jogabilidade interessante.\nEle oferece uma jogabilidade empolgante e viciante com a possibilidade de ganhar ou perder rapidamente. <\/li>\n\n\n\n<li>Modo multijogador.\nA possibilidade de jogar com amigos ou outros jogadores pode acrescentar um aspecto social e divertido. <\/li>\n\n\n\n<li>Gr\u00e1ficos e som.\nOs gr\u00e1ficos e o som de alta qualidade criam a atmosfera do jogo, tornando-o mais atraente para os jogadores. <\/li>\n\n\n\n<li>Disponibilidade de atualiza\u00e7\u00f5es regulares.\nGra\u00e7as a isso, voc\u00ea poder\u00e1 desfrutar de seu jogo favorito com melhor desempenho.\nOs desenvolvedores tentam melhorar o jogo regularmente para atender \u00e0s tend\u00eancias atuais no mundo dos jogos de azar on-line.  <\/li>\n\n\n\n<li>A possibilidade de jogar diretamente de seu telefone, n\u00e3o importa onde esteja.\nEssa \u00e9 uma \u00f3tima oportunidade para se divertir, aproveitar a jogabilidade e at\u00e9 mesmo tentar ganhar dinheiro de verdade. <\/li>\n\n\n\n<li>Muitos modos de jogo diferentes.\nA estrat\u00e9gia de Cash ou Crash escolhida adequadamente aumentar\u00e1 as chances de vit\u00f3ria em qualquer um dos modos. <\/li>\n<\/ul>\n\n<p>No geral, o jogo Cash or Crash \u00e9 um \u00f3timo exemplo de aplicativo interessante em que voc\u00ea pode ganhar dinheiro de verdade.\nVoc\u00ea pode se divertir muito e tamb\u00e9m jogar com seus amigos ou outros jogadores on-line usando o modo multijogador. <\/p>\n\n<h2 class=\"wp-block-heading\">Como jogar Cash or Crash<\/h2>\n\n<p>&#8220;Cash or Crash&#8221; \u00e9 um jogo de apostas virtual frequentemente oferecido por cassinos on-line.\nEmbora as regras possam variar ligeiramente de uma vers\u00e3o do jogo para outra, o conceito b\u00e1sico geralmente permanece o mesmo.\nAqui est\u00e1 um guia geral sobre como jogar Cash or Crash:  <\/p>\n\n<ul>\n<li>Registro.\nTalvez seja necess\u00e1rio registrar-se em um cassino on-line que ofere\u00e7a o jogo Cash or Crash.\nSiga as instru\u00e7\u00f5es para criar uma conta.  <\/li>\n\n\n\n<li>Recarga.\nAntes de come\u00e7ar a jogar, voc\u00ea precisa recarregar sua conta de jogo com dinheiro real.\nNa maioria dos casos, isso pode ser feito usando v\u00e1rios m\u00e9todos de pagamento.  <\/li>\n\n\n\n<li>Selecionando o valor da aposta.<\/li>\n\n\n\n<li>Inicie a rodada.<\/li>\n\n\n\n<li>Decis\u00e3o de encerrar a rodada.\nDurante a rodada, voc\u00ea tem a op\u00e7\u00e3o de encerrar a rodada a qualquer momento para receber o dinheiro que ganhou.\nNo entanto, se voc\u00ea n\u00e3o concluir a rodada at\u00e9 um determinado ponto, h\u00e1 o risco de um &#8220;crash&#8221; e voc\u00ea perder\u00e1 sua aposta.  <\/li>\n\n\n\n<li>Crash ou fim da rodada.\nEm algum momento da rodada, ocorre um &#8220;crash&#8221;.\nSe voc\u00ea tiver conclu\u00eddo a rodada antes desse ponto, receber\u00e1 seus ganhos de acordo com o multiplicador atual.\nCaso contr\u00e1rio, voc\u00ea perder\u00e1 sua aposta.   <\/li>\n<\/ul>\n\n<p>O princ\u00edpio do jogo \u00e9 bastante simples e claro, portanto, voc\u00ea conseguir\u00e1 entender rapidamente o que precisa fazer aqui.\nSe tiver algum problema, consulte as instru\u00e7\u00f5es. <\/p>\n\n<h2 class=\"wp-block-heading\">Como ganhar no Cash or Crash<\/h2>\n\n<p>Ganhar em jogos de azar, como ca\u00e7a-n\u00edqueis, p\u00f4quer, roleta e blackjack, geralmente depende do acaso, e a maioria dos jogos de azar \u00e9 baseada no acaso.\nNo entanto, existem algumas estrat\u00e9gias e dicas que podem ajudar a administrar sua banca e aumentar suas chances de ganhar no popular jogo de cassino Crash Cash: <\/p>\n\n<ul>\n<li>Gerenciamento do bankroll.\nDetermine o limite de perdas que voc\u00ea pode suportar e n\u00e3o o ultrapasse.\nDivida seu bankroll em sess\u00f5es de jogo e aposte somente o que voc\u00ea pode perder.  <\/li>\n\n\n\n<li>Aprenda estrat\u00e9gias b\u00e1sicas.\nConforme mencionado acima, a estrat\u00e9gia correta desempenha um papel fundamental no jogo.\nEla envolve o estudo de vit\u00f3rias anteriores, a busca de padr\u00f5es e o destaque das principais combina\u00e7\u00f5es vencedoras.\nA estrat\u00e9gia de Cash ou Crash \u00e9, na maioria das vezes, individual, embora voc\u00ea possa receber conselhos de jogadores mais experientes.   <\/li>\n\n\n\n<li>Aproveite os b\u00f4nus.\nAproveite os b\u00f4nus e as promo\u00e7\u00f5es do cassino.\nNo entanto, \u00e9 importante ler atentamente os termos e condi\u00e7\u00f5es associados aos b\u00f4nus.  <\/li>\n\n\n\n<li>Leia as regras do jogo com aten\u00e7\u00e3o e familiarize-se com as instru\u00e7\u00f5es.<\/li>\n<\/ul>\n\n<p>Ao seguir as dicas acima, voc\u00ea pode aumentar muito suas chances de ganhar.<\/p>\n\n<h2 class=\"wp-block-heading\">Regras do jogo Cash or Crash<\/h2>\n\n<p>As regras do jogo s\u00e3o simples e claras.\nEm primeiro lugar, o jogador escolhe o valor a ser apostado e pressiona o bot\u00e3o para iniciar a rodada.\nA rodada come\u00e7a com um multiplicador inicial (por exemplo, 1x).\nEsse multiplicador come\u00e7a a aumentar com o tempo.\nDurante a rodada, o jogador tem um determinado per\u00edodo de tempo para decidir se deseja encerrar a rodada e receber os ganhos.\nIsso pode ser feito antes que o multiplicador atinja um determinado valor, o que causa um &#8220;crash&#8221;.     <\/p>\n\n<p>O &#8220;Crash&#8221; ocorre quando o multiplicador atinge um determinado valor.\nSe o jogador tiver conclu\u00eddo a rodada antes desse momento, ele receber\u00e1 os ganhos.\nCaso contr\u00e1rio, a aposta ser\u00e1 queimada.\nSe o jogador tiver conclu\u00eddo a rodada antes do &#8220;crash&#8221; e tiver recebido os pr\u00eamios, o valor dos pr\u00eamios depender\u00e1 do multiplicador atual.\nSe o jogador n\u00e3o tiver conclu\u00eddo a rodada antes do &#8220;crash&#8221;, a aposta ser\u00e1 cancelada e n\u00e3o haver\u00e1 ganhos.    <\/p>\n\n<h2 class=\"wp-block-heading\">C\u00f3digos promocionais<\/h2>\n\n<p>Os c\u00f3digos promocionais Cash ou Crash s\u00e3o c\u00f3digos especiais que os jogadores podem inserir para receber v\u00e1rios b\u00f4nus, privil\u00e9gios e promo\u00e7\u00f5es.\nEsses c\u00f3digos s\u00e3o fornecidos pelo cassino ou pelos desenvolvedores do jogo e podem ser usados pelos jogadores para melhorar sua experi\u00eancia de jogo ou obter recursos adicionais.\nNo caso do Cash or Crash, os c\u00f3digos promocionais podem fornecer:  <\/p>\n\n<ol>\n<li>Dep\u00f3sitos de b\u00f4nus: fundos adicionais quando voc\u00ea recarrega sua conta no jogo.<\/li>\n\n\n\n<li>Rodadas gr\u00e1tis: rodadas gr\u00e1tis no jogo com multiplicadores.<\/li>\n\n\n\n<li>Multiplicadores aumentados: multiplicadores de b\u00f4nus durante o jogo.<\/li>\n\n\n\n<li>Eventos especiais: participa\u00e7\u00e3o em promo\u00e7\u00f5es e torneios especiais.<\/li>\n<\/ol>\n\n<p>As estat\u00edsticas do Cash or Crash indicam que, com o uso de b\u00f4nus adicionais, os usu\u00e1rios t\u00eam uma chance muito maior de ganhar.\nPara usar um c\u00f3digo promocional no jogo &#8220;Cash or Crash&#8221;, geralmente \u00e9 necess\u00e1rio fazer login na sua conta no cassino, ir at\u00e9 a se\u00e7\u00e3o &#8220;C\u00f3digos promocionais&#8221; ou &#8220;B\u00f4nus&#8221; e inserir o c\u00f3digo apropriado.\nDepois disso, os b\u00f4nus fornecidos por essa a\u00e7\u00e3o ser\u00e3o automaticamente creditados na sua conta.  <\/p>\n\n<p>\u00c9 importante n\u00e3o esquecer que os c\u00f3digos promocionais podem ter um per\u00edodo de validade limitado ou determinadas condi\u00e7\u00f5es de uso.\nAntes de inserir um c\u00f3digo promocional, \u00e9 importante ler atentamente os termos e condi\u00e7\u00f5es para evitar mal-entendidos e utilizar totalmente os b\u00f4nus oferecidos. <\/p>\n\n<h2 class=\"wp-block-heading\">Depoimentos<\/h2>\n\n<p>Aqui est\u00e3o algumas avalia\u00e7\u00f5es de usu\u00e1rios que experimentaram os benef\u00edcios desse popular jogo de apostas:<\/p>\n","protected":false},"excerpt":{"rendered":"<p>Cash or Crash \u00e9 um jogo muito procurado pelos f\u00e3s de aplicativos de jogos de azar, apostas altas e riscos. \u00c9 uma \u00f3tima op\u00e7\u00e3o para se divertir e tentar a sorte. O Cash or Crash \u00e9 um aplicativo para Android em que os jogadores podem apostar em v\u00e1rios eventos, cujo resultado \u00e9 determinado aleatoriamente. Para [&hellip;]<\/p>\n","protected":false},"author":2,"featured_media":0,"parent":0,"menu_order":0,"comment_status":"open","ping_status":"closed","template":"","meta":{"footnotes":""},"yoast_head":"<!-- This site is optimized with the Yoast SEO plugin v21.7 - https:\/\/yoast.com\/wordpress\/plugins\/seo\/ -->\n<title>Jogo de cassino Cash or Crash, download<\/title>\n<meta name=\"description\" content=\"Uma vis\u00e3o geral do Cash or Crash, um jogo popular em todo o mundo. Saiba mais sobre os principais recursos, vantagens, regras do jogo e segredos para ganhar muito. Fa\u00e7a o download do jogo e divirta-se muito com seus amigos.\" \/>\n<meta name=\"robots\" content=\"index, follow, max-snippet:-1, max-image-preview:large, max-video-preview:-1\" \/>\n<link rel=\"canonical\" href=\"https:\/\/aviator-crash.org\/pt-br\/jogue-cash-or-crash\/\" \/>\n<meta property=\"og:locale\" content=\"pt_BR\" \/>\n<meta property=\"og:type\" content=\"article\" \/>\n<meta property=\"og:title\" content=\"Jogo de cassino Cash or Crash, download\" \/>\n<meta property=\"og:description\" content=\"Uma vis\u00e3o geral do Cash or Crash, um jogo popular em todo o mundo. Saiba mais sobre os principais recursos, vantagens, regras do jogo e segredos para ganhar muito. Fa\u00e7a o download do jogo e divirta-se muito com seus amigos.\" \/>\n<meta property=\"og:url\" content=\"https:\/\/aviator-crash.org\/pt-br\/jogue-cash-or-crash\/\" \/>\n<meta property=\"article:modified_time\" content=\"2024-02-02T19:37:36+00:00\" \/>\n<meta property=\"og:image\" content=\"https:\/\/aviator-crash.org\/wp-content\/uploads\/2024\/01\/cash-or-crash-live-1200x584-1-1024x498.jpeg\" \/>\n<meta name=\"twitter:card\" content=\"summary_large_image\" \/>\n<meta name=\"twitter:label1\" content=\"Est. reading time\" \/>\n\t<meta name=\"twitter:data1\" content=\"6 minutos\" \/>\n<script type=\"application\/ld+json\" class=\"yoast-schema-graph\">{\"@context\":\"https:\/\/schema.org\",\"@graph\":[{\"@type\":\"WebPage\",\"@id\":\"https:\/\/aviator-crash.org\/pt-br\/jogue-cash-or-crash\/\",\"url\":\"https:\/\/aviator-crash.org\/pt-br\/jogue-cash-or-crash\/\",\"name\":\"Jogo de cassino Cash or Crash, download\",\"isPartOf\":{\"@id\":\"https:\/\/aviator-crash.org\/pt-br\/#website\"},\"datePublished\":\"2023-12-27T19:58:01+00:00\",\"dateModified\":\"2024-02-02T19:37:36+00:00\",\"description\":\"Uma vis\u00e3o geral do Cash or Crash, um jogo popular em todo o mundo. Saiba mais sobre os principais recursos, vantagens, regras do jogo e segredos para ganhar muito. Fa\u00e7a o download do jogo e divirta-se muito com seus amigos.\",\"breadcrumb\":{\"@id\":\"https:\/\/aviator-crash.org\/pt-br\/jogue-cash-or-crash\/#breadcrumb\"},\"inLanguage\":\"pt-BR\",\"potentialAction\":[{\"@type\":\"ReadAction\",\"target\":[\"https:\/\/aviator-crash.org\/pt-br\/jogue-cash-or-crash\/\"]}]},{\"@type\":\"BreadcrumbList\",\"@id\":\"https:\/\/aviator-crash.org\/pt-br\/jogue-cash-or-crash\/#breadcrumb\",\"itemListElement\":[{\"@type\":\"ListItem\",\"position\":1,\"name\":\"Home\",\"item\":\"https:\/\/aviator-crash.org\/pt-br\/aviator-game-online-for-real-money\/\"},{\"@type\":\"ListItem\",\"position\":2,\"name\":\"Jogue Cash or Crash\"}]},{\"@type\":\"WebSite\",\"@id\":\"https:\/\/aviator-crash.org\/pt-br\/#website\",\"url\":\"https:\/\/aviator-crash.org\/pt-br\/\",\"name\":\"\",\"description\":\"\",\"potentialAction\":[{\"@type\":\"SearchAction\",\"target\":{\"@type\":\"EntryPoint\",\"urlTemplate\":\"https:\/\/aviator-crash.org\/pt-br\/?s={search_term_string}\"},\"query-input\":\"required name=search_term_string\"}],\"inLanguage\":\"pt-BR\"}]}<\/script>\n<!-- \/ Yoast SEO plugin. -->","yoast_head_json":{"title":"Jogo de cassino Cash or Crash, download","description":"Uma vis\u00e3o geral do Cash or Crash, um jogo popular em todo o mundo. Saiba mais sobre os principais recursos, vantagens, regras do jogo e segredos para ganhar muito. Fa\u00e7a o download do jogo e divirta-se muito com seus amigos.","robots":{"index":"index","follow":"follow","max-snippet":"max-snippet:-1","max-image-preview":"max-image-preview:large","max-video-preview":"max-video-preview:-1"},"canonical":"https:\/\/aviator-crash.org\/pt-br\/jogue-cash-or-crash\/","og_locale":"pt_BR","og_type":"article","og_title":"Jogo de cassino Cash or Crash, download","og_description":"Uma vis\u00e3o geral do Cash or Crash, um jogo popular em todo o mundo. Saiba mais sobre os principais recursos, vantagens, regras do jogo e segredos para ganhar muito. Fa\u00e7a o download do jogo e divirta-se muito com seus amigos.","og_url":"https:\/\/aviator-crash.org\/pt-br\/jogue-cash-or-crash\/","article_modified_time":"2024-02-02T19:37:36+00:00","og_image":[{"url":"https:\/\/aviator-crash.org\/wp-content\/uploads\/2024\/01\/cash-or-crash-live-1200x584-1-1024x498.jpeg"}],"twitter_card":"summary_large_image","twitter_misc":{"Est. reading time":"6 minutos"},"schema":{"@context":"https:\/\/schema.org","@graph":[{"@type":"WebPage","@id":"https:\/\/aviator-crash.org\/pt-br\/jogue-cash-or-crash\/","url":"https:\/\/aviator-crash.org\/pt-br\/jogue-cash-or-crash\/","name":"Jogo de cassino Cash or Crash, download","isPartOf":{"@id":"https:\/\/aviator-crash.org\/pt-br\/#website"},"datePublished":"2023-12-27T19:58:01+00:00","dateModified":"2024-02-02T19:37:36+00:00","description":"Uma vis\u00e3o geral do Cash or Crash, um jogo popular em todo o mundo. Saiba mais sobre os principais recursos, vantagens, regras do jogo e segredos para ganhar muito. Fa\u00e7a o download do jogo e divirta-se muito com seus amigos.","breadcrumb":{"@id":"https:\/\/aviator-crash.org\/pt-br\/jogue-cash-or-crash\/#breadcrumb"},"inLanguage":"pt-BR","potentialAction":[{"@type":"ReadAction","target":["https:\/\/aviator-crash.org\/pt-br\/jogue-cash-or-crash\/"]}]},{"@type":"BreadcrumbList","@id":"https:\/\/aviator-crash.org\/pt-br\/jogue-cash-or-crash\/#breadcrumb","itemListElement":[{"@type":"ListItem","position":1,"name":"Home","item":"https:\/\/aviator-crash.org\/pt-br\/aviator-game-online-for-real-money\/"},{"@type":"ListItem","position":2,"name":"Jogue Cash or Crash"}]},{"@type":"WebSite","@id":"https:\/\/aviator-crash.org\/pt-br\/#website","url":"https:\/\/aviator-crash.org\/pt-br\/","name":"","description":"","potentialAction":[{"@type":"SearchAction","target":{"@type":"EntryPoint","urlTemplate":"https:\/\/aviator-crash.org\/pt-br\/?s={search_term_string}"},"query-input":"required name=search_term_string"}],"inLanguage":"pt-BR"}]}},"_links":{"self":[{"href":"https:\/\/aviator-crash.org\/pt-br\/wp-json\/wp\/v2\/pages\/3057"}],"collection":[{"href":"https:\/\/aviator-crash.org\/pt-br\/wp-json\/wp\/v2\/pages"}],"about":[{"href":"https:\/\/aviator-crash.org\/pt-br\/wp-json\/wp\/v2\/types\/page"}],"author":[{"embeddable":true,"href":"https:\/\/aviator-crash.org\/pt-br\/wp-json\/wp\/v2\/users\/2"}],"replies":[{"embeddable":true,"href":"https:\/\/aviator-crash.org\/pt-br\/wp-json\/wp\/v2\/comments?post=3057"}],"version-history":[{"count":1,"href":"https:\/\/aviator-crash.org\/pt-br\/wp-json\/wp\/v2\/pages\/3057\/revisions"}],"predecessor-version":[{"id":3059,"href":"https:\/\/aviator-crash.org\/pt-br\/wp-json\/wp\/v2\/pages\/3057\/revisions\/3059"}],"wp:attachment":[{"href":"https:\/\/aviator-crash.org\/pt-br\/wp-json\/wp\/v2\/media?parent=3057"}],"curies":[{"name":"wp","href":"https:\/\/api.w.org\/{rel}","templated":true}]}}