{"id":3165,"date":"2023-12-27T19:12:26","date_gmt":"2023-12-27T19:12:26","guid":{"rendered":"https:\/\/aviator-crash.org\/jogos-a-dinheiro-rapidos-on-line-com-saque\/"},"modified":"2024-02-02T19:42:55","modified_gmt":"2024-02-02T19:42:55","slug":"jogos-a-dinheiro-rapidos-on-line-com-saque","status":"publish","type":"page","link":"https:\/\/aviator-crash.org\/pt-br\/jogos-a-dinheiro-rapidos-on-line-com-saque\/","title":{"rendered":"Jogos a dinheiro r\u00e1pidos on-line com saque"},"content":{"rendered":"\n<figure class=\"wp-block-gallery has-nested-images columns-default is-cropped wp-block-gallery-1 is-layout-flex wp-block-gallery-is-layout-flex\">\n<figure class=\"wp-block-image size-large\"><span itemprop=\"image\" itemscope itemtype=\"https:\/\/schema.org\/ImageObject\"><img itemprop=\"url image\" loading=\"lazy\" decoding=\"async\" width=\"683\" height=\"600\" data-id=\"460\" src=\"https:\/\/aviator-crash.org\/wp-content\/uploads\/2024\/01\/aviator-minigame-logo-4.png\" alt=\"\" class=\"wp-image-460\" srcset=\"https:\/\/aviator-crash.org\/wp-content\/uploads\/2024\/01\/aviator-minigame-logo-4.png 683w, https:\/\/aviator-crash.org\/wp-content\/uploads\/2024\/01\/aviator-minigame-logo-4-300x264.png 300w\" sizes=\"(max-width: 683px) 100vw, 683px\" \/><meta itemprop=\"width\" content=\"683\"><meta itemprop=\"height\" content=\"600\"><\/span><\/figure>\n<\/figure>\n\n<p>O conceito de jogos Crash surgiu no in\u00edcio dos anos 2000.\nEntretanto, nos \u00faltimos anos, eles se tornaram cada vez mais populares.\nOs jogos para ganhar dinheiro r\u00e1pido s\u00e3o apresentados em quase todos os cassinos on-line.\nCada rodada \u00e9 emocionante e cheia de adrenalina.\nOs jogos r\u00e1pidos s\u00e3o caracterizados por uma jogabilidade simples: o multiplicador aumenta e, consequentemente, os ganhos crescem; voc\u00ea precisa conseguir pegar o dinheiro antes do desastre.    <\/p>\n\n<h2 class=\"wp-block-heading\">Crash game para ganhar dinheiro com saque<\/h2>\n\n<p>Os ganhos r\u00e1pidos em jogos de azar s\u00e3o muito atraentes para os apostadores.\nO usu\u00e1rio deve acompanhar atentamente a jogabilidade e pressionar o bot\u00e3o no momento em que sua intui\u00e7\u00e3o o solicitar.\nO jogo com retirada r\u00e1pida de dinheiro \u00e9 real e foi confirmado por jogadores de todo o mundo.  <\/p>\n\n<p>O princ\u00edpio \u00e9 muito simples: o jogador faz uma aposta e, depois disso, o multiplicador aumenta.\nNingu\u00e9m sabe em que momento a rodada terminar\u00e1.\n\u00c9 poss\u00edvel ganhar dinheiro rapidamente com jogos de azar se, gra\u00e7as \u00e0 intui\u00e7\u00e3o, voc\u00ea pressionar o bot\u00e3o antes do desastre.\nO pr\u00eamio \u00e9 o produto da aposta no coeficiente em que o jogo parou.\nSe o usu\u00e1rio n\u00e3o teve tempo, o cassino ganhou.\nQuanto mais longa a rodada, maior o risco.\nMas, ao mesmo tempo, h\u00e1 mais chances de ganhar.      <\/p>\n\n<p>O Crash Game for Money \u00e9 baseado no GSC, que \u00e9 imposs\u00edvel de ser vencido.\nAl\u00e9m disso, v\u00e1rios programas de hacking ou esquemas fraudulentos n\u00e3o ajudar\u00e3o.\nA honestidade dos jogos de colis\u00e3o pode ser comprovada, qualquer usu\u00e1rio pode verific\u00e1-la.  <\/p>\n\n<h2 class=\"wp-block-heading\">Jogue Aviator (avi\u00e3o voador) por dinheiro<\/h2>\n\n<p>Os jogos de saque com dinheiro virtual s\u00e3o extremamente populares.\nE um dos mais famosos \u00e9 o Aviator.\nO design \u00e9 muito simples.\nEm um fundo escuro, h\u00e1 uma aeronave que ganha altitude.\nQuanto mais alto ele estiver, maior ser\u00e1 o coeficiente.\nSe desejar, \u00e9 poss\u00edvel desativar a anima\u00e7\u00e3o.\nNesse caso, o usu\u00e1rio ver\u00e1 \u00e0 sua frente apenas o coeficiente crescente.\nO multiplicador de contagem come\u00e7a em um, e seu aumento \u00e9 irregular.\nApenas alguns segundos s\u00e3o suficientes para que ele aumente em cinco ou cem vezes.\nA dura\u00e7\u00e3o da rodada pode ser diferente: um segundo inteiro ou uma pequena fra\u00e7\u00e3o.\nSe desejar, o apostador executa a reprodu\u00e7\u00e3o autom\u00e1tica, bastando que ele defina a aposta e o coeficiente para encerrar a rodada.\nVoc\u00ea pode se familiarizar com as apostas anteriores e os resultados de outros usu\u00e1rios gra\u00e7as \u00e0s estat\u00edsticas ao vivo.           <\/p>\n\n<h2 class=\"wp-block-heading\">Crash game &#8211; Lucky Jet<\/h2>\n\n<figure class=\"wp-block-gallery has-nested-images columns-default is-cropped wp-block-gallery-2 is-layout-flex wp-block-gallery-is-layout-flex\">\n<figure class=\"wp-block-image size-large\"><span itemprop=\"image\" itemscope itemtype=\"https:\/\/schema.org\/ImageObject\"><img itemprop=\"url image\" loading=\"lazy\" decoding=\"async\" width=\"1024\" height=\"509\" data-id=\"448\" src=\"https:\/\/aviator-crash.org\/wp-content\/uploads\/2024\/01\/lucky-jet_1-1024x509.jpg\" alt=\"\" class=\"wp-image-448\" srcset=\"https:\/\/aviator-crash.org\/wp-content\/uploads\/2024\/01\/lucky-jet_1-1024x509.jpg 1024w, https:\/\/aviator-crash.org\/wp-content\/uploads\/2024\/01\/lucky-jet_1-300x149.jpg 300w, https:\/\/aviator-crash.org\/wp-content\/uploads\/2024\/01\/lucky-jet_1-768x382.jpg 768w, https:\/\/aviator-crash.org\/wp-content\/uploads\/2024\/01\/lucky-jet_1.jpg 1093w\" sizes=\"(max-width: 1024px) 100vw, 1024px\" \/><meta itemprop=\"width\" content=\"1024\"><meta itemprop=\"height\" content=\"509\"><\/span><\/figure>\n<\/figure>\n\n<p>Os jogos de Crash a dinheiro com b\u00f4nus t\u00eam um enredo diferente.\nOnline, voc\u00ea pode tentar a sorte no Lucky Jet, em que o personagem principal, Joe, est\u00e1 tentando voar com uma mochila cheia de dinheiro.\nO jogo Crash a dinheiro tem regras simples.\nVoc\u00ea precisa escolher uma aposta e ter tempo para sac\u00e1-la.\nSe voc\u00ea n\u00e3o fizer isso a tempo, o dinheiro ser\u00e1 queimado.\nAs chances dependem do tempo em que Joe permanecer\u00e1 no ar.     <\/p>\n\n<p>O tamanho do multiplicador m\u00e1ximo \u00e9 100; em alguns estabelecimentos de jogos de azar, ele \u00e9 dobrado.\nA vit\u00f3ria depende apenas da intui\u00e7\u00e3o do jogador, pois ele decide quando pressionar o bot\u00e3o. <\/p>\n\n<h2 class=\"wp-block-heading\">Jogo de colis\u00e3o &#8211; Jet X<\/h2>\n\n<figure class=\"wp-block-gallery has-nested-images columns-default is-cropped wp-block-gallery-3 is-layout-flex wp-block-gallery-is-layout-flex\">\n<figure class=\"wp-block-image size-large\"><span itemprop=\"image\" itemscope itemtype=\"https:\/\/schema.org\/ImageObject\"><img itemprop=\"url image\" loading=\"lazy\" decoding=\"async\" width=\"1024\" height=\"621\" data-id=\"451\" src=\"https:\/\/aviator-crash.org\/wp-content\/uploads\/2024\/01\/jetx-game-9-1024x621-1.png\" alt=\"\" class=\"wp-image-451\" srcset=\"https:\/\/aviator-crash.org\/wp-content\/uploads\/2024\/01\/jetx-game-9-1024x621-1.png 1024w, https:\/\/aviator-crash.org\/wp-content\/uploads\/2024\/01\/jetx-game-9-1024x621-1-300x182.png 300w, https:\/\/aviator-crash.org\/wp-content\/uploads\/2024\/01\/jetx-game-9-1024x621-1-768x466.png 768w\" sizes=\"(max-width: 1024px) 100vw, 1024px\" \/><meta itemprop=\"width\" content=\"1024\"><meta itemprop=\"height\" content=\"621\"><\/span><\/figure>\n<\/figure>\n\n<p>Os jogos de dinheiro r\u00e1pido geralmente usam um ve\u00edculo como protagonista.\nNo Jet X, voc\u00ea precisa acompanhar o movimento de um avi\u00e3o a jato.\nNo entanto, em um determinado momento, ele cair\u00e1 e desaparecer\u00e1 do radar.\nE \u00e9 antes disso que o usu\u00e1rio deve pressionar com prud\u00eancia o bot\u00e3o de saque.\nCaso contr\u00e1rio, o cassino ganha.    <\/p>\n\n<p>O jogo est\u00e1 entre os melhores e \u00e9 apresentado em muitos cassinos.\nO usu\u00e1rio v\u00ea uma tela de radar \u00e0 sua frente, que mostra a aeronave e o coeficiente.\nEle aumenta quando a aeronave decola.\nN\u00e3o \u00e9 \u00e0 toa que o Jet X est\u00e1 inclu\u00eddo na categoria de &#8220;Jogos com saque r\u00e1pido&#8221;, pois a rodada n\u00e3o dura mais do que alguns minutos.   <\/p>\n\n<p>Nos campos laterais, o usu\u00e1rio pode ver os resultados obtidos nas rodadas anteriores.\nAl\u00e9m disso, s\u00e3o indicadas as estat\u00edsticas reais de todos os usu\u00e1rios.\nO jogador pode fazer duas apostas por rodada; se necess\u00e1rio, a retirada autom\u00e1tica \u00e9 ativada.\nA queda ocorre a qualquer momento, mesmo que o ca\u00e7a tenha acabado de come\u00e7ar a ganhar altitude.\nOs sites de informa\u00e7\u00f5es relatam um coeficiente m\u00e1ximo de x25000, mas ele ainda n\u00e3o foi alcan\u00e7ado por nenhum jogador.    <\/p>\n\n<h2 class=\"wp-block-heading\">Falha no jogo &#8211; Rocket X<\/h2>\n\n<figure class=\"wp-block-gallery has-nested-images columns-default is-cropped wp-block-gallery-4 is-layout-flex wp-block-gallery-is-layout-flex\">\n<figure class=\"wp-block-image size-large\"><span itemprop=\"image\" itemscope itemtype=\"https:\/\/schema.org\/ImageObject\"><img itemprop=\"url image\" loading=\"lazy\" decoding=\"async\" width=\"1024\" height=\"448\" data-id=\"453\" src=\"https:\/\/aviator-crash.org\/wp-content\/uploads\/2024\/01\/screenshot-2022-11-29-at-12.55.42-1024x448.jpg\" alt=\"\" class=\"wp-image-453\" srcset=\"https:\/\/aviator-crash.org\/wp-content\/uploads\/2024\/01\/screenshot-2022-11-29-at-12.55.42-1024x448.jpg 1024w, https:\/\/aviator-crash.org\/wp-content\/uploads\/2024\/01\/screenshot-2022-11-29-at-12.55.42-300x131.jpg 300w, https:\/\/aviator-crash.org\/wp-content\/uploads\/2024\/01\/screenshot-2022-11-29-at-12.55.42-768x336.jpg 768w, https:\/\/aviator-crash.org\/wp-content\/uploads\/2024\/01\/screenshot-2022-11-29-at-12.55.42-1536x673.jpg 1536w, https:\/\/aviator-crash.org\/wp-content\/uploads\/2024\/01\/screenshot-2022-11-29-at-12.55.42-2048x897.jpg 2048w\" sizes=\"(max-width: 1024px) 100vw, 1024px\" \/><meta itemprop=\"width\" content=\"1024\"><meta itemprop=\"height\" content=\"448\"><\/span><\/figure>\n<\/figure>\n\n<p>O usu\u00e1rio assiste \u00e0 decolagem do foguete.\nEle pode fazer uma aposta de 0,1 a 140.\nQuanto maior for a dura\u00e7\u00e3o do voo, maior ser\u00e1 o coeficiente.\nO jogador pode personalizar o jogo para se adequar a si mesmo, usar apostas e saques autom\u00e1ticos.\nO jogo de queda requer configura\u00e7\u00f5es m\u00ednimas.\nDepois disso, o usu\u00e1rio pode desfrutar de um processo espetacular: ap\u00f3s o lan\u00e7amento do foguete, h\u00e1 uma pluma brilhante e tamb\u00e9m um aumento no coeficiente.\nNa aus\u00eancia de retirada autom\u00e1tica, o momento do fim da rodada \u00e9 escolhido pelo jogador.\nSe ele n\u00e3o tiver tido tempo de fazer isso antes da explos\u00e3o, ele continuar\u00e1 perdendo.\n\u00c9 poss\u00edvel se tornar um vencedor se voc\u00ea usar estrat\u00e9gias e t\u00e1ticas diferentes.        <\/p>\n\n<h2 class=\"wp-block-heading\">Jogo de colis\u00e3o &#8211; Space XY<\/h2>\n\n<figure class=\"wp-block-gallery has-nested-images columns-default is-cropped wp-block-gallery-5 is-layout-flex wp-block-gallery-is-layout-flex\">\n<figure class=\"wp-block-image size-large\"><span itemprop=\"image\" itemscope itemtype=\"https:\/\/schema.org\/ImageObject\"><img itemprop=\"url image\" loading=\"lazy\" decoding=\"async\" width=\"1024\" height=\"577\" data-id=\"455\" src=\"https:\/\/aviator-crash.org\/wp-content\/uploads\/2024\/01\/spacexy-gameplay-screen-1024x577-1.webp\" alt=\"\" class=\"wp-image-455\" srcset=\"https:\/\/aviator-crash.org\/wp-content\/uploads\/2024\/01\/spacexy-gameplay-screen-1024x577-1.webp 1024w, https:\/\/aviator-crash.org\/wp-content\/uploads\/2024\/01\/spacexy-gameplay-screen-1024x577-1-300x169.webp 300w, https:\/\/aviator-crash.org\/wp-content\/uploads\/2024\/01\/spacexy-gameplay-screen-1024x577-1-768x433.webp 768w\" sizes=\"(max-width: 1024px) 100vw, 1024px\" \/><meta itemprop=\"width\" content=\"1024\"><meta itemprop=\"height\" content=\"577\"><\/span><\/figure>\n<\/figure>\n\n<p>O jogo Crash for money tem caracter\u00edsticas \u00fanicas.\nO tema espacial o torna mais interessante e atraente para os jogadores.\nNaves espaciais, gal\u00e1xias, criaturas alien\u00edgenas, tudo isso combinado com anima\u00e7\u00f5es e gr\u00e1ficos brilhantes permitem que voc\u00ea mergulhe totalmente no mundo dos jogos de azar.\nSpace XY &#8211; o melhor jogo com saque r\u00e1pido, tem combina\u00e7\u00f5es vencedoras e recursos de b\u00f4nus.\nPode ser encontrado em v\u00e1rios cassinos on-line, portanto, o jogo Crash est\u00e1 dispon\u00edvel para um grande p\u00fablico.\nVoc\u00ea pode jogar com dinheiro real ou fichas virtuais, basta executar o modo de demonstra\u00e7\u00e3o.     <\/p>\n\n<h2 class=\"wp-block-heading\">Jogo r\u00e1pido &#8211; Cash or Crash<\/h2>\n\n<figure class=\"wp-block-gallery has-nested-images columns-default is-cropped wp-block-gallery-6 is-layout-flex wp-block-gallery-is-layout-flex\">\n<figure class=\"wp-block-image size-large\"><span itemprop=\"image\" itemscope itemtype=\"https:\/\/schema.org\/ImageObject\"><img itemprop=\"url image\" loading=\"lazy\" decoding=\"async\" width=\"1024\" height=\"576\" data-id=\"457\" src=\"https:\/\/aviator-crash.org\/wp-content\/uploads\/2024\/01\/cash-or-crash-evolution-live-games-hollywoodbets-1024x576-1.jpg\" alt=\"\" class=\"wp-image-457\" srcset=\"https:\/\/aviator-crash.org\/wp-content\/uploads\/2024\/01\/cash-or-crash-evolution-live-games-hollywoodbets-1024x576-1.jpg 1024w, https:\/\/aviator-crash.org\/wp-content\/uploads\/2024\/01\/cash-or-crash-evolution-live-games-hollywoodbets-1024x576-1-300x169.jpg 300w, https:\/\/aviator-crash.org\/wp-content\/uploads\/2024\/01\/cash-or-crash-evolution-live-games-hollywoodbets-1024x576-1-768x432.jpg 768w\" sizes=\"(max-width: 1024px) 100vw, 1024px\" \/><meta itemprop=\"width\" content=\"1024\"><meta itemprop=\"height\" content=\"576\"><\/span><\/figure>\n<\/figure>\n\n<p>O jogador se encontra em um dirig\u00edvel que se move sobre uma enorme metr\u00f3pole.\nO usu\u00e1rio v\u00ea um aparelho no qual as bolas s\u00e3o misturadas.\nS\u00e3o usadas oito bolas vermelhas, 19 verdes e uma dourada.\nO jogador precisa subir as escadas.\nPara isso, ele deve coletar bolas de cor verde.\nSe uma bola vermelha cair, a rodada termina.\nA bola dourada pode ser usada para defesa e d\u00e1 uma vida extra.      <\/p>\n\n<p>Depois que o escudo for quebrado ou a bola verde cair, o jogador poder\u00e1 continuar no jogo com todos os ganhos ou encerrar a rodada.\nEle tamb\u00e9m tem a op\u00e7\u00e3o de retirar metade do dinheiro e, com a quantia restante, pode continuar o jogo.\nO jogador ter\u00e1 de passar por vinte n\u00edveis.\nNo primeiro deles, o multiplicador \u00e9 de 1,2x e, no topo da escada, \u00e9 de 18000x.\n\u00c9 suficiente que o jogador aposte US$ 5 para obter 90000 como resultado.    <\/p>\n\n<p>O download do jogo com retirada r\u00e1pida de dinheiro est\u00e1 dispon\u00edvel nos cassinos on-line.\n\u00c9 necess\u00e1rio escolher um servi\u00e7o confi\u00e1vel com uma licen\u00e7a, pois isso garante o cumprimento das regras do \u00f3rg\u00e3o regulador.\nIsso significa que o cassino tem dinheiro para pagar at\u00e9 mesmo grandes quantias aos vencedores e que est\u00e1 constantemente passando por auditorias internas e verifica\u00e7\u00f5es de software.\n\u00c9 importante estudar as avalia\u00e7\u00f5es e o site da institui\u00e7\u00e3o.\nSe o usu\u00e1rio cair em um site fraudulento, ele n\u00e3o se divertir\u00e1 com b\u00f4nus e ganhos, mas perder\u00e1 dados pessoais ou infectar\u00e1 o dispositivo com v\u00edrus.    <\/p>\n","protected":false},"excerpt":{"rendered":"<p>O conceito de jogos Crash surgiu no in\u00edcio dos anos 2000. Entretanto, nos \u00faltimos anos, eles se tornaram cada vez mais populares. Os jogos para ganhar dinheiro r\u00e1pido s\u00e3o apresentados em quase todos os cassinos on-line. Cada rodada \u00e9 emocionante e cheia de adrenalina. Os jogos r\u00e1pidos s\u00e3o caracterizados por uma jogabilidade simples: o multiplicador [&hellip;]<\/p>\n","protected":false},"author":2,"featured_media":0,"parent":0,"menu_order":0,"comment_status":"closed","ping_status":"closed","template":"","meta":{"footnotes":""},"yoast_head":"<!-- This site is optimized with the Yoast SEO plugin v21.7 - https:\/\/yoast.com\/wordpress\/plugins\/seo\/ -->\n<title>Crash Games for money (jogo de colis\u00e3o on-line r\u00e1pido com retirada de dinheiro)<\/title>\n<meta name=\"description\" content=\"Os jogos de colis\u00e3o s\u00e3o populares porque oferecem uma oportunidade de ganhar dinheiro r\u00e1pido. Os jogos a dinheiro, em que h\u00e1 um crash, s\u00e3o caracterizados por regras simples. Ao mesmo tempo, s\u00e3o muito empolgantes e divertidos.\" \/>\n<meta name=\"robots\" content=\"index, follow, max-snippet:-1, max-image-preview:large, max-video-preview:-1\" \/>\n<link rel=\"canonical\" href=\"https:\/\/aviator-crash.org\/pt-br\/jogos-a-dinheiro-rapidos-on-line-com-saque\/\" \/>\n<meta property=\"og:locale\" content=\"pt_BR\" \/>\n<meta property=\"og:type\" content=\"article\" \/>\n<meta property=\"og:title\" content=\"Crash Games for money (jogo de colis\u00e3o on-line r\u00e1pido com retirada de dinheiro)\" \/>\n<meta property=\"og:description\" content=\"Os jogos de colis\u00e3o s\u00e3o populares porque oferecem uma oportunidade de ganhar dinheiro r\u00e1pido. Os jogos a dinheiro, em que h\u00e1 um crash, s\u00e3o caracterizados por regras simples. Ao mesmo tempo, s\u00e3o muito empolgantes e divertidos.\" \/>\n<meta property=\"og:url\" content=\"https:\/\/aviator-crash.org\/pt-br\/jogos-a-dinheiro-rapidos-on-line-com-saque\/\" \/>\n<meta property=\"article:modified_time\" content=\"2024-02-02T19:42:55+00:00\" \/>\n<meta property=\"og:image\" content=\"https:\/\/aviator-crash.org\/wp-content\/uploads\/2024\/01\/aviator-minigame-logo-4.png\" \/>\n<meta name=\"twitter:card\" content=\"summary_large_image\" \/>\n<meta name=\"twitter:label1\" content=\"Est. reading time\" \/>\n\t<meta name=\"twitter:data1\" content=\"6 minutos\" \/>\n<script type=\"application\/ld+json\" class=\"yoast-schema-graph\">{\"@context\":\"https:\/\/schema.org\",\"@graph\":[{\"@type\":\"WebPage\",\"@id\":\"https:\/\/aviator-crash.org\/pt-br\/jogos-a-dinheiro-rapidos-on-line-com-saque\/\",\"url\":\"https:\/\/aviator-crash.org\/pt-br\/jogos-a-dinheiro-rapidos-on-line-com-saque\/\",\"name\":\"Crash Games for money (jogo de colis\u00e3o on-line r\u00e1pido com retirada de dinheiro)\",\"isPartOf\":{\"@id\":\"https:\/\/aviator-crash.org\/pt-br\/#website\"},\"datePublished\":\"2023-12-27T19:12:26+00:00\",\"dateModified\":\"2024-02-02T19:42:55+00:00\",\"description\":\"Os jogos de colis\u00e3o s\u00e3o populares porque oferecem uma oportunidade de ganhar dinheiro r\u00e1pido. Os jogos a dinheiro, em que h\u00e1 um crash, s\u00e3o caracterizados por regras simples. Ao mesmo tempo, s\u00e3o muito empolgantes e divertidos.\",\"breadcrumb\":{\"@id\":\"https:\/\/aviator-crash.org\/pt-br\/jogos-a-dinheiro-rapidos-on-line-com-saque\/#breadcrumb\"},\"inLanguage\":\"pt-BR\",\"potentialAction\":[{\"@type\":\"ReadAction\",\"target\":[\"https:\/\/aviator-crash.org\/pt-br\/jogos-a-dinheiro-rapidos-on-line-com-saque\/\"]}]},{\"@type\":\"BreadcrumbList\",\"@id\":\"https:\/\/aviator-crash.org\/pt-br\/jogos-a-dinheiro-rapidos-on-line-com-saque\/#breadcrumb\",\"itemListElement\":[{\"@type\":\"ListItem\",\"position\":1,\"name\":\"Home\",\"item\":\"https:\/\/aviator-crash.org\/pt-br\/aviator-game-online-for-real-money\/\"},{\"@type\":\"ListItem\",\"position\":2,\"name\":\"Jogos a dinheiro r\u00e1pidos on-line com saque\"}]},{\"@type\":\"WebSite\",\"@id\":\"https:\/\/aviator-crash.org\/pt-br\/#website\",\"url\":\"https:\/\/aviator-crash.org\/pt-br\/\",\"name\":\"\",\"description\":\"\",\"potentialAction\":[{\"@type\":\"SearchAction\",\"target\":{\"@type\":\"EntryPoint\",\"urlTemplate\":\"https:\/\/aviator-crash.org\/pt-br\/?s={search_term_string}\"},\"query-input\":\"required name=search_term_string\"}],\"inLanguage\":\"pt-BR\"}]}<\/script>\n<!-- \/ Yoast SEO plugin. -->","yoast_head_json":{"title":"Crash Games for money (jogo de colis\u00e3o on-line r\u00e1pido com retirada de dinheiro)","description":"Os jogos de colis\u00e3o s\u00e3o populares porque oferecem uma oportunidade de ganhar dinheiro r\u00e1pido. Os jogos a dinheiro, em que h\u00e1 um crash, s\u00e3o caracterizados por regras simples. Ao mesmo tempo, s\u00e3o muito empolgantes e divertidos.","robots":{"index":"index","follow":"follow","max-snippet":"max-snippet:-1","max-image-preview":"max-image-preview:large","max-video-preview":"max-video-preview:-1"},"canonical":"https:\/\/aviator-crash.org\/pt-br\/jogos-a-dinheiro-rapidos-on-line-com-saque\/","og_locale":"pt_BR","og_type":"article","og_title":"Crash Games for money (jogo de colis\u00e3o on-line r\u00e1pido com retirada de dinheiro)","og_description":"Os jogos de colis\u00e3o s\u00e3o populares porque oferecem uma oportunidade de ganhar dinheiro r\u00e1pido. Os jogos a dinheiro, em que h\u00e1 um crash, s\u00e3o caracterizados por regras simples. Ao mesmo tempo, s\u00e3o muito empolgantes e divertidos.","og_url":"https:\/\/aviator-crash.org\/pt-br\/jogos-a-dinheiro-rapidos-on-line-com-saque\/","article_modified_time":"2024-02-02T19:42:55+00:00","og_image":[{"url":"https:\/\/aviator-crash.org\/wp-content\/uploads\/2024\/01\/aviator-minigame-logo-4.png"}],"twitter_card":"summary_large_image","twitter_misc":{"Est. reading time":"6 minutos"},"schema":{"@context":"https:\/\/schema.org","@graph":[{"@type":"WebPage","@id":"https:\/\/aviator-crash.org\/pt-br\/jogos-a-dinheiro-rapidos-on-line-com-saque\/","url":"https:\/\/aviator-crash.org\/pt-br\/jogos-a-dinheiro-rapidos-on-line-com-saque\/","name":"Crash Games for money (jogo de colis\u00e3o on-line r\u00e1pido com retirada de dinheiro)","isPartOf":{"@id":"https:\/\/aviator-crash.org\/pt-br\/#website"},"datePublished":"2023-12-27T19:12:26+00:00","dateModified":"2024-02-02T19:42:55+00:00","description":"Os jogos de colis\u00e3o s\u00e3o populares porque oferecem uma oportunidade de ganhar dinheiro r\u00e1pido. Os jogos a dinheiro, em que h\u00e1 um crash, s\u00e3o caracterizados por regras simples. Ao mesmo tempo, s\u00e3o muito empolgantes e divertidos.","breadcrumb":{"@id":"https:\/\/aviator-crash.org\/pt-br\/jogos-a-dinheiro-rapidos-on-line-com-saque\/#breadcrumb"},"inLanguage":"pt-BR","potentialAction":[{"@type":"ReadAction","target":["https:\/\/aviator-crash.org\/pt-br\/jogos-a-dinheiro-rapidos-on-line-com-saque\/"]}]},{"@type":"BreadcrumbList","@id":"https:\/\/aviator-crash.org\/pt-br\/jogos-a-dinheiro-rapidos-on-line-com-saque\/#breadcrumb","itemListElement":[{"@type":"ListItem","position":1,"name":"Home","item":"https:\/\/aviator-crash.org\/pt-br\/aviator-game-online-for-real-money\/"},{"@type":"ListItem","position":2,"name":"Jogos a dinheiro r\u00e1pidos on-line com saque"}]},{"@type":"WebSite","@id":"https:\/\/aviator-crash.org\/pt-br\/#website","url":"https:\/\/aviator-crash.org\/pt-br\/","name":"","description":"","potentialAction":[{"@type":"SearchAction","target":{"@type":"EntryPoint","urlTemplate":"https:\/\/aviator-crash.org\/pt-br\/?s={search_term_string}"},"query-input":"required name=search_term_string"}],"inLanguage":"pt-BR"}]}},"_links":{"self":[{"href":"https:\/\/aviator-crash.org\/pt-br\/wp-json\/wp\/v2\/pages\/3165"}],"collection":[{"href":"https:\/\/aviator-crash.org\/pt-br\/wp-json\/wp\/v2\/pages"}],"about":[{"href":"https:\/\/aviator-crash.org\/pt-br\/wp-json\/wp\/v2\/types\/page"}],"author":[{"embeddable":true,"href":"https:\/\/aviator-crash.org\/pt-br\/wp-json\/wp\/v2\/users\/2"}],"replies":[{"embeddable":true,"href":"https:\/\/aviator-crash.org\/pt-br\/wp-json\/wp\/v2\/comments?post=3165"}],"version-history":[{"count":1,"href":"https:\/\/aviator-crash.org\/pt-br\/wp-json\/wp\/v2\/pages\/3165\/revisions"}],"predecessor-version":[{"id":3173,"href":"https:\/\/aviator-crash.org\/pt-br\/wp-json\/wp\/v2\/pages\/3165\/revisions\/3173"}],"wp:attachment":[{"href":"https:\/\/aviator-crash.org\/pt-br\/wp-json\/wp\/v2\/media?parent=3165"}],"curies":[{"name":"wp","href":"https:\/\/api.w.org\/{rel}","templated":true}]}}