{"id":3689,"date":"2023-12-27T19:26:44","date_gmt":"2023-12-27T19:26:44","guid":{"rendered":"https:\/\/aviator-crash.org\/download-do-lucky-jet-1win\/"},"modified":"2024-02-02T20:21:37","modified_gmt":"2024-02-02T20:21:37","slug":"download-do-lucky-jet-1win","status":"publish","type":"page","link":"https:\/\/aviator-crash.org\/pt-br\/download-do-lucky-jet-1win\/","title":{"rendered":"Download do Lucky Jet 1win"},"content":{"rendered":"\n<figure class=\"wp-block-gallery has-nested-images columns-default is-cropped wp-block-gallery-1 is-layout-flex wp-block-gallery-is-layout-flex\">\n<figure class=\"wp-block-image size-large\"><span itemprop=\"image\" itemscope itemtype=\"https:\/\/schema.org\/ImageObject\"><img itemprop=\"url image\" loading=\"lazy\" decoding=\"async\" width=\"880\" height=\"500\" data-id=\"478\" src=\"https:\/\/aviator-crash.org\/wp-content\/uploads\/2024\/01\/lucky_jet_game-casino_yl6vvw.webp\" alt=\"\" class=\"wp-image-478\" srcset=\"https:\/\/aviator-crash.org\/wp-content\/uploads\/2024\/01\/lucky_jet_game-casino_yl6vvw.webp 880w, https:\/\/aviator-crash.org\/wp-content\/uploads\/2024\/01\/lucky_jet_game-casino_yl6vvw-300x170.webp 300w, https:\/\/aviator-crash.org\/wp-content\/uploads\/2024\/01\/lucky_jet_game-casino_yl6vvw-768x436.webp 768w\" sizes=\"(max-width: 880px) 100vw, 880px\" \/><meta itemprop=\"width\" content=\"880\"><meta itemprop=\"height\" content=\"500\"><\/span><\/figure>\n<\/figure>\n\n<p>Voo virtuoso, momentos de jogo e espa\u00e7o sem limites se encontram em uma aventura emocionante chamada Lucky Jet 1win.\nEsse emocionante jogo de 1win leva os jogadores a um mundo \u00fanico de emo\u00e7\u00e3o e aventura, onde cada manobra pode ser a chave para a vit\u00f3ria. <\/p>\n\n<p>O Lucky Jet 1win n\u00e3o \u00e9 apenas um jogo para Android, \u00e9 uma oportunidade de mergulhar no emocionante mundo das batalhas de apostas, onde cada momento pode virar a mar\u00e9.\nFa\u00e7a o download do aplicativo oficial do jogo Lucky Jet no site Onewin.\nEm sua conta pessoal, voc\u00ea pode coletar suas recompensas, lutar e competir com seus amigos.\nO aplicativo Lucky Jet 1win pode ser baixado gratuitamente.   <\/p>\n\n<h2 class=\"wp-block-heading\">A vantagem do jogo on-line Lucky Jet<\/h2>\n\n<p>Esse aplicativo \u00e9 um jogo on-line empolgante com muitas vantagens:<\/p>\n\n<ul>\n<li>Jogabilidade interessante.\nOs jogadores podem desfrutar de batalhas de alta tecnologia no espa\u00e7o, decolando em suas m\u00e1quinas voadoras. <\/li>\n\n\n\n<li>Muitas miss\u00f5es emocionantes.<\/li>\n\n\n\n<li>Modo multijogador.\nUm dos principais benef\u00edcios \u00e9 a possibilidade de jogar on-line com outros jogadores.\nAs an\u00e1lises do Lucky Jet 1win sobre esse modo s\u00e3o extremamente positivas, pois os jogadores poder\u00e3o batalhar, competir e cooperar com amigos ou outros jogadores, o que acrescenta um aspecto social e uma experi\u00eancia de jogo din\u00e2mica.  <\/li>\n\n\n\n<li>Personaliza\u00e7\u00e3o de m\u00e1quinas voadoras.\nOs jogadores podem personalizar e melhorar suas m\u00e1quinas voadoras.\nIsso cria uma abordagem personalizada para o jogo, permitindo que cada jogador desenvolva seu pr\u00f3prio estilo e estrat\u00e9gia.  <\/li>\n\n\n\n<li>Design visualmente atraente.\nO jogo 1win Lucky Jet tem gr\u00e1ficos e design impressionantes, tornando o mundo do jogo colorido e visualmente atraente. <\/li>\n\n\n\n<li>Atualiza\u00e7\u00f5es regulares.<\/li>\n<\/ul>\n\n<p>Com esses benef\u00edcios em mente, o Lucky Jet oferece uma experi\u00eancia de jogo imersiva, combinando elementos de a\u00e7\u00e3o din\u00e2mica, intera\u00e7\u00e3o social e pensamento estrat\u00e9gico.<\/p>\n\n<h2 class=\"wp-block-heading\">Como jogar Lucky Jet<\/h2>\n\n<p>Os jogadores come\u00e7am criando uma conta, se necess\u00e1rio, e selecionando sua aeronave.\nPodem ser fornecidos tutoriais para familiarizar os jogadores com os controles e os fundamentos do jogo.\nO jogo, com ou sem vouchers 1win Lucky Jet para apostas gr\u00e1tis, pode apresentar v\u00e1rias miss\u00f5es, tarefas ou objetivos que os jogadores devem concluir para progredir e ganhar recursos.  <\/p>\n\n<p>Sob o controle de uma aeronave de alta tecnologia, voc\u00ea entra em combate com rivais perigosos, desenvolve suas habilidades e recebe recompensas exclusivas.\nMiss\u00f5es intrigantes, paisagens espaciais de tirar o f\u00f4lego e encontros imprevis\u00edveis o aguardam em seu caminho para a vit\u00f3ria. <\/p>\n\n<p>As batalhas no Lucky Jet normalmente envolvem o uso de uma variedade de manobras, armas e solu\u00e7\u00f5es t\u00e1ticas para vencer os advers\u00e1rios.\nOs jogadores podem enfrentar oponentes do computador ou participar de batalhas multijogador com outros jogadores. <\/p>\n\n<p>Se quiser se divertir muito, fa\u00e7a o download do Lucky Jet 1win para o seu dispositivo.\nDepois disso, voc\u00ea ter\u00e1 a oportunidade de desfrutar de uma experi\u00eancia din\u00e2mica e de jogo em batalhas espaciais, usando suas habilidades, estrat\u00e9gias e capacidades para alcan\u00e7ar a vit\u00f3ria. <\/p>\n\n<h2 class=\"wp-block-heading\">Como ganhar no Lucky Jet<\/h2>\n\n<p>Ganhar pode depender de v\u00e1rios fatores, e \u00e9 importante tra\u00e7ar estrat\u00e9gias com o Lucky Jet 1win e aprimorar suas habilidades para ter sucesso no jogo.\nAqui est\u00e3o algumas dicas que podem ajud\u00e1-lo a ser bem-sucedido no Lucky Jet: <\/p>\n\n<ul>\n<li>Familiarize-se com os controles.\nAprenda os controles de um ve\u00edculo voador.\nA compreens\u00e3o de todas as manobras e comandos dispon\u00edveis o ajudar\u00e1 a controlar com efici\u00eancia em combate.  <\/li>\n\n\n\n<li>Fa\u00e7a um curso de treinamento no One Win Lucky Jet.\nIsso o ajudar\u00e1 a aprender os princ\u00edpios b\u00e1sicos do jogo e a usar diferentes t\u00e1ticas. <\/li>\n\n\n\n<li>Escolha a aeronave adequada.\nAlgumas podem ser melhores para atacar, enquanto outras podem ser melhores para se esquivar. <\/li>\n\n\n\n<li>Desenvolva seu dispositivo.\nFa\u00e7a o upgrade de seu dispositivo voador usando os recursos obtidos no jogo.\nIsso aumentar\u00e1 suas chances nas batalhas e o tornar\u00e1 mais competitivo.  <\/li>\n\n\n\n<li>Desenvolva uma estrat\u00e9gia Lucky Jet 1Win para cada luta.<\/li>\n<\/ul>\n\n<p>Use o ambiente a seu favor, desvie de ataques e procure os pontos fracos de seus advers\u00e1rios.\n\u00c9 melhor favorecer uma estrat\u00e9gia com pequenas chances para obter uma vit\u00f3ria mais eficaz. <\/p>\n\n<p>Lembre-se de que cada jogo pode ter sua pr\u00f3pria din\u00e2mica exclusiva, portanto, experimente, adapte-se e aproveite o processo de aprimoramento de suas habilidades de jogo na Lucky Jet.<\/p>\n\n<h2 class=\"wp-block-heading\">Regras do jogo Lucky Jet<\/h2>\n\n<p>Outra vantagem desse jogo \u00e9 a simplicidade e a acessibilidade das regras.\nH\u00e1 v\u00e1rias rodadas aqui, cujo objetivo principal \u00e9 fazer suas apostas a tempo.\nAs an\u00e1lises do Lucky Jet 1win s\u00e3o a prova de que aqui nem tudo \u00e9 t\u00e3o f\u00e1cil quanto parece.\n\u00c9 importante apostar o valor no tempo certo, caso contr\u00e1rio, voc\u00ea pode se queimar.\nVoc\u00ea quer correr o risco ou esperar por um momento mais adequado?\nTudo depende apenas de voc\u00ea.     <\/p>\n\n<h2 class=\"wp-block-heading\">Vouchers<\/h2>\n\n<p>Os vouchers do Lucky Jet s\u00e3o c\u00f3digos especiais que os jogadores podem inserir no jogo para obter alguns b\u00f4nus, recursos ou outros benef\u00edcios.\nVoc\u00ea pode se familiarizar com eles no site do 1Win.\nEles aparecer\u00e3o regularmente, agradando os jogadores com novas oportunidades e ofertas mais favor\u00e1veis.  <\/p>\n\n<h2 class=\"wp-block-heading\">Depoimentos<\/h2>\n\n<p>Aqui est\u00e3o algumas avalia\u00e7\u00f5es de usu\u00e1rios:<\/p>\n\n<p><\/p>\n","protected":false},"excerpt":{"rendered":"<p>Voo virtuoso, momentos de jogo e espa\u00e7o sem limites se encontram em uma aventura emocionante chamada Lucky Jet 1win. Esse emocionante jogo de 1win leva os jogadores a um mundo \u00fanico de emo\u00e7\u00e3o e aventura, onde cada manobra pode ser a chave para a vit\u00f3ria. O Lucky Jet 1win n\u00e3o \u00e9 apenas um jogo para [&hellip;]<\/p>\n","protected":false},"author":2,"featured_media":0,"parent":0,"menu_order":0,"comment_status":"open","ping_status":"closed","template":"","meta":{"footnotes":""},"yoast_head":"<!-- This site is optimized with the Yoast SEO plugin v21.7 - https:\/\/yoast.com\/wordpress\/plugins\/seo\/ -->\n<title>Jogo Lucky Jet no 1win Casino, download<\/title>\n<meta name=\"description\" content=\"Uma an\u00e1lise do jogo internacionalmente popular Lucky Jet no 1win Casino, que lhe d\u00e1 uma oportunidade real de ganhar um bom dinheiro. Familiarize-se com os principais recursos, benef\u00edcios e regras do jogo. Comece a jogar e v\u00e1 em busca de seus ganhos!\" \/>\n<meta name=\"robots\" content=\"index, follow, max-snippet:-1, max-image-preview:large, max-video-preview:-1\" \/>\n<link rel=\"canonical\" href=\"https:\/\/aviator-crash.org\/pt-br\/download-do-lucky-jet-1win\/\" \/>\n<meta property=\"og:locale\" content=\"pt_BR\" \/>\n<meta property=\"og:type\" content=\"article\" \/>\n<meta property=\"og:title\" content=\"Jogo Lucky Jet no 1win Casino, download\" \/>\n<meta property=\"og:description\" content=\"Uma an\u00e1lise do jogo internacionalmente popular Lucky Jet no 1win Casino, que lhe d\u00e1 uma oportunidade real de ganhar um bom dinheiro. Familiarize-se com os principais recursos, benef\u00edcios e regras do jogo. Comece a jogar e v\u00e1 em busca de seus ganhos!\" \/>\n<meta property=\"og:url\" content=\"https:\/\/aviator-crash.org\/pt-br\/download-do-lucky-jet-1win\/\" \/>\n<meta property=\"article:modified_time\" content=\"2024-02-02T20:21:37+00:00\" \/>\n<meta property=\"og:image\" content=\"https:\/\/aviator-crash.org\/wp-content\/uploads\/2024\/01\/lucky_jet_game-casino_yl6vvw.webp\" \/>\n<meta name=\"twitter:card\" content=\"summary_large_image\" \/>\n<meta name=\"twitter:label1\" content=\"Est. reading time\" \/>\n\t<meta name=\"twitter:data1\" content=\"4 minutos\" \/>\n<script type=\"application\/ld+json\" class=\"yoast-schema-graph\">{\"@context\":\"https:\/\/schema.org\",\"@graph\":[{\"@type\":\"WebPage\",\"@id\":\"https:\/\/aviator-crash.org\/pt-br\/download-do-lucky-jet-1win\/\",\"url\":\"https:\/\/aviator-crash.org\/pt-br\/download-do-lucky-jet-1win\/\",\"name\":\"Jogo Lucky Jet no 1win Casino, download\",\"isPartOf\":{\"@id\":\"https:\/\/aviator-crash.org\/pt-br\/#website\"},\"datePublished\":\"2023-12-27T19:26:44+00:00\",\"dateModified\":\"2024-02-02T20:21:37+00:00\",\"description\":\"Uma an\u00e1lise do jogo internacionalmente popular Lucky Jet no 1win Casino, que lhe d\u00e1 uma oportunidade real de ganhar um bom dinheiro. Familiarize-se com os principais recursos, benef\u00edcios e regras do jogo. Comece a jogar e v\u00e1 em busca de seus ganhos!\",\"breadcrumb\":{\"@id\":\"https:\/\/aviator-crash.org\/pt-br\/download-do-lucky-jet-1win\/#breadcrumb\"},\"inLanguage\":\"pt-BR\",\"potentialAction\":[{\"@type\":\"ReadAction\",\"target\":[\"https:\/\/aviator-crash.org\/pt-br\/download-do-lucky-jet-1win\/\"]}]},{\"@type\":\"BreadcrumbList\",\"@id\":\"https:\/\/aviator-crash.org\/pt-br\/download-do-lucky-jet-1win\/#breadcrumb\",\"itemListElement\":[{\"@type\":\"ListItem\",\"position\":1,\"name\":\"Home\",\"item\":\"https:\/\/aviator-crash.org\/pt-br\/aviator-game-online-for-real-money\/\"},{\"@type\":\"ListItem\",\"position\":2,\"name\":\"Download do Lucky Jet 1win\"}]},{\"@type\":\"WebSite\",\"@id\":\"https:\/\/aviator-crash.org\/pt-br\/#website\",\"url\":\"https:\/\/aviator-crash.org\/pt-br\/\",\"name\":\"\",\"description\":\"\",\"potentialAction\":[{\"@type\":\"SearchAction\",\"target\":{\"@type\":\"EntryPoint\",\"urlTemplate\":\"https:\/\/aviator-crash.org\/pt-br\/?s={search_term_string}\"},\"query-input\":\"required name=search_term_string\"}],\"inLanguage\":\"pt-BR\"}]}<\/script>\n<!-- \/ Yoast SEO plugin. -->","yoast_head_json":{"title":"Jogo Lucky Jet no 1win Casino, download","description":"Uma an\u00e1lise do jogo internacionalmente popular Lucky Jet no 1win Casino, que lhe d\u00e1 uma oportunidade real de ganhar um bom dinheiro. Familiarize-se com os principais recursos, benef\u00edcios e regras do jogo. Comece a jogar e v\u00e1 em busca de seus ganhos!","robots":{"index":"index","follow":"follow","max-snippet":"max-snippet:-1","max-image-preview":"max-image-preview:large","max-video-preview":"max-video-preview:-1"},"canonical":"https:\/\/aviator-crash.org\/pt-br\/download-do-lucky-jet-1win\/","og_locale":"pt_BR","og_type":"article","og_title":"Jogo Lucky Jet no 1win Casino, download","og_description":"Uma an\u00e1lise do jogo internacionalmente popular Lucky Jet no 1win Casino, que lhe d\u00e1 uma oportunidade real de ganhar um bom dinheiro. Familiarize-se com os principais recursos, benef\u00edcios e regras do jogo. Comece a jogar e v\u00e1 em busca de seus ganhos!","og_url":"https:\/\/aviator-crash.org\/pt-br\/download-do-lucky-jet-1win\/","article_modified_time":"2024-02-02T20:21:37+00:00","og_image":[{"url":"https:\/\/aviator-crash.org\/wp-content\/uploads\/2024\/01\/lucky_jet_game-casino_yl6vvw.webp"}],"twitter_card":"summary_large_image","twitter_misc":{"Est. reading time":"4 minutos"},"schema":{"@context":"https:\/\/schema.org","@graph":[{"@type":"WebPage","@id":"https:\/\/aviator-crash.org\/pt-br\/download-do-lucky-jet-1win\/","url":"https:\/\/aviator-crash.org\/pt-br\/download-do-lucky-jet-1win\/","name":"Jogo Lucky Jet no 1win Casino, download","isPartOf":{"@id":"https:\/\/aviator-crash.org\/pt-br\/#website"},"datePublished":"2023-12-27T19:26:44+00:00","dateModified":"2024-02-02T20:21:37+00:00","description":"Uma an\u00e1lise do jogo internacionalmente popular Lucky Jet no 1win Casino, que lhe d\u00e1 uma oportunidade real de ganhar um bom dinheiro. Familiarize-se com os principais recursos, benef\u00edcios e regras do jogo. Comece a jogar e v\u00e1 em busca de seus ganhos!","breadcrumb":{"@id":"https:\/\/aviator-crash.org\/pt-br\/download-do-lucky-jet-1win\/#breadcrumb"},"inLanguage":"pt-BR","potentialAction":[{"@type":"ReadAction","target":["https:\/\/aviator-crash.org\/pt-br\/download-do-lucky-jet-1win\/"]}]},{"@type":"BreadcrumbList","@id":"https:\/\/aviator-crash.org\/pt-br\/download-do-lucky-jet-1win\/#breadcrumb","itemListElement":[{"@type":"ListItem","position":1,"name":"Home","item":"https:\/\/aviator-crash.org\/pt-br\/aviator-game-online-for-real-money\/"},{"@type":"ListItem","position":2,"name":"Download do Lucky Jet 1win"}]},{"@type":"WebSite","@id":"https:\/\/aviator-crash.org\/pt-br\/#website","url":"https:\/\/aviator-crash.org\/pt-br\/","name":"","description":"","potentialAction":[{"@type":"SearchAction","target":{"@type":"EntryPoint","urlTemplate":"https:\/\/aviator-crash.org\/pt-br\/?s={search_term_string}"},"query-input":"required name=search_term_string"}],"inLanguage":"pt-BR"}]}},"_links":{"self":[{"href":"https:\/\/aviator-crash.org\/pt-br\/wp-json\/wp\/v2\/pages\/3689"}],"collection":[{"href":"https:\/\/aviator-crash.org\/pt-br\/wp-json\/wp\/v2\/pages"}],"about":[{"href":"https:\/\/aviator-crash.org\/pt-br\/wp-json\/wp\/v2\/types\/page"}],"author":[{"embeddable":true,"href":"https:\/\/aviator-crash.org\/pt-br\/wp-json\/wp\/v2\/users\/2"}],"replies":[{"embeddable":true,"href":"https:\/\/aviator-crash.org\/pt-br\/wp-json\/wp\/v2\/comments?post=3689"}],"version-history":[{"count":1,"href":"https:\/\/aviator-crash.org\/pt-br\/wp-json\/wp\/v2\/pages\/3689\/revisions"}],"predecessor-version":[{"id":3691,"href":"https:\/\/aviator-crash.org\/pt-br\/wp-json\/wp\/v2\/pages\/3689\/revisions\/3691"}],"wp:attachment":[{"href":"https:\/\/aviator-crash.org\/pt-br\/wp-json\/wp\/v2\/media?parent=3689"}],"curies":[{"name":"wp","href":"https:\/\/api.w.org\/{rel}","templated":true}]}}