{"id":3737,"date":"2023-12-27T19:33:16","date_gmt":"2023-12-27T19:33:16","guid":{"rendered":"https:\/\/aviator-crash.org\/jet-x\/"},"modified":"2024-02-02T20:25:43","modified_gmt":"2024-02-02T20:25:43","slug":"jet-x","status":"publish","type":"page","link":"https:\/\/aviator-crash.org\/pt-br\/jet-x\/","title":{"rendered":"Jet X"},"content":{"rendered":"\n<figure class=\"wp-block-gallery has-nested-images columns-default is-cropped wp-block-gallery-1 is-layout-flex wp-block-gallery-is-layout-flex\">\n<figure class=\"wp-block-image size-large\"><span itemprop=\"image\" itemscope itemtype=\"https:\/\/schema.org\/ImageObject\"><img itemprop=\"url image\" loading=\"lazy\" decoding=\"async\" width=\"1024\" height=\"576\" data-id=\"475\" src=\"https:\/\/aviator-crash.org\/wp-content\/uploads\/2024\/01\/how-to-play-jet-x-game-on-my-cell-phone-1200x675-1-1024x576-1.webp\" alt=\"\" class=\"wp-image-475\" srcset=\"https:\/\/aviator-crash.org\/wp-content\/uploads\/2024\/01\/how-to-play-jet-x-game-on-my-cell-phone-1200x675-1-1024x576-1.webp 1024w, https:\/\/aviator-crash.org\/wp-content\/uploads\/2024\/01\/how-to-play-jet-x-game-on-my-cell-phone-1200x675-1-1024x576-1-300x169.webp 300w, https:\/\/aviator-crash.org\/wp-content\/uploads\/2024\/01\/how-to-play-jet-x-game-on-my-cell-phone-1200x675-1-1024x576-1-768x432.webp 768w\" sizes=\"(max-width: 1024px) 100vw, 1024px\" \/><meta itemprop=\"width\" content=\"1024\"><meta itemprop=\"height\" content=\"576\"><\/span><\/figure>\n<\/figure>\n\n<p>Bem-vindo ao futuro das corridas de adrenalina, no mundo do jogo Jet X, que voc\u00ea pode baixar gratuitamente!\nEsta \u00e9 uma emocionante aventura oficial de arcade para Android, onde velocidade, altitude e acrobacias incr\u00edveis se combinam em um fluxo poderoso.\nEntre na cabine de comando de uma m\u00e1quina voadora avan\u00e7ada e prepare-se para uma persegui\u00e7\u00e3o que vai superar todas as suas expectativas.\nN\u00e3o se esque\u00e7a da estrat\u00e9gia do Jet X!   <\/p>\n\n<p>Voc\u00ea pode baixar facilmente o aplicativo no site da X Win &#8211; uma empresa de apostas considerada uma das mais populares.\nCrie uma conta pessoal, inicie o jogo e comece a correr logo. <\/p>\n\n<h2 class=\"wp-block-heading\">Vantagens do jogo on-line Jet X<\/h2>\n\n<p>O jogo on-line Jet X tem v\u00e1rias vantagens que o tornam atraente para os f\u00e3s de corridas de fliperama e adrenalina futura:<\/p>\n\n<ul>\n<li>Velocidade e dinamismo.\nO jogo oferece corridas de alta velocidade em que cada segundo conta.\nCom uma jogabilidade din\u00e2mica e liberdade de movimento em um espa\u00e7o tridimensional, os jogadores do X Jet realmente sentem a adrenalina das corridas de alta velocidade.  <\/li>\n\n\n\n<li>M\u00e1quinas voadoras exclusivas.\nOs jogadores podem escolher entre diversas e inovadoras m\u00e1quinas voadoras com caracter\u00edsticas exclusivas. <\/li>\n\n\n\n<li>Disponibilidade do modo multijogador.\nA capacidade de competir com outros jogadores on-line acrescenta um elemento de competi\u00e7\u00e3o e intera\u00e7\u00e3o social.\nVoc\u00ea pode fazer o download do Jet X e curtir o jogo com seus amigos.  <\/li>\n\n\n\n<li>Aprimoramento do dispositivo.\nOs jogadores podem personalizar e melhorar suas m\u00e1quinas voadoras, adaptando-as ao seu estilo de corrida.\nIsso cria uma experi\u00eancia personalizada para cada jogador e permite que eles aprimorem suas m\u00e1quinas \u00e0 medida que progridem.  <\/li>\n\n\n\n<li>Atualiza\u00e7\u00f5es regulares.\nOs desenvolvedores est\u00e3o constantemente atualizando o Jet X, adicionando novas pistas, unidades, modos e recursos. <\/li>\n<\/ul>\n\n<p>Essas vantagens tornam o jogo Jet X atraente para aqueles que apreciam corridas din\u00e2micas, inova\u00e7\u00e3o no design de aeronaves e o esp\u00edrito competitivo dos jogos on-line.<\/p>\n\n<h2 class=\"wp-block-heading\">Como jogar Jet X<\/h2>\n\n<p>O jogo Jet X oferece uma experi\u00eancia empolgante de corrida em alta velocidade no futuro.\nAqui est\u00e3o as diretrizes gerais sobre como come\u00e7ar a jogar Jet X: <\/p>\n\n<ol>\n<li>Primeiro, instale o jogo no seu dispositivo de acordo com as instru\u00e7\u00f5es da sua plataforma (PC, console, dispositivo m\u00f3vel).\nInicie o jogo e aguarde a conclus\u00e3o do processo de download. <\/li>\n\n\n\n<li>Ao iniciar o jogo, voc\u00ea ser\u00e1 solicitado a escolher sua primeira m\u00e1quina voadora.\nVe\u00edculos diferentes podem ter caracter\u00edsticas e habilidades diferentes, portanto, voc\u00ea pode experimentar e jogar o Jet X. <\/li>\n\n\n\n<li>Familiarize-se com os controles da sua m\u00e1quina voadora.\nIsso geralmente envolve o uso de teclas, joysticks ou tela sens\u00edvel ao toque, dependendo da plataforma. <\/li>\n\n\n\n<li>O Jet X oferece v\u00e1rios modos de jogo, como campanha e batalhas multijogador.<\/li>\n\n\n\n<li>Escolha uma pista e comece a correr.\nPreste aten\u00e7\u00e3o \u00e0s metas e aos objetivos de cada corrida, pois eles podem variar de acordo com o modo de jogo.\nO programa Jet X pode variar de acordo com o n\u00edvel.  <\/li>\n\n\n\n<li>Use os recursos de sua m\u00e1quina voadora para combater seus advers\u00e1rios e fazer acrobacias.\nEm alguns modos de jogo, isso pode trazer b\u00f4nus ou acelera\u00e7\u00e3o adicionais. <\/li>\n\n\n\n<li>Depois de completar corridas e batalhas, ganhe recursos ou moedas no jogo para melhorar e personalizar sua m\u00e1quina voadora.<\/li>\n\n\n\n<li>Fique de olho nas atualiza\u00e7\u00f5es do jogo, pois os desenvolvedores podem adicionar novas pistas, ve\u00edculos e modos.<\/li>\n<\/ol>\n\n<p>Os termos e regras espec\u00edficos podem variar de uma vers\u00e3o para outra.\nLeia as avalia\u00e7\u00f5es e recomenda\u00e7\u00f5es do Jet X, pois isso permitir\u00e1 que voc\u00ea se familiarize rapidamente com a ess\u00eancia do jogo e comece a jogar. <\/p>\n\n<h2 class=\"wp-block-heading\">Como ganhar no Jet X?<\/h2>\n\n<p>Para jogar Jet X com sucesso, \u00e9 importante desenvolver habilidades e aplicar estrat\u00e9gias para vencer corridas e batalhas.\nAqui est\u00e3o algumas dicas que podem ajud\u00e1-lo a ter sucesso no jogo.\nAntes de mais nada, domine os controles da sua m\u00e1quina voadora.\nCompreender cada movimento e manobra permitir\u00e1 que voc\u00ea dirija com mais efici\u00eancia em diferentes situa\u00e7\u00f5es.\nExplore as pistas e use o ambiente a seu favor.    <\/p>\n\n<p>Outra dica testada e aprovada \u00e9 usar os c\u00f3digos promocionais do Jet X. Eles oferecem condi\u00e7\u00f5es favor\u00e1veis e a oportunidade de ganhar pontos extras. Eles oferecem condi\u00e7\u00f5es favor\u00e1veis e a oportunidade de ganhar pontos extras.\n\u00c9 poss\u00edvel encontrar c\u00f3digos promocionais em sites de jogos especializados ou em uma se\u00e7\u00e3o espec\u00edfica do X Win. <\/p>\n\n<p>A estrat\u00e9gia do Jet X \u00e9 outro ponto importante ao qual se deve prestar aten\u00e7\u00e3o.\nEm caso de batalhas, seja ativo no uso de armas e defesas.\nA intera\u00e7\u00e3o eficaz com os inimigos pode aumentar significativamente suas chances de vit\u00f3ria.  <\/p>\n\n<p>Durante as corridas e batalhas, n\u00e3o se esque\u00e7a de fazer acrobacias.\nElas podem trazer b\u00f4nus e acelera\u00e7\u00f5es adicionais.\nN\u00e3o se esque\u00e7a dos b\u00f4nus e das apostas feitas com sabedoria.\nNo sistema de c\u00e1lculo de probabilidades do Jet X, voc\u00ea pode calcular todos os riscos e fazer uma aposta competente.\nAl\u00e9m disso, use ativamente as oportunidades para melhorar sua m\u00e1quina voadora.\nEstude cuidadosamente as pistas e planeje sua trajet\u00f3ria com anteced\u00eancia.\nA sele\u00e7\u00e3o ideal do caminho e o controle de velocidade o ajudar\u00e3o a ultrapassar seus rivais.      <\/p>\n\n<p>Fique de olho nas a\u00e7\u00f5es de seus advers\u00e1rios e adapte-se \u00e0s mudan\u00e7as nas condi\u00e7\u00f5es da pista.\nA flexibilidade e a adaptabilidade podem ser a chave para o sucesso em corridas de ritmo acelerado.\nSe o jogo ou a demonstra\u00e7\u00e3o do Jet X oferecer jogo em equipe, comunique-se ativamente com sua equipe.  <\/p>\n\n<p>O jogo Jet X lhe d\u00e1 espa\u00e7o para criatividade e decis\u00f5es t\u00e1ticas.\nAjuste-se \u00e0s condi\u00e7\u00f5es, explore o sistema de probabilidades do Jet X e desfrute de corridas r\u00e1pidas e emocionantes no futuro! <\/p>\n\n<h2 class=\"wp-block-heading\">Regras do jogo Jet X<\/h2>\n\n<p>O objetivo principal depende do modo de jogo.\nPode ser completar a pista no menor tempo poss\u00edvel, vencer batalhas com advers\u00e1rios, fazer acrobacias ou obter determinados resultados no modo multijogador.\nO jogo geralmente oferece uma variedade de pistas e n\u00edveis, cada um apresentando desafios exclusivos.\nVoc\u00ea pode se familiarizar com todos eles no site do Jet X. Os jogadores podem incrementar suas m\u00e1quinas voadoras para enfrentar pistas de n\u00edvel mais alto com mais sucesso.   <\/p>\n\n<p>Os jogadores controlam os ve\u00edculos voadores usando o teclado, o joystick, o gamepad ou a tela de toque, dependendo da plataforma.\nOs controles incluem mudan\u00e7a de dire\u00e7\u00e3o, ajuste de velocidade e realiza\u00e7\u00e3o de acrobacias.\nA realiza\u00e7\u00e3o de acrobacias pode render b\u00f4nus, como acelera\u00e7\u00e3o ou pontos extras.  <\/p>\n\n<p>Em alguns modos de jogo, os jogadores podem lutar contra advers\u00e1rios usando armas em seus ve\u00edculos.\nAs armas podem incluir m\u00edsseis, lasers e outros meios de ataque ou defesa.\nConfira a estrat\u00e9gia e as an\u00e1lises do Jet X antes de iniciar o jogo.  <\/p>\n\n<h2 class=\"wp-block-heading\">C\u00f3digos promocionais<\/h2>\n\n<p>Os c\u00f3digos promocionais geralmente s\u00e3o fornecidos pelos desenvolvedores do jogo ou pela plataforma em que ele \u00e9 distribu\u00eddo.\nEles s\u00e3o b\u00f4nus ou fichas especiais para que os jogadores aumentem suas chances de ganhar.\nOs c\u00f3digos promocionais podem ser encontrados em v\u00e1rios recursos:  <\/p>\n\n<ul>\n<li>Site oficial.<\/li>\n\n\n\n<li>M\u00eddia social.<\/li>\n\n\n\n<li>F\u00f3runs e comunidades.<\/li>\n\n\n\n<li>Boletins informativos.<\/li>\n\n\n\n<li>Parceiros e patrocinadores.<\/li>\n<\/ul>\n\n<h2 class=\"wp-block-heading\">Depoimentos<\/h2>\n\n<p>Aqui est\u00e3o algumas an\u00e1lises de usu\u00e1rios sobre o popular jogo:<\/p>\n","protected":false},"excerpt":{"rendered":"<p>Bem-vindo ao futuro das corridas de adrenalina, no mundo do jogo Jet X, que voc\u00ea pode baixar gratuitamente! Esta \u00e9 uma emocionante aventura oficial de arcade para Android, onde velocidade, altitude e acrobacias incr\u00edveis se combinam em um fluxo poderoso. Entre na cabine de comando de uma m\u00e1quina voadora avan\u00e7ada e prepare-se para uma persegui\u00e7\u00e3o [&hellip;]<\/p>\n","protected":false},"author":2,"featured_media":0,"parent":0,"menu_order":0,"comment_status":"open","ping_status":"closed","template":"","meta":{"footnotes":""},"yoast_head":"<!-- This site is optimized with the Yoast SEO plugin v21.7 - https:\/\/yoast.com\/wordpress\/plugins\/seo\/ -->\n<title>Jet X jogo de cassino, download<\/title>\n<meta name=\"description\" content=\"Mergulhe no emocionante mundo das corridas de alta velocidade com o Jet X, uma experi\u00eancia de arcade \u00fanica e emocionante para o futuro. Leia as regras com aten\u00e7\u00e3o e pegue o volante logo. Aventuras interessantes e bons momentos est\u00e3o esperando por voc\u00ea.\" \/>\n<meta name=\"robots\" content=\"index, follow, max-snippet:-1, max-image-preview:large, max-video-preview:-1\" \/>\n<link rel=\"canonical\" href=\"https:\/\/aviator-crash.org\/pt-br\/jet-x\/\" \/>\n<meta property=\"og:locale\" content=\"pt_BR\" \/>\n<meta property=\"og:type\" content=\"article\" \/>\n<meta property=\"og:title\" content=\"Jet X jogo de cassino, download\" \/>\n<meta property=\"og:description\" content=\"Mergulhe no emocionante mundo das corridas de alta velocidade com o Jet X, uma experi\u00eancia de arcade \u00fanica e emocionante para o futuro. Leia as regras com aten\u00e7\u00e3o e pegue o volante logo. Aventuras interessantes e bons momentos est\u00e3o esperando por voc\u00ea.\" \/>\n<meta property=\"og:url\" content=\"https:\/\/aviator-crash.org\/pt-br\/jet-x\/\" \/>\n<meta property=\"article:modified_time\" content=\"2024-02-02T20:25:43+00:00\" \/>\n<meta property=\"og:image\" content=\"https:\/\/aviator-crash.org\/wp-content\/uploads\/2024\/01\/how-to-play-jet-x-game-on-my-cell-phone-1200x675-1-1024x576-1.webp\" \/>\n<meta name=\"twitter:card\" content=\"summary_large_image\" \/>\n<meta name=\"twitter:label1\" content=\"Est. reading time\" \/>\n\t<meta name=\"twitter:data1\" content=\"6 minutos\" \/>\n<script type=\"application\/ld+json\" class=\"yoast-schema-graph\">{\"@context\":\"https:\/\/schema.org\",\"@graph\":[{\"@type\":\"WebPage\",\"@id\":\"https:\/\/aviator-crash.org\/pt-br\/jet-x\/\",\"url\":\"https:\/\/aviator-crash.org\/pt-br\/jet-x\/\",\"name\":\"Jet X jogo de cassino, download\",\"isPartOf\":{\"@id\":\"https:\/\/aviator-crash.org\/pt-br\/#website\"},\"datePublished\":\"2023-12-27T19:33:16+00:00\",\"dateModified\":\"2024-02-02T20:25:43+00:00\",\"description\":\"Mergulhe no emocionante mundo das corridas de alta velocidade com o Jet X, uma experi\u00eancia de arcade \u00fanica e emocionante para o futuro. Leia as regras com aten\u00e7\u00e3o e pegue o volante logo. Aventuras interessantes e bons momentos est\u00e3o esperando por voc\u00ea.\",\"breadcrumb\":{\"@id\":\"https:\/\/aviator-crash.org\/pt-br\/jet-x\/#breadcrumb\"},\"inLanguage\":\"pt-BR\",\"potentialAction\":[{\"@type\":\"ReadAction\",\"target\":[\"https:\/\/aviator-crash.org\/pt-br\/jet-x\/\"]}]},{\"@type\":\"BreadcrumbList\",\"@id\":\"https:\/\/aviator-crash.org\/pt-br\/jet-x\/#breadcrumb\",\"itemListElement\":[{\"@type\":\"ListItem\",\"position\":1,\"name\":\"Home\",\"item\":\"https:\/\/aviator-crash.org\/pt-br\/aviator-game-online-for-real-money\/\"},{\"@type\":\"ListItem\",\"position\":2,\"name\":\"Jet X\"}]},{\"@type\":\"WebSite\",\"@id\":\"https:\/\/aviator-crash.org\/pt-br\/#website\",\"url\":\"https:\/\/aviator-crash.org\/pt-br\/\",\"name\":\"\",\"description\":\"\",\"potentialAction\":[{\"@type\":\"SearchAction\",\"target\":{\"@type\":\"EntryPoint\",\"urlTemplate\":\"https:\/\/aviator-crash.org\/pt-br\/?s={search_term_string}\"},\"query-input\":\"required name=search_term_string\"}],\"inLanguage\":\"pt-BR\"}]}<\/script>\n<!-- \/ Yoast SEO plugin. -->","yoast_head_json":{"title":"Jet X jogo de cassino, download","description":"Mergulhe no emocionante mundo das corridas de alta velocidade com o Jet X, uma experi\u00eancia de arcade \u00fanica e emocionante para o futuro. Leia as regras com aten\u00e7\u00e3o e pegue o volante logo. Aventuras interessantes e bons momentos est\u00e3o esperando por voc\u00ea.","robots":{"index":"index","follow":"follow","max-snippet":"max-snippet:-1","max-image-preview":"max-image-preview:large","max-video-preview":"max-video-preview:-1"},"canonical":"https:\/\/aviator-crash.org\/pt-br\/jet-x\/","og_locale":"pt_BR","og_type":"article","og_title":"Jet X jogo de cassino, download","og_description":"Mergulhe no emocionante mundo das corridas de alta velocidade com o Jet X, uma experi\u00eancia de arcade \u00fanica e emocionante para o futuro. Leia as regras com aten\u00e7\u00e3o e pegue o volante logo. Aventuras interessantes e bons momentos est\u00e3o esperando por voc\u00ea.","og_url":"https:\/\/aviator-crash.org\/pt-br\/jet-x\/","article_modified_time":"2024-02-02T20:25:43+00:00","og_image":[{"url":"https:\/\/aviator-crash.org\/wp-content\/uploads\/2024\/01\/how-to-play-jet-x-game-on-my-cell-phone-1200x675-1-1024x576-1.webp"}],"twitter_card":"summary_large_image","twitter_misc":{"Est. reading time":"6 minutos"},"schema":{"@context":"https:\/\/schema.org","@graph":[{"@type":"WebPage","@id":"https:\/\/aviator-crash.org\/pt-br\/jet-x\/","url":"https:\/\/aviator-crash.org\/pt-br\/jet-x\/","name":"Jet X jogo de cassino, download","isPartOf":{"@id":"https:\/\/aviator-crash.org\/pt-br\/#website"},"datePublished":"2023-12-27T19:33:16+00:00","dateModified":"2024-02-02T20:25:43+00:00","description":"Mergulhe no emocionante mundo das corridas de alta velocidade com o Jet X, uma experi\u00eancia de arcade \u00fanica e emocionante para o futuro. Leia as regras com aten\u00e7\u00e3o e pegue o volante logo. Aventuras interessantes e bons momentos est\u00e3o esperando por voc\u00ea.","breadcrumb":{"@id":"https:\/\/aviator-crash.org\/pt-br\/jet-x\/#breadcrumb"},"inLanguage":"pt-BR","potentialAction":[{"@type":"ReadAction","target":["https:\/\/aviator-crash.org\/pt-br\/jet-x\/"]}]},{"@type":"BreadcrumbList","@id":"https:\/\/aviator-crash.org\/pt-br\/jet-x\/#breadcrumb","itemListElement":[{"@type":"ListItem","position":1,"name":"Home","item":"https:\/\/aviator-crash.org\/pt-br\/aviator-game-online-for-real-money\/"},{"@type":"ListItem","position":2,"name":"Jet X"}]},{"@type":"WebSite","@id":"https:\/\/aviator-crash.org\/pt-br\/#website","url":"https:\/\/aviator-crash.org\/pt-br\/","name":"","description":"","potentialAction":[{"@type":"SearchAction","target":{"@type":"EntryPoint","urlTemplate":"https:\/\/aviator-crash.org\/pt-br\/?s={search_term_string}"},"query-input":"required name=search_term_string"}],"inLanguage":"pt-BR"}]}},"_links":{"self":[{"href":"https:\/\/aviator-crash.org\/pt-br\/wp-json\/wp\/v2\/pages\/3737"}],"collection":[{"href":"https:\/\/aviator-crash.org\/pt-br\/wp-json\/wp\/v2\/pages"}],"about":[{"href":"https:\/\/aviator-crash.org\/pt-br\/wp-json\/wp\/v2\/types\/page"}],"author":[{"embeddable":true,"href":"https:\/\/aviator-crash.org\/pt-br\/wp-json\/wp\/v2\/users\/2"}],"replies":[{"embeddable":true,"href":"https:\/\/aviator-crash.org\/pt-br\/wp-json\/wp\/v2\/comments?post=3737"}],"version-history":[{"count":1,"href":"https:\/\/aviator-crash.org\/pt-br\/wp-json\/wp\/v2\/pages\/3737\/revisions"}],"predecessor-version":[{"id":3739,"href":"https:\/\/aviator-crash.org\/pt-br\/wp-json\/wp\/v2\/pages\/3737\/revisions\/3739"}],"wp:attachment":[{"href":"https:\/\/aviator-crash.org\/pt-br\/wp-json\/wp\/v2\/media?parent=3737"}],"curies":[{"name":"wp","href":"https:\/\/api.w.org\/{rel}","templated":true}]}}