{"id":2469,"date":"2023-12-22T18:32:01","date_gmt":"2023-12-22T18:32:01","guid":{"rendered":"https:\/\/aviator-crash.org\/resenhas-do-jogo-aviator\/"},"modified":"2024-02-02T17:51:41","modified_gmt":"2024-02-02T17:51:41","slug":"resenhas-do-jogo-aviator","status":"publish","type":"page","link":"https:\/\/aviator-crash.org\/pt-pt\/resenhas-do-jogo-aviator\/","title":{"rendered":"Resenhas do jogo Aviator"},"content":{"rendered":"\n<p>O Aviator \u00e9, de longe, um dos jogos online mais populares.\n\u00c9 por isso que, cada vez com mais frequ\u00eancia, aparecem nos motores de busca pedidos de opini\u00f5es sobre o jogo Aviator a dinheiro de quem j\u00e1 o experimentou e descobriu como s\u00e3o reais as hip\u00f3teses de ganhar. <\/p>\n\n<h2 class=\"wp-block-heading\">A nossa opini\u00e3o sobre o jogo Aviador<\/h2>\n\n<p>O Aviator Crash Game \u00e9, sem d\u00favida, o melhor desenvolvimento da Spribe.\n\u00c9 \u00fanico, interessante, excitante, capaz de provocar uma onda de sentimentos agrad\u00e1veis nos amantes da emo\u00e7\u00e3o.\nUma grande vantagem \u00e9 a natureza de curto prazo das rondas &#8211; apenas alguns segundos de tens\u00e3o, e o jogador pode tornar-se um vencedor, aumentando a sua aposta (10, 20, e talvez 50 vezes).\nO mais importante \u00e9 conseguir levantar o dinheiro antes que o avi\u00e3o caia, mas tem de o fazer com as probabilidades m\u00e1ximas.   <\/p>\n\n<p>Este jogo garante uma explos\u00e3o de emo\u00e7\u00f5es mesmo para os f\u00e3s de jogos mais sofisticados.\nTendo em conta este facto, esta m\u00e1quina \u00e9 oferecida por muitos casinos online: 1win, Pin Up, 1Xbet.\nA slot tem gr\u00e1ficos de topo, clareza e efeitos sonoros.\nTamb\u00e9m n\u00f3s achamos este jogo fascinante e, na nossa opini\u00e3o, merece mesmo ser jogado.   <\/p>\n\n<h2 class=\"wp-block-heading\">Coment\u00e1rios do utilizador sobre o jogo Aviator<\/h2>\n\n<p>Existem diferentes opini\u00f5es sobre o Aviator Crash Game feitas por jogadores reais na Internet.\nAlguns admiram-no, outros repreendem-no pela imprevisibilidade, pelos riscos e pela incapacidade de criar uma estrat\u00e9gia 100% vencedora.\nNo entanto, muitas vezes, \u00e9 precisamente nisto que reside a beleza do jogo.  <\/p>\n\n<p>Sugerimos que tires as tuas pr\u00f3prias conclus\u00f5es.\nExperimente este jogo e partilhe a sua opini\u00e3o, deixando-a no coment\u00e1rio abaixo. <\/p>\n","protected":false},"excerpt":{"rendered":"<p>O Aviator \u00e9, de longe, um dos jogos online mais populares. \u00c9 por isso que, cada vez com mais frequ\u00eancia, aparecem nos motores de busca pedidos de opini\u00f5es sobre o jogo Aviator a dinheiro de quem j\u00e1 o experimentou e descobriu como s\u00e3o reais as hip\u00f3teses de ganhar. A nossa opini\u00e3o sobre o jogo Aviador [&hellip;]<\/p>\n","protected":false},"author":2,"featured_media":0,"parent":0,"menu_order":0,"comment_status":"closed","ping_status":"closed","template":"","meta":{"footnotes":""},"yoast_head":"<!-- This site is optimized with the Yoast SEO plugin v21.7 - https:\/\/yoast.com\/wordpress\/plugins\/seo\/ -->\n<title>Opini\u00f5es dos jogadores sobre o jogo Aviator<\/title>\n<meta name=\"description\" content=\"Os coment\u00e1rios sobre o jogo Aviador, que \u00e9 um jogo de queda, permitir\u00e3o que voc\u00ea aprenda todos os pr\u00f3s e contras do aparelho. As regras b\u00e1sicas da m\u00e1quina e as nuances da gest\u00e3o.\" \/>\n<meta name=\"robots\" content=\"index, follow, max-snippet:-1, max-image-preview:large, max-video-preview:-1\" \/>\n<link rel=\"canonical\" href=\"https:\/\/aviator-crash.org\/pt-pt\/resenhas-do-jogo-aviator\/\" \/>\n<meta property=\"og:locale\" content=\"pt_PT\" \/>\n<meta property=\"og:type\" content=\"article\" \/>\n<meta property=\"og:title\" content=\"Opini\u00f5es dos jogadores sobre o jogo Aviator\" \/>\n<meta property=\"og:description\" content=\"Os coment\u00e1rios sobre o jogo Aviador, que \u00e9 um jogo de queda, permitir\u00e3o que voc\u00ea aprenda todos os pr\u00f3s e contras do aparelho. As regras b\u00e1sicas da m\u00e1quina e as nuances da gest\u00e3o.\" \/>\n<meta property=\"og:url\" content=\"https:\/\/aviator-crash.org\/pt-pt\/resenhas-do-jogo-aviator\/\" \/>\n<meta property=\"article:modified_time\" content=\"2024-02-02T17:51:41+00:00\" \/>\n<meta name=\"twitter:card\" content=\"summary_large_image\" \/>\n<meta name=\"twitter:label1\" content=\"Est. reading time\" \/>\n\t<meta name=\"twitter:data1\" content=\"1 minuto\" \/>\n<script type=\"application\/ld+json\" class=\"yoast-schema-graph\">{\"@context\":\"https:\/\/schema.org\",\"@graph\":[{\"@type\":\"WebPage\",\"@id\":\"https:\/\/aviator-crash.org\/pt-pt\/resenhas-do-jogo-aviator\/\",\"url\":\"https:\/\/aviator-crash.org\/pt-pt\/resenhas-do-jogo-aviator\/\",\"name\":\"Opini\u00f5es dos jogadores sobre o jogo Aviator\",\"isPartOf\":{\"@id\":\"https:\/\/aviator-crash.org\/pt-pt\/#website\"},\"datePublished\":\"2023-12-22T18:32:01+00:00\",\"dateModified\":\"2024-02-02T17:51:41+00:00\",\"description\":\"Os coment\u00e1rios sobre o jogo Aviador, que \u00e9 um jogo de queda, permitir\u00e3o que voc\u00ea aprenda todos os pr\u00f3s e contras do aparelho. As regras b\u00e1sicas da m\u00e1quina e as nuances da gest\u00e3o.\",\"breadcrumb\":{\"@id\":\"https:\/\/aviator-crash.org\/pt-pt\/resenhas-do-jogo-aviator\/#breadcrumb\"},\"inLanguage\":\"pt-PT\",\"potentialAction\":[{\"@type\":\"ReadAction\",\"target\":[\"https:\/\/aviator-crash.org\/pt-pt\/resenhas-do-jogo-aviator\/\"]}]},{\"@type\":\"BreadcrumbList\",\"@id\":\"https:\/\/aviator-crash.org\/pt-pt\/resenhas-do-jogo-aviator\/#breadcrumb\",\"itemListElement\":[{\"@type\":\"ListItem\",\"position\":1,\"name\":\"Home\",\"item\":\"https:\/\/aviator-crash.org\/pt-pt\/jogo-aviator-online-por-dinheiro-real\/\"},{\"@type\":\"ListItem\",\"position\":2,\"name\":\"Resenhas do jogo Aviator\"}]},{\"@type\":\"WebSite\",\"@id\":\"https:\/\/aviator-crash.org\/pt-pt\/#website\",\"url\":\"https:\/\/aviator-crash.org\/pt-pt\/\",\"name\":\"\",\"description\":\"\",\"potentialAction\":[{\"@type\":\"SearchAction\",\"target\":{\"@type\":\"EntryPoint\",\"urlTemplate\":\"https:\/\/aviator-crash.org\/pt-pt\/?s={search_term_string}\"},\"query-input\":\"required name=search_term_string\"}],\"inLanguage\":\"pt-PT\"}]}<\/script>\n<!-- \/ Yoast SEO plugin. -->","yoast_head_json":{"title":"Opini\u00f5es dos jogadores sobre o jogo Aviator","description":"Os coment\u00e1rios sobre o jogo Aviador, que \u00e9 um jogo de queda, permitir\u00e3o que voc\u00ea aprenda todos os pr\u00f3s e contras do aparelho. As regras b\u00e1sicas da m\u00e1quina e as nuances da gest\u00e3o.","robots":{"index":"index","follow":"follow","max-snippet":"max-snippet:-1","max-image-preview":"max-image-preview:large","max-video-preview":"max-video-preview:-1"},"canonical":"https:\/\/aviator-crash.org\/pt-pt\/resenhas-do-jogo-aviator\/","og_locale":"pt_PT","og_type":"article","og_title":"Opini\u00f5es dos jogadores sobre o jogo Aviator","og_description":"Os coment\u00e1rios sobre o jogo Aviador, que \u00e9 um jogo de queda, permitir\u00e3o que voc\u00ea aprenda todos os pr\u00f3s e contras do aparelho. As regras b\u00e1sicas da m\u00e1quina e as nuances da gest\u00e3o.","og_url":"https:\/\/aviator-crash.org\/pt-pt\/resenhas-do-jogo-aviator\/","article_modified_time":"2024-02-02T17:51:41+00:00","twitter_card":"summary_large_image","twitter_misc":{"Est. reading time":"1 minuto"},"schema":{"@context":"https:\/\/schema.org","@graph":[{"@type":"WebPage","@id":"https:\/\/aviator-crash.org\/pt-pt\/resenhas-do-jogo-aviator\/","url":"https:\/\/aviator-crash.org\/pt-pt\/resenhas-do-jogo-aviator\/","name":"Opini\u00f5es dos jogadores sobre o jogo Aviator","isPartOf":{"@id":"https:\/\/aviator-crash.org\/pt-pt\/#website"},"datePublished":"2023-12-22T18:32:01+00:00","dateModified":"2024-02-02T17:51:41+00:00","description":"Os coment\u00e1rios sobre o jogo Aviador, que \u00e9 um jogo de queda, permitir\u00e3o que voc\u00ea aprenda todos os pr\u00f3s e contras do aparelho. As regras b\u00e1sicas da m\u00e1quina e as nuances da gest\u00e3o.","breadcrumb":{"@id":"https:\/\/aviator-crash.org\/pt-pt\/resenhas-do-jogo-aviator\/#breadcrumb"},"inLanguage":"pt-PT","potentialAction":[{"@type":"ReadAction","target":["https:\/\/aviator-crash.org\/pt-pt\/resenhas-do-jogo-aviator\/"]}]},{"@type":"BreadcrumbList","@id":"https:\/\/aviator-crash.org\/pt-pt\/resenhas-do-jogo-aviator\/#breadcrumb","itemListElement":[{"@type":"ListItem","position":1,"name":"Home","item":"https:\/\/aviator-crash.org\/pt-pt\/jogo-aviator-online-por-dinheiro-real\/"},{"@type":"ListItem","position":2,"name":"Resenhas do jogo Aviator"}]},{"@type":"WebSite","@id":"https:\/\/aviator-crash.org\/pt-pt\/#website","url":"https:\/\/aviator-crash.org\/pt-pt\/","name":"","description":"","potentialAction":[{"@type":"SearchAction","target":{"@type":"EntryPoint","urlTemplate":"https:\/\/aviator-crash.org\/pt-pt\/?s={search_term_string}"},"query-input":"required name=search_term_string"}],"inLanguage":"pt-PT"}]}},"_links":{"self":[{"href":"https:\/\/aviator-crash.org\/pt-pt\/wp-json\/wp\/v2\/pages\/2469"}],"collection":[{"href":"https:\/\/aviator-crash.org\/pt-pt\/wp-json\/wp\/v2\/pages"}],"about":[{"href":"https:\/\/aviator-crash.org\/pt-pt\/wp-json\/wp\/v2\/types\/page"}],"author":[{"embeddable":true,"href":"https:\/\/aviator-crash.org\/pt-pt\/wp-json\/wp\/v2\/users\/2"}],"replies":[{"embeddable":true,"href":"https:\/\/aviator-crash.org\/pt-pt\/wp-json\/wp\/v2\/comments?post=2469"}],"version-history":[{"count":1,"href":"https:\/\/aviator-crash.org\/pt-pt\/wp-json\/wp\/v2\/pages\/2469\/revisions"}],"predecessor-version":[{"id":2470,"href":"https:\/\/aviator-crash.org\/pt-pt\/wp-json\/wp\/v2\/pages\/2469\/revisions\/2470"}],"wp:attachment":[{"href":"https:\/\/aviator-crash.org\/pt-pt\/wp-json\/wp\/v2\/media?parent=2469"}],"curies":[{"name":"wp","href":"https:\/\/api.w.org\/{rel}","templated":true}]}}