{"id":2501,"date":"2023-12-27T19:09:40","date_gmt":"2023-12-27T19:09:40","guid":{"rendered":"https:\/\/aviator-crash.org\/jogos-como-aviator-a-dinheiro\/"},"modified":"2024-02-02T17:55:43","modified_gmt":"2024-02-02T17:55:43","slug":"jogos-como-aviator-a-dinheiro","status":"publish","type":"page","link":"https:\/\/aviator-crash.org\/pt-pt\/jogos-como-aviator-a-dinheiro\/","title":{"rendered":"Jogos como Aviator a dinheiro"},"content":{"rendered":"\n<p>O Aviator \u00e9 um jogo \u00fanico, um dos primeiros jogos de v\u00eddeo a dinheiro do g\u00e9nero crash, cujo aparecimento causou sensa\u00e7\u00e3o no jogo online.\n\u00c9 din\u00e2mico, excitante, com rondas curtas, o que \u00e9 suficiente para provocar uma forte descarga de adrenalina e obter emo\u00e7\u00f5es vivas.\nMas um jogador sofisticado \u00e9 sempre fascinado pela variedade, pelo que atualmente a procura de an\u00e1logos do jogo Aviator aumentou rapidamente.\nCompreendendo este facto, os principais criadores deram \u00eanfase \u00e0 apresenta\u00e7\u00e3o de produtos semelhantes com a utiliza\u00e7\u00e3o de uma jogabilidade inovadora.   <\/p>\n\n<h2 class=\"wp-block-heading\">Lucky Jet \u00e9 um an\u00e1logo do jogo Aviator<\/h2>\n\n<p>Lucky Jet \u00e9 um jogo a dinheiro do tipo Aviator que est\u00e1 a ganhar popularidade rapidamente, apresentado pelo casino online 1win e que faz parte dos jogos mais coloridos.\n\u00c9 um jogo semelhante ao Aviator, mas em vez de um avi\u00e3o, \u00e9 o Lucky Joe e a sua mochila que devem ser vigiados.\nAs apostas tamb\u00e9m s\u00e3o feitas antes do in\u00edcio da ronda e, em seguida, um multiplicador \u00e9 ativado e tem de ser capaz de recolher os seus ganhos antes que Joe voe para longe.  <\/p>\n\n<p>As probabilidades no Lucky Jet s\u00e3o diferentes.\nPodes aceitar a aposta multiplicada por 3, ou podes esperar por um aumento de 50, 100 e at\u00e9 200 vezes.\nComo mostram as estat\u00edsticas, as probabilidades elevadas s\u00e3o comuns.\nMas s\u00f3 o jogador depende de quanta paci\u00eancia tem e se consegue prever corretamente a dura\u00e7\u00e3o da ronda.   <\/p>\n\n<h2 class=\"wp-block-heading\">Jet X \u00e9 outro jogo do tipo Aviador<\/h2>\n\n<p>O pr\u00f3ximo jogo como o Aviator que est\u00e1 a ganhar popularidade \u00e9 o Jet X, apresentado pela Smartsoft Gaming.\n\u00c9 um jogo multijogador, semelhante em ess\u00eancia ao Aviator, porque.\nem que tamb\u00e9m tens de seguir o avi\u00e3o a ganhar altitude.\nA diferen\u00e7a \u00e9 que o ponto de descolagem \u00e9 monitorizado, ou seja, quanto mais alto estiver, mais o avi\u00e3o ganha altitude.\nquanto mais alto for, mais o jogador ganhar\u00e1, aumentando as probabilidades.\nNo entanto, se o jogador n\u00e3o conseguir levantar o dinheiro antes de o avi\u00e3o levantar voo, perder\u00e1 e perder\u00e1 tudo.     <\/p>\n\n<p>O jogo \u00e9 emocionante, agrada ao equil\u00edbrio da adrenalina e da emo\u00e7\u00e3o, bem como \u00e0s &#8220;fichas&#8221; especiais.\nPor exemplo: <\/p>\n\n<ul>\n<li>Existe uma funcionalidade de b\u00f3nus que envolve um sorteio do jackpot.<\/li>\n\n\n\n<li>Foi definido um levantamento m\u00ednimo com probabilidades de 1,1.<\/li>\n\n\n\n<li>O multiplicador funciona at\u00e9 mais infinito.<\/li>\n<\/ul>\n\n<h2 class=\"wp-block-heading\">Foguet\u00e3o X.<\/h2>\n\n<p>O Rocket X \u00e9 tamb\u00e9m uma variante do jogo do tipo Aviador apresentado pela Slotegrator.\nAtrai uma interface gr\u00e1fica r\u00e1pida, uma funcionalidade \u00fanica e a capacidade de dar ao jogador uma s\u00e9rie de emo\u00e7\u00f5es brilhantes.\nNele, o enredo \u00e9 constru\u00eddo sobre a descolagem do foguet\u00e3o, que est\u00e1 a tentar manter um jovem.\nNo decurso de cada ronda, funcionam apostas multiplicadoras, pelo que pode obter o montante multiplicado por 100 e at\u00e9 mais.   <\/p>\n\n<p>Existem defini\u00e7\u00f5es neste jogo:<\/p>\n\n<ul>\n<li>Autostraddle.<\/li>\n\n\n\n<li>Autopinions.<\/li>\n<\/ul>\n\n<p>Podem ser utilizadas estrat\u00e9gias moderadas e agressivas.\nAo mesmo tempo, n\u00e3o existe uma \u00fanica estrat\u00e9gia de vit\u00f3ria garantida, tudo se baseia no sistema aleat\u00f3rio, ou seja.\nA sorte determinar\u00e1 tudo.  <\/p>\n\n<h2 class=\"wp-block-heading\">Espa\u00e7o XY.<\/h2>\n\n<p>O Space XY \u00e9 tamb\u00e9m uma \u00f3ptima op\u00e7\u00e3o para quem est\u00e1 interessado num jogo de dinheiro semelhante ao Aviator.\nNele, os jogadores ter\u00e3o de lan\u00e7ar n\u00e3o um avi\u00e3o, mas um foguet\u00e3o.\nA interface \u00e9 contida, lac\u00f3nica.\nAs apostas s\u00e3o feitas na ronda seguinte, na qual o jogador ter\u00e1 de assistir ao voo do seu foguet\u00e3o.\nNo entanto, o foguet\u00e3o pode desaparecer subitamente do radar, sair da rota e explodir, e quando isso acontece, as apostas s\u00e3o perdidas.\nA tarefa do jogador \u00e9 &#8220;saltar&#8221; do foguet\u00e3o a tempo, ou seja.\ncomo noutros jogos semelhantes, apanhar o dinheiro antes que expluda.      <\/p>\n\n<h2 class=\"wp-block-heading\">Dinheiro ou colapso.<\/h2>\n\n<p>Cash or Crash, apesar de ser um an\u00e1logo de Aviator, difere no facto de ser um game show completo e de ser um jogo ao vivo, que \u00e9 complementado com a realidade.\nO enredo desenvolve-se no interior de um dirig\u00edvel virtual, onde existe uma escada de 20 degraus.\nO movimento sobre ela ajuda a elevar o dirig\u00edvel e a afast\u00e1-lo cada vez mais da Terra.\nAo subir a escada, as bolas verdes acendem-se, cada uma delas conduz \u00e0 vit\u00f3ria e aumenta os ganhos, mas assim que a vermelha se acende, o jogador despenha-se e perde tudo.   <\/p>\n\n<p>Caracter\u00edsticas:<\/p>\n\n<ul>\n<li>\u00c9 poss\u00edvel aumentar as apostas at\u00e9 50.000 vezes.<\/li>\n\n\n\n<li>H\u00e1 tamb\u00e9m uma esfera dourada que concede vida extra.<\/li>\n<\/ul>\n\n<h2 class=\"wp-block-heading\">Tirar conclus\u00f5es<\/h2>\n\n<p>Os jogos Aviator e similares s\u00e3o uma \u00f3ptima oportunidade para relaxar, descansar, livrar-se da negatividade acumulada do dia.\nAo mesmo tempo, cada jogador procura o seu pr\u00f3prio significado: <\/p>\n\n<ul>\n<li>Divirta-se e satisfa\u00e7a o entusiasmo.<\/li>\n\n\n\n<li>Ganhar dinheiro.<\/li>\n<\/ul>\n\n<p>Qual o jogo a dinheiro do tipo Aviador a escolher e com que objetivo jogar &#8211; a decis\u00e3o \u00e9 sua, o principal \u00e9 ser capaz de se controlar e seguir a estrat\u00e9gia escolhida.\nUma grande sele\u00e7\u00e3o de slots \u00e9 uma excelente oportunidade para diversificar o tempo de lazer at\u00e9 do jogador mais sofisticado. <\/p>\n","protected":false},"excerpt":{"rendered":"<p>O Aviator \u00e9 um jogo \u00fanico, um dos primeiros jogos de v\u00eddeo a dinheiro do g\u00e9nero crash, cujo aparecimento causou sensa\u00e7\u00e3o no jogo online. \u00c9 din\u00e2mico, excitante, com rondas curtas, o que \u00e9 suficiente para provocar uma forte descarga de adrenalina e obter emo\u00e7\u00f5es vivas. Mas um jogador sofisticado \u00e9 sempre fascinado pela variedade, pelo [&hellip;]<\/p>\n","protected":false},"author":2,"featured_media":0,"parent":0,"menu_order":0,"comment_status":"closed","ping_status":"closed","template":"","meta":{"footnotes":""},"yoast_head":"<!-- This site is optimized with the Yoast SEO plugin v21.7 - https:\/\/yoast.com\/wordpress\/plugins\/seo\/ -->\n<title>Jogos de dinheiro semelhantes ao Aviator (jogos semelhantes e an\u00e1logos ao Aviator)<\/title>\n<meta name=\"description\" content=\"An\u00e1lise de jogos de queda como o famoso &quot;Aviator&quot; a dinheiro. Veja as principais variantes e escolha a que lhe dar\u00e1 novas emo\u00e7\u00f5es e entusiasmo e, se a Fortuna lhe for favor\u00e1vel, uma vit\u00f3ria s\u00f3lida!\" \/>\n<meta name=\"robots\" content=\"index, follow, max-snippet:-1, max-image-preview:large, max-video-preview:-1\" \/>\n<link rel=\"canonical\" href=\"https:\/\/aviator-crash.org\/pt-pt\/jogos-como-aviator-a-dinheiro\/\" \/>\n<meta property=\"og:locale\" content=\"pt_PT\" \/>\n<meta property=\"og:type\" content=\"article\" \/>\n<meta property=\"og:title\" content=\"Jogos de dinheiro semelhantes ao Aviator (jogos semelhantes e an\u00e1logos ao Aviator)\" \/>\n<meta property=\"og:description\" content=\"An\u00e1lise de jogos de queda como o famoso &quot;Aviator&quot; a dinheiro. Veja as principais variantes e escolha a que lhe dar\u00e1 novas emo\u00e7\u00f5es e entusiasmo e, se a Fortuna lhe for favor\u00e1vel, uma vit\u00f3ria s\u00f3lida!\" \/>\n<meta property=\"og:url\" content=\"https:\/\/aviator-crash.org\/pt-pt\/jogos-como-aviator-a-dinheiro\/\" \/>\n<meta property=\"article:modified_time\" content=\"2024-02-02T17:55:43+00:00\" \/>\n<meta name=\"twitter:card\" content=\"summary_large_image\" \/>\n<meta name=\"twitter:label1\" content=\"Est. reading time\" \/>\n\t<meta name=\"twitter:data1\" content=\"4 minutos\" \/>\n<script type=\"application\/ld+json\" class=\"yoast-schema-graph\">{\"@context\":\"https:\/\/schema.org\",\"@graph\":[{\"@type\":\"WebPage\",\"@id\":\"https:\/\/aviator-crash.org\/pt-pt\/jogos-como-aviator-a-dinheiro\/\",\"url\":\"https:\/\/aviator-crash.org\/pt-pt\/jogos-como-aviator-a-dinheiro\/\",\"name\":\"Jogos de dinheiro semelhantes ao Aviator (jogos semelhantes e an\u00e1logos ao Aviator)\",\"isPartOf\":{\"@id\":\"https:\/\/aviator-crash.org\/pt-pt\/#website\"},\"datePublished\":\"2023-12-27T19:09:40+00:00\",\"dateModified\":\"2024-02-02T17:55:43+00:00\",\"description\":\"An\u00e1lise de jogos de queda como o famoso \\\"Aviator\\\" a dinheiro. Veja as principais variantes e escolha a que lhe dar\u00e1 novas emo\u00e7\u00f5es e entusiasmo e, se a Fortuna lhe for favor\u00e1vel, uma vit\u00f3ria s\u00f3lida!\",\"breadcrumb\":{\"@id\":\"https:\/\/aviator-crash.org\/pt-pt\/jogos-como-aviator-a-dinheiro\/#breadcrumb\"},\"inLanguage\":\"pt-PT\",\"potentialAction\":[{\"@type\":\"ReadAction\",\"target\":[\"https:\/\/aviator-crash.org\/pt-pt\/jogos-como-aviator-a-dinheiro\/\"]}]},{\"@type\":\"BreadcrumbList\",\"@id\":\"https:\/\/aviator-crash.org\/pt-pt\/jogos-como-aviator-a-dinheiro\/#breadcrumb\",\"itemListElement\":[{\"@type\":\"ListItem\",\"position\":1,\"name\":\"Home\",\"item\":\"https:\/\/aviator-crash.org\/pt-pt\/jogo-aviator-online-por-dinheiro-real\/\"},{\"@type\":\"ListItem\",\"position\":2,\"name\":\"Jogos como Aviator a dinheiro\"}]},{\"@type\":\"WebSite\",\"@id\":\"https:\/\/aviator-crash.org\/pt-pt\/#website\",\"url\":\"https:\/\/aviator-crash.org\/pt-pt\/\",\"name\":\"\",\"description\":\"\",\"potentialAction\":[{\"@type\":\"SearchAction\",\"target\":{\"@type\":\"EntryPoint\",\"urlTemplate\":\"https:\/\/aviator-crash.org\/pt-pt\/?s={search_term_string}\"},\"query-input\":\"required name=search_term_string\"}],\"inLanguage\":\"pt-PT\"}]}<\/script>\n<!-- \/ Yoast SEO plugin. -->","yoast_head_json":{"title":"Jogos de dinheiro semelhantes ao Aviator (jogos semelhantes e an\u00e1logos ao Aviator)","description":"An\u00e1lise de jogos de queda como o famoso \"Aviator\" a dinheiro. Veja as principais variantes e escolha a que lhe dar\u00e1 novas emo\u00e7\u00f5es e entusiasmo e, se a Fortuna lhe for favor\u00e1vel, uma vit\u00f3ria s\u00f3lida!","robots":{"index":"index","follow":"follow","max-snippet":"max-snippet:-1","max-image-preview":"max-image-preview:large","max-video-preview":"max-video-preview:-1"},"canonical":"https:\/\/aviator-crash.org\/pt-pt\/jogos-como-aviator-a-dinheiro\/","og_locale":"pt_PT","og_type":"article","og_title":"Jogos de dinheiro semelhantes ao Aviator (jogos semelhantes e an\u00e1logos ao Aviator)","og_description":"An\u00e1lise de jogos de queda como o famoso \"Aviator\" a dinheiro. Veja as principais variantes e escolha a que lhe dar\u00e1 novas emo\u00e7\u00f5es e entusiasmo e, se a Fortuna lhe for favor\u00e1vel, uma vit\u00f3ria s\u00f3lida!","og_url":"https:\/\/aviator-crash.org\/pt-pt\/jogos-como-aviator-a-dinheiro\/","article_modified_time":"2024-02-02T17:55:43+00:00","twitter_card":"summary_large_image","twitter_misc":{"Est. reading time":"4 minutos"},"schema":{"@context":"https:\/\/schema.org","@graph":[{"@type":"WebPage","@id":"https:\/\/aviator-crash.org\/pt-pt\/jogos-como-aviator-a-dinheiro\/","url":"https:\/\/aviator-crash.org\/pt-pt\/jogos-como-aviator-a-dinheiro\/","name":"Jogos de dinheiro semelhantes ao Aviator (jogos semelhantes e an\u00e1logos ao Aviator)","isPartOf":{"@id":"https:\/\/aviator-crash.org\/pt-pt\/#website"},"datePublished":"2023-12-27T19:09:40+00:00","dateModified":"2024-02-02T17:55:43+00:00","description":"An\u00e1lise de jogos de queda como o famoso \"Aviator\" a dinheiro. Veja as principais variantes e escolha a que lhe dar\u00e1 novas emo\u00e7\u00f5es e entusiasmo e, se a Fortuna lhe for favor\u00e1vel, uma vit\u00f3ria s\u00f3lida!","breadcrumb":{"@id":"https:\/\/aviator-crash.org\/pt-pt\/jogos-como-aviator-a-dinheiro\/#breadcrumb"},"inLanguage":"pt-PT","potentialAction":[{"@type":"ReadAction","target":["https:\/\/aviator-crash.org\/pt-pt\/jogos-como-aviator-a-dinheiro\/"]}]},{"@type":"BreadcrumbList","@id":"https:\/\/aviator-crash.org\/pt-pt\/jogos-como-aviator-a-dinheiro\/#breadcrumb","itemListElement":[{"@type":"ListItem","position":1,"name":"Home","item":"https:\/\/aviator-crash.org\/pt-pt\/jogo-aviator-online-por-dinheiro-real\/"},{"@type":"ListItem","position":2,"name":"Jogos como Aviator a dinheiro"}]},{"@type":"WebSite","@id":"https:\/\/aviator-crash.org\/pt-pt\/#website","url":"https:\/\/aviator-crash.org\/pt-pt\/","name":"","description":"","potentialAction":[{"@type":"SearchAction","target":{"@type":"EntryPoint","urlTemplate":"https:\/\/aviator-crash.org\/pt-pt\/?s={search_term_string}"},"query-input":"required name=search_term_string"}],"inLanguage":"pt-PT"}]}},"_links":{"self":[{"href":"https:\/\/aviator-crash.org\/pt-pt\/wp-json\/wp\/v2\/pages\/2501"}],"collection":[{"href":"https:\/\/aviator-crash.org\/pt-pt\/wp-json\/wp\/v2\/pages"}],"about":[{"href":"https:\/\/aviator-crash.org\/pt-pt\/wp-json\/wp\/v2\/types\/page"}],"author":[{"embeddable":true,"href":"https:\/\/aviator-crash.org\/pt-pt\/wp-json\/wp\/v2\/users\/2"}],"replies":[{"embeddable":true,"href":"https:\/\/aviator-crash.org\/pt-pt\/wp-json\/wp\/v2\/comments?post=2501"}],"version-history":[{"count":1,"href":"https:\/\/aviator-crash.org\/pt-pt\/wp-json\/wp\/v2\/pages\/2501\/revisions"}],"predecessor-version":[{"id":2502,"href":"https:\/\/aviator-crash.org\/pt-pt\/wp-json\/wp\/v2\/pages\/2501\/revisions\/2502"}],"wp:attachment":[{"href":"https:\/\/aviator-crash.org\/pt-pt\/wp-json\/wp\/v2\/media?parent=2501"}],"curies":[{"name":"wp","href":"https:\/\/api.w.org\/{rel}","templated":true}]}}