{"id":2544,"date":"2023-12-27T19:48:01","date_gmt":"2023-12-27T19:48:01","guid":{"rendered":"https:\/\/aviator-crash.org\/slot-machine-espaco-xy\/"},"modified":"2024-02-02T17:59:38","modified_gmt":"2024-02-02T17:59:38","slug":"slot-machine-espaco-xy","status":"publish","type":"page","link":"https:\/\/aviator-crash.org\/pt-pt\/slot-machine-espaco-xy\/","title":{"rendered":"Slot machine Espa\u00e7o XY"},"content":{"rendered":"\n<figure class=\"wp-block-gallery has-nested-images columns-default is-cropped wp-block-gallery-1 is-layout-flex wp-block-gallery-is-layout-flex\">\n<figure class=\"wp-block-image size-large\"><span itemprop=\"image\" itemscope itemtype=\"https:\/\/schema.org\/ImageObject\"><img itemprop=\"url image\" loading=\"lazy\" decoding=\"async\" width=\"1024\" height=\"445\" data-id=\"469\" src=\"https:\/\/aviator-crash.org\/wp-content\/uploads\/2024\/01\/bgaming-game-release-1024x445.jpg\" alt=\"\" class=\"wp-image-469\" srcset=\"https:\/\/aviator-crash.org\/wp-content\/uploads\/2024\/01\/bgaming-game-release-1024x445.jpg 1024w, https:\/\/aviator-crash.org\/wp-content\/uploads\/2024\/01\/bgaming-game-release-300x131.jpg 300w, https:\/\/aviator-crash.org\/wp-content\/uploads\/2024\/01\/bgaming-game-release-768x334.jpg 768w, https:\/\/aviator-crash.org\/wp-content\/uploads\/2024\/01\/bgaming-game-release.jpg 1200w\" sizes=\"(max-width: 1024px) 100vw, 1024px\" \/><meta itemprop=\"width\" content=\"1024\"><meta itemprop=\"height\" content=\"445\"><\/span><\/figure>\n<\/figure>\n\n<p>Bem-vindo ao mundo do Space XY, onde cada estrela \u00e9 uma nova aventura e cada gal\u00e1xia \u00e9 um campo de explora\u00e7\u00e3o.\nEste emocionante jogo espacial oferece aos jogadores n\u00e3o s\u00f3 a oportunidade de explorar as vastas extens\u00f5es do universo, mas tamb\u00e9m de se tornarem verdadeiros conquistadores do espa\u00e7o. <\/p>\n\n<p>Space XY \u00e9 um jogo que atrai a aten\u00e7\u00e3o desde os primeiros segundos.\nPode descarregar a aplica\u00e7\u00e3o para Android no site oficial de apostas da One Win.\nAqui esperam por si as melhores aventuras e um passatempo inesquec\u00edvel.\nInicia sess\u00e3o na tua conta pessoal, faz apostas e ganha no Space XY.   <\/p>\n\n<h2 class=\"wp-block-heading\">Vantagens do jogo online Space XY<\/h2>\n\n<p>Space XY \u00e9 um jogo que oferece emocionantes batalhas espaciais onde podes testar as tuas capacidades de pilotagem.\nPersonaliza a tua nave espacial, luta contra amea\u00e7as alien\u00edgenas e participa em batalhas espaciais \u00e9picas que determinar\u00e3o o teu destino neste vasto espa\u00e7o. <\/p>\n\n<p>Entre as principais vantagens deste jogo, contam-se as seguintes:<\/p>\n\n<ul>\n<li>Enredo profundo.\nO Space XY n\u00e3o se limita apenas a aventuras espaciais.\nUm enredo rico, puzzles complexos e decis\u00f5es importantes criam uma experi\u00eancia \u00fanica que depende das tuas escolhas.  <\/li>\n\n\n\n<li>Cada decis\u00e3o afecta o desenrolar do jogo.\n\u00c9 por isso que vais precisar de uma estrat\u00e9gia no Space XY para ganhares e ganhares o m\u00e1ximo de pontos poss\u00edvel. <\/li>\n\n\n\n<li>Op\u00e7\u00e3o de personaliza\u00e7\u00e3o.\nUm dos elementos chave do Space XY \u00e9 a possibilidade de personalizar a tua nave espacial de acordo com as tuas prefer\u00eancias.\nEscolhe modifica\u00e7\u00f5es \u00fanicas, melhora a tecnologia e cria uma nave que reflicta o teu estilo e estrat\u00e9gia.  <\/li>\n\n\n\n<li>Viagens Gal\u00e1cticas.\nO Space XY abre uma infinidade de gal\u00e1xias, cada uma delas repleta de mundos incr\u00edveis, artefactos misteriosos e aventuras perigosas.\nExplora planetas desconhecidos, conhece uma variedade de ra\u00e7as e participa em hist\u00f3rias espaciais intrigantes.\nTudo o que precisas para come\u00e7ar a mergulhar na hist\u00f3ria \u00e9 descobrir como instalar o jogo no Space XY.   <\/li>\n\n\n\n<li>Eventos e miss\u00f5es semanais.\nO jogo online \u00e9 constantemente atualizado com novos eventos, miss\u00f5es e desafios, permitindo-te encontrar sempre novos objectivos a atingir.\nParticipe em eventos semanais, lute por pr\u00e9mios e maravilhe-se com as oportunidades \u00fanicas que lhe s\u00e3o apresentadas todas as semanas.  <\/li>\n<\/ul>\n\n<h2 class=\"wp-block-heading\">Como jogar Space XY<\/h2>\n\n<p>Para se juntar \u00e0 aventura espacial no Space XY, o primeiro passo \u00e9 instalar o jogo.\nDepois, ter\u00e1s de criar a tua conta, o que garantir\u00e1 a manuten\u00e7\u00e3o do teu progresso e das tuas capacidades online.\nUma vez registado, personaliza a tua nave espacial escolhendo designs e melhoramentos \u00fanicos.\nMergulha no mundo do Space XY, explorando gal\u00e1xias, interagindo com diferentes mundos e completando miss\u00f5es, descarregando o Space XY.   <\/p>\n\n<p>As batalhas espaciais s\u00e3o um aspeto fundamental do jogo.\nDesafia amea\u00e7as alien\u00edgenas e outros jogadores em tempo real utilizando as tuas capacidades estrat\u00e9gicas.\nParticipa em eventos e miss\u00f5es para ganhares recompensas e actualiza\u00e7\u00f5es.\nA socializa\u00e7\u00e3o com outros jogadores tamb\u00e9m \u00e9 importante &#8211; forma alian\u00e7as, partilha experi\u00eancias e estrat\u00e9gias.   <\/p>\n\n<p>Em geral, a imers\u00e3o em Space XY requer a explora\u00e7\u00e3o, o combate e a intera\u00e7\u00e3o com um mundo c\u00f3smico que aguarda a tua descoberta.<\/p>\n\n<h2 class=\"wp-block-heading\">Como ganhar no Space XY<\/h2>\n\n<p>No mundo de Space XY, a chave para o sucesso do jogo reside na explora\u00e7\u00e3o profunda do universo e na adapta\u00e7\u00e3o flex\u00edvel a uma variedade de desafios.\nDesenvolve a tua nave espacial, personaliza-a de acordo com as tuas necessidades \u00fanicas e as exig\u00eancias da situa\u00e7\u00e3o atual.\nE os b\u00f3nus do Space XY permitir-lhe-\u00e3o aumentar as suas hip\u00f3teses de ganhar.  <\/p>\n\n<p>Adopte uma abordagem estrat\u00e9gica \u00e0s batalhas espaciais, prestando aten\u00e7\u00e3o \u00e0 din\u00e2mica da batalha e aos factores externos.\nObserva o comportamento dos outros jogadores e adapta as tuas t\u00e1cticas de acordo com as suas ac\u00e7\u00f5es.\nA estrat\u00e9gia do Space XY \u00e9 um aspeto fundamental para um jogo de sucesso.  <\/p>\n\n<p>Participa ativamente em eventos e miss\u00f5es que proporcionam oportunidades de ganhar recursos valiosos e melhoramentos para a tua nave.\nNo entanto, lembre-se que as suas ac\u00e7\u00f5es e decis\u00f5es podem afetar o jogo e as suas interac\u00e7\u00f5es com outros jogadores. <\/p>\n\n<h2 class=\"wp-block-heading\">Regras do jogo Space XY<\/h2>\n\n<p>No mundo do Space XY, existem algumas regras b\u00e1sicas que te ajudar\u00e3o a navegar com sucesso e a ter \u00eaxito nas tuas aventuras espaciais.\nEstas regras devem ser aprendidas antes de come\u00e7ares a jogar o Space XY: <\/p>\n\n<ol>\n<li>Explore diferentes gal\u00e1xias, planetas e aster\u00f3ides.<\/li>\n\n\n\n<li>Melhore a sua nave, desenvolva t\u00e1cticas e participe em duelos espaciais para proteger os seus interesses.<\/li>\n\n\n\n<li>Extrai recursos, processa-os e utiliza-os para melhorar a tua nave, construir bases, investigar e comercializar.<\/li>\n\n\n\n<li>Participa ativamente em eventos e miss\u00f5es para ganhares recompensas \u00fanicas e expandires as tuas capacidades no jogo.<\/li>\n\n\n\n<li>Explore novas tecnologias para melhorar a defesa da sua nave e da sua base.<\/li>\n\n\n\n<li>Formar alian\u00e7as com outros jogadores para unir for\u00e7as para lutar por objectivos comuns e desenvolver estrat\u00e9gias no jogo Space XY como ganhar.<\/li>\n\n\n\n<li>Participe em competi\u00e7\u00f5es e acompanhe as classifica\u00e7\u00f5es para medir o seu progresso e comparar as suas conquistas com as de outros jogadores.<\/li>\n<\/ol>\n\n<p>Seguindo estas regras, poder\u00e1s desfrutar plenamente da experi\u00eancia espacial no Space XY e ter sucesso na vastid\u00e3o do espa\u00e7o.<\/p>\n\n<h2 class=\"wp-block-heading\">C\u00f3digos promocionais<\/h2>\n\n<p>A melhor forma de obter c\u00f3digos actualizados \u00e9 seguir os canais de comunica\u00e7\u00e3o oficiais do jogo.\nEstes podem ser o s\u00edtio Web oficial, as redes sociais, os f\u00f3runs ou os boletins informativos por correio eletr\u00f3nico.\nOs c\u00f3digos promocionais de um jogo como o Space XY s\u00e3o utilizados para oferecer aos jogadores v\u00e1rios b\u00f3nus e benef\u00edcios.  <\/p>\n\n<p>Os c\u00f3digos promocionais podem fornecer recursos gratuitos, como cr\u00e9ditos, energia ou outras moedas do jogo.\nAlgumas op\u00e7\u00f5es d\u00e3o acesso a melhorias ou actualiza\u00e7\u00f5es \u00fanicas para naves espaciais, bases e outros elementos do jogo.\nAs an\u00e1lises do Space XY oferecem muitas dicas sobre como utilizar corretamente esses b\u00f3nus.  <\/p>\n\n<p>Os c\u00f3digos promocionais podem ser distribu\u00eddos como parte de eventos especiais, concursos ou promo\u00e7\u00f5es, incentivando os jogadores a participar em v\u00e1rias actividades.<\/p>\n\n<h2 class=\"wp-block-heading\">Testemunhos<\/h2>\n\n<p>Aqui est\u00e3o alguns coment\u00e1rios de utilizadores que confirmam a popularidade generalizada desta aplica\u00e7\u00e3o:<\/p>\n","protected":false},"excerpt":{"rendered":"<p>Bem-vindo ao mundo do Space XY, onde cada estrela \u00e9 uma nova aventura e cada gal\u00e1xia \u00e9 um campo de explora\u00e7\u00e3o. Este emocionante jogo espacial oferece aos jogadores n\u00e3o s\u00f3 a oportunidade de explorar as vastas extens\u00f5es do universo, mas tamb\u00e9m de se tornarem verdadeiros conquistadores do espa\u00e7o. Space XY \u00e9 um jogo que atrai [&hellip;]<\/p>\n","protected":false},"author":2,"featured_media":0,"parent":0,"menu_order":0,"comment_status":"open","ping_status":"closed","template":"","meta":{"footnotes":""},"yoast_head":"<!-- This site is optimized with the Yoast SEO plugin v21.7 - https:\/\/yoast.com\/wordpress\/plugins\/seo\/ -->\n<title>Space XY jogo de casino, descarregar<\/title>\n<meta name=\"description\" content=\"Um jogo interessante para os amantes da emo\u00e7\u00e3o e dos riscos elevados. Descarregue e divirta-se com a jogabilidade do jogo Space XY no casino. Mergulhe no mundo do risco e das aventuras inesquec\u00edveis. Estuda cuidadosamente as regras e as caracter\u00edsticas do jogo para ganhar.\" \/>\n<meta name=\"robots\" content=\"index, follow, max-snippet:-1, max-image-preview:large, max-video-preview:-1\" \/>\n<link rel=\"canonical\" href=\"https:\/\/aviator-crash.org\/pt-pt\/slot-machine-espaco-xy\/\" \/>\n<meta property=\"og:locale\" content=\"pt_PT\" \/>\n<meta property=\"og:type\" content=\"article\" \/>\n<meta property=\"og:title\" content=\"Space XY jogo de casino, descarregar\" \/>\n<meta property=\"og:description\" content=\"Um jogo interessante para os amantes da emo\u00e7\u00e3o e dos riscos elevados. Descarregue e divirta-se com a jogabilidade do jogo Space XY no casino. Mergulhe no mundo do risco e das aventuras inesquec\u00edveis. Estuda cuidadosamente as regras e as caracter\u00edsticas do jogo para ganhar.\" \/>\n<meta property=\"og:url\" content=\"https:\/\/aviator-crash.org\/pt-pt\/slot-machine-espaco-xy\/\" \/>\n<meta property=\"article:modified_time\" content=\"2024-02-02T17:59:38+00:00\" \/>\n<meta property=\"og:image\" content=\"https:\/\/aviator-crash.org\/wp-content\/uploads\/2024\/01\/bgaming-game-release-1024x445.jpg\" \/>\n<meta name=\"twitter:card\" content=\"summary_large_image\" \/>\n<meta name=\"twitter:label1\" content=\"Est. reading time\" \/>\n\t<meta name=\"twitter:data1\" content=\"5 minutos\" \/>\n<script type=\"application\/ld+json\" class=\"yoast-schema-graph\">{\"@context\":\"https:\/\/schema.org\",\"@graph\":[{\"@type\":\"WebPage\",\"@id\":\"https:\/\/aviator-crash.org\/pt-pt\/slot-machine-espaco-xy\/\",\"url\":\"https:\/\/aviator-crash.org\/pt-pt\/slot-machine-espaco-xy\/\",\"name\":\"Space XY jogo de casino, descarregar\",\"isPartOf\":{\"@id\":\"https:\/\/aviator-crash.org\/pt-pt\/#website\"},\"datePublished\":\"2023-12-27T19:48:01+00:00\",\"dateModified\":\"2024-02-02T17:59:38+00:00\",\"description\":\"Um jogo interessante para os amantes da emo\u00e7\u00e3o e dos riscos elevados. Descarregue e divirta-se com a jogabilidade do jogo Space XY no casino. Mergulhe no mundo do risco e das aventuras inesquec\u00edveis. Estuda cuidadosamente as regras e as caracter\u00edsticas do jogo para ganhar.\",\"breadcrumb\":{\"@id\":\"https:\/\/aviator-crash.org\/pt-pt\/slot-machine-espaco-xy\/#breadcrumb\"},\"inLanguage\":\"pt-PT\",\"potentialAction\":[{\"@type\":\"ReadAction\",\"target\":[\"https:\/\/aviator-crash.org\/pt-pt\/slot-machine-espaco-xy\/\"]}]},{\"@type\":\"BreadcrumbList\",\"@id\":\"https:\/\/aviator-crash.org\/pt-pt\/slot-machine-espaco-xy\/#breadcrumb\",\"itemListElement\":[{\"@type\":\"ListItem\",\"position\":1,\"name\":\"Home\",\"item\":\"https:\/\/aviator-crash.org\/pt-pt\/jogo-aviator-online-por-dinheiro-real\/\"},{\"@type\":\"ListItem\",\"position\":2,\"name\":\"Slot machine Espa\u00e7o XY\"}]},{\"@type\":\"WebSite\",\"@id\":\"https:\/\/aviator-crash.org\/pt-pt\/#website\",\"url\":\"https:\/\/aviator-crash.org\/pt-pt\/\",\"name\":\"\",\"description\":\"\",\"potentialAction\":[{\"@type\":\"SearchAction\",\"target\":{\"@type\":\"EntryPoint\",\"urlTemplate\":\"https:\/\/aviator-crash.org\/pt-pt\/?s={search_term_string}\"},\"query-input\":\"required name=search_term_string\"}],\"inLanguage\":\"pt-PT\"}]}<\/script>\n<!-- \/ Yoast SEO plugin. -->","yoast_head_json":{"title":"Space XY jogo de casino, descarregar","description":"Um jogo interessante para os amantes da emo\u00e7\u00e3o e dos riscos elevados. Descarregue e divirta-se com a jogabilidade do jogo Space XY no casino. Mergulhe no mundo do risco e das aventuras inesquec\u00edveis. Estuda cuidadosamente as regras e as caracter\u00edsticas do jogo para ganhar.","robots":{"index":"index","follow":"follow","max-snippet":"max-snippet:-1","max-image-preview":"max-image-preview:large","max-video-preview":"max-video-preview:-1"},"canonical":"https:\/\/aviator-crash.org\/pt-pt\/slot-machine-espaco-xy\/","og_locale":"pt_PT","og_type":"article","og_title":"Space XY jogo de casino, descarregar","og_description":"Um jogo interessante para os amantes da emo\u00e7\u00e3o e dos riscos elevados. Descarregue e divirta-se com a jogabilidade do jogo Space XY no casino. Mergulhe no mundo do risco e das aventuras inesquec\u00edveis. Estuda cuidadosamente as regras e as caracter\u00edsticas do jogo para ganhar.","og_url":"https:\/\/aviator-crash.org\/pt-pt\/slot-machine-espaco-xy\/","article_modified_time":"2024-02-02T17:59:38+00:00","og_image":[{"url":"https:\/\/aviator-crash.org\/wp-content\/uploads\/2024\/01\/bgaming-game-release-1024x445.jpg"}],"twitter_card":"summary_large_image","twitter_misc":{"Est. reading time":"5 minutos"},"schema":{"@context":"https:\/\/schema.org","@graph":[{"@type":"WebPage","@id":"https:\/\/aviator-crash.org\/pt-pt\/slot-machine-espaco-xy\/","url":"https:\/\/aviator-crash.org\/pt-pt\/slot-machine-espaco-xy\/","name":"Space XY jogo de casino, descarregar","isPartOf":{"@id":"https:\/\/aviator-crash.org\/pt-pt\/#website"},"datePublished":"2023-12-27T19:48:01+00:00","dateModified":"2024-02-02T17:59:38+00:00","description":"Um jogo interessante para os amantes da emo\u00e7\u00e3o e dos riscos elevados. Descarregue e divirta-se com a jogabilidade do jogo Space XY no casino. Mergulhe no mundo do risco e das aventuras inesquec\u00edveis. Estuda cuidadosamente as regras e as caracter\u00edsticas do jogo para ganhar.","breadcrumb":{"@id":"https:\/\/aviator-crash.org\/pt-pt\/slot-machine-espaco-xy\/#breadcrumb"},"inLanguage":"pt-PT","potentialAction":[{"@type":"ReadAction","target":["https:\/\/aviator-crash.org\/pt-pt\/slot-machine-espaco-xy\/"]}]},{"@type":"BreadcrumbList","@id":"https:\/\/aviator-crash.org\/pt-pt\/slot-machine-espaco-xy\/#breadcrumb","itemListElement":[{"@type":"ListItem","position":1,"name":"Home","item":"https:\/\/aviator-crash.org\/pt-pt\/jogo-aviator-online-por-dinheiro-real\/"},{"@type":"ListItem","position":2,"name":"Slot machine Espa\u00e7o XY"}]},{"@type":"WebSite","@id":"https:\/\/aviator-crash.org\/pt-pt\/#website","url":"https:\/\/aviator-crash.org\/pt-pt\/","name":"","description":"","potentialAction":[{"@type":"SearchAction","target":{"@type":"EntryPoint","urlTemplate":"https:\/\/aviator-crash.org\/pt-pt\/?s={search_term_string}"},"query-input":"required name=search_term_string"}],"inLanguage":"pt-PT"}]}},"_links":{"self":[{"href":"https:\/\/aviator-crash.org\/pt-pt\/wp-json\/wp\/v2\/pages\/2544"}],"collection":[{"href":"https:\/\/aviator-crash.org\/pt-pt\/wp-json\/wp\/v2\/pages"}],"about":[{"href":"https:\/\/aviator-crash.org\/pt-pt\/wp-json\/wp\/v2\/types\/page"}],"author":[{"embeddable":true,"href":"https:\/\/aviator-crash.org\/pt-pt\/wp-json\/wp\/v2\/users\/2"}],"replies":[{"embeddable":true,"href":"https:\/\/aviator-crash.org\/pt-pt\/wp-json\/wp\/v2\/comments?post=2544"}],"version-history":[{"count":1,"href":"https:\/\/aviator-crash.org\/pt-pt\/wp-json\/wp\/v2\/pages\/2544\/revisions"}],"predecessor-version":[{"id":2546,"href":"https:\/\/aviator-crash.org\/pt-pt\/wp-json\/wp\/v2\/pages\/2544\/revisions\/2546"}],"wp:attachment":[{"href":"https:\/\/aviator-crash.org\/pt-pt\/wp-json\/wp\/v2\/media?parent=2544"}],"curies":[{"name":"wp","href":"https:\/\/api.w.org\/{rel}","templated":true}]}}