{"id":2592,"date":"2023-12-27T19:40:59","date_gmt":"2023-12-27T19:40:59","guid":{"rendered":"https:\/\/aviator-crash.org\/jogar-rocket-x\/"},"modified":"2024-02-02T18:29:57","modified_gmt":"2024-02-02T18:29:57","slug":"jogar-rocket-x","status":"publish","type":"page","link":"https:\/\/aviator-crash.org\/pt-pt\/jogar-rocket-x\/","title":{"rendered":"Jogar Rocket X"},"content":{"rendered":"\n<figure class=\"wp-block-gallery has-nested-images columns-default is-cropped wp-block-gallery-1 is-layout-flex wp-block-gallery-is-layout-flex\">\n<figure class=\"wp-block-image size-large\"><span itemprop=\"image\" itemscope itemtype=\"https:\/\/schema.org\/ImageObject\"><img itemprop=\"url image\" loading=\"lazy\" decoding=\"async\" width=\"1024\" height=\"761\" data-id=\"472\" src=\"https:\/\/aviator-crash.org\/wp-content\/uploads\/2024\/01\/rocket-x-1024x761.webp\" alt=\"\" class=\"wp-image-472\" srcset=\"https:\/\/aviator-crash.org\/wp-content\/uploads\/2024\/01\/rocket-x-1024x761.webp 1024w, https:\/\/aviator-crash.org\/wp-content\/uploads\/2024\/01\/rocket-x-300x223.webp 300w, https:\/\/aviator-crash.org\/wp-content\/uploads\/2024\/01\/rocket-x-768x571.webp 768w, https:\/\/aviator-crash.org\/wp-content\/uploads\/2024\/01\/rocket-x.webp 1200w\" sizes=\"(max-width: 1024px) 100vw, 1024px\" \/><meta itemprop=\"width\" content=\"1024\"><meta itemprop=\"height\" content=\"761\"><\/span><\/figure>\n<\/figure>\n\n<p>O jogo multijogador Rocket X permite-te mergulhar numa aventura emocionante e ganhar dinheiro a s\u00e9rio.\nPode descarreg\u00e1-lo gratuitamente em qualquer um dos seus dispositivos e desfrutar de um jogo fant\u00e1stico, tanto sozinho como em conjunto com os seus amigos e outros jogadores.\nPara tal, basta aceder ao portal de apostas oficial do One Win e descarregar gratuitamente o jogo Rocket X para Android.\nPara come\u00e7ar a jogar, basta aceder \u00e0 sua conta pessoal, registando-se ou iniciando sess\u00e3o.\nDemora apenas alguns minutos, mas pode come\u00e7ar imediatamente a jogar e a desfrutar do processo.    <\/p>\n\n<h2 class=\"wp-block-heading\"><strong>Vantagens do jogo online Rocket X<\/strong><\/h2>\n\n<p>Os jogos de azar s\u00e3o muito procurados no mundo moderno.\nPermitem-lhe passar um bom bocado e ganhar quase todo o tipo de dinheiro sem sair de casa.\nPor sua vez, o Rocket X \u00e9 considerado um dos mais populares do seu g\u00e9nero.\nEste jogo tem muitas vantagens, incluindo as seguintes:   <\/p>\n\n<ul>\n<li>Avalia\u00e7\u00f5es excecionalmente positivas do Rocket X, o que indica que esta aplica\u00e7\u00e3o \u00e9 extremamente popular entre os jogadores de todo o mundo.<\/li>\n\n\n\n<li>Modo multijogador.\nA possibilidade de jogar em tempo real, desfrutando do processo com os seus amigos ou outros utilizadores de todo o mundo online. <\/li>\n\n\n\n<li>Corrida din\u00e2mica.\nA jogabilidade centra-se em corridas r\u00e1pidas e din\u00e2micas com uma variedade de pistas e obst\u00e1culos. <\/li>\n\n\n\n<li>Locais \u00fanicos.\nLocais de jogo diversificados e coloridos que oferecem diferentes condi\u00e7\u00f5es de corrida. <\/li>\n\n\n\n<li>Acrobacias e melhoramentos.\nA capacidade de fazer acrobacias e melhorar a sua m\u00e1quina voadora com v\u00e1rios melhoramentos.\nTudo o que precisa de fazer \u00e9 descarregar o Rocket X para o seu dispositivo e registar-se.  <\/li>\n\n\n\n<li>Sistema de progress\u00e3o.\nUm sistema de progress\u00e3o elaborado com novos n\u00edveis, ve\u00edculos e outros conte\u00fados desbloqueados \u00e0 medida que avan\u00e7as no jogo. <\/li>\n\n\n\n<li>Disponibilidade de um grande n\u00famero de b\u00f3nus.\nPossibilidade de obter b\u00f3nus, conquistas e outras recompensas pela conclus\u00e3o bem sucedida de n\u00edveis ou pelo cumprimento de tarefas especiais. <\/li>\n\n\n\n<li>Excelentes gr\u00e1ficos e uma banda sonora impressionante.\nGr\u00e1ficos e banda sonora de qualidade para criar uma atmosfera visual e sonora impressionante. <\/li>\n<\/ul>\n\n<p>As in\u00fameras vantagens tornam este jogo bastante popular entre os f\u00e3s de aplica\u00e7\u00f5es de jogo.\nAs cr\u00edticas ao jogo Rocket X s\u00e3o maioritariamente positivas, o que confirma mais uma vez o facto acima referido.\nSe quer passar um bom bocado, esta aplica\u00e7\u00e3o \u00e9 a melhor op\u00e7\u00e3o.  <\/p>\n\n<h2 class=\"wp-block-heading\">Como jogar Rocket X<\/h2>\n\n<p>Outra vantagem deste jogo \u00e9 o facto de ter regras simples e claras, que podem ser rapidamente compreendidas por qualquer pessoa.\nA primeira coisa que precisa de fazer \u00e9 registar-se ou entrar no seu gabinete pessoal.\nEsta op\u00e7\u00e3o \u00e9 extremamente conveniente, uma vez que todo o progresso ser\u00e1 guardado automaticamente.  <\/p>\n\n<p>O segundo passo a dar \u00e9 financiar a sua conta de jogo.\nEm seguida, acede \u00e0 p\u00e1gina e inicia o simulador.\nO jogo come\u00e7a depois de fazer uma aposta.\nO montante \u00e9 individual e depende apenas das suas prefer\u00eancias e estrat\u00e9gia.   <\/p>\n\n<p>O s\u00edtio Web oficial do Rocket X oferece-lhe amplas oportunidades para jogar o jogo.\nExistem modos individuais e multijogadores, que permitem desfrutar do jogo online com amigos ou outros jogadores na Web.\nTodas as regras b\u00e1sicas est\u00e3o indicadas no s\u00edtio Web.\nAl\u00e9m disso, podes fazer o treino antes de come\u00e7ares a jogar para compreenderes melhor o jogo e come\u00e7ares a ganhar desde o in\u00edcio.   <\/p>\n\n<p>Depois de fazer a sua aposta, s\u00f3 tem de esperar pelo resultado.\nO processo \u00e9 bastante emocionante, uma vez que os valores mudam muito rapidamente e \u00e9 quase imposs\u00edvel prever qual ser\u00e1 o resultado final. <\/p>\n\n<h2 class=\"wp-block-heading\">Como ganhar no Rocket X<\/h2>\n\n<p>Como j\u00e1 ficou claro, \u00e9 extremamente importante escolher o momento certo no jogo, para que as apostas n\u00e3o sejam queimadas e as probabilidades sejam o mais favor\u00e1veis poss\u00edvel.\nPara este efeito, uma <em>estrat\u00e9gia<\/em> personalizada <em>do Rocket X<\/em> \u00e9 perfeita.\nPara a desenvolver, basta estudar os jogos anteriores, analisar os resultados e escolher a metodologia do jogo que ser\u00e1 mais rent\u00e1vel.  <\/p>\n\n<p>A estrat\u00e9gia no Rocket X \u00e9 vantajosa para todos, uma vez que se baseia na experi\u00eancia anterior e ajuda a compreender como o sistema funciona e como obter as taxas de vit\u00f3ria mais elevadas como resultado.\nEste jogo prova que a sorte, por si s\u00f3, n\u00e3o \u00e9 suficiente para ganhar.\nO sistema de c\u00e1lculo de probabilidades do Rocket X tamb\u00e9m ser\u00e1 necess\u00e1rio.  <\/p>\n\n<h2 class=\"wp-block-heading\">Regras do jogo Rocket X<\/h2>\n\n<p>No centro da hist\u00f3ria est\u00e1 um homem famoso &#8211; Ilon Musk, ou melhor, a sua c\u00f3pia em desenho animado, que os utilizadores controlar\u00e3o ao longo do jogo.\nEste jogo \u00e9 perfeito para quem gosta de emo\u00e7\u00e3o e riscos.\nAs regras do jogo s\u00e3o quase id\u00eanticas \u00e0s de outras aplica\u00e7\u00f5es semelhantes.\nAntes de come\u00e7ar o jogo Rocket X crash, tem de fazer as suas apostas e depois \u00e9 s\u00f3 v\u00ea-las crescer.\nPode retirar a sua aposta em qualquer altura, mas \u00e9 importante ter cuidado: se o fizer demasiado cedo ou demasiado tarde, perder\u00e1.\n\u00c9 fundamental escolher o momento certo.     <\/p>\n\n<p>Se pensa que o jogo \u00e9 bastante simples e mon\u00f3tono, est\u00e1 enganado.\nRiscos elevados, apostas, dinamismo &#8211; tudo isto pode ser encontrado aqui.\nPode ler mais sobre as regras na p\u00e1gina oficial.  <\/p>\n\n<h2 class=\"wp-block-heading\">C\u00f3digos promocionais<\/h2>\n\n<p>Os c\u00f3digos promocionais de jogos de azar podem ser fornecidos por plataformas de jogos, casinos ou criadores para atrair novos jogadores, recompensar a lealdade ou realizar promo\u00e7\u00f5es especiais.\nSe quiser divertir-se e aumentar as suas hip\u00f3teses de ganhar no jogo Rocket X 1win, pode facilmente tirar partido dos c\u00f3digos promocionais dispon\u00edveis.\nPode encontr\u00e1-los em v\u00e1rias fontes:  <\/p>\n\n<ul>\n<li>O portal Web oficial da One Win.<\/li>\n\n\n\n<li>Listas de correio eletr\u00f3nico (\u00e9 por isso que se recomenda que se inscreva nas listas de correio eletr\u00f3nico do s\u00edtio logo que se inscreva).<\/li>\n\n\n\n<li>Redes sociais e f\u00f3runs espec\u00edficos.<\/li>\n\n\n\n<li>Programas de afiliados.<\/li>\n<\/ul>\n\n<p>Lembre-se que \u00e9 importante estar atento e utilizar os c\u00f3digos promocionais seguindo as regras e condi\u00e7\u00f5es do jogo para evitar mal-entendidos e situa\u00e7\u00f5es desagrad\u00e1veis.<\/p>\n\n<h2 class=\"wp-block-heading\">Testemunhos<\/h2>\n\n<p>Tendo em conta as opini\u00f5es dos utilizadores, podemos concluir que este jogo \u00e9 considerado um dos mais populares do seu g\u00e9nero, com in\u00fameras vantagens e caracter\u00edsticas.\nAqui est\u00e3o algumas an\u00e1lises do 1win Rocket X: <\/p>\n","protected":false},"excerpt":{"rendered":"<p>O jogo multijogador Rocket X permite-te mergulhar numa aventura emocionante e ganhar dinheiro a s\u00e9rio. Pode descarreg\u00e1-lo gratuitamente em qualquer um dos seus dispositivos e desfrutar de um jogo fant\u00e1stico, tanto sozinho como em conjunto com os seus amigos e outros jogadores. Para tal, basta aceder ao portal de apostas oficial do One Win e [&hellip;]<\/p>\n","protected":false},"author":2,"featured_media":0,"parent":0,"menu_order":0,"comment_status":"open","ping_status":"closed","template":"","meta":{"footnotes":""},"yoast_head":"<!-- This site is optimized with the Yoast SEO plugin v21.7 - https:\/\/yoast.com\/wordpress\/plugins\/seo\/ -->\n<title>Rocket X jogo de casino, descarregar<\/title>\n<meta name=\"description\" content=\"O melhor jogo Rocket X com a possibilidade de ganhar dinheiro a s\u00e9rio. V\u00ea a descri\u00e7\u00e3o, estuda as caracter\u00edsticas e funcionalidades do jogo, escolhe a melhor estrat\u00e9gia e parte em viagens inesquec\u00edveis. Aposta nos grandes pr\u00e9mios!\" \/>\n<meta name=\"robots\" content=\"index, follow, max-snippet:-1, max-image-preview:large, max-video-preview:-1\" \/>\n<link rel=\"canonical\" href=\"https:\/\/aviator-crash.org\/pt-pt\/jogar-rocket-x\/\" \/>\n<meta property=\"og:locale\" content=\"pt_PT\" \/>\n<meta property=\"og:type\" content=\"article\" \/>\n<meta property=\"og:title\" content=\"Rocket X jogo de casino, descarregar\" \/>\n<meta property=\"og:description\" content=\"O melhor jogo Rocket X com a possibilidade de ganhar dinheiro a s\u00e9rio. V\u00ea a descri\u00e7\u00e3o, estuda as caracter\u00edsticas e funcionalidades do jogo, escolhe a melhor estrat\u00e9gia e parte em viagens inesquec\u00edveis. Aposta nos grandes pr\u00e9mios!\" \/>\n<meta property=\"og:url\" content=\"https:\/\/aviator-crash.org\/pt-pt\/jogar-rocket-x\/\" \/>\n<meta property=\"article:modified_time\" content=\"2024-02-02T18:29:57+00:00\" \/>\n<meta property=\"og:image\" content=\"https:\/\/aviator-crash.org\/wp-content\/uploads\/2024\/01\/rocket-x-1024x761.webp\" \/>\n<meta name=\"twitter:card\" content=\"summary_large_image\" \/>\n<meta name=\"twitter:label1\" content=\"Est. reading time\" \/>\n\t<meta name=\"twitter:data1\" content=\"5 minutos\" \/>\n<script type=\"application\/ld+json\" class=\"yoast-schema-graph\">{\"@context\":\"https:\/\/schema.org\",\"@graph\":[{\"@type\":\"WebPage\",\"@id\":\"https:\/\/aviator-crash.org\/pt-pt\/jogar-rocket-x\/\",\"url\":\"https:\/\/aviator-crash.org\/pt-pt\/jogar-rocket-x\/\",\"name\":\"Rocket X jogo de casino, descarregar\",\"isPartOf\":{\"@id\":\"https:\/\/aviator-crash.org\/pt-pt\/#website\"},\"datePublished\":\"2023-12-27T19:40:59+00:00\",\"dateModified\":\"2024-02-02T18:29:57+00:00\",\"description\":\"O melhor jogo Rocket X com a possibilidade de ganhar dinheiro a s\u00e9rio. V\u00ea a descri\u00e7\u00e3o, estuda as caracter\u00edsticas e funcionalidades do jogo, escolhe a melhor estrat\u00e9gia e parte em viagens inesquec\u00edveis. Aposta nos grandes pr\u00e9mios!\",\"breadcrumb\":{\"@id\":\"https:\/\/aviator-crash.org\/pt-pt\/jogar-rocket-x\/#breadcrumb\"},\"inLanguage\":\"pt-PT\",\"potentialAction\":[{\"@type\":\"ReadAction\",\"target\":[\"https:\/\/aviator-crash.org\/pt-pt\/jogar-rocket-x\/\"]}]},{\"@type\":\"BreadcrumbList\",\"@id\":\"https:\/\/aviator-crash.org\/pt-pt\/jogar-rocket-x\/#breadcrumb\",\"itemListElement\":[{\"@type\":\"ListItem\",\"position\":1,\"name\":\"Home\",\"item\":\"https:\/\/aviator-crash.org\/pt-pt\/jogo-aviator-online-por-dinheiro-real\/\"},{\"@type\":\"ListItem\",\"position\":2,\"name\":\"Jogar Rocket X\"}]},{\"@type\":\"WebSite\",\"@id\":\"https:\/\/aviator-crash.org\/pt-pt\/#website\",\"url\":\"https:\/\/aviator-crash.org\/pt-pt\/\",\"name\":\"\",\"description\":\"\",\"potentialAction\":[{\"@type\":\"SearchAction\",\"target\":{\"@type\":\"EntryPoint\",\"urlTemplate\":\"https:\/\/aviator-crash.org\/pt-pt\/?s={search_term_string}\"},\"query-input\":\"required name=search_term_string\"}],\"inLanguage\":\"pt-PT\"}]}<\/script>\n<!-- \/ Yoast SEO plugin. -->","yoast_head_json":{"title":"Rocket X jogo de casino, descarregar","description":"O melhor jogo Rocket X com a possibilidade de ganhar dinheiro a s\u00e9rio. V\u00ea a descri\u00e7\u00e3o, estuda as caracter\u00edsticas e funcionalidades do jogo, escolhe a melhor estrat\u00e9gia e parte em viagens inesquec\u00edveis. Aposta nos grandes pr\u00e9mios!","robots":{"index":"index","follow":"follow","max-snippet":"max-snippet:-1","max-image-preview":"max-image-preview:large","max-video-preview":"max-video-preview:-1"},"canonical":"https:\/\/aviator-crash.org\/pt-pt\/jogar-rocket-x\/","og_locale":"pt_PT","og_type":"article","og_title":"Rocket X jogo de casino, descarregar","og_description":"O melhor jogo Rocket X com a possibilidade de ganhar dinheiro a s\u00e9rio. V\u00ea a descri\u00e7\u00e3o, estuda as caracter\u00edsticas e funcionalidades do jogo, escolhe a melhor estrat\u00e9gia e parte em viagens inesquec\u00edveis. Aposta nos grandes pr\u00e9mios!","og_url":"https:\/\/aviator-crash.org\/pt-pt\/jogar-rocket-x\/","article_modified_time":"2024-02-02T18:29:57+00:00","og_image":[{"url":"https:\/\/aviator-crash.org\/wp-content\/uploads\/2024\/01\/rocket-x-1024x761.webp"}],"twitter_card":"summary_large_image","twitter_misc":{"Est. reading time":"5 minutos"},"schema":{"@context":"https:\/\/schema.org","@graph":[{"@type":"WebPage","@id":"https:\/\/aviator-crash.org\/pt-pt\/jogar-rocket-x\/","url":"https:\/\/aviator-crash.org\/pt-pt\/jogar-rocket-x\/","name":"Rocket X jogo de casino, descarregar","isPartOf":{"@id":"https:\/\/aviator-crash.org\/pt-pt\/#website"},"datePublished":"2023-12-27T19:40:59+00:00","dateModified":"2024-02-02T18:29:57+00:00","description":"O melhor jogo Rocket X com a possibilidade de ganhar dinheiro a s\u00e9rio. V\u00ea a descri\u00e7\u00e3o, estuda as caracter\u00edsticas e funcionalidades do jogo, escolhe a melhor estrat\u00e9gia e parte em viagens inesquec\u00edveis. Aposta nos grandes pr\u00e9mios!","breadcrumb":{"@id":"https:\/\/aviator-crash.org\/pt-pt\/jogar-rocket-x\/#breadcrumb"},"inLanguage":"pt-PT","potentialAction":[{"@type":"ReadAction","target":["https:\/\/aviator-crash.org\/pt-pt\/jogar-rocket-x\/"]}]},{"@type":"BreadcrumbList","@id":"https:\/\/aviator-crash.org\/pt-pt\/jogar-rocket-x\/#breadcrumb","itemListElement":[{"@type":"ListItem","position":1,"name":"Home","item":"https:\/\/aviator-crash.org\/pt-pt\/jogo-aviator-online-por-dinheiro-real\/"},{"@type":"ListItem","position":2,"name":"Jogar Rocket X"}]},{"@type":"WebSite","@id":"https:\/\/aviator-crash.org\/pt-pt\/#website","url":"https:\/\/aviator-crash.org\/pt-pt\/","name":"","description":"","potentialAction":[{"@type":"SearchAction","target":{"@type":"EntryPoint","urlTemplate":"https:\/\/aviator-crash.org\/pt-pt\/?s={search_term_string}"},"query-input":"required name=search_term_string"}],"inLanguage":"pt-PT"}]}},"_links":{"self":[{"href":"https:\/\/aviator-crash.org\/pt-pt\/wp-json\/wp\/v2\/pages\/2592"}],"collection":[{"href":"https:\/\/aviator-crash.org\/pt-pt\/wp-json\/wp\/v2\/pages"}],"about":[{"href":"https:\/\/aviator-crash.org\/pt-pt\/wp-json\/wp\/v2\/types\/page"}],"author":[{"embeddable":true,"href":"https:\/\/aviator-crash.org\/pt-pt\/wp-json\/wp\/v2\/users\/2"}],"replies":[{"embeddable":true,"href":"https:\/\/aviator-crash.org\/pt-pt\/wp-json\/wp\/v2\/comments?post=2592"}],"version-history":[{"count":1,"href":"https:\/\/aviator-crash.org\/pt-pt\/wp-json\/wp\/v2\/pages\/2592\/revisions"}],"predecessor-version":[{"id":2594,"href":"https:\/\/aviator-crash.org\/pt-pt\/wp-json\/wp\/v2\/pages\/2592\/revisions\/2594"}],"wp:attachment":[{"href":"https:\/\/aviator-crash.org\/pt-pt\/wp-json\/wp\/v2\/media?parent=2592"}],"curies":[{"name":"wp","href":"https:\/\/api.w.org\/{rel}","templated":true}]}}