{"id":3060,"date":"2023-12-27T19:58:01","date_gmt":"2023-12-27T19:58:01","guid":{"rendered":"https:\/\/aviator-crash.org\/jogar-cash-or-crash\/"},"modified":"2024-02-02T19:38:24","modified_gmt":"2024-02-02T19:38:24","slug":"jogar-cash-or-crash","status":"publish","type":"page","link":"https:\/\/aviator-crash.org\/pt-pt\/jogar-cash-or-crash\/","title":{"rendered":"Jogar Cash or Crash"},"content":{"rendered":"\n<figure class=\"wp-block-gallery has-nested-images columns-default is-cropped wp-block-gallery-1 is-layout-flex wp-block-gallery-is-layout-flex\">\n<figure class=\"wp-block-image size-large\"><span itemprop=\"image\" itemscope itemtype=\"https:\/\/schema.org\/ImageObject\"><img itemprop=\"url image\" loading=\"lazy\" decoding=\"async\" width=\"1024\" height=\"498\" data-id=\"466\" src=\"https:\/\/aviator-crash.org\/wp-content\/uploads\/2024\/01\/cash-or-crash-live-1200x584-1-1024x498.jpeg\" alt=\"\" class=\"wp-image-466\" srcset=\"https:\/\/aviator-crash.org\/wp-content\/uploads\/2024\/01\/cash-or-crash-live-1200x584-1-1024x498.jpeg 1024w, https:\/\/aviator-crash.org\/wp-content\/uploads\/2024\/01\/cash-or-crash-live-1200x584-1-300x146.jpeg 300w, https:\/\/aviator-crash.org\/wp-content\/uploads\/2024\/01\/cash-or-crash-live-1200x584-1-768x374.jpeg 768w, https:\/\/aviator-crash.org\/wp-content\/uploads\/2024\/01\/cash-or-crash-live-1200x584-1.jpeg 1200w\" sizes=\"(max-width: 1024px) 100vw, 1024px\" \/><meta itemprop=\"width\" content=\"1024\"><meta itemprop=\"height\" content=\"498\"><\/span><\/figure>\n<\/figure>\n\n<p>Cash or Crash \u00e9 um jogo muito procurado pelos f\u00e3s de aplica\u00e7\u00f5es de jogo, apostas altas e riscos.\n\u00c9 uma \u00f3ptima op\u00e7\u00e3o para se divertir e tentar a sua sorte.\nCash or Crash \u00e9 uma aplica\u00e7\u00e3o para Android, onde os jogadores podem apostar em v\u00e1rios eventos, cujo resultado \u00e9 determinado aleatoriamente.\nPara come\u00e7ar a jogar, basta descarregar a aplica\u00e7\u00e3o no site oficial de apostas do One Win, registar-se ou iniciar sess\u00e3o na sua conta pessoal e fazer a sua aposta.\nDescarregar Cash or Crash gratuitamente pode ser feito por toda a gente.\nInicie o jogo e divirta-se.     <\/p>\n\n<h2 class=\"wp-block-heading\">Vantagens do jogo online Cash or Crash<\/h2>\n\n<p>O jogo a dinheiro \u00e9 considerado um dos jogos mais populares atualmente.\nA principal raz\u00e3o \u00e9 que aqui n\u00e3o s\u00f3 se pode passar um tempo interessante, como tamb\u00e9m ganhar dinheiro a s\u00e9rio.\nDe um modo geral, o aspeto visual da aplica\u00e7\u00e3o Cash or Crash \u00e9 um verdadeiro prazer.\nExcelentes gr\u00e1ficos, interface clara, controlo intuitivamente simples &#8211; tudo isto pode ser encontrado aqui.   <\/p>\n\n<p>Entre as principais vantagens do popular jogo de azar Cash or Crash est\u00e3o as seguintes<\/p>\n\n<ul>\n<li>Jogabilidade interessante.\nOferece uma jogabilidade emocionante e viciante com a possibilidade de ganhar ou perder rapidamente. <\/li>\n\n\n\n<li>Modo multijogador.\nA possibilidade de jogar com amigos ou outros jogadores pode acrescentar um aspeto social e divertido. <\/li>\n\n\n\n<li>Gr\u00e1ficos e som.\nOs gr\u00e1ficos e o som de alta qualidade criam a atmosfera do jogo, tornando-o mais atrativo para os jogadores. <\/li>\n\n\n\n<li>Disponibilidade de actualiza\u00e7\u00f5es regulares.\nGra\u00e7as a isto, poder\u00e1 desfrutar do seu jogo favorito com um desempenho melhorado.\nOs criadores tentam melhorar o jogo regularmente para ir ao encontro das tend\u00eancias e tend\u00eancias actuais no mundo do jogo online.  <\/li>\n\n\n\n<li>A possibilidade de jogar diretamente a partir do seu telem\u00f3vel, independentemente do local onde se encontre.\nEsta \u00e9 uma \u00f3ptima oportunidade para se divertir, apreciar a jogabilidade e at\u00e9 tentar ganhar dinheiro real. <\/li>\n\n\n\n<li>Muitos modos de jogo diferentes.\nA estrat\u00e9gia de Cash ou Crash escolhida corretamente aumentar\u00e1 as hip\u00f3teses de ganhar em qualquer um dos modos. <\/li>\n<\/ul>\n\n<p>De um modo geral, o jogo Cash or Crash \u00e9 um excelente exemplo de uma aplica\u00e7\u00e3o emocionante onde se pode ganhar dinheiro a s\u00e9rio.\nPode divertir-se \u00e0 grande e jogar com os seus amigos ou outros jogadores online, utilizando o modo multijogador. <\/p>\n\n<h2 class=\"wp-block-heading\">Como jogar Cash or Crash<\/h2>\n\n<p>&#8220;Cash or Crash&#8221; \u00e9 um jogo de apostas virtual frequentemente oferecido pelos casinos online.\nEmbora as regras possam variar ligeiramente de uma vers\u00e3o do jogo para outra, o conceito b\u00e1sico \u00e9 geralmente o mesmo.\nAqui est\u00e1 um guia geral sobre como jogar Cash or Crash:  <\/p>\n\n<ul>\n<li>Registo.\nPoder\u00e1 ter de se registar num casino online que ofere\u00e7a o jogo Cash or Crash.\nSiga as instru\u00e7\u00f5es para criar uma conta.  <\/li>\n\n\n\n<li>Carregamento.\nAntes de come\u00e7ares a jogar, tens de carregar a tua conta de jogo com dinheiro real.\nNa maioria dos casos, isto pode ser feito utilizando v\u00e1rios m\u00e9todos de pagamento.  <\/li>\n\n\n\n<li>Selecionar o montante da aposta.<\/li>\n\n\n\n<li>Iniciar a ronda.<\/li>\n\n\n\n<li>Decis\u00e3o de terminar a ronda.\nDurante a ronda, \u00e9-lhe dada a op\u00e7\u00e3o de terminar a ronda em qualquer altura, para receber o dinheiro que ganhou.\nNo entanto, se n\u00e3o terminar a ronda at\u00e9 um determinado ponto, existe o risco de um &#8220;crash&#8221; e perder\u00e1 a sua aposta.  <\/li>\n\n\n\n<li>Crash ou fim da ronda.\nA certa altura da ronda, ocorre um &#8220;crash&#8221;.\nSe tiver completado a ronda antes deste ponto, receber\u00e1 os seus ganhos de acordo com o multiplicador atual.\nCaso contr\u00e1rio, perde a sua aposta.   <\/li>\n<\/ul>\n\n<p>O princ\u00edpio do jogo \u00e9 bastante simples e claro, pelo que rapidamente conseguir\u00e1 compreender o que tem de fazer.\nSe tiver algum problema, pode consultar as instru\u00e7\u00f5es. <\/p>\n\n<h2 class=\"wp-block-heading\">Como ganhar no Cash or Crash<\/h2>\n\n<p>Ganhar em jogos de azar como as slots, o p\u00f3quer, a roleta e o blackjack depende muitas vezes do acaso, e a maior parte dos jogos de azar s\u00e3o baseados no acaso.\nNo entanto, existem algumas estrat\u00e9gias e dicas que podem ajudar a gerir a sua banca e aumentar as suas hip\u00f3teses de ganhar no popular jogo de casino Crash Cash: <\/p>\n\n<ul>\n<li>Gest\u00e3o da banca.\nDetermine o limite de perdas que pode suportar e n\u00e3o o ultrapasse.\nDivida a sua banca em sess\u00f5es de jogo e aposte apenas o que pode perder.  <\/li>\n\n\n\n<li>Aprenda estrat\u00e9gias b\u00e1sicas.\nTal como referido anteriormente, a estrat\u00e9gia correcta desempenha um papel fundamental no jogo.\nEnvolve o estudo de vit\u00f3rias anteriores, a procura de padr\u00f5es e o destaque das principais combina\u00e7\u00f5es vencedoras.\nA estrat\u00e9gia de Cash ou Crash \u00e9, na maior parte das vezes, individual, embora possa pedir conselhos a jogadores mais experientes.   <\/li>\n\n\n\n<li>Tirar partido dos b\u00f3nus.\nAproveite os b\u00f3nus e as promo\u00e7\u00f5es do casino.\nNo entanto, \u00e9 importante ler atentamente os termos e condi\u00e7\u00f5es associados aos b\u00f3nus.  <\/li>\n\n\n\n<li>Leia atentamente as regras do jogo e familiarize-se com as instru\u00e7\u00f5es.<\/li>\n<\/ul>\n\n<p>Se seguir as dicas acima, pode aumentar consideravelmente as suas hip\u00f3teses de ganhar.<\/p>\n\n<h2 class=\"wp-block-heading\">Regras do jogo Cash or Crash<\/h2>\n\n<p>As regras do jogo s\u00e3o simples e claras.\nEm primeiro lugar, o jogador escolhe o montante a apostar e carrega no bot\u00e3o para iniciar a ronda.\nA ronda come\u00e7a com um multiplicador inicial (por exemplo, 1x).\nEste multiplicador come\u00e7a a aumentar ao longo do tempo.\nDurante a ronda, o jogador tem um determinado per\u00edodo de tempo para decidir se quer terminar a ronda e receber os ganhos.\nIsto pode ser feito antes de o multiplicador atingir um determinado valor, o que provoca um &#8220;crash&#8221;.     <\/p>\n\n<p>O &#8220;Crash&#8221; ocorre quando o multiplicador atinge um determinado valor.\nSe o jogador tiver completado a ronda antes deste momento, recebe os seus ganhos.\nCaso contr\u00e1rio, a aposta \u00e9 queimada.\nSe o jogador completou a ronda antes do &#8220;crash&#8221; e obteve os ganhos, o montante dos ganhos depende do multiplicador atual.\nSe o jogador n\u00e3o completou a ronda antes do &#8220;crash&#8221;, a aposta \u00e9 cancelada e n\u00e3o h\u00e1 pr\u00e9mio.    <\/p>\n\n<h2 class=\"wp-block-heading\">C\u00f3digos promocionais<\/h2>\n\n<p>Os c\u00f3digos promocionais Cash ou Crash s\u00e3o c\u00f3digos especiais que os jogadores podem introduzir para receber v\u00e1rios b\u00f3nus, privil\u00e9gios e promo\u00e7\u00f5es.\nEstes c\u00f3digos s\u00e3o fornecidos pelo casino ou pelos criadores do jogo e podem ser utilizados pelos jogadores para melhorar a sua experi\u00eancia de jogo ou obter funcionalidades adicionais.\nNo caso do Cash or Crash, os c\u00f3digos promocionais podem proporcionar:  <\/p>\n\n<ol>\n<li>Dep\u00f3sitos de b\u00f3nus: fundos adicionais quando carrega a sua conta no jogo.<\/li>\n\n\n\n<li>Rodadas gr\u00e1tis: rodadas gr\u00e1tis no jogo com multiplicadores.<\/li>\n\n\n\n<li>Multiplicadores aumentados: multiplicadores de b\u00f3nus durante o jogo.<\/li>\n\n\n\n<li>Eventos especiais: participa\u00e7\u00e3o em promo\u00e7\u00f5es especiais e torneios.<\/li>\n<\/ol>\n\n<p>As estat\u00edsticas do Cash or Crash indicam que, com a utiliza\u00e7\u00e3o de b\u00f3nus adicionais, os utilizadores t\u00eam muito mais hip\u00f3teses de ganhar.\nPara utilizar um c\u00f3digo promocional no jogo &#8220;Cash or Crash&#8221;, normalmente \u00e9 necess\u00e1rio iniciar sess\u00e3o na sua conta do casino, ir \u00e0 sec\u00e7\u00e3o &#8220;C\u00f3digos promocionais&#8221; ou &#8220;B\u00f3nus&#8221; e introduzir o c\u00f3digo apropriado.\nDepois disso, os b\u00f3nus proporcionados por esta a\u00e7\u00e3o ser\u00e3o automaticamente creditados na sua conta.  <\/p>\n\n<p>\u00c9 importante n\u00e3o esquecer que os c\u00f3digos promocionais podem ter um per\u00edodo de validade limitado ou determinadas condi\u00e7\u00f5es de utiliza\u00e7\u00e3o.\nAntes de introduzir um c\u00f3digo promocional, \u00e9 importante ler atentamente os termos e condi\u00e7\u00f5es para evitar mal-entendidos e utilizar plenamente os b\u00f3nus oferecidos. <\/p>\n\n<h2 class=\"wp-block-heading\">Testemunhos<\/h2>\n\n<p>Aqui est\u00e3o algumas opini\u00f5es de utilizadores que experimentaram os benef\u00edcios deste popular jogo de apostas:<\/p>\n","protected":false},"excerpt":{"rendered":"<p>Cash or Crash \u00e9 um jogo muito procurado pelos f\u00e3s de aplica\u00e7\u00f5es de jogo, apostas altas e riscos. \u00c9 uma \u00f3ptima op\u00e7\u00e3o para se divertir e tentar a sua sorte. Cash or Crash \u00e9 uma aplica\u00e7\u00e3o para Android, onde os jogadores podem apostar em v\u00e1rios eventos, cujo resultado \u00e9 determinado aleatoriamente. Para come\u00e7ar a jogar, [&hellip;]<\/p>\n","protected":false},"author":2,"featured_media":0,"parent":0,"menu_order":0,"comment_status":"open","ping_status":"closed","template":"","meta":{"footnotes":""},"yoast_head":"<!-- This site is optimized with the Yoast SEO plugin v21.7 - https:\/\/yoast.com\/wordpress\/plugins\/seo\/ -->\n<title>Cash or Crash jogo de casino, descarregar<\/title>\n<meta name=\"description\" content=\"Uma vis\u00e3o geral do Cash or Crash, um jogo popular em todo o mundo. Conhece as principais caracter\u00edsticas, as vantagens, as regras do jogo e os segredos para ganhar em grande. Descarrega o jogo e diverte-te com os teus amigos.\" \/>\n<meta name=\"robots\" content=\"index, follow, max-snippet:-1, max-image-preview:large, max-video-preview:-1\" \/>\n<link rel=\"canonical\" href=\"https:\/\/aviator-crash.org\/pt-pt\/jogar-cash-or-crash\/\" \/>\n<meta property=\"og:locale\" content=\"pt_PT\" \/>\n<meta property=\"og:type\" content=\"article\" \/>\n<meta property=\"og:title\" content=\"Cash or Crash jogo de casino, descarregar\" \/>\n<meta property=\"og:description\" content=\"Uma vis\u00e3o geral do Cash or Crash, um jogo popular em todo o mundo. Conhece as principais caracter\u00edsticas, as vantagens, as regras do jogo e os segredos para ganhar em grande. Descarrega o jogo e diverte-te com os teus amigos.\" \/>\n<meta property=\"og:url\" content=\"https:\/\/aviator-crash.org\/pt-pt\/jogar-cash-or-crash\/\" \/>\n<meta property=\"article:modified_time\" content=\"2024-02-02T19:38:24+00:00\" \/>\n<meta property=\"og:image\" content=\"https:\/\/aviator-crash.org\/wp-content\/uploads\/2024\/01\/cash-or-crash-live-1200x584-1-1024x498.jpeg\" \/>\n<meta name=\"twitter:card\" content=\"summary_large_image\" \/>\n<meta name=\"twitter:label1\" content=\"Est. reading time\" \/>\n\t<meta name=\"twitter:data1\" content=\"6 minutos\" \/>\n<script type=\"application\/ld+json\" class=\"yoast-schema-graph\">{\"@context\":\"https:\/\/schema.org\",\"@graph\":[{\"@type\":\"WebPage\",\"@id\":\"https:\/\/aviator-crash.org\/pt-pt\/jogar-cash-or-crash\/\",\"url\":\"https:\/\/aviator-crash.org\/pt-pt\/jogar-cash-or-crash\/\",\"name\":\"Cash or Crash jogo de casino, descarregar\",\"isPartOf\":{\"@id\":\"https:\/\/aviator-crash.org\/pt-pt\/#website\"},\"datePublished\":\"2023-12-27T19:58:01+00:00\",\"dateModified\":\"2024-02-02T19:38:24+00:00\",\"description\":\"Uma vis\u00e3o geral do Cash or Crash, um jogo popular em todo o mundo. Conhece as principais caracter\u00edsticas, as vantagens, as regras do jogo e os segredos para ganhar em grande. Descarrega o jogo e diverte-te com os teus amigos.\",\"breadcrumb\":{\"@id\":\"https:\/\/aviator-crash.org\/pt-pt\/jogar-cash-or-crash\/#breadcrumb\"},\"inLanguage\":\"pt-PT\",\"potentialAction\":[{\"@type\":\"ReadAction\",\"target\":[\"https:\/\/aviator-crash.org\/pt-pt\/jogar-cash-or-crash\/\"]}]},{\"@type\":\"BreadcrumbList\",\"@id\":\"https:\/\/aviator-crash.org\/pt-pt\/jogar-cash-or-crash\/#breadcrumb\",\"itemListElement\":[{\"@type\":\"ListItem\",\"position\":1,\"name\":\"Home\",\"item\":\"https:\/\/aviator-crash.org\/pt-pt\/jogo-aviator-online-por-dinheiro-real\/\"},{\"@type\":\"ListItem\",\"position\":2,\"name\":\"Jogar Cash or Crash\"}]},{\"@type\":\"WebSite\",\"@id\":\"https:\/\/aviator-crash.org\/pt-pt\/#website\",\"url\":\"https:\/\/aviator-crash.org\/pt-pt\/\",\"name\":\"\",\"description\":\"\",\"potentialAction\":[{\"@type\":\"SearchAction\",\"target\":{\"@type\":\"EntryPoint\",\"urlTemplate\":\"https:\/\/aviator-crash.org\/pt-pt\/?s={search_term_string}\"},\"query-input\":\"required name=search_term_string\"}],\"inLanguage\":\"pt-PT\"}]}<\/script>\n<!-- \/ Yoast SEO plugin. -->","yoast_head_json":{"title":"Cash or Crash jogo de casino, descarregar","description":"Uma vis\u00e3o geral do Cash or Crash, um jogo popular em todo o mundo. Conhece as principais caracter\u00edsticas, as vantagens, as regras do jogo e os segredos para ganhar em grande. Descarrega o jogo e diverte-te com os teus amigos.","robots":{"index":"index","follow":"follow","max-snippet":"max-snippet:-1","max-image-preview":"max-image-preview:large","max-video-preview":"max-video-preview:-1"},"canonical":"https:\/\/aviator-crash.org\/pt-pt\/jogar-cash-or-crash\/","og_locale":"pt_PT","og_type":"article","og_title":"Cash or Crash jogo de casino, descarregar","og_description":"Uma vis\u00e3o geral do Cash or Crash, um jogo popular em todo o mundo. Conhece as principais caracter\u00edsticas, as vantagens, as regras do jogo e os segredos para ganhar em grande. Descarrega o jogo e diverte-te com os teus amigos.","og_url":"https:\/\/aviator-crash.org\/pt-pt\/jogar-cash-or-crash\/","article_modified_time":"2024-02-02T19:38:24+00:00","og_image":[{"url":"https:\/\/aviator-crash.org\/wp-content\/uploads\/2024\/01\/cash-or-crash-live-1200x584-1-1024x498.jpeg"}],"twitter_card":"summary_large_image","twitter_misc":{"Est. reading time":"6 minutos"},"schema":{"@context":"https:\/\/schema.org","@graph":[{"@type":"WebPage","@id":"https:\/\/aviator-crash.org\/pt-pt\/jogar-cash-or-crash\/","url":"https:\/\/aviator-crash.org\/pt-pt\/jogar-cash-or-crash\/","name":"Cash or Crash jogo de casino, descarregar","isPartOf":{"@id":"https:\/\/aviator-crash.org\/pt-pt\/#website"},"datePublished":"2023-12-27T19:58:01+00:00","dateModified":"2024-02-02T19:38:24+00:00","description":"Uma vis\u00e3o geral do Cash or Crash, um jogo popular em todo o mundo. Conhece as principais caracter\u00edsticas, as vantagens, as regras do jogo e os segredos para ganhar em grande. Descarrega o jogo e diverte-te com os teus amigos.","breadcrumb":{"@id":"https:\/\/aviator-crash.org\/pt-pt\/jogar-cash-or-crash\/#breadcrumb"},"inLanguage":"pt-PT","potentialAction":[{"@type":"ReadAction","target":["https:\/\/aviator-crash.org\/pt-pt\/jogar-cash-or-crash\/"]}]},{"@type":"BreadcrumbList","@id":"https:\/\/aviator-crash.org\/pt-pt\/jogar-cash-or-crash\/#breadcrumb","itemListElement":[{"@type":"ListItem","position":1,"name":"Home","item":"https:\/\/aviator-crash.org\/pt-pt\/jogo-aviator-online-por-dinheiro-real\/"},{"@type":"ListItem","position":2,"name":"Jogar Cash or Crash"}]},{"@type":"WebSite","@id":"https:\/\/aviator-crash.org\/pt-pt\/#website","url":"https:\/\/aviator-crash.org\/pt-pt\/","name":"","description":"","potentialAction":[{"@type":"SearchAction","target":{"@type":"EntryPoint","urlTemplate":"https:\/\/aviator-crash.org\/pt-pt\/?s={search_term_string}"},"query-input":"required name=search_term_string"}],"inLanguage":"pt-PT"}]}},"_links":{"self":[{"href":"https:\/\/aviator-crash.org\/pt-pt\/wp-json\/wp\/v2\/pages\/3060"}],"collection":[{"href":"https:\/\/aviator-crash.org\/pt-pt\/wp-json\/wp\/v2\/pages"}],"about":[{"href":"https:\/\/aviator-crash.org\/pt-pt\/wp-json\/wp\/v2\/types\/page"}],"author":[{"embeddable":true,"href":"https:\/\/aviator-crash.org\/pt-pt\/wp-json\/wp\/v2\/users\/2"}],"replies":[{"embeddable":true,"href":"https:\/\/aviator-crash.org\/pt-pt\/wp-json\/wp\/v2\/comments?post=3060"}],"version-history":[{"count":1,"href":"https:\/\/aviator-crash.org\/pt-pt\/wp-json\/wp\/v2\/pages\/3060\/revisions"}],"predecessor-version":[{"id":3062,"href":"https:\/\/aviator-crash.org\/pt-pt\/wp-json\/wp\/v2\/pages\/3060\/revisions\/3062"}],"wp:attachment":[{"href":"https:\/\/aviator-crash.org\/pt-pt\/wp-json\/wp\/v2\/media?parent=3060"}],"curies":[{"name":"wp","href":"https:\/\/api.w.org\/{rel}","templated":true}]}}