{"id":3174,"date":"2023-12-27T19:12:26","date_gmt":"2023-12-27T19:12:26","guid":{"rendered":"https:\/\/aviator-crash.org\/jogos-a-dinheiro-rapidos-online-com-levantamento\/"},"modified":"2024-02-02T19:43:14","modified_gmt":"2024-02-02T19:43:14","slug":"jogos-a-dinheiro-rapidos-online-com-levantamento","status":"publish","type":"page","link":"https:\/\/aviator-crash.org\/pt-pt\/jogos-a-dinheiro-rapidos-online-com-levantamento\/","title":{"rendered":"Jogos a dinheiro r\u00e1pidos online com levantamento"},"content":{"rendered":"\n<figure class=\"wp-block-gallery has-nested-images columns-default is-cropped wp-block-gallery-1 is-layout-flex wp-block-gallery-is-layout-flex\">\n<figure class=\"wp-block-image size-large\"><span itemprop=\"image\" itemscope itemtype=\"https:\/\/schema.org\/ImageObject\"><img itemprop=\"url image\" loading=\"lazy\" decoding=\"async\" width=\"683\" height=\"600\" data-id=\"460\" src=\"https:\/\/aviator-crash.org\/wp-content\/uploads\/2024\/01\/aviator-minigame-logo-4.png\" alt=\"\" class=\"wp-image-460\" srcset=\"https:\/\/aviator-crash.org\/wp-content\/uploads\/2024\/01\/aviator-minigame-logo-4.png 683w, https:\/\/aviator-crash.org\/wp-content\/uploads\/2024\/01\/aviator-minigame-logo-4-300x264.png 300w\" sizes=\"(max-width: 683px) 100vw, 683px\" \/><meta itemprop=\"width\" content=\"683\"><meta itemprop=\"height\" content=\"600\"><\/span><\/figure>\n<\/figure>\n\n<p>O conceito de jogos Crash surgiu no in\u00edcio da d\u00e9cada de 2000.\nNo entanto, nos \u00faltimos anos, tornaram-se cada vez mais populares.\nOs jogos para ganhar dinheiro r\u00e1pido s\u00e3o apresentados em quase todos os casinos online.\nCada ronda \u00e9 emocionante e cheia de adrenalina.\nOs jogos r\u00e1pidos caracterizam-se por uma jogabilidade simples: o multiplicador aumenta e, consequentemente, os ganhos crescem, \u00e9 preciso conseguir apanhar o dinheiro antes do desastre.    <\/p>\n\n<h2 class=\"wp-block-heading\">Jogo de crashes a dinheiro com levantamento<\/h2>\n\n<p>Os ganhos r\u00e1pidos nos jogos de azar s\u00e3o muito atractivos para os jogadores.\nO utilizador deve seguir cuidadosamente a jogabilidade e premir o bot\u00e3o no momento em que a sua intui\u00e7\u00e3o o aconselhar.\nO jogo com levantamento r\u00e1pido de dinheiro \u00e9 real e \u00e9 confirmado por jogadores de todo o mundo.  <\/p>\n\n<p>O princ\u00edpio \u00e9 muito simples: o jogador faz uma aposta, ap\u00f3s a qual o multiplicador cresce.\nNingu\u00e9m sabe em que momento a ronda vai terminar.\n\u00c9 poss\u00edvel ganhar dinheiro rapidamente no jogo se, gra\u00e7as \u00e0 intui\u00e7\u00e3o, premir o bot\u00e3o antes do desastre.\nO pr\u00e9mio \u00e9 o produto da aposta sobre o coeficiente em que o jogo parou.\nSe o utilizador n\u00e3o tiver tempo &#8211; o casino ganha.\nQuanto mais longa for a ronda, maior \u00e9 o risco.\nMas, ao mesmo tempo, h\u00e1 mais hip\u00f3teses de ganhar.      <\/p>\n\n<p>O jogo Crash for money baseia-se no GSC, que \u00e9 imposs\u00edvel de vencer.\nAl\u00e9m disso, v\u00e1rios programas de pirataria ou esquemas fraudulentos n\u00e3o ajudar\u00e3o.\nA honestidade dos jogos de colis\u00e3o pode ser comprovada, qualquer utilizador pode verific\u00e1-la.  <\/p>\n\n<h2 class=\"wp-block-heading\">Jogar Aviator (avi\u00e3o voador) por dinheiro<\/h2>\n\n<p>Os jogos de levantamento de dinheiro s\u00e3o extremamente populares.\nE um dos mais famosos \u00e9 o Aviator.\nO design \u00e9 muito simples.\nNum fundo escuro, o avi\u00e3o est\u00e1 a ganhar altitude.\nQuanto mais alto for, maior \u00e9 o coeficiente.\nSe desejar, \u00e9 poss\u00edvel desativar a anima\u00e7\u00e3o.\nNeste caso, o utilizador ver\u00e1 \u00e0 sua frente apenas o coeficiente crescente.\nO multiplicador de contagem come\u00e7a a partir de um, o seu aumento \u00e9 irregular.\nBastam alguns segundos para que cres\u00e7a cinco ou cem vezes.\nA dura\u00e7\u00e3o da ronda pode ser diferente: um segundo inteiro ou uma pequena fra\u00e7\u00e3o.\nSe desejar, o apostador executa o jogo autom\u00e1tico, basta-lhe definir a aposta e o coeficiente para terminar a ronda.\nPode familiarizar-se com as apostas anteriores e os resultados de outros utilizadores gra\u00e7as \u00e0s Estat\u00edsticas ao Vivo.           <\/p>\n\n<h2 class=\"wp-block-heading\">Jogo de colis\u00e3o &#8211; Lucky Jet<\/h2>\n\n<figure class=\"wp-block-gallery has-nested-images columns-default is-cropped wp-block-gallery-2 is-layout-flex wp-block-gallery-is-layout-flex\">\n<figure class=\"wp-block-image size-large\"><span itemprop=\"image\" itemscope itemtype=\"https:\/\/schema.org\/ImageObject\"><img itemprop=\"url image\" loading=\"lazy\" decoding=\"async\" width=\"1024\" height=\"509\" data-id=\"448\" src=\"https:\/\/aviator-crash.org\/wp-content\/uploads\/2024\/01\/lucky-jet_1-1024x509.jpg\" alt=\"\" class=\"wp-image-448\" srcset=\"https:\/\/aviator-crash.org\/wp-content\/uploads\/2024\/01\/lucky-jet_1-1024x509.jpg 1024w, https:\/\/aviator-crash.org\/wp-content\/uploads\/2024\/01\/lucky-jet_1-300x149.jpg 300w, https:\/\/aviator-crash.org\/wp-content\/uploads\/2024\/01\/lucky-jet_1-768x382.jpg 768w, https:\/\/aviator-crash.org\/wp-content\/uploads\/2024\/01\/lucky-jet_1.jpg 1093w\" sizes=\"(max-width: 1024px) 100vw, 1024px\" \/><meta itemprop=\"width\" content=\"1024\"><meta itemprop=\"height\" content=\"509\"><\/span><\/figure>\n<\/figure>\n\n<p>Os jogos de casino a dinheiro com b\u00f3nus t\u00eam um enredo diferente.\nOnline, pode tentar a sua sorte no jogo Lucky Jet, em que o personagem principal, Joe, tenta voar com uma mochila cheia de dinheiro.\nO jogo Crash a dinheiro tem regras simples.\nTens de escolher uma aposta e ter tempo para a levantar.\nSe n\u00e3o o fizeres a tempo, o dinheiro arder\u00e1.\nAs probabilidades dependem do tempo durante o qual Joe permanecer\u00e1 no ar.     <\/p>\n\n<p>O tamanho do multiplicador m\u00e1ximo \u00e9 100, em alguns estabelecimentos de jogo \u00e9 duplicado.\nGanhar depende apenas da intui\u00e7\u00e3o do jogador, que decide quando premir o bot\u00e3o. <\/p>\n\n<h2 class=\"wp-block-heading\">Jogo de colis\u00e3o &#8211; Jet X<\/h2>\n\n<figure class=\"wp-block-gallery has-nested-images columns-default is-cropped wp-block-gallery-3 is-layout-flex wp-block-gallery-is-layout-flex\">\n<figure class=\"wp-block-image size-large\"><span itemprop=\"image\" itemscope itemtype=\"https:\/\/schema.org\/ImageObject\"><img itemprop=\"url image\" loading=\"lazy\" decoding=\"async\" width=\"1024\" height=\"621\" data-id=\"451\" src=\"https:\/\/aviator-crash.org\/wp-content\/uploads\/2024\/01\/jetx-game-9-1024x621-1.png\" alt=\"\" class=\"wp-image-451\" srcset=\"https:\/\/aviator-crash.org\/wp-content\/uploads\/2024\/01\/jetx-game-9-1024x621-1.png 1024w, https:\/\/aviator-crash.org\/wp-content\/uploads\/2024\/01\/jetx-game-9-1024x621-1-300x182.png 300w, https:\/\/aviator-crash.org\/wp-content\/uploads\/2024\/01\/jetx-game-9-1024x621-1-768x466.png 768w\" sizes=\"(max-width: 1024px) 100vw, 1024px\" \/><meta itemprop=\"width\" content=\"1024\"><meta itemprop=\"height\" content=\"621\"><\/span><\/figure>\n<\/figure>\n\n<p>Os jogos de dinheiro r\u00e1pido utilizam frequentemente um ve\u00edculo como protagonista.\nNo Jet X, tens de seguir o movimento de um avi\u00e3o a jato.\nNo entanto, a dada altura, o avi\u00e3o despenha-se e desaparece do radar.\nE \u00e9 antes disso que o utilizador deve premir prudentemente o bot\u00e3o de levantamento.\nCaso contr\u00e1rio, o casino ganha.    <\/p>\n\n<p>Este jogo \u00e9 um dos melhores e \u00e9 apresentado em muitos casinos.\nO utilizador v\u00ea um ecr\u00e3 de radar \u00e0 sua frente, que mostra o avi\u00e3o e o coeficiente.\nEste aumenta quando o avi\u00e3o descola.\nN\u00e3o \u00e9 por acaso que o Jet X est\u00e1 inclu\u00eddo na categoria de &#8220;Jogos com levantamento r\u00e1pido&#8221;, a ronda n\u00e3o dura mais do que alguns minutos.   <\/p>\n\n<p>Nos campos laterais, o utilizador pode ver os resultados obtidos nas rondas anteriores.\nAl\u00e9m disso, s\u00e3o indicadas as estat\u00edsticas reais de todos os utilizadores.\nO jogador pode fazer duas apostas por ronda, se necess\u00e1rio, a retirada autom\u00e1tica \u00e9 activada.\nA queda ocorre a qualquer momento, mesmo que o ca\u00e7a tenha come\u00e7ado a ganhar altitude.\nOs s\u00edtios de informa\u00e7\u00e3o referem um coeficiente m\u00e1ximo de x25000, mas este ainda n\u00e3o foi atingido por nenhum jogador.    <\/p>\n\n<h2 class=\"wp-block-heading\">Falha no jogo &#8211; Rocket X<\/h2>\n\n<figure class=\"wp-block-gallery has-nested-images columns-default is-cropped wp-block-gallery-4 is-layout-flex wp-block-gallery-is-layout-flex\">\n<figure class=\"wp-block-image size-large\"><span itemprop=\"image\" itemscope itemtype=\"https:\/\/schema.org\/ImageObject\"><img itemprop=\"url image\" loading=\"lazy\" decoding=\"async\" width=\"1024\" height=\"448\" data-id=\"453\" src=\"https:\/\/aviator-crash.org\/wp-content\/uploads\/2024\/01\/screenshot-2022-11-29-at-12.55.42-1024x448.jpg\" alt=\"\" class=\"wp-image-453\" srcset=\"https:\/\/aviator-crash.org\/wp-content\/uploads\/2024\/01\/screenshot-2022-11-29-at-12.55.42-1024x448.jpg 1024w, https:\/\/aviator-crash.org\/wp-content\/uploads\/2024\/01\/screenshot-2022-11-29-at-12.55.42-300x131.jpg 300w, https:\/\/aviator-crash.org\/wp-content\/uploads\/2024\/01\/screenshot-2022-11-29-at-12.55.42-768x336.jpg 768w, https:\/\/aviator-crash.org\/wp-content\/uploads\/2024\/01\/screenshot-2022-11-29-at-12.55.42-1536x673.jpg 1536w, https:\/\/aviator-crash.org\/wp-content\/uploads\/2024\/01\/screenshot-2022-11-29-at-12.55.42-2048x897.jpg 2048w\" sizes=\"(max-width: 1024px) 100vw, 1024px\" \/><meta itemprop=\"width\" content=\"1024\"><meta itemprop=\"height\" content=\"448\"><\/span><\/figure>\n<\/figure>\n\n<p>O utilizador observa o foguet\u00e3o a descolar.\nPode fazer uma aposta de 0,1 a 140.\nQuanto mais tempo durar o voo, mais elevado \u00e9 o coeficiente.\nO jogador pode personalizar o jogo a seu gosto, utilizar apostas e levantamentos autom\u00e1ticos.\nO jogo de crash requer configura\u00e7\u00f5es m\u00ednimas.\nDepois disso, o utilizador pode desfrutar de um processo espetacular: ap\u00f3s o lan\u00e7amento do foguet\u00e3o h\u00e1 uma pluma brilhante, h\u00e1 tamb\u00e9m um aumento do coeficiente.\nNa aus\u00eancia de levantamento autom\u00e1tico, o momento do fim da ronda \u00e9 escolhido pelo jogador.\nSe n\u00e3o tiver tido tempo de o fazer antes da explos\u00e3o, fica a perder.\n\u00c9 poss\u00edvel tornar-se um vencedor se utilizar diferentes estrat\u00e9gias e t\u00e1cticas.        <\/p>\n\n<h2 class=\"wp-block-heading\">Jogo de colis\u00e3o &#8211; Space XY<\/h2>\n\n<figure class=\"wp-block-gallery has-nested-images columns-default is-cropped wp-block-gallery-5 is-layout-flex wp-block-gallery-is-layout-flex\">\n<figure class=\"wp-block-image size-large\"><span itemprop=\"image\" itemscope itemtype=\"https:\/\/schema.org\/ImageObject\"><img itemprop=\"url image\" loading=\"lazy\" decoding=\"async\" width=\"1024\" height=\"577\" data-id=\"455\" src=\"https:\/\/aviator-crash.org\/wp-content\/uploads\/2024\/01\/spacexy-gameplay-screen-1024x577-1.webp\" alt=\"\" class=\"wp-image-455\" srcset=\"https:\/\/aviator-crash.org\/wp-content\/uploads\/2024\/01\/spacexy-gameplay-screen-1024x577-1.webp 1024w, https:\/\/aviator-crash.org\/wp-content\/uploads\/2024\/01\/spacexy-gameplay-screen-1024x577-1-300x169.webp 300w, https:\/\/aviator-crash.org\/wp-content\/uploads\/2024\/01\/spacexy-gameplay-screen-1024x577-1-768x433.webp 768w\" sizes=\"(max-width: 1024px) 100vw, 1024px\" \/><meta itemprop=\"width\" content=\"1024\"><meta itemprop=\"height\" content=\"577\"><\/span><\/figure>\n<\/figure>\n\n<p>O jogo Crash a dinheiro tem caracter\u00edsticas \u00fanicas.\nO tema espacial torna-o mais interessante e atrativo para os jogadores.\nNaves espaciais, gal\u00e1xias, criaturas alien\u00edgenas, tudo isto combinado com anima\u00e7\u00f5es e gr\u00e1ficos brilhantes permitem-lhe mergulhar totalmente no mundo do jogo.\nSpace XY &#8211; o melhor jogo com levantamento r\u00e1pido, tem combina\u00e7\u00f5es vencedoras e caracter\u00edsticas de b\u00f3nus.\nEncontra-o em v\u00e1rios casinos online, pelo que o jogo Crash est\u00e1 dispon\u00edvel para um vasto p\u00fablico.\nPode jogar com dinheiro real ou fichas virtuais, basta executar o modo de demonstra\u00e7\u00e3o.     <\/p>\n\n<h2 class=\"wp-block-heading\">Jogo r\u00e1pido &#8211; Cash or Crash<\/h2>\n\n<figure class=\"wp-block-gallery has-nested-images columns-default is-cropped wp-block-gallery-6 is-layout-flex wp-block-gallery-is-layout-flex\">\n<figure class=\"wp-block-image size-large\"><span itemprop=\"image\" itemscope itemtype=\"https:\/\/schema.org\/ImageObject\"><img itemprop=\"url image\" loading=\"lazy\" decoding=\"async\" width=\"1024\" height=\"576\" data-id=\"457\" src=\"https:\/\/aviator-crash.org\/wp-content\/uploads\/2024\/01\/cash-or-crash-evolution-live-games-hollywoodbets-1024x576-1.jpg\" alt=\"\" class=\"wp-image-457\" srcset=\"https:\/\/aviator-crash.org\/wp-content\/uploads\/2024\/01\/cash-or-crash-evolution-live-games-hollywoodbets-1024x576-1.jpg 1024w, https:\/\/aviator-crash.org\/wp-content\/uploads\/2024\/01\/cash-or-crash-evolution-live-games-hollywoodbets-1024x576-1-300x169.jpg 300w, https:\/\/aviator-crash.org\/wp-content\/uploads\/2024\/01\/cash-or-crash-evolution-live-games-hollywoodbets-1024x576-1-768x432.jpg 768w\" sizes=\"(max-width: 1024px) 100vw, 1024px\" \/><meta itemprop=\"width\" content=\"1024\"><meta itemprop=\"height\" content=\"576\"><\/span><\/figure>\n<\/figure>\n\n<p>O jogador encontra-se numa nave a\u00e9rea que se desloca sobre uma enorme metr\u00f3pole.\nO utilizador v\u00ea um aparelho no qual s\u00e3o misturadas bolas.\nS\u00e3o utilizadas oito bolas vermelhas, 19 verdes e uma dourada.\nO jogador precisa de subir as escadas.\nPara isso, tem de recolher bolas de cor verde.\nSe cair uma bola vermelha, a ronda termina.\nA bola dourada pode ser utilizada para a defesa e d\u00e1 uma vida extra.      <\/p>\n\n<p>Depois de o escudo ser quebrado ou a bola verde cair, o jogador pode continuar no jogo com todos os ganhos ou terminar a ronda.\nTamb\u00e9m tem a op\u00e7\u00e3o de levantar metade do dinheiro e, com o montante restante, pode continuar o jogo.\nO jogador ter\u00e1 de passar por vinte n\u00edveis.\nNo primeiro deles o multiplicador \u00e9 de 1,2x, e no topo da escada \u00e9 de 18000x.\nBasta que o jogador aposte 5 d\u00f3lares para obter 90000 como resultado.    <\/p>\n\n<p>O download do jogo com um levantamento r\u00e1pido de dinheiro est\u00e1 dispon\u00edvel nos casinos online.\n\u00c9 necess\u00e1rio escolher um servi\u00e7o fi\u00e1vel com uma licen\u00e7a, que garanta o cumprimento das regras do regulador.\nIsto significa que o casino tem dinheiro para pagar at\u00e9 grandes quantias aos vencedores e que est\u00e1 constantemente a ser submetido a auditorias internas e a verifica\u00e7\u00f5es de software.\n\u00c9 importante estudar as cr\u00edticas e o s\u00edtio Web da institui\u00e7\u00e3o.\nSe o utilizador cair num site fraudulento, n\u00e3o se divertir\u00e1 com um b\u00f3nus e ganhos, mas perder\u00e1 dados pessoais ou infectar\u00e1 o dispositivo com v\u00edrus.    <\/p>\n","protected":false},"excerpt":{"rendered":"<p>O conceito de jogos Crash surgiu no in\u00edcio da d\u00e9cada de 2000. No entanto, nos \u00faltimos anos, tornaram-se cada vez mais populares. Os jogos para ganhar dinheiro r\u00e1pido s\u00e3o apresentados em quase todos os casinos online. Cada ronda \u00e9 emocionante e cheia de adrenalina. Os jogos r\u00e1pidos caracterizam-se por uma jogabilidade simples: o multiplicador aumenta [&hellip;]<\/p>\n","protected":false},"author":2,"featured_media":0,"parent":0,"menu_order":0,"comment_status":"closed","ping_status":"closed","template":"","meta":{"footnotes":""},"yoast_head":"<!-- This site is optimized with the Yoast SEO plugin v21.7 - https:\/\/yoast.com\/wordpress\/plugins\/seo\/ -->\n<title>Crash Games a dinheiro (Crash Game online r\u00e1pido com levantamento de dinheiro)<\/title>\n<meta name=\"description\" content=\"Os jogos de queda s\u00e3o populares porque oferecem uma oportunidade de ganhar dinheiro r\u00e1pido. Os jogos a dinheiro, em que h\u00e1 um crash, caracterizam-se por regras simples. Ao mesmo tempo, s\u00e3o muito emocionantes e divertidos.\" \/>\n<meta name=\"robots\" content=\"index, follow, max-snippet:-1, max-image-preview:large, max-video-preview:-1\" \/>\n<link rel=\"canonical\" href=\"https:\/\/aviator-crash.org\/pt-pt\/jogos-a-dinheiro-rapidos-online-com-levantamento\/\" \/>\n<meta property=\"og:locale\" content=\"pt_PT\" \/>\n<meta property=\"og:type\" content=\"article\" \/>\n<meta property=\"og:title\" content=\"Crash Games a dinheiro (Crash Game online r\u00e1pido com levantamento de dinheiro)\" \/>\n<meta property=\"og:description\" content=\"Os jogos de queda s\u00e3o populares porque oferecem uma oportunidade de ganhar dinheiro r\u00e1pido. Os jogos a dinheiro, em que h\u00e1 um crash, caracterizam-se por regras simples. Ao mesmo tempo, s\u00e3o muito emocionantes e divertidos.\" \/>\n<meta property=\"og:url\" content=\"https:\/\/aviator-crash.org\/pt-pt\/jogos-a-dinheiro-rapidos-online-com-levantamento\/\" \/>\n<meta property=\"article:modified_time\" content=\"2024-02-02T19:43:14+00:00\" \/>\n<meta property=\"og:image\" content=\"https:\/\/aviator-crash.org\/wp-content\/uploads\/2024\/01\/aviator-minigame-logo-4.png\" \/>\n<meta name=\"twitter:card\" content=\"summary_large_image\" \/>\n<meta name=\"twitter:label1\" content=\"Est. reading time\" \/>\n\t<meta name=\"twitter:data1\" content=\"6 minutos\" \/>\n<script type=\"application\/ld+json\" class=\"yoast-schema-graph\">{\"@context\":\"https:\/\/schema.org\",\"@graph\":[{\"@type\":\"WebPage\",\"@id\":\"https:\/\/aviator-crash.org\/pt-pt\/jogos-a-dinheiro-rapidos-online-com-levantamento\/\",\"url\":\"https:\/\/aviator-crash.org\/pt-pt\/jogos-a-dinheiro-rapidos-online-com-levantamento\/\",\"name\":\"Crash Games a dinheiro (Crash Game online r\u00e1pido com levantamento de dinheiro)\",\"isPartOf\":{\"@id\":\"https:\/\/aviator-crash.org\/pt-pt\/#website\"},\"datePublished\":\"2023-12-27T19:12:26+00:00\",\"dateModified\":\"2024-02-02T19:43:14+00:00\",\"description\":\"Os jogos de queda s\u00e3o populares porque oferecem uma oportunidade de ganhar dinheiro r\u00e1pido. Os jogos a dinheiro, em que h\u00e1 um crash, caracterizam-se por regras simples. Ao mesmo tempo, s\u00e3o muito emocionantes e divertidos.\",\"breadcrumb\":{\"@id\":\"https:\/\/aviator-crash.org\/pt-pt\/jogos-a-dinheiro-rapidos-online-com-levantamento\/#breadcrumb\"},\"inLanguage\":\"pt-PT\",\"potentialAction\":[{\"@type\":\"ReadAction\",\"target\":[\"https:\/\/aviator-crash.org\/pt-pt\/jogos-a-dinheiro-rapidos-online-com-levantamento\/\"]}]},{\"@type\":\"BreadcrumbList\",\"@id\":\"https:\/\/aviator-crash.org\/pt-pt\/jogos-a-dinheiro-rapidos-online-com-levantamento\/#breadcrumb\",\"itemListElement\":[{\"@type\":\"ListItem\",\"position\":1,\"name\":\"Home\",\"item\":\"https:\/\/aviator-crash.org\/pt-pt\/jogo-aviator-online-por-dinheiro-real\/\"},{\"@type\":\"ListItem\",\"position\":2,\"name\":\"Jogos a dinheiro r\u00e1pidos online com levantamento\"}]},{\"@type\":\"WebSite\",\"@id\":\"https:\/\/aviator-crash.org\/pt-pt\/#website\",\"url\":\"https:\/\/aviator-crash.org\/pt-pt\/\",\"name\":\"\",\"description\":\"\",\"potentialAction\":[{\"@type\":\"SearchAction\",\"target\":{\"@type\":\"EntryPoint\",\"urlTemplate\":\"https:\/\/aviator-crash.org\/pt-pt\/?s={search_term_string}\"},\"query-input\":\"required name=search_term_string\"}],\"inLanguage\":\"pt-PT\"}]}<\/script>\n<!-- \/ Yoast SEO plugin. -->","yoast_head_json":{"title":"Crash Games a dinheiro (Crash Game online r\u00e1pido com levantamento de dinheiro)","description":"Os jogos de queda s\u00e3o populares porque oferecem uma oportunidade de ganhar dinheiro r\u00e1pido. Os jogos a dinheiro, em que h\u00e1 um crash, caracterizam-se por regras simples. Ao mesmo tempo, s\u00e3o muito emocionantes e divertidos.","robots":{"index":"index","follow":"follow","max-snippet":"max-snippet:-1","max-image-preview":"max-image-preview:large","max-video-preview":"max-video-preview:-1"},"canonical":"https:\/\/aviator-crash.org\/pt-pt\/jogos-a-dinheiro-rapidos-online-com-levantamento\/","og_locale":"pt_PT","og_type":"article","og_title":"Crash Games a dinheiro (Crash Game online r\u00e1pido com levantamento de dinheiro)","og_description":"Os jogos de queda s\u00e3o populares porque oferecem uma oportunidade de ganhar dinheiro r\u00e1pido. Os jogos a dinheiro, em que h\u00e1 um crash, caracterizam-se por regras simples. Ao mesmo tempo, s\u00e3o muito emocionantes e divertidos.","og_url":"https:\/\/aviator-crash.org\/pt-pt\/jogos-a-dinheiro-rapidos-online-com-levantamento\/","article_modified_time":"2024-02-02T19:43:14+00:00","og_image":[{"url":"https:\/\/aviator-crash.org\/wp-content\/uploads\/2024\/01\/aviator-minigame-logo-4.png"}],"twitter_card":"summary_large_image","twitter_misc":{"Est. reading time":"6 minutos"},"schema":{"@context":"https:\/\/schema.org","@graph":[{"@type":"WebPage","@id":"https:\/\/aviator-crash.org\/pt-pt\/jogos-a-dinheiro-rapidos-online-com-levantamento\/","url":"https:\/\/aviator-crash.org\/pt-pt\/jogos-a-dinheiro-rapidos-online-com-levantamento\/","name":"Crash Games a dinheiro (Crash Game online r\u00e1pido com levantamento de dinheiro)","isPartOf":{"@id":"https:\/\/aviator-crash.org\/pt-pt\/#website"},"datePublished":"2023-12-27T19:12:26+00:00","dateModified":"2024-02-02T19:43:14+00:00","description":"Os jogos de queda s\u00e3o populares porque oferecem uma oportunidade de ganhar dinheiro r\u00e1pido. Os jogos a dinheiro, em que h\u00e1 um crash, caracterizam-se por regras simples. Ao mesmo tempo, s\u00e3o muito emocionantes e divertidos.","breadcrumb":{"@id":"https:\/\/aviator-crash.org\/pt-pt\/jogos-a-dinheiro-rapidos-online-com-levantamento\/#breadcrumb"},"inLanguage":"pt-PT","potentialAction":[{"@type":"ReadAction","target":["https:\/\/aviator-crash.org\/pt-pt\/jogos-a-dinheiro-rapidos-online-com-levantamento\/"]}]},{"@type":"BreadcrumbList","@id":"https:\/\/aviator-crash.org\/pt-pt\/jogos-a-dinheiro-rapidos-online-com-levantamento\/#breadcrumb","itemListElement":[{"@type":"ListItem","position":1,"name":"Home","item":"https:\/\/aviator-crash.org\/pt-pt\/jogo-aviator-online-por-dinheiro-real\/"},{"@type":"ListItem","position":2,"name":"Jogos a dinheiro r\u00e1pidos online com levantamento"}]},{"@type":"WebSite","@id":"https:\/\/aviator-crash.org\/pt-pt\/#website","url":"https:\/\/aviator-crash.org\/pt-pt\/","name":"","description":"","potentialAction":[{"@type":"SearchAction","target":{"@type":"EntryPoint","urlTemplate":"https:\/\/aviator-crash.org\/pt-pt\/?s={search_term_string}"},"query-input":"required name=search_term_string"}],"inLanguage":"pt-PT"}]}},"_links":{"self":[{"href":"https:\/\/aviator-crash.org\/pt-pt\/wp-json\/wp\/v2\/pages\/3174"}],"collection":[{"href":"https:\/\/aviator-crash.org\/pt-pt\/wp-json\/wp\/v2\/pages"}],"about":[{"href":"https:\/\/aviator-crash.org\/pt-pt\/wp-json\/wp\/v2\/types\/page"}],"author":[{"embeddable":true,"href":"https:\/\/aviator-crash.org\/pt-pt\/wp-json\/wp\/v2\/users\/2"}],"replies":[{"embeddable":true,"href":"https:\/\/aviator-crash.org\/pt-pt\/wp-json\/wp\/v2\/comments?post=3174"}],"version-history":[{"count":1,"href":"https:\/\/aviator-crash.org\/pt-pt\/wp-json\/wp\/v2\/pages\/3174\/revisions"}],"predecessor-version":[{"id":3182,"href":"https:\/\/aviator-crash.org\/pt-pt\/wp-json\/wp\/v2\/pages\/3174\/revisions\/3182"}],"wp:attachment":[{"href":"https:\/\/aviator-crash.org\/pt-pt\/wp-json\/wp\/v2\/media?parent=3174"}],"curies":[{"name":"wp","href":"https:\/\/api.w.org\/{rel}","templated":true}]}}