{"id":3692,"date":"2023-12-27T19:26:44","date_gmt":"2023-12-27T19:26:44","guid":{"rendered":"https:\/\/aviator-crash.org\/lucky-jet-1win-download\/"},"modified":"2024-02-02T20:21:54","modified_gmt":"2024-02-02T20:21:54","slug":"lucky-jet-1win-download","status":"publish","type":"page","link":"https:\/\/aviator-crash.org\/pt-pt\/lucky-jet-1win-download\/","title":{"rendered":"Lucky Jet 1win download"},"content":{"rendered":"\n<figure class=\"wp-block-gallery has-nested-images columns-default is-cropped wp-block-gallery-1 is-layout-flex wp-block-gallery-is-layout-flex\">\n<figure class=\"wp-block-image size-large\"><span itemprop=\"image\" itemscope itemtype=\"https:\/\/schema.org\/ImageObject\"><img itemprop=\"url image\" loading=\"lazy\" decoding=\"async\" width=\"880\" height=\"500\" data-id=\"478\" src=\"https:\/\/aviator-crash.org\/wp-content\/uploads\/2024\/01\/lucky_jet_game-casino_yl6vvw.webp\" alt=\"\" class=\"wp-image-478\" srcset=\"https:\/\/aviator-crash.org\/wp-content\/uploads\/2024\/01\/lucky_jet_game-casino_yl6vvw.webp 880w, https:\/\/aviator-crash.org\/wp-content\/uploads\/2024\/01\/lucky_jet_game-casino_yl6vvw-300x170.webp 300w, https:\/\/aviator-crash.org\/wp-content\/uploads\/2024\/01\/lucky_jet_game-casino_yl6vvw-768x436.webp 768w\" sizes=\"(max-width: 880px) 100vw, 880px\" \/><meta itemprop=\"width\" content=\"880\"><meta itemprop=\"height\" content=\"500\"><\/span><\/figure>\n<\/figure>\n\n<p>Voo virtuoso, momentos de jogo e espa\u00e7o sem limites encontram-se numa aventura emocionante chamada Lucky Jet 1win.\nEste emocionante jogo 1win leva os jogadores a um mundo \u00fanico de emo\u00e7\u00e3o e aventura, onde cada manobra pode ser a chave para a vit\u00f3ria. <\/p>\n\n<p>Lucky Jet 1win n\u00e3o \u00e9 apenas um jogo para android, \u00e9 uma oportunidade para mergulhar no excitante mundo das batalhas de jogo, onde cada momento pode virar a mar\u00e9.\nDescarregue a aplica\u00e7\u00e3o oficial do jogo Lucky Jet no s\u00edtio Onewin.\nNa sua conta pessoal, pode recolher as suas recompensas, lutar e competir com os seus amigos.\nA aplica\u00e7\u00e3o Lucky Jet 1win pode ser descarregada gratuitamente.   <\/p>\n\n<h2 class=\"wp-block-heading\">A vantagem do jogo online Lucky Jet<\/h2>\n\n<p>Esta aplica\u00e7\u00e3o \u00e9 um jogo online emocionante com muitas vantagens:<\/p>\n\n<ul>\n<li>Jogabilidade interessante.\nOs jogadores podem desfrutar de batalhas de alta tecnologia no espa\u00e7o, descolando nas suas m\u00e1quinas voadoras. <\/li>\n\n\n\n<li>Muitas miss\u00f5es emocionantes.<\/li>\n\n\n\n<li>Modo multijogador.\nUma das principais vantagens \u00e9 a possibilidade de jogar online com outros jogadores.\nAs cr\u00edticas ao Lucky Jet 1win relativamente a este modo s\u00e3o extremamente positivas, uma vez que os jogadores poder\u00e3o lutar, competir e cooperar com amigos ou outros jogadores, o que acrescenta um aspeto social e uma experi\u00eancia de jogo din\u00e2mica.  <\/li>\n\n\n\n<li>Personaliza\u00e7\u00e3o de m\u00e1quinas voadoras.\nOs jogadores t\u00eam a possibilidade de personalizar e melhorar as suas m\u00e1quinas voadoras.\nIsto cria uma abordagem personalizada ao jogo, permitindo a cada jogador desenvolver o seu pr\u00f3prio estilo e estrat\u00e9gia.  <\/li>\n\n\n\n<li>Design visualmente atrativo.\nO jogo 1win Lucky Jet tem gr\u00e1ficos e design impressionantes, tornando o mundo do jogo colorido e visualmente atrativo. <\/li>\n\n\n\n<li>Actualiza\u00e7\u00f5es regulares.<\/li>\n<\/ul>\n\n<p>Com estes benef\u00edcios em mente, o Lucky Jet proporciona uma experi\u00eancia de jogo imersiva, combinando elementos de a\u00e7\u00e3o din\u00e2mica, intera\u00e7\u00e3o social e pensamento estrat\u00e9gico.<\/p>\n\n<h2 class=\"wp-block-heading\">Como jogar Lucky Jet<\/h2>\n\n<p>Os jogadores come\u00e7am por criar uma conta, se necess\u00e1rio, e selecionar a sua aeronave.\nPodem ser fornecidos tutoriais para familiarizar os jogadores com os controlos e as no\u00e7\u00f5es b\u00e1sicas de jogo.\nO jogo, com ou sem vouchers 1win Lucky Jet para apostas gr\u00e1tis, pode incluir v\u00e1rias miss\u00f5es, tarefas ou objectivos que os jogadores t\u00eam de completar para progredir e ganhar recursos.  <\/p>\n\n<p>Sob o controlo de uma aeronave de alta tecnologia, trava batalhas com rivais perigosos, desenvolve as tuas capacidades e recolhe recompensas \u00fanicas.\nMiss\u00f5es intrigantes, paisagens espaciais de cortar a respira\u00e7\u00e3o e encontros imprevis\u00edveis esperam-te no teu caminho para a vit\u00f3ria. <\/p>\n\n<p>As batalhas em Lucky Jet envolvem normalmente a utiliza\u00e7\u00e3o de uma variedade de manobras, armas e solu\u00e7\u00f5es t\u00e1cticas para vencer os advers\u00e1rios.\nOs jogadores podem enfrentar advers\u00e1rios do computador ou participar em batalhas multijogador com outros jogadores. <\/p>\n\n<p>Se quiser divertir-se \u00e0 grande, ent\u00e3o deve descarregar o Lucky Jet 1win para o seu dispositivo.\nDepois disso, \u00e9-lhe dada a oportunidade de desfrutar de uma experi\u00eancia din\u00e2mica e de jogo em batalhas espaciais, utilizando as suas capacidades, estrat\u00e9gias e habilidades para alcan\u00e7ar a vit\u00f3ria. <\/p>\n\n<h2 class=\"wp-block-heading\">Como ganhar no Lucky Jet<\/h2>\n\n<p>Ganhar pode depender de v\u00e1rios factores e \u00e9 importante definir estrat\u00e9gias com o Lucky Jet 1win e melhorar as suas capacidades para ter sucesso no jogo.\nAqui est\u00e3o algumas dicas que o podem ajudar a ter sucesso no Lucky Jet: <\/p>\n\n<ul>\n<li>Familiarizar-se com os comandos.\nAprende os comandos de um ve\u00edculo voador.\nA compreens\u00e3o de todas as manobras e comandos dispon\u00edveis ajud\u00e1-lo-\u00e1 a controlar eficazmente em combate.  <\/li>\n\n\n\n<li>Faz um curso de forma\u00e7\u00e3o no One Win Lucky Jet.\nIsto ir\u00e1 ajud\u00e1-lo a aprender as no\u00e7\u00f5es b\u00e1sicas de jogo e a aprender a utilizar diferentes t\u00e1cticas. <\/li>\n\n\n\n<li>Escolhe o avi\u00e3o adequado.\nAlgumas podem ser melhores a atacar, enquanto outras podem ser melhores a esquivar-se. <\/li>\n\n\n\n<li>Desenvolve o teu aparelho.\nMelhora o teu aparelho voador utilizando os recursos obtidos no jogo.\nIsto aumentar\u00e1 as suas hip\u00f3teses nas batalhas e torn\u00e1-lo-\u00e1 mais competitivo.  <\/li>\n\n\n\n<li>Desenvolver uma estrat\u00e9gia Lucky Jet 1Win para cada combate.<\/li>\n<\/ul>\n\n<p>Utiliza o ambiente a teu favor, desvia-te dos ataques, procura os pontos fracos dos teus advers\u00e1rios.\n\u00c9 prefer\u00edvel privilegiar uma estrat\u00e9gia com probabilidades reduzidas para uma vit\u00f3ria mais eficaz. <\/p>\n\n<p>Tenha em mente que cada jogo pode ter a sua pr\u00f3pria din\u00e2mica, por isso experimente, adapte-se e desfrute do processo de melhorar as suas capacidades de jogo na Lucky Jet.<\/p>\n\n<h2 class=\"wp-block-heading\">Regras do jogo Lucky Jet<\/h2>\n\n<p>Outra vantagem deste jogo \u00e9 a simplicidade e a acessibilidade das regras.\nExistem v\u00e1rias rondas, cujo principal objetivo \u00e9 fazer as suas apostas a tempo.\nAs an\u00e1lises do Lucky Jet 1win s\u00e3o a prova de que aqui nem tudo \u00e9 t\u00e3o f\u00e1cil como parece.\n\u00c9 importante apostar o montante a tempo, caso contr\u00e1rio pode queimar-se.\nQuer arriscar ou esperar por um momento mais adequado?\nTudo depende apenas de si.     <\/p>\n\n<h2 class=\"wp-block-heading\">Cup\u00f5es<\/h2>\n\n<p>Os cup\u00f5es Lucky Jet s\u00e3o c\u00f3digos especiais que os jogadores podem introduzir no jogo para obterem b\u00f3nus, recursos ou outros benef\u00edcios.\nPodes familiarizar-te com eles no site 1Win.\nEstes v\u00e3o aparecer regularmente, agradando aos jogadores com novas oportunidades e ofertas mais favor\u00e1veis.  <\/p>\n\n<h2 class=\"wp-block-heading\">Testemunhos<\/h2>\n\n<p>Aqui est\u00e3o algumas opini\u00f5es de utilizadores:<\/p>\n\n<p><\/p>\n","protected":false},"excerpt":{"rendered":"<p>Voo virtuoso, momentos de jogo e espa\u00e7o sem limites encontram-se numa aventura emocionante chamada Lucky Jet 1win. Este emocionante jogo 1win leva os jogadores a um mundo \u00fanico de emo\u00e7\u00e3o e aventura, onde cada manobra pode ser a chave para a vit\u00f3ria. Lucky Jet 1win n\u00e3o \u00e9 apenas um jogo para android, \u00e9 uma oportunidade [&hellip;]<\/p>\n","protected":false},"author":2,"featured_media":0,"parent":0,"menu_order":0,"comment_status":"open","ping_status":"closed","template":"","meta":{"footnotes":""},"yoast_head":"<!-- This site is optimized with the Yoast SEO plugin v21.7 - https:\/\/yoast.com\/wordpress\/plugins\/seo\/ -->\n<title>Lucky Jet jogo no 1win casino, download<\/title>\n<meta name=\"description\" content=\"Uma an\u00e1lise do jogo internacionalmente popular Lucky Jet no 1win Casino, que lhe d\u00e1 uma oportunidade real de ganhar bom dinheiro. Familiarize-se com as principais caracter\u00edsticas, benef\u00edcios e regras do jogo. Inicie o jogo e v\u00e1 em busca dos seus ganhos!\" \/>\n<meta name=\"robots\" content=\"index, follow, max-snippet:-1, max-image-preview:large, max-video-preview:-1\" \/>\n<link rel=\"canonical\" href=\"https:\/\/aviator-crash.org\/pt-pt\/lucky-jet-1win-download\/\" \/>\n<meta property=\"og:locale\" content=\"pt_PT\" \/>\n<meta property=\"og:type\" content=\"article\" \/>\n<meta property=\"og:title\" content=\"Lucky Jet jogo no 1win casino, download\" \/>\n<meta property=\"og:description\" content=\"Uma an\u00e1lise do jogo internacionalmente popular Lucky Jet no 1win Casino, que lhe d\u00e1 uma oportunidade real de ganhar bom dinheiro. Familiarize-se com as principais caracter\u00edsticas, benef\u00edcios e regras do jogo. Inicie o jogo e v\u00e1 em busca dos seus ganhos!\" \/>\n<meta property=\"og:url\" content=\"https:\/\/aviator-crash.org\/pt-pt\/lucky-jet-1win-download\/\" \/>\n<meta property=\"article:modified_time\" content=\"2024-02-02T20:21:54+00:00\" \/>\n<meta property=\"og:image\" content=\"https:\/\/aviator-crash.org\/wp-content\/uploads\/2024\/01\/lucky_jet_game-casino_yl6vvw.webp\" \/>\n<meta name=\"twitter:card\" content=\"summary_large_image\" \/>\n<meta name=\"twitter:label1\" content=\"Est. reading time\" \/>\n\t<meta name=\"twitter:data1\" content=\"4 minutos\" \/>\n<script type=\"application\/ld+json\" class=\"yoast-schema-graph\">{\"@context\":\"https:\/\/schema.org\",\"@graph\":[{\"@type\":\"WebPage\",\"@id\":\"https:\/\/aviator-crash.org\/pt-pt\/lucky-jet-1win-download\/\",\"url\":\"https:\/\/aviator-crash.org\/pt-pt\/lucky-jet-1win-download\/\",\"name\":\"Lucky Jet jogo no 1win casino, download\",\"isPartOf\":{\"@id\":\"https:\/\/aviator-crash.org\/pt-pt\/#website\"},\"datePublished\":\"2023-12-27T19:26:44+00:00\",\"dateModified\":\"2024-02-02T20:21:54+00:00\",\"description\":\"Uma an\u00e1lise do jogo internacionalmente popular Lucky Jet no 1win Casino, que lhe d\u00e1 uma oportunidade real de ganhar bom dinheiro. Familiarize-se com as principais caracter\u00edsticas, benef\u00edcios e regras do jogo. Inicie o jogo e v\u00e1 em busca dos seus ganhos!\",\"breadcrumb\":{\"@id\":\"https:\/\/aviator-crash.org\/pt-pt\/lucky-jet-1win-download\/#breadcrumb\"},\"inLanguage\":\"pt-PT\",\"potentialAction\":[{\"@type\":\"ReadAction\",\"target\":[\"https:\/\/aviator-crash.org\/pt-pt\/lucky-jet-1win-download\/\"]}]},{\"@type\":\"BreadcrumbList\",\"@id\":\"https:\/\/aviator-crash.org\/pt-pt\/lucky-jet-1win-download\/#breadcrumb\",\"itemListElement\":[{\"@type\":\"ListItem\",\"position\":1,\"name\":\"Home\",\"item\":\"https:\/\/aviator-crash.org\/pt-pt\/jogo-aviator-online-por-dinheiro-real\/\"},{\"@type\":\"ListItem\",\"position\":2,\"name\":\"Lucky Jet 1win download\"}]},{\"@type\":\"WebSite\",\"@id\":\"https:\/\/aviator-crash.org\/pt-pt\/#website\",\"url\":\"https:\/\/aviator-crash.org\/pt-pt\/\",\"name\":\"\",\"description\":\"\",\"potentialAction\":[{\"@type\":\"SearchAction\",\"target\":{\"@type\":\"EntryPoint\",\"urlTemplate\":\"https:\/\/aviator-crash.org\/pt-pt\/?s={search_term_string}\"},\"query-input\":\"required name=search_term_string\"}],\"inLanguage\":\"pt-PT\"}]}<\/script>\n<!-- \/ Yoast SEO plugin. -->","yoast_head_json":{"title":"Lucky Jet jogo no 1win casino, download","description":"Uma an\u00e1lise do jogo internacionalmente popular Lucky Jet no 1win Casino, que lhe d\u00e1 uma oportunidade real de ganhar bom dinheiro. Familiarize-se com as principais caracter\u00edsticas, benef\u00edcios e regras do jogo. Inicie o jogo e v\u00e1 em busca dos seus ganhos!","robots":{"index":"index","follow":"follow","max-snippet":"max-snippet:-1","max-image-preview":"max-image-preview:large","max-video-preview":"max-video-preview:-1"},"canonical":"https:\/\/aviator-crash.org\/pt-pt\/lucky-jet-1win-download\/","og_locale":"pt_PT","og_type":"article","og_title":"Lucky Jet jogo no 1win casino, download","og_description":"Uma an\u00e1lise do jogo internacionalmente popular Lucky Jet no 1win Casino, que lhe d\u00e1 uma oportunidade real de ganhar bom dinheiro. Familiarize-se com as principais caracter\u00edsticas, benef\u00edcios e regras do jogo. Inicie o jogo e v\u00e1 em busca dos seus ganhos!","og_url":"https:\/\/aviator-crash.org\/pt-pt\/lucky-jet-1win-download\/","article_modified_time":"2024-02-02T20:21:54+00:00","og_image":[{"url":"https:\/\/aviator-crash.org\/wp-content\/uploads\/2024\/01\/lucky_jet_game-casino_yl6vvw.webp"}],"twitter_card":"summary_large_image","twitter_misc":{"Est. reading time":"4 minutos"},"schema":{"@context":"https:\/\/schema.org","@graph":[{"@type":"WebPage","@id":"https:\/\/aviator-crash.org\/pt-pt\/lucky-jet-1win-download\/","url":"https:\/\/aviator-crash.org\/pt-pt\/lucky-jet-1win-download\/","name":"Lucky Jet jogo no 1win casino, download","isPartOf":{"@id":"https:\/\/aviator-crash.org\/pt-pt\/#website"},"datePublished":"2023-12-27T19:26:44+00:00","dateModified":"2024-02-02T20:21:54+00:00","description":"Uma an\u00e1lise do jogo internacionalmente popular Lucky Jet no 1win Casino, que lhe d\u00e1 uma oportunidade real de ganhar bom dinheiro. Familiarize-se com as principais caracter\u00edsticas, benef\u00edcios e regras do jogo. Inicie o jogo e v\u00e1 em busca dos seus ganhos!","breadcrumb":{"@id":"https:\/\/aviator-crash.org\/pt-pt\/lucky-jet-1win-download\/#breadcrumb"},"inLanguage":"pt-PT","potentialAction":[{"@type":"ReadAction","target":["https:\/\/aviator-crash.org\/pt-pt\/lucky-jet-1win-download\/"]}]},{"@type":"BreadcrumbList","@id":"https:\/\/aviator-crash.org\/pt-pt\/lucky-jet-1win-download\/#breadcrumb","itemListElement":[{"@type":"ListItem","position":1,"name":"Home","item":"https:\/\/aviator-crash.org\/pt-pt\/jogo-aviator-online-por-dinheiro-real\/"},{"@type":"ListItem","position":2,"name":"Lucky Jet 1win download"}]},{"@type":"WebSite","@id":"https:\/\/aviator-crash.org\/pt-pt\/#website","url":"https:\/\/aviator-crash.org\/pt-pt\/","name":"","description":"","potentialAction":[{"@type":"SearchAction","target":{"@type":"EntryPoint","urlTemplate":"https:\/\/aviator-crash.org\/pt-pt\/?s={search_term_string}"},"query-input":"required name=search_term_string"}],"inLanguage":"pt-PT"}]}},"_links":{"self":[{"href":"https:\/\/aviator-crash.org\/pt-pt\/wp-json\/wp\/v2\/pages\/3692"}],"collection":[{"href":"https:\/\/aviator-crash.org\/pt-pt\/wp-json\/wp\/v2\/pages"}],"about":[{"href":"https:\/\/aviator-crash.org\/pt-pt\/wp-json\/wp\/v2\/types\/page"}],"author":[{"embeddable":true,"href":"https:\/\/aviator-crash.org\/pt-pt\/wp-json\/wp\/v2\/users\/2"}],"replies":[{"embeddable":true,"href":"https:\/\/aviator-crash.org\/pt-pt\/wp-json\/wp\/v2\/comments?post=3692"}],"version-history":[{"count":1,"href":"https:\/\/aviator-crash.org\/pt-pt\/wp-json\/wp\/v2\/pages\/3692\/revisions"}],"predecessor-version":[{"id":3694,"href":"https:\/\/aviator-crash.org\/pt-pt\/wp-json\/wp\/v2\/pages\/3692\/revisions\/3694"}],"wp:attachment":[{"href":"https:\/\/aviator-crash.org\/pt-pt\/wp-json\/wp\/v2\/media?parent=3692"}],"curies":[{"name":"wp","href":"https:\/\/api.w.org\/{rel}","templated":true}]}}