{"id":3740,"date":"2023-12-27T19:33:16","date_gmt":"2023-12-27T19:33:16","guid":{"rendered":"https:\/\/aviator-crash.org\/jet-x\/"},"modified":"2024-02-02T20:25:58","modified_gmt":"2024-02-02T20:25:58","slug":"jet-x","status":"publish","type":"page","link":"https:\/\/aviator-crash.org\/pt-pt\/jet-x\/","title":{"rendered":"Jet X"},"content":{"rendered":"\n<figure class=\"wp-block-gallery has-nested-images columns-default is-cropped wp-block-gallery-1 is-layout-flex wp-block-gallery-is-layout-flex\">\n<figure class=\"wp-block-image size-large\"><span itemprop=\"image\" itemscope itemtype=\"https:\/\/schema.org\/ImageObject\"><img itemprop=\"url image\" loading=\"lazy\" decoding=\"async\" width=\"1024\" height=\"576\" data-id=\"475\" src=\"https:\/\/aviator-crash.org\/wp-content\/uploads\/2024\/01\/how-to-play-jet-x-game-on-my-cell-phone-1200x675-1-1024x576-1.webp\" alt=\"\" class=\"wp-image-475\" srcset=\"https:\/\/aviator-crash.org\/wp-content\/uploads\/2024\/01\/how-to-play-jet-x-game-on-my-cell-phone-1200x675-1-1024x576-1.webp 1024w, https:\/\/aviator-crash.org\/wp-content\/uploads\/2024\/01\/how-to-play-jet-x-game-on-my-cell-phone-1200x675-1-1024x576-1-300x169.webp 300w, https:\/\/aviator-crash.org\/wp-content\/uploads\/2024\/01\/how-to-play-jet-x-game-on-my-cell-phone-1200x675-1-1024x576-1-768x432.webp 768w\" sizes=\"(max-width: 1024px) 100vw, 1024px\" \/><meta itemprop=\"width\" content=\"1024\"><meta itemprop=\"height\" content=\"576\"><\/span><\/figure>\n<\/figure>\n\n<p>Bem-vindo ao futuro das corridas de adrenalina, no mundo do jogo Jet X, que pode descarregar gratuitamente!\nEsta \u00e9 uma emocionante aventura oficial de arcada para Android, onde a velocidade, a altitude e as incr\u00edveis acrobacias se combinam num fluxo poderoso.\nEntra no cockpit de uma m\u00e1quina voadora avan\u00e7ada e prepara-te para uma persegui\u00e7\u00e3o que vai ultrapassar todas as tuas expectativas.\nN\u00e3o te esque\u00e7as da estrat\u00e9gia Jet X!   <\/p>\n\n<p>Pode descarregar facilmente a aplica\u00e7\u00e3o no s\u00edtio Web da X Win &#8211; uma empresa de apostas, que \u00e9 considerada uma das mais populares.\nCrie uma conta pessoal, inicie o jogo e comece a correr em breve. <\/p>\n\n<h2 class=\"wp-block-heading\">Vantagens do jogo online Jet X<\/h2>\n\n<p>O jogo online Jet X tem v\u00e1rias vantagens que o tornam atrativo para os f\u00e3s das corridas de arcada e da adrenalina futura:<\/p>\n\n<ul>\n<li>Velocidade e dinamismo.\nO jogo oferece corridas de alta velocidade onde cada segundo conta.\nCom uma jogabilidade din\u00e2mica e liberdade de movimentos no espa\u00e7o tridimensional, os jogadores do X Jet sentem verdadeiramente a adrenalina das corridas de alta velocidade.  <\/li>\n\n\n\n<li>M\u00e1quinas voadoras \u00fanicas.\nOs jogadores podem escolher entre diversas e inovadoras m\u00e1quinas voadoras com caracter\u00edsticas \u00fanicas. <\/li>\n\n\n\n<li>Disponibilidade do modo multijogador.\nA possibilidade de competir com outros jogadores online acrescenta um elemento de competi\u00e7\u00e3o e intera\u00e7\u00e3o social.\nPodes descarregar o Jet X e desfrutar do jogo com os teus amigos.  <\/li>\n\n\n\n<li>Melhoria do dispositivo.\nOs jogadores podem personalizar e melhorar as suas m\u00e1quinas voadoras, adaptando-as ao seu estilo de corrida.\nIsto cria uma experi\u00eancia personalizada para cada jogador e permite-lhes melhorar as suas m\u00e1quinas \u00e0 medida que progridem.  <\/li>\n\n\n\n<li>Actualiza\u00e7\u00f5es regulares.\nOs criadores est\u00e3o constantemente a atualizar o Jet X, acrescentando novas pistas, unidades, modos e funcionalidades. <\/li>\n<\/ul>\n\n<p>Estas vantagens tornam o jogo Jet X atrativo para quem aprecia corridas din\u00e2micas, inova\u00e7\u00e3o na conce\u00e7\u00e3o de aeronaves e o esp\u00edrito competitivo dos jogos em linha.<\/p>\n\n<h2 class=\"wp-block-heading\">Como jogar Jet X<\/h2>\n\n<p>O jogo Jet X proporciona uma experi\u00eancia emocionante de corridas a alta velocidade no futuro.\nSeguem-se as orienta\u00e7\u00f5es gerais sobre como come\u00e7ar a jogar Jet X: <\/p>\n\n<ol>\n<li>Primeiro, instale o jogo no seu dispositivo de acordo com as instru\u00e7\u00f5es da sua plataforma (computador, consola, dispositivo m\u00f3vel).\nInicie o jogo e aguarde a conclus\u00e3o do processo de transfer\u00eancia. <\/li>\n\n\n\n<li>Quando come\u00e7as o jogo, ser-te-\u00e1 pedido que escolhas a tua primeira m\u00e1quina voadora.\nOs diferentes ve\u00edculos podem ter caracter\u00edsticas e capacidades diferentes, pelo que podes experimentar e jogar Jet X. <\/li>\n\n\n\n<li>Familiariza-te com os controlos da tua m\u00e1quina voadora.\nNormalmente, trata-se de utilizar as teclas, os joysticks ou o ecr\u00e3 t\u00e1til, consoante a plataforma. <\/li>\n\n\n\n<li>O Jet X oferece v\u00e1rios modos de jogo, como a campanha e as batalhas multijogador.<\/li>\n\n\n\n<li>Escolhe uma pista e come\u00e7a a correr.\nPresta aten\u00e7\u00e3o \u00e0s metas e aos objectivos de cada corrida, pois podem variar consoante o modo de jogo.\nO programa do Jet X pode variar consoante o n\u00edvel.  <\/li>\n\n\n\n<li>Utiliza as capacidades da tua m\u00e1quina voadora para combateres os teus advers\u00e1rios e fazeres acrobacias.\nEm alguns modos de jogo, isto pode trazer b\u00f3nus adicionais ou acelera\u00e7\u00e3o. <\/li>\n\n\n\n<li>Depois de completares corridas e batalhas, ganha recursos ou moeda no jogo para melhorares e personalizares a tua m\u00e1quina voadora.<\/li>\n\n\n\n<li>Fica atento \u00e0s actualiza\u00e7\u00f5es do jogo, pois os criadores podem acrescentar novas pistas, ve\u00edculos e modos.<\/li>\n<\/ol>\n\n<p>Os termos e regras espec\u00edficos podem variar de vers\u00e3o para vers\u00e3o.\nLer as opini\u00f5es e recomenda\u00e7\u00f5es sobre o Jet X permitir-lhe-\u00e1 entrar rapidamente na ess\u00eancia do jogo e come\u00e7ar a jogar. <\/p>\n\n<h2 class=\"wp-block-heading\">Como ganhar no Jet X?<\/h2>\n\n<p>Para jogar Jet X com sucesso, \u00e9 importante desenvolver habilidades e aplicar estrat\u00e9gias para ganhar corridas e batalhas.\nEis algumas dicas que podem ajudar-te a ter sucesso no jogo.\nAntes de mais, domina os controlos da tua m\u00e1quina voadora.\nA compreens\u00e3o de todos os movimentos e manobras permitir-lhe-\u00e1 conduzir mais eficazmente em diferentes situa\u00e7\u00f5es.\nExplora as pistas e utiliza o ambiente em teu benef\u00edcio.    <\/p>\n\n<p>Outra dica testada e comprovada \u00e9 a utiliza\u00e7\u00e3o dos c\u00f3digos promocionais Jet X. Estes oferecem condi\u00e7\u00f5es favor\u00e1veis e a oportunidade de ganhar pontos extra.\nPode encontrar c\u00f3digos promocionais em sites de jogos especializados ou numa sec\u00e7\u00e3o espec\u00edfica do X Win. <\/p>\n\n<p>A estrat\u00e9gia do Jet X \u00e9 outro ponto importante a que deve prestar aten\u00e7\u00e3o.\nEm caso de batalha, utilize ativamente as armas e as defesas.\nUma intera\u00e7\u00e3o eficaz com os inimigos pode aumentar significativamente as suas hip\u00f3teses de vit\u00f3ria.  <\/p>\n\n<p>Durante as corridas e as batalhas, n\u00e3o te esque\u00e7as de fazer acrobacias.\nEstas podem trazer b\u00f3nus e acelera\u00e7\u00f5es adicionais.\nN\u00e3o te esque\u00e7as dos b\u00f3nus e das apostas bem feitas.\nNo sistema de c\u00e1lculo de probabilidades do Jet X, podes calcular todos os riscos e fazer uma aposta competente.\nAproveita tamb\u00e9m ativamente as oportunidades para melhorares a tua m\u00e1quina voadora.\nEstuda cuidadosamente as pistas e planeia a tua trajet\u00f3ria com anteced\u00eancia.\nA sele\u00e7\u00e3o \u00f3ptima do caminho e o controlo da velocidade ajud\u00e1-lo-\u00e3o a ultrapassar os seus rivais.      <\/p>\n\n<p>Presta aten\u00e7\u00e3o \u00e0s ac\u00e7\u00f5es dos teus advers\u00e1rios e adapta-te \u00e0 mudan\u00e7a das condi\u00e7\u00f5es da pista.\nA flexibilidade e a adaptabilidade podem ser a chave para o sucesso numa corrida de ritmo acelerado.\nSe o jogo ou a demonstra\u00e7\u00e3o do Jet X permitir jogar em equipa, comunique ativamente com a sua equipa.  <\/p>\n\n<p>O jogo Jet X d\u00e1-te espa\u00e7o para a criatividade e decis\u00f5es t\u00e1cticas.\nAdapta-te \u00e0s condi\u00e7\u00f5es, explora o sistema de probabilidades do Jet X e desfruta de corridas r\u00e1pidas e emocionantes no futuro! <\/p>\n\n<h2 class=\"wp-block-heading\">Regras do jogo Jet X<\/h2>\n\n<p>O objetivo principal depende do modo de jogo.\nPode ser completar a pista no menor tempo poss\u00edvel, vencer batalhas com advers\u00e1rios, fazer acrobacias ou alcan\u00e7ar determinados resultados no modo multijogador.\nO jogo oferece normalmente uma variedade de pistas e n\u00edveis, cada um apresentando desafios \u00fanicos.\nPodes familiarizar-te com todos eles no s\u00edtio Web do Jet X. Os jogadores podem aumentar a pot\u00eancia das suas m\u00e1quinas voadoras para conseguirem percorrer com mais sucesso pistas de n\u00edvel superior.   <\/p>\n\n<p>Os jogadores controlam os ve\u00edculos voadores utilizando o teclado, o joystick, o gamepad ou o ecr\u00e3 t\u00e1til, dependendo da plataforma.\nOs controlos incluem a mudan\u00e7a de dire\u00e7\u00e3o, o ajuste da velocidade e a realiza\u00e7\u00e3o de acrobacias.\nAs acrobacias podem dar direito a b\u00f3nus, como acelera\u00e7\u00e3o ou pontos extra.  <\/p>\n\n<p>Nalguns modos de jogo, os jogadores podem lutar contra advers\u00e1rios utilizando armas nos seus ve\u00edculos.\nAs armas podem incluir m\u00edsseis, lasers e outros meios de ataque ou defesa.\nV\u00ea a estrat\u00e9gia e as an\u00e1lises do Jet X antes de come\u00e7ares o jogo.  <\/p>\n\n<h2 class=\"wp-block-heading\">C\u00f3digos promocionais<\/h2>\n\n<p>Os c\u00f3digos promocionais s\u00e3o normalmente fornecidos pelos criadores do jogo ou pela plataforma em que este \u00e9 distribu\u00eddo.\nS\u00e3o b\u00f3nus especiais ou fichas para os jogadores aumentarem as suas hip\u00f3teses de ganhar.\nOs c\u00f3digos promocionais podem ser encontrados em v\u00e1rios recursos:  <\/p>\n\n<ul>\n<li>S\u00edtio Web oficial.<\/li>\n\n\n\n<li>Redes sociais.<\/li>\n\n\n\n<li>F\u00f3runs e comunidades.<\/li>\n\n\n\n<li>Boletins informativos.<\/li>\n\n\n\n<li>Parceiros e patrocinadores.<\/li>\n<\/ul>\n\n<h2 class=\"wp-block-heading\">Testemunhos<\/h2>\n\n<p>Aqui est\u00e3o algumas an\u00e1lises de utilizadores do popular jogo:<\/p>\n","protected":false},"excerpt":{"rendered":"<p>Bem-vindo ao futuro das corridas de adrenalina, no mundo do jogo Jet X, que pode descarregar gratuitamente! Esta \u00e9 uma emocionante aventura oficial de arcada para Android, onde a velocidade, a altitude e as incr\u00edveis acrobacias se combinam num fluxo poderoso. Entra no cockpit de uma m\u00e1quina voadora avan\u00e7ada e prepara-te para uma persegui\u00e7\u00e3o que [&hellip;]<\/p>\n","protected":false},"author":2,"featured_media":0,"parent":0,"menu_order":0,"comment_status":"open","ping_status":"closed","template":"","meta":{"footnotes":""},"yoast_head":"<!-- This site is optimized with the Yoast SEO plugin v21.7 - https:\/\/yoast.com\/wordpress\/plugins\/seo\/ -->\n<title>Jet X jogo de casino, descarregar<\/title>\n<meta name=\"description\" content=\"Mergulha no excitante mundo das corridas de alta velocidade com o Jet X, uma experi\u00eancia de arcada \u00fanica e emocionante para o futuro. L\u00ea atentamente as regras e vai para o volante em breve. Esperam-te aventuras interessantes e uma boa divers\u00e3o.\" \/>\n<meta name=\"robots\" content=\"index, follow, max-snippet:-1, max-image-preview:large, max-video-preview:-1\" \/>\n<link rel=\"canonical\" href=\"https:\/\/aviator-crash.org\/pt-pt\/jet-x\/\" \/>\n<meta property=\"og:locale\" content=\"pt_PT\" \/>\n<meta property=\"og:type\" content=\"article\" \/>\n<meta property=\"og:title\" content=\"Jet X jogo de casino, descarregar\" \/>\n<meta property=\"og:description\" content=\"Mergulha no excitante mundo das corridas de alta velocidade com o Jet X, uma experi\u00eancia de arcada \u00fanica e emocionante para o futuro. L\u00ea atentamente as regras e vai para o volante em breve. Esperam-te aventuras interessantes e uma boa divers\u00e3o.\" \/>\n<meta property=\"og:url\" content=\"https:\/\/aviator-crash.org\/pt-pt\/jet-x\/\" \/>\n<meta property=\"article:modified_time\" content=\"2024-02-02T20:25:58+00:00\" \/>\n<meta property=\"og:image\" content=\"https:\/\/aviator-crash.org\/wp-content\/uploads\/2024\/01\/how-to-play-jet-x-game-on-my-cell-phone-1200x675-1-1024x576-1.webp\" \/>\n<meta name=\"twitter:card\" content=\"summary_large_image\" \/>\n<meta name=\"twitter:label1\" content=\"Est. reading time\" \/>\n\t<meta name=\"twitter:data1\" content=\"6 minutos\" \/>\n<script type=\"application\/ld+json\" class=\"yoast-schema-graph\">{\"@context\":\"https:\/\/schema.org\",\"@graph\":[{\"@type\":\"WebPage\",\"@id\":\"https:\/\/aviator-crash.org\/pt-pt\/jet-x\/\",\"url\":\"https:\/\/aviator-crash.org\/pt-pt\/jet-x\/\",\"name\":\"Jet X jogo de casino, descarregar\",\"isPartOf\":{\"@id\":\"https:\/\/aviator-crash.org\/pt-pt\/#website\"},\"datePublished\":\"2023-12-27T19:33:16+00:00\",\"dateModified\":\"2024-02-02T20:25:58+00:00\",\"description\":\"Mergulha no excitante mundo das corridas de alta velocidade com o Jet X, uma experi\u00eancia de arcada \u00fanica e emocionante para o futuro. L\u00ea atentamente as regras e vai para o volante em breve. Esperam-te aventuras interessantes e uma boa divers\u00e3o.\",\"breadcrumb\":{\"@id\":\"https:\/\/aviator-crash.org\/pt-pt\/jet-x\/#breadcrumb\"},\"inLanguage\":\"pt-PT\",\"potentialAction\":[{\"@type\":\"ReadAction\",\"target\":[\"https:\/\/aviator-crash.org\/pt-pt\/jet-x\/\"]}]},{\"@type\":\"BreadcrumbList\",\"@id\":\"https:\/\/aviator-crash.org\/pt-pt\/jet-x\/#breadcrumb\",\"itemListElement\":[{\"@type\":\"ListItem\",\"position\":1,\"name\":\"Home\",\"item\":\"https:\/\/aviator-crash.org\/pt-pt\/jogo-aviator-online-por-dinheiro-real\/\"},{\"@type\":\"ListItem\",\"position\":2,\"name\":\"Jet X\"}]},{\"@type\":\"WebSite\",\"@id\":\"https:\/\/aviator-crash.org\/pt-pt\/#website\",\"url\":\"https:\/\/aviator-crash.org\/pt-pt\/\",\"name\":\"\",\"description\":\"\",\"potentialAction\":[{\"@type\":\"SearchAction\",\"target\":{\"@type\":\"EntryPoint\",\"urlTemplate\":\"https:\/\/aviator-crash.org\/pt-pt\/?s={search_term_string}\"},\"query-input\":\"required name=search_term_string\"}],\"inLanguage\":\"pt-PT\"}]}<\/script>\n<!-- \/ Yoast SEO plugin. -->","yoast_head_json":{"title":"Jet X jogo de casino, descarregar","description":"Mergulha no excitante mundo das corridas de alta velocidade com o Jet X, uma experi\u00eancia de arcada \u00fanica e emocionante para o futuro. L\u00ea atentamente as regras e vai para o volante em breve. Esperam-te aventuras interessantes e uma boa divers\u00e3o.","robots":{"index":"index","follow":"follow","max-snippet":"max-snippet:-1","max-image-preview":"max-image-preview:large","max-video-preview":"max-video-preview:-1"},"canonical":"https:\/\/aviator-crash.org\/pt-pt\/jet-x\/","og_locale":"pt_PT","og_type":"article","og_title":"Jet X jogo de casino, descarregar","og_description":"Mergulha no excitante mundo das corridas de alta velocidade com o Jet X, uma experi\u00eancia de arcada \u00fanica e emocionante para o futuro. L\u00ea atentamente as regras e vai para o volante em breve. Esperam-te aventuras interessantes e uma boa divers\u00e3o.","og_url":"https:\/\/aviator-crash.org\/pt-pt\/jet-x\/","article_modified_time":"2024-02-02T20:25:58+00:00","og_image":[{"url":"https:\/\/aviator-crash.org\/wp-content\/uploads\/2024\/01\/how-to-play-jet-x-game-on-my-cell-phone-1200x675-1-1024x576-1.webp"}],"twitter_card":"summary_large_image","twitter_misc":{"Est. reading time":"6 minutos"},"schema":{"@context":"https:\/\/schema.org","@graph":[{"@type":"WebPage","@id":"https:\/\/aviator-crash.org\/pt-pt\/jet-x\/","url":"https:\/\/aviator-crash.org\/pt-pt\/jet-x\/","name":"Jet X jogo de casino, descarregar","isPartOf":{"@id":"https:\/\/aviator-crash.org\/pt-pt\/#website"},"datePublished":"2023-12-27T19:33:16+00:00","dateModified":"2024-02-02T20:25:58+00:00","description":"Mergulha no excitante mundo das corridas de alta velocidade com o Jet X, uma experi\u00eancia de arcada \u00fanica e emocionante para o futuro. L\u00ea atentamente as regras e vai para o volante em breve. Esperam-te aventuras interessantes e uma boa divers\u00e3o.","breadcrumb":{"@id":"https:\/\/aviator-crash.org\/pt-pt\/jet-x\/#breadcrumb"},"inLanguage":"pt-PT","potentialAction":[{"@type":"ReadAction","target":["https:\/\/aviator-crash.org\/pt-pt\/jet-x\/"]}]},{"@type":"BreadcrumbList","@id":"https:\/\/aviator-crash.org\/pt-pt\/jet-x\/#breadcrumb","itemListElement":[{"@type":"ListItem","position":1,"name":"Home","item":"https:\/\/aviator-crash.org\/pt-pt\/jogo-aviator-online-por-dinheiro-real\/"},{"@type":"ListItem","position":2,"name":"Jet X"}]},{"@type":"WebSite","@id":"https:\/\/aviator-crash.org\/pt-pt\/#website","url":"https:\/\/aviator-crash.org\/pt-pt\/","name":"","description":"","potentialAction":[{"@type":"SearchAction","target":{"@type":"EntryPoint","urlTemplate":"https:\/\/aviator-crash.org\/pt-pt\/?s={search_term_string}"},"query-input":"required name=search_term_string"}],"inLanguage":"pt-PT"}]}},"_links":{"self":[{"href":"https:\/\/aviator-crash.org\/pt-pt\/wp-json\/wp\/v2\/pages\/3740"}],"collection":[{"href":"https:\/\/aviator-crash.org\/pt-pt\/wp-json\/wp\/v2\/pages"}],"about":[{"href":"https:\/\/aviator-crash.org\/pt-pt\/wp-json\/wp\/v2\/types\/page"}],"author":[{"embeddable":true,"href":"https:\/\/aviator-crash.org\/pt-pt\/wp-json\/wp\/v2\/users\/2"}],"replies":[{"embeddable":true,"href":"https:\/\/aviator-crash.org\/pt-pt\/wp-json\/wp\/v2\/comments?post=3740"}],"version-history":[{"count":1,"href":"https:\/\/aviator-crash.org\/pt-pt\/wp-json\/wp\/v2\/pages\/3740\/revisions"}],"predecessor-version":[{"id":3742,"href":"https:\/\/aviator-crash.org\/pt-pt\/wp-json\/wp\/v2\/pages\/3740\/revisions\/3742"}],"wp:attachment":[{"href":"https:\/\/aviator-crash.org\/pt-pt\/wp-json\/wp\/v2\/media?parent=3740"}],"curies":[{"name":"wp","href":"https:\/\/api.w.org\/{rel}","templated":true}]}}