{"id":2471,"date":"2023-12-22T18:32:01","date_gmt":"2023-12-22T18:32:01","guid":{"rendered":"https:\/\/aviator-crash.org\/aviator-oyun-incelemeleri\/"},"modified":"2024-02-02T17:52:10","modified_gmt":"2024-02-02T17:52:10","slug":"aviator-oyun-incelemeleri","status":"publish","type":"page","link":"https:\/\/aviator-crash.org\/tr\/aviator-oyun-incelemeleri\/","title":{"rendered":"Aviator Oyun \u0130ncelemeleri"},"content":{"rendered":"\n<p>Aviator a\u00e7\u0131k ara en pop\u00fcler \u00e7evrimi\u00e7i oyunlardan biridir.\nBu nedenle, arama motorunda Aviator oyunu hakk\u0131nda daha \u00f6nce denemeyi ba\u015farm\u0131\u015f ve kazanma \u015fans\u0131n\u0131n ne kadar ger\u00e7ek oldu\u011funu \u00f6\u011frenmi\u015f olanlar\u0131n para i\u00e7in incelemelerine ili\u015fkin talepler giderek daha s\u0131k ortaya \u00e7\u0131k\u0131yor. <\/p>\n\n<h2 class=\"wp-block-heading\">Aviator oyunu hakk\u0131ndaki d\u00fc\u015f\u00fcncelerimiz<\/h2>\n\n<p>Aviator Crash Game \u015f\u00fcphesiz Spribe&#8217;nin en iyi geli\u015fmesidir.\nBenzersiz, ilgin\u00e7, heyecan verici, heyecan severlerde ho\u015f duygular\u0131n dalgalanmas\u0131na neden olabilir.\nB\u00fcy\u00fck bir art\u0131, turlar\u0131n k\u0131sa vadeli do\u011fas\u0131d\u0131r &#8211; sadece birka\u00e7 saniye gerginlik ve oyuncu bahsini art\u0131rarak (10, 20 ve belki 50 kez) kazanan olabilir.\n\u00d6nemli olan, u\u00e7ak d\u00fc\u015fmeden \u00f6nce para \u00e7ekmeyi ba\u015farmakt\u0131r, ancak bunu maksimum oranlarda yapman\u0131z gerekir.   <\/p>\n\n<p>Bu oyun en sofistike kumar tutkunlar\u0131na bile bir duygu patlamas\u0131n\u0131 garanti eder.\nBunun fark\u0131nda olan bu makine bir\u00e7ok online casino taraf\u0131ndan sunulmaktad\u0131r: 1win, Pin Up, 1Xbet.\nSlot birinci s\u0131n\u0131f grafiklere, netli\u011fe ve ses efektlerine sahiptir.\nBiz de bu oyunu b\u00fcy\u00fcleyici buluyoruz ve bize g\u00f6re kesinlikle oynanmay\u0131 hak ediyor.   <\/p>\n\n<h2 class=\"wp-block-heading\">Aviator oyunu hakk\u0131nda kullan\u0131c\u0131 yorumlar\u0131<\/h2>\n\n<p>\u0130nternette ger\u00e7ek oyuncular taraf\u0131ndan Aviator Crash Game hakk\u0131nda farkl\u0131 yorumlar var.\nBaz\u0131lar\u0131 &#8211; hayranl\u0131k duyuyor, di\u011ferleri &#8211; \u00f6ng\u00f6r\u00fclemezlik, riskler ve% 100 kazanma stratejisi yapamama nedeniyle azarl\u0131yor.\nAncak, \u00e7o\u011fu zaman sadece bu kumar\u0131n g\u00fczelli\u011fidir.  <\/p>\n\n<p>Kendi sonu\u00e7lar\u0131n\u0131z\u0131 \u00e7\u0131karman\u0131z\u0131 \u00f6neririz.\nBu oyunu deneyin ve geri bildiriminizi a\u015fa\u011f\u0131daki incelemede b\u0131rakarak payla\u015f\u0131n. <\/p>\n","protected":false},"excerpt":{"rendered":"<p>Aviator a\u00e7\u0131k ara en pop\u00fcler \u00e7evrimi\u00e7i oyunlardan biridir. Bu nedenle, arama motorunda Aviator oyunu hakk\u0131nda daha \u00f6nce denemeyi ba\u015farm\u0131\u015f ve kazanma \u015fans\u0131n\u0131n ne kadar ger\u00e7ek oldu\u011funu \u00f6\u011frenmi\u015f olanlar\u0131n para i\u00e7in incelemelerine ili\u015fkin talepler giderek daha s\u0131k ortaya \u00e7\u0131k\u0131yor. Aviator oyunu hakk\u0131ndaki d\u00fc\u015f\u00fcncelerimiz Aviator Crash Game \u015f\u00fcphesiz Spribe&#8217;nin en iyi geli\u015fmesidir. Benzersiz, ilgin\u00e7, heyecan verici, heyecan [&hellip;]<\/p>\n","protected":false},"author":2,"featured_media":0,"parent":0,"menu_order":0,"comment_status":"closed","ping_status":"closed","template":"","meta":{"footnotes":""},"yoast_head":"<!-- This site is optimized with the Yoast SEO plugin v21.7 - https:\/\/yoast.com\/wordpress\/plugins\/seo\/ -->\n<title>Oyunculardan Aviator oyunu yorumlar\u0131<\/title>\n<meta name=\"description\" content=\"Kaza oyunu Aviator ger\u00e7ek oyuncular hakk\u0131ndaki yorumlar, cihaz\u0131n t\u00fcm art\u0131lar\u0131n\u0131 ve eksilerini \u00f6\u011frenmenizi sa\u011flayacakt\u0131r. Makinenin temel kurallar\u0131 ve y\u00f6netim n\u00fcanslar\u0131.\" \/>\n<meta name=\"robots\" content=\"index, follow, max-snippet:-1, max-image-preview:large, max-video-preview:-1\" \/>\n<link rel=\"canonical\" href=\"https:\/\/aviator-crash.org\/tr\/aviator-oyun-incelemeleri\/\" \/>\n<meta property=\"og:locale\" content=\"tr_TR\" \/>\n<meta property=\"og:type\" content=\"article\" \/>\n<meta property=\"og:title\" content=\"Oyunculardan Aviator oyunu yorumlar\u0131\" \/>\n<meta property=\"og:description\" content=\"Kaza oyunu Aviator ger\u00e7ek oyuncular hakk\u0131ndaki yorumlar, cihaz\u0131n t\u00fcm art\u0131lar\u0131n\u0131 ve eksilerini \u00f6\u011frenmenizi sa\u011flayacakt\u0131r. Makinenin temel kurallar\u0131 ve y\u00f6netim n\u00fcanslar\u0131.\" \/>\n<meta property=\"og:url\" content=\"https:\/\/aviator-crash.org\/tr\/aviator-oyun-incelemeleri\/\" \/>\n<meta property=\"article:modified_time\" content=\"2024-02-02T17:52:10+00:00\" \/>\n<meta name=\"twitter:card\" content=\"summary_large_image\" \/>\n<meta name=\"twitter:label1\" content=\"Est. reading time\" \/>\n\t<meta name=\"twitter:data1\" content=\"1 dakika\" \/>\n<script type=\"application\/ld+json\" class=\"yoast-schema-graph\">{\"@context\":\"https:\/\/schema.org\",\"@graph\":[{\"@type\":\"WebPage\",\"@id\":\"https:\/\/aviator-crash.org\/tr\/aviator-oyun-incelemeleri\/\",\"url\":\"https:\/\/aviator-crash.org\/tr\/aviator-oyun-incelemeleri\/\",\"name\":\"Oyunculardan Aviator oyunu yorumlar\u0131\",\"isPartOf\":{\"@id\":\"https:\/\/aviator-crash.org\/tr\/#website\"},\"datePublished\":\"2023-12-22T18:32:01+00:00\",\"dateModified\":\"2024-02-02T17:52:10+00:00\",\"description\":\"Kaza oyunu Aviator ger\u00e7ek oyuncular hakk\u0131ndaki yorumlar, cihaz\u0131n t\u00fcm art\u0131lar\u0131n\u0131 ve eksilerini \u00f6\u011frenmenizi sa\u011flayacakt\u0131r. Makinenin temel kurallar\u0131 ve y\u00f6netim n\u00fcanslar\u0131.\",\"breadcrumb\":{\"@id\":\"https:\/\/aviator-crash.org\/tr\/aviator-oyun-incelemeleri\/#breadcrumb\"},\"inLanguage\":\"tr\",\"potentialAction\":[{\"@type\":\"ReadAction\",\"target\":[\"https:\/\/aviator-crash.org\/tr\/aviator-oyun-incelemeleri\/\"]}]},{\"@type\":\"BreadcrumbList\",\"@id\":\"https:\/\/aviator-crash.org\/tr\/aviator-oyun-incelemeleri\/#breadcrumb\",\"itemListElement\":[{\"@type\":\"ListItem\",\"position\":1,\"name\":\"Home\",\"item\":\"https:\/\/aviator-crash.org\/tr\/aviator-oyunu-gercek-para-icin-cevrimici\/\"},{\"@type\":\"ListItem\",\"position\":2,\"name\":\"Aviator Oyun \u0130ncelemeleri\"}]},{\"@type\":\"WebSite\",\"@id\":\"https:\/\/aviator-crash.org\/tr\/#website\",\"url\":\"https:\/\/aviator-crash.org\/tr\/\",\"name\":\"\",\"description\":\"\",\"potentialAction\":[{\"@type\":\"SearchAction\",\"target\":{\"@type\":\"EntryPoint\",\"urlTemplate\":\"https:\/\/aviator-crash.org\/tr\/?s={search_term_string}\"},\"query-input\":\"required name=search_term_string\"}],\"inLanguage\":\"tr\"}]}<\/script>\n<!-- \/ Yoast SEO plugin. -->","yoast_head_json":{"title":"Oyunculardan Aviator oyunu yorumlar\u0131","description":"Kaza oyunu Aviator ger\u00e7ek oyuncular hakk\u0131ndaki yorumlar, cihaz\u0131n t\u00fcm art\u0131lar\u0131n\u0131 ve eksilerini \u00f6\u011frenmenizi sa\u011flayacakt\u0131r. Makinenin temel kurallar\u0131 ve y\u00f6netim n\u00fcanslar\u0131.","robots":{"index":"index","follow":"follow","max-snippet":"max-snippet:-1","max-image-preview":"max-image-preview:large","max-video-preview":"max-video-preview:-1"},"canonical":"https:\/\/aviator-crash.org\/tr\/aviator-oyun-incelemeleri\/","og_locale":"tr_TR","og_type":"article","og_title":"Oyunculardan Aviator oyunu yorumlar\u0131","og_description":"Kaza oyunu Aviator ger\u00e7ek oyuncular hakk\u0131ndaki yorumlar, cihaz\u0131n t\u00fcm art\u0131lar\u0131n\u0131 ve eksilerini \u00f6\u011frenmenizi sa\u011flayacakt\u0131r. Makinenin temel kurallar\u0131 ve y\u00f6netim n\u00fcanslar\u0131.","og_url":"https:\/\/aviator-crash.org\/tr\/aviator-oyun-incelemeleri\/","article_modified_time":"2024-02-02T17:52:10+00:00","twitter_card":"summary_large_image","twitter_misc":{"Est. reading time":"1 dakika"},"schema":{"@context":"https:\/\/schema.org","@graph":[{"@type":"WebPage","@id":"https:\/\/aviator-crash.org\/tr\/aviator-oyun-incelemeleri\/","url":"https:\/\/aviator-crash.org\/tr\/aviator-oyun-incelemeleri\/","name":"Oyunculardan Aviator oyunu yorumlar\u0131","isPartOf":{"@id":"https:\/\/aviator-crash.org\/tr\/#website"},"datePublished":"2023-12-22T18:32:01+00:00","dateModified":"2024-02-02T17:52:10+00:00","description":"Kaza oyunu Aviator ger\u00e7ek oyuncular hakk\u0131ndaki yorumlar, cihaz\u0131n t\u00fcm art\u0131lar\u0131n\u0131 ve eksilerini \u00f6\u011frenmenizi sa\u011flayacakt\u0131r. Makinenin temel kurallar\u0131 ve y\u00f6netim n\u00fcanslar\u0131.","breadcrumb":{"@id":"https:\/\/aviator-crash.org\/tr\/aviator-oyun-incelemeleri\/#breadcrumb"},"inLanguage":"tr","potentialAction":[{"@type":"ReadAction","target":["https:\/\/aviator-crash.org\/tr\/aviator-oyun-incelemeleri\/"]}]},{"@type":"BreadcrumbList","@id":"https:\/\/aviator-crash.org\/tr\/aviator-oyun-incelemeleri\/#breadcrumb","itemListElement":[{"@type":"ListItem","position":1,"name":"Home","item":"https:\/\/aviator-crash.org\/tr\/aviator-oyunu-gercek-para-icin-cevrimici\/"},{"@type":"ListItem","position":2,"name":"Aviator Oyun \u0130ncelemeleri"}]},{"@type":"WebSite","@id":"https:\/\/aviator-crash.org\/tr\/#website","url":"https:\/\/aviator-crash.org\/tr\/","name":"","description":"","potentialAction":[{"@type":"SearchAction","target":{"@type":"EntryPoint","urlTemplate":"https:\/\/aviator-crash.org\/tr\/?s={search_term_string}"},"query-input":"required name=search_term_string"}],"inLanguage":"tr"}]}},"_links":{"self":[{"href":"https:\/\/aviator-crash.org\/tr\/wp-json\/wp\/v2\/pages\/2471"}],"collection":[{"href":"https:\/\/aviator-crash.org\/tr\/wp-json\/wp\/v2\/pages"}],"about":[{"href":"https:\/\/aviator-crash.org\/tr\/wp-json\/wp\/v2\/types\/page"}],"author":[{"embeddable":true,"href":"https:\/\/aviator-crash.org\/tr\/wp-json\/wp\/v2\/users\/2"}],"replies":[{"embeddable":true,"href":"https:\/\/aviator-crash.org\/tr\/wp-json\/wp\/v2\/comments?post=2471"}],"version-history":[{"count":1,"href":"https:\/\/aviator-crash.org\/tr\/wp-json\/wp\/v2\/pages\/2471\/revisions"}],"predecessor-version":[{"id":2472,"href":"https:\/\/aviator-crash.org\/tr\/wp-json\/wp\/v2\/pages\/2471\/revisions\/2472"}],"wp:attachment":[{"href":"https:\/\/aviator-crash.org\/tr\/wp-json\/wp\/v2\/media?parent=2471"}],"curies":[{"name":"wp","href":"https:\/\/api.w.org\/{rel}","templated":true}]}}