{"id":2503,"date":"2023-12-27T19:09:40","date_gmt":"2023-12-27T19:09:40","guid":{"rendered":"https:\/\/aviator-crash.org\/para-icin-aviator-gibi-oyunlar\/"},"modified":"2024-02-02T17:55:56","modified_gmt":"2024-02-02T17:55:56","slug":"para-icin-aviator-gibi-oyunlar","status":"publish","type":"page","link":"https:\/\/aviator-crash.org\/tr\/para-icin-aviator-gibi-oyunlar\/","title":{"rendered":"Para i\u00e7in Aviator gibi oyunlar"},"content":{"rendered":"\n<p>Aviator, g\u00f6r\u00fcn\u00fcm\u00fc \u00e7evrimi\u00e7i kumarda bir sansasyona neden olan \u00e7arp\u0131\u015fma t\u00fcr\u00fcndeki para i\u00e7in ilk video oyunlar\u0131ndan biri olan benzersiz bir oyundur.\nDinamik, heyecan verici, k\u0131sa turlu, g\u00fc\u00e7l\u00fc bir adrenalin patlamas\u0131 ve canl\u0131 duygular elde etmek i\u00e7in olduk\u00e7a yeterli.\nAncak sofistike bir oyuncu her zaman \u00e7e\u015fitlilikten etkilenir, bu nedenle bug\u00fcn Aviator oyununun analoglar\u0131na olan talep h\u0131zla artm\u0131\u015ft\u0131r.\nBunu anlayan \u00f6nde gelen geli\u015ftiriciler, benzer \u00fcr\u00fcnlerin sunumunu yenilik\u00e7i oyun kullan\u0131m\u0131 ile vurgulad\u0131lar.   <\/p>\n\n<h2 class=\"wp-block-heading\">Lucky Jet, Aviator oyununun bir benzeridir<\/h2>\n\n<p>Lucky Jet, 1win online casino taraf\u0131ndan sunulan ve h\u0131zla pop\u00fclerlik kazanan Aviator benzeri bir nakit oyunudur ve renkli olanlara aittir.\nAviator&#8217;a benzer bir oyun olarak yap\u0131lm\u0131\u015ft\u0131r, ancak bir u\u00e7ak yerine Lucky Joe ve s\u0131rt \u00e7antas\u0131na g\u00f6z kulak olmak gerekir.\nTur ba\u015flamadan \u00f6nce bahisler yap\u0131l\u0131r ve ard\u0131ndan bir \u00e7arpan etkinle\u015ftirilir ve Joe u\u00e7up gitmeden \u00f6nce kazanc\u0131n\u0131z\u0131 toplayabilmeniz gerekir.  <\/p>\n\n<p>Lucky Jet&#8217;teki oranlar farkl\u0131d\u0131r.\nBahsi 3 ile \u00e7arparak alabilir veya 50, 100 ve hatta 200 kat art\u0131\u015f bekleyebilirsiniz.\n\u0130statistiklerin g\u00f6sterdi\u011fi gibi, y\u00fcksek oranlar yayg\u0131nd\u0131r.\nAncak sadece oyuncu ne kadar sabra sahip oldu\u011funa ve turun s\u00fcresini do\u011fru tahmin edip edemeyece\u011fine ba\u011fl\u0131d\u0131r.   <\/p>\n\n<h2 class=\"wp-block-heading\">Jet X ba\u015fka bir Aviator tipi oyundur<\/h2>\n\n<p>Aviator gibi aktif olarak pop\u00fclerlik kazanan bir sonraki oyun Smartsoft Gaming taraf\u0131ndan sunulan Jet X&#8217;tir.\n\u00d6z\u00fcnde Aviator&#8217;a benzeyen \u00e7ok oyunculu bir oyundur, \u00e7\u00fcnk\u00fc.\nBu oyunda da irtifa kazanan u\u00e7a\u011f\u0131 takip etmeniz gerekiyor.\nAradaki fark, kalk\u0131\u015f noktas\u0131n\u0131n takip edilmesidir, yani.\nNe kadar y\u00fcksekse, oyuncu olas\u0131l\u0131klar\u0131 art\u0131rarak o kadar \u00e7ok kazanacakt\u0131r.\nBununla birlikte, oyuncu u\u00e7ak u\u00e7up gitmeden \u00f6nce paray\u0131 \u00e7ekmeyi ba\u015faramazsa, kaybedecek ve her \u015feyi kaybedecektir.     <\/p>\n\n<p>Oyun heyecan vericidir, adrenalin ve heyecan dengesinin yan\u0131 s\u0131ra \u00f6zel &#8220;\u00e7ipleri&#8221; de memnun eder.\n\u00d6rne\u011fin: <\/p>\n\n<ul>\n<li>Jackpot \u00e7ekili\u015fini i\u00e7eren bir bonus \u00f6zelli\u011fi vard\u0131r.<\/li>\n\n\n\n<li>Minimum nakit \u00f6deme oran\u0131 1,1 olarak belirlenmi\u015ftir.<\/li>\n\n\n\n<li>\u00c7arpan art\u0131 sonsuza kadar \u00e7al\u0131\u015f\u0131r.<\/li>\n<\/ul>\n\n<h2 class=\"wp-block-heading\">Roket X.<\/h2>\n\n<p>Rocket X ayr\u0131ca Slotegrator taraf\u0131ndan sunulan Aviator benzeri oyunun bir \u00e7e\u015fididir.\nH\u0131zl\u0131 bir grafik aray\u00fcz\u00fc, benzersiz i\u015flevsellik, oyuncuya \u00e7ok say\u0131da parlak duygu verme yetene\u011fi \u00e7ekiyor.\n\u0130\u00e7inde, arsa gen\u00e7 bir adam\u0131 tutmaya \u00e7al\u0131\u015fan roketin kalk\u0131\u015f\u0131 \u00fczerine in\u015fa edilmi\u015ftir.\nHer tur s\u0131ras\u0131nda \u00e7arpan bahisleri \u00e7al\u0131\u015f\u0131r, b\u00f6ylece miktar\u0131 100 ve hatta daha fazla \u00e7arpabilirsiniz.   <\/p>\n\n<p>Bu oyunda ayarlar var:<\/p>\n\n<ul>\n<li>Autostraddle.<\/li>\n\n\n\n<li>Autopinions.<\/li>\n<\/ul>\n\n<p>Hem \u0131l\u0131ml\u0131 hem de agresif stratejiler kullan\u0131labilir.\nAyn\u0131 zamanda, tek bir garantili kazanma stratejisi yoktur, her \u015fey rastgele sisteme dayan\u0131r, yani.\n\u015eans her \u015feyi belirleyecektir.  <\/p>\n\n<h2 class=\"wp-block-heading\">Uzay XY.<\/h2>\n\n<p>Space XY, Aviator&#8217;a benzer bir para oyunuyla ilgilenenler i\u00e7in de harika bir se\u00e7enektir.\n\u0130\u00e7inde, oyuncular bir u\u00e7ak de\u011fil, bir roket f\u0131rlatmak zorunda kalacaklar.\nAray\u00fcz \u00f6l\u00e7\u00fcl\u00fc ve \u00f6zl\u00fcd\u00fcr.\nBahisler, oyuncunun roketinin u\u00e7u\u015funu izlemek zorunda kalaca\u011f\u0131 bir sonraki turda yap\u0131l\u0131r.\nAncak, aniden radardan kaybolabilir, rotadan \u00e7\u0131kabilir ve patlayabilir ve bu oldu\u011funda &#8211; bahisler kaybedilir.\nOyuncunun g\u00f6revi roketten zaman\u0131nda &#8220;atlamak&#8221;, yani.\nDi\u011fer benzer oyunlarda oldu\u011fu gibi, patlamadan \u00f6nce paray\u0131 almak.      <\/p>\n\n<h2 class=\"wp-block-heading\">Cash or Crash.<\/h2>\n\n<p>Cash or Crash, Aviator&#8217;\u0131n bir benzeri olmas\u0131na ra\u011fmen, tamamen bir oyun \u015fovu olmas\u0131 ve ger\u00e7eklikle desteklenen canl\u0131 bir oyun olmas\u0131 bak\u0131m\u0131ndan farkl\u0131l\u0131k g\u00f6sterir.\nKonu, 20 basamakl\u0131 bir merdivenin bulundu\u011fu sanal zeplinin i\u00e7inde geli\u015fir.\n\u00dczerindeki hareket, zeplinin y\u00fckselmesine ve D\u00fcnya&#8217;dan daha da uzakla\u015fmas\u0131na yard\u0131mc\u0131 olur.\nMerdivene t\u0131rman\u0131rken ye\u015fil toplar yanar, her biri zafere g\u00f6t\u00fcr\u00fcr ve kazanc\u0131 art\u0131r\u0131r, ancak k\u0131rm\u0131z\u0131 olan yanar yanmaz &#8211; oyuncu \u00e7\u00f6ker ve her \u015feyi kaybeder.   <\/p>\n\n<p>\u00d6zellikler:<\/p>\n\n<ul>\n<li>Bahisleri 50.000 kata kadar art\u0131rmak m\u00fcmk\u00fcnd\u00fcr.<\/li>\n\n\n\n<li>Ayr\u0131ca ekstra ya\u015fam veren alt\u0131n bir k\u00fcre de vard\u0131r.<\/li>\n<\/ul>\n\n<h2 class=\"wp-block-heading\">Sonu\u00e7 \u00e7\u0131karma<\/h2>\n\n<p>Aviator ve benzeri oyunlar rahatlamak, dinlenmek, g\u00fcn\u00fcn birikmi\u015f olumsuzluklar\u0131ndan kurtulmak i\u00e7in harika bir f\u0131rsatt\u0131r.\nAyn\u0131 zamanda her oyuncu kendi anlam\u0131n\u0131n pe\u015finden ko\u015far: <\/p>\n\n<ul>\n<li>E\u011flenin ve heyecan\u0131 tatmin edin.<\/li>\n\n\n\n<li>Para kazan.<\/li>\n<\/ul>\n\n<p>Para i\u00e7in hangi Aviator tipi oyunu se\u00e7ece\u011finiz ve ne ama\u00e7la oynayaca\u011f\u0131n\u0131z size kalm\u0131\u015f, as\u0131l \u00f6nemli olan kendinizi kontrol edebilmek ve se\u00e7ilen stratejiye ba\u011fl\u0131 kalmakt\u0131r.\nGeni\u015f bir slot yelpazesi, en sofistike oyuncular\u0131n bile bo\u015f zamanlar\u0131n\u0131 \u00e7e\u015fitlendirmek i\u00e7in harika bir f\u0131rsatt\u0131r. <\/p>\n","protected":false},"excerpt":{"rendered":"<p>Aviator, g\u00f6r\u00fcn\u00fcm\u00fc \u00e7evrimi\u00e7i kumarda bir sansasyona neden olan \u00e7arp\u0131\u015fma t\u00fcr\u00fcndeki para i\u00e7in ilk video oyunlar\u0131ndan biri olan benzersiz bir oyundur. Dinamik, heyecan verici, k\u0131sa turlu, g\u00fc\u00e7l\u00fc bir adrenalin patlamas\u0131 ve canl\u0131 duygular elde etmek i\u00e7in olduk\u00e7a yeterli. Ancak sofistike bir oyuncu her zaman \u00e7e\u015fitlilikten etkilenir, bu nedenle bug\u00fcn Aviator oyununun analoglar\u0131na olan talep h\u0131zla artm\u0131\u015ft\u0131r. [&hellip;]<\/p>\n","protected":false},"author":2,"featured_media":0,"parent":0,"menu_order":0,"comment_status":"closed","ping_status":"closed","template":"","meta":{"footnotes":""},"yoast_head":"<!-- This site is optimized with the Yoast SEO plugin v21.7 - https:\/\/yoast.com\/wordpress\/plugins\/seo\/ -->\n<title>Aviator ile Benzer Para Oyunlar\u0131 (benzer oyunlar ve Aviator analoglar\u0131)<\/title>\n<meta name=\"description\" content=\"Para i\u00e7in \u00fcnl\u00fc &quot;Aviator&quot; gibi \u00e7arp\u0131\u015fma oyunlar\u0131n\u0131n g\u00f6zden ge\u00e7irilmesi. En iyi varyantlara g\u00f6z at\u0131n ve sizi yeni duygular ve heyecanla dolduracak olan\u0131 se\u00e7in ve Fortune olumlu olacaksa, o zaman sa\u011flam bir kazan\u00e7!\" \/>\n<meta name=\"robots\" content=\"index, follow, max-snippet:-1, max-image-preview:large, max-video-preview:-1\" \/>\n<link rel=\"canonical\" href=\"https:\/\/aviator-crash.org\/tr\/para-icin-aviator-gibi-oyunlar\/\" \/>\n<meta property=\"og:locale\" content=\"tr_TR\" \/>\n<meta property=\"og:type\" content=\"article\" \/>\n<meta property=\"og:title\" content=\"Aviator ile Benzer Para Oyunlar\u0131 (benzer oyunlar ve Aviator analoglar\u0131)\" \/>\n<meta property=\"og:description\" content=\"Para i\u00e7in \u00fcnl\u00fc &quot;Aviator&quot; gibi \u00e7arp\u0131\u015fma oyunlar\u0131n\u0131n g\u00f6zden ge\u00e7irilmesi. En iyi varyantlara g\u00f6z at\u0131n ve sizi yeni duygular ve heyecanla dolduracak olan\u0131 se\u00e7in ve Fortune olumlu olacaksa, o zaman sa\u011flam bir kazan\u00e7!\" \/>\n<meta property=\"og:url\" content=\"https:\/\/aviator-crash.org\/tr\/para-icin-aviator-gibi-oyunlar\/\" \/>\n<meta property=\"article:modified_time\" content=\"2024-02-02T17:55:56+00:00\" \/>\n<meta name=\"twitter:card\" content=\"summary_large_image\" \/>\n<meta name=\"twitter:label1\" content=\"Est. reading time\" \/>\n\t<meta name=\"twitter:data1\" content=\"4 dakika\" \/>\n<script type=\"application\/ld+json\" class=\"yoast-schema-graph\">{\"@context\":\"https:\/\/schema.org\",\"@graph\":[{\"@type\":\"WebPage\",\"@id\":\"https:\/\/aviator-crash.org\/tr\/para-icin-aviator-gibi-oyunlar\/\",\"url\":\"https:\/\/aviator-crash.org\/tr\/para-icin-aviator-gibi-oyunlar\/\",\"name\":\"Aviator ile Benzer Para Oyunlar\u0131 (benzer oyunlar ve Aviator analoglar\u0131)\",\"isPartOf\":{\"@id\":\"https:\/\/aviator-crash.org\/tr\/#website\"},\"datePublished\":\"2023-12-27T19:09:40+00:00\",\"dateModified\":\"2024-02-02T17:55:56+00:00\",\"description\":\"Para i\u00e7in \u00fcnl\u00fc \\\"Aviator\\\" gibi \u00e7arp\u0131\u015fma oyunlar\u0131n\u0131n g\u00f6zden ge\u00e7irilmesi. En iyi varyantlara g\u00f6z at\u0131n ve sizi yeni duygular ve heyecanla dolduracak olan\u0131 se\u00e7in ve Fortune olumlu olacaksa, o zaman sa\u011flam bir kazan\u00e7!\",\"breadcrumb\":{\"@id\":\"https:\/\/aviator-crash.org\/tr\/para-icin-aviator-gibi-oyunlar\/#breadcrumb\"},\"inLanguage\":\"tr\",\"potentialAction\":[{\"@type\":\"ReadAction\",\"target\":[\"https:\/\/aviator-crash.org\/tr\/para-icin-aviator-gibi-oyunlar\/\"]}]},{\"@type\":\"BreadcrumbList\",\"@id\":\"https:\/\/aviator-crash.org\/tr\/para-icin-aviator-gibi-oyunlar\/#breadcrumb\",\"itemListElement\":[{\"@type\":\"ListItem\",\"position\":1,\"name\":\"Home\",\"item\":\"https:\/\/aviator-crash.org\/tr\/aviator-oyunu-gercek-para-icin-cevrimici\/\"},{\"@type\":\"ListItem\",\"position\":2,\"name\":\"Para i\u00e7in Aviator gibi oyunlar\"}]},{\"@type\":\"WebSite\",\"@id\":\"https:\/\/aviator-crash.org\/tr\/#website\",\"url\":\"https:\/\/aviator-crash.org\/tr\/\",\"name\":\"\",\"description\":\"\",\"potentialAction\":[{\"@type\":\"SearchAction\",\"target\":{\"@type\":\"EntryPoint\",\"urlTemplate\":\"https:\/\/aviator-crash.org\/tr\/?s={search_term_string}\"},\"query-input\":\"required name=search_term_string\"}],\"inLanguage\":\"tr\"}]}<\/script>\n<!-- \/ Yoast SEO plugin. -->","yoast_head_json":{"title":"Aviator ile Benzer Para Oyunlar\u0131 (benzer oyunlar ve Aviator analoglar\u0131)","description":"Para i\u00e7in \u00fcnl\u00fc \"Aviator\" gibi \u00e7arp\u0131\u015fma oyunlar\u0131n\u0131n g\u00f6zden ge\u00e7irilmesi. En iyi varyantlara g\u00f6z at\u0131n ve sizi yeni duygular ve heyecanla dolduracak olan\u0131 se\u00e7in ve Fortune olumlu olacaksa, o zaman sa\u011flam bir kazan\u00e7!","robots":{"index":"index","follow":"follow","max-snippet":"max-snippet:-1","max-image-preview":"max-image-preview:large","max-video-preview":"max-video-preview:-1"},"canonical":"https:\/\/aviator-crash.org\/tr\/para-icin-aviator-gibi-oyunlar\/","og_locale":"tr_TR","og_type":"article","og_title":"Aviator ile Benzer Para Oyunlar\u0131 (benzer oyunlar ve Aviator analoglar\u0131)","og_description":"Para i\u00e7in \u00fcnl\u00fc \"Aviator\" gibi \u00e7arp\u0131\u015fma oyunlar\u0131n\u0131n g\u00f6zden ge\u00e7irilmesi. En iyi varyantlara g\u00f6z at\u0131n ve sizi yeni duygular ve heyecanla dolduracak olan\u0131 se\u00e7in ve Fortune olumlu olacaksa, o zaman sa\u011flam bir kazan\u00e7!","og_url":"https:\/\/aviator-crash.org\/tr\/para-icin-aviator-gibi-oyunlar\/","article_modified_time":"2024-02-02T17:55:56+00:00","twitter_card":"summary_large_image","twitter_misc":{"Est. reading time":"4 dakika"},"schema":{"@context":"https:\/\/schema.org","@graph":[{"@type":"WebPage","@id":"https:\/\/aviator-crash.org\/tr\/para-icin-aviator-gibi-oyunlar\/","url":"https:\/\/aviator-crash.org\/tr\/para-icin-aviator-gibi-oyunlar\/","name":"Aviator ile Benzer Para Oyunlar\u0131 (benzer oyunlar ve Aviator analoglar\u0131)","isPartOf":{"@id":"https:\/\/aviator-crash.org\/tr\/#website"},"datePublished":"2023-12-27T19:09:40+00:00","dateModified":"2024-02-02T17:55:56+00:00","description":"Para i\u00e7in \u00fcnl\u00fc \"Aviator\" gibi \u00e7arp\u0131\u015fma oyunlar\u0131n\u0131n g\u00f6zden ge\u00e7irilmesi. En iyi varyantlara g\u00f6z at\u0131n ve sizi yeni duygular ve heyecanla dolduracak olan\u0131 se\u00e7in ve Fortune olumlu olacaksa, o zaman sa\u011flam bir kazan\u00e7!","breadcrumb":{"@id":"https:\/\/aviator-crash.org\/tr\/para-icin-aviator-gibi-oyunlar\/#breadcrumb"},"inLanguage":"tr","potentialAction":[{"@type":"ReadAction","target":["https:\/\/aviator-crash.org\/tr\/para-icin-aviator-gibi-oyunlar\/"]}]},{"@type":"BreadcrumbList","@id":"https:\/\/aviator-crash.org\/tr\/para-icin-aviator-gibi-oyunlar\/#breadcrumb","itemListElement":[{"@type":"ListItem","position":1,"name":"Home","item":"https:\/\/aviator-crash.org\/tr\/aviator-oyunu-gercek-para-icin-cevrimici\/"},{"@type":"ListItem","position":2,"name":"Para i\u00e7in Aviator gibi oyunlar"}]},{"@type":"WebSite","@id":"https:\/\/aviator-crash.org\/tr\/#website","url":"https:\/\/aviator-crash.org\/tr\/","name":"","description":"","potentialAction":[{"@type":"SearchAction","target":{"@type":"EntryPoint","urlTemplate":"https:\/\/aviator-crash.org\/tr\/?s={search_term_string}"},"query-input":"required name=search_term_string"}],"inLanguage":"tr"}]}},"_links":{"self":[{"href":"https:\/\/aviator-crash.org\/tr\/wp-json\/wp\/v2\/pages\/2503"}],"collection":[{"href":"https:\/\/aviator-crash.org\/tr\/wp-json\/wp\/v2\/pages"}],"about":[{"href":"https:\/\/aviator-crash.org\/tr\/wp-json\/wp\/v2\/types\/page"}],"author":[{"embeddable":true,"href":"https:\/\/aviator-crash.org\/tr\/wp-json\/wp\/v2\/users\/2"}],"replies":[{"embeddable":true,"href":"https:\/\/aviator-crash.org\/tr\/wp-json\/wp\/v2\/comments?post=2503"}],"version-history":[{"count":1,"href":"https:\/\/aviator-crash.org\/tr\/wp-json\/wp\/v2\/pages\/2503\/revisions"}],"predecessor-version":[{"id":2504,"href":"https:\/\/aviator-crash.org\/tr\/wp-json\/wp\/v2\/pages\/2503\/revisions\/2504"}],"wp:attachment":[{"href":"https:\/\/aviator-crash.org\/tr\/wp-json\/wp\/v2\/media?parent=2503"}],"curies":[{"name":"wp","href":"https:\/\/api.w.org\/{rel}","templated":true}]}}