{"id":2547,"date":"2023-12-27T19:48:01","date_gmt":"2023-12-27T19:48:01","guid":{"rendered":"https:\/\/aviator-crash.org\/space-xy-slot-makinesi\/"},"modified":"2024-02-02T18:00:20","modified_gmt":"2024-02-02T18:00:20","slug":"space-xy-slot-makinesi","status":"publish","type":"page","link":"https:\/\/aviator-crash.org\/tr\/space-xy-slot-makinesi\/","title":{"rendered":"Space XY slot makinesi"},"content":{"rendered":"\n<figure class=\"wp-block-gallery has-nested-images columns-default is-cropped wp-block-gallery-1 is-layout-flex wp-block-gallery-is-layout-flex\">\n<figure class=\"wp-block-image size-large\"><span itemprop=\"image\" itemscope itemtype=\"https:\/\/schema.org\/ImageObject\"><img itemprop=\"url image\" loading=\"lazy\" decoding=\"async\" width=\"1024\" height=\"445\" data-id=\"469\" src=\"https:\/\/aviator-crash.org\/wp-content\/uploads\/2024\/01\/bgaming-game-release-1024x445.jpg\" alt=\"\" class=\"wp-image-469\" srcset=\"https:\/\/aviator-crash.org\/wp-content\/uploads\/2024\/01\/bgaming-game-release-1024x445.jpg 1024w, https:\/\/aviator-crash.org\/wp-content\/uploads\/2024\/01\/bgaming-game-release-300x131.jpg 300w, https:\/\/aviator-crash.org\/wp-content\/uploads\/2024\/01\/bgaming-game-release-768x334.jpg 768w, https:\/\/aviator-crash.org\/wp-content\/uploads\/2024\/01\/bgaming-game-release.jpg 1200w\" sizes=\"(max-width: 1024px) 100vw, 1024px\" \/><meta itemprop=\"width\" content=\"1024\"><meta itemprop=\"height\" content=\"445\"><\/span><\/figure>\n<\/figure>\n\n<p>Her y\u0131ld\u0131z\u0131n yeni bir macera ve her galaksinin bir ke\u015fif alan\u0131 oldu\u011fu Space XY d\u00fcnyas\u0131na ho\u015f geldiniz.\nBu heyecan verici uzay oyunu oyunculara sadece evrenin u\u00e7suz bucaks\u0131z alanlar\u0131n\u0131 ke\u015ffetme f\u0131rsat\u0131 de\u011fil, ayn\u0131 zamanda ger\u00e7ek uzay fatihleri olma f\u0131rsat\u0131 da sunuyor. <\/p>\n\n<p>Space XY ilk saniyeden itibaren dikkat \u00e7eken bir oyundur.\nUygulamay\u0131 Android&#8217;de One Win&#8217;in resmi bahis sitesinden indirebilirsiniz.\nBurada en iyi maceralar ve unutulmaz e\u011flenceler sizi bekliyor.\nKi\u015fisel hesab\u0131n\u0131za giri\u015f yap\u0131n, bahis oynay\u0131n ve Space XY&#8217;de kazan\u0131n.   <\/p>\n\n<h2 class=\"wp-block-heading\">Space XY \u00e7evrimi\u00e7i oyununun avantaj\u0131<\/h2>\n\n<p>Space XY, pilotluk becerilerinizi test edebilece\u011finiz heyecan verici uzay sava\u015flar\u0131 sunan bir oyundur.\nUzay geminizi \u00f6zelle\u015ftirin, uzayl\u0131 tehditlerle sava\u015f\u0131n ve bu u\u00e7suz bucaks\u0131z uzayda kaderinizi belirleyecek destans\u0131 uzay sava\u015flar\u0131na kat\u0131l\u0131n. <\/p>\n\n<p>Bu oyunun en \u00f6nemli avantajlar\u0131 aras\u0131nda \u015funlar yer almaktad\u0131r:<\/p>\n\n<ul>\n<li>Derin olay \u00f6rg\u00fcs\u00fc.\nSpace XY sadece uzay maceralar\u0131yla s\u0131n\u0131rl\u0131 de\u011fil.\nZengin bir olay \u00f6rg\u00fcs\u00fc, karma\u015f\u0131k bulmacalar ve \u00f6nemli kararlar, se\u00e7imlerinize ba\u011fl\u0131 benzersiz bir deneyim yarat\u0131yor.  <\/li>\n\n\n\n<li>Her karar oyunun gidi\u015fat\u0131n\u0131 etkiler.\nBu y\u00fczden Space XY&#8217;de kazanmak ve m\u00fcmk\u00fcn oldu\u011funca \u00e7ok puan kazanmak i\u00e7in bir stratejiye ihtiyac\u0131n\u0131z olacak. <\/li>\n\n\n\n<li>\u00d6zelle\u015ftirme se\u00e7ene\u011fi.\nSpace XY&#8217;nin en \u00f6nemli unsurlar\u0131ndan biri, uzay geminizi tercihlerinize uyacak \u015fekilde \u00f6zelle\u015ftirebilmenizdir.\nBenzersiz modifikasyonlar se\u00e7in, teknolojiyi geli\u015ftirin ve tarz\u0131n\u0131z\u0131 ve stratejinizi yans\u0131tan bir gemi yarat\u0131n.  <\/li>\n\n\n\n<li>Galaktik Yolculuklar.\nSpace XY, her biri muhte\u015fem d\u00fcnyalar, gizemli eserler ve tehlikeli maceralarla dolu \u00e7ok say\u0131da galaksinin kap\u0131lar\u0131n\u0131 a\u00e7\u0131yor.\nKe\u015ffedilmemi\u015f gezegenleri ke\u015ffedin, \u00e7e\u015fitli \u0131rklarla tan\u0131\u015f\u0131n ve ilgi \u00e7ekici uzay hikayelerinde yer al\u0131n.\nHikayeye dalmaya ba\u015flamak i\u00e7in ihtiyac\u0131n\u0131z olan tek \u015fey Space XY oyununun nas\u0131l kurulaca\u011f\u0131n\u0131 bulmak.   <\/li>\n\n\n\n<li>Haftal\u0131k etkinlikler ve g\u00f6revler.\n\u00c7evrimi\u00e7i oyun s\u00fcrekli olarak yeni etkinlikler, g\u00f6revler ve m\u00fccadelelerle g\u00fcncellenerek her zaman ula\u015facak yeni hedefler bulman\u0131z\u0131 sa\u011flar.\nHaftal\u0131k etkinliklere kat\u0131l\u0131n, \u00f6d\u00fcller i\u00e7in sava\u015f\u0131n ve her hafta size sunulan benzersiz f\u0131rsatlara hayran kal\u0131n.  <\/li>\n<\/ul>\n\n<h2 class=\"wp-block-heading\">Space XY nas\u0131l oynan\u0131r?<\/h2>\n\n<p>Space XY&#8217;deki uzay maceras\u0131na kat\u0131lmak i\u00e7in ilk ad\u0131m oyunu y\u00fcklemektir.\nDaha sonra ilerlemenizin ve \u00e7evrimi\u00e7i yeteneklerinizin korunmas\u0131n\u0131 sa\u011flayacak olan hesab\u0131n\u0131z\u0131 olu\u015fturman\u0131z gerekecektir.\nKaydolduktan sonra, benzersiz tasar\u0131mlar ve y\u00fckseltmeler alarak uzay geminizi ki\u015fiselle\u015ftirin.\nSpace XY&#8217;yi indirerek galaksileri ke\u015ffederek, farkl\u0131 d\u00fcnyalarla etkile\u015fime girerek ve g\u00f6revleri tamamlayarak kendinizi Space XY d\u00fcnyas\u0131na b\u0131rak\u0131n.   <\/p>\n\n<p>Uzay sava\u015flar\u0131 oyunun \u00f6nemli bir y\u00f6n\u00fcd\u00fcr.\nStratejik becerilerinizi kullanarak uzayl\u0131 tehditlere ve di\u011fer oyunculara ger\u00e7ek zamanl\u0131 olarak meydan okuyun.\n\u00d6d\u00fcller ve y\u00fckseltmeler kazanmak i\u00e7in etkinliklere ve g\u00f6revlere kat\u0131l\u0131n.\nDi\u011fer oyuncularla sosyalle\u015fmek de \u00f6nemlidir &#8211; ittifaklar kurun, deneyimlerinizi ve stratejilerinizi payla\u015f\u0131n.   <\/p>\n\n<p>Genel olarak, Space XY&#8217;ye dalmak, ke\u015ffetmenizi bekleyen kozmik bir d\u00fcnyay\u0131 ke\u015ffetmeyi, sava\u015fmay\u0131 ve etkile\u015fime girmeyi gerektirir.<\/p>\n\n<h2 class=\"wp-block-heading\">Space XY&#8217;de nas\u0131l kazan\u0131l\u0131r<\/h2>\n\n<p>Space XY d\u00fcnyas\u0131nda ba\u015far\u0131l\u0131 bir oyunun anahtar\u0131, evrenin derinlemesine ke\u015ffedilmesinde ve \u00e7e\u015fitli zorluklara esnek bir \u015fekilde uyum sa\u011flanmas\u0131nda yat\u0131yor.\nUzay geminizi geli\u015ftirin, benzersiz ihtiya\u00e7lar\u0131n\u0131za ve mevcut durumun taleplerine uyacak \u015fekilde \u00f6zelle\u015ftirin.\nVe Space XY bonuslar\u0131 kazanma \u015fans\u0131n\u0131z\u0131 art\u0131rman\u0131z\u0131 sa\u011flayacak.  <\/p>\n\n<p>Sava\u015f dinamiklerine ve d\u0131\u015f fakt\u00f6rlere dikkat ederek uzay sava\u015flar\u0131na stratejik bir yakla\u015f\u0131m getirin.\nDi\u011fer oyuncular\u0131n davran\u0131\u015flar\u0131n\u0131 g\u00f6zlemleyin ve taktiklerinizi onlar\u0131n eylemlerine g\u00f6re uyarlay\u0131n.\nSpace XY stratejisi, ba\u015far\u0131l\u0131 bir oyun i\u00e7in ihtiyac\u0131n\u0131z olan \u00f6nemli bir \u00f6zelliktir.  <\/p>\n\n<p>Geminiz i\u00e7in de\u011ferli kaynaklar ve iyile\u015ftirmeler kazanma f\u0131rsatlar\u0131 sa\u011flayan etkinliklere ve g\u00f6revlere aktif olarak kat\u0131l\u0131n.\nAncak, eylemlerinizin ve kararlar\u0131n\u0131z\u0131n oyunu ve di\u011fer oyuncularla etkile\u015fimlerinizi etkileyebilece\u011fini unutmay\u0131n. <\/p>\n\n<h2 class=\"wp-block-heading\">Uzay XY oyun kurallar\u0131<\/h2>\n\n<p>Space XY d\u00fcnyas\u0131nda, uzay maceralar\u0131n\u0131zda ba\u015far\u0131l\u0131 bir \u015fekilde gezinmenize ve ba\u015far\u0131l\u0131 olman\u0131za yard\u0131mc\u0131 olacak birka\u00e7 temel kural vard\u0131r.\nSpace XY oynamaya ba\u015flamadan \u00f6nce bunlar\u0131 \u00f6\u011frenmelisiniz: <\/p>\n\n<ol>\n<li>Farkl\u0131 galaksileri, gezegenleri ve asteroitleri ke\u015ffedin.<\/li>\n\n\n\n<li>Geminizi y\u00fckseltin, taktikler geli\u015ftirin ve \u00e7\u0131karlar\u0131n\u0131z\u0131 korumak i\u00e7in uzay d\u00fcellolar\u0131na kat\u0131l\u0131n.<\/li>\n\n\n\n<li>Kaynaklar\u0131 \u00e7\u0131kar\u0131n, i\u015fleyin ve geminizi geli\u015ftirmek, \u00fcsler in\u015fa etmek, ara\u015ft\u0131rma ve ticaret yapmak i\u00e7in kullan\u0131n.<\/li>\n\n\n\n<li>E\u015fsiz \u00f6d\u00fcller kazanmak ve oyundaki yeteneklerinizi geli\u015ftirmek i\u00e7in etkinliklere ve g\u00f6revlere aktif olarak kat\u0131l\u0131n.<\/li>\n\n\n\n<li>Geminizi ve \u00fcs savunman\u0131z\u0131 geli\u015ftirmek i\u00e7in yeni teknolojileri ke\u015ffedin.<\/li>\n\n\n\n<li>Di\u011fer oyuncularla ittifaklar kurarak ortak hedefler i\u00e7in sava\u015fmak \u00fczere g\u00fc\u00e7lerinizi birle\u015ftirin ve Space XY oyununda nas\u0131l kazanaca\u011f\u0131n\u0131za dair stratejiler geli\u015ftirin.<\/li>\n\n\n\n<li>\u0130lerlemenizi \u00f6l\u00e7mek ve ba\u015far\u0131lar\u0131n\u0131z\u0131 di\u011fer oyuncularla kar\u015f\u0131la\u015ft\u0131rmak i\u00e7in yar\u0131\u015fmalara kat\u0131l\u0131n ve s\u0131ralamalar\u0131 takip edin.<\/li>\n<\/ol>\n\n<p>Bu kurallara uymak, Space XY&#8217;de uzay deneyiminin tad\u0131n\u0131 \u00e7\u0131karman\u0131za ve uzay\u0131n enginli\u011finde ba\u015far\u0131l\u0131 olman\u0131za yard\u0131mc\u0131 olacakt\u0131r.<\/p>\n\n<h2 class=\"wp-block-heading\">Promosyon kodlar\u0131<\/h2>\n\n<p>G\u00fcncel kodlara ula\u015fman\u0131n en iyi yolu oyunun resmi ileti\u015fim kanallar\u0131n\u0131 takip etmektir.\nBu resmi web sitesi, sosyal medya, forumlar veya e-posta b\u00fcltenleri olabilir.\nSpace XY gibi bir oyundaki promosyon kodlar\u0131, oyunculara \u00e7e\u015fitli bonuslar ve avantajlar sa\u011flamak i\u00e7in kullan\u0131l\u0131r.  <\/p>\n\n<p>Promosyon kodlar\u0131 kredi, enerji veya di\u011fer oyun i\u00e7i para birimleri gibi \u00fccretsiz kaynaklar sa\u011flayabilir.\nBaz\u0131 se\u00e7enekler uzay gemileri, \u00fcsler ve di\u011fer oyun \u00f6\u011feleri i\u00e7in benzersiz iyile\u015ftirmelere veya y\u00fckseltmelere eri\u015fim sa\u011flar.\nSpace XY incelemeleri, bu t\u00fcr bonuslar\u0131n nas\u0131l do\u011fru \u015fekilde kullan\u0131laca\u011f\u0131na dair bir\u00e7ok ipucu sunar.  <\/p>\n\n<p>Promosyon kodlar\u0131 \u00f6zel etkinlikler, yar\u0131\u015fmalar veya promosyonlar\u0131n bir par\u00e7as\u0131 olarak da\u011f\u0131t\u0131labilir ve oyuncular\u0131 \u00e7e\u015fitli etkinliklere kat\u0131lmaya te\u015fvik edebilir.<\/p>\n\n<h2 class=\"wp-block-heading\">G\u00f6r\u00fc\u015fler<\/h2>\n\n<p>\u0130\u015fte bu uygulaman\u0131n yayg\u0131n pop\u00fclaritesini do\u011frulayan birka\u00e7 kullan\u0131c\u0131 yorumu:<\/p>\n","protected":false},"excerpt":{"rendered":"<p>Her y\u0131ld\u0131z\u0131n yeni bir macera ve her galaksinin bir ke\u015fif alan\u0131 oldu\u011fu Space XY d\u00fcnyas\u0131na ho\u015f geldiniz. Bu heyecan verici uzay oyunu oyunculara sadece evrenin u\u00e7suz bucaks\u0131z alanlar\u0131n\u0131 ke\u015ffetme f\u0131rsat\u0131 de\u011fil, ayn\u0131 zamanda ger\u00e7ek uzay fatihleri olma f\u0131rsat\u0131 da sunuyor. Space XY ilk saniyeden itibaren dikkat \u00e7eken bir oyundur. Uygulamay\u0131 Android&#8217;de One Win&#8217;in resmi bahis [&hellip;]<\/p>\n","protected":false},"author":2,"featured_media":0,"parent":0,"menu_order":0,"comment_status":"open","ping_status":"closed","template":"","meta":{"footnotes":""},"yoast_head":"<!-- This site is optimized with the Yoast SEO plugin v21.7 - https:\/\/yoast.com\/wordpress\/plugins\/seo\/ -->\n<title>Space XY casino oyunu, indir<\/title>\n<meta name=\"description\" content=\"Heyecan\u0131 ve y\u00fcksek riskleri sevenler i\u00e7in ilgin\u00e7 bir oyun. Casinodaki Space XY oyununu indirin ve oyunun tad\u0131n\u0131 \u00e7\u0131kar\u0131n. Risk d\u00fcnyas\u0131na ve unutulmaz maceralara dal\u0131n. Kazanmak i\u00e7in oyunun kurallar\u0131n\u0131 ve \u00f6zelliklerini dikkatlice inceleyin.\" \/>\n<meta name=\"robots\" content=\"index, follow, max-snippet:-1, max-image-preview:large, max-video-preview:-1\" \/>\n<link rel=\"canonical\" href=\"https:\/\/aviator-crash.org\/tr\/space-xy-slot-makinesi\/\" \/>\n<meta property=\"og:locale\" content=\"tr_TR\" \/>\n<meta property=\"og:type\" content=\"article\" \/>\n<meta property=\"og:title\" content=\"Space XY casino oyunu, indir\" \/>\n<meta property=\"og:description\" content=\"Heyecan\u0131 ve y\u00fcksek riskleri sevenler i\u00e7in ilgin\u00e7 bir oyun. Casinodaki Space XY oyununu indirin ve oyunun tad\u0131n\u0131 \u00e7\u0131kar\u0131n. Risk d\u00fcnyas\u0131na ve unutulmaz maceralara dal\u0131n. Kazanmak i\u00e7in oyunun kurallar\u0131n\u0131 ve \u00f6zelliklerini dikkatlice inceleyin.\" \/>\n<meta property=\"og:url\" content=\"https:\/\/aviator-crash.org\/tr\/space-xy-slot-makinesi\/\" \/>\n<meta property=\"article:modified_time\" content=\"2024-02-02T18:00:20+00:00\" \/>\n<meta property=\"og:image\" content=\"https:\/\/aviator-crash.org\/wp-content\/uploads\/2024\/01\/bgaming-game-release-1024x445.jpg\" \/>\n<meta name=\"twitter:card\" content=\"summary_large_image\" \/>\n<meta name=\"twitter:label1\" content=\"Est. reading time\" \/>\n\t<meta name=\"twitter:data1\" content=\"5 dakika\" \/>\n<script type=\"application\/ld+json\" class=\"yoast-schema-graph\">{\"@context\":\"https:\/\/schema.org\",\"@graph\":[{\"@type\":\"WebPage\",\"@id\":\"https:\/\/aviator-crash.org\/tr\/space-xy-slot-makinesi\/\",\"url\":\"https:\/\/aviator-crash.org\/tr\/space-xy-slot-makinesi\/\",\"name\":\"Space XY casino oyunu, indir\",\"isPartOf\":{\"@id\":\"https:\/\/aviator-crash.org\/tr\/#website\"},\"datePublished\":\"2023-12-27T19:48:01+00:00\",\"dateModified\":\"2024-02-02T18:00:20+00:00\",\"description\":\"Heyecan\u0131 ve y\u00fcksek riskleri sevenler i\u00e7in ilgin\u00e7 bir oyun. Casinodaki Space XY oyununu indirin ve oyunun tad\u0131n\u0131 \u00e7\u0131kar\u0131n. Risk d\u00fcnyas\u0131na ve unutulmaz maceralara dal\u0131n. Kazanmak i\u00e7in oyunun kurallar\u0131n\u0131 ve \u00f6zelliklerini dikkatlice inceleyin.\",\"breadcrumb\":{\"@id\":\"https:\/\/aviator-crash.org\/tr\/space-xy-slot-makinesi\/#breadcrumb\"},\"inLanguage\":\"tr\",\"potentialAction\":[{\"@type\":\"ReadAction\",\"target\":[\"https:\/\/aviator-crash.org\/tr\/space-xy-slot-makinesi\/\"]}]},{\"@type\":\"BreadcrumbList\",\"@id\":\"https:\/\/aviator-crash.org\/tr\/space-xy-slot-makinesi\/#breadcrumb\",\"itemListElement\":[{\"@type\":\"ListItem\",\"position\":1,\"name\":\"Home\",\"item\":\"https:\/\/aviator-crash.org\/tr\/aviator-oyunu-gercek-para-icin-cevrimici\/\"},{\"@type\":\"ListItem\",\"position\":2,\"name\":\"Space XY slot makinesi\"}]},{\"@type\":\"WebSite\",\"@id\":\"https:\/\/aviator-crash.org\/tr\/#website\",\"url\":\"https:\/\/aviator-crash.org\/tr\/\",\"name\":\"\",\"description\":\"\",\"potentialAction\":[{\"@type\":\"SearchAction\",\"target\":{\"@type\":\"EntryPoint\",\"urlTemplate\":\"https:\/\/aviator-crash.org\/tr\/?s={search_term_string}\"},\"query-input\":\"required name=search_term_string\"}],\"inLanguage\":\"tr\"}]}<\/script>\n<!-- \/ Yoast SEO plugin. -->","yoast_head_json":{"title":"Space XY casino oyunu, indir","description":"Heyecan\u0131 ve y\u00fcksek riskleri sevenler i\u00e7in ilgin\u00e7 bir oyun. Casinodaki Space XY oyununu indirin ve oyunun tad\u0131n\u0131 \u00e7\u0131kar\u0131n. Risk d\u00fcnyas\u0131na ve unutulmaz maceralara dal\u0131n. Kazanmak i\u00e7in oyunun kurallar\u0131n\u0131 ve \u00f6zelliklerini dikkatlice inceleyin.","robots":{"index":"index","follow":"follow","max-snippet":"max-snippet:-1","max-image-preview":"max-image-preview:large","max-video-preview":"max-video-preview:-1"},"canonical":"https:\/\/aviator-crash.org\/tr\/space-xy-slot-makinesi\/","og_locale":"tr_TR","og_type":"article","og_title":"Space XY casino oyunu, indir","og_description":"Heyecan\u0131 ve y\u00fcksek riskleri sevenler i\u00e7in ilgin\u00e7 bir oyun. Casinodaki Space XY oyununu indirin ve oyunun tad\u0131n\u0131 \u00e7\u0131kar\u0131n. Risk d\u00fcnyas\u0131na ve unutulmaz maceralara dal\u0131n. Kazanmak i\u00e7in oyunun kurallar\u0131n\u0131 ve \u00f6zelliklerini dikkatlice inceleyin.","og_url":"https:\/\/aviator-crash.org\/tr\/space-xy-slot-makinesi\/","article_modified_time":"2024-02-02T18:00:20+00:00","og_image":[{"url":"https:\/\/aviator-crash.org\/wp-content\/uploads\/2024\/01\/bgaming-game-release-1024x445.jpg"}],"twitter_card":"summary_large_image","twitter_misc":{"Est. reading time":"5 dakika"},"schema":{"@context":"https:\/\/schema.org","@graph":[{"@type":"WebPage","@id":"https:\/\/aviator-crash.org\/tr\/space-xy-slot-makinesi\/","url":"https:\/\/aviator-crash.org\/tr\/space-xy-slot-makinesi\/","name":"Space XY casino oyunu, indir","isPartOf":{"@id":"https:\/\/aviator-crash.org\/tr\/#website"},"datePublished":"2023-12-27T19:48:01+00:00","dateModified":"2024-02-02T18:00:20+00:00","description":"Heyecan\u0131 ve y\u00fcksek riskleri sevenler i\u00e7in ilgin\u00e7 bir oyun. Casinodaki Space XY oyununu indirin ve oyunun tad\u0131n\u0131 \u00e7\u0131kar\u0131n. Risk d\u00fcnyas\u0131na ve unutulmaz maceralara dal\u0131n. Kazanmak i\u00e7in oyunun kurallar\u0131n\u0131 ve \u00f6zelliklerini dikkatlice inceleyin.","breadcrumb":{"@id":"https:\/\/aviator-crash.org\/tr\/space-xy-slot-makinesi\/#breadcrumb"},"inLanguage":"tr","potentialAction":[{"@type":"ReadAction","target":["https:\/\/aviator-crash.org\/tr\/space-xy-slot-makinesi\/"]}]},{"@type":"BreadcrumbList","@id":"https:\/\/aviator-crash.org\/tr\/space-xy-slot-makinesi\/#breadcrumb","itemListElement":[{"@type":"ListItem","position":1,"name":"Home","item":"https:\/\/aviator-crash.org\/tr\/aviator-oyunu-gercek-para-icin-cevrimici\/"},{"@type":"ListItem","position":2,"name":"Space XY slot makinesi"}]},{"@type":"WebSite","@id":"https:\/\/aviator-crash.org\/tr\/#website","url":"https:\/\/aviator-crash.org\/tr\/","name":"","description":"","potentialAction":[{"@type":"SearchAction","target":{"@type":"EntryPoint","urlTemplate":"https:\/\/aviator-crash.org\/tr\/?s={search_term_string}"},"query-input":"required name=search_term_string"}],"inLanguage":"tr"}]}},"_links":{"self":[{"href":"https:\/\/aviator-crash.org\/tr\/wp-json\/wp\/v2\/pages\/2547"}],"collection":[{"href":"https:\/\/aviator-crash.org\/tr\/wp-json\/wp\/v2\/pages"}],"about":[{"href":"https:\/\/aviator-crash.org\/tr\/wp-json\/wp\/v2\/types\/page"}],"author":[{"embeddable":true,"href":"https:\/\/aviator-crash.org\/tr\/wp-json\/wp\/v2\/users\/2"}],"replies":[{"embeddable":true,"href":"https:\/\/aviator-crash.org\/tr\/wp-json\/wp\/v2\/comments?post=2547"}],"version-history":[{"count":1,"href":"https:\/\/aviator-crash.org\/tr\/wp-json\/wp\/v2\/pages\/2547\/revisions"}],"predecessor-version":[{"id":2549,"href":"https:\/\/aviator-crash.org\/tr\/wp-json\/wp\/v2\/pages\/2547\/revisions\/2549"}],"wp:attachment":[{"href":"https:\/\/aviator-crash.org\/tr\/wp-json\/wp\/v2\/media?parent=2547"}],"curies":[{"name":"wp","href":"https:\/\/api.w.org\/{rel}","templated":true}]}}