{"id":2595,"date":"2023-12-27T19:40:59","date_gmt":"2023-12-27T19:40:59","guid":{"rendered":"https:\/\/aviator-crash.org\/roket-x-oynayin\/"},"modified":"2024-02-02T18:30:07","modified_gmt":"2024-02-02T18:30:07","slug":"roket-x-oynayin","status":"publish","type":"page","link":"https:\/\/aviator-crash.org\/tr\/roket-x-oynayin\/","title":{"rendered":"Roket X oynay\u0131n"},"content":{"rendered":"\n<figure class=\"wp-block-gallery has-nested-images columns-default is-cropped wp-block-gallery-1 is-layout-flex wp-block-gallery-is-layout-flex\">\n<figure class=\"wp-block-image size-large\"><span itemprop=\"image\" itemscope itemtype=\"https:\/\/schema.org\/ImageObject\"><img itemprop=\"url image\" loading=\"lazy\" decoding=\"async\" width=\"1024\" height=\"761\" data-id=\"472\" src=\"https:\/\/aviator-crash.org\/wp-content\/uploads\/2024\/01\/rocket-x-1024x761.webp\" alt=\"\" class=\"wp-image-472\" srcset=\"https:\/\/aviator-crash.org\/wp-content\/uploads\/2024\/01\/rocket-x-1024x761.webp 1024w, https:\/\/aviator-crash.org\/wp-content\/uploads\/2024\/01\/rocket-x-300x223.webp 300w, https:\/\/aviator-crash.org\/wp-content\/uploads\/2024\/01\/rocket-x-768x571.webp 768w, https:\/\/aviator-crash.org\/wp-content\/uploads\/2024\/01\/rocket-x.webp 1200w\" sizes=\"(max-width: 1024px) 100vw, 1024px\" \/><meta itemprop=\"width\" content=\"1024\"><meta itemprop=\"height\" content=\"761\"><\/span><\/figure>\n<\/figure>\n\n<p>\u00c7ok oyunculu Rocket X oyunu, heyecan verici bir maceraya at\u0131lman\u0131z\u0131 ve ger\u00e7ek para kazanman\u0131z\u0131 sa\u011flar.\nHerhangi bir cihaz\u0131n\u0131za \u00fccretsiz olarak indirebilir ve hem tek ba\u015f\u0131n\u0131za hem de arkada\u015flar\u0131n\u0131z ve di\u011fer oyuncularla birlikte harika bir oyunun tad\u0131n\u0131 \u00e7\u0131karabilirsiniz.\nBunu yapmak i\u00e7in tek yapman\u0131z gereken One Win&#8217;in resmi bahis portal\u0131na gitmek ve Rocket X oyununu Android&#8217;e \u00fccretsiz olarak indirmek.\nOynamaya ba\u015flamak i\u00e7in, kay\u0131t olarak veya giri\u015f yaparak ki\u015fisel hesab\u0131n\u0131za gitmeniz yeterlidir.\nSadece birka\u00e7 dakika s\u00fcrecektir, ancak hemen oynamaya ba\u015flayabilir ve s\u00fcrecin tad\u0131n\u0131 \u00e7\u0131karabilirsiniz.    <\/p>\n\n<h2 class=\"wp-block-heading\"><strong>Rocket X \u00e7evrimi\u00e7i oyununun avantajlar\u0131<\/strong><\/h2>\n\n<p>Kumar oyunlar\u0131 modern d\u00fcnyada b\u00fcy\u00fck talep g\u00f6rmektedir.\nHarika vakit ge\u00e7irmenize ve evden \u00e7\u0131kmadan neredeyse her miktarda para kazanman\u0131za olanak tan\u0131rlar.\nBuna kar\u015f\u0131l\u0131k, Rocket X t\u00fcr\u00fcn\u00fcn en pop\u00fclerlerinden biri olarak kabul edilir.\nBu oyunun a\u015fa\u011f\u0131dakiler de dahil olmak \u00fczere bir\u00e7ok avantaj\u0131 vard\u0131r:   <\/p>\n\n<ul>\n<li>Son derece olumlu Rocket X incelemeleri, bu uygulaman\u0131n d\u00fcnyan\u0131n her yerinden oyuncular aras\u0131nda son derece pop\u00fcler oldu\u011funu g\u00f6steriyor.<\/li>\n\n\n\n<li>\u00c7ok oyunculu mod.\nGer\u00e7ek zamanl\u0131 olarak oynayabilme, arkada\u015flar\u0131n\u0131zla veya d\u00fcnyan\u0131n her yerinden di\u011fer kullan\u0131c\u0131larla \u00e7evrimi\u00e7i olarak s\u00fcrecin tad\u0131n\u0131 \u00e7\u0131karma yetene\u011fi. <\/li>\n\n\n\n<li>Dinamik Yar\u0131\u015f.\nOynan\u0131\u015f, \u00e7e\u015fitli pistler ve engellerle h\u0131zl\u0131 ve dinamik yar\u0131\u015fa odaklanm\u0131\u015ft\u0131r. <\/li>\n\n\n\n<li>Benzersiz Mekanlar.\nFarkl\u0131 yar\u0131\u015f ko\u015fullar\u0131 sunan \u00e7e\u015fitli ve renkli oyun mekanlar\u0131. <\/li>\n\n\n\n<li>Dubl\u00f6rler ve y\u00fckseltmeler.\nDubl\u00f6rler ger\u00e7ekle\u015ftirme ve u\u00e7an makinenizi \u00e7e\u015fitli iyile\u015ftirmelerle geli\u015ftirme yetene\u011fi.\nTek yapman\u0131z gereken Rocket X&#8217;i cihaz\u0131n\u0131za indirmek ve kay\u0131t olmak.  <\/li>\n\n\n\n<li>\u0130lerleme Sistemi.\nOyunda ilerledik\u00e7e yeni seviyeler, ara\u00e7lar ve di\u011fer i\u00e7eriklerin kilidinin a\u00e7\u0131ld\u0131\u011f\u0131 ayr\u0131nt\u0131l\u0131 bir ilerleme sistemi. <\/li>\n\n\n\n<li>\u00c7ok say\u0131da bonusun kullan\u0131labilirli\u011fi.\nSeviyelerin ba\u015far\u0131l\u0131 bir \u015fekilde tamamlanmas\u0131 veya \u00f6zel g\u00f6revlerin yerine getirilmesi i\u00e7in bonuslar, ba\u015far\u0131lar ve di\u011fer \u00f6d\u00fcller alma imkan\u0131. <\/li>\n\n\n\n<li>M\u00fckemmel grafikler ve \u00e7arp\u0131c\u0131 film m\u00fczi\u011fi.\nEtkileyici bir g\u00f6rsel ve ses atmosferi yaratmak i\u00e7in kaliteli grafikler ve film m\u00fczi\u011fi. <\/li>\n<\/ul>\n\n<p>\u00c7ok say\u0131da avantaj, bu oyunu kumar uygulamalar\u0131n\u0131n hayranlar\u0131 aras\u0131nda olduk\u00e7a pop\u00fcler hale getiriyor.\nRocket X oyun incelemeleri \u00e7o\u011funlukla olumludur ve bu da yukar\u0131daki ger\u00e7e\u011fi bir kez daha do\u011frulamaktad\u0131r.\nHarika zaman ge\u00e7irmek istiyorsan\u0131z, bu uygulama en iyi se\u00e7enektir.  <\/p>\n\n<h2 class=\"wp-block-heading\">Rocket X nas\u0131l oynan\u0131r?<\/h2>\n\n<p>Bu oyunun bir di\u011fer avantaj\u0131, kesinlikle herkes taraf\u0131ndan h\u0131zl\u0131 bir \u015fekilde anla\u015f\u0131labilecek basit ve a\u00e7\u0131k kurallara sahip olmas\u0131d\u0131r.\nYapman\u0131z gereken ilk \u015fey, ki\u015fisel dolab\u0131n\u0131za kaydolmak veya giri\u015f yapmakt\u0131r.\nT\u00fcm ilerleme otomatik olarak kaydedilece\u011finden, bu se\u00e7enek son derece kullan\u0131\u015fl\u0131d\u0131r.  <\/p>\n\n<p>Atman\u0131z gereken ikinci ad\u0131m, oyun hesab\u0131n\u0131za para yat\u0131rmakt\u0131r.\nArd\u0131ndan, sayfaya gidin ve sim\u00fclat\u00f6r\u00fc ba\u015flat\u0131n.\nOyun, siz bir bahis yapt\u0131ktan sonra ba\u015flayacakt\u0131r.\nMiktar bireyseldir ve yaln\u0131zca tercihlerinize ve stratejinize ba\u011fl\u0131d\u0131r.   <\/p>\n\n<p>Rocket X resmi web sitesi size oyunu oynamak i\u00e7in geni\u015f f\u0131rsatlar sunuyor.\nArkada\u015flar\u0131n\u0131zla veya Web&#8217;deki di\u011fer oyuncularla \u00e7evrimi\u00e7i oyunun keyfini \u00e7\u0131karman\u0131z\u0131 sa\u011flayan hem bireysel hem de \u00e7ok oyunculu modlar vard\u0131r.\nT\u00fcm temel kurallar web sitesinde belirtilmi\u015ftir.\nBuna ek olarak, oyunu daha iyi anlamak ve en ba\u015f\u0131ndan itibaren kazanmaya ba\u015flamak i\u00e7in ba\u015flamadan \u00f6nce e\u011fitimden ge\u00e7ebilirsiniz.   <\/p>\n\n<p>Bahsinizi koyduktan sonra, sadece sonucu beklemeniz gerekir.\nDe\u011ferler olduk\u00e7a h\u0131zl\u0131 de\u011fi\u015fti\u011fi ve sonunda ne olaca\u011f\u0131n\u0131 tahmin etmek neredeyse imkans\u0131z oldu\u011fu i\u00e7in s\u00fcre\u00e7 olduk\u00e7a heyecan vericidir. <\/p>\n\n<h2 class=\"wp-block-heading\">Rocket X&#8217;te nas\u0131l kazan\u0131l\u0131r<\/h2>\n\n<p>Daha \u00f6nce de a\u00e7\u0131kl\u0131\u011fa kavu\u015ftu\u011fu gibi, oyunda do\u011fru an\u0131 se\u00e7mek son derece \u00f6nemlidir, b\u00f6ylece bahisler yanmaz ve oranlar m\u00fcmk\u00fcn oldu\u011funca elveri\u015fli olur.\nBu ama\u00e7la, \u00f6zelle\u015ftirilmi\u015f bir <em>Rocket X stratejisi<\/em> m\u00fckemmeldir.\nBunu geli\u015ftirmek i\u00e7in, \u00f6nceki oyunlar\u0131 incelemek, sonu\u00e7lar\u0131 analiz etmek ve en karl\u0131 olacak oyun metodolojisini se\u00e7mek yeterlidir.  <\/p>\n\n<p>Rocket X stratejisi, \u00f6nceki deneyimlere dayand\u0131\u011f\u0131 ve sistemin nas\u0131l \u00e7al\u0131\u015ft\u0131\u011f\u0131n\u0131 ve sonu\u00e7 olarak en y\u00fcksek kazanma oranlar\u0131n\u0131n nas\u0131l elde edilece\u011fini anlamaya yard\u0131mc\u0131 oldu\u011fu i\u00e7in bir kazan-kazan stratejisidir.\nBu oyun, \u015fans\u0131n tek ba\u015f\u0131na kazanmak i\u00e7in yeterli olmayaca\u011f\u0131n\u0131 kan\u0131tl\u0131yor.\nRocket X oran hesaplama sistemine de ihtiya\u00e7 duyulacakt\u0131r.  <\/p>\n\n<h2 class=\"wp-block-heading\">Roket X oyun kurallar\u0131<\/h2>\n\n<p>Hikayenin merkezinde \u00fcnl\u00fc bir adam var &#8211; Ilon Musk ya da daha do\u011frusu kullan\u0131c\u0131lar\u0131n oyun boyunca kontrol edece\u011fi karikat\u00fcr kopyas\u0131.\nBu oyun heyecan ve riskten ho\u015flananlar i\u00e7in m\u00fckemmeldir.\nBuradaki oyunun kurallar\u0131, di\u011fer benzer uygulamalara sahip olanlarla neredeyse ayn\u0131d\u0131r.\nRocket X crash oyununa ba\u015flamadan \u00f6nce bahislerinizi koyman\u0131z ve ard\u0131ndan b\u00fcy\u00fcmelerini izlemeniz gerekir.\nBahsinizi istedi\u011finiz zaman geri \u00e7ekebilirsiniz, ancak dikkatli olmak \u00f6nemlidir: \u00e7ok erken veya \u00e7ok ge\u00e7 yapman\u0131z durumunda kaybedersiniz.\nDo\u011fru an\u0131 se\u00e7mek \u00e7ok \u00f6nemlidir.     <\/p>\n\n<p>Oyunun olduk\u00e7a basit ve monoton oldu\u011funu d\u00fc\u015f\u00fcn\u00fcyorsan\u0131z, yan\u0131l\u0131yorsunuz.\nY\u00fcksek riskler, bahisler, dinamizm &#8211; t\u00fcm bunlar\u0131 burada bulabilirsiniz.\nKurallar hakk\u0131nda daha fazla bilgiyi resmi sayfadan okuyabilirsiniz.  <\/p>\n\n<h2 class=\"wp-block-heading\">Promosyon kodlar\u0131<\/h2>\n\n<p>Kumar promosyon kodlar\u0131, yeni oyuncular\u0131 \u00e7ekmek, sadakati \u00f6d\u00fcllendirmek veya \u00f6zel promosyonlar d\u00fczenlemek i\u00e7in oyun platformlar\u0131, casinolar veya geli\u015ftiriciler taraf\u0131ndan sa\u011flanabilir.\nRocket X game 1win&#8217;de harika vakit ge\u00e7irmek ve kazanma \u015fans\u0131n\u0131z\u0131 art\u0131rmak istiyorsan\u0131z, mevcut promosyon kodlar\u0131ndan kolayca yararlanabilirsiniz.\nBunlar\u0131 \u00e7e\u015fitli kaynaklarda bulabilirsiniz:  <\/p>\n\n<ul>\n<li>One Win&#8217;in resmi web portal\u0131.<\/li>\n\n\n\n<li>Posta listeleri (bu nedenle kaydolur kaydolmaz sitedeki posta listelerine kaydolman\u0131z \u00f6nerilir).<\/li>\n\n\n\n<li>Sosyal medya ve \u00f6zel forumlar.<\/li>\n\n\n\n<li>Ortakl\u0131k Programlar\u0131.<\/li>\n<\/ul>\n\n<p>Yanl\u0131\u015f anla\u015f\u0131lmalar\u0131 ve ho\u015f olmayan durumlar\u0131 \u00f6nlemek i\u00e7in dikkatli olman\u0131n ve promosyon kodlar\u0131n\u0131 oyunun kural ve ko\u015fullar\u0131na uygun olarak kullanman\u0131n \u00f6nemli oldu\u011funu unutmay\u0131n.<\/p>\n\n<h2 class=\"wp-block-heading\">G\u00f6r\u00fc\u015fler<\/h2>\n\n<p>Kullan\u0131c\u0131 incelemeleri g\u00f6z \u00f6n\u00fcne al\u0131nd\u0131\u011f\u0131nda, bu oyunun say\u0131s\u0131z avantaj ve \u00f6zellik ile t\u00fcr\u00fcn\u00fcn en pop\u00fclerlerinden biri oldu\u011fu sonucuna varabiliriz.\n\u0130\u015fte baz\u0131 1win Rocket X incelemeleri: <\/p>\n","protected":false},"excerpt":{"rendered":"<p>\u00c7ok oyunculu Rocket X oyunu, heyecan verici bir maceraya at\u0131lman\u0131z\u0131 ve ger\u00e7ek para kazanman\u0131z\u0131 sa\u011flar. Herhangi bir cihaz\u0131n\u0131za \u00fccretsiz olarak indirebilir ve hem tek ba\u015f\u0131n\u0131za hem de arkada\u015flar\u0131n\u0131z ve di\u011fer oyuncularla birlikte harika bir oyunun tad\u0131n\u0131 \u00e7\u0131karabilirsiniz. Bunu yapmak i\u00e7in tek yapman\u0131z gereken One Win&#8217;in resmi bahis portal\u0131na gitmek ve Rocket X oyununu Android&#8217;e \u00fccretsiz [&hellip;]<\/p>\n","protected":false},"author":2,"featured_media":0,"parent":0,"menu_order":0,"comment_status":"open","ping_status":"closed","template":"","meta":{"footnotes":""},"yoast_head":"<!-- This site is optimized with the Yoast SEO plugin v21.7 - https:\/\/yoast.com\/wordpress\/plugins\/seo\/ -->\n<title>Rocket X casino oyunu, indir<\/title>\n<meta name=\"description\" content=\"Ger\u00e7ek para kazanma \u015fans\u0131 ile en iyi Rocket X oyunu. A\u00e7\u0131klamaya bak\u0131n, oyunun \u00f6zelliklerini ve \u00f6zelliklerini inceleyin, en iyi stratejiyi se\u00e7in ve unutulmaz yolculuklara \u00e7\u0131k\u0131n. B\u00fcy\u00fck kazan\u00e7lar i\u00e7in gidin!\" \/>\n<meta name=\"robots\" content=\"index, follow, max-snippet:-1, max-image-preview:large, max-video-preview:-1\" \/>\n<link rel=\"canonical\" href=\"https:\/\/aviator-crash.org\/tr\/roket-x-oynayin\/\" \/>\n<meta property=\"og:locale\" content=\"tr_TR\" \/>\n<meta property=\"og:type\" content=\"article\" \/>\n<meta property=\"og:title\" content=\"Rocket X casino oyunu, indir\" \/>\n<meta property=\"og:description\" content=\"Ger\u00e7ek para kazanma \u015fans\u0131 ile en iyi Rocket X oyunu. A\u00e7\u0131klamaya bak\u0131n, oyunun \u00f6zelliklerini ve \u00f6zelliklerini inceleyin, en iyi stratejiyi se\u00e7in ve unutulmaz yolculuklara \u00e7\u0131k\u0131n. B\u00fcy\u00fck kazan\u00e7lar i\u00e7in gidin!\" \/>\n<meta property=\"og:url\" content=\"https:\/\/aviator-crash.org\/tr\/roket-x-oynayin\/\" \/>\n<meta property=\"article:modified_time\" content=\"2024-02-02T18:30:07+00:00\" \/>\n<meta property=\"og:image\" content=\"https:\/\/aviator-crash.org\/wp-content\/uploads\/2024\/01\/rocket-x-1024x761.webp\" \/>\n<meta name=\"twitter:card\" content=\"summary_large_image\" \/>\n<meta name=\"twitter:label1\" content=\"Est. reading time\" \/>\n\t<meta name=\"twitter:data1\" content=\"5 dakika\" \/>\n<script type=\"application\/ld+json\" class=\"yoast-schema-graph\">{\"@context\":\"https:\/\/schema.org\",\"@graph\":[{\"@type\":\"WebPage\",\"@id\":\"https:\/\/aviator-crash.org\/tr\/roket-x-oynayin\/\",\"url\":\"https:\/\/aviator-crash.org\/tr\/roket-x-oynayin\/\",\"name\":\"Rocket X casino oyunu, indir\",\"isPartOf\":{\"@id\":\"https:\/\/aviator-crash.org\/tr\/#website\"},\"datePublished\":\"2023-12-27T19:40:59+00:00\",\"dateModified\":\"2024-02-02T18:30:07+00:00\",\"description\":\"Ger\u00e7ek para kazanma \u015fans\u0131 ile en iyi Rocket X oyunu. A\u00e7\u0131klamaya bak\u0131n, oyunun \u00f6zelliklerini ve \u00f6zelliklerini inceleyin, en iyi stratejiyi se\u00e7in ve unutulmaz yolculuklara \u00e7\u0131k\u0131n. B\u00fcy\u00fck kazan\u00e7lar i\u00e7in gidin!\",\"breadcrumb\":{\"@id\":\"https:\/\/aviator-crash.org\/tr\/roket-x-oynayin\/#breadcrumb\"},\"inLanguage\":\"tr\",\"potentialAction\":[{\"@type\":\"ReadAction\",\"target\":[\"https:\/\/aviator-crash.org\/tr\/roket-x-oynayin\/\"]}]},{\"@type\":\"BreadcrumbList\",\"@id\":\"https:\/\/aviator-crash.org\/tr\/roket-x-oynayin\/#breadcrumb\",\"itemListElement\":[{\"@type\":\"ListItem\",\"position\":1,\"name\":\"Home\",\"item\":\"https:\/\/aviator-crash.org\/tr\/aviator-oyunu-gercek-para-icin-cevrimici\/\"},{\"@type\":\"ListItem\",\"position\":2,\"name\":\"Roket X oynay\u0131n\"}]},{\"@type\":\"WebSite\",\"@id\":\"https:\/\/aviator-crash.org\/tr\/#website\",\"url\":\"https:\/\/aviator-crash.org\/tr\/\",\"name\":\"\",\"description\":\"\",\"potentialAction\":[{\"@type\":\"SearchAction\",\"target\":{\"@type\":\"EntryPoint\",\"urlTemplate\":\"https:\/\/aviator-crash.org\/tr\/?s={search_term_string}\"},\"query-input\":\"required name=search_term_string\"}],\"inLanguage\":\"tr\"}]}<\/script>\n<!-- \/ Yoast SEO plugin. -->","yoast_head_json":{"title":"Rocket X casino oyunu, indir","description":"Ger\u00e7ek para kazanma \u015fans\u0131 ile en iyi Rocket X oyunu. A\u00e7\u0131klamaya bak\u0131n, oyunun \u00f6zelliklerini ve \u00f6zelliklerini inceleyin, en iyi stratejiyi se\u00e7in ve unutulmaz yolculuklara \u00e7\u0131k\u0131n. B\u00fcy\u00fck kazan\u00e7lar i\u00e7in gidin!","robots":{"index":"index","follow":"follow","max-snippet":"max-snippet:-1","max-image-preview":"max-image-preview:large","max-video-preview":"max-video-preview:-1"},"canonical":"https:\/\/aviator-crash.org\/tr\/roket-x-oynayin\/","og_locale":"tr_TR","og_type":"article","og_title":"Rocket X casino oyunu, indir","og_description":"Ger\u00e7ek para kazanma \u015fans\u0131 ile en iyi Rocket X oyunu. A\u00e7\u0131klamaya bak\u0131n, oyunun \u00f6zelliklerini ve \u00f6zelliklerini inceleyin, en iyi stratejiyi se\u00e7in ve unutulmaz yolculuklara \u00e7\u0131k\u0131n. B\u00fcy\u00fck kazan\u00e7lar i\u00e7in gidin!","og_url":"https:\/\/aviator-crash.org\/tr\/roket-x-oynayin\/","article_modified_time":"2024-02-02T18:30:07+00:00","og_image":[{"url":"https:\/\/aviator-crash.org\/wp-content\/uploads\/2024\/01\/rocket-x-1024x761.webp"}],"twitter_card":"summary_large_image","twitter_misc":{"Est. reading time":"5 dakika"},"schema":{"@context":"https:\/\/schema.org","@graph":[{"@type":"WebPage","@id":"https:\/\/aviator-crash.org\/tr\/roket-x-oynayin\/","url":"https:\/\/aviator-crash.org\/tr\/roket-x-oynayin\/","name":"Rocket X casino oyunu, indir","isPartOf":{"@id":"https:\/\/aviator-crash.org\/tr\/#website"},"datePublished":"2023-12-27T19:40:59+00:00","dateModified":"2024-02-02T18:30:07+00:00","description":"Ger\u00e7ek para kazanma \u015fans\u0131 ile en iyi Rocket X oyunu. A\u00e7\u0131klamaya bak\u0131n, oyunun \u00f6zelliklerini ve \u00f6zelliklerini inceleyin, en iyi stratejiyi se\u00e7in ve unutulmaz yolculuklara \u00e7\u0131k\u0131n. B\u00fcy\u00fck kazan\u00e7lar i\u00e7in gidin!","breadcrumb":{"@id":"https:\/\/aviator-crash.org\/tr\/roket-x-oynayin\/#breadcrumb"},"inLanguage":"tr","potentialAction":[{"@type":"ReadAction","target":["https:\/\/aviator-crash.org\/tr\/roket-x-oynayin\/"]}]},{"@type":"BreadcrumbList","@id":"https:\/\/aviator-crash.org\/tr\/roket-x-oynayin\/#breadcrumb","itemListElement":[{"@type":"ListItem","position":1,"name":"Home","item":"https:\/\/aviator-crash.org\/tr\/aviator-oyunu-gercek-para-icin-cevrimici\/"},{"@type":"ListItem","position":2,"name":"Roket X oynay\u0131n"}]},{"@type":"WebSite","@id":"https:\/\/aviator-crash.org\/tr\/#website","url":"https:\/\/aviator-crash.org\/tr\/","name":"","description":"","potentialAction":[{"@type":"SearchAction","target":{"@type":"EntryPoint","urlTemplate":"https:\/\/aviator-crash.org\/tr\/?s={search_term_string}"},"query-input":"required name=search_term_string"}],"inLanguage":"tr"}]}},"_links":{"self":[{"href":"https:\/\/aviator-crash.org\/tr\/wp-json\/wp\/v2\/pages\/2595"}],"collection":[{"href":"https:\/\/aviator-crash.org\/tr\/wp-json\/wp\/v2\/pages"}],"about":[{"href":"https:\/\/aviator-crash.org\/tr\/wp-json\/wp\/v2\/types\/page"}],"author":[{"embeddable":true,"href":"https:\/\/aviator-crash.org\/tr\/wp-json\/wp\/v2\/users\/2"}],"replies":[{"embeddable":true,"href":"https:\/\/aviator-crash.org\/tr\/wp-json\/wp\/v2\/comments?post=2595"}],"version-history":[{"count":1,"href":"https:\/\/aviator-crash.org\/tr\/wp-json\/wp\/v2\/pages\/2595\/revisions"}],"predecessor-version":[{"id":2597,"href":"https:\/\/aviator-crash.org\/tr\/wp-json\/wp\/v2\/pages\/2595\/revisions\/2597"}],"wp:attachment":[{"href":"https:\/\/aviator-crash.org\/tr\/wp-json\/wp\/v2\/media?parent=2595"}],"curies":[{"name":"wp","href":"https:\/\/api.w.org\/{rel}","templated":true}]}}