{"id":3063,"date":"2023-12-27T19:58:01","date_gmt":"2023-12-27T19:58:01","guid":{"rendered":"https:\/\/aviator-crash.org\/cash-ya-da-crash-oyna\/"},"modified":"2024-02-02T19:39:14","modified_gmt":"2024-02-02T19:39:14","slug":"cash-ya-da-crash-oyna","status":"publish","type":"page","link":"https:\/\/aviator-crash.org\/tr\/cash-ya-da-crash-oyna\/","title":{"rendered":"Cash ya da Crash oyna"},"content":{"rendered":"\n<figure class=\"wp-block-gallery has-nested-images columns-default is-cropped wp-block-gallery-1 is-layout-flex wp-block-gallery-is-layout-flex\">\n<figure class=\"wp-block-image size-large\"><span itemprop=\"image\" itemscope itemtype=\"https:\/\/schema.org\/ImageObject\"><img itemprop=\"url image\" loading=\"lazy\" decoding=\"async\" width=\"1024\" height=\"498\" data-id=\"466\" src=\"https:\/\/aviator-crash.org\/wp-content\/uploads\/2024\/01\/cash-or-crash-live-1200x584-1-1024x498.jpeg\" alt=\"\" class=\"wp-image-466\" srcset=\"https:\/\/aviator-crash.org\/wp-content\/uploads\/2024\/01\/cash-or-crash-live-1200x584-1-1024x498.jpeg 1024w, https:\/\/aviator-crash.org\/wp-content\/uploads\/2024\/01\/cash-or-crash-live-1200x584-1-300x146.jpeg 300w, https:\/\/aviator-crash.org\/wp-content\/uploads\/2024\/01\/cash-or-crash-live-1200x584-1-768x374.jpeg 768w, https:\/\/aviator-crash.org\/wp-content\/uploads\/2024\/01\/cash-or-crash-live-1200x584-1.jpeg 1200w\" sizes=\"(max-width: 1024px) 100vw, 1024px\" \/><meta itemprop=\"width\" content=\"1024\"><meta itemprop=\"height\" content=\"498\"><\/span><\/figure>\n<\/figure>\n\n<p>Cash or Crash, kumar uygulamalar\u0131, y\u00fcksek bahisler ve risk hayranlar\u0131 aras\u0131nda b\u00fcy\u00fck talep g\u00f6ren bir oyundur.\nHarika vakit ge\u00e7irmek ve \u015fans\u0131n\u0131z\u0131 denemek i\u00e7in harika bir se\u00e7enektir.\nCash or Crash, Android&#8217;de oyuncular\u0131n sonucu rastgele belirlenen \u00e7e\u015fitli etkinliklere bahis oynayabilecekleri bir uygulamad\u0131r.\nOynamaya ba\u015flamak i\u00e7in tek yapman\u0131z gereken One Win&#8217;in resmi bahis sitesinden uygulamay\u0131 indirmek, kay\u0131t olmak veya ki\u015fisel hesab\u0131n\u0131za giri\u015f yapmak ve bahsinizi oynamakt\u0131r.\nCash or Crash&#8217;i \u00fccretsiz olarak kesinlikle herkes indirebilir.\nOyunu ba\u015flat\u0131n ve harika zaman ge\u00e7irin.     <\/p>\n\n<h2 class=\"wp-block-heading\">Cash or Crash \u00e7evrimi\u00e7i oyununun avantaj\u0131<\/h2>\n\n<p>Kumar, g\u00fcn\u00fcm\u00fcz\u00fcn en pop\u00fcler oyunlar\u0131ndan biri olarak kabul edilmektedir.\nBunun ana nedeni, burada sadece ilgin\u00e7 bir zaman ge\u00e7irebilmeniz de\u011fil, ayn\u0131 zamanda ger\u00e7ek para kazanabilmenizdir.\nGenel olarak, Cash or Crash uygulamas\u0131n\u0131n g\u00f6rselli\u011fi ger\u00e7ek bir zevktir.\nM\u00fckemmel grafikler, net aray\u00fcz, sezgisel olarak basit kontrol &#8211; t\u00fcm bunlar\u0131 burada bulabilirsiniz.   <\/p>\n\n<p>Pop\u00fcler Cash or Crash kumar oyununun en \u00f6nemli avantajlar\u0131 aras\u0131nda a\u015fa\u011f\u0131dakiler yer almaktad\u0131r:<\/p>\n\n<ul>\n<li>\u0130lgin\u00e7 bir oynan\u0131\u015f.\nH\u0131zl\u0131 kazanma veya kaybetme olas\u0131l\u0131\u011f\u0131 ile heyecan verici ve ba\u011f\u0131ml\u0131l\u0131k yap\u0131c\u0131 bir oyun sunar. <\/li>\n\n\n\n<li>\u00c7ok oyunculu mod.\nArkada\u015flar\u0131n\u0131zla veya di\u011fer oyuncularla oynama yetene\u011fi, sosyal bir y\u00f6n ve e\u011flence katabilir. <\/li>\n\n\n\n<li>Grafikler ve ses.\nY\u00fcksek kaliteli grafikler ve ses, oyunun atmosferini yaratarak oyuncular i\u00e7in daha \u00e7ekici hale getirir. <\/li>\n\n\n\n<li>D\u00fczenli g\u00fcncellemelerin mevcudiyeti.\nBu sayede, en sevdi\u011finiz oyunun keyfini geli\u015fmi\u015f performansla \u00e7\u0131karabileceksiniz.\nGeli\u015ftiriciler, \u00e7evrimi\u00e7i kumar d\u00fcnyas\u0131ndaki mevcut e\u011filimleri ve e\u011filimleri kar\u015f\u0131lamak i\u00e7in oyunu d\u00fczenli olarak geli\u015ftirmeye \u00e7al\u0131\u015f\u0131rlar.  <\/li>\n\n\n\n<li>Nerede olursan\u0131z olun, do\u011frudan telefonunuzdan oynama yetene\u011fi.\nBu, harika vakit ge\u00e7irmek, oyunun tad\u0131n\u0131 \u00e7\u0131karmak ve hatta ger\u00e7ek para kazanmaya \u00e7al\u0131\u015fmak i\u00e7in harika bir f\u0131rsat. <\/li>\n\n\n\n<li>Bir\u00e7ok farkl\u0131 oyun modu.\nDo\u011fru se\u00e7ilmi\u015f Nakit veya \u00c7arp\u0131\u015fma stratejisi, modlar\u0131n herhangi birinde kazanma \u015fans\u0131n\u0131 art\u0131racakt\u0131r. <\/li>\n<\/ul>\n\n<p>Genel olarak, Cash or Crash oyunu ger\u00e7ek para kazanabilece\u011finiz heyecan verici bir uygulaman\u0131n harika bir \u00f6rne\u011fidir.\nHarika zaman ge\u00e7irebilir ve ayr\u0131ca \u00e7ok oyunculu modu kullanarak arkada\u015flar\u0131n\u0131zla veya di\u011fer oyuncularla \u00e7evrimi\u00e7i oynayabilirsiniz. <\/p>\n\n<h2 class=\"wp-block-heading\">Cash or Crash nas\u0131l oynan\u0131r?<\/h2>\n\n<p>&#8220;Cash or Crash&#8221; genellikle online casinolar taraf\u0131ndan sa\u011flanan sanal bir kumar oyunudur.\nKurallar oyunun bir versiyonundan di\u011ferine biraz farkl\u0131l\u0131k g\u00f6sterse de, temel konsept genellikle ayn\u0131 kal\u0131r.\n\u0130\u015fte Cash or Crash&#8217;in nas\u0131l oynanaca\u011f\u0131na dair genel bir k\u0131lavuz:  <\/p>\n\n<ul>\n<li>Kay\u0131t.\nCash or Crash oyununu sa\u011flayan bir \u00e7evrimi\u00e7i kumarhaneye kaydolman\u0131z gerekebilir.\nBir hesap olu\u015fturmak i\u00e7in talimatlar\u0131 izleyin.  <\/li>\n\n\n\n<li>Y\u00fckleme.\nOynamaya ba\u015flamadan \u00f6nce oyun hesab\u0131n\u0131za ger\u00e7ek para y\u00fcklemeniz gerekir.\n\u00c7o\u011fu durumda bu, \u00e7e\u015fitli \u00f6deme y\u00f6ntemleri kullan\u0131larak yap\u0131labilir.  <\/li>\n\n\n\n<li>Bahis miktar\u0131n\u0131n se\u00e7ilmesi.<\/li>\n\n\n\n<li>Turu ba\u015flat.<\/li>\n\n\n\n<li>Turu bitirme karar\u0131.\nTur s\u0131ras\u0131nda, kazand\u0131\u011f\u0131n\u0131z paray\u0131 toplamak i\u00e7in turu istedi\u011finiz zaman bitirme se\u00e7ene\u011finiz vard\u0131r.\nAncak, turu belirli bir noktaya kadar tamamlamazsan\u0131z, bir &#8220;\u00e7\u00f6kme&#8221; riski vard\u0131r ve bahsinizi kaybedersiniz.  <\/li>\n\n\n\n<li>\u00c7\u00f6kme veya tur sonu.\nTurun bir noktas\u0131nda bir &#8220;\u00e7\u00f6kme&#8221; meydana gelir.\nE\u011fer turu bu noktadan \u00f6nce tamamlad\u0131ysan\u0131z, kazanc\u0131n\u0131z\u0131 mevcut \u00e7arpana g\u00f6re al\u0131rs\u0131n\u0131z.\nAksi takdirde bahsinizi kaybedersiniz.   <\/li>\n<\/ul>\n\n<p>Oyunun prensibi olduk\u00e7a basit ve a\u00e7\u0131kt\u0131r, bu nedenle burada ne yapman\u0131z gerekti\u011fini h\u0131zl\u0131 bir \u015fekilde anlayabileceksiniz.\nHerhangi bir sorun ya\u015farsan\u0131z, talimatlara ba\u015fvurabilirsiniz. <\/p>\n\n<h2 class=\"wp-block-heading\">Cash or Crash&#8217;te nas\u0131l kazan\u0131l\u0131r<\/h2>\n\n<p>Slot, poker, rulet ve blackjack gibi kumar oyunlar\u0131nda kazanmak genellikle \u015fansa ba\u011fl\u0131d\u0131r ve \u00e7o\u011fu kumar \u015fansa dayan\u0131r.\nBununla birlikte, paran\u0131z\u0131 y\u00f6netmenize ve pop\u00fcler Crash Cash casino kumar oyununda kazanma \u015fans\u0131n\u0131z\u0131 art\u0131rman\u0131za yard\u0131mc\u0131 olabilecek baz\u0131 stratejiler ve ipu\u00e7lar\u0131 vard\u0131r: <\/p>\n\n<ul>\n<li>Para y\u00f6netimi.\nKar\u015f\u0131layabilece\u011finiz kay\u0131p s\u0131n\u0131r\u0131n\u0131 belirleyin ve bunu a\u015fmay\u0131n.\nParan\u0131z\u0131 oyun seanslar\u0131na b\u00f6l\u00fcn ve yaln\u0131zca kaybetmeyi g\u00f6ze alabilece\u011finiz kadar bahis yap\u0131n.  <\/li>\n\n\n\n<li>Temel stratejileri \u00f6\u011frenin.\nYukar\u0131da da belirtildi\u011fi gibi, do\u011fru strateji kumarda kilit bir rol oynar.\n\u00d6nceki kazan\u00e7lar\u0131 incelemeyi, kal\u0131plar\u0131 aramay\u0131 ve \u00f6nemli kazanan kombinasyonlar\u0131 vurgulamay\u0131 i\u00e7erir.\nNakit veya Crash stratejisi \u00e7o\u011funlukla bireyseldir, ancak tavsiye ve daha deneyimli oyunculardan yararlanabilirsiniz.   <\/li>\n\n\n\n<li>Bonuslardan yararlan\u0131n.\nKumarhanenin bonuslar\u0131ndan ve promosyonlar\u0131ndan yararlan\u0131n.\nAncak, bonuslarla ilgili h\u00fck\u00fcm ve ko\u015fullar\u0131 dikkatlice okumak \u00f6nemlidir.  <\/li>\n\n\n\n<li>Oyunun kurallar\u0131n\u0131 dikkatlice okuyun ve talimatlara a\u015fina olun.<\/li>\n<\/ul>\n\n<p>Yukar\u0131daki ipu\u00e7lar\u0131na uyarak kazanma \u015fans\u0131n\u0131z\u0131 b\u00fcy\u00fck \u00f6l\u00e7\u00fcde art\u0131rabilirsiniz.<\/p>\n\n<h2 class=\"wp-block-heading\">Cash or Crash oyun kurallar\u0131<\/h2>\n\n<p>Oyunun kurallar\u0131 basit ve a\u00e7\u0131kt\u0131r.\nHer \u015feyden \u00f6nce, oyuncu bahis miktar\u0131n\u0131 se\u00e7er ve turu ba\u015flatmak i\u00e7in d\u00fc\u011fmeye basar.\nTur bir ba\u015flang\u0131\u00e7 \u00e7arpan\u0131 ile ba\u015flar (\u00f6rne\u011fin 1x).\nBu \u00e7arpan zamanla artmaya ba\u015flar.\nTur s\u0131ras\u0131nda, oyuncunun turu bitirip bitirmeyece\u011fine ve kazanc\u0131n\u0131 al\u0131p almayaca\u011f\u0131na karar vermek i\u00e7in belirli bir s\u00fcresi vard\u0131r.\nBu, \u00e7arpan belirli bir de\u011fere ula\u015fmadan \u00f6nce yap\u0131labilir, bu da bir &#8220;\u00e7\u00f6kmeye&#8221; neden olur.     <\/p>\n\n<p>&#8220;\u00c7\u00f6kme&#8221; \u00e7arpan belirli bir de\u011fere ula\u015ft\u0131\u011f\u0131nda ger\u00e7ekle\u015fir.\nOyuncu bu andan \u00f6nce turu tamamlam\u0131\u015fsa, kazanc\u0131n\u0131 al\u0131r.\nAksi takdirde, bahis yanar.\nOyuncu turu &#8220;\u00e7\u00f6kme&#8221; an\u0131ndan \u00f6nce tamamlad\u0131ysa ve kazanc\u0131n\u0131 ald\u0131ysa, kazan\u00e7 miktar\u0131 mevcut \u00e7arpana ba\u011fl\u0131d\u0131r.\nOyuncu \u00e7\u00f6kmeden \u00f6nce turu tamamlamad\u0131ysa, bahis iptal edilir ve kazan\u00e7 elde edemez.    <\/p>\n\n<h2 class=\"wp-block-heading\">Promosyon kodlar\u0131<\/h2>\n\n<p>Cash veya Crash promosyon kodlar\u0131, oyuncular\u0131n \u00e7e\u015fitli bonuslar, ayr\u0131cal\u0131klar ve promosyonlar almak i\u00e7in girebilecekleri \u00f6zel kodlard\u0131r.\nBu kodlar kumarhane veya oyun geli\u015ftiricileri taraf\u0131ndan sa\u011flan\u0131r ve oyuncular taraf\u0131ndan oyun deneyimlerini geli\u015ftirmek veya ek \u00f6zellikler elde etmek i\u00e7in kullan\u0131labilir.\nCash or Crash s\u00f6z konusu oldu\u011funda, promosyon kodlar\u0131 \u015funlar\u0131 sa\u011flayabilir:  <\/p>\n\n<ol>\n<li>Bonus Para Yat\u0131rma: Oyun i\u00e7i hesab\u0131n\u0131za para y\u00fckledi\u011finizde ek para.<\/li>\n\n\n\n<li>Serbest d\u00f6n\u00fc\u015fler: Oyunda \u00e7arpanl\u0131 serbest turlar.<\/li>\n\n\n\n<li>Art\u0131r\u0131lm\u0131\u015f \u00e7arpanlar: oyun s\u0131ras\u0131nda bonus \u00e7arpanlar.<\/li>\n\n\n\n<li>\u00d6zel etkinlikler: \u00f6zel promosyonlara ve turnuvalara kat\u0131l\u0131m.<\/li>\n<\/ol>\n\n<p>Cash or Crash istatistikleri, ek bonuslar\u0131n kullan\u0131lmas\u0131yla kullan\u0131c\u0131lar\u0131n kazanma \u015fans\u0131n\u0131n \u00e7ok daha y\u00fcksek oldu\u011funu g\u00f6stermektedir.\n&#8220;Cash or Crash&#8221; oyununda bir promosyon kodu kullanmak i\u00e7in, genellikle casinodaki hesab\u0131n\u0131za giri\u015f yapman\u0131z, &#8220;Promosyon Kodlar\u0131&#8221; veya &#8220;Bonuslar&#8221; b\u00f6l\u00fcm\u00fcne gitmeniz ve uygun kodu girmeniz gerekir.\nBundan sonra, bu i\u015flem taraf\u0131ndan sa\u011flanan bonuslar otomatik olarak hesab\u0131n\u0131za yat\u0131r\u0131lacakt\u0131r.  <\/p>\n\n<p>Promosyon kodlar\u0131n\u0131n s\u0131n\u0131rl\u0131 bir ge\u00e7erlilik s\u00fcresine veya belirli kullan\u0131m ko\u015fullar\u0131na sahip olabilece\u011fini unutmamak \u00f6nemlidir.\nBir promosyon kodu girmeden \u00f6nce, yanl\u0131\u015f anlamalar\u0131 \u00f6nlemek ve sunulan bonuslardan tam olarak yararlanmak i\u00e7in h\u00fck\u00fcm ve ko\u015fullar\u0131 dikkatlice okumak \u00f6nemlidir. <\/p>\n\n<h2 class=\"wp-block-heading\">G\u00f6r\u00fc\u015fler<\/h2>\n\n<p>\u0130\u015fte bu pop\u00fcler kumar oyununun faydalar\u0131n\u0131 deneyimlemi\u015f kullan\u0131c\u0131lar\u0131n baz\u0131 yorumlar\u0131:<\/p>\n","protected":false},"excerpt":{"rendered":"<p>Cash or Crash, kumar uygulamalar\u0131, y\u00fcksek bahisler ve risk hayranlar\u0131 aras\u0131nda b\u00fcy\u00fck talep g\u00f6ren bir oyundur. Harika vakit ge\u00e7irmek ve \u015fans\u0131n\u0131z\u0131 denemek i\u00e7in harika bir se\u00e7enektir. Cash or Crash, Android&#8217;de oyuncular\u0131n sonucu rastgele belirlenen \u00e7e\u015fitli etkinliklere bahis oynayabilecekleri bir uygulamad\u0131r. Oynamaya ba\u015flamak i\u00e7in tek yapman\u0131z gereken One Win&#8217;in resmi bahis sitesinden uygulamay\u0131 indirmek, kay\u0131t olmak [&hellip;]<\/p>\n","protected":false},"author":2,"featured_media":0,"parent":0,"menu_order":0,"comment_status":"open","ping_status":"closed","template":"","meta":{"footnotes":""},"yoast_head":"<!-- This site is optimized with the Yoast SEO plugin v21.7 - https:\/\/yoast.com\/wordpress\/plugins\/seo\/ -->\n<title>Cash or Crash casino oyunu, indir<\/title>\n<meta name=\"description\" content=\"D\u00fcnya \u00e7ap\u0131nda pop\u00fcler bir oyun olan Cash or Crash&#039;e genel bir bak\u0131\u015f. Oyunun temel \u00f6zellikleri, avantajlar\u0131, kurallar\u0131 ve b\u00fcy\u00fck kazanman\u0131n s\u0131rlar\u0131 hakk\u0131nda bilgi edinin. Oyunu indirin ve arkada\u015flar\u0131n\u0131zla harika zaman ge\u00e7irin.\" \/>\n<meta name=\"robots\" content=\"index, follow, max-snippet:-1, max-image-preview:large, max-video-preview:-1\" \/>\n<link rel=\"canonical\" href=\"https:\/\/aviator-crash.org\/tr\/cash-ya-da-crash-oyna\/\" \/>\n<meta property=\"og:locale\" content=\"tr_TR\" \/>\n<meta property=\"og:type\" content=\"article\" \/>\n<meta property=\"og:title\" content=\"Cash or Crash casino oyunu, indir\" \/>\n<meta property=\"og:description\" content=\"D\u00fcnya \u00e7ap\u0131nda pop\u00fcler bir oyun olan Cash or Crash&#039;e genel bir bak\u0131\u015f. Oyunun temel \u00f6zellikleri, avantajlar\u0131, kurallar\u0131 ve b\u00fcy\u00fck kazanman\u0131n s\u0131rlar\u0131 hakk\u0131nda bilgi edinin. Oyunu indirin ve arkada\u015flar\u0131n\u0131zla harika zaman ge\u00e7irin.\" \/>\n<meta property=\"og:url\" content=\"https:\/\/aviator-crash.org\/tr\/cash-ya-da-crash-oyna\/\" \/>\n<meta property=\"article:modified_time\" content=\"2024-02-02T19:39:14+00:00\" \/>\n<meta property=\"og:image\" content=\"https:\/\/aviator-crash.org\/wp-content\/uploads\/2024\/01\/cash-or-crash-live-1200x584-1-1024x498.jpeg\" \/>\n<meta name=\"twitter:card\" content=\"summary_large_image\" \/>\n<meta name=\"twitter:label1\" content=\"Est. reading time\" \/>\n\t<meta name=\"twitter:data1\" content=\"6 dakika\" \/>\n<script type=\"application\/ld+json\" class=\"yoast-schema-graph\">{\"@context\":\"https:\/\/schema.org\",\"@graph\":[{\"@type\":\"WebPage\",\"@id\":\"https:\/\/aviator-crash.org\/tr\/cash-ya-da-crash-oyna\/\",\"url\":\"https:\/\/aviator-crash.org\/tr\/cash-ya-da-crash-oyna\/\",\"name\":\"Cash or Crash casino oyunu, indir\",\"isPartOf\":{\"@id\":\"https:\/\/aviator-crash.org\/tr\/#website\"},\"datePublished\":\"2023-12-27T19:58:01+00:00\",\"dateModified\":\"2024-02-02T19:39:14+00:00\",\"description\":\"D\u00fcnya \u00e7ap\u0131nda pop\u00fcler bir oyun olan Cash or Crash'e genel bir bak\u0131\u015f. Oyunun temel \u00f6zellikleri, avantajlar\u0131, kurallar\u0131 ve b\u00fcy\u00fck kazanman\u0131n s\u0131rlar\u0131 hakk\u0131nda bilgi edinin. Oyunu indirin ve arkada\u015flar\u0131n\u0131zla harika zaman ge\u00e7irin.\",\"breadcrumb\":{\"@id\":\"https:\/\/aviator-crash.org\/tr\/cash-ya-da-crash-oyna\/#breadcrumb\"},\"inLanguage\":\"tr\",\"potentialAction\":[{\"@type\":\"ReadAction\",\"target\":[\"https:\/\/aviator-crash.org\/tr\/cash-ya-da-crash-oyna\/\"]}]},{\"@type\":\"BreadcrumbList\",\"@id\":\"https:\/\/aviator-crash.org\/tr\/cash-ya-da-crash-oyna\/#breadcrumb\",\"itemListElement\":[{\"@type\":\"ListItem\",\"position\":1,\"name\":\"Home\",\"item\":\"https:\/\/aviator-crash.org\/tr\/aviator-oyunu-gercek-para-icin-cevrimici\/\"},{\"@type\":\"ListItem\",\"position\":2,\"name\":\"Cash ya da Crash oyna\"}]},{\"@type\":\"WebSite\",\"@id\":\"https:\/\/aviator-crash.org\/tr\/#website\",\"url\":\"https:\/\/aviator-crash.org\/tr\/\",\"name\":\"\",\"description\":\"\",\"potentialAction\":[{\"@type\":\"SearchAction\",\"target\":{\"@type\":\"EntryPoint\",\"urlTemplate\":\"https:\/\/aviator-crash.org\/tr\/?s={search_term_string}\"},\"query-input\":\"required name=search_term_string\"}],\"inLanguage\":\"tr\"}]}<\/script>\n<!-- \/ Yoast SEO plugin. -->","yoast_head_json":{"title":"Cash or Crash casino oyunu, indir","description":"D\u00fcnya \u00e7ap\u0131nda pop\u00fcler bir oyun olan Cash or Crash'e genel bir bak\u0131\u015f. Oyunun temel \u00f6zellikleri, avantajlar\u0131, kurallar\u0131 ve b\u00fcy\u00fck kazanman\u0131n s\u0131rlar\u0131 hakk\u0131nda bilgi edinin. Oyunu indirin ve arkada\u015flar\u0131n\u0131zla harika zaman ge\u00e7irin.","robots":{"index":"index","follow":"follow","max-snippet":"max-snippet:-1","max-image-preview":"max-image-preview:large","max-video-preview":"max-video-preview:-1"},"canonical":"https:\/\/aviator-crash.org\/tr\/cash-ya-da-crash-oyna\/","og_locale":"tr_TR","og_type":"article","og_title":"Cash or Crash casino oyunu, indir","og_description":"D\u00fcnya \u00e7ap\u0131nda pop\u00fcler bir oyun olan Cash or Crash'e genel bir bak\u0131\u015f. Oyunun temel \u00f6zellikleri, avantajlar\u0131, kurallar\u0131 ve b\u00fcy\u00fck kazanman\u0131n s\u0131rlar\u0131 hakk\u0131nda bilgi edinin. Oyunu indirin ve arkada\u015flar\u0131n\u0131zla harika zaman ge\u00e7irin.","og_url":"https:\/\/aviator-crash.org\/tr\/cash-ya-da-crash-oyna\/","article_modified_time":"2024-02-02T19:39:14+00:00","og_image":[{"url":"https:\/\/aviator-crash.org\/wp-content\/uploads\/2024\/01\/cash-or-crash-live-1200x584-1-1024x498.jpeg"}],"twitter_card":"summary_large_image","twitter_misc":{"Est. reading time":"6 dakika"},"schema":{"@context":"https:\/\/schema.org","@graph":[{"@type":"WebPage","@id":"https:\/\/aviator-crash.org\/tr\/cash-ya-da-crash-oyna\/","url":"https:\/\/aviator-crash.org\/tr\/cash-ya-da-crash-oyna\/","name":"Cash or Crash casino oyunu, indir","isPartOf":{"@id":"https:\/\/aviator-crash.org\/tr\/#website"},"datePublished":"2023-12-27T19:58:01+00:00","dateModified":"2024-02-02T19:39:14+00:00","description":"D\u00fcnya \u00e7ap\u0131nda pop\u00fcler bir oyun olan Cash or Crash'e genel bir bak\u0131\u015f. Oyunun temel \u00f6zellikleri, avantajlar\u0131, kurallar\u0131 ve b\u00fcy\u00fck kazanman\u0131n s\u0131rlar\u0131 hakk\u0131nda bilgi edinin. Oyunu indirin ve arkada\u015flar\u0131n\u0131zla harika zaman ge\u00e7irin.","breadcrumb":{"@id":"https:\/\/aviator-crash.org\/tr\/cash-ya-da-crash-oyna\/#breadcrumb"},"inLanguage":"tr","potentialAction":[{"@type":"ReadAction","target":["https:\/\/aviator-crash.org\/tr\/cash-ya-da-crash-oyna\/"]}]},{"@type":"BreadcrumbList","@id":"https:\/\/aviator-crash.org\/tr\/cash-ya-da-crash-oyna\/#breadcrumb","itemListElement":[{"@type":"ListItem","position":1,"name":"Home","item":"https:\/\/aviator-crash.org\/tr\/aviator-oyunu-gercek-para-icin-cevrimici\/"},{"@type":"ListItem","position":2,"name":"Cash ya da Crash oyna"}]},{"@type":"WebSite","@id":"https:\/\/aviator-crash.org\/tr\/#website","url":"https:\/\/aviator-crash.org\/tr\/","name":"","description":"","potentialAction":[{"@type":"SearchAction","target":{"@type":"EntryPoint","urlTemplate":"https:\/\/aviator-crash.org\/tr\/?s={search_term_string}"},"query-input":"required name=search_term_string"}],"inLanguage":"tr"}]}},"_links":{"self":[{"href":"https:\/\/aviator-crash.org\/tr\/wp-json\/wp\/v2\/pages\/3063"}],"collection":[{"href":"https:\/\/aviator-crash.org\/tr\/wp-json\/wp\/v2\/pages"}],"about":[{"href":"https:\/\/aviator-crash.org\/tr\/wp-json\/wp\/v2\/types\/page"}],"author":[{"embeddable":true,"href":"https:\/\/aviator-crash.org\/tr\/wp-json\/wp\/v2\/users\/2"}],"replies":[{"embeddable":true,"href":"https:\/\/aviator-crash.org\/tr\/wp-json\/wp\/v2\/comments?post=3063"}],"version-history":[{"count":1,"href":"https:\/\/aviator-crash.org\/tr\/wp-json\/wp\/v2\/pages\/3063\/revisions"}],"predecessor-version":[{"id":3065,"href":"https:\/\/aviator-crash.org\/tr\/wp-json\/wp\/v2\/pages\/3063\/revisions\/3065"}],"wp:attachment":[{"href":"https:\/\/aviator-crash.org\/tr\/wp-json\/wp\/v2\/media?parent=3063"}],"curies":[{"name":"wp","href":"https:\/\/api.w.org\/{rel}","templated":true}]}}