{"id":3183,"date":"2023-12-27T19:12:26","date_gmt":"2023-12-27T19:12:26","guid":{"rendered":"https:\/\/aviator-crash.org\/para-cekme-ile-cevrimici-hizli-nakit-oyunlari\/"},"modified":"2024-02-02T19:43:57","modified_gmt":"2024-02-02T19:43:57","slug":"para-cekme-ile-cevrimici-hizli-nakit-oyunlari","status":"publish","type":"page","link":"https:\/\/aviator-crash.org\/tr\/para-cekme-ile-cevrimici-hizli-nakit-oyunlari\/","title":{"rendered":"Para \u00e7ekme ile \u00e7evrimi\u00e7i h\u0131zl\u0131 nakit oyunlar\u0131"},"content":{"rendered":"\n<figure class=\"wp-block-gallery has-nested-images columns-default is-cropped wp-block-gallery-1 is-layout-flex wp-block-gallery-is-layout-flex\">\n<figure class=\"wp-block-image size-large\"><span itemprop=\"image\" itemscope itemtype=\"https:\/\/schema.org\/ImageObject\"><img itemprop=\"url image\" loading=\"lazy\" decoding=\"async\" width=\"683\" height=\"600\" data-id=\"460\" src=\"https:\/\/aviator-crash.org\/wp-content\/uploads\/2024\/01\/aviator-minigame-logo-4.png\" alt=\"\" class=\"wp-image-460\" srcset=\"https:\/\/aviator-crash.org\/wp-content\/uploads\/2024\/01\/aviator-minigame-logo-4.png 683w, https:\/\/aviator-crash.org\/wp-content\/uploads\/2024\/01\/aviator-minigame-logo-4-300x264.png 300w\" sizes=\"(max-width: 683px) 100vw, 683px\" \/><meta itemprop=\"width\" content=\"683\"><meta itemprop=\"height\" content=\"600\"><\/span><\/figure>\n<\/figure>\n\n<p>Crash oyunlar\u0131 kavram\u0131 2000&#8217;li y\u0131llar\u0131n ba\u015f\u0131nda ortaya \u00e7\u0131km\u0131\u015ft\u0131r.\nAncak, son birka\u00e7 y\u0131lda giderek daha pop\u00fcler hale geldiler.\nH\u0131zl\u0131 para kazanma oyunlar\u0131 neredeyse t\u00fcm \u00e7evrimi\u00e7i casinolarda sunulmaktad\u0131r.\nHer tur heyecan verici ve adrenalin doludur.\nH\u0131zl\u0131 oyunlar basit bir oynan\u0131\u015fla karakterize edilir: \u00e7arpan artar, buna ba\u011fl\u0131 olarak kazan\u00e7lar artar, felaketten \u00f6nce paray\u0131 almay\u0131 ba\u015farman\u0131z gerekir.    <\/p>\n\n<h2 class=\"wp-block-heading\">Para \u00e7ekme ile para i\u00e7in \u00e7arp\u0131\u015fma oyunu<\/h2>\n\n<p>Kumarda h\u0131zl\u0131 kazan\u00e7, kumarbazlar i\u00e7in \u00e7ok \u00e7ekicidir.\nKullan\u0131c\u0131 oyunu dikkatlice takip etmeli ve sezgileri onu y\u00f6nlendirdi\u011fi anda d\u00fc\u011fmeye basmal\u0131d\u0131r.\nH\u0131zl\u0131 para \u00e7ekme oyunu ger\u00e7ektir, d\u00fcnyan\u0131n her yerinden kumarbazlar taraf\u0131ndan onaylanm\u0131\u015ft\u0131r.  <\/p>\n\n<p>Prensip \u00e7ok basittir: oyuncu bir bahis yapar, ard\u0131ndan \u00e7arpan b\u00fcy\u00fcr.\nTurun hangi noktada bitece\u011fini kimse bilemez.\nSezgi sayesinde felaketten \u00f6nce d\u00fc\u011fmeye basarsan\u0131z kumarda h\u0131zl\u0131 para kazanmak m\u00fcmk\u00fcnd\u00fcr.\nKazan\u00e7, oyunun durdu\u011fu katsay\u0131 \u00fczerindeki bahsin \u00fcr\u00fcn\u00fcd\u00fcr.\nKullan\u0131c\u0131n\u0131n zaman\u0131 yoksa &#8211; kumarhane kazand\u0131.\nTur ne kadar uzun olursa, risk o kadar b\u00fcy\u00fck olur.\nAncak ayn\u0131 zamanda, daha fazla kazanma \u015fans\u0131 var.      <\/p>\n\n<p>Para i\u00e7in Crash oyunu, yenilmesi imkans\u0131z olan GSC&#8217;ye dayanmaktad\u0131r.\nAyr\u0131ca, \u00e7e\u015fitli bilgisayar korsanl\u0131\u011f\u0131 programlar\u0131 veya hileli planlar yard\u0131mc\u0131 olmayacakt\u0131r.\n\u00c7arp\u0131\u015fma oyunlar\u0131n\u0131n d\u00fcr\u00fcstl\u00fc\u011f\u00fc kan\u0131tlanabilir, herhangi bir kullan\u0131c\u0131 bunu kontrol edebilir.  <\/p>\n\n<h2 class=\"wp-block-heading\">Para i\u00e7in Aviator (u\u00e7an u\u00e7ak) oynay\u0131n<\/h2>\n\n<p>Mini para \u00e7ekme oyunlar\u0131 son derece pop\u00fclerdir.\nVe en \u00fcnl\u00fclerinden biri Aviator&#8217;d\u0131r.\nTasar\u0131m \u00e7ok basittir.\nKoyu bir arka plan \u00fczerinde irtifa u\u00e7a\u011f\u0131 kazan\u0131yor.\nNe kadar y\u00fcksekse &#8211; katsay\u0131 o kadar b\u00fcy\u00fck olur.\n\u0130stenirse animasyonu devre d\u0131\u015f\u0131 b\u0131rakmak m\u00fcmk\u00fcnd\u00fcr.\nBu durumda, kullan\u0131c\u0131 \u00f6n\u00fcnde sadece b\u00fcy\u00fcyen katsay\u0131y\u0131 g\u00f6recektir.\nSayma \u00e7arpan\u0131 birden ba\u015flar, y\u00fckseli\u015fi d\u00fczensizdir.\nBe\u015f veya y\u00fcz kat b\u00fcy\u00fcmesi i\u00e7in sadece birka\u00e7 saniye yeterlidir.\nTurun s\u00fcresi farkl\u0131 olabilir, tam bir saniye ve k\u00fc\u00e7\u00fck bir kesir olabilir.\n\u0130stenirse, kumarbaz otomatik oynatmay\u0131 \u00e7al\u0131\u015ft\u0131r\u0131r, turu bitirmek i\u00e7in bahsi ve katsay\u0131y\u0131 ayarlamas\u0131 yeterlidir.\nCanl\u0131 \u0130statistikler sayesinde di\u011fer kullan\u0131c\u0131lar\u0131n \u00f6nceki bahislerini ve sonu\u00e7lar\u0131n\u0131 \u00f6\u011frenebilirsiniz.           <\/p>\n\n<h2 class=\"wp-block-heading\">\u00c7arp\u0131\u015fma oyunu &#8211; Lucky Jet<\/h2>\n\n<figure class=\"wp-block-gallery has-nested-images columns-default is-cropped wp-block-gallery-2 is-layout-flex wp-block-gallery-is-layout-flex\">\n<figure class=\"wp-block-image size-large\"><span itemprop=\"image\" itemscope itemtype=\"https:\/\/schema.org\/ImageObject\"><img itemprop=\"url image\" loading=\"lazy\" decoding=\"async\" width=\"1024\" height=\"509\" data-id=\"448\" src=\"https:\/\/aviator-crash.org\/wp-content\/uploads\/2024\/01\/lucky-jet_1-1024x509.jpg\" alt=\"\" class=\"wp-image-448\" srcset=\"https:\/\/aviator-crash.org\/wp-content\/uploads\/2024\/01\/lucky-jet_1-1024x509.jpg 1024w, https:\/\/aviator-crash.org\/wp-content\/uploads\/2024\/01\/lucky-jet_1-300x149.jpg 300w, https:\/\/aviator-crash.org\/wp-content\/uploads\/2024\/01\/lucky-jet_1-768x382.jpg 768w, https:\/\/aviator-crash.org\/wp-content\/uploads\/2024\/01\/lucky-jet_1.jpg 1093w\" sizes=\"(max-width: 1024px) 100vw, 1024px\" \/><meta itemprop=\"width\" content=\"1024\"><meta itemprop=\"height\" content=\"509\"><\/span><\/figure>\n<\/figure>\n\n<p>Bonuslu para i\u00e7in \u00e7arp\u0131\u015fma oyunlar\u0131n\u0131n farkl\u0131 bir konusu vard\u0131r.\n\u00c7evrimi\u00e7i olarak, ana karakter Joe&#8217;nun para dolu bir \u00e7antayla u\u00e7maya \u00e7al\u0131\u015ft\u0131\u011f\u0131 Lucky Jet&#8217;te \u015fans\u0131n\u0131z\u0131 deneyebilirsiniz.\nPara i\u00e7in \u00e7arp\u0131\u015fma oyununun basit kurallar\u0131 vard\u0131r.\nBir bahis se\u00e7meniz ve onu nakde \u00e7evirmek i\u00e7in zaman\u0131n\u0131z olmas\u0131 gerekir.\nE\u011fer bunu zaman\u0131nda yapmazsan\u0131z, para yanacakt\u0131r.\nOranlar Joe&#8217;nun havada kalaca\u011f\u0131 s\u00fcreye ba\u011fl\u0131d\u0131r.     <\/p>\n\n<p>Maksimum \u00e7arpan\u0131n boyutu 100&#8217;d\u00fcr, baz\u0131 kumar kurulu\u015flar\u0131nda iki kat\u0131na \u00e7\u0131kar.\nKazanmak sadece oyuncunun sezgisine ba\u011fl\u0131d\u0131r, \u00e7\u00fcnk\u00fc d\u00fc\u011fmeye ne zaman basaca\u011f\u0131na o karar verir. <\/p>\n\n<h2 class=\"wp-block-heading\">\u00c7arp\u0131\u015fma oyunu &#8211; Jet X<\/h2>\n\n<figure class=\"wp-block-gallery has-nested-images columns-default is-cropped wp-block-gallery-3 is-layout-flex wp-block-gallery-is-layout-flex\">\n<figure class=\"wp-block-image size-large\"><span itemprop=\"image\" itemscope itemtype=\"https:\/\/schema.org\/ImageObject\"><img itemprop=\"url image\" loading=\"lazy\" decoding=\"async\" width=\"1024\" height=\"621\" data-id=\"451\" src=\"https:\/\/aviator-crash.org\/wp-content\/uploads\/2024\/01\/jetx-game-9-1024x621-1.png\" alt=\"\" class=\"wp-image-451\" srcset=\"https:\/\/aviator-crash.org\/wp-content\/uploads\/2024\/01\/jetx-game-9-1024x621-1.png 1024w, https:\/\/aviator-crash.org\/wp-content\/uploads\/2024\/01\/jetx-game-9-1024x621-1-300x182.png 300w, https:\/\/aviator-crash.org\/wp-content\/uploads\/2024\/01\/jetx-game-9-1024x621-1-768x466.png 768w\" sizes=\"(max-width: 1024px) 100vw, 1024px\" \/><meta itemprop=\"width\" content=\"1024\"><meta itemprop=\"height\" content=\"621\"><\/span><\/figure>\n<\/figure>\n\n<p>H\u0131zl\u0131 para oyunlar\u0131 genellikle kahraman olarak bir ara\u00e7 kullan\u0131r.\nJet X&#8217;te bir jet u\u00e7a\u011f\u0131n\u0131n hareketini takip etmeniz gerekir.\nAncak, bir noktada \u00e7arpacak ve radardan kaybolacakt\u0131r.\nVe bundan \u00f6nce kullan\u0131c\u0131n\u0131n para \u00e7ekme d\u00fc\u011fmesine ihtiyatl\u0131 bir \u015fekilde basmas\u0131 gerekir.\nAksi takdirde, kumarhane kazan\u0131r.    <\/p>\n\n<p>Oyun en iyiler aras\u0131ndad\u0131r, bir\u00e7ok kumarhanede sunulmaktad\u0131r.\nKullan\u0131c\u0131 \u00f6n\u00fcnde u\u00e7a\u011f\u0131 ve katsay\u0131y\u0131 g\u00f6steren bir radar ekran\u0131 g\u00f6r\u00fcr.\nU\u00e7ak havaland\u0131\u011f\u0131nda artar.\nJet X hi\u00e7bir \u015fey i\u00e7in de\u011fil, &#8220;H\u0131zl\u0131 para \u00e7ekme oyunlar\u0131&#8221; kategorisine dahil edilmi\u015ftir, tur birka\u00e7 dakikadan fazla s\u00fcrmez.   <\/p>\n\n<p>Yan alanlarda kullan\u0131c\u0131 ge\u00e7mi\u015f turlarda elde edilen sonu\u00e7lar\u0131 g\u00f6rebilir.\nAyr\u0131ca, t\u00fcm kullan\u0131c\u0131lar\u0131n ger\u00e7ek istatistikleri g\u00f6sterilir.\nOyuncu tur ba\u015f\u0131na iki bahis yapabilir, gerekirse otomatik para \u00e7ekme etkinle\u015ftirilir.\nKaza, sava\u015f\u00e7\u0131 irtifa kazanmaya yeni ba\u015flam\u0131\u015f olsa bile her an meydana gelir.\nBilgi siteleri maksimum x25000 katsay\u0131s\u0131n\u0131 bildirir, ancak hen\u00fcz hi\u00e7bir kumarbaz taraf\u0131ndan ula\u015f\u0131lmam\u0131\u015ft\u0131r.    <\/p>\n\n<h2 class=\"wp-block-heading\">Oyun \u00e7\u00f6kmesi &#8211; Rocket X<\/h2>\n\n<figure class=\"wp-block-gallery has-nested-images columns-default is-cropped wp-block-gallery-4 is-layout-flex wp-block-gallery-is-layout-flex\">\n<figure class=\"wp-block-image size-large\"><span itemprop=\"image\" itemscope itemtype=\"https:\/\/schema.org\/ImageObject\"><img itemprop=\"url image\" loading=\"lazy\" decoding=\"async\" width=\"1024\" height=\"448\" data-id=\"453\" src=\"https:\/\/aviator-crash.org\/wp-content\/uploads\/2024\/01\/screenshot-2022-11-29-at-12.55.42-1024x448.jpg\" alt=\"\" class=\"wp-image-453\" srcset=\"https:\/\/aviator-crash.org\/wp-content\/uploads\/2024\/01\/screenshot-2022-11-29-at-12.55.42-1024x448.jpg 1024w, https:\/\/aviator-crash.org\/wp-content\/uploads\/2024\/01\/screenshot-2022-11-29-at-12.55.42-300x131.jpg 300w, https:\/\/aviator-crash.org\/wp-content\/uploads\/2024\/01\/screenshot-2022-11-29-at-12.55.42-768x336.jpg 768w, https:\/\/aviator-crash.org\/wp-content\/uploads\/2024\/01\/screenshot-2022-11-29-at-12.55.42-1536x673.jpg 1536w, https:\/\/aviator-crash.org\/wp-content\/uploads\/2024\/01\/screenshot-2022-11-29-at-12.55.42-2048x897.jpg 2048w\" sizes=\"(max-width: 1024px) 100vw, 1024px\" \/><meta itemprop=\"width\" content=\"1024\"><meta itemprop=\"height\" content=\"448\"><\/span><\/figure>\n<\/figure>\n\n<p>Kullan\u0131c\u0131 roketin kalk\u0131\u015f\u0131n\u0131 izler.\n0,1&#8217;den 140&#8217;a kadar bahis oynayabilir.\nU\u00e7u\u015f ne kadar uzun s\u00fcrerse &#8211; katsay\u0131 o kadar y\u00fcksek olur.\nKumarbaz oyunu kendisine uyacak \u015fekilde \u00f6zelle\u015ftirebilir, otomatik bahis ve para \u00e7ekme i\u015flemlerini kullanabilir.\n\u00c7arp\u0131\u015fma oyunu minimum ayar gerektirir.\nBundan sonra, kullan\u0131c\u0131 muhte\u015fem bir s\u00fcrecin tad\u0131n\u0131 \u00e7\u0131karabilir: roketin f\u0131rlat\u0131lmas\u0131ndan sonra parlak bir duman var, katsay\u0131da da bir art\u0131\u015f var.\nOtomatik \u00e7ekilme olmad\u0131\u011f\u0131nda, turun biti\u015f an\u0131 oyuncu taraf\u0131ndan se\u00e7ilir.\nPatlamadan \u00f6nce bunu yapmak i\u00e7in zaman\u0131 yoksa, bir kay\u0131pta kal\u0131r.\nFarkl\u0131 stratejiler ve taktikler kullan\u0131rsan\u0131z kazanan olmak m\u00fcmk\u00fcnd\u00fcr.        <\/p>\n\n<h2 class=\"wp-block-heading\">\u00c7arp\u0131\u015fma oyunu &#8211; Space XY<\/h2>\n\n<figure class=\"wp-block-gallery has-nested-images columns-default is-cropped wp-block-gallery-5 is-layout-flex wp-block-gallery-is-layout-flex\">\n<figure class=\"wp-block-image size-large\"><span itemprop=\"image\" itemscope itemtype=\"https:\/\/schema.org\/ImageObject\"><img itemprop=\"url image\" loading=\"lazy\" decoding=\"async\" width=\"1024\" height=\"577\" data-id=\"455\" src=\"https:\/\/aviator-crash.org\/wp-content\/uploads\/2024\/01\/spacexy-gameplay-screen-1024x577-1.webp\" alt=\"\" class=\"wp-image-455\" srcset=\"https:\/\/aviator-crash.org\/wp-content\/uploads\/2024\/01\/spacexy-gameplay-screen-1024x577-1.webp 1024w, https:\/\/aviator-crash.org\/wp-content\/uploads\/2024\/01\/spacexy-gameplay-screen-1024x577-1-300x169.webp 300w, https:\/\/aviator-crash.org\/wp-content\/uploads\/2024\/01\/spacexy-gameplay-screen-1024x577-1-768x433.webp 768w\" sizes=\"(max-width: 1024px) 100vw, 1024px\" \/><meta itemprop=\"width\" content=\"1024\"><meta itemprop=\"height\" content=\"577\"><\/span><\/figure>\n<\/figure>\n\n<p>Para i\u00e7in Crash oyunu benzersiz \u00f6zelliklere sahiptir.\nUzay temas\u0131 onu oyuncular i\u00e7in daha ilgin\u00e7 ve \u00e7ekici hale getirir.\nUzay gemileri, galaksiler, uzayl\u0131 yarat\u0131klar, t\u00fcm bunlar parlak animasyon ve grafiklerle birle\u015fti\u011finde kendinizi kumar d\u00fcnyas\u0131na tamamen kapt\u0131rman\u0131z\u0131 sa\u011flar.\nSpace XY &#8211; h\u0131zl\u0131 para \u00e7ekme \u00f6zelli\u011fine sahip en iyi oyun, kazanan kombinasyonlara ve bonus \u00f6zelliklere sahiptir.\n\u00c7e\u015fitli \u00e7evrimi\u00e7i casinolarda bulabilirsiniz, bu nedenle Crash oyunu geni\u015f bir kitleye a\u00e7\u0131kt\u0131r.\nGer\u00e7ek para veya sanal fi\u015fler i\u00e7in oynayabilirsiniz, sadece demo modunu \u00e7al\u0131\u015ft\u0131rman\u0131z gerekir.     <\/p>\n\n<h2 class=\"wp-block-heading\">H\u0131zl\u0131 oyun &#8211; Cash or Crash<\/h2>\n\n<figure class=\"wp-block-gallery has-nested-images columns-default is-cropped wp-block-gallery-6 is-layout-flex wp-block-gallery-is-layout-flex\">\n<figure class=\"wp-block-image size-large\"><span itemprop=\"image\" itemscope itemtype=\"https:\/\/schema.org\/ImageObject\"><img itemprop=\"url image\" loading=\"lazy\" decoding=\"async\" width=\"1024\" height=\"576\" data-id=\"457\" src=\"https:\/\/aviator-crash.org\/wp-content\/uploads\/2024\/01\/cash-or-crash-evolution-live-games-hollywoodbets-1024x576-1.jpg\" alt=\"\" class=\"wp-image-457\" srcset=\"https:\/\/aviator-crash.org\/wp-content\/uploads\/2024\/01\/cash-or-crash-evolution-live-games-hollywoodbets-1024x576-1.jpg 1024w, https:\/\/aviator-crash.org\/wp-content\/uploads\/2024\/01\/cash-or-crash-evolution-live-games-hollywoodbets-1024x576-1-300x169.jpg 300w, https:\/\/aviator-crash.org\/wp-content\/uploads\/2024\/01\/cash-or-crash-evolution-live-games-hollywoodbets-1024x576-1-768x432.jpg 768w\" sizes=\"(max-width: 1024px) 100vw, 1024px\" \/><meta itemprop=\"width\" content=\"1024\"><meta itemprop=\"height\" content=\"576\"><\/span><\/figure>\n<\/figure>\n\n<p>Oyuncu kendini b\u00fcy\u00fck bir metropol\u00fcn \u00fczerinde hareket eden bir hava gemisinde bulur.\nKullan\u0131c\u0131, toplar\u0131n kar\u0131\u015ft\u0131r\u0131ld\u0131\u011f\u0131 bir aparat g\u00f6r\u00fcr.\nSekiz k\u0131rm\u0131z\u0131, 19 ye\u015fil ve bir alt\u0131n top kullan\u0131l\u0131r.\nOyuncunun merdivenlerden yukar\u0131 \u00e7\u0131kmas\u0131 gerekir.\nBunu yapmak i\u00e7in ye\u015fil renkli toplar\u0131 toplamal\u0131d\u0131r.\nK\u0131rm\u0131z\u0131 bir top d\u00fc\u015ferse, tur sona erer.\nAlt\u0131n top savunma i\u00e7in kullan\u0131labilir, ekstra bir can verir.      <\/p>\n\n<p>Kalkan k\u0131r\u0131ld\u0131ktan veya ye\u015fil top d\u00fc\u015ft\u00fckten sonra, oyuncu tam kazan\u00e7la oyunda kalabilir veya turu sonland\u0131rabilir.\nAyr\u0131ca paran\u0131n yar\u0131s\u0131n\u0131 \u00e7ekme se\u00e7ene\u011fine sahiptir ve kalan miktarla oyuna devam edebilir.\nKumarbaz\u0131n yirmi seviyeden ge\u00e7mesi gerekecektir.\nBunlardan ilkinde \u00e7arpan 1.2x&#8217;tir ve merdivenin tepesinde 18000x&#8217;tir.\nOyuncunun sonu\u00e7 olarak 90000 elde etmek i\u00e7in 5 $ bahis yapmas\u0131 yeterlidir.    <\/p>\n\n<p>Oyunu h\u0131zl\u0131 bir \u015fekilde para \u00e7ekerek indirin, \u00e7evrimi\u00e7i casinolarda mevcuttur.\nLisans\u0131 olan g\u00fcvenilir bir hizmet se\u00e7mek gerekir, d\u00fczenleyicinin kurallar\u0131na uyumu garanti eder.\nBu, kumarhanenin kazananlara b\u00fcy\u00fck mebla\u011flar bile \u00f6deyecek paraya sahip oldu\u011fu, s\u00fcrekli olarak i\u00e7 denetimlerden ve yaz\u0131l\u0131m kontrollerinden ge\u00e7ti\u011fi anlam\u0131na gelir.\n\u0130ncelemeleri ve kurumun web sitesini incelemek \u00f6nemlidir.\nKullan\u0131c\u0131 hileli bir siteye d\u00fc\u015ferse, bonus ve kazan\u00e7larla e\u011flenmeyecek, ancak ki\u015fisel verilerini kaybedecek veya cihaza vir\u00fcs bula\u015ft\u0131racakt\u0131r.    <\/p>\n","protected":false},"excerpt":{"rendered":"<p>Crash oyunlar\u0131 kavram\u0131 2000&#8217;li y\u0131llar\u0131n ba\u015f\u0131nda ortaya \u00e7\u0131km\u0131\u015ft\u0131r. Ancak, son birka\u00e7 y\u0131lda giderek daha pop\u00fcler hale geldiler. H\u0131zl\u0131 para kazanma oyunlar\u0131 neredeyse t\u00fcm \u00e7evrimi\u00e7i casinolarda sunulmaktad\u0131r. Her tur heyecan verici ve adrenalin doludur. H\u0131zl\u0131 oyunlar basit bir oynan\u0131\u015fla karakterize edilir: \u00e7arpan artar, buna ba\u011fl\u0131 olarak kazan\u00e7lar artar, felaketten \u00f6nce paray\u0131 almay\u0131 ba\u015farman\u0131z gerekir. Para \u00e7ekme [&hellip;]<\/p>\n","protected":false},"author":2,"featured_media":0,"parent":0,"menu_order":0,"comment_status":"closed","ping_status":"closed","template":"","meta":{"footnotes":""},"yoast_head":"<!-- This site is optimized with the Yoast SEO plugin v21.7 - https:\/\/yoast.com\/wordpress\/plugins\/seo\/ -->\n<title>Para i\u00e7in \u00c7arp\u0131\u015fma Oyunlar\u0131 (para \u00e7ekme ile h\u0131zl\u0131 \u00e7evrimi\u00e7i \u00c7arp\u0131\u015fma Oyunu)<\/title>\n<meta name=\"description\" content=\"\u00c7arp\u0131\u015fma oyunlar\u0131 pop\u00fclerdir \u00e7\u00fcnk\u00fc h\u0131zl\u0131 para kazanma f\u0131rsat\u0131 sunarlar. Bir \u00e7arp\u0131\u015fman\u0131n oldu\u011fu para oyunlar\u0131 basit kurallarla karakterize edilir. Ayn\u0131 zamanda, \u00e7ok heyecan verici ve kumard\u0131r.\" \/>\n<meta name=\"robots\" content=\"index, follow, max-snippet:-1, max-image-preview:large, max-video-preview:-1\" \/>\n<link rel=\"canonical\" href=\"https:\/\/aviator-crash.org\/tr\/para-cekme-ile-cevrimici-hizli-nakit-oyunlari\/\" \/>\n<meta property=\"og:locale\" content=\"tr_TR\" \/>\n<meta property=\"og:type\" content=\"article\" \/>\n<meta property=\"og:title\" content=\"Para i\u00e7in \u00c7arp\u0131\u015fma Oyunlar\u0131 (para \u00e7ekme ile h\u0131zl\u0131 \u00e7evrimi\u00e7i \u00c7arp\u0131\u015fma Oyunu)\" \/>\n<meta property=\"og:description\" content=\"\u00c7arp\u0131\u015fma oyunlar\u0131 pop\u00fclerdir \u00e7\u00fcnk\u00fc h\u0131zl\u0131 para kazanma f\u0131rsat\u0131 sunarlar. Bir \u00e7arp\u0131\u015fman\u0131n oldu\u011fu para oyunlar\u0131 basit kurallarla karakterize edilir. Ayn\u0131 zamanda, \u00e7ok heyecan verici ve kumard\u0131r.\" \/>\n<meta property=\"og:url\" content=\"https:\/\/aviator-crash.org\/tr\/para-cekme-ile-cevrimici-hizli-nakit-oyunlari\/\" \/>\n<meta property=\"article:modified_time\" content=\"2024-02-02T19:43:57+00:00\" \/>\n<meta property=\"og:image\" content=\"https:\/\/aviator-crash.org\/wp-content\/uploads\/2024\/01\/aviator-minigame-logo-4.png\" \/>\n<meta name=\"twitter:card\" content=\"summary_large_image\" \/>\n<meta name=\"twitter:label1\" content=\"Est. reading time\" \/>\n\t<meta name=\"twitter:data1\" content=\"6 dakika\" \/>\n<script type=\"application\/ld+json\" class=\"yoast-schema-graph\">{\"@context\":\"https:\/\/schema.org\",\"@graph\":[{\"@type\":\"WebPage\",\"@id\":\"https:\/\/aviator-crash.org\/tr\/para-cekme-ile-cevrimici-hizli-nakit-oyunlari\/\",\"url\":\"https:\/\/aviator-crash.org\/tr\/para-cekme-ile-cevrimici-hizli-nakit-oyunlari\/\",\"name\":\"Para i\u00e7in \u00c7arp\u0131\u015fma Oyunlar\u0131 (para \u00e7ekme ile h\u0131zl\u0131 \u00e7evrimi\u00e7i \u00c7arp\u0131\u015fma Oyunu)\",\"isPartOf\":{\"@id\":\"https:\/\/aviator-crash.org\/tr\/#website\"},\"datePublished\":\"2023-12-27T19:12:26+00:00\",\"dateModified\":\"2024-02-02T19:43:57+00:00\",\"description\":\"\u00c7arp\u0131\u015fma oyunlar\u0131 pop\u00fclerdir \u00e7\u00fcnk\u00fc h\u0131zl\u0131 para kazanma f\u0131rsat\u0131 sunarlar. Bir \u00e7arp\u0131\u015fman\u0131n oldu\u011fu para oyunlar\u0131 basit kurallarla karakterize edilir. Ayn\u0131 zamanda, \u00e7ok heyecan verici ve kumard\u0131r.\",\"breadcrumb\":{\"@id\":\"https:\/\/aviator-crash.org\/tr\/para-cekme-ile-cevrimici-hizli-nakit-oyunlari\/#breadcrumb\"},\"inLanguage\":\"tr\",\"potentialAction\":[{\"@type\":\"ReadAction\",\"target\":[\"https:\/\/aviator-crash.org\/tr\/para-cekme-ile-cevrimici-hizli-nakit-oyunlari\/\"]}]},{\"@type\":\"BreadcrumbList\",\"@id\":\"https:\/\/aviator-crash.org\/tr\/para-cekme-ile-cevrimici-hizli-nakit-oyunlari\/#breadcrumb\",\"itemListElement\":[{\"@type\":\"ListItem\",\"position\":1,\"name\":\"Home\",\"item\":\"https:\/\/aviator-crash.org\/tr\/aviator-oyunu-gercek-para-icin-cevrimici\/\"},{\"@type\":\"ListItem\",\"position\":2,\"name\":\"Para \u00e7ekme ile \u00e7evrimi\u00e7i h\u0131zl\u0131 nakit oyunlar\u0131\"}]},{\"@type\":\"WebSite\",\"@id\":\"https:\/\/aviator-crash.org\/tr\/#website\",\"url\":\"https:\/\/aviator-crash.org\/tr\/\",\"name\":\"\",\"description\":\"\",\"potentialAction\":[{\"@type\":\"SearchAction\",\"target\":{\"@type\":\"EntryPoint\",\"urlTemplate\":\"https:\/\/aviator-crash.org\/tr\/?s={search_term_string}\"},\"query-input\":\"required name=search_term_string\"}],\"inLanguage\":\"tr\"}]}<\/script>\n<!-- \/ Yoast SEO plugin. -->","yoast_head_json":{"title":"Para i\u00e7in \u00c7arp\u0131\u015fma Oyunlar\u0131 (para \u00e7ekme ile h\u0131zl\u0131 \u00e7evrimi\u00e7i \u00c7arp\u0131\u015fma Oyunu)","description":"\u00c7arp\u0131\u015fma oyunlar\u0131 pop\u00fclerdir \u00e7\u00fcnk\u00fc h\u0131zl\u0131 para kazanma f\u0131rsat\u0131 sunarlar. Bir \u00e7arp\u0131\u015fman\u0131n oldu\u011fu para oyunlar\u0131 basit kurallarla karakterize edilir. Ayn\u0131 zamanda, \u00e7ok heyecan verici ve kumard\u0131r.","robots":{"index":"index","follow":"follow","max-snippet":"max-snippet:-1","max-image-preview":"max-image-preview:large","max-video-preview":"max-video-preview:-1"},"canonical":"https:\/\/aviator-crash.org\/tr\/para-cekme-ile-cevrimici-hizli-nakit-oyunlari\/","og_locale":"tr_TR","og_type":"article","og_title":"Para i\u00e7in \u00c7arp\u0131\u015fma Oyunlar\u0131 (para \u00e7ekme ile h\u0131zl\u0131 \u00e7evrimi\u00e7i \u00c7arp\u0131\u015fma Oyunu)","og_description":"\u00c7arp\u0131\u015fma oyunlar\u0131 pop\u00fclerdir \u00e7\u00fcnk\u00fc h\u0131zl\u0131 para kazanma f\u0131rsat\u0131 sunarlar. Bir \u00e7arp\u0131\u015fman\u0131n oldu\u011fu para oyunlar\u0131 basit kurallarla karakterize edilir. Ayn\u0131 zamanda, \u00e7ok heyecan verici ve kumard\u0131r.","og_url":"https:\/\/aviator-crash.org\/tr\/para-cekme-ile-cevrimici-hizli-nakit-oyunlari\/","article_modified_time":"2024-02-02T19:43:57+00:00","og_image":[{"url":"https:\/\/aviator-crash.org\/wp-content\/uploads\/2024\/01\/aviator-minigame-logo-4.png"}],"twitter_card":"summary_large_image","twitter_misc":{"Est. reading time":"6 dakika"},"schema":{"@context":"https:\/\/schema.org","@graph":[{"@type":"WebPage","@id":"https:\/\/aviator-crash.org\/tr\/para-cekme-ile-cevrimici-hizli-nakit-oyunlari\/","url":"https:\/\/aviator-crash.org\/tr\/para-cekme-ile-cevrimici-hizli-nakit-oyunlari\/","name":"Para i\u00e7in \u00c7arp\u0131\u015fma Oyunlar\u0131 (para \u00e7ekme ile h\u0131zl\u0131 \u00e7evrimi\u00e7i \u00c7arp\u0131\u015fma Oyunu)","isPartOf":{"@id":"https:\/\/aviator-crash.org\/tr\/#website"},"datePublished":"2023-12-27T19:12:26+00:00","dateModified":"2024-02-02T19:43:57+00:00","description":"\u00c7arp\u0131\u015fma oyunlar\u0131 pop\u00fclerdir \u00e7\u00fcnk\u00fc h\u0131zl\u0131 para kazanma f\u0131rsat\u0131 sunarlar. Bir \u00e7arp\u0131\u015fman\u0131n oldu\u011fu para oyunlar\u0131 basit kurallarla karakterize edilir. Ayn\u0131 zamanda, \u00e7ok heyecan verici ve kumard\u0131r.","breadcrumb":{"@id":"https:\/\/aviator-crash.org\/tr\/para-cekme-ile-cevrimici-hizli-nakit-oyunlari\/#breadcrumb"},"inLanguage":"tr","potentialAction":[{"@type":"ReadAction","target":["https:\/\/aviator-crash.org\/tr\/para-cekme-ile-cevrimici-hizli-nakit-oyunlari\/"]}]},{"@type":"BreadcrumbList","@id":"https:\/\/aviator-crash.org\/tr\/para-cekme-ile-cevrimici-hizli-nakit-oyunlari\/#breadcrumb","itemListElement":[{"@type":"ListItem","position":1,"name":"Home","item":"https:\/\/aviator-crash.org\/tr\/aviator-oyunu-gercek-para-icin-cevrimici\/"},{"@type":"ListItem","position":2,"name":"Para \u00e7ekme ile \u00e7evrimi\u00e7i h\u0131zl\u0131 nakit oyunlar\u0131"}]},{"@type":"WebSite","@id":"https:\/\/aviator-crash.org\/tr\/#website","url":"https:\/\/aviator-crash.org\/tr\/","name":"","description":"","potentialAction":[{"@type":"SearchAction","target":{"@type":"EntryPoint","urlTemplate":"https:\/\/aviator-crash.org\/tr\/?s={search_term_string}"},"query-input":"required name=search_term_string"}],"inLanguage":"tr"}]}},"_links":{"self":[{"href":"https:\/\/aviator-crash.org\/tr\/wp-json\/wp\/v2\/pages\/3183"}],"collection":[{"href":"https:\/\/aviator-crash.org\/tr\/wp-json\/wp\/v2\/pages"}],"about":[{"href":"https:\/\/aviator-crash.org\/tr\/wp-json\/wp\/v2\/types\/page"}],"author":[{"embeddable":true,"href":"https:\/\/aviator-crash.org\/tr\/wp-json\/wp\/v2\/users\/2"}],"replies":[{"embeddable":true,"href":"https:\/\/aviator-crash.org\/tr\/wp-json\/wp\/v2\/comments?post=3183"}],"version-history":[{"count":1,"href":"https:\/\/aviator-crash.org\/tr\/wp-json\/wp\/v2\/pages\/3183\/revisions"}],"predecessor-version":[{"id":3191,"href":"https:\/\/aviator-crash.org\/tr\/wp-json\/wp\/v2\/pages\/3183\/revisions\/3191"}],"wp:attachment":[{"href":"https:\/\/aviator-crash.org\/tr\/wp-json\/wp\/v2\/media?parent=3183"}],"curies":[{"name":"wp","href":"https:\/\/api.w.org\/{rel}","templated":true}]}}