{"id":3695,"date":"2023-12-27T19:26:44","date_gmt":"2023-12-27T19:26:44","guid":{"rendered":"https:\/\/aviator-crash.org\/lucky-jet-1win-indir\/"},"modified":"2024-02-02T20:22:09","modified_gmt":"2024-02-02T20:22:09","slug":"lucky-jet-1win-indir","status":"publish","type":"page","link":"https:\/\/aviator-crash.org\/tr\/lucky-jet-1win-indir\/","title":{"rendered":"Lucky Jet 1win indir"},"content":{"rendered":"\n<figure class=\"wp-block-gallery has-nested-images columns-default is-cropped wp-block-gallery-1 is-layout-flex wp-block-gallery-is-layout-flex\">\n<figure class=\"wp-block-image size-large\"><span itemprop=\"image\" itemscope itemtype=\"https:\/\/schema.org\/ImageObject\"><img itemprop=\"url image\" loading=\"lazy\" decoding=\"async\" width=\"880\" height=\"500\" data-id=\"478\" src=\"https:\/\/aviator-crash.org\/wp-content\/uploads\/2024\/01\/lucky_jet_game-casino_yl6vvw.webp\" alt=\"\" class=\"wp-image-478\" srcset=\"https:\/\/aviator-crash.org\/wp-content\/uploads\/2024\/01\/lucky_jet_game-casino_yl6vvw.webp 880w, https:\/\/aviator-crash.org\/wp-content\/uploads\/2024\/01\/lucky_jet_game-casino_yl6vvw-300x170.webp 300w, https:\/\/aviator-crash.org\/wp-content\/uploads\/2024\/01\/lucky_jet_game-casino_yl6vvw-768x436.webp 768w\" sizes=\"(max-width: 880px) 100vw, 880px\" \/><meta itemprop=\"width\" content=\"880\"><meta itemprop=\"height\" content=\"500\"><\/span><\/figure>\n<\/figure>\n\n<p>U\u00e7u\u015f ustal\u0131\u011f\u0131, kumar anlar\u0131 ve s\u0131n\u0131rs\u0131z uzay, Lucky Jet 1win adl\u0131 heyecan verici bir macerada bulu\u015fuyor.\nBu heyecan verici 1win oyunu, oyuncular\u0131 her manevran\u0131n zaferin anahtar\u0131 olabilece\u011fi e\u015fsiz bir heyecan ve macera d\u00fcnyas\u0131na g\u00f6t\u00fcr\u00fcyor. <\/p>\n\n<p>Lucky Jet 1win sadece bir android oyunu de\u011fil, her an\u0131n gidi\u015fat\u0131 de\u011fi\u015ftirebilece\u011fi kumar sava\u015flar\u0131n\u0131n heyecan verici d\u00fcnyas\u0131na dalmak i\u00e7in bir f\u0131rsatt\u0131r.\nLucky Jet oyununun resmi uygulamas\u0131n\u0131 Onewin sitesinden indirebilirsiniz.\nKi\u015fisel hesab\u0131n\u0131zda \u00f6d\u00fcllerinizi toplayabilir, arkada\u015flar\u0131n\u0131zla sava\u015fabilir ve rekabet edebilirsiniz.\nLucky Jet 1win uygulamas\u0131 \u00fccretsiz olarak indirilebilir.   <\/p>\n\n<h2 class=\"wp-block-heading\">Online oyun Lucky Jet&#8217;in avantaj\u0131<\/h2>\n\n<p>Bu uygulama bir\u00e7ok avantaj\u0131 olan heyecan verici bir \u00e7evrimi\u00e7i oyundur:<\/p>\n\n<ul>\n<li>\u0130lgin\u00e7 bir oynan\u0131\u015f.\nOyuncular, u\u00e7an makineleriyle havalanarak uzayda y\u00fcksek teknolojili sava\u015flar\u0131n tad\u0131n\u0131 \u00e7\u0131karabilirler. <\/li>\n\n\n\n<li>Bir s\u00fcr\u00fc heyecan verici g\u00f6rev.<\/li>\n\n\n\n<li>\u00c7ok oyunculu mod.\nEn \u00f6nemli avantajlardan biri, di\u011fer oyuncularla \u00e7evrimi\u00e7i oynama yetene\u011fidir.\nLucky Jet 1win&#8217;in bu modu hakk\u0131ndaki yorumlar son derece olumludur, \u00e7\u00fcnk\u00fc oyuncular arkada\u015flar\u0131yla veya di\u011fer oyuncularla sava\u015fabilir, rekabet edebilir ve i\u015fbirli\u011fi yapabilir, bu da sosyal bir y\u00f6n ve dinamik bir oyun deneyimi ekler.  <\/li>\n\n\n\n<li>U\u00e7an Makinelerin \u00d6zelle\u015ftirilmesi.\nOyuncular u\u00e7an makinelerini \u00f6zelle\u015ftirme ve geli\u015ftirme olana\u011f\u0131na sahiptir.\nBu, oyuna ki\u015fiselle\u015ftirilmi\u015f bir yakla\u015f\u0131m yaratarak her oyuncunun kendi tarz\u0131n\u0131 ve stratejisini geli\u015ftirmesine olanak tan\u0131r.  <\/li>\n\n\n\n<li>G\u00f6rsel olarak \u00e7ekici tasar\u0131m.\n1win Lucky Jet oyunu, oyun d\u00fcnyas\u0131n\u0131 renkli ve g\u00f6rsel olarak \u00e7ekici k\u0131lan etkileyici grafiklere ve tasar\u0131ma sahiptir. <\/li>\n\n\n\n<li>D\u00fczenli g\u00fcncellemeler.<\/li>\n<\/ul>\n\n<p>Bu faydalar\u0131 g\u00f6z \u00f6n\u00fcnde bulunduran Lucky Jet, dinamik aksiyon, sosyal etkile\u015fim ve stratejik d\u00fc\u015f\u00fcnme unsurlar\u0131n\u0131 birle\u015ftirerek s\u00fcr\u00fckleyici bir oyun deneyimi sunar.<\/p>\n\n<h2 class=\"wp-block-heading\">Lucky Jet nas\u0131l oynan\u0131r?<\/h2>\n\n<p>Oyuncular, gerekirse bir hesap olu\u015fturarak ve u\u00e7aklar\u0131n\u0131 se\u00e7erek ba\u015flarlar.\nOyuncular\u0131 kontrollere ve oyunun temellerine al\u0131\u015ft\u0131rmak i\u00e7in \u00f6\u011freticiler sa\u011flanabilir.\n\u00dccretsiz bahisler i\u00e7in 1win Lucky Jet kuponlar\u0131 olan veya olmayan oyun, oyuncular\u0131n ilerlemek ve kaynak kazanmak i\u00e7in tamamlamalar\u0131 gereken \u00e7e\u015fitli g\u00f6revler, g\u00f6revler veya hedefler i\u00e7erebilir.  <\/p>\n\n<p>Y\u00fcksek teknolojili bir u\u00e7a\u011f\u0131n kontrol\u00fc alt\u0131nda tehlikeli rakiplerle sava\u015fa giriyor, becerilerinizi geli\u015ftiriyor ve benzersiz \u00f6d\u00fcller topluyorsunuz.\nZafere giden yolda ilgi \u00e7ekici g\u00f6revler, nefes kesici uzay manzaralar\u0131 ve \u00f6ng\u00f6r\u00fclemeyen kar\u015f\u0131la\u015fmalar sizi bekliyor. <\/p>\n\n<p>Lucky Jet&#8217;teki sava\u015flar tipik olarak rakiplerin \u00fcstesinden gelmek i\u00e7in \u00e7e\u015fitli manevralar, silahlar ve taktiksel \u00e7\u00f6z\u00fcmler kullanmay\u0131 i\u00e7erir.\nOyuncular bilgisayar rakipleriyle kar\u015f\u0131la\u015fabilir veya di\u011fer oyuncularla \u00e7ok oyunculu sava\u015flara kat\u0131labilirler. <\/p>\n\n<p>Harika zaman ge\u00e7irmek istiyorsan\u0131z, Lucky Jet 1win&#8217;i kesinlikle cihaz\u0131n\u0131za indirmelisiniz.\nBundan sonra, zafere ula\u015fmak i\u00e7in becerilerinizi, stratejilerinizi ve yeteneklerinizi kullanarak uzay sava\u015flar\u0131nda dinamik ve kumar deneyiminin tad\u0131n\u0131 \u00e7\u0131karma f\u0131rsat\u0131 verilir. <\/p>\n\n<h2 class=\"wp-block-heading\">Lucky Jet&#8217;te nas\u0131l kazan\u0131l\u0131r<\/h2>\n\n<p>Kazanmak \u00e7e\u015fitli fakt\u00f6rlere ba\u011fl\u0131 olabilir ve Lucky Jet 1win ile strateji olu\u015fturmak ve oyunda ba\u015far\u0131l\u0131 olmak i\u00e7in becerilerinizi geli\u015ftirmek \u00f6nemlidir.\n\u0130\u015fte Lucky Jet&#8217;te ba\u015far\u0131l\u0131 olman\u0131za yard\u0131mc\u0131 olabilecek baz\u0131 ipu\u00e7lar\u0131: <\/p>\n\n<ul>\n<li>Kontrollere a\u015fina olun.\nU\u00e7an bir arac\u0131n kontrollerini \u00f6\u011frenin.\nMevcut t\u00fcm manevralar\u0131 ve komutlar\u0131 anlamak, sava\u015fta etkili bir \u015fekilde kontrol etmenize yard\u0131mc\u0131 olacakt\u0131r.  <\/li>\n\n\n\n<li>One Win Lucky Jet&#8217;te bir e\u011fitim kursu al\u0131n.\nBu, oyunun temellerini \u00f6\u011frenmenize ve farkl\u0131 taktikleri nas\u0131l kullanaca\u011f\u0131n\u0131z\u0131 \u00f6\u011frenmenize yard\u0131mc\u0131 olacakt\u0131r. <\/li>\n\n\n\n<li>Uygun hava arac\u0131n\u0131 se\u00e7in.\nBaz\u0131lar\u0131 sald\u0131rmada daha iyi olabilirken, di\u011ferleri ka\u00e7mada daha iyi olabilir. <\/li>\n\n\n\n<li>Cihaz\u0131n\u0131z\u0131 geli\u015ftirin.\nOyunda kazand\u0131\u011f\u0131n\u0131z kaynaklar\u0131 kullanarak u\u00e7an cihaz\u0131n\u0131z\u0131 y\u00fckseltin.\nBu, sava\u015flarda \u015fans\u0131n\u0131z\u0131 art\u0131racak ve sizi daha rekabet\u00e7i hale getirecektir.  <\/li>\n\n\n\n<li>Her d\u00f6v\u00fc\u015f i\u00e7in bir Lucky Jet 1Win stratejisi geli\u015ftirin.<\/li>\n<\/ul>\n\n<p>\u00c7evreyi avantaj\u0131n\u0131za kullan\u0131n, sald\u0131r\u0131lardan ka\u00e7\u0131n\u0131n, rakiplerinizin zay\u0131fl\u0131klar\u0131n\u0131 aray\u0131n.\nDaha etkili bir zafer i\u00e7in k\u00fc\u00e7\u00fck olas\u0131l\u0131kl\u0131 bir stratejiyi tercih etmek en iyisidir. <\/p>\n\n<p>Her oyunun kendine \u00f6zg\u00fc dinamikleri olabilece\u011fini unutmay\u0131n, bu nedenle Lucky Jet&#8217;te oyun becerilerinizi geli\u015ftirme s\u00fcrecini deneyin, uyarlay\u0131n ve keyfini \u00e7\u0131kar\u0131n.<\/p>\n\n<h2 class=\"wp-block-heading\">Lucky Jet oyun kurallar\u0131<\/h2>\n\n<p>Bu oyunun bir di\u011fer avantaj\u0131 da kurallar\u0131n basitli\u011fi ve eri\u015filebilirli\u011fidir.\nBurada, ana amac\u0131 bahislerinizi zaman\u0131nda yapmak olan birka\u00e7 tur vard\u0131r.\nLucky Jet 1win incelemeleri, burada her \u015feyin g\u00f6r\u00fcnd\u00fc\u011f\u00fc kadar kolay olmad\u0131\u011f\u0131n\u0131n kan\u0131t\u0131d\u0131r.\nMiktar\u0131 zaman\u0131nda yat\u0131rmak \u00f6nemlidir, aksi takdirde yanabilir.\nRisk almak m\u0131 yoksa daha uygun bir an\u0131 beklemek mi istiyorsunuz?\nHer \u015fey sadece size ba\u011fl\u0131d\u0131r.     <\/p>\n\n<h2 class=\"wp-block-heading\">Kuponlar<\/h2>\n\n<p>Lucky Jet kuponlar\u0131, oyuncular\u0131n baz\u0131 bonuslar, kaynaklar veya di\u011fer avantajlar elde etmek i\u00e7in oyuna girebilecekleri \u00f6zel kodlard\u0131r.\nBunlar\u0131 1Win web sitesinden \u00f6\u011frenebilirsiniz.\nD\u00fczenli olarak g\u00f6r\u00fcnecekler ve oyuncular\u0131 yeni f\u0131rsatlar ve daha uygun tekliflerle memnun edecekler.  <\/p>\n\n<h2 class=\"wp-block-heading\">G\u00f6r\u00fc\u015fler<\/h2>\n\n<p>\u0130\u015fte baz\u0131 kullan\u0131c\u0131 yorumlar\u0131:<\/p>\n\n<p><\/p>\n","protected":false},"excerpt":{"rendered":"<p>U\u00e7u\u015f ustal\u0131\u011f\u0131, kumar anlar\u0131 ve s\u0131n\u0131rs\u0131z uzay, Lucky Jet 1win adl\u0131 heyecan verici bir macerada bulu\u015fuyor. Bu heyecan verici 1win oyunu, oyuncular\u0131 her manevran\u0131n zaferin anahtar\u0131 olabilece\u011fi e\u015fsiz bir heyecan ve macera d\u00fcnyas\u0131na g\u00f6t\u00fcr\u00fcyor. Lucky Jet 1win sadece bir android oyunu de\u011fil, her an\u0131n gidi\u015fat\u0131 de\u011fi\u015ftirebilece\u011fi kumar sava\u015flar\u0131n\u0131n heyecan verici d\u00fcnyas\u0131na dalmak i\u00e7in bir f\u0131rsatt\u0131r. [&hellip;]<\/p>\n","protected":false},"author":2,"featured_media":0,"parent":0,"menu_order":0,"comment_status":"open","ping_status":"closed","template":"","meta":{"footnotes":""},"yoast_head":"<!-- This site is optimized with the Yoast SEO plugin v21.7 - https:\/\/yoast.com\/wordpress\/plugins\/seo\/ -->\n<title>1win Casino&#039;da Lucky Jet oyunu, indir<\/title>\n<meta name=\"description\" content=\"Size iyi para kazanma f\u0131rsat\u0131 sunan 1win Casino&#039;daki uluslararas\u0131 pop\u00fcler Lucky Jet oyunu hakk\u0131nda bir inceleme. Oyunun temel \u00f6zelliklerini, avantajlar\u0131n\u0131 ve kurallar\u0131n\u0131 \u00f6\u011frenin. Ba\u015flay\u0131n ve kazanc\u0131n\u0131z\u0131 art\u0131r\u0131n!\" \/>\n<meta name=\"robots\" content=\"index, follow, max-snippet:-1, max-image-preview:large, max-video-preview:-1\" \/>\n<link rel=\"canonical\" href=\"https:\/\/aviator-crash.org\/tr\/lucky-jet-1win-indir\/\" \/>\n<meta property=\"og:locale\" content=\"tr_TR\" \/>\n<meta property=\"og:type\" content=\"article\" \/>\n<meta property=\"og:title\" content=\"1win Casino&#039;da Lucky Jet oyunu, indir\" \/>\n<meta property=\"og:description\" content=\"Size iyi para kazanma f\u0131rsat\u0131 sunan 1win Casino&#039;daki uluslararas\u0131 pop\u00fcler Lucky Jet oyunu hakk\u0131nda bir inceleme. Oyunun temel \u00f6zelliklerini, avantajlar\u0131n\u0131 ve kurallar\u0131n\u0131 \u00f6\u011frenin. Ba\u015flay\u0131n ve kazanc\u0131n\u0131z\u0131 art\u0131r\u0131n!\" \/>\n<meta property=\"og:url\" content=\"https:\/\/aviator-crash.org\/tr\/lucky-jet-1win-indir\/\" \/>\n<meta property=\"article:modified_time\" content=\"2024-02-02T20:22:09+00:00\" \/>\n<meta property=\"og:image\" content=\"https:\/\/aviator-crash.org\/wp-content\/uploads\/2024\/01\/lucky_jet_game-casino_yl6vvw.webp\" \/>\n<meta name=\"twitter:card\" content=\"summary_large_image\" \/>\n<meta name=\"twitter:label1\" content=\"Est. reading time\" \/>\n\t<meta name=\"twitter:data1\" content=\"4 dakika\" \/>\n<script type=\"application\/ld+json\" class=\"yoast-schema-graph\">{\"@context\":\"https:\/\/schema.org\",\"@graph\":[{\"@type\":\"WebPage\",\"@id\":\"https:\/\/aviator-crash.org\/tr\/lucky-jet-1win-indir\/\",\"url\":\"https:\/\/aviator-crash.org\/tr\/lucky-jet-1win-indir\/\",\"name\":\"1win Casino'da Lucky Jet oyunu, indir\",\"isPartOf\":{\"@id\":\"https:\/\/aviator-crash.org\/tr\/#website\"},\"datePublished\":\"2023-12-27T19:26:44+00:00\",\"dateModified\":\"2024-02-02T20:22:09+00:00\",\"description\":\"Size iyi para kazanma f\u0131rsat\u0131 sunan 1win Casino'daki uluslararas\u0131 pop\u00fcler Lucky Jet oyunu hakk\u0131nda bir inceleme. Oyunun temel \u00f6zelliklerini, avantajlar\u0131n\u0131 ve kurallar\u0131n\u0131 \u00f6\u011frenin. Ba\u015flay\u0131n ve kazanc\u0131n\u0131z\u0131 art\u0131r\u0131n!\",\"breadcrumb\":{\"@id\":\"https:\/\/aviator-crash.org\/tr\/lucky-jet-1win-indir\/#breadcrumb\"},\"inLanguage\":\"tr\",\"potentialAction\":[{\"@type\":\"ReadAction\",\"target\":[\"https:\/\/aviator-crash.org\/tr\/lucky-jet-1win-indir\/\"]}]},{\"@type\":\"BreadcrumbList\",\"@id\":\"https:\/\/aviator-crash.org\/tr\/lucky-jet-1win-indir\/#breadcrumb\",\"itemListElement\":[{\"@type\":\"ListItem\",\"position\":1,\"name\":\"Home\",\"item\":\"https:\/\/aviator-crash.org\/tr\/aviator-oyunu-gercek-para-icin-cevrimici\/\"},{\"@type\":\"ListItem\",\"position\":2,\"name\":\"Lucky Jet 1win indir\"}]},{\"@type\":\"WebSite\",\"@id\":\"https:\/\/aviator-crash.org\/tr\/#website\",\"url\":\"https:\/\/aviator-crash.org\/tr\/\",\"name\":\"\",\"description\":\"\",\"potentialAction\":[{\"@type\":\"SearchAction\",\"target\":{\"@type\":\"EntryPoint\",\"urlTemplate\":\"https:\/\/aviator-crash.org\/tr\/?s={search_term_string}\"},\"query-input\":\"required name=search_term_string\"}],\"inLanguage\":\"tr\"}]}<\/script>\n<!-- \/ Yoast SEO plugin. -->","yoast_head_json":{"title":"1win Casino'da Lucky Jet oyunu, indir","description":"Size iyi para kazanma f\u0131rsat\u0131 sunan 1win Casino'daki uluslararas\u0131 pop\u00fcler Lucky Jet oyunu hakk\u0131nda bir inceleme. Oyunun temel \u00f6zelliklerini, avantajlar\u0131n\u0131 ve kurallar\u0131n\u0131 \u00f6\u011frenin. Ba\u015flay\u0131n ve kazanc\u0131n\u0131z\u0131 art\u0131r\u0131n!","robots":{"index":"index","follow":"follow","max-snippet":"max-snippet:-1","max-image-preview":"max-image-preview:large","max-video-preview":"max-video-preview:-1"},"canonical":"https:\/\/aviator-crash.org\/tr\/lucky-jet-1win-indir\/","og_locale":"tr_TR","og_type":"article","og_title":"1win Casino'da Lucky Jet oyunu, indir","og_description":"Size iyi para kazanma f\u0131rsat\u0131 sunan 1win Casino'daki uluslararas\u0131 pop\u00fcler Lucky Jet oyunu hakk\u0131nda bir inceleme. Oyunun temel \u00f6zelliklerini, avantajlar\u0131n\u0131 ve kurallar\u0131n\u0131 \u00f6\u011frenin. Ba\u015flay\u0131n ve kazanc\u0131n\u0131z\u0131 art\u0131r\u0131n!","og_url":"https:\/\/aviator-crash.org\/tr\/lucky-jet-1win-indir\/","article_modified_time":"2024-02-02T20:22:09+00:00","og_image":[{"url":"https:\/\/aviator-crash.org\/wp-content\/uploads\/2024\/01\/lucky_jet_game-casino_yl6vvw.webp"}],"twitter_card":"summary_large_image","twitter_misc":{"Est. reading time":"4 dakika"},"schema":{"@context":"https:\/\/schema.org","@graph":[{"@type":"WebPage","@id":"https:\/\/aviator-crash.org\/tr\/lucky-jet-1win-indir\/","url":"https:\/\/aviator-crash.org\/tr\/lucky-jet-1win-indir\/","name":"1win Casino'da Lucky Jet oyunu, indir","isPartOf":{"@id":"https:\/\/aviator-crash.org\/tr\/#website"},"datePublished":"2023-12-27T19:26:44+00:00","dateModified":"2024-02-02T20:22:09+00:00","description":"Size iyi para kazanma f\u0131rsat\u0131 sunan 1win Casino'daki uluslararas\u0131 pop\u00fcler Lucky Jet oyunu hakk\u0131nda bir inceleme. Oyunun temel \u00f6zelliklerini, avantajlar\u0131n\u0131 ve kurallar\u0131n\u0131 \u00f6\u011frenin. Ba\u015flay\u0131n ve kazanc\u0131n\u0131z\u0131 art\u0131r\u0131n!","breadcrumb":{"@id":"https:\/\/aviator-crash.org\/tr\/lucky-jet-1win-indir\/#breadcrumb"},"inLanguage":"tr","potentialAction":[{"@type":"ReadAction","target":["https:\/\/aviator-crash.org\/tr\/lucky-jet-1win-indir\/"]}]},{"@type":"BreadcrumbList","@id":"https:\/\/aviator-crash.org\/tr\/lucky-jet-1win-indir\/#breadcrumb","itemListElement":[{"@type":"ListItem","position":1,"name":"Home","item":"https:\/\/aviator-crash.org\/tr\/aviator-oyunu-gercek-para-icin-cevrimici\/"},{"@type":"ListItem","position":2,"name":"Lucky Jet 1win indir"}]},{"@type":"WebSite","@id":"https:\/\/aviator-crash.org\/tr\/#website","url":"https:\/\/aviator-crash.org\/tr\/","name":"","description":"","potentialAction":[{"@type":"SearchAction","target":{"@type":"EntryPoint","urlTemplate":"https:\/\/aviator-crash.org\/tr\/?s={search_term_string}"},"query-input":"required name=search_term_string"}],"inLanguage":"tr"}]}},"_links":{"self":[{"href":"https:\/\/aviator-crash.org\/tr\/wp-json\/wp\/v2\/pages\/3695"}],"collection":[{"href":"https:\/\/aviator-crash.org\/tr\/wp-json\/wp\/v2\/pages"}],"about":[{"href":"https:\/\/aviator-crash.org\/tr\/wp-json\/wp\/v2\/types\/page"}],"author":[{"embeddable":true,"href":"https:\/\/aviator-crash.org\/tr\/wp-json\/wp\/v2\/users\/2"}],"replies":[{"embeddable":true,"href":"https:\/\/aviator-crash.org\/tr\/wp-json\/wp\/v2\/comments?post=3695"}],"version-history":[{"count":1,"href":"https:\/\/aviator-crash.org\/tr\/wp-json\/wp\/v2\/pages\/3695\/revisions"}],"predecessor-version":[{"id":3697,"href":"https:\/\/aviator-crash.org\/tr\/wp-json\/wp\/v2\/pages\/3695\/revisions\/3697"}],"wp:attachment":[{"href":"https:\/\/aviator-crash.org\/tr\/wp-json\/wp\/v2\/media?parent=3695"}],"curies":[{"name":"wp","href":"https:\/\/api.w.org\/{rel}","templated":true}]}}