{"id":3743,"date":"2023-12-27T19:33:16","date_gmt":"2023-12-27T19:33:16","guid":{"rendered":"https:\/\/aviator-crash.org\/jet-x\/"},"modified":"2024-02-02T20:26:12","modified_gmt":"2024-02-02T20:26:12","slug":"jet-x","status":"publish","type":"page","link":"https:\/\/aviator-crash.org\/tr\/jet-x\/","title":{"rendered":"Jet X"},"content":{"rendered":"\n<figure class=\"wp-block-gallery has-nested-images columns-default is-cropped wp-block-gallery-1 is-layout-flex wp-block-gallery-is-layout-flex\">\n<figure class=\"wp-block-image size-large\"><span itemprop=\"image\" itemscope itemtype=\"https:\/\/schema.org\/ImageObject\"><img itemprop=\"url image\" loading=\"lazy\" decoding=\"async\" width=\"1024\" height=\"576\" data-id=\"475\" src=\"https:\/\/aviator-crash.org\/wp-content\/uploads\/2024\/01\/how-to-play-jet-x-game-on-my-cell-phone-1200x675-1-1024x576-1.webp\" alt=\"\" class=\"wp-image-475\" srcset=\"https:\/\/aviator-crash.org\/wp-content\/uploads\/2024\/01\/how-to-play-jet-x-game-on-my-cell-phone-1200x675-1-1024x576-1.webp 1024w, https:\/\/aviator-crash.org\/wp-content\/uploads\/2024\/01\/how-to-play-jet-x-game-on-my-cell-phone-1200x675-1-1024x576-1-300x169.webp 300w, https:\/\/aviator-crash.org\/wp-content\/uploads\/2024\/01\/how-to-play-jet-x-game-on-my-cell-phone-1200x675-1-1024x576-1-768x432.webp 768w\" sizes=\"(max-width: 1024px) 100vw, 1024px\" \/><meta itemprop=\"width\" content=\"1024\"><meta itemprop=\"height\" content=\"576\"><\/span><\/figure>\n<\/figure>\n\n<p>\u00dccretsiz olarak indirebilece\u011finiz Jet X oyunu d\u00fcnyas\u0131nda adrenalin yar\u0131\u015flar\u0131n\u0131n gelece\u011fine ho\u015f geldiniz!\nBu, h\u0131z, irtifa ve inan\u0131lmaz g\u00f6sterilerin tek bir g\u00fc\u00e7l\u00fc ak\u0131\u015fta birle\u015fti\u011fi Android i\u00e7in heyecan verici bir arcade resmi maceras\u0131d\u0131r.\nGeli\u015fmi\u015f bir u\u00e7an makinenin kokpitine ad\u0131m at\u0131n ve beklentilerinizin \u00f6tesine ge\u00e7ecek bir kovalamacaya haz\u0131rlan\u0131n.\nJet X stratejisini unutmay\u0131n!   <\/p>\n\n<p>Uygulamay\u0131, en pop\u00fclerlerden biri olarak kabul edilen bir bahis \u015firketi olan X Win&#8217;in web sitesinden kolayca indirebilirsiniz.\nKi\u015fisel bir hesap olu\u015fturun, oyunu ba\u015flat\u0131n ve yak\u0131nda yar\u0131\u015fmaya ba\u015flay\u0131n. <\/p>\n\n<h2 class=\"wp-block-heading\">Jet X \u00e7evrimi\u00e7i oyununun avantaj\u0131<\/h2>\n\n<p>Jet X online oyunu, arcade yar\u0131\u015f ve gelecekteki adrenalin hayranlar\u0131 i\u00e7in \u00e7ekici k\u0131lan \u00e7e\u015fitli avantajlara sahiptir:<\/p>\n\n<ul>\n<li>H\u0131z ve dinamizm.\nOyun, her saniyenin \u00f6nemli oldu\u011fu y\u00fcksek h\u0131zl\u0131 bir yar\u0131\u015f sunuyor.\nDinamik oynan\u0131\u015f ve \u00fc\u00e7 boyutlu alanda hareket \u00f6zg\u00fcrl\u00fc\u011f\u00fc ile X Jet oyuncular\u0131 y\u00fcksek h\u0131zl\u0131 yar\u0131\u015f\u0131n adrenalini ger\u00e7ekten hissediyor.  <\/li>\n\n\n\n<li>Benzersiz u\u00e7an makineler.\nOyuncular benzersiz \u00f6zelliklere sahip \u00e7e\u015fitli ve yenilik\u00e7i u\u00e7an makineler aras\u0131ndan se\u00e7im yapabilirler. <\/li>\n\n\n\n<li>\u00c7ok oyunculu modun kullan\u0131labilirli\u011fi.\nDi\u011fer oyuncularla \u00e7evrimi\u00e7i rekabet edebilme yetene\u011fi, rekabet ve sosyal etkile\u015fim unsuru ekler.\nJet X&#8217;i indirebilir ve arkada\u015flar\u0131n\u0131zla oyunun tad\u0131n\u0131 \u00e7\u0131karabilirsiniz.  <\/li>\n\n\n\n<li>Cihaz Geli\u015ftirme.\nOyuncular u\u00e7an makinelerini \u00f6zelle\u015ftirip geli\u015ftirerek kendi yar\u0131\u015f tarzlar\u0131na uygun hale getirebilirler.\nBu, her oyuncu i\u00e7in ki\u015fiselle\u015ftirilmi\u015f bir deneyim yarat\u0131r ve ilerledik\u00e7e makinelerini geli\u015ftirmelerine olanak tan\u0131r.  <\/li>\n\n\n\n<li>D\u00fczenli g\u00fcncellemeler.\nGeli\u015ftiriciler Jet X&#8217;i s\u00fcrekli g\u00fcncelleyerek yeni pistler, birimler, modlar ve \u00f6zellikler ekliyor. <\/li>\n<\/ul>\n\n<p>Bu avantajlar Jet X oyununu dinamik yar\u0131\u015flar\u0131, u\u00e7ak tasar\u0131m\u0131ndaki yenilikleri ve \u00e7evrimi\u00e7i oyunlar\u0131n rekabet\u00e7i ruhunu takdir edenler i\u00e7in \u00e7ekici k\u0131lmaktad\u0131r.<\/p>\n\n<h2 class=\"wp-block-heading\">Jet X nas\u0131l oynan\u0131r?<\/h2>\n\n<p>Jet X oyunu, gelecekte heyecan verici bir y\u00fcksek h\u0131zl\u0131 yar\u0131\u015f deneyimi sunar.\n\u0130\u015fte Jet X oynamaya nas\u0131l ba\u015flayaca\u011f\u0131n\u0131za dair genel y\u00f6nergeler: <\/p>\n\n<ol>\n<li>\u00d6ncelikle, oyunu platformunuzun (PC, konsol, mobil cihaz) talimatlar\u0131na g\u00f6re cihaz\u0131n\u0131za y\u00fckleyin.\nOyunu ba\u015flat\u0131n ve indirme i\u015fleminin tamamlanmas\u0131n\u0131 bekleyin. <\/li>\n\n\n\n<li>Oyuna ba\u015flad\u0131\u011f\u0131n\u0131zda, ilk u\u00e7an makinenizi se\u00e7meniz istenecektir.\nFarkl\u0131 ara\u00e7lar farkl\u0131 \u00f6zelliklere ve yeteneklere sahip olabilir, bu nedenle Jet X&#8217;i deneyebilir ve oynayabilirsiniz. <\/li>\n\n\n\n<li>U\u00e7an makinenizin kontrollerine kendinizi al\u0131\u015ft\u0131r\u0131n.\nBu genellikle platforma ba\u011fl\u0131 olarak tu\u015flar\u0131, joystickleri veya dokunmatik ekran\u0131 kullanmay\u0131 i\u00e7erir. <\/li>\n\n\n\n<li>Jet X, kampanya, \u00e7ok oyunculu sava\u015flar gibi \u00e7e\u015fitli oyun modlar\u0131 sunar.<\/li>\n\n\n\n<li>Bir pist se\u00e7in ve yar\u0131\u015fmaya ba\u015flay\u0131n.\nOyun moduna ba\u011fl\u0131 olarak de\u011fi\u015febilece\u011finden, her yar\u0131\u015f\u0131n ama\u00e7 ve hedeflerine dikkat edin.\nJet X program\u0131 seviyeye ba\u011fl\u0131 olarak de\u011fi\u015febilir.  <\/li>\n\n\n\n<li>Rakiplerinizle sava\u015fmak ve akrobasi hareketleri yapmak i\u00e7in u\u00e7an makinenizin yeteneklerini kullan\u0131n.\nBaz\u0131 oyun modlar\u0131nda, bu ek bonuslar veya h\u0131zlanma getirebilir. <\/li>\n\n\n\n<li>Yar\u0131\u015flar\u0131 ve sava\u015flar\u0131 tamamlad\u0131ktan sonra, u\u00e7an makinenizi geli\u015ftirmek ve \u00f6zelle\u015ftirmek i\u00e7in oyun i\u00e7i kaynaklar veya para kazan\u0131n.<\/li>\n\n\n\n<li>Geli\u015ftiriciler yeni pistler, ara\u00e7lar ve modlar ekleyebilece\u011finden oyundaki g\u00fcncellemeleri takip edin.<\/li>\n<\/ol>\n\n<p>Belirli \u015fartlar ve kurallar s\u00fcr\u00fcmden s\u00fcr\u00fcme de\u011fi\u015febilir.\nJet X incelemelerini ve \u00f6nerilerini okuyun, oyunun \u00f6z\u00fcne h\u0131zl\u0131 bir \u015fekilde girmenizi ve oynamaya ba\u015flaman\u0131z\u0131 sa\u011flayacakt\u0131r. <\/p>\n\n<h2 class=\"wp-block-heading\">Jet X&#8217;te nas\u0131l kazan\u0131l\u0131r?<\/h2>\n\n<p>Jet X oyununu ba\u015far\u0131l\u0131 bir \u015fekilde oynamak i\u00e7in beceriler geli\u015ftirmek ve yar\u0131\u015flar\u0131 ve sava\u015flar\u0131 kazanmak i\u00e7in stratejiler uygulamak \u00f6nemlidir.\n\u0130\u015fte oyunda ba\u015far\u0131l\u0131 olman\u0131za yard\u0131mc\u0131 olabilecek baz\u0131 ipu\u00e7lar\u0131.\n\u0130lk ve en \u00f6nemlisi, u\u00e7an makinenizin kontrollerinde ustala\u015f\u0131n.\nHer hareketi ve manevray\u0131 anlamak, farkl\u0131 durumlarda daha etkili bir \u015fekilde y\u00f6nlendirmenizi sa\u011flayacakt\u0131r.\nPistleri ke\u015ffedin ve \u00e7evreyi kendi yarar\u0131n\u0131za kullan\u0131n.    <\/p>\n\n<p>Denenmi\u015f ve test edilmi\u015f bir ba\u015fka ipucu da Jet X promosyon kodlar\u0131n\u0131 kullanmakt\u0131r. Uygun ko\u015fullar ve ekstra puan kazanma f\u0131rsat\u0131 sunarlar.\nPromosyon kodlar\u0131n\u0131 \u00f6zel oyun sitelerinde veya X Win&#8217;in belirli bir b\u00f6l\u00fcm\u00fcnde bulabilirsiniz. <\/p>\n\n<p>Jet X stratejisi dikkat edilmesi gereken bir di\u011fer \u00f6nemli noktad\u0131r.\nSava\u015f durumunda, silahlar\u0131 ve savunmalar\u0131 kullan\u0131rken aktif olun.\nD\u00fc\u015fmanlarla etkili etkile\u015fim, zafer \u015fans\u0131n\u0131z\u0131 \u00f6nemli \u00f6l\u00e7\u00fcde art\u0131rabilir.  <\/p>\n\n<p>Yar\u0131\u015flar ve sava\u015flar s\u0131ras\u0131nda dubl\u00f6r kullanmay\u0131 unutmay\u0131n.\nEk bonuslar ve h\u0131zlanmalar getirebilirler.\nBonuslar\u0131 ve ak\u0131ll\u0131ca yerle\u015ftirilmi\u015f bahisleri unutmay\u0131n.\nJet X oran hesaplama sisteminde t\u00fcm riskleri hesaplayabilir ve yetkin bir bahis yapabilirsiniz.\nAyr\u0131ca u\u00e7an makinenizi geli\u015ftirmek i\u00e7in f\u0131rsatlar\u0131 aktif olarak kullan\u0131n.\nPistleri dikkatlice inceleyin ve y\u00f6r\u00fcngenizi \u00f6nceden planlay\u0131n.\nOptimum yol se\u00e7imi ve h\u0131z kontrol\u00fc rakiplerinizi ge\u00e7menize yard\u0131mc\u0131 olacakt\u0131r.      <\/p>\n\n<p>Rakiplerinizin hareketlerine dikkat edin ve de\u011fi\u015fen pist ko\u015fullar\u0131na uyum sa\u011flay\u0131n.\nEsneklik ve uyarlanabilirlik, h\u0131zl\u0131 tempolu yar\u0131\u015flarda ba\u015far\u0131n\u0131n anahtar\u0131 olabilir.\nJet X oyunu veya demosu tak\u0131m oyunu sunuyorsa, tak\u0131m\u0131n\u0131zla aktif olarak ileti\u015fim kurun.  <\/p>\n\n<p>Jet X oyunu size yarat\u0131c\u0131l\u0131k ve taktiksel kararlar i\u00e7in alan sa\u011flar.\nKo\u015fullara uyum sa\u011flay\u0131n, Jet X oran sistemini ke\u015ffedin ve gelecekte h\u0131zl\u0131 ve heyecanl\u0131 yar\u0131\u015flar\u0131n tad\u0131n\u0131 \u00e7\u0131kar\u0131n! <\/p>\n\n<h2 class=\"wp-block-heading\">Jet X oyun kurallar\u0131<\/h2>\n\n<p>Ana hedef oyun moduna g\u00f6re de\u011fi\u015fir.\nPisti en k\u0131sa s\u00fcrede tamamlamak, rakiplerle sava\u015flar\u0131 kazanmak, akrobasi hareketleri yapmak veya \u00e7ok oyunculu modda belirli sonu\u00e7lara ula\u015fmak olabilir.\nOyun genellikle her biri benzersiz zorluklar sunan \u00e7e\u015fitli pistler ve seviyeler sunar.\nBunlar\u0131n hepsini Jet X web sitesinden \u00f6\u011frenebilirsiniz. Oyuncular, daha y\u00fcksek seviyeli pistlerin \u00fcstesinden daha ba\u015far\u0131l\u0131 bir \u015fekilde gelmek i\u00e7in u\u00e7an makinelerini pompalayabilirler.   <\/p>\n\n<p>Oyuncular platforma ba\u011fl\u0131 olarak klavye, joystick, gamepad veya dokunmatik ekran\u0131 kullanarak u\u00e7an ara\u00e7lar\u0131 kontrol eder.\nKontroller y\u00f6n de\u011fi\u015ftirmeyi, h\u0131z\u0131 ayarlamay\u0131 ve akrobasi hareketleri yapmay\u0131 i\u00e7erir.\nAkrobasi hareketleri yapmak h\u0131zlanma veya ekstra puan gibi bonuslar kazand\u0131rabilir.  <\/p>\n\n<p>Baz\u0131 oyun modlar\u0131nda, oyuncular ara\u00e7lar\u0131ndaki silahlar\u0131 kullanarak rakipleriyle sava\u015fabilirler.\nSilahlar f\u00fczeler, lazerler ve di\u011fer sald\u0131r\u0131 veya savunma ara\u00e7lar\u0131n\u0131 i\u00e7erebilir.\nOyuna ba\u015flamadan \u00f6nce Jet X&#8217;in stratejisine ve incelemelerine g\u00f6z at\u0131n.  <\/p>\n\n<h2 class=\"wp-block-heading\">Promosyon kodlar\u0131<\/h2>\n\n<p>Promosyon kodlar\u0131 genellikle oyunun geli\u015ftiricileri veya da\u011f\u0131t\u0131ld\u0131\u011f\u0131 platform taraf\u0131ndan sa\u011flan\u0131r.\nBunlar, oyuncular\u0131n kazanma \u015fanslar\u0131n\u0131 art\u0131rmalar\u0131 i\u00e7in \u00f6zel bonuslar veya fi\u015flerdir.\nPromosyon kodlar\u0131 \u00e7e\u015fitli kaynaklarda bulunabilir:  <\/p>\n\n<ul>\n<li>Resmi Web Sitesi.<\/li>\n\n\n\n<li>Sosyal Medya.<\/li>\n\n\n\n<li>Forumlar ve Topluluklar.<\/li>\n\n\n\n<li>Haber b\u00fcltenleri.<\/li>\n\n\n\n<li>Ortaklar ve Sponsorlar.<\/li>\n<\/ul>\n\n<h2 class=\"wp-block-heading\">G\u00f6r\u00fc\u015fler<\/h2>\n\n<p>\u0130\u015fte pop\u00fcler oyunla ilgili birka\u00e7 kullan\u0131c\u0131 yorumu:<\/p>\n","protected":false},"excerpt":{"rendered":"<p>\u00dccretsiz olarak indirebilece\u011finiz Jet X oyunu d\u00fcnyas\u0131nda adrenalin yar\u0131\u015flar\u0131n\u0131n gelece\u011fine ho\u015f geldiniz! Bu, h\u0131z, irtifa ve inan\u0131lmaz g\u00f6sterilerin tek bir g\u00fc\u00e7l\u00fc ak\u0131\u015fta birle\u015fti\u011fi Android i\u00e7in heyecan verici bir arcade resmi maceras\u0131d\u0131r. Geli\u015fmi\u015f bir u\u00e7an makinenin kokpitine ad\u0131m at\u0131n ve beklentilerinizin \u00f6tesine ge\u00e7ecek bir kovalamacaya haz\u0131rlan\u0131n. Jet X stratejisini unutmay\u0131n! Uygulamay\u0131, en pop\u00fclerlerden biri olarak kabul [&hellip;]<\/p>\n","protected":false},"author":2,"featured_media":0,"parent":0,"menu_order":0,"comment_status":"open","ping_status":"closed","template":"","meta":{"footnotes":""},"yoast_head":"<!-- This site is optimized with the Yoast SEO plugin v21.7 - https:\/\/yoast.com\/wordpress\/plugins\/seo\/ -->\n<title>Jet X casino oyunu, indir<\/title>\n<meta name=\"description\" content=\"Gelecek i\u00e7in benzersiz ve heyecan verici bir arcade deneyimi olan Jet X ile kendinizi y\u00fcksek h\u0131zl\u0131 yar\u0131\u015flar\u0131n heyecan verici d\u00fcnyas\u0131na b\u0131rak\u0131n. Kurallar\u0131 dikkatlice okuyun ve hemen direksiyonun ba\u015f\u0131na ge\u00e7in. \u0130lgin\u00e7 maceralar ve iyi bir zaman sizi bekliyor.\" \/>\n<meta name=\"robots\" content=\"index, follow, max-snippet:-1, max-image-preview:large, max-video-preview:-1\" \/>\n<link rel=\"canonical\" href=\"https:\/\/aviator-crash.org\/tr\/jet-x\/\" \/>\n<meta property=\"og:locale\" content=\"tr_TR\" \/>\n<meta property=\"og:type\" content=\"article\" \/>\n<meta property=\"og:title\" content=\"Jet X casino oyunu, indir\" \/>\n<meta property=\"og:description\" content=\"Gelecek i\u00e7in benzersiz ve heyecan verici bir arcade deneyimi olan Jet X ile kendinizi y\u00fcksek h\u0131zl\u0131 yar\u0131\u015flar\u0131n heyecan verici d\u00fcnyas\u0131na b\u0131rak\u0131n. Kurallar\u0131 dikkatlice okuyun ve hemen direksiyonun ba\u015f\u0131na ge\u00e7in. \u0130lgin\u00e7 maceralar ve iyi bir zaman sizi bekliyor.\" \/>\n<meta property=\"og:url\" content=\"https:\/\/aviator-crash.org\/tr\/jet-x\/\" \/>\n<meta property=\"article:modified_time\" content=\"2024-02-02T20:26:12+00:00\" \/>\n<meta property=\"og:image\" content=\"https:\/\/aviator-crash.org\/wp-content\/uploads\/2024\/01\/how-to-play-jet-x-game-on-my-cell-phone-1200x675-1-1024x576-1.webp\" \/>\n<meta name=\"twitter:card\" content=\"summary_large_image\" \/>\n<meta name=\"twitter:label1\" content=\"Est. reading time\" \/>\n\t<meta name=\"twitter:data1\" content=\"6 dakika\" \/>\n<script type=\"application\/ld+json\" class=\"yoast-schema-graph\">{\"@context\":\"https:\/\/schema.org\",\"@graph\":[{\"@type\":\"WebPage\",\"@id\":\"https:\/\/aviator-crash.org\/tr\/jet-x\/\",\"url\":\"https:\/\/aviator-crash.org\/tr\/jet-x\/\",\"name\":\"Jet X casino oyunu, indir\",\"isPartOf\":{\"@id\":\"https:\/\/aviator-crash.org\/tr\/#website\"},\"datePublished\":\"2023-12-27T19:33:16+00:00\",\"dateModified\":\"2024-02-02T20:26:12+00:00\",\"description\":\"Gelecek i\u00e7in benzersiz ve heyecan verici bir arcade deneyimi olan Jet X ile kendinizi y\u00fcksek h\u0131zl\u0131 yar\u0131\u015flar\u0131n heyecan verici d\u00fcnyas\u0131na b\u0131rak\u0131n. Kurallar\u0131 dikkatlice okuyun ve hemen direksiyonun ba\u015f\u0131na ge\u00e7in. \u0130lgin\u00e7 maceralar ve iyi bir zaman sizi bekliyor.\",\"breadcrumb\":{\"@id\":\"https:\/\/aviator-crash.org\/tr\/jet-x\/#breadcrumb\"},\"inLanguage\":\"tr\",\"potentialAction\":[{\"@type\":\"ReadAction\",\"target\":[\"https:\/\/aviator-crash.org\/tr\/jet-x\/\"]}]},{\"@type\":\"BreadcrumbList\",\"@id\":\"https:\/\/aviator-crash.org\/tr\/jet-x\/#breadcrumb\",\"itemListElement\":[{\"@type\":\"ListItem\",\"position\":1,\"name\":\"Home\",\"item\":\"https:\/\/aviator-crash.org\/tr\/aviator-oyunu-gercek-para-icin-cevrimici\/\"},{\"@type\":\"ListItem\",\"position\":2,\"name\":\"Jet X\"}]},{\"@type\":\"WebSite\",\"@id\":\"https:\/\/aviator-crash.org\/tr\/#website\",\"url\":\"https:\/\/aviator-crash.org\/tr\/\",\"name\":\"\",\"description\":\"\",\"potentialAction\":[{\"@type\":\"SearchAction\",\"target\":{\"@type\":\"EntryPoint\",\"urlTemplate\":\"https:\/\/aviator-crash.org\/tr\/?s={search_term_string}\"},\"query-input\":\"required name=search_term_string\"}],\"inLanguage\":\"tr\"}]}<\/script>\n<!-- \/ Yoast SEO plugin. -->","yoast_head_json":{"title":"Jet X casino oyunu, indir","description":"Gelecek i\u00e7in benzersiz ve heyecan verici bir arcade deneyimi olan Jet X ile kendinizi y\u00fcksek h\u0131zl\u0131 yar\u0131\u015flar\u0131n heyecan verici d\u00fcnyas\u0131na b\u0131rak\u0131n. Kurallar\u0131 dikkatlice okuyun ve hemen direksiyonun ba\u015f\u0131na ge\u00e7in. \u0130lgin\u00e7 maceralar ve iyi bir zaman sizi bekliyor.","robots":{"index":"index","follow":"follow","max-snippet":"max-snippet:-1","max-image-preview":"max-image-preview:large","max-video-preview":"max-video-preview:-1"},"canonical":"https:\/\/aviator-crash.org\/tr\/jet-x\/","og_locale":"tr_TR","og_type":"article","og_title":"Jet X casino oyunu, indir","og_description":"Gelecek i\u00e7in benzersiz ve heyecan verici bir arcade deneyimi olan Jet X ile kendinizi y\u00fcksek h\u0131zl\u0131 yar\u0131\u015flar\u0131n heyecan verici d\u00fcnyas\u0131na b\u0131rak\u0131n. Kurallar\u0131 dikkatlice okuyun ve hemen direksiyonun ba\u015f\u0131na ge\u00e7in. \u0130lgin\u00e7 maceralar ve iyi bir zaman sizi bekliyor.","og_url":"https:\/\/aviator-crash.org\/tr\/jet-x\/","article_modified_time":"2024-02-02T20:26:12+00:00","og_image":[{"url":"https:\/\/aviator-crash.org\/wp-content\/uploads\/2024\/01\/how-to-play-jet-x-game-on-my-cell-phone-1200x675-1-1024x576-1.webp"}],"twitter_card":"summary_large_image","twitter_misc":{"Est. reading time":"6 dakika"},"schema":{"@context":"https:\/\/schema.org","@graph":[{"@type":"WebPage","@id":"https:\/\/aviator-crash.org\/tr\/jet-x\/","url":"https:\/\/aviator-crash.org\/tr\/jet-x\/","name":"Jet X casino oyunu, indir","isPartOf":{"@id":"https:\/\/aviator-crash.org\/tr\/#website"},"datePublished":"2023-12-27T19:33:16+00:00","dateModified":"2024-02-02T20:26:12+00:00","description":"Gelecek i\u00e7in benzersiz ve heyecan verici bir arcade deneyimi olan Jet X ile kendinizi y\u00fcksek h\u0131zl\u0131 yar\u0131\u015flar\u0131n heyecan verici d\u00fcnyas\u0131na b\u0131rak\u0131n. Kurallar\u0131 dikkatlice okuyun ve hemen direksiyonun ba\u015f\u0131na ge\u00e7in. \u0130lgin\u00e7 maceralar ve iyi bir zaman sizi bekliyor.","breadcrumb":{"@id":"https:\/\/aviator-crash.org\/tr\/jet-x\/#breadcrumb"},"inLanguage":"tr","potentialAction":[{"@type":"ReadAction","target":["https:\/\/aviator-crash.org\/tr\/jet-x\/"]}]},{"@type":"BreadcrumbList","@id":"https:\/\/aviator-crash.org\/tr\/jet-x\/#breadcrumb","itemListElement":[{"@type":"ListItem","position":1,"name":"Home","item":"https:\/\/aviator-crash.org\/tr\/aviator-oyunu-gercek-para-icin-cevrimici\/"},{"@type":"ListItem","position":2,"name":"Jet X"}]},{"@type":"WebSite","@id":"https:\/\/aviator-crash.org\/tr\/#website","url":"https:\/\/aviator-crash.org\/tr\/","name":"","description":"","potentialAction":[{"@type":"SearchAction","target":{"@type":"EntryPoint","urlTemplate":"https:\/\/aviator-crash.org\/tr\/?s={search_term_string}"},"query-input":"required name=search_term_string"}],"inLanguage":"tr"}]}},"_links":{"self":[{"href":"https:\/\/aviator-crash.org\/tr\/wp-json\/wp\/v2\/pages\/3743"}],"collection":[{"href":"https:\/\/aviator-crash.org\/tr\/wp-json\/wp\/v2\/pages"}],"about":[{"href":"https:\/\/aviator-crash.org\/tr\/wp-json\/wp\/v2\/types\/page"}],"author":[{"embeddable":true,"href":"https:\/\/aviator-crash.org\/tr\/wp-json\/wp\/v2\/users\/2"}],"replies":[{"embeddable":true,"href":"https:\/\/aviator-crash.org\/tr\/wp-json\/wp\/v2\/comments?post=3743"}],"version-history":[{"count":1,"href":"https:\/\/aviator-crash.org\/tr\/wp-json\/wp\/v2\/pages\/3743\/revisions"}],"predecessor-version":[{"id":3745,"href":"https:\/\/aviator-crash.org\/tr\/wp-json\/wp\/v2\/pages\/3743\/revisions\/3745"}],"wp:attachment":[{"href":"https:\/\/aviator-crash.org\/tr\/wp-json\/wp\/v2\/media?parent=3743"}],"curies":[{"name":"wp","href":"https:\/\/api.w.org\/{rel}","templated":true}]}}